{"id":24946,"date":"2021-12-29T13:54:34","date_gmt":"2021-12-29T13:54:34","guid":{"rendered":"https:\/\/prochaska.eu\/product\/toro-super-recycler-masina-de-tuns-iarba-fara-fir-60v-set-21844\/"},"modified":"2021-12-29T13:54:34","modified_gmt":"2021-12-29T13:54:34","slug":"toro-super-recycler-masina-de-tuns-iarba-fara-fir-60v-set-21844","status":"publish","type":"product","link":"https:\/\/prochaska.eu\/ro\/produs\/toro-super-recycler-masina-de-tuns-iarba-fara-fir-60v-set-21844\/","title":{"rendered":"Toro &#8211; Super-Recycler &#8211; Ma\u0219in\u0103 de tuns iarba f\u0103r\u0103 fir &#8211; 60V &#8211; Set &#8211; 21844"},"content":{"rendered":"<p style=\"text-align: left;\">Noul sistem de alimentare Flex-Force de la <a href=\"https:\/\/www.prochaska.eu\/toro\/\">Toro<\/a> reprezint\u0103 performan\u021b\u0103 simpl\u0103! Acest lucru \u00eenseamn\u0103 c\u0103 se poate face mai mult\u0103 munc\u0103 \u00een mai pu\u021bin timp. Ma\u0219ina de tuns iarba f\u0103r\u0103 fir de 60V de la <a href=\"https:\/\/www.prochaska.eu\/toro\/\">Toro <\/a>este nou\u0103 pe pia\u021b\u0103. Dispozitivul este u\u0219or de pornit, u\u0219or de utilizat \u0219i nu necesit\u0103 \u00eentre\u021binere. Modelul 21844 are o l\u0103\u021bime de t\u0103iere de 43 cm \u0219i un motor DC f\u0103r\u0103 perii. Ma\u0219ina de tuns iarba este echipat\u0103 \u0219i cu sistemul Vario Drive System (VDS). Aceast\u0103 tehnologie face posibil\u0103 reglarea variabil\u0103 a vitezei ma\u0219inii de tuns iarba \u0219i, astfel, controlul acesteia pentru a ob\u021bine un rezultat individual al gazonului. Carcasa este fabricat\u0103 din polimer, ceea ce face ca ma\u0219ina de tuns iarba s\u0103 fie u\u0219oar\u0103. Datorit\u0103 func\u021biei Smartstow, aparatul poate fi pliat vertical \u0219i, prin urmare, nu ocup\u0103 mult spa\u021biu atunci c\u00e2nd este depozitat. Datorit\u0103 func\u021biei de reciclare Toro, iarba t\u0103iat\u0103 este reciclat\u0103 \u0219i men\u021bine paji\u0219tea.<\/p>\n<h2 style=\"text-align: left;\">Pachetul Toro<\/h2>\n<p style=\"text-align: left;\">Pachetul <a href=\"https:\/\/www.prochaska.eu\/toro\/\">Toro <\/a>include o ma\u0219in\u0103 de tuns iarba Toro Recycler de 43 cm, o baterie de 4Ah \u0219i un \u00eenc\u0103rc\u0103tor universal. Bateria Toro este potrivit\u0103 pentru gr\u0103dinile mici \u0219i mijlocii. \u00cenc\u0103rc\u0103torul Flex-Force de la Toro este de asemenea inclus \u00een set.<\/p>\n<h2 style=\"text-align: left;\">Beneficiile produsului<\/h2>\n<ul style=\"text-align: left;\">\n<li style=\"text-align: left;\">Sistem Vario Drive pentru reglarea vitezei<\/li>\n<li style=\"text-align: left;\">Tehnologia de reciclare Toro<\/li>\n<li style=\"text-align: left;\">\u00centre\u021binere u\u0219oar\u0103 (motor f\u0103r\u0103 perii)<\/li>\n<li>Tehnologia Smartstow economise\u0219te spa\u021biu<\/li>\n<li>L\u0103\u021bime de t\u0103iere 43cm<\/li>\n<li>\u00cen\u0103l\u021bime reglabil\u0103 \u00eentre 25-102 mm<\/li>\n<li>Trac\u021biune spate<\/li>\n<li>Volumul co\u0219ului de colectare de 60 de litri<\/li>\n<\/ul>\n<p>&nbsp;<\/p>\n","protected":false},"excerpt":{"rendered":"<p>Datorit\u0103 tehnologiei inovatoare Toro Recycling Technology, Super Recycler 60V produce particule fine de iarb\u0103 la tundere, f\u0103c\u00e2nd gazonul s\u0103n\u0103tos, frumos \u0219i dens. Dispozitivul este livrat ca un set cu o baterie de 60V 4Ah \u0219i un \u00eenc\u0103rc\u0103tor universal.<\/p>\n","protected":false},"featured_media":22926,"template":"","meta":[],"pwb-brand":[3073],"product_brand":[],"product_cat":[1105,1149,1151,1217,1093,3140,3139],"product_tag":[3120,1408],"class_list":{"0":"post-24946","1":"product","2":"type-product","3":"status-publish","4":"has-post-thumbnail","6":"pwb-brand-toro-ro","7":"product_cat-casa-si-gradina","8":"product_cat-cositoare-de-gazon","9":"product_cat-cositoare-de-gazon-fara-fir","10":"product_cat-cositoare-de-gazon-manuala","11":"product_cat-dispozitive-alimentate-cu-baterii","12":"product_cat-reduceri-pentru-marca-toro","13":"product_cat-seturi-de-oferte","14":"product_tag-60-v-ro","15":"product_tag-toro-ro","17":"first","18":"instock","19":"sale","20":"taxable","21":"shipping-taxable","22":"purchasable","23":"product-type-simple"},"yoast_head":"<!-- This site is optimized with the Yoast SEO plugin v27.4 - https:\/\/yoast.com\/product\/yoast-seo-wordpress\/ -->\n<title>Toro - Super-Recycler - Ma\u0219in\u0103 de tuns iarba f\u0103r\u0103 fir - 60V - Set - 21844 - Prochaska<\/title>\n<meta name=\"robots\" content=\"index, follow, max-snippet:-1, max-image-preview:large, max-video-preview:-1\" \/>\n<link rel=\"canonical\" href=\"https:\/\/prochaska.eu\/ro\/produs\/toro-super-recycler-masina-de-tuns-iarba-fara-fir-60v-set-21844\/\" \/>\n<meta property=\"og:locale\" content=\"ro_RO\" \/>\n<meta property=\"og:type\" content=\"article\" \/>\n<meta property=\"og:title\" content=\"Toro - Super-Recycler - Ma\u0219in\u0103 de tuns iarba f\u0103r\u0103 fir - 60V - Set - 21844 - Prochaska\" \/>\n<meta property=\"og:description\" content=\"Datorit\u0103 tehnologiei inovatoare Toro Recycling Technology, Super Recycler 60V produce particule fine de iarb\u0103 la tundere, f\u0103c\u00e2nd gazonul s\u0103n\u0103tos, frumos \u0219i dens. Dispozitivul este livrat ca un set cu o baterie de 60V 4Ah \u0219i un \u00eenc\u0103rc\u0103tor universal.\" \/>\n<meta property=\"og:url\" content=\"https:\/\/prochaska.eu\/ro\/produs\/toro-super-recycler-masina-de-tuns-iarba-fara-fir-60v-set-21844\/\" \/>\n<meta property=\"og:site_name\" content=\"Prochaska\" \/>\n<meta property=\"article:publisher\" content=\"https:\/\/www.facebook.com\/prochaska.eu\/\" \/>\n<meta property=\"og:image\" content=\"https:\/\/prochaska.eu\/wp-content\/uploads\/2024\/06\/rasenmaeher-toro-21844-prochaska-b1.jpg\" \/>\n\t<meta property=\"og:image:width\" content=\"1440\" \/>\n\t<meta property=\"og:image:height\" content=\"1440\" \/>\n\t<meta property=\"og:image:type\" content=\"image\/jpeg\" \/>\n<meta name=\"twitter:card\" content=\"summary_large_image\" \/>\n<meta name=\"twitter:label1\" content=\"Timp estimat pentru citire\" \/>\n\t<meta name=\"twitter:data1\" content=\"1 minut\" \/>\n<script type=\"application\/ld+json\" class=\"yoast-schema-graph\">{\"@context\":\"https:\\\/\\\/schema.org\",\"@graph\":[{\"@type\":\"WebPage\",\"@id\":\"https:\\\/\\\/prochaska.eu\\\/ro\\\/produs\\\/toro-super-recycler-masina-de-tuns-iarba-fara-fir-60v-set-21844\\\/\",\"url\":\"https:\\\/\\\/prochaska.eu\\\/ro\\\/produs\\\/toro-super-recycler-masina-de-tuns-iarba-fara-fir-60v-set-21844\\\/\",\"name\":\"Toro - Super-Recycler - Ma\u0219in\u0103 de tuns iarba f\u0103r\u0103 fir - 60V - Set - 21844 - Prochaska\",\"isPartOf\":{\"@id\":\"https:\\\/\\\/prochaska.eu\\\/ro\\\/#website\"},\"primaryImageOfPage\":{\"@id\":\"https:\\\/\\\/prochaska.eu\\\/ro\\\/produs\\\/toro-super-recycler-masina-de-tuns-iarba-fara-fir-60v-set-21844\\\/#primaryimage\"},\"image\":{\"@id\":\"https:\\\/\\\/prochaska.eu\\\/ro\\\/produs\\\/toro-super-recycler-masina-de-tuns-iarba-fara-fir-60v-set-21844\\\/#primaryimage\"},\"thumbnailUrl\":\"https:\\\/\\\/prochaska.eu\\\/wp-content\\\/uploads\\\/2024\\\/06\\\/rasenmaeher-toro-21844-prochaska-b1.jpg\",\"datePublished\":\"2021-12-29T13:54:34+00:00\",\"breadcrumb\":{\"@id\":\"https:\\\/\\\/prochaska.eu\\\/ro\\\/produs\\\/toro-super-recycler-masina-de-tuns-iarba-fara-fir-60v-set-21844\\\/#breadcrumb\"},\"inLanguage\":\"ro-RO\",\"potentialAction\":[{\"@type\":\"ReadAction\",\"target\":[\"https:\\\/\\\/prochaska.eu\\\/ro\\\/produs\\\/toro-super-recycler-masina-de-tuns-iarba-fara-fir-60v-set-21844\\\/\"]}]},{\"@type\":\"ImageObject\",\"inLanguage\":\"ro-RO\",\"@id\":\"https:\\\/\\\/prochaska.eu\\\/ro\\\/produs\\\/toro-super-recycler-masina-de-tuns-iarba-fara-fir-60v-set-21844\\\/#primaryimage\",\"url\":\"https:\\\/\\\/prochaska.eu\\\/wp-content\\\/uploads\\\/2024\\\/06\\\/rasenmaeher-toro-21844-prochaska-b1.jpg\",\"contentUrl\":\"https:\\\/\\\/prochaska.eu\\\/wp-content\\\/uploads\\\/2024\\\/06\\\/rasenmaeher-toro-21844-prochaska-b1.jpg\",\"width\":1440,\"height\":1440,\"caption\":\"ma\u0219in\u0103 de tuns iarba\"},{\"@type\":\"BreadcrumbList\",\"@id\":\"https:\\\/\\\/prochaska.eu\\\/ro\\\/produs\\\/toro-super-recycler-masina-de-tuns-iarba-fara-fir-60v-set-21844\\\/#breadcrumb\",\"itemListElement\":[{\"@type\":\"ListItem\",\"position\":1,\"name\":\"Home\",\"item\":\"https:\\\/\\\/prochaska.eu\\\/ro\\\/\"},{\"@type\":\"ListItem\",\"position\":2,\"name\":\"Shop\",\"item\":\"https:\\\/\\\/prochaska.eu\\\/ro\\\/shop\\\/\"},{\"@type\":\"ListItem\",\"position\":3,\"name\":\"Toro &#8211; Super-Recycler &#8211; Ma\u0219in\u0103 de tuns iarba f\u0103r\u0103 fir &#8211; 60V &#8211; Set &#8211; 21844\"}]},{\"@type\":\"WebSite\",\"@id\":\"https:\\\/\\\/prochaska.eu\\\/ro\\\/#website\",\"url\":\"https:\\\/\\\/prochaska.eu\\\/ro\\\/\",\"name\":\"Prochaska\",\"description\":\"Spezialist f\u00fcr Pflege von Gr\u00fcnfl\u00e4chen\",\"publisher\":{\"@id\":\"https:\\\/\\\/prochaska.eu\\\/ro\\\/#organization\"},\"potentialAction\":[{\"@type\":\"SearchAction\",\"target\":{\"@type\":\"EntryPoint\",\"urlTemplate\":\"https:\\\/\\\/prochaska.eu\\\/ro\\\/?s={search_term_string}\"},\"query-input\":{\"@type\":\"PropertyValueSpecification\",\"valueRequired\":true,\"valueName\":\"search_term_string\"}}],\"inLanguage\":\"ro-RO\"},{\"@type\":\"Organization\",\"@id\":\"https:\\\/\\\/prochaska.eu\\\/ro\\\/#organization\",\"name\":\"Prochaska\",\"url\":\"https:\\\/\\\/prochaska.eu\\\/ro\\\/\",\"logo\":{\"@type\":\"ImageObject\",\"inLanguage\":\"ro-RO\",\"@id\":\"https:\\\/\\\/prochaska.eu\\\/ro\\\/#\\\/schema\\\/logo\\\/image\\\/\",\"url\":\"https:\\\/\\\/prochaska.eu\\\/wp-content\\\/uploads\\\/2024\\\/04\\\/Prochaska_Logo_Black-1.png\",\"contentUrl\":\"https:\\\/\\\/prochaska.eu\\\/wp-content\\\/uploads\\\/2024\\\/04\\\/Prochaska_Logo_Black-1.png\",\"width\":796,\"height\":236,\"caption\":\"Prochaska\"},\"image\":{\"@id\":\"https:\\\/\\\/prochaska.eu\\\/ro\\\/#\\\/schema\\\/logo\\\/image\\\/\"},\"sameAs\":[\"https:\\\/\\\/www.facebook.com\\\/prochaska.eu\\\/\",\"https:\\\/\\\/www.instagram.com\\\/prochaska.eu\\\/\",\"https:\\\/\\\/www.linkedin.com\\\/company\\\/prochaska-handels-gmbh\"]}]}<\/script>\n<!-- \/ Yoast SEO plugin. -->","yoast_head_json":{"title":"Toro - Super-Recycler - Ma\u0219in\u0103 de tuns iarba f\u0103r\u0103 fir - 60V - Set - 21844 - Prochaska","robots":{"index":"index","follow":"follow","max-snippet":"max-snippet:-1","max-image-preview":"max-image-preview:large","max-video-preview":"max-video-preview:-1"},"canonical":"https:\/\/prochaska.eu\/ro\/produs\/toro-super-recycler-masina-de-tuns-iarba-fara-fir-60v-set-21844\/","og_locale":"ro_RO","og_type":"article","og_title":"Toro - Super-Recycler - Ma\u0219in\u0103 de tuns iarba f\u0103r\u0103 fir - 60V - Set - 21844 - Prochaska","og_description":"Datorit\u0103 tehnologiei inovatoare Toro Recycling Technology, Super Recycler 60V produce particule fine de iarb\u0103 la tundere, f\u0103c\u00e2nd gazonul s\u0103n\u0103tos, frumos \u0219i dens. Dispozitivul este livrat ca un set cu o baterie de 60V 4Ah \u0219i un \u00eenc\u0103rc\u0103tor universal.","og_url":"https:\/\/prochaska.eu\/ro\/produs\/toro-super-recycler-masina-de-tuns-iarba-fara-fir-60v-set-21844\/","og_site_name":"Prochaska","article_publisher":"https:\/\/www.facebook.com\/prochaska.eu\/","og_image":[{"width":1440,"height":1440,"url":"https:\/\/prochaska.eu\/wp-content\/uploads\/2024\/06\/rasenmaeher-toro-21844-prochaska-b1.jpg","type":"image\/jpeg"}],"twitter_card":"summary_large_image","twitter_misc":{"Timp estimat pentru citire":"1 minut"},"schema":{"@context":"https:\/\/schema.org","@graph":[{"@type":"WebPage","@id":"https:\/\/prochaska.eu\/ro\/produs\/toro-super-recycler-masina-de-tuns-iarba-fara-fir-60v-set-21844\/","url":"https:\/\/prochaska.eu\/ro\/produs\/toro-super-recycler-masina-de-tuns-iarba-fara-fir-60v-set-21844\/","name":"Toro - Super-Recycler - Ma\u0219in\u0103 de tuns iarba f\u0103r\u0103 fir - 60V - Set - 21844 - Prochaska","isPartOf":{"@id":"https:\/\/prochaska.eu\/ro\/#website"},"primaryImageOfPage":{"@id":"https:\/\/prochaska.eu\/ro\/produs\/toro-super-recycler-masina-de-tuns-iarba-fara-fir-60v-set-21844\/#primaryimage"},"image":{"@id":"https:\/\/prochaska.eu\/ro\/produs\/toro-super-recycler-masina-de-tuns-iarba-fara-fir-60v-set-21844\/#primaryimage"},"thumbnailUrl":"https:\/\/prochaska.eu\/wp-content\/uploads\/2024\/06\/rasenmaeher-toro-21844-prochaska-b1.jpg","datePublished":"2021-12-29T13:54:34+00:00","breadcrumb":{"@id":"https:\/\/prochaska.eu\/ro\/produs\/toro-super-recycler-masina-de-tuns-iarba-fara-fir-60v-set-21844\/#breadcrumb"},"inLanguage":"ro-RO","potentialAction":[{"@type":"ReadAction","target":["https:\/\/prochaska.eu\/ro\/produs\/toro-super-recycler-masina-de-tuns-iarba-fara-fir-60v-set-21844\/"]}]},{"@type":"ImageObject","inLanguage":"ro-RO","@id":"https:\/\/prochaska.eu\/ro\/produs\/toro-super-recycler-masina-de-tuns-iarba-fara-fir-60v-set-21844\/#primaryimage","url":"https:\/\/prochaska.eu\/wp-content\/uploads\/2024\/06\/rasenmaeher-toro-21844-prochaska-b1.jpg","contentUrl":"https:\/\/prochaska.eu\/wp-content\/uploads\/2024\/06\/rasenmaeher-toro-21844-prochaska-b1.jpg","width":1440,"height":1440,"caption":"ma\u0219in\u0103 de tuns iarba"},{"@type":"BreadcrumbList","@id":"https:\/\/prochaska.eu\/ro\/produs\/toro-super-recycler-masina-de-tuns-iarba-fara-fir-60v-set-21844\/#breadcrumb","itemListElement":[{"@type":"ListItem","position":1,"name":"Home","item":"https:\/\/prochaska.eu\/ro\/"},{"@type":"ListItem","position":2,"name":"Shop","item":"https:\/\/prochaska.eu\/ro\/shop\/"},{"@type":"ListItem","position":3,"name":"Toro &#8211; Super-Recycler &#8211; Ma\u0219in\u0103 de tuns iarba f\u0103r\u0103 fir &#8211; 60V &#8211; Set &#8211; 21844"}]},{"@type":"WebSite","@id":"https:\/\/prochaska.eu\/ro\/#website","url":"https:\/\/prochaska.eu\/ro\/","name":"Prochaska","description":"Spezialist f\u00fcr Pflege von Gr\u00fcnfl\u00e4chen","publisher":{"@id":"https:\/\/prochaska.eu\/ro\/#organization"},"potentialAction":[{"@type":"SearchAction","target":{"@type":"EntryPoint","urlTemplate":"https:\/\/prochaska.eu\/ro\/?s={search_term_string}"},"query-input":{"@type":"PropertyValueSpecification","valueRequired":true,"valueName":"search_term_string"}}],"inLanguage":"ro-RO"},{"@type":"Organization","@id":"https:\/\/prochaska.eu\/ro\/#organization","name":"Prochaska","url":"https:\/\/prochaska.eu\/ro\/","logo":{"@type":"ImageObject","inLanguage":"ro-RO","@id":"https:\/\/prochaska.eu\/ro\/#\/schema\/logo\/image\/","url":"https:\/\/prochaska.eu\/wp-content\/uploads\/2024\/04\/Prochaska_Logo_Black-1.png","contentUrl":"https:\/\/prochaska.eu\/wp-content\/uploads\/2024\/04\/Prochaska_Logo_Black-1.png","width":796,"height":236,"caption":"Prochaska"},"image":{"@id":"https:\/\/prochaska.eu\/ro\/#\/schema\/logo\/image\/"},"sameAs":["https:\/\/www.facebook.com\/prochaska.eu\/","https:\/\/www.instagram.com\/prochaska.eu\/","https:\/\/www.linkedin.com\/company\/prochaska-handels-gmbh"]}]}},"brands":[{"id":3073,"name":"Toro","slug":"toro-ro"}],"_links":{"self":[{"href":"https:\/\/prochaska.eu\/ro\/wp-json\/wp\/v2\/product\/24946","targetHints":{"allow":["GET"]}}],"collection":[{"href":"https:\/\/prochaska.eu\/ro\/wp-json\/wp\/v2\/product"}],"about":[{"href":"https:\/\/prochaska.eu\/ro\/wp-json\/wp\/v2\/types\/product"}],"version-history":[{"count":0,"href":"https:\/\/prochaska.eu\/ro\/wp-json\/wp\/v2\/product\/24946\/revisions"}],"wp:featuredmedia":[{"embeddable":true,"href":"https:\/\/prochaska.eu\/ro\/wp-json\/wp\/v2\/media\/22926"}],"wp:attachment":[{"href":"https:\/\/prochaska.eu\/ro\/wp-json\/wp\/v2\/media?parent=24946"}],"wp:term":[{"taxonomy":"pwb-brand","embeddable":true,"href":"https:\/\/prochaska.eu\/ro\/wp-json\/wp\/v2\/pwb-brand?post=24946"},{"taxonomy":"product_brand","embeddable":true,"href":"https:\/\/prochaska.eu\/ro\/wp-json\/wp\/v2\/product_brand?post=24946"},{"taxonomy":"product_cat","embeddable":true,"href":"https:\/\/prochaska.eu\/ro\/wp-json\/wp\/v2\/product_cat?post=24946"},{"taxonomy":"product_tag","embeddable":true,"href":"https:\/\/prochaska.eu\/ro\/wp-json\/wp\/v2\/product_tag?post=24946"}],"curies":[{"name":"wp","href":"https:\/\/api.w.org\/{rel}","templated":true}]}}