{"id":24956,"date":"2021-12-29T11:08:08","date_gmt":"2021-12-29T11:08:08","guid":{"rendered":"https:\/\/prochaska.eu\/product\/toro-royal-e-tractor-es3000\/"},"modified":"2021-12-29T11:08:08","modified_gmt":"2021-12-29T11:08:08","slug":"toro-royal-e-tractor-es3000","status":"publish","type":"product","link":"https:\/\/prochaska.eu\/ro\/produs\/toro-royal-e-tractor-es3000\/","title":{"rendered":"Toro &#8211; Royal-E-Tractor &#8211; ES3000"},"content":{"rendered":"<p>Toro Royal E-Tractor ES3000 este o motocositoare complet electric\u0103 \u0219i de ultim\u0103 genera\u021bie. Acesta este echipat cu o baterie de 72 V \u0219i ofer\u0103 confort deplin \u0219i putere maxim\u0103 \u00een acela\u0219i timp. Printre caracteristicile suplimentare care sporesc \u0219i mai mult confortul se num\u0103r\u0103 sp\u0103tarul \u00eenalt, suportul pentru pahare, farurile frontale cu LED \u0219i un port USB. Este posibil s\u0103 tunde\u021bi peluze foarte mari f\u0103r\u0103 \u00eentrerupere cu o singur\u0103 \u00eenc\u0103rcare. Datorit\u0103 func\u021bion\u0103rii sale pe baterii, ma\u0219ina de tuns iarba este silen\u021bioas\u0103 \u0219i durabil\u0103.<\/p>\n<h2>Avantajele produsului<\/h2>\n<ul>\n<li>Baterie de 72 V incl. 24Ah<\/li>\n<li>Rezultat maxim cu efort minim<\/li>\n<li>Cosirea suprafe\u021belor mari<\/li>\n<li>Trece\u021bi de la func\u021bia de mulcire la cea de cosire prin simpla ap\u0103sare a unui buton<\/li>\n<li>Ac\u021bionare \u00eenainte \u0219i \u00eenapoi<\/li>\n<li>Vitez\u0103 de p\u00e2n\u0103 la 10 km\/h \u00een treapta de mers \u00eenainte<\/li>\n<\/ul>\n","protected":false},"excerpt":{"rendered":"<p>Tractorul electric Royal ES3000 <a href=\"https:\/\/www.prochaska.eu\/toro\/\">Toro<\/a> face din cositul gazonului o experien\u021b\u0103 pl\u0103cut\u0103. Tunde\u021bi suprafe\u021be de p\u00e2n\u0103 la 8.000 m\u00b2 \u00eentr-un mod relaxat \u0219i la putere maxim\u0103. Datorit\u0103 echipamentelor sale de ultim\u0103 genera\u021bie, tractorul electric este foarte confortabil.<\/p>\n","protected":false},"featured_media":22908,"template":"","meta":[],"pwb-brand":[3073],"product_brand":[],"product_cat":[3138,1522,1523,1149,1388,1521],"product_tag":[1408],"class_list":{"0":"post-24956","1":"product","2":"type-product","3":"status-publish","4":"has-post-thumbnail","6":"pwb-brand-toro-ro","7":"product_cat-baterie-motocositoare","8":"product_cat-cositoare","9":"product_cat-cositoare-ro","10":"product_cat-cositoare-de-gazon","11":"product_cat-masini-de-golf","12":"product_cat-municipal-terenuri-de-sport-si-agricultura","13":"product_tag-toro-ro","15":"first","16":"instock","17":"sale","18":"taxable","19":"shipping-taxable","20":"purchasable","21":"product-type-simple"},"yoast_head":"<!-- This site is optimized with the Yoast SEO plugin v27.4 - https:\/\/yoast.com\/product\/yoast-seo-wordpress\/ -->\n<title>Toro - Royal-E-Tractor - ES3000 - Prochaska<\/title>\n<meta name=\"robots\" content=\"index, follow, max-snippet:-1, max-image-preview:large, max-video-preview:-1\" \/>\n<link rel=\"canonical\" href=\"https:\/\/prochaska.eu\/ro\/produs\/toro-royal-e-tractor-es3000\/\" \/>\n<meta property=\"og:locale\" content=\"ro_RO\" \/>\n<meta property=\"og:type\" content=\"article\" \/>\n<meta property=\"og:title\" content=\"Toro - Royal-E-Tractor - ES3000 - Prochaska\" \/>\n<meta property=\"og:description\" content=\"Tractorul electric Royal ES3000 Toro face din cositul gazonului o experien\u021b\u0103 pl\u0103cut\u0103. Tunde\u021bi suprafe\u021be de p\u00e2n\u0103 la 8.000 m\u00b2 \u00eentr-un mod relaxat \u0219i la putere maxim\u0103. Datorit\u0103 echipamentelor sale de ultim\u0103 genera\u021bie, tractorul electric este foarte confortabil.\" \/>\n<meta property=\"og:url\" content=\"https:\/\/prochaska.eu\/ro\/produs\/toro-royal-e-tractor-es3000\/\" \/>\n<meta property=\"og:site_name\" content=\"Prochaska\" \/>\n<meta property=\"article:publisher\" content=\"https:\/\/www.facebook.com\/prochaska.eu\/\" \/>\n<meta property=\"og:image\" content=\"https:\/\/prochaska.eu\/wp-content\/uploads\/2024\/06\/rasenmaeher-toro-es3000-prochaska.jpg\" \/>\n\t<meta property=\"og:image:width\" content=\"1440\" \/>\n\t<meta property=\"og:image:height\" content=\"1440\" \/>\n\t<meta property=\"og:image:type\" content=\"image\/jpeg\" \/>\n<meta name=\"twitter:card\" content=\"summary_large_image\" \/>\n<meta name=\"twitter:label1\" content=\"Timp estimat pentru citire\" \/>\n\t<meta name=\"twitter:data1\" content=\"1 minut\" \/>\n<script type=\"application\/ld+json\" class=\"yoast-schema-graph\">{\"@context\":\"https:\\\/\\\/schema.org\",\"@graph\":[{\"@type\":\"WebPage\",\"@id\":\"https:\\\/\\\/prochaska.eu\\\/ro\\\/produs\\\/toro-royal-e-tractor-es3000\\\/\",\"url\":\"https:\\\/\\\/prochaska.eu\\\/ro\\\/produs\\\/toro-royal-e-tractor-es3000\\\/\",\"name\":\"Toro - Royal-E-Tractor - ES3000 - Prochaska\",\"isPartOf\":{\"@id\":\"https:\\\/\\\/prochaska.eu\\\/ro\\\/#website\"},\"primaryImageOfPage\":{\"@id\":\"https:\\\/\\\/prochaska.eu\\\/ro\\\/produs\\\/toro-royal-e-tractor-es3000\\\/#primaryimage\"},\"image\":{\"@id\":\"https:\\\/\\\/prochaska.eu\\\/ro\\\/produs\\\/toro-royal-e-tractor-es3000\\\/#primaryimage\"},\"thumbnailUrl\":\"https:\\\/\\\/prochaska.eu\\\/wp-content\\\/uploads\\\/2024\\\/06\\\/rasenmaeher-toro-es3000-prochaska.jpg\",\"datePublished\":\"2021-12-29T11:08:08+00:00\",\"breadcrumb\":{\"@id\":\"https:\\\/\\\/prochaska.eu\\\/ro\\\/produs\\\/toro-royal-e-tractor-es3000\\\/#breadcrumb\"},\"inLanguage\":\"ro-RO\",\"potentialAction\":[{\"@type\":\"ReadAction\",\"target\":[\"https:\\\/\\\/prochaska.eu\\\/ro\\\/produs\\\/toro-royal-e-tractor-es3000\\\/\"]}]},{\"@type\":\"ImageObject\",\"inLanguage\":\"ro-RO\",\"@id\":\"https:\\\/\\\/prochaska.eu\\\/ro\\\/produs\\\/toro-royal-e-tractor-es3000\\\/#primaryimage\",\"url\":\"https:\\\/\\\/prochaska.eu\\\/wp-content\\\/uploads\\\/2024\\\/06\\\/rasenmaeher-toro-es3000-prochaska.jpg\",\"contentUrl\":\"https:\\\/\\\/prochaska.eu\\\/wp-content\\\/uploads\\\/2024\\\/06\\\/rasenmaeher-toro-es3000-prochaska.jpg\",\"width\":1440,\"height\":1440,\"caption\":\"etractor\"},{\"@type\":\"BreadcrumbList\",\"@id\":\"https:\\\/\\\/prochaska.eu\\\/ro\\\/produs\\\/toro-royal-e-tractor-es3000\\\/#breadcrumb\",\"itemListElement\":[{\"@type\":\"ListItem\",\"position\":1,\"name\":\"Home\",\"item\":\"https:\\\/\\\/prochaska.eu\\\/ro\\\/\"},{\"@type\":\"ListItem\",\"position\":2,\"name\":\"Shop\",\"item\":\"https:\\\/\\\/prochaska.eu\\\/ro\\\/shop\\\/\"},{\"@type\":\"ListItem\",\"position\":3,\"name\":\"Toro &#8211; Royal-E-Tractor &#8211; ES3000\"}]},{\"@type\":\"WebSite\",\"@id\":\"https:\\\/\\\/prochaska.eu\\\/ro\\\/#website\",\"url\":\"https:\\\/\\\/prochaska.eu\\\/ro\\\/\",\"name\":\"Prochaska\",\"description\":\"Spezialist f\u00fcr Pflege von Gr\u00fcnfl\u00e4chen\",\"publisher\":{\"@id\":\"https:\\\/\\\/prochaska.eu\\\/ro\\\/#organization\"},\"potentialAction\":[{\"@type\":\"SearchAction\",\"target\":{\"@type\":\"EntryPoint\",\"urlTemplate\":\"https:\\\/\\\/prochaska.eu\\\/ro\\\/?s={search_term_string}\"},\"query-input\":{\"@type\":\"PropertyValueSpecification\",\"valueRequired\":true,\"valueName\":\"search_term_string\"}}],\"inLanguage\":\"ro-RO\"},{\"@type\":\"Organization\",\"@id\":\"https:\\\/\\\/prochaska.eu\\\/ro\\\/#organization\",\"name\":\"Prochaska\",\"url\":\"https:\\\/\\\/prochaska.eu\\\/ro\\\/\",\"logo\":{\"@type\":\"ImageObject\",\"inLanguage\":\"ro-RO\",\"@id\":\"https:\\\/\\\/prochaska.eu\\\/ro\\\/#\\\/schema\\\/logo\\\/image\\\/\",\"url\":\"https:\\\/\\\/prochaska.eu\\\/wp-content\\\/uploads\\\/2024\\\/04\\\/Prochaska_Logo_Black-1.png\",\"contentUrl\":\"https:\\\/\\\/prochaska.eu\\\/wp-content\\\/uploads\\\/2024\\\/04\\\/Prochaska_Logo_Black-1.png\",\"width\":796,\"height\":236,\"caption\":\"Prochaska\"},\"image\":{\"@id\":\"https:\\\/\\\/prochaska.eu\\\/ro\\\/#\\\/schema\\\/logo\\\/image\\\/\"},\"sameAs\":[\"https:\\\/\\\/www.facebook.com\\\/prochaska.eu\\\/\",\"https:\\\/\\\/www.instagram.com\\\/prochaska.eu\\\/\",\"https:\\\/\\\/www.linkedin.com\\\/company\\\/prochaska-handels-gmbh\"]}]}<\/script>\n<!-- \/ Yoast SEO plugin. -->","yoast_head_json":{"title":"Toro - Royal-E-Tractor - ES3000 - Prochaska","robots":{"index":"index","follow":"follow","max-snippet":"max-snippet:-1","max-image-preview":"max-image-preview:large","max-video-preview":"max-video-preview:-1"},"canonical":"https:\/\/prochaska.eu\/ro\/produs\/toro-royal-e-tractor-es3000\/","og_locale":"ro_RO","og_type":"article","og_title":"Toro - Royal-E-Tractor - ES3000 - Prochaska","og_description":"Tractorul electric Royal ES3000 Toro face din cositul gazonului o experien\u021b\u0103 pl\u0103cut\u0103. Tunde\u021bi suprafe\u021be de p\u00e2n\u0103 la 8.000 m\u00b2 \u00eentr-un mod relaxat \u0219i la putere maxim\u0103. Datorit\u0103 echipamentelor sale de ultim\u0103 genera\u021bie, tractorul electric este foarte confortabil.","og_url":"https:\/\/prochaska.eu\/ro\/produs\/toro-royal-e-tractor-es3000\/","og_site_name":"Prochaska","article_publisher":"https:\/\/www.facebook.com\/prochaska.eu\/","og_image":[{"width":1440,"height":1440,"url":"https:\/\/prochaska.eu\/wp-content\/uploads\/2024\/06\/rasenmaeher-toro-es3000-prochaska.jpg","type":"image\/jpeg"}],"twitter_card":"summary_large_image","twitter_misc":{"Timp estimat pentru citire":"1 minut"},"schema":{"@context":"https:\/\/schema.org","@graph":[{"@type":"WebPage","@id":"https:\/\/prochaska.eu\/ro\/produs\/toro-royal-e-tractor-es3000\/","url":"https:\/\/prochaska.eu\/ro\/produs\/toro-royal-e-tractor-es3000\/","name":"Toro - Royal-E-Tractor - ES3000 - Prochaska","isPartOf":{"@id":"https:\/\/prochaska.eu\/ro\/#website"},"primaryImageOfPage":{"@id":"https:\/\/prochaska.eu\/ro\/produs\/toro-royal-e-tractor-es3000\/#primaryimage"},"image":{"@id":"https:\/\/prochaska.eu\/ro\/produs\/toro-royal-e-tractor-es3000\/#primaryimage"},"thumbnailUrl":"https:\/\/prochaska.eu\/wp-content\/uploads\/2024\/06\/rasenmaeher-toro-es3000-prochaska.jpg","datePublished":"2021-12-29T11:08:08+00:00","breadcrumb":{"@id":"https:\/\/prochaska.eu\/ro\/produs\/toro-royal-e-tractor-es3000\/#breadcrumb"},"inLanguage":"ro-RO","potentialAction":[{"@type":"ReadAction","target":["https:\/\/prochaska.eu\/ro\/produs\/toro-royal-e-tractor-es3000\/"]}]},{"@type":"ImageObject","inLanguage":"ro-RO","@id":"https:\/\/prochaska.eu\/ro\/produs\/toro-royal-e-tractor-es3000\/#primaryimage","url":"https:\/\/prochaska.eu\/wp-content\/uploads\/2024\/06\/rasenmaeher-toro-es3000-prochaska.jpg","contentUrl":"https:\/\/prochaska.eu\/wp-content\/uploads\/2024\/06\/rasenmaeher-toro-es3000-prochaska.jpg","width":1440,"height":1440,"caption":"etractor"},{"@type":"BreadcrumbList","@id":"https:\/\/prochaska.eu\/ro\/produs\/toro-royal-e-tractor-es3000\/#breadcrumb","itemListElement":[{"@type":"ListItem","position":1,"name":"Home","item":"https:\/\/prochaska.eu\/ro\/"},{"@type":"ListItem","position":2,"name":"Shop","item":"https:\/\/prochaska.eu\/ro\/shop\/"},{"@type":"ListItem","position":3,"name":"Toro &#8211; Royal-E-Tractor &#8211; ES3000"}]},{"@type":"WebSite","@id":"https:\/\/prochaska.eu\/ro\/#website","url":"https:\/\/prochaska.eu\/ro\/","name":"Prochaska","description":"Spezialist f\u00fcr Pflege von Gr\u00fcnfl\u00e4chen","publisher":{"@id":"https:\/\/prochaska.eu\/ro\/#organization"},"potentialAction":[{"@type":"SearchAction","target":{"@type":"EntryPoint","urlTemplate":"https:\/\/prochaska.eu\/ro\/?s={search_term_string}"},"query-input":{"@type":"PropertyValueSpecification","valueRequired":true,"valueName":"search_term_string"}}],"inLanguage":"ro-RO"},{"@type":"Organization","@id":"https:\/\/prochaska.eu\/ro\/#organization","name":"Prochaska","url":"https:\/\/prochaska.eu\/ro\/","logo":{"@type":"ImageObject","inLanguage":"ro-RO","@id":"https:\/\/prochaska.eu\/ro\/#\/schema\/logo\/image\/","url":"https:\/\/prochaska.eu\/wp-content\/uploads\/2024\/04\/Prochaska_Logo_Black-1.png","contentUrl":"https:\/\/prochaska.eu\/wp-content\/uploads\/2024\/04\/Prochaska_Logo_Black-1.png","width":796,"height":236,"caption":"Prochaska"},"image":{"@id":"https:\/\/prochaska.eu\/ro\/#\/schema\/logo\/image\/"},"sameAs":["https:\/\/www.facebook.com\/prochaska.eu\/","https:\/\/www.instagram.com\/prochaska.eu\/","https:\/\/www.linkedin.com\/company\/prochaska-handels-gmbh"]}]}},"brands":[{"id":3073,"name":"Toro","slug":"toro-ro"}],"_links":{"self":[{"href":"https:\/\/prochaska.eu\/ro\/wp-json\/wp\/v2\/product\/24956","targetHints":{"allow":["GET"]}}],"collection":[{"href":"https:\/\/prochaska.eu\/ro\/wp-json\/wp\/v2\/product"}],"about":[{"href":"https:\/\/prochaska.eu\/ro\/wp-json\/wp\/v2\/types\/product"}],"version-history":[{"count":0,"href":"https:\/\/prochaska.eu\/ro\/wp-json\/wp\/v2\/product\/24956\/revisions"}],"wp:featuredmedia":[{"embeddable":true,"href":"https:\/\/prochaska.eu\/ro\/wp-json\/wp\/v2\/media\/22908"}],"wp:attachment":[{"href":"https:\/\/prochaska.eu\/ro\/wp-json\/wp\/v2\/media?parent=24956"}],"wp:term":[{"taxonomy":"pwb-brand","embeddable":true,"href":"https:\/\/prochaska.eu\/ro\/wp-json\/wp\/v2\/pwb-brand?post=24956"},{"taxonomy":"product_brand","embeddable":true,"href":"https:\/\/prochaska.eu\/ro\/wp-json\/wp\/v2\/product_brand?post=24956"},{"taxonomy":"product_cat","embeddable":true,"href":"https:\/\/prochaska.eu\/ro\/wp-json\/wp\/v2\/product_cat?post=24956"},{"taxonomy":"product_tag","embeddable":true,"href":"https:\/\/prochaska.eu\/ro\/wp-json\/wp\/v2\/product_tag?post=24956"}],"curies":[{"name":"wp","href":"https:\/\/api.w.org\/{rel}","templated":true}]}}