{"id":24958,"date":"2022-01-04T09:09:40","date_gmt":"2022-01-04T09:09:40","guid":{"rendered":"https:\/\/prochaska.eu\/product\/toro-cositoare-de-gazon-superrecycler-21693\/"},"modified":"2022-01-04T09:09:40","modified_gmt":"2022-01-04T09:09:40","slug":"toro-cositoare-de-gazon-superrecycler-21693","status":"publish","type":"product","link":"https:\/\/prochaska.eu\/ro\/produs\/toro-cositoare-de-gazon-superrecycler-21693\/","title":{"rendered":"Toro &#8211; Cositoare de gazon &#8211; SuperRecycler &#8211; 21693"},"content":{"rendered":"<p style=\"text-align: left;\">Cu o l\u0103\u021bime de t\u0103iere de 53 cm, <a href=\"https:\/\/www.prochaska.eu\/toro\/\">Toro<\/a> Super Recycler 21693 este cea mai puternic\u0103 motocositoare din aluminiu de la Toro. Datorit\u0103 cadrului din aluminiu, ma\u0219ina de tuns iarba nu rugine\u0219te \u0219i este deosebit de u\u0219oar\u0103. Acest lucru face ca aparatul s\u0103 fie foarte convenabil de utilizat \u0219i asigur\u0103 mul\u021bi ani de \u00eentre\u021binere pl\u0103cut\u0103 a gr\u0103dinii. Ma\u0219ina de tuns iarba este echipat\u0103 cu Supreme Automatic Drive System (SADS), care permite dispozitivului s\u0103 se adapteze la viteza dvs. \u0219i, prin urmare, s\u0103 lucreze \u0219i mai precis. Cu tehnologia de reciclare Toro, ma\u0219ina de tuns iarba furnizeaz\u0103 gazonului cosit suficiente substan\u021be nutritive pentru a men\u021bine gazonul. Ma\u0219ina de tuns iarba are, de asemenea, o ramp\u0103 de evacuare mare. Acest lucru \u00eenseamn\u0103 c\u0103 colectorul de iarb\u0103 de 63 de litri poate fi umplut cu u\u0219urin\u021b\u0103 chiar \u0219i cu iarb\u0103 \u00eenalt\u0103 \u0219i umed\u0103. De asemenea, colectorul de iarb\u0103 poate fi golit foarte u\u0219or prin rabatarea barei de ghidare \u00een fa\u021b\u0103.<\/p>\n<h2 style=\"text-align: left;\">Avantajele produsului<\/h2>\n<ul>\n<li>Performan\u021b\u0103 de neegalat datorit\u0103 platformei de cosit XL de 76 cm<\/li>\n<li style=\"text-align: left;\">Supreme Automatic Drive System SADS ajusteaz\u0103 viteza \u00een func\u021bie de ritmul dumneavoastr\u0103 de mers<\/li>\n<li style=\"text-align: left;\">\u0219ina de ghidare cu \u00een\u0103l\u021bime reglabil\u0103 poate fi adaptat\u0103 individual la utilizator<\/li>\n<li style=\"text-align: left;\">Economie de spa\u021biu datorit\u0103 func\u021biei Smartstow<\/li>\n<li style=\"text-align: left;\">U\u0219or, confortabil \u0219i f\u0103r\u0103 rugin\u0103 datorit\u0103 carcasei din aluminiu<\/li>\n<li style=\"text-align: left;\">Schimbare simpl\u0103 \u00eentre prindere \u0219i mulcire folosind o mi\u0219care a p\u00e2rghiei<\/li>\n<li>Tehnologia de reciclare Toro asigur\u0103 reciclarea \u0219i \u00eengrijirea gazonului<\/li>\n<li>QuickLink golire rapid\u0103<\/li>\n<li>Func\u021bie 2 \u00een 1 (colectare, mulcire \u0219i evacuare lateral\u0103 op\u021bional\u0103)<\/li>\n<\/ul>\n","protected":false},"excerpt":{"rendered":"<p>Ma\u0219ina de tuns iarba Toro 21693 este puternic\u0103, compact\u0103 \u0219i u\u0219oar\u0103 \u00een acela\u0219i timp. Tehnologia Toro Recycling ofer\u0103 \u00eengrijire suplimentar\u0103 pentru gazonul ideal tuns.<\/p>\n","protected":false},"featured_media":22938,"template":"","meta":[],"pwb-brand":[3073],"product_brand":[],"product_cat":[1149,1217],"product_tag":[1408],"class_list":{"0":"post-24958","1":"product","2":"type-product","3":"status-publish","4":"has-post-thumbnail","6":"pwb-brand-toro-ro","7":"product_cat-cositoare-de-gazon","8":"product_cat-cositoare-de-gazon-manuala","9":"product_tag-toro-ro","11":"first","12":"instock","13":"taxable","14":"shipping-taxable","15":"purchasable","16":"product-type-simple"},"yoast_head":"<!-- This site is optimized with the Yoast SEO plugin v27.4 - https:\/\/yoast.com\/product\/yoast-seo-wordpress\/ -->\n<title>Toro - Cositoare de gazon - SuperRecycler - 21693 - Prochaska<\/title>\n<meta name=\"robots\" content=\"index, follow, max-snippet:-1, max-image-preview:large, max-video-preview:-1\" \/>\n<link rel=\"canonical\" href=\"https:\/\/prochaska.eu\/ro\/produs\/toro-cositoare-de-gazon-superrecycler-21693\/\" \/>\n<meta property=\"og:locale\" content=\"ro_RO\" \/>\n<meta property=\"og:type\" content=\"article\" \/>\n<meta property=\"og:title\" content=\"Toro - Cositoare de gazon - SuperRecycler - 21693 - Prochaska\" \/>\n<meta property=\"og:description\" content=\"Ma\u0219ina de tuns iarba Toro 21693 este puternic\u0103, compact\u0103 \u0219i u\u0219oar\u0103 \u00een acela\u0219i timp. Tehnologia Toro Recycling ofer\u0103 \u00eengrijire suplimentar\u0103 pentru gazonul ideal tuns.\" \/>\n<meta property=\"og:url\" content=\"https:\/\/prochaska.eu\/ro\/produs\/toro-cositoare-de-gazon-superrecycler-21693\/\" \/>\n<meta property=\"og:site_name\" content=\"Prochaska\" \/>\n<meta property=\"article:publisher\" content=\"https:\/\/www.facebook.com\/prochaska.eu\/\" \/>\n<meta property=\"og:image\" content=\"https:\/\/prochaska.eu\/wp-content\/uploads\/2024\/06\/rasenmaeher-toro-21693-prochaska.jpg\" \/>\n\t<meta property=\"og:image:width\" content=\"1440\" \/>\n\t<meta property=\"og:image:height\" content=\"1440\" \/>\n\t<meta property=\"og:image:type\" content=\"image\/jpeg\" \/>\n<meta name=\"twitter:card\" content=\"summary_large_image\" \/>\n<meta name=\"twitter:label1\" content=\"Timp estimat pentru citire\" \/>\n\t<meta name=\"twitter:data1\" content=\"1 minut\" \/>\n<script type=\"application\/ld+json\" class=\"yoast-schema-graph\">{\"@context\":\"https:\\\/\\\/schema.org\",\"@graph\":[{\"@type\":\"WebPage\",\"@id\":\"https:\\\/\\\/prochaska.eu\\\/ro\\\/produs\\\/toro-cositoare-de-gazon-superrecycler-21693\\\/\",\"url\":\"https:\\\/\\\/prochaska.eu\\\/ro\\\/produs\\\/toro-cositoare-de-gazon-superrecycler-21693\\\/\",\"name\":\"Toro - Cositoare de gazon - SuperRecycler - 21693 - Prochaska\",\"isPartOf\":{\"@id\":\"https:\\\/\\\/prochaska.eu\\\/ro\\\/#website\"},\"primaryImageOfPage\":{\"@id\":\"https:\\\/\\\/prochaska.eu\\\/ro\\\/produs\\\/toro-cositoare-de-gazon-superrecycler-21693\\\/#primaryimage\"},\"image\":{\"@id\":\"https:\\\/\\\/prochaska.eu\\\/ro\\\/produs\\\/toro-cositoare-de-gazon-superrecycler-21693\\\/#primaryimage\"},\"thumbnailUrl\":\"https:\\\/\\\/prochaska.eu\\\/wp-content\\\/uploads\\\/2024\\\/06\\\/rasenmaeher-toro-21693-prochaska.jpg\",\"datePublished\":\"2022-01-04T09:09:40+00:00\",\"breadcrumb\":{\"@id\":\"https:\\\/\\\/prochaska.eu\\\/ro\\\/produs\\\/toro-cositoare-de-gazon-superrecycler-21693\\\/#breadcrumb\"},\"inLanguage\":\"ro-RO\",\"potentialAction\":[{\"@type\":\"ReadAction\",\"target\":[\"https:\\\/\\\/prochaska.eu\\\/ro\\\/produs\\\/toro-cositoare-de-gazon-superrecycler-21693\\\/\"]}]},{\"@type\":\"ImageObject\",\"inLanguage\":\"ro-RO\",\"@id\":\"https:\\\/\\\/prochaska.eu\\\/ro\\\/produs\\\/toro-cositoare-de-gazon-superrecycler-21693\\\/#primaryimage\",\"url\":\"https:\\\/\\\/prochaska.eu\\\/wp-content\\\/uploads\\\/2024\\\/06\\\/rasenmaeher-toro-21693-prochaska.jpg\",\"contentUrl\":\"https:\\\/\\\/prochaska.eu\\\/wp-content\\\/uploads\\\/2024\\\/06\\\/rasenmaeher-toro-21693-prochaska.jpg\",\"width\":1440,\"height\":1440,\"caption\":\"ma\u0219in\u0103 de tuns iarba\"},{\"@type\":\"BreadcrumbList\",\"@id\":\"https:\\\/\\\/prochaska.eu\\\/ro\\\/produs\\\/toro-cositoare-de-gazon-superrecycler-21693\\\/#breadcrumb\",\"itemListElement\":[{\"@type\":\"ListItem\",\"position\":1,\"name\":\"Home\",\"item\":\"https:\\\/\\\/prochaska.eu\\\/ro\\\/\"},{\"@type\":\"ListItem\",\"position\":2,\"name\":\"Shop\",\"item\":\"https:\\\/\\\/prochaska.eu\\\/ro\\\/shop\\\/\"},{\"@type\":\"ListItem\",\"position\":3,\"name\":\"Toro &#8211; Cositoare de gazon &#8211; SuperRecycler &#8211; 21693\"}]},{\"@type\":\"WebSite\",\"@id\":\"https:\\\/\\\/prochaska.eu\\\/ro\\\/#website\",\"url\":\"https:\\\/\\\/prochaska.eu\\\/ro\\\/\",\"name\":\"Prochaska\",\"description\":\"Spezialist f\u00fcr Pflege von Gr\u00fcnfl\u00e4chen\",\"publisher\":{\"@id\":\"https:\\\/\\\/prochaska.eu\\\/ro\\\/#organization\"},\"potentialAction\":[{\"@type\":\"SearchAction\",\"target\":{\"@type\":\"EntryPoint\",\"urlTemplate\":\"https:\\\/\\\/prochaska.eu\\\/ro\\\/?s={search_term_string}\"},\"query-input\":{\"@type\":\"PropertyValueSpecification\",\"valueRequired\":true,\"valueName\":\"search_term_string\"}}],\"inLanguage\":\"ro-RO\"},{\"@type\":\"Organization\",\"@id\":\"https:\\\/\\\/prochaska.eu\\\/ro\\\/#organization\",\"name\":\"Prochaska\",\"url\":\"https:\\\/\\\/prochaska.eu\\\/ro\\\/\",\"logo\":{\"@type\":\"ImageObject\",\"inLanguage\":\"ro-RO\",\"@id\":\"https:\\\/\\\/prochaska.eu\\\/ro\\\/#\\\/schema\\\/logo\\\/image\\\/\",\"url\":\"https:\\\/\\\/prochaska.eu\\\/wp-content\\\/uploads\\\/2024\\\/04\\\/Prochaska_Logo_Black-1.png\",\"contentUrl\":\"https:\\\/\\\/prochaska.eu\\\/wp-content\\\/uploads\\\/2024\\\/04\\\/Prochaska_Logo_Black-1.png\",\"width\":796,\"height\":236,\"caption\":\"Prochaska\"},\"image\":{\"@id\":\"https:\\\/\\\/prochaska.eu\\\/ro\\\/#\\\/schema\\\/logo\\\/image\\\/\"},\"sameAs\":[\"https:\\\/\\\/www.facebook.com\\\/prochaska.eu\\\/\",\"https:\\\/\\\/www.instagram.com\\\/prochaska.eu\\\/\",\"https:\\\/\\\/www.linkedin.com\\\/company\\\/prochaska-handels-gmbh\"]}]}<\/script>\n<!-- \/ Yoast SEO plugin. -->","yoast_head_json":{"title":"Toro - Cositoare de gazon - SuperRecycler - 21693 - Prochaska","robots":{"index":"index","follow":"follow","max-snippet":"max-snippet:-1","max-image-preview":"max-image-preview:large","max-video-preview":"max-video-preview:-1"},"canonical":"https:\/\/prochaska.eu\/ro\/produs\/toro-cositoare-de-gazon-superrecycler-21693\/","og_locale":"ro_RO","og_type":"article","og_title":"Toro - Cositoare de gazon - SuperRecycler - 21693 - Prochaska","og_description":"Ma\u0219ina de tuns iarba Toro 21693 este puternic\u0103, compact\u0103 \u0219i u\u0219oar\u0103 \u00een acela\u0219i timp. Tehnologia Toro Recycling ofer\u0103 \u00eengrijire suplimentar\u0103 pentru gazonul ideal tuns.","og_url":"https:\/\/prochaska.eu\/ro\/produs\/toro-cositoare-de-gazon-superrecycler-21693\/","og_site_name":"Prochaska","article_publisher":"https:\/\/www.facebook.com\/prochaska.eu\/","og_image":[{"width":1440,"height":1440,"url":"https:\/\/prochaska.eu\/wp-content\/uploads\/2024\/06\/rasenmaeher-toro-21693-prochaska.jpg","type":"image\/jpeg"}],"twitter_card":"summary_large_image","twitter_misc":{"Timp estimat pentru citire":"1 minut"},"schema":{"@context":"https:\/\/schema.org","@graph":[{"@type":"WebPage","@id":"https:\/\/prochaska.eu\/ro\/produs\/toro-cositoare-de-gazon-superrecycler-21693\/","url":"https:\/\/prochaska.eu\/ro\/produs\/toro-cositoare-de-gazon-superrecycler-21693\/","name":"Toro - Cositoare de gazon - SuperRecycler - 21693 - Prochaska","isPartOf":{"@id":"https:\/\/prochaska.eu\/ro\/#website"},"primaryImageOfPage":{"@id":"https:\/\/prochaska.eu\/ro\/produs\/toro-cositoare-de-gazon-superrecycler-21693\/#primaryimage"},"image":{"@id":"https:\/\/prochaska.eu\/ro\/produs\/toro-cositoare-de-gazon-superrecycler-21693\/#primaryimage"},"thumbnailUrl":"https:\/\/prochaska.eu\/wp-content\/uploads\/2024\/06\/rasenmaeher-toro-21693-prochaska.jpg","datePublished":"2022-01-04T09:09:40+00:00","breadcrumb":{"@id":"https:\/\/prochaska.eu\/ro\/produs\/toro-cositoare-de-gazon-superrecycler-21693\/#breadcrumb"},"inLanguage":"ro-RO","potentialAction":[{"@type":"ReadAction","target":["https:\/\/prochaska.eu\/ro\/produs\/toro-cositoare-de-gazon-superrecycler-21693\/"]}]},{"@type":"ImageObject","inLanguage":"ro-RO","@id":"https:\/\/prochaska.eu\/ro\/produs\/toro-cositoare-de-gazon-superrecycler-21693\/#primaryimage","url":"https:\/\/prochaska.eu\/wp-content\/uploads\/2024\/06\/rasenmaeher-toro-21693-prochaska.jpg","contentUrl":"https:\/\/prochaska.eu\/wp-content\/uploads\/2024\/06\/rasenmaeher-toro-21693-prochaska.jpg","width":1440,"height":1440,"caption":"ma\u0219in\u0103 de tuns iarba"},{"@type":"BreadcrumbList","@id":"https:\/\/prochaska.eu\/ro\/produs\/toro-cositoare-de-gazon-superrecycler-21693\/#breadcrumb","itemListElement":[{"@type":"ListItem","position":1,"name":"Home","item":"https:\/\/prochaska.eu\/ro\/"},{"@type":"ListItem","position":2,"name":"Shop","item":"https:\/\/prochaska.eu\/ro\/shop\/"},{"@type":"ListItem","position":3,"name":"Toro &#8211; Cositoare de gazon &#8211; SuperRecycler &#8211; 21693"}]},{"@type":"WebSite","@id":"https:\/\/prochaska.eu\/ro\/#website","url":"https:\/\/prochaska.eu\/ro\/","name":"Prochaska","description":"Spezialist f\u00fcr Pflege von Gr\u00fcnfl\u00e4chen","publisher":{"@id":"https:\/\/prochaska.eu\/ro\/#organization"},"potentialAction":[{"@type":"SearchAction","target":{"@type":"EntryPoint","urlTemplate":"https:\/\/prochaska.eu\/ro\/?s={search_term_string}"},"query-input":{"@type":"PropertyValueSpecification","valueRequired":true,"valueName":"search_term_string"}}],"inLanguage":"ro-RO"},{"@type":"Organization","@id":"https:\/\/prochaska.eu\/ro\/#organization","name":"Prochaska","url":"https:\/\/prochaska.eu\/ro\/","logo":{"@type":"ImageObject","inLanguage":"ro-RO","@id":"https:\/\/prochaska.eu\/ro\/#\/schema\/logo\/image\/","url":"https:\/\/prochaska.eu\/wp-content\/uploads\/2024\/04\/Prochaska_Logo_Black-1.png","contentUrl":"https:\/\/prochaska.eu\/wp-content\/uploads\/2024\/04\/Prochaska_Logo_Black-1.png","width":796,"height":236,"caption":"Prochaska"},"image":{"@id":"https:\/\/prochaska.eu\/ro\/#\/schema\/logo\/image\/"},"sameAs":["https:\/\/www.facebook.com\/prochaska.eu\/","https:\/\/www.instagram.com\/prochaska.eu\/","https:\/\/www.linkedin.com\/company\/prochaska-handels-gmbh"]}]}},"brands":[{"id":3073,"name":"Toro","slug":"toro-ro"}],"_links":{"self":[{"href":"https:\/\/prochaska.eu\/ro\/wp-json\/wp\/v2\/product\/24958","targetHints":{"allow":["GET"]}}],"collection":[{"href":"https:\/\/prochaska.eu\/ro\/wp-json\/wp\/v2\/product"}],"about":[{"href":"https:\/\/prochaska.eu\/ro\/wp-json\/wp\/v2\/types\/product"}],"version-history":[{"count":0,"href":"https:\/\/prochaska.eu\/ro\/wp-json\/wp\/v2\/product\/24958\/revisions"}],"wp:featuredmedia":[{"embeddable":true,"href":"https:\/\/prochaska.eu\/ro\/wp-json\/wp\/v2\/media\/22938"}],"wp:attachment":[{"href":"https:\/\/prochaska.eu\/ro\/wp-json\/wp\/v2\/media?parent=24958"}],"wp:term":[{"taxonomy":"pwb-brand","embeddable":true,"href":"https:\/\/prochaska.eu\/ro\/wp-json\/wp\/v2\/pwb-brand?post=24958"},{"taxonomy":"product_brand","embeddable":true,"href":"https:\/\/prochaska.eu\/ro\/wp-json\/wp\/v2\/product_brand?post=24958"},{"taxonomy":"product_cat","embeddable":true,"href":"https:\/\/prochaska.eu\/ro\/wp-json\/wp\/v2\/product_cat?post=24958"},{"taxonomy":"product_tag","embeddable":true,"href":"https:\/\/prochaska.eu\/ro\/wp-json\/wp\/v2\/product_tag?post=24958"}],"curies":[{"name":"wp","href":"https:\/\/api.w.org\/{rel}","templated":true}]}}