{"id":24964,"date":"2021-12-29T13:09:48","date_gmt":"2021-12-29T13:09:48","guid":{"rendered":"https:\/\/prochaska.eu\/product\/toro-recycler-masina-de-tuns-iarba-fara-fir-60v-set-21852-21853\/"},"modified":"2025-10-10T00:19:59","modified_gmt":"2025-10-10T00:19:59","slug":"toro-recycler-masina-de-tuns-iarba-fara-fir-60v-set-21852-21853","status":"publish","type":"product","link":"https:\/\/prochaska.eu\/ro\/produs\/toro-recycler-masina-de-tuns-iarba-fara-fir-60v-set-21852-21853\/","title":{"rendered":"Toro &#8211; Recycler &#8211; Ma\u0219in\u0103 de tuns iarba f\u0103r\u0103 fir &#8211; 60V &#8211; Set &#8211; 21852 (21853)"},"content":{"rendered":"<p style=\"text-align: left;\">Noul sistem de alimentare Flex-Force de la <a href=\"https:\/\/www.prochaska.eu\/toro\/\">Toro<\/a> reprezint\u0103 performan\u021b\u0103 simpl\u0103! Acest lucru \u00eenseamn\u0103 c\u0103 mai mult\u0103 munc\u0103 poate fi efectuat\u0103 \u00een mai pu\u021bin timp. Dispozitivul este u\u0219or de pornit, u\u0219or de utilizat \u0219i nu necesit\u0103 \u00eentre\u021binere. Modelul 21852 are o l\u0103\u021bime de t\u0103iere de 52 cm \u0219i un motor DC f\u0103r\u0103 perii (modelul 21853 cu Smartstow, pliabil \u0219i portabil vertical). Sistemul Vario Drive System (VDS) permite reglarea infinit\u0103 a vitezei ma\u0219inii de tuns iarba. Acest lucru ofer\u0103 sensibilitatea necesar\u0103 pentru a se asigura c\u0103 gazonul \u00eendepline\u0219te \u00een cele din urm\u0103 cerin\u021bele dumneavoastr\u0103. Ma\u0219ina de tuns iarba este echipat\u0103 \u0219i cu tehnologia SmartStow. Acest lucru \u00eenseamn\u0103 c\u0103 poate fi pliat vertical \u0219i nu necesit\u0103 practic spa\u021biu de depozitare.<\/p>\n<h2 style=\"text-align: left;\">Pachetul Toro<\/h2>\n<p style=\"text-align: left;\">Pachetul <a href=\"https:\/\/www.prochaska.eu\/toro\/\">Toro <\/a>include o ma\u0219in\u0103 de tuns iarba Toro Recycler de 52 cm, o baterie de 6Ah, 324 Wh \u0219i un \u00eenc\u0103rc\u0103tor universal. Bateria Toro este potrivit\u0103 pentru gr\u0103dinile mici \u0219i mijlocii. \u00cenc\u0103rc\u0103torul Flex-Force de la Toro este de asemenea inclus \u00een set.<\/p>\n<h2 style=\"text-align: left;\">Beneficiile produsului<\/h2>\n<ul style=\"text-align: left;\">\n<li style=\"text-align: left;\">Sistem Vario Drive pentru reglarea vitezei<\/li>\n<li style=\"text-align: left;\">Tehnologia de reciclare Toro<\/li>\n<li style=\"text-align: left;\">Profil grosier al ro\u021bii pentru aderen\u021b\u0103 suplimentar\u0103<\/li>\n<li style=\"text-align: left;\">\u00centre\u021binere u\u0219oar\u0103 (motor f\u0103r\u0103 perii)<\/li>\n<li style=\"text-align: left;\">Platform\u0103 de tuns iarba din o\u021bel pentru o durat\u0103 lung\u0103 de via\u021b\u0103<\/li>\n<li>L\u0103\u021bime de t\u0103iere 52 cm<\/li>\n<li>Reglarea \u00een\u0103l\u021bimii de la 32 la 95 mm<\/li>\n<li>Trac\u021biune spate<\/li>\n<li>Co\u0219 de colectare cu un volum de 70 litri<\/li>\n<\/ul>\n<p>&nbsp;<\/p>\n<p><iframe title=\"New Toro  21&quot; 60V Electric Lawn Mower\" width=\"800\" height=\"450\" src=\"https:\/\/www.youtube.com\/embed\/cvz4pQMQzxg?feature=oembed\" frameborder=\"0\" allow=\"accelerometer; autoplay; clipboard-write; encrypted-media; gyroscope; picture-in-picture; web-share\" referrerpolicy=\"strict-origin-when-cross-origin\" allowfullscreen><\/iframe><\/p>\n","protected":false},"excerpt":{"rendered":"<p>60V Recycler combin\u0103 tunsul \u0219i \u00eengrijirea gazonului datorit\u0103 tehnologiei inovatoare Toro Recycling. Dispozitivul este livrat ca un set cu o baterie de 60V 6Ah \u0219i un \u00eenc\u0103rc\u0103tor universal.<\/p>\n","protected":false},"featured_media":22920,"template":"","meta":[],"pwb-brand":[3073],"product_brand":[],"product_cat":[1105,1149,1151,1217,1093,3139],"product_tag":[3120,1408],"class_list":{"0":"post-24964","1":"product","2":"type-product","3":"status-publish","4":"has-post-thumbnail","6":"pwb-brand-toro-ro","7":"product_cat-casa-si-gradina","8":"product_cat-cositoare-de-gazon","9":"product_cat-cositoare-de-gazon-fara-fir","10":"product_cat-cositoare-de-gazon-manuala","11":"product_cat-dispozitive-alimentate-cu-baterii","12":"product_cat-seturi-de-oferte","13":"product_tag-60-v-ro","14":"product_tag-toro-ro","16":"first","17":"instock","18":"sale","19":"taxable","20":"shipping-taxable","21":"purchasable","22":"product-type-simple"},"yoast_head":"<!-- This site is optimized with the Yoast SEO plugin v27.4 - https:\/\/yoast.com\/product\/yoast-seo-wordpress\/ -->\n<title>Toro - Recycler - Ma\u0219in\u0103 de tuns iarba f\u0103r\u0103 fir - 60V - Set - 21852 (21853) - Prochaska<\/title>\n<meta name=\"robots\" content=\"index, follow, max-snippet:-1, max-image-preview:large, max-video-preview:-1\" \/>\n<link rel=\"canonical\" href=\"https:\/\/prochaska.eu\/ro\/produs\/toro-recycler-masina-de-tuns-iarba-fara-fir-60v-set-21852-21853\/\" \/>\n<meta property=\"og:locale\" content=\"ro_RO\" \/>\n<meta property=\"og:type\" content=\"article\" \/>\n<meta property=\"og:title\" content=\"Toro - Recycler - Ma\u0219in\u0103 de tuns iarba f\u0103r\u0103 fir - 60V - Set - 21852 (21853) - Prochaska\" \/>\n<meta property=\"og:description\" content=\"60V Recycler combin\u0103 tunsul \u0219i \u00eengrijirea gazonului datorit\u0103 tehnologiei inovatoare Toro Recycling. Dispozitivul este livrat ca un set cu o baterie de 60V 6Ah \u0219i un \u00eenc\u0103rc\u0103tor universal.\" \/>\n<meta property=\"og:url\" content=\"https:\/\/prochaska.eu\/ro\/produs\/toro-recycler-masina-de-tuns-iarba-fara-fir-60v-set-21852-21853\/\" \/>\n<meta property=\"og:site_name\" content=\"Prochaska\" \/>\n<meta property=\"article:publisher\" content=\"https:\/\/www.facebook.com\/prochaska.eu\/\" \/>\n<meta property=\"article:modified_time\" content=\"2025-10-10T00:19:59+00:00\" \/>\n<meta property=\"og:image\" content=\"https:\/\/prochaska.eu\/wp-content\/uploads\/2024\/06\/rasenmaeher-toro-21852-prochaska-b1.jpg\" \/>\n\t<meta property=\"og:image:width\" content=\"1440\" \/>\n\t<meta property=\"og:image:height\" content=\"1440\" \/>\n\t<meta property=\"og:image:type\" content=\"image\/jpeg\" \/>\n<meta name=\"twitter:card\" content=\"summary_large_image\" \/>\n<meta name=\"twitter:label1\" content=\"Timp estimat pentru citire\" \/>\n\t<meta name=\"twitter:data1\" content=\"1 minut\" \/>\n<script type=\"application\/ld+json\" class=\"yoast-schema-graph\">{\"@context\":\"https:\\\/\\\/schema.org\",\"@graph\":[{\"@type\":\"WebPage\",\"@id\":\"https:\\\/\\\/prochaska.eu\\\/ro\\\/produs\\\/toro-recycler-masina-de-tuns-iarba-fara-fir-60v-set-21852-21853\\\/\",\"url\":\"https:\\\/\\\/prochaska.eu\\\/ro\\\/produs\\\/toro-recycler-masina-de-tuns-iarba-fara-fir-60v-set-21852-21853\\\/\",\"name\":\"Toro - Recycler - Ma\u0219in\u0103 de tuns iarba f\u0103r\u0103 fir - 60V - Set - 21852 (21853) - Prochaska\",\"isPartOf\":{\"@id\":\"https:\\\/\\\/prochaska.eu\\\/ro\\\/#website\"},\"primaryImageOfPage\":{\"@id\":\"https:\\\/\\\/prochaska.eu\\\/ro\\\/produs\\\/toro-recycler-masina-de-tuns-iarba-fara-fir-60v-set-21852-21853\\\/#primaryimage\"},\"image\":{\"@id\":\"https:\\\/\\\/prochaska.eu\\\/ro\\\/produs\\\/toro-recycler-masina-de-tuns-iarba-fara-fir-60v-set-21852-21853\\\/#primaryimage\"},\"thumbnailUrl\":\"https:\\\/\\\/prochaska.eu\\\/wp-content\\\/uploads\\\/2024\\\/06\\\/rasenmaeher-toro-21852-prochaska-b1.jpg\",\"datePublished\":\"2021-12-29T13:09:48+00:00\",\"dateModified\":\"2025-10-10T00:19:59+00:00\",\"breadcrumb\":{\"@id\":\"https:\\\/\\\/prochaska.eu\\\/ro\\\/produs\\\/toro-recycler-masina-de-tuns-iarba-fara-fir-60v-set-21852-21853\\\/#breadcrumb\"},\"inLanguage\":\"ro-RO\",\"potentialAction\":[{\"@type\":\"ReadAction\",\"target\":[\"https:\\\/\\\/prochaska.eu\\\/ro\\\/produs\\\/toro-recycler-masina-de-tuns-iarba-fara-fir-60v-set-21852-21853\\\/\"]}]},{\"@type\":\"ImageObject\",\"inLanguage\":\"ro-RO\",\"@id\":\"https:\\\/\\\/prochaska.eu\\\/ro\\\/produs\\\/toro-recycler-masina-de-tuns-iarba-fara-fir-60v-set-21852-21853\\\/#primaryimage\",\"url\":\"https:\\\/\\\/prochaska.eu\\\/wp-content\\\/uploads\\\/2024\\\/06\\\/rasenmaeher-toro-21852-prochaska-b1.jpg\",\"contentUrl\":\"https:\\\/\\\/prochaska.eu\\\/wp-content\\\/uploads\\\/2024\\\/06\\\/rasenmaeher-toro-21852-prochaska-b1.jpg\",\"width\":1440,\"height\":1440},{\"@type\":\"BreadcrumbList\",\"@id\":\"https:\\\/\\\/prochaska.eu\\\/ro\\\/produs\\\/toro-recycler-masina-de-tuns-iarba-fara-fir-60v-set-21852-21853\\\/#breadcrumb\",\"itemListElement\":[{\"@type\":\"ListItem\",\"position\":1,\"name\":\"Home\",\"item\":\"https:\\\/\\\/prochaska.eu\\\/ro\\\/\"},{\"@type\":\"ListItem\",\"position\":2,\"name\":\"Shop\",\"item\":\"https:\\\/\\\/prochaska.eu\\\/ro\\\/shop\\\/\"},{\"@type\":\"ListItem\",\"position\":3,\"name\":\"Toro &#8211; Recycler &#8211; Ma\u0219in\u0103 de tuns iarba f\u0103r\u0103 fir &#8211; 60V &#8211; Set &#8211; 21852 (21853)\"}]},{\"@type\":\"WebSite\",\"@id\":\"https:\\\/\\\/prochaska.eu\\\/ro\\\/#website\",\"url\":\"https:\\\/\\\/prochaska.eu\\\/ro\\\/\",\"name\":\"Prochaska\",\"description\":\"Spezialist f\u00fcr Pflege von Gr\u00fcnfl\u00e4chen\",\"publisher\":{\"@id\":\"https:\\\/\\\/prochaska.eu\\\/ro\\\/#organization\"},\"potentialAction\":[{\"@type\":\"SearchAction\",\"target\":{\"@type\":\"EntryPoint\",\"urlTemplate\":\"https:\\\/\\\/prochaska.eu\\\/ro\\\/?s={search_term_string}\"},\"query-input\":{\"@type\":\"PropertyValueSpecification\",\"valueRequired\":true,\"valueName\":\"search_term_string\"}}],\"inLanguage\":\"ro-RO\"},{\"@type\":\"Organization\",\"@id\":\"https:\\\/\\\/prochaska.eu\\\/ro\\\/#organization\",\"name\":\"Prochaska\",\"url\":\"https:\\\/\\\/prochaska.eu\\\/ro\\\/\",\"logo\":{\"@type\":\"ImageObject\",\"inLanguage\":\"ro-RO\",\"@id\":\"https:\\\/\\\/prochaska.eu\\\/ro\\\/#\\\/schema\\\/logo\\\/image\\\/\",\"url\":\"https:\\\/\\\/prochaska.eu\\\/wp-content\\\/uploads\\\/2024\\\/04\\\/Prochaska_Logo_Black-1.png\",\"contentUrl\":\"https:\\\/\\\/prochaska.eu\\\/wp-content\\\/uploads\\\/2024\\\/04\\\/Prochaska_Logo_Black-1.png\",\"width\":796,\"height\":236,\"caption\":\"Prochaska\"},\"image\":{\"@id\":\"https:\\\/\\\/prochaska.eu\\\/ro\\\/#\\\/schema\\\/logo\\\/image\\\/\"},\"sameAs\":[\"https:\\\/\\\/www.facebook.com\\\/prochaska.eu\\\/\",\"https:\\\/\\\/www.instagram.com\\\/prochaska.eu\\\/\",\"https:\\\/\\\/www.linkedin.com\\\/company\\\/prochaska-handels-gmbh\"]}]}<\/script>\n<!-- \/ Yoast SEO plugin. -->","yoast_head_json":{"title":"Toro - Recycler - Ma\u0219in\u0103 de tuns iarba f\u0103r\u0103 fir - 60V - Set - 21852 (21853) - Prochaska","robots":{"index":"index","follow":"follow","max-snippet":"max-snippet:-1","max-image-preview":"max-image-preview:large","max-video-preview":"max-video-preview:-1"},"canonical":"https:\/\/prochaska.eu\/ro\/produs\/toro-recycler-masina-de-tuns-iarba-fara-fir-60v-set-21852-21853\/","og_locale":"ro_RO","og_type":"article","og_title":"Toro - Recycler - Ma\u0219in\u0103 de tuns iarba f\u0103r\u0103 fir - 60V - Set - 21852 (21853) - Prochaska","og_description":"60V Recycler combin\u0103 tunsul \u0219i \u00eengrijirea gazonului datorit\u0103 tehnologiei inovatoare Toro Recycling. Dispozitivul este livrat ca un set cu o baterie de 60V 6Ah \u0219i un \u00eenc\u0103rc\u0103tor universal.","og_url":"https:\/\/prochaska.eu\/ro\/produs\/toro-recycler-masina-de-tuns-iarba-fara-fir-60v-set-21852-21853\/","og_site_name":"Prochaska","article_publisher":"https:\/\/www.facebook.com\/prochaska.eu\/","article_modified_time":"2025-10-10T00:19:59+00:00","og_image":[{"width":1440,"height":1440,"url":"https:\/\/prochaska.eu\/wp-content\/uploads\/2024\/06\/rasenmaeher-toro-21852-prochaska-b1.jpg","type":"image\/jpeg"}],"twitter_card":"summary_large_image","twitter_misc":{"Timp estimat pentru citire":"1 minut"},"schema":{"@context":"https:\/\/schema.org","@graph":[{"@type":"WebPage","@id":"https:\/\/prochaska.eu\/ro\/produs\/toro-recycler-masina-de-tuns-iarba-fara-fir-60v-set-21852-21853\/","url":"https:\/\/prochaska.eu\/ro\/produs\/toro-recycler-masina-de-tuns-iarba-fara-fir-60v-set-21852-21853\/","name":"Toro - Recycler - Ma\u0219in\u0103 de tuns iarba f\u0103r\u0103 fir - 60V - Set - 21852 (21853) - Prochaska","isPartOf":{"@id":"https:\/\/prochaska.eu\/ro\/#website"},"primaryImageOfPage":{"@id":"https:\/\/prochaska.eu\/ro\/produs\/toro-recycler-masina-de-tuns-iarba-fara-fir-60v-set-21852-21853\/#primaryimage"},"image":{"@id":"https:\/\/prochaska.eu\/ro\/produs\/toro-recycler-masina-de-tuns-iarba-fara-fir-60v-set-21852-21853\/#primaryimage"},"thumbnailUrl":"https:\/\/prochaska.eu\/wp-content\/uploads\/2024\/06\/rasenmaeher-toro-21852-prochaska-b1.jpg","datePublished":"2021-12-29T13:09:48+00:00","dateModified":"2025-10-10T00:19:59+00:00","breadcrumb":{"@id":"https:\/\/prochaska.eu\/ro\/produs\/toro-recycler-masina-de-tuns-iarba-fara-fir-60v-set-21852-21853\/#breadcrumb"},"inLanguage":"ro-RO","potentialAction":[{"@type":"ReadAction","target":["https:\/\/prochaska.eu\/ro\/produs\/toro-recycler-masina-de-tuns-iarba-fara-fir-60v-set-21852-21853\/"]}]},{"@type":"ImageObject","inLanguage":"ro-RO","@id":"https:\/\/prochaska.eu\/ro\/produs\/toro-recycler-masina-de-tuns-iarba-fara-fir-60v-set-21852-21853\/#primaryimage","url":"https:\/\/prochaska.eu\/wp-content\/uploads\/2024\/06\/rasenmaeher-toro-21852-prochaska-b1.jpg","contentUrl":"https:\/\/prochaska.eu\/wp-content\/uploads\/2024\/06\/rasenmaeher-toro-21852-prochaska-b1.jpg","width":1440,"height":1440},{"@type":"BreadcrumbList","@id":"https:\/\/prochaska.eu\/ro\/produs\/toro-recycler-masina-de-tuns-iarba-fara-fir-60v-set-21852-21853\/#breadcrumb","itemListElement":[{"@type":"ListItem","position":1,"name":"Home","item":"https:\/\/prochaska.eu\/ro\/"},{"@type":"ListItem","position":2,"name":"Shop","item":"https:\/\/prochaska.eu\/ro\/shop\/"},{"@type":"ListItem","position":3,"name":"Toro &#8211; Recycler &#8211; Ma\u0219in\u0103 de tuns iarba f\u0103r\u0103 fir &#8211; 60V &#8211; Set &#8211; 21852 (21853)"}]},{"@type":"WebSite","@id":"https:\/\/prochaska.eu\/ro\/#website","url":"https:\/\/prochaska.eu\/ro\/","name":"Prochaska","description":"Spezialist f\u00fcr Pflege von Gr\u00fcnfl\u00e4chen","publisher":{"@id":"https:\/\/prochaska.eu\/ro\/#organization"},"potentialAction":[{"@type":"SearchAction","target":{"@type":"EntryPoint","urlTemplate":"https:\/\/prochaska.eu\/ro\/?s={search_term_string}"},"query-input":{"@type":"PropertyValueSpecification","valueRequired":true,"valueName":"search_term_string"}}],"inLanguage":"ro-RO"},{"@type":"Organization","@id":"https:\/\/prochaska.eu\/ro\/#organization","name":"Prochaska","url":"https:\/\/prochaska.eu\/ro\/","logo":{"@type":"ImageObject","inLanguage":"ro-RO","@id":"https:\/\/prochaska.eu\/ro\/#\/schema\/logo\/image\/","url":"https:\/\/prochaska.eu\/wp-content\/uploads\/2024\/04\/Prochaska_Logo_Black-1.png","contentUrl":"https:\/\/prochaska.eu\/wp-content\/uploads\/2024\/04\/Prochaska_Logo_Black-1.png","width":796,"height":236,"caption":"Prochaska"},"image":{"@id":"https:\/\/prochaska.eu\/ro\/#\/schema\/logo\/image\/"},"sameAs":["https:\/\/www.facebook.com\/prochaska.eu\/","https:\/\/www.instagram.com\/prochaska.eu\/","https:\/\/www.linkedin.com\/company\/prochaska-handels-gmbh"]}]}},"brands":[{"id":3073,"name":"Toro","slug":"toro-ro"}],"_links":{"self":[{"href":"https:\/\/prochaska.eu\/ro\/wp-json\/wp\/v2\/product\/24964","targetHints":{"allow":["GET"]}}],"collection":[{"href":"https:\/\/prochaska.eu\/ro\/wp-json\/wp\/v2\/product"}],"about":[{"href":"https:\/\/prochaska.eu\/ro\/wp-json\/wp\/v2\/types\/product"}],"version-history":[{"count":0,"href":"https:\/\/prochaska.eu\/ro\/wp-json\/wp\/v2\/product\/24964\/revisions"}],"wp:featuredmedia":[{"embeddable":true,"href":"https:\/\/prochaska.eu\/ro\/wp-json\/wp\/v2\/media\/22920"}],"wp:attachment":[{"href":"https:\/\/prochaska.eu\/ro\/wp-json\/wp\/v2\/media?parent=24964"}],"wp:term":[{"taxonomy":"pwb-brand","embeddable":true,"href":"https:\/\/prochaska.eu\/ro\/wp-json\/wp\/v2\/pwb-brand?post=24964"},{"taxonomy":"product_brand","embeddable":true,"href":"https:\/\/prochaska.eu\/ro\/wp-json\/wp\/v2\/product_brand?post=24964"},{"taxonomy":"product_cat","embeddable":true,"href":"https:\/\/prochaska.eu\/ro\/wp-json\/wp\/v2\/product_cat?post=24964"},{"taxonomy":"product_tag","embeddable":true,"href":"https:\/\/prochaska.eu\/ro\/wp-json\/wp\/v2\/product_tag?post=24964"}],"curies":[{"name":"wp","href":"https:\/\/api.w.org\/{rel}","templated":true}]}}