{"id":24979,"date":"2021-12-29T10:36:23","date_gmt":"2021-12-29T10:36:23","guid":{"rendered":"https:\/\/prochaska.eu\/product\/toro-incarcator-universal-de-baterii-81802-60v-2a\/"},"modified":"2021-12-29T10:36:23","modified_gmt":"2021-12-29T10:36:23","slug":"toro-incarcator-universal-de-baterii-81802-60v-2a","status":"publish","type":"product","link":"https:\/\/prochaska.eu\/ro\/produs\/toro-incarcator-universal-de-baterii-81802-60v-2a\/","title":{"rendered":"Toro &#8211; \u00cenc\u0103rc\u0103tor universal de baterii &#8211; 81802 &#8211; 60V &#8211; 2A"},"content":{"rendered":"<p>\u00cenc\u0103rc\u0103torul universal de baterii 2A este compatibil cu toate bateriile din seria Toro 60V. Nivelul de \u00eenc\u0103rcare al bateriei este indicat de un indicator luminos. Dispozitivul poate fi utilizat \u0219i cu toate uneltele Flex-Force. Dispozitivul poate fi, de asemenea, ata\u0219at la o mas\u0103 sau la perete.<\/p>\n","protected":false},"excerpt":{"rendered":"<p>\u00cenc\u0103rc\u0103torul universal de baterii 2A este compatibil cu toate bateriile din seria Toro 60V. Nivelul de \u00eenc\u0103rcare al bateriei este indicat de un indicator luminos. Dispozitivul poate fi utilizat \u0219i cu toate uneltele Flex-Force. Dispozitivul poate fi, de asemenea, ata\u0219at la o mas\u0103 sau la perete.<\/p>\n","protected":false},"featured_media":22902,"template":"","meta":[],"pwb-brand":[3073],"product_brand":[],"product_cat":[1116,1093],"product_tag":[1408],"class_list":{"0":"post-24979","1":"product","2":"type-product","3":"status-publish","4":"has-post-thumbnail","6":"pwb-brand-toro-ro","7":"product_cat-alte-dispozitive-si-accesorii-alimentate-cu-baterii","8":"product_cat-dispozitive-alimentate-cu-baterii","9":"product_tag-toro-ro","11":"first","12":"instock","13":"taxable","14":"shipping-taxable","15":"purchasable","16":"product-type-simple"},"yoast_head":"<!-- This site is optimized with the Yoast SEO plugin v27.4 - https:\/\/yoast.com\/product\/yoast-seo-wordpress\/ -->\n<title>Toro - \u00cenc\u0103rc\u0103tor universal de baterii - 81802 - 60V - 2A - Prochaska<\/title>\n<meta name=\"robots\" content=\"index, follow, max-snippet:-1, max-image-preview:large, max-video-preview:-1\" \/>\n<link rel=\"canonical\" href=\"https:\/\/prochaska.eu\/ro\/produs\/toro-incarcator-universal-de-baterii-81802-60v-2a\/\" \/>\n<meta property=\"og:locale\" content=\"ro_RO\" \/>\n<meta property=\"og:type\" content=\"article\" \/>\n<meta property=\"og:title\" content=\"Toro - \u00cenc\u0103rc\u0103tor universal de baterii - 81802 - 60V - 2A - Prochaska\" \/>\n<meta property=\"og:description\" content=\"\u00cenc\u0103rc\u0103torul universal de baterii 2A este compatibil cu toate bateriile din seria Toro 60V. Nivelul de \u00eenc\u0103rcare al bateriei este indicat de un indicator luminos. Dispozitivul poate fi utilizat \u0219i cu toate uneltele Flex-Force. Dispozitivul poate fi, de asemenea, ata\u0219at la o mas\u0103 sau la perete.\" \/>\n<meta property=\"og:url\" content=\"https:\/\/prochaska.eu\/ro\/produs\/toro-incarcator-universal-de-baterii-81802-60v-2a\/\" \/>\n<meta property=\"og:site_name\" content=\"Prochaska\" \/>\n<meta property=\"article:publisher\" content=\"https:\/\/www.facebook.com\/prochaska.eu\/\" \/>\n<meta property=\"og:image\" content=\"https:\/\/prochaska.eu\/wp-content\/uploads\/2024\/06\/akkugeraete-toro-60v-akku-universalladegeraet-prochaska.jpg\" \/>\n\t<meta property=\"og:image:width\" content=\"1440\" \/>\n\t<meta property=\"og:image:height\" content=\"1440\" \/>\n\t<meta property=\"og:image:type\" content=\"image\/jpeg\" \/>\n<meta name=\"twitter:card\" content=\"summary_large_image\" \/>\n<script type=\"application\/ld+json\" class=\"yoast-schema-graph\">{\"@context\":\"https:\\\/\\\/schema.org\",\"@graph\":[{\"@type\":\"WebPage\",\"@id\":\"https:\\\/\\\/prochaska.eu\\\/ro\\\/produs\\\/toro-incarcator-universal-de-baterii-81802-60v-2a\\\/\",\"url\":\"https:\\\/\\\/prochaska.eu\\\/ro\\\/produs\\\/toro-incarcator-universal-de-baterii-81802-60v-2a\\\/\",\"name\":\"Toro - \u00cenc\u0103rc\u0103tor universal de baterii - 81802 - 60V - 2A - Prochaska\",\"isPartOf\":{\"@id\":\"https:\\\/\\\/prochaska.eu\\\/ro\\\/#website\"},\"primaryImageOfPage\":{\"@id\":\"https:\\\/\\\/prochaska.eu\\\/ro\\\/produs\\\/toro-incarcator-universal-de-baterii-81802-60v-2a\\\/#primaryimage\"},\"image\":{\"@id\":\"https:\\\/\\\/prochaska.eu\\\/ro\\\/produs\\\/toro-incarcator-universal-de-baterii-81802-60v-2a\\\/#primaryimage\"},\"thumbnailUrl\":\"https:\\\/\\\/prochaska.eu\\\/wp-content\\\/uploads\\\/2024\\\/06\\\/akkugeraete-toro-60v-akku-universalladegeraet-prochaska.jpg\",\"datePublished\":\"2021-12-29T10:36:23+00:00\",\"breadcrumb\":{\"@id\":\"https:\\\/\\\/prochaska.eu\\\/ro\\\/produs\\\/toro-incarcator-universal-de-baterii-81802-60v-2a\\\/#breadcrumb\"},\"inLanguage\":\"ro-RO\",\"potentialAction\":[{\"@type\":\"ReadAction\",\"target\":[\"https:\\\/\\\/prochaska.eu\\\/ro\\\/produs\\\/toro-incarcator-universal-de-baterii-81802-60v-2a\\\/\"]}]},{\"@type\":\"ImageObject\",\"inLanguage\":\"ro-RO\",\"@id\":\"https:\\\/\\\/prochaska.eu\\\/ro\\\/produs\\\/toro-incarcator-universal-de-baterii-81802-60v-2a\\\/#primaryimage\",\"url\":\"https:\\\/\\\/prochaska.eu\\\/wp-content\\\/uploads\\\/2024\\\/06\\\/akkugeraete-toro-60v-akku-universalladegeraet-prochaska.jpg\",\"contentUrl\":\"https:\\\/\\\/prochaska.eu\\\/wp-content\\\/uploads\\\/2024\\\/06\\\/akkugeraete-toro-60v-akku-universalladegeraet-prochaska.jpg\",\"width\":1440,\"height\":1440,\"caption\":\"\u00eenc\u0103rc\u0103tor universal\"},{\"@type\":\"BreadcrumbList\",\"@id\":\"https:\\\/\\\/prochaska.eu\\\/ro\\\/produs\\\/toro-incarcator-universal-de-baterii-81802-60v-2a\\\/#breadcrumb\",\"itemListElement\":[{\"@type\":\"ListItem\",\"position\":1,\"name\":\"Home\",\"item\":\"https:\\\/\\\/prochaska.eu\\\/ro\\\/\"},{\"@type\":\"ListItem\",\"position\":2,\"name\":\"Shop\",\"item\":\"https:\\\/\\\/prochaska.eu\\\/ro\\\/shop\\\/\"},{\"@type\":\"ListItem\",\"position\":3,\"name\":\"Toro &#8211; \u00cenc\u0103rc\u0103tor universal de baterii &#8211; 81802 &#8211; 60V &#8211; 2A\"}]},{\"@type\":\"WebSite\",\"@id\":\"https:\\\/\\\/prochaska.eu\\\/ro\\\/#website\",\"url\":\"https:\\\/\\\/prochaska.eu\\\/ro\\\/\",\"name\":\"Prochaska\",\"description\":\"Spezialist f\u00fcr Pflege von Gr\u00fcnfl\u00e4chen\",\"publisher\":{\"@id\":\"https:\\\/\\\/prochaska.eu\\\/ro\\\/#organization\"},\"potentialAction\":[{\"@type\":\"SearchAction\",\"target\":{\"@type\":\"EntryPoint\",\"urlTemplate\":\"https:\\\/\\\/prochaska.eu\\\/ro\\\/?s={search_term_string}\"},\"query-input\":{\"@type\":\"PropertyValueSpecification\",\"valueRequired\":true,\"valueName\":\"search_term_string\"}}],\"inLanguage\":\"ro-RO\"},{\"@type\":\"Organization\",\"@id\":\"https:\\\/\\\/prochaska.eu\\\/ro\\\/#organization\",\"name\":\"Prochaska\",\"url\":\"https:\\\/\\\/prochaska.eu\\\/ro\\\/\",\"logo\":{\"@type\":\"ImageObject\",\"inLanguage\":\"ro-RO\",\"@id\":\"https:\\\/\\\/prochaska.eu\\\/ro\\\/#\\\/schema\\\/logo\\\/image\\\/\",\"url\":\"https:\\\/\\\/prochaska.eu\\\/wp-content\\\/uploads\\\/2024\\\/04\\\/Prochaska_Logo_Black-1.png\",\"contentUrl\":\"https:\\\/\\\/prochaska.eu\\\/wp-content\\\/uploads\\\/2024\\\/04\\\/Prochaska_Logo_Black-1.png\",\"width\":796,\"height\":236,\"caption\":\"Prochaska\"},\"image\":{\"@id\":\"https:\\\/\\\/prochaska.eu\\\/ro\\\/#\\\/schema\\\/logo\\\/image\\\/\"},\"sameAs\":[\"https:\\\/\\\/www.facebook.com\\\/prochaska.eu\\\/\",\"https:\\\/\\\/www.instagram.com\\\/prochaska.eu\\\/\",\"https:\\\/\\\/www.linkedin.com\\\/company\\\/prochaska-handels-gmbh\"]}]}<\/script>\n<!-- \/ Yoast SEO plugin. -->","yoast_head_json":{"title":"Toro - \u00cenc\u0103rc\u0103tor universal de baterii - 81802 - 60V - 2A - Prochaska","robots":{"index":"index","follow":"follow","max-snippet":"max-snippet:-1","max-image-preview":"max-image-preview:large","max-video-preview":"max-video-preview:-1"},"canonical":"https:\/\/prochaska.eu\/ro\/produs\/toro-incarcator-universal-de-baterii-81802-60v-2a\/","og_locale":"ro_RO","og_type":"article","og_title":"Toro - \u00cenc\u0103rc\u0103tor universal de baterii - 81802 - 60V - 2A - Prochaska","og_description":"\u00cenc\u0103rc\u0103torul universal de baterii 2A este compatibil cu toate bateriile din seria Toro 60V. Nivelul de \u00eenc\u0103rcare al bateriei este indicat de un indicator luminos. Dispozitivul poate fi utilizat \u0219i cu toate uneltele Flex-Force. Dispozitivul poate fi, de asemenea, ata\u0219at la o mas\u0103 sau la perete.","og_url":"https:\/\/prochaska.eu\/ro\/produs\/toro-incarcator-universal-de-baterii-81802-60v-2a\/","og_site_name":"Prochaska","article_publisher":"https:\/\/www.facebook.com\/prochaska.eu\/","og_image":[{"width":1440,"height":1440,"url":"https:\/\/prochaska.eu\/wp-content\/uploads\/2024\/06\/akkugeraete-toro-60v-akku-universalladegeraet-prochaska.jpg","type":"image\/jpeg"}],"twitter_card":"summary_large_image","schema":{"@context":"https:\/\/schema.org","@graph":[{"@type":"WebPage","@id":"https:\/\/prochaska.eu\/ro\/produs\/toro-incarcator-universal-de-baterii-81802-60v-2a\/","url":"https:\/\/prochaska.eu\/ro\/produs\/toro-incarcator-universal-de-baterii-81802-60v-2a\/","name":"Toro - \u00cenc\u0103rc\u0103tor universal de baterii - 81802 - 60V - 2A - Prochaska","isPartOf":{"@id":"https:\/\/prochaska.eu\/ro\/#website"},"primaryImageOfPage":{"@id":"https:\/\/prochaska.eu\/ro\/produs\/toro-incarcator-universal-de-baterii-81802-60v-2a\/#primaryimage"},"image":{"@id":"https:\/\/prochaska.eu\/ro\/produs\/toro-incarcator-universal-de-baterii-81802-60v-2a\/#primaryimage"},"thumbnailUrl":"https:\/\/prochaska.eu\/wp-content\/uploads\/2024\/06\/akkugeraete-toro-60v-akku-universalladegeraet-prochaska.jpg","datePublished":"2021-12-29T10:36:23+00:00","breadcrumb":{"@id":"https:\/\/prochaska.eu\/ro\/produs\/toro-incarcator-universal-de-baterii-81802-60v-2a\/#breadcrumb"},"inLanguage":"ro-RO","potentialAction":[{"@type":"ReadAction","target":["https:\/\/prochaska.eu\/ro\/produs\/toro-incarcator-universal-de-baterii-81802-60v-2a\/"]}]},{"@type":"ImageObject","inLanguage":"ro-RO","@id":"https:\/\/prochaska.eu\/ro\/produs\/toro-incarcator-universal-de-baterii-81802-60v-2a\/#primaryimage","url":"https:\/\/prochaska.eu\/wp-content\/uploads\/2024\/06\/akkugeraete-toro-60v-akku-universalladegeraet-prochaska.jpg","contentUrl":"https:\/\/prochaska.eu\/wp-content\/uploads\/2024\/06\/akkugeraete-toro-60v-akku-universalladegeraet-prochaska.jpg","width":1440,"height":1440,"caption":"\u00eenc\u0103rc\u0103tor universal"},{"@type":"BreadcrumbList","@id":"https:\/\/prochaska.eu\/ro\/produs\/toro-incarcator-universal-de-baterii-81802-60v-2a\/#breadcrumb","itemListElement":[{"@type":"ListItem","position":1,"name":"Home","item":"https:\/\/prochaska.eu\/ro\/"},{"@type":"ListItem","position":2,"name":"Shop","item":"https:\/\/prochaska.eu\/ro\/shop\/"},{"@type":"ListItem","position":3,"name":"Toro &#8211; \u00cenc\u0103rc\u0103tor universal de baterii &#8211; 81802 &#8211; 60V &#8211; 2A"}]},{"@type":"WebSite","@id":"https:\/\/prochaska.eu\/ro\/#website","url":"https:\/\/prochaska.eu\/ro\/","name":"Prochaska","description":"Spezialist f\u00fcr Pflege von Gr\u00fcnfl\u00e4chen","publisher":{"@id":"https:\/\/prochaska.eu\/ro\/#organization"},"potentialAction":[{"@type":"SearchAction","target":{"@type":"EntryPoint","urlTemplate":"https:\/\/prochaska.eu\/ro\/?s={search_term_string}"},"query-input":{"@type":"PropertyValueSpecification","valueRequired":true,"valueName":"search_term_string"}}],"inLanguage":"ro-RO"},{"@type":"Organization","@id":"https:\/\/prochaska.eu\/ro\/#organization","name":"Prochaska","url":"https:\/\/prochaska.eu\/ro\/","logo":{"@type":"ImageObject","inLanguage":"ro-RO","@id":"https:\/\/prochaska.eu\/ro\/#\/schema\/logo\/image\/","url":"https:\/\/prochaska.eu\/wp-content\/uploads\/2024\/04\/Prochaska_Logo_Black-1.png","contentUrl":"https:\/\/prochaska.eu\/wp-content\/uploads\/2024\/04\/Prochaska_Logo_Black-1.png","width":796,"height":236,"caption":"Prochaska"},"image":{"@id":"https:\/\/prochaska.eu\/ro\/#\/schema\/logo\/image\/"},"sameAs":["https:\/\/www.facebook.com\/prochaska.eu\/","https:\/\/www.instagram.com\/prochaska.eu\/","https:\/\/www.linkedin.com\/company\/prochaska-handels-gmbh"]}]}},"brands":[{"id":3073,"name":"Toro","slug":"toro-ro"}],"_links":{"self":[{"href":"https:\/\/prochaska.eu\/ro\/wp-json\/wp\/v2\/product\/24979","targetHints":{"allow":["GET"]}}],"collection":[{"href":"https:\/\/prochaska.eu\/ro\/wp-json\/wp\/v2\/product"}],"about":[{"href":"https:\/\/prochaska.eu\/ro\/wp-json\/wp\/v2\/types\/product"}],"version-history":[{"count":0,"href":"https:\/\/prochaska.eu\/ro\/wp-json\/wp\/v2\/product\/24979\/revisions"}],"wp:featuredmedia":[{"embeddable":true,"href":"https:\/\/prochaska.eu\/ro\/wp-json\/wp\/v2\/media\/22902"}],"wp:attachment":[{"href":"https:\/\/prochaska.eu\/ro\/wp-json\/wp\/v2\/media?parent=24979"}],"wp:term":[{"taxonomy":"pwb-brand","embeddable":true,"href":"https:\/\/prochaska.eu\/ro\/wp-json\/wp\/v2\/pwb-brand?post=24979"},{"taxonomy":"product_brand","embeddable":true,"href":"https:\/\/prochaska.eu\/ro\/wp-json\/wp\/v2\/product_brand?post=24979"},{"taxonomy":"product_cat","embeddable":true,"href":"https:\/\/prochaska.eu\/ro\/wp-json\/wp\/v2\/product_cat?post=24979"},{"taxonomy":"product_tag","embeddable":true,"href":"https:\/\/prochaska.eu\/ro\/wp-json\/wp\/v2\/product_tag?post=24979"}],"curies":[{"name":"wp","href":"https:\/\/api.w.org\/{rel}","templated":true}]}}