{"id":24990,"date":"2021-12-29T11:56:16","date_gmt":"2021-12-29T11:56:16","guid":{"rendered":"https:\/\/prochaska.eu\/product\/toro-super-recycler-masina-de-tuns-iarba-fara-fir-60v-set-21848\/"},"modified":"2021-12-29T11:56:16","modified_gmt":"2021-12-29T11:56:16","slug":"toro-super-recycler-masina-de-tuns-iarba-fara-fir-60v-set-21848","status":"publish","type":"product","link":"https:\/\/prochaska.eu\/ro\/produs\/toro-super-recycler-masina-de-tuns-iarba-fara-fir-60v-set-21848\/","title":{"rendered":"Toro &#8211; Super-Recycler &#8211; Ma\u0219in\u0103 de tuns iarba f\u0103r\u0103 fir &#8211; 60V &#8211; Set &#8211; 21848"},"content":{"rendered":"<p style=\"text-align: left;\">Noul sistem de alimentare Flex-Force de la <a href=\"https:\/\/www.prochaska.eu\/toro\/\">Toro<\/a> reprezint\u0103 performan\u021b\u0103 simpl\u0103! Acest lucru \u00eenseamn\u0103 c\u0103 se poate face mai mult\u0103 munc\u0103 \u00een mai pu\u021bin timp. Ma\u0219ina de tuns iarba f\u0103r\u0103 fir de 60V de la <a href=\"https:\/\/www.prochaska.eu\/toro\/\">Toro <\/a>este nou\u0103 pe pia\u021b\u0103. Dispozitivul este u\u0219or de pornit, u\u0219or de utilizat \u0219i nu necesit\u0103 \u00eentre\u021binere. Modelul 21848 are o l\u0103\u021bime de t\u0103iere de 48 cm \u0219i un motor DC f\u0103r\u0103 perii. Ma\u0219ina de tuns iarba este echipat\u0103 \u0219i cu sistemul de ac\u021bionare automat\u0103 (ADS). Ca urmare, dispozitivul se adapteaz\u0103 automat la viteza dvs. de mi\u0219care \u0219i continu\u0103 s\u0103 conduc\u0103 cu precizie pe tot parcursul. Acest lucru v\u0103 garanteaz\u0103 un rezultat perfect al cositului. Carcasa ma\u0219inii de tuns iarba este fabricat\u0103 din aluminiu \u0219i, prin urmare, este u\u0219oar\u0103 \u0219i rezistent\u0103 la rugin\u0103. Pe aparat exist\u0103 o conexiune de cur\u0103\u021bare-sp\u0103lare, care faciliteaz\u0103 cur\u0103\u021barea ma\u0219inii de tuns iarba.<\/p>\n<h2 style=\"text-align: left;\">Pachetul Toro<\/h2>\n<p style=\"text-align: left;\">Pachetul <a href=\"https:\/\/www.prochaska.eu\/toro\/\">Toro <\/a>include o ma\u0219in\u0103 de tuns iarba Toro Recycler de 48 cm, o baterie de 6Ah, 324 Wh \u0219i un \u00eenc\u0103rc\u0103tor universal. Bateria Toro este potrivit\u0103 pentru gr\u0103dinile mici \u0219i mijlocii. \u00cenc\u0103rc\u0103torul Flex-Force de la Toro este de asemenea inclus \u00een set.<\/p>\n<h2 style=\"text-align: left;\">Beneficiile produsului<\/h2>\n<ul style=\"text-align: left;\">\n<li>Pornire electric\u0103 pentru o utilizare u\u0219oar\u0103 a ma\u0219inii de tuns iarba<\/li>\n<li style=\"text-align: left;\">Fr\u00e2n\u0103 lam\u0103 pentru lucru \u00een siguran\u021b\u0103<\/li>\n<li style=\"text-align: left;\">Sistem automat de ac\u021bionare pentru reglarea vitezei<\/li>\n<li style=\"text-align: left;\">Tehnologia de reciclare Toro<\/li>\n<li style=\"text-align: left;\">Profil grosier al ro\u021bii pentru aderen\u021b\u0103 suplimentar\u0103<\/li>\n<li style=\"text-align: left;\">\u00centre\u021binere u\u0219oar\u0103 (motor f\u0103r\u0103 perii)<\/li>\n<li style=\"text-align: left;\">Platform\u0103 de tuns iarba din o\u021bel pentru o durat\u0103 lung\u0103 de via\u021b\u0103<\/li>\n<li>L\u0103\u021bime de t\u0103iere 48cm, 4 trepte, 25-102mm<\/li>\n<li>Trac\u021biune spate<\/li>\n<li>Volumul co\u0219ului de colectare de 60 de litri<\/li>\n<\/ul>\n<p>&nbsp;<\/p>\n<p><iframe title=\"New Toro  21&quot; 60V Electric Lawn Mower\" width=\"800\" height=\"450\" src=\"https:\/\/www.youtube.com\/embed\/cvz4pQMQzxg?feature=oembed\" frameborder=\"0\" allow=\"accelerometer; autoplay; clipboard-write; encrypted-media; gyroscope; picture-in-picture; web-share\" referrerpolicy=\"strict-origin-when-cross-origin\" allowfullscreen><\/iframe><\/p>\n","protected":false},"excerpt":{"rendered":"<p>Datorit\u0103 tehnologiei inovatoare Toro Recycling Technology, Super Recycler 60V produce particule fine de iarb\u0103 \u00een timpul tunderii, care ofer\u0103 \u00eengrijire suplimentar\u0103 pentru gazon. Dispozitivul este livrat ca un set cu o baterie de 60V 6Ah \u0219i un \u00eenc\u0103rc\u0103tor universal.<\/p>\n","protected":false},"featured_media":22911,"template":"","meta":[],"pwb-brand":[3073],"product_brand":[],"product_cat":[1105,1149,1151,1217,1093,3139],"product_tag":[3120,1408],"class_list":{"0":"post-24990","1":"product","2":"type-product","3":"status-publish","4":"has-post-thumbnail","6":"pwb-brand-toro-ro","7":"product_cat-casa-si-gradina","8":"product_cat-cositoare-de-gazon","9":"product_cat-cositoare-de-gazon-fara-fir","10":"product_cat-cositoare-de-gazon-manuala","11":"product_cat-dispozitive-alimentate-cu-baterii","12":"product_cat-seturi-de-oferte","13":"product_tag-60-v-ro","14":"product_tag-toro-ro","16":"first","17":"instock","18":"taxable","19":"shipping-taxable","20":"purchasable","21":"product-type-simple"},"yoast_head":"<!-- This site is optimized with the Yoast SEO plugin v27.4 - https:\/\/yoast.com\/product\/yoast-seo-wordpress\/ -->\n<title>Toro - Super-Recycler - Ma\u0219in\u0103 de tuns iarba f\u0103r\u0103 fir - 60V - Set - 21848 - Prochaska<\/title>\n<meta name=\"robots\" content=\"index, follow, max-snippet:-1, max-image-preview:large, max-video-preview:-1\" \/>\n<link rel=\"canonical\" href=\"https:\/\/prochaska.eu\/ro\/produs\/toro-super-recycler-masina-de-tuns-iarba-fara-fir-60v-set-21848\/\" \/>\n<meta property=\"og:locale\" content=\"ro_RO\" \/>\n<meta property=\"og:type\" content=\"article\" \/>\n<meta property=\"og:title\" content=\"Toro - Super-Recycler - Ma\u0219in\u0103 de tuns iarba f\u0103r\u0103 fir - 60V - Set - 21848 - Prochaska\" \/>\n<meta property=\"og:description\" content=\"Datorit\u0103 tehnologiei inovatoare Toro Recycling Technology, Super Recycler 60V produce particule fine de iarb\u0103 \u00een timpul tunderii, care ofer\u0103 \u00eengrijire suplimentar\u0103 pentru gazon. Dispozitivul este livrat ca un set cu o baterie de 60V 6Ah \u0219i un \u00eenc\u0103rc\u0103tor universal.\" \/>\n<meta property=\"og:url\" content=\"https:\/\/prochaska.eu\/ro\/produs\/toro-super-recycler-masina-de-tuns-iarba-fara-fir-60v-set-21848\/\" \/>\n<meta property=\"og:site_name\" content=\"Prochaska\" \/>\n<meta property=\"article:publisher\" content=\"https:\/\/www.facebook.com\/prochaska.eu\/\" \/>\n<meta property=\"og:image\" content=\"https:\/\/prochaska.eu\/wp-content\/uploads\/2024\/06\/rasenmaeher-toro-21848-prochaska-b1.jpg\" \/>\n\t<meta property=\"og:image:width\" content=\"1440\" \/>\n\t<meta property=\"og:image:height\" content=\"1440\" \/>\n\t<meta property=\"og:image:type\" content=\"image\/jpeg\" \/>\n<meta name=\"twitter:card\" content=\"summary_large_image\" \/>\n<meta name=\"twitter:label1\" content=\"Timp estimat pentru citire\" \/>\n\t<meta name=\"twitter:data1\" content=\"1 minut\" \/>\n<script type=\"application\/ld+json\" class=\"yoast-schema-graph\">{\"@context\":\"https:\\\/\\\/schema.org\",\"@graph\":[{\"@type\":\"WebPage\",\"@id\":\"https:\\\/\\\/prochaska.eu\\\/ro\\\/produs\\\/toro-super-recycler-masina-de-tuns-iarba-fara-fir-60v-set-21848\\\/\",\"url\":\"https:\\\/\\\/prochaska.eu\\\/ro\\\/produs\\\/toro-super-recycler-masina-de-tuns-iarba-fara-fir-60v-set-21848\\\/\",\"name\":\"Toro - Super-Recycler - Ma\u0219in\u0103 de tuns iarba f\u0103r\u0103 fir - 60V - Set - 21848 - Prochaska\",\"isPartOf\":{\"@id\":\"https:\\\/\\\/prochaska.eu\\\/ro\\\/#website\"},\"primaryImageOfPage\":{\"@id\":\"https:\\\/\\\/prochaska.eu\\\/ro\\\/produs\\\/toro-super-recycler-masina-de-tuns-iarba-fara-fir-60v-set-21848\\\/#primaryimage\"},\"image\":{\"@id\":\"https:\\\/\\\/prochaska.eu\\\/ro\\\/produs\\\/toro-super-recycler-masina-de-tuns-iarba-fara-fir-60v-set-21848\\\/#primaryimage\"},\"thumbnailUrl\":\"https:\\\/\\\/prochaska.eu\\\/wp-content\\\/uploads\\\/2024\\\/06\\\/rasenmaeher-toro-21848-prochaska-b1.jpg\",\"datePublished\":\"2021-12-29T11:56:16+00:00\",\"breadcrumb\":{\"@id\":\"https:\\\/\\\/prochaska.eu\\\/ro\\\/produs\\\/toro-super-recycler-masina-de-tuns-iarba-fara-fir-60v-set-21848\\\/#breadcrumb\"},\"inLanguage\":\"ro-RO\",\"potentialAction\":[{\"@type\":\"ReadAction\",\"target\":[\"https:\\\/\\\/prochaska.eu\\\/ro\\\/produs\\\/toro-super-recycler-masina-de-tuns-iarba-fara-fir-60v-set-21848\\\/\"]}]},{\"@type\":\"ImageObject\",\"inLanguage\":\"ro-RO\",\"@id\":\"https:\\\/\\\/prochaska.eu\\\/ro\\\/produs\\\/toro-super-recycler-masina-de-tuns-iarba-fara-fir-60v-set-21848\\\/#primaryimage\",\"url\":\"https:\\\/\\\/prochaska.eu\\\/wp-content\\\/uploads\\\/2024\\\/06\\\/rasenmaeher-toro-21848-prochaska-b1.jpg\",\"contentUrl\":\"https:\\\/\\\/prochaska.eu\\\/wp-content\\\/uploads\\\/2024\\\/06\\\/rasenmaeher-toro-21848-prochaska-b1.jpg\",\"width\":1440,\"height\":1440,\"caption\":\"ma\u0219in\u0103 de tuns iarba\"},{\"@type\":\"BreadcrumbList\",\"@id\":\"https:\\\/\\\/prochaska.eu\\\/ro\\\/produs\\\/toro-super-recycler-masina-de-tuns-iarba-fara-fir-60v-set-21848\\\/#breadcrumb\",\"itemListElement\":[{\"@type\":\"ListItem\",\"position\":1,\"name\":\"Home\",\"item\":\"https:\\\/\\\/prochaska.eu\\\/ro\\\/\"},{\"@type\":\"ListItem\",\"position\":2,\"name\":\"Shop\",\"item\":\"https:\\\/\\\/prochaska.eu\\\/ro\\\/shop\\\/\"},{\"@type\":\"ListItem\",\"position\":3,\"name\":\"Toro &#8211; Super-Recycler &#8211; Ma\u0219in\u0103 de tuns iarba f\u0103r\u0103 fir &#8211; 60V &#8211; Set &#8211; 21848\"}]},{\"@type\":\"WebSite\",\"@id\":\"https:\\\/\\\/prochaska.eu\\\/ro\\\/#website\",\"url\":\"https:\\\/\\\/prochaska.eu\\\/ro\\\/\",\"name\":\"Prochaska\",\"description\":\"Spezialist f\u00fcr Pflege von Gr\u00fcnfl\u00e4chen\",\"publisher\":{\"@id\":\"https:\\\/\\\/prochaska.eu\\\/ro\\\/#organization\"},\"potentialAction\":[{\"@type\":\"SearchAction\",\"target\":{\"@type\":\"EntryPoint\",\"urlTemplate\":\"https:\\\/\\\/prochaska.eu\\\/ro\\\/?s={search_term_string}\"},\"query-input\":{\"@type\":\"PropertyValueSpecification\",\"valueRequired\":true,\"valueName\":\"search_term_string\"}}],\"inLanguage\":\"ro-RO\"},{\"@type\":\"Organization\",\"@id\":\"https:\\\/\\\/prochaska.eu\\\/ro\\\/#organization\",\"name\":\"Prochaska\",\"url\":\"https:\\\/\\\/prochaska.eu\\\/ro\\\/\",\"logo\":{\"@type\":\"ImageObject\",\"inLanguage\":\"ro-RO\",\"@id\":\"https:\\\/\\\/prochaska.eu\\\/ro\\\/#\\\/schema\\\/logo\\\/image\\\/\",\"url\":\"https:\\\/\\\/prochaska.eu\\\/wp-content\\\/uploads\\\/2024\\\/04\\\/Prochaska_Logo_Black-1.png\",\"contentUrl\":\"https:\\\/\\\/prochaska.eu\\\/wp-content\\\/uploads\\\/2024\\\/04\\\/Prochaska_Logo_Black-1.png\",\"width\":796,\"height\":236,\"caption\":\"Prochaska\"},\"image\":{\"@id\":\"https:\\\/\\\/prochaska.eu\\\/ro\\\/#\\\/schema\\\/logo\\\/image\\\/\"},\"sameAs\":[\"https:\\\/\\\/www.facebook.com\\\/prochaska.eu\\\/\",\"https:\\\/\\\/www.instagram.com\\\/prochaska.eu\\\/\",\"https:\\\/\\\/www.linkedin.com\\\/company\\\/prochaska-handels-gmbh\"]}]}<\/script>\n<!-- \/ Yoast SEO plugin. -->","yoast_head_json":{"title":"Toro - Super-Recycler - Ma\u0219in\u0103 de tuns iarba f\u0103r\u0103 fir - 60V - Set - 21848 - Prochaska","robots":{"index":"index","follow":"follow","max-snippet":"max-snippet:-1","max-image-preview":"max-image-preview:large","max-video-preview":"max-video-preview:-1"},"canonical":"https:\/\/prochaska.eu\/ro\/produs\/toro-super-recycler-masina-de-tuns-iarba-fara-fir-60v-set-21848\/","og_locale":"ro_RO","og_type":"article","og_title":"Toro - Super-Recycler - Ma\u0219in\u0103 de tuns iarba f\u0103r\u0103 fir - 60V - Set - 21848 - Prochaska","og_description":"Datorit\u0103 tehnologiei inovatoare Toro Recycling Technology, Super Recycler 60V produce particule fine de iarb\u0103 \u00een timpul tunderii, care ofer\u0103 \u00eengrijire suplimentar\u0103 pentru gazon. Dispozitivul este livrat ca un set cu o baterie de 60V 6Ah \u0219i un \u00eenc\u0103rc\u0103tor universal.","og_url":"https:\/\/prochaska.eu\/ro\/produs\/toro-super-recycler-masina-de-tuns-iarba-fara-fir-60v-set-21848\/","og_site_name":"Prochaska","article_publisher":"https:\/\/www.facebook.com\/prochaska.eu\/","og_image":[{"width":1440,"height":1440,"url":"https:\/\/prochaska.eu\/wp-content\/uploads\/2024\/06\/rasenmaeher-toro-21848-prochaska-b1.jpg","type":"image\/jpeg"}],"twitter_card":"summary_large_image","twitter_misc":{"Timp estimat pentru citire":"1 minut"},"schema":{"@context":"https:\/\/schema.org","@graph":[{"@type":"WebPage","@id":"https:\/\/prochaska.eu\/ro\/produs\/toro-super-recycler-masina-de-tuns-iarba-fara-fir-60v-set-21848\/","url":"https:\/\/prochaska.eu\/ro\/produs\/toro-super-recycler-masina-de-tuns-iarba-fara-fir-60v-set-21848\/","name":"Toro - Super-Recycler - Ma\u0219in\u0103 de tuns iarba f\u0103r\u0103 fir - 60V - Set - 21848 - Prochaska","isPartOf":{"@id":"https:\/\/prochaska.eu\/ro\/#website"},"primaryImageOfPage":{"@id":"https:\/\/prochaska.eu\/ro\/produs\/toro-super-recycler-masina-de-tuns-iarba-fara-fir-60v-set-21848\/#primaryimage"},"image":{"@id":"https:\/\/prochaska.eu\/ro\/produs\/toro-super-recycler-masina-de-tuns-iarba-fara-fir-60v-set-21848\/#primaryimage"},"thumbnailUrl":"https:\/\/prochaska.eu\/wp-content\/uploads\/2024\/06\/rasenmaeher-toro-21848-prochaska-b1.jpg","datePublished":"2021-12-29T11:56:16+00:00","breadcrumb":{"@id":"https:\/\/prochaska.eu\/ro\/produs\/toro-super-recycler-masina-de-tuns-iarba-fara-fir-60v-set-21848\/#breadcrumb"},"inLanguage":"ro-RO","potentialAction":[{"@type":"ReadAction","target":["https:\/\/prochaska.eu\/ro\/produs\/toro-super-recycler-masina-de-tuns-iarba-fara-fir-60v-set-21848\/"]}]},{"@type":"ImageObject","inLanguage":"ro-RO","@id":"https:\/\/prochaska.eu\/ro\/produs\/toro-super-recycler-masina-de-tuns-iarba-fara-fir-60v-set-21848\/#primaryimage","url":"https:\/\/prochaska.eu\/wp-content\/uploads\/2024\/06\/rasenmaeher-toro-21848-prochaska-b1.jpg","contentUrl":"https:\/\/prochaska.eu\/wp-content\/uploads\/2024\/06\/rasenmaeher-toro-21848-prochaska-b1.jpg","width":1440,"height":1440,"caption":"ma\u0219in\u0103 de tuns iarba"},{"@type":"BreadcrumbList","@id":"https:\/\/prochaska.eu\/ro\/produs\/toro-super-recycler-masina-de-tuns-iarba-fara-fir-60v-set-21848\/#breadcrumb","itemListElement":[{"@type":"ListItem","position":1,"name":"Home","item":"https:\/\/prochaska.eu\/ro\/"},{"@type":"ListItem","position":2,"name":"Shop","item":"https:\/\/prochaska.eu\/ro\/shop\/"},{"@type":"ListItem","position":3,"name":"Toro &#8211; Super-Recycler &#8211; Ma\u0219in\u0103 de tuns iarba f\u0103r\u0103 fir &#8211; 60V &#8211; Set &#8211; 21848"}]},{"@type":"WebSite","@id":"https:\/\/prochaska.eu\/ro\/#website","url":"https:\/\/prochaska.eu\/ro\/","name":"Prochaska","description":"Spezialist f\u00fcr Pflege von Gr\u00fcnfl\u00e4chen","publisher":{"@id":"https:\/\/prochaska.eu\/ro\/#organization"},"potentialAction":[{"@type":"SearchAction","target":{"@type":"EntryPoint","urlTemplate":"https:\/\/prochaska.eu\/ro\/?s={search_term_string}"},"query-input":{"@type":"PropertyValueSpecification","valueRequired":true,"valueName":"search_term_string"}}],"inLanguage":"ro-RO"},{"@type":"Organization","@id":"https:\/\/prochaska.eu\/ro\/#organization","name":"Prochaska","url":"https:\/\/prochaska.eu\/ro\/","logo":{"@type":"ImageObject","inLanguage":"ro-RO","@id":"https:\/\/prochaska.eu\/ro\/#\/schema\/logo\/image\/","url":"https:\/\/prochaska.eu\/wp-content\/uploads\/2024\/04\/Prochaska_Logo_Black-1.png","contentUrl":"https:\/\/prochaska.eu\/wp-content\/uploads\/2024\/04\/Prochaska_Logo_Black-1.png","width":796,"height":236,"caption":"Prochaska"},"image":{"@id":"https:\/\/prochaska.eu\/ro\/#\/schema\/logo\/image\/"},"sameAs":["https:\/\/www.facebook.com\/prochaska.eu\/","https:\/\/www.instagram.com\/prochaska.eu\/","https:\/\/www.linkedin.com\/company\/prochaska-handels-gmbh"]}]}},"brands":[{"id":3073,"name":"Toro","slug":"toro-ro"}],"_links":{"self":[{"href":"https:\/\/prochaska.eu\/ro\/wp-json\/wp\/v2\/product\/24990","targetHints":{"allow":["GET"]}}],"collection":[{"href":"https:\/\/prochaska.eu\/ro\/wp-json\/wp\/v2\/product"}],"about":[{"href":"https:\/\/prochaska.eu\/ro\/wp-json\/wp\/v2\/types\/product"}],"version-history":[{"count":0,"href":"https:\/\/prochaska.eu\/ro\/wp-json\/wp\/v2\/product\/24990\/revisions"}],"wp:featuredmedia":[{"embeddable":true,"href":"https:\/\/prochaska.eu\/ro\/wp-json\/wp\/v2\/media\/22911"}],"wp:attachment":[{"href":"https:\/\/prochaska.eu\/ro\/wp-json\/wp\/v2\/media?parent=24990"}],"wp:term":[{"taxonomy":"pwb-brand","embeddable":true,"href":"https:\/\/prochaska.eu\/ro\/wp-json\/wp\/v2\/pwb-brand?post=24990"},{"taxonomy":"product_brand","embeddable":true,"href":"https:\/\/prochaska.eu\/ro\/wp-json\/wp\/v2\/product_brand?post=24990"},{"taxonomy":"product_cat","embeddable":true,"href":"https:\/\/prochaska.eu\/ro\/wp-json\/wp\/v2\/product_cat?post=24990"},{"taxonomy":"product_tag","embeddable":true,"href":"https:\/\/prochaska.eu\/ro\/wp-json\/wp\/v2\/product_tag?post=24990"}],"curies":[{"name":"wp","href":"https:\/\/api.w.org\/{rel}","templated":true}]}}