{"id":25163,"date":"2021-11-03T11:37:45","date_gmt":"2021-11-03T11:37:45","guid":{"rendered":"https:\/\/prochaska.eu\/product\/tractor-kioti-cs2520ch-ge\/"},"modified":"2021-11-03T11:37:45","modified_gmt":"2021-11-03T11:37:45","slug":"tractor-kioti-cs2520ch-ge","status":"publish","type":"product","link":"https:\/\/prochaska.eu\/ro\/produs\/tractor-kioti-cs2520ch-ge\/","title":{"rendered":"Tractor Kioti CS2520CH-GE"},"content":{"rendered":"<p>DINAMIC, MIC \u0218I COMPACT.<br \/>\nSeria versatil\u0103 CS de la <a href=\"https:\/\/www.prochaska.eu\/kioti\/\">Kioti<\/a> este u\u0219or de utilizat \u0219i are suficient\u0103 putere pentru a face fa\u021b\u0103 unei game largi de sarcini. Tractorul ideal pentru utilizare pe tot parcursul anului. Fie pentru colectarea frunzelor toamna, cur\u0103\u021barea z\u0103pezii iarna sau cositul prim\u0103vara, CS2520 ofer\u0103 o gam\u0103 larg\u0103 de op\u021biuni de configurare pentru a se adapta \u00een mod ideal la condi\u021bii. Modelul nostru CS2520CH-GE, cu o \u00een\u0103l\u021bime total\u0103 de numai aproximativ 202 cm, este echipat cu o cabin\u0103 confortabil\u0103, \u00eenc\u0103lzire, lumin\u0103 rotativ\u0103, lumini de lucru fa\u021b\u0103 \u0219i spate, \u0219terg\u0103tor de geam spate, \u00eenc\u0103lzire geam spate \u0219i lumin\u0103 rotativ\u0103. Cu o GARAN\u021aIE DE 5 ANI pentru motor \u0219i trenul de rulare, KIOTI stabile\u0219te noi standarde. Pre\u021b F\u0102R\u0102 anvelope<\/p>\n<h2>Func\u021bii<\/h2>\n<ul>\n<li>Cabin\u0103 confort Kioti cu pachet de izolare fonic\u0103 \u0219i \u00eenc\u0103lzire<\/li>\n<li>Trac\u021biune integral\u0103 selectabil\u0103 cu blocarea diferen\u021bialului<\/li>\n<li>Transmisie hidrostatic\u0103 \u00een 2 trepte cu comand\u0103 cu 2 pedale<\/li>\n<li>1 dw. Unitatea de comand\u0103 din spate<\/li>\n<li>PTO spate 540 rpm.<\/li>\n<li>PTO ax\u0103 intermediar\u0103 2000 rpm.<\/li>\n<li>Controlul vitezei de croazier\u0103<\/li>\n<li>Lumini de lucru fa\u021b\u0103\/ spate<\/li>\n<li>\u0218terg\u0103tor de parbriz spate<\/li>\n<li>\u00cenc\u0103lzire geamuri spate<\/li>\n<li>Lumin\u0103 rotativ\u0103<\/li>\n<\/ul>\n","protected":false},"excerpt":{"rendered":"<p>Tractorul compact <a href=\"https:\/\/www.prochaska.eu\/kioti\/\">Kioti<\/a> CS2520CH-GE impresioneaz\u0103 prin confortul s\u0103u extins, indiferent de situa\u021bia de lucru, \u0219i este echipat cu o cabin\u0103.<\/p>\n","protected":false},"featured_media":22602,"template":"","meta":[],"pwb-brand":[3081],"product_brand":[],"product_cat":[1521,1369],"product_tag":[],"class_list":{"0":"post-25163","1":"product","2":"type-product","3":"status-publish","4":"has-post-thumbnail","6":"pwb-brand-kioti-ro","7":"product_cat-municipal-terenuri-de-sport-si-agricultura","8":"product_cat-tractoare","10":"first","11":"instock","12":"taxable","13":"shipping-taxable","14":"product-type-simple"},"yoast_head":"<!-- This site is optimized with the Yoast SEO plugin v27.4 - https:\/\/yoast.com\/product\/yoast-seo-wordpress\/ -->\n<title>Tractor Kioti CS2520CH-GE - Prochaska<\/title>\n<meta name=\"robots\" content=\"index, follow, max-snippet:-1, max-image-preview:large, max-video-preview:-1\" \/>\n<link rel=\"canonical\" href=\"https:\/\/prochaska.eu\/ro\/produs\/tractor-kioti-cs2520ch-ge\/\" \/>\n<meta property=\"og:locale\" content=\"ro_RO\" \/>\n<meta property=\"og:type\" content=\"article\" \/>\n<meta property=\"og:title\" content=\"Tractor Kioti CS2520CH-GE - Prochaska\" \/>\n<meta property=\"og:description\" content=\"Tractorul compact Kioti CS2520CH-GE impresioneaz\u0103 prin confortul s\u0103u extins, indiferent de situa\u021bia de lucru, \u0219i este echipat cu o cabin\u0103.\" \/>\n<meta property=\"og:url\" content=\"https:\/\/prochaska.eu\/ro\/produs\/tractor-kioti-cs2520ch-ge\/\" \/>\n<meta property=\"og:site_name\" content=\"Prochaska\" \/>\n<meta property=\"article:publisher\" content=\"https:\/\/www.facebook.com\/prochaska.eu\/\" \/>\n<meta property=\"og:image\" content=\"https:\/\/prochaska.eu\/wp-content\/uploads\/2024\/06\/traktor-kioti-CS2520CH-GE-prochaska-b1-e1719920501501.jpg\" \/>\n\t<meta property=\"og:image:width\" content=\"1440\" \/>\n\t<meta property=\"og:image:height\" content=\"1440\" \/>\n\t<meta property=\"og:image:type\" content=\"image\/jpeg\" \/>\n<meta name=\"twitter:card\" content=\"summary_large_image\" \/>\n<meta name=\"twitter:label1\" content=\"Timp estimat pentru citire\" \/>\n\t<meta name=\"twitter:data1\" content=\"1 minut\" \/>\n<script type=\"application\/ld+json\" class=\"yoast-schema-graph\">{\"@context\":\"https:\\\/\\\/schema.org\",\"@graph\":[{\"@type\":\"WebPage\",\"@id\":\"https:\\\/\\\/prochaska.eu\\\/ro\\\/produs\\\/tractor-kioti-cs2520ch-ge\\\/\",\"url\":\"https:\\\/\\\/prochaska.eu\\\/ro\\\/produs\\\/tractor-kioti-cs2520ch-ge\\\/\",\"name\":\"Tractor Kioti CS2520CH-GE - Prochaska\",\"isPartOf\":{\"@id\":\"https:\\\/\\\/prochaska.eu\\\/ro\\\/#website\"},\"primaryImageOfPage\":{\"@id\":\"https:\\\/\\\/prochaska.eu\\\/ro\\\/produs\\\/tractor-kioti-cs2520ch-ge\\\/#primaryimage\"},\"image\":{\"@id\":\"https:\\\/\\\/prochaska.eu\\\/ro\\\/produs\\\/tractor-kioti-cs2520ch-ge\\\/#primaryimage\"},\"thumbnailUrl\":\"https:\\\/\\\/prochaska.eu\\\/wp-content\\\/uploads\\\/2024\\\/06\\\/traktor-kioti-CS2520CH-GE-prochaska-b1-e1719920501501.jpg\",\"datePublished\":\"2021-11-03T11:37:45+00:00\",\"breadcrumb\":{\"@id\":\"https:\\\/\\\/prochaska.eu\\\/ro\\\/produs\\\/tractor-kioti-cs2520ch-ge\\\/#breadcrumb\"},\"inLanguage\":\"ro-RO\",\"potentialAction\":[{\"@type\":\"ReadAction\",\"target\":[\"https:\\\/\\\/prochaska.eu\\\/ro\\\/produs\\\/tractor-kioti-cs2520ch-ge\\\/\"]}]},{\"@type\":\"ImageObject\",\"inLanguage\":\"ro-RO\",\"@id\":\"https:\\\/\\\/prochaska.eu\\\/ro\\\/produs\\\/tractor-kioti-cs2520ch-ge\\\/#primaryimage\",\"url\":\"https:\\\/\\\/prochaska.eu\\\/wp-content\\\/uploads\\\/2024\\\/06\\\/traktor-kioti-CS2520CH-GE-prochaska-b1-e1719920501501.jpg\",\"contentUrl\":\"https:\\\/\\\/prochaska.eu\\\/wp-content\\\/uploads\\\/2024\\\/06\\\/traktor-kioti-CS2520CH-GE-prochaska-b1-e1719920501501.jpg\",\"width\":1440,\"height\":1440},{\"@type\":\"BreadcrumbList\",\"@id\":\"https:\\\/\\\/prochaska.eu\\\/ro\\\/produs\\\/tractor-kioti-cs2520ch-ge\\\/#breadcrumb\",\"itemListElement\":[{\"@type\":\"ListItem\",\"position\":1,\"name\":\"Home\",\"item\":\"https:\\\/\\\/prochaska.eu\\\/ro\\\/\"},{\"@type\":\"ListItem\",\"position\":2,\"name\":\"Shop\",\"item\":\"https:\\\/\\\/prochaska.eu\\\/ro\\\/shop\\\/\"},{\"@type\":\"ListItem\",\"position\":3,\"name\":\"Tractor Kioti CS2520CH-GE\"}]},{\"@type\":\"WebSite\",\"@id\":\"https:\\\/\\\/prochaska.eu\\\/ro\\\/#website\",\"url\":\"https:\\\/\\\/prochaska.eu\\\/ro\\\/\",\"name\":\"Prochaska\",\"description\":\"Spezialist f\u00fcr Pflege von Gr\u00fcnfl\u00e4chen\",\"publisher\":{\"@id\":\"https:\\\/\\\/prochaska.eu\\\/ro\\\/#organization\"},\"potentialAction\":[{\"@type\":\"SearchAction\",\"target\":{\"@type\":\"EntryPoint\",\"urlTemplate\":\"https:\\\/\\\/prochaska.eu\\\/ro\\\/?s={search_term_string}\"},\"query-input\":{\"@type\":\"PropertyValueSpecification\",\"valueRequired\":true,\"valueName\":\"search_term_string\"}}],\"inLanguage\":\"ro-RO\"},{\"@type\":\"Organization\",\"@id\":\"https:\\\/\\\/prochaska.eu\\\/ro\\\/#organization\",\"name\":\"Prochaska\",\"url\":\"https:\\\/\\\/prochaska.eu\\\/ro\\\/\",\"logo\":{\"@type\":\"ImageObject\",\"inLanguage\":\"ro-RO\",\"@id\":\"https:\\\/\\\/prochaska.eu\\\/ro\\\/#\\\/schema\\\/logo\\\/image\\\/\",\"url\":\"https:\\\/\\\/prochaska.eu\\\/wp-content\\\/uploads\\\/2024\\\/04\\\/Prochaska_Logo_Black-1.png\",\"contentUrl\":\"https:\\\/\\\/prochaska.eu\\\/wp-content\\\/uploads\\\/2024\\\/04\\\/Prochaska_Logo_Black-1.png\",\"width\":796,\"height\":236,\"caption\":\"Prochaska\"},\"image\":{\"@id\":\"https:\\\/\\\/prochaska.eu\\\/ro\\\/#\\\/schema\\\/logo\\\/image\\\/\"},\"sameAs\":[\"https:\\\/\\\/www.facebook.com\\\/prochaska.eu\\\/\",\"https:\\\/\\\/www.instagram.com\\\/prochaska.eu\\\/\",\"https:\\\/\\\/www.linkedin.com\\\/company\\\/prochaska-handels-gmbh\"]}]}<\/script>\n<!-- \/ Yoast SEO plugin. -->","yoast_head_json":{"title":"Tractor Kioti CS2520CH-GE - Prochaska","robots":{"index":"index","follow":"follow","max-snippet":"max-snippet:-1","max-image-preview":"max-image-preview:large","max-video-preview":"max-video-preview:-1"},"canonical":"https:\/\/prochaska.eu\/ro\/produs\/tractor-kioti-cs2520ch-ge\/","og_locale":"ro_RO","og_type":"article","og_title":"Tractor Kioti CS2520CH-GE - Prochaska","og_description":"Tractorul compact Kioti CS2520CH-GE impresioneaz\u0103 prin confortul s\u0103u extins, indiferent de situa\u021bia de lucru, \u0219i este echipat cu o cabin\u0103.","og_url":"https:\/\/prochaska.eu\/ro\/produs\/tractor-kioti-cs2520ch-ge\/","og_site_name":"Prochaska","article_publisher":"https:\/\/www.facebook.com\/prochaska.eu\/","og_image":[{"width":1440,"height":1440,"url":"https:\/\/prochaska.eu\/wp-content\/uploads\/2024\/06\/traktor-kioti-CS2520CH-GE-prochaska-b1-e1719920501501.jpg","type":"image\/jpeg"}],"twitter_card":"summary_large_image","twitter_misc":{"Timp estimat pentru citire":"1 minut"},"schema":{"@context":"https:\/\/schema.org","@graph":[{"@type":"WebPage","@id":"https:\/\/prochaska.eu\/ro\/produs\/tractor-kioti-cs2520ch-ge\/","url":"https:\/\/prochaska.eu\/ro\/produs\/tractor-kioti-cs2520ch-ge\/","name":"Tractor Kioti CS2520CH-GE - Prochaska","isPartOf":{"@id":"https:\/\/prochaska.eu\/ro\/#website"},"primaryImageOfPage":{"@id":"https:\/\/prochaska.eu\/ro\/produs\/tractor-kioti-cs2520ch-ge\/#primaryimage"},"image":{"@id":"https:\/\/prochaska.eu\/ro\/produs\/tractor-kioti-cs2520ch-ge\/#primaryimage"},"thumbnailUrl":"https:\/\/prochaska.eu\/wp-content\/uploads\/2024\/06\/traktor-kioti-CS2520CH-GE-prochaska-b1-e1719920501501.jpg","datePublished":"2021-11-03T11:37:45+00:00","breadcrumb":{"@id":"https:\/\/prochaska.eu\/ro\/produs\/tractor-kioti-cs2520ch-ge\/#breadcrumb"},"inLanguage":"ro-RO","potentialAction":[{"@type":"ReadAction","target":["https:\/\/prochaska.eu\/ro\/produs\/tractor-kioti-cs2520ch-ge\/"]}]},{"@type":"ImageObject","inLanguage":"ro-RO","@id":"https:\/\/prochaska.eu\/ro\/produs\/tractor-kioti-cs2520ch-ge\/#primaryimage","url":"https:\/\/prochaska.eu\/wp-content\/uploads\/2024\/06\/traktor-kioti-CS2520CH-GE-prochaska-b1-e1719920501501.jpg","contentUrl":"https:\/\/prochaska.eu\/wp-content\/uploads\/2024\/06\/traktor-kioti-CS2520CH-GE-prochaska-b1-e1719920501501.jpg","width":1440,"height":1440},{"@type":"BreadcrumbList","@id":"https:\/\/prochaska.eu\/ro\/produs\/tractor-kioti-cs2520ch-ge\/#breadcrumb","itemListElement":[{"@type":"ListItem","position":1,"name":"Home","item":"https:\/\/prochaska.eu\/ro\/"},{"@type":"ListItem","position":2,"name":"Shop","item":"https:\/\/prochaska.eu\/ro\/shop\/"},{"@type":"ListItem","position":3,"name":"Tractor Kioti CS2520CH-GE"}]},{"@type":"WebSite","@id":"https:\/\/prochaska.eu\/ro\/#website","url":"https:\/\/prochaska.eu\/ro\/","name":"Prochaska","description":"Spezialist f\u00fcr Pflege von Gr\u00fcnfl\u00e4chen","publisher":{"@id":"https:\/\/prochaska.eu\/ro\/#organization"},"potentialAction":[{"@type":"SearchAction","target":{"@type":"EntryPoint","urlTemplate":"https:\/\/prochaska.eu\/ro\/?s={search_term_string}"},"query-input":{"@type":"PropertyValueSpecification","valueRequired":true,"valueName":"search_term_string"}}],"inLanguage":"ro-RO"},{"@type":"Organization","@id":"https:\/\/prochaska.eu\/ro\/#organization","name":"Prochaska","url":"https:\/\/prochaska.eu\/ro\/","logo":{"@type":"ImageObject","inLanguage":"ro-RO","@id":"https:\/\/prochaska.eu\/ro\/#\/schema\/logo\/image\/","url":"https:\/\/prochaska.eu\/wp-content\/uploads\/2024\/04\/Prochaska_Logo_Black-1.png","contentUrl":"https:\/\/prochaska.eu\/wp-content\/uploads\/2024\/04\/Prochaska_Logo_Black-1.png","width":796,"height":236,"caption":"Prochaska"},"image":{"@id":"https:\/\/prochaska.eu\/ro\/#\/schema\/logo\/image\/"},"sameAs":["https:\/\/www.facebook.com\/prochaska.eu\/","https:\/\/www.instagram.com\/prochaska.eu\/","https:\/\/www.linkedin.com\/company\/prochaska-handels-gmbh"]}]}},"brands":[{"id":3081,"name":"Kioti","slug":"kioti-ro"}],"_links":{"self":[{"href":"https:\/\/prochaska.eu\/ro\/wp-json\/wp\/v2\/product\/25163","targetHints":{"allow":["GET"]}}],"collection":[{"href":"https:\/\/prochaska.eu\/ro\/wp-json\/wp\/v2\/product"}],"about":[{"href":"https:\/\/prochaska.eu\/ro\/wp-json\/wp\/v2\/types\/product"}],"version-history":[{"count":0,"href":"https:\/\/prochaska.eu\/ro\/wp-json\/wp\/v2\/product\/25163\/revisions"}],"wp:featuredmedia":[{"embeddable":true,"href":"https:\/\/prochaska.eu\/ro\/wp-json\/wp\/v2\/media\/22602"}],"wp:attachment":[{"href":"https:\/\/prochaska.eu\/ro\/wp-json\/wp\/v2\/media?parent=25163"}],"wp:term":[{"taxonomy":"pwb-brand","embeddable":true,"href":"https:\/\/prochaska.eu\/ro\/wp-json\/wp\/v2\/pwb-brand?post=25163"},{"taxonomy":"product_brand","embeddable":true,"href":"https:\/\/prochaska.eu\/ro\/wp-json\/wp\/v2\/product_brand?post=25163"},{"taxonomy":"product_cat","embeddable":true,"href":"https:\/\/prochaska.eu\/ro\/wp-json\/wp\/v2\/product_cat?post=25163"},{"taxonomy":"product_tag","embeddable":true,"href":"https:\/\/prochaska.eu\/ro\/wp-json\/wp\/v2\/product_tag?post=25163"}],"curies":[{"name":"wp","href":"https:\/\/api.w.org\/{rel}","templated":true}]}}