{"id":25173,"date":"2021-11-04T11:06:03","date_gmt":"2021-11-04T11:06:03","guid":{"rendered":"https:\/\/prochaska.eu\/product\/tractor-kioti-dk6020ch-eu-incl-pachet-de-servicii-de-iarna\/"},"modified":"2025-04-28T07:41:16","modified_gmt":"2025-04-28T07:41:16","slug":"tractor-kioti-dk6020ch-eu-incl-pachet-de-servicii-de-iarna","status":"publish","type":"product","link":"https:\/\/prochaska.eu\/ro\/produs\/tractor-kioti-dk6020ch-eu-incl-pachet-de-servicii-de-iarna\/","title":{"rendered":"Tractor Kioti DK6020CH-EU incl. Pachet de servicii de iarn\u0103"},"content":{"rendered":"<p>Puternic, solid \u0219i sprinten.<br \/>\nSeria DK de la <a href=\"https:\/\/www.prochaska.eu\/kioti\/\">Kioti<\/a> este utilizat\u0103 ca tractor cu cabin\u0103 pentru servicii de iarn\u0103, acolo unde sunt necesare putere \u0219i fiabilitate. Tractor compact cu trac\u021biune integral\u0103 selectabil\u0103, versiune cu cabin\u0103 confort \u0219i aer condi\u021bionat. Modelul nostru de ac\u021biune de iarn\u0103 cu o \u00een\u0103l\u021bime total\u0103 de 236 cm, cu trac\u021biune hidrostatic\u0103, este complet echipat cu o cabin\u0103 confort, \u00eenc\u0103lzire, aer condi\u021bionat, lumin\u0103 rotativ\u0103, lumini de lucru fa\u021b\u0103 \u0219i spate, \u00eenc\u0103lzirea geamului din spate, ridicare frontal\u0103 hidraulic\u0103, lam\u0103 de z\u0103pad\u0103 de 220 cm \u0219i \u00eempr\u0103\u0219tiere cu discuri din o\u021bel inoxidabil cu o capacitate de 360 litri (aprox. 600 kg). Cu o GARAN\u021aIE DE 5 ANI pentru motor \u0219i transmisie, KIOTI stabile\u0219te noi standarde.<\/p>\n<h2>Func\u021bii<\/h2>\n<ul>\n<li>Cabin\u0103 confort Kioti cu pachet de izolare fonic\u0103 \u0219i \u00eenc\u0103lzire \u0219i aer condi\u021bionat<\/li>\n<li>Trac\u021biune integral\u0103 selectabil\u0103 cu blocarea diferen\u021bialului<\/li>\n<li>Transmisie hidrostatic\u0103 \u00een 3 trepte cu comand\u0103 cu 2 pedale<\/li>\n<li>Anvelope radiale cu l\u0103\u021bime total\u0103 de 160 cm<\/li>\n<li>2 dw. Unitatea de comand\u0103 din spate<\/li>\n<li>PTO spate 540 rpm.<\/li>\n<li>Controlul vitezei de croazier\u0103<\/li>\n<li>Transmisie automat\u0103 (HST Easy Speed)<\/li>\n<li>Lumini de lucru fa\u021b\u0103\/ spate<\/li>\n<li>\u0218terg\u0103tor de parbriz spate<\/li>\n<li>\u00cenc\u0103lzire geamuri spate<\/li>\n<li>Lumin\u0103 rotativ\u0103<\/li>\n<li>Radio MP3 Bluetooth<\/li>\n<li>Plug de z\u0103pad\u0103 solid\u0103 220 cm<\/li>\n<li>Dispozitiv de \u00eempr\u0103\u0219tiere cu discuri din o\u021bel inoxidabil de 360 de litri cu control electric al ratei de \u00eempr\u0103\u0219tiere \u0219i suport pentru lopat\u0103\/m\u0103tur\u0103<\/li>\n<\/ul>\n","protected":false},"excerpt":{"rendered":"<p>DK6020CH de la <a href=\"http:\/\/prochaska.eu\/toro\">Kioti<\/a>, care include lam\u0103 de z\u0103pad\u0103 \u0219i disc de \u00eempr\u0103\u0219tiere din o\u021bel inoxidabil, este partenerul ideal pentru \u00eentre\u021binerea pe timp de iarn\u0103.<\/p>\n","protected":false},"featured_media":22650,"template":"","meta":[],"pwb-brand":[3081],"product_brand":[],"product_cat":[1521,1369],"product_tag":[],"class_list":{"0":"post-25173","1":"product","2":"type-product","3":"status-publish","4":"has-post-thumbnail","6":"pwb-brand-kioti-ro","7":"product_cat-municipal-terenuri-de-sport-si-agricultura","8":"product_cat-tractoare","10":"first","11":"instock","12":"taxable","13":"shipping-taxable","14":"product-type-simple"},"yoast_head":"<!-- This site is optimized with the Yoast SEO plugin v27.4 - https:\/\/yoast.com\/product\/yoast-seo-wordpress\/ -->\n<title>Tractor Kioti DK6020CH-EU incl. Pachet de servicii de iarn\u0103 - Prochaska<\/title>\n<meta name=\"robots\" content=\"index, follow, max-snippet:-1, max-image-preview:large, max-video-preview:-1\" \/>\n<link rel=\"canonical\" href=\"https:\/\/prochaska.eu\/ro\/produs\/tractor-kioti-dk6020ch-eu-incl-pachet-de-servicii-de-iarna\/\" \/>\n<meta property=\"og:locale\" content=\"ro_RO\" \/>\n<meta property=\"og:type\" content=\"article\" \/>\n<meta property=\"og:title\" content=\"Tractor Kioti DK6020CH-EU incl. Pachet de servicii de iarn\u0103 - Prochaska\" \/>\n<meta property=\"og:description\" content=\"DK6020CH de la Kioti, care include lam\u0103 de z\u0103pad\u0103 \u0219i disc de \u00eempr\u0103\u0219tiere din o\u021bel inoxidabil, este partenerul ideal pentru \u00eentre\u021binerea pe timp de iarn\u0103.\" \/>\n<meta property=\"og:url\" content=\"https:\/\/prochaska.eu\/ro\/produs\/tractor-kioti-dk6020ch-eu-incl-pachet-de-servicii-de-iarna\/\" \/>\n<meta property=\"og:site_name\" content=\"Prochaska\" \/>\n<meta property=\"article:publisher\" content=\"https:\/\/www.facebook.com\/prochaska.eu\/\" \/>\n<meta property=\"article:modified_time\" content=\"2025-04-28T07:41:16+00:00\" \/>\n<meta property=\"og:image\" content=\"https:\/\/prochaska.eu\/wp-content\/uploads\/2024\/06\/traktor-kioti-dk6020c-eu-prochaska-b1.jpg\" \/>\n\t<meta property=\"og:image:width\" content=\"1440\" \/>\n\t<meta property=\"og:image:height\" content=\"1440\" \/>\n\t<meta property=\"og:image:type\" content=\"image\/jpeg\" \/>\n<meta name=\"twitter:card\" content=\"summary_large_image\" \/>\n<meta name=\"twitter:label1\" content=\"Timp estimat pentru citire\" \/>\n\t<meta name=\"twitter:data1\" content=\"1 minut\" \/>\n<script type=\"application\/ld+json\" class=\"yoast-schema-graph\">{\"@context\":\"https:\\\/\\\/schema.org\",\"@graph\":[{\"@type\":\"WebPage\",\"@id\":\"https:\\\/\\\/prochaska.eu\\\/ro\\\/produs\\\/tractor-kioti-dk6020ch-eu-incl-pachet-de-servicii-de-iarna\\\/\",\"url\":\"https:\\\/\\\/prochaska.eu\\\/ro\\\/produs\\\/tractor-kioti-dk6020ch-eu-incl-pachet-de-servicii-de-iarna\\\/\",\"name\":\"Tractor Kioti DK6020CH-EU incl. Pachet de servicii de iarn\u0103 - Prochaska\",\"isPartOf\":{\"@id\":\"https:\\\/\\\/prochaska.eu\\\/ro\\\/#website\"},\"primaryImageOfPage\":{\"@id\":\"https:\\\/\\\/prochaska.eu\\\/ro\\\/produs\\\/tractor-kioti-dk6020ch-eu-incl-pachet-de-servicii-de-iarna\\\/#primaryimage\"},\"image\":{\"@id\":\"https:\\\/\\\/prochaska.eu\\\/ro\\\/produs\\\/tractor-kioti-dk6020ch-eu-incl-pachet-de-servicii-de-iarna\\\/#primaryimage\"},\"thumbnailUrl\":\"https:\\\/\\\/prochaska.eu\\\/wp-content\\\/uploads\\\/2024\\\/06\\\/traktor-kioti-dk6020c-eu-prochaska-b1.jpg\",\"datePublished\":\"2021-11-04T11:06:03+00:00\",\"dateModified\":\"2025-04-28T07:41:16+00:00\",\"breadcrumb\":{\"@id\":\"https:\\\/\\\/prochaska.eu\\\/ro\\\/produs\\\/tractor-kioti-dk6020ch-eu-incl-pachet-de-servicii-de-iarna\\\/#breadcrumb\"},\"inLanguage\":\"ro-RO\",\"potentialAction\":[{\"@type\":\"ReadAction\",\"target\":[\"https:\\\/\\\/prochaska.eu\\\/ro\\\/produs\\\/tractor-kioti-dk6020ch-eu-incl-pachet-de-servicii-de-iarna\\\/\"]}]},{\"@type\":\"ImageObject\",\"inLanguage\":\"ro-RO\",\"@id\":\"https:\\\/\\\/prochaska.eu\\\/ro\\\/produs\\\/tractor-kioti-dk6020ch-eu-incl-pachet-de-servicii-de-iarna\\\/#primaryimage\",\"url\":\"https:\\\/\\\/prochaska.eu\\\/wp-content\\\/uploads\\\/2024\\\/06\\\/traktor-kioti-dk6020c-eu-prochaska-b1.jpg\",\"contentUrl\":\"https:\\\/\\\/prochaska.eu\\\/wp-content\\\/uploads\\\/2024\\\/06\\\/traktor-kioti-dk6020c-eu-prochaska-b1.jpg\",\"width\":1440,\"height\":1440,\"caption\":\"Tractor Kioti DK6020C-EU\"},{\"@type\":\"BreadcrumbList\",\"@id\":\"https:\\\/\\\/prochaska.eu\\\/ro\\\/produs\\\/tractor-kioti-dk6020ch-eu-incl-pachet-de-servicii-de-iarna\\\/#breadcrumb\",\"itemListElement\":[{\"@type\":\"ListItem\",\"position\":1,\"name\":\"Home\",\"item\":\"https:\\\/\\\/prochaska.eu\\\/ro\\\/\"},{\"@type\":\"ListItem\",\"position\":2,\"name\":\"Shop\",\"item\":\"https:\\\/\\\/prochaska.eu\\\/ro\\\/shop\\\/\"},{\"@type\":\"ListItem\",\"position\":3,\"name\":\"Tractor Kioti DK6020CH-EU incl. Pachet de servicii de iarn\u0103\"}]},{\"@type\":\"WebSite\",\"@id\":\"https:\\\/\\\/prochaska.eu\\\/ro\\\/#website\",\"url\":\"https:\\\/\\\/prochaska.eu\\\/ro\\\/\",\"name\":\"Prochaska\",\"description\":\"Spezialist f\u00fcr Pflege von Gr\u00fcnfl\u00e4chen\",\"publisher\":{\"@id\":\"https:\\\/\\\/prochaska.eu\\\/ro\\\/#organization\"},\"potentialAction\":[{\"@type\":\"SearchAction\",\"target\":{\"@type\":\"EntryPoint\",\"urlTemplate\":\"https:\\\/\\\/prochaska.eu\\\/ro\\\/?s={search_term_string}\"},\"query-input\":{\"@type\":\"PropertyValueSpecification\",\"valueRequired\":true,\"valueName\":\"search_term_string\"}}],\"inLanguage\":\"ro-RO\"},{\"@type\":\"Organization\",\"@id\":\"https:\\\/\\\/prochaska.eu\\\/ro\\\/#organization\",\"name\":\"Prochaska\",\"url\":\"https:\\\/\\\/prochaska.eu\\\/ro\\\/\",\"logo\":{\"@type\":\"ImageObject\",\"inLanguage\":\"ro-RO\",\"@id\":\"https:\\\/\\\/prochaska.eu\\\/ro\\\/#\\\/schema\\\/logo\\\/image\\\/\",\"url\":\"https:\\\/\\\/prochaska.eu\\\/wp-content\\\/uploads\\\/2024\\\/04\\\/Prochaska_Logo_Black-1.png\",\"contentUrl\":\"https:\\\/\\\/prochaska.eu\\\/wp-content\\\/uploads\\\/2024\\\/04\\\/Prochaska_Logo_Black-1.png\",\"width\":796,\"height\":236,\"caption\":\"Prochaska\"},\"image\":{\"@id\":\"https:\\\/\\\/prochaska.eu\\\/ro\\\/#\\\/schema\\\/logo\\\/image\\\/\"},\"sameAs\":[\"https:\\\/\\\/www.facebook.com\\\/prochaska.eu\\\/\",\"https:\\\/\\\/www.instagram.com\\\/prochaska.eu\\\/\",\"https:\\\/\\\/www.linkedin.com\\\/company\\\/prochaska-handels-gmbh\"]}]}<\/script>\n<!-- \/ Yoast SEO plugin. -->","yoast_head_json":{"title":"Tractor Kioti DK6020CH-EU incl. Pachet de servicii de iarn\u0103 - Prochaska","robots":{"index":"index","follow":"follow","max-snippet":"max-snippet:-1","max-image-preview":"max-image-preview:large","max-video-preview":"max-video-preview:-1"},"canonical":"https:\/\/prochaska.eu\/ro\/produs\/tractor-kioti-dk6020ch-eu-incl-pachet-de-servicii-de-iarna\/","og_locale":"ro_RO","og_type":"article","og_title":"Tractor Kioti DK6020CH-EU incl. Pachet de servicii de iarn\u0103 - Prochaska","og_description":"DK6020CH de la Kioti, care include lam\u0103 de z\u0103pad\u0103 \u0219i disc de \u00eempr\u0103\u0219tiere din o\u021bel inoxidabil, este partenerul ideal pentru \u00eentre\u021binerea pe timp de iarn\u0103.","og_url":"https:\/\/prochaska.eu\/ro\/produs\/tractor-kioti-dk6020ch-eu-incl-pachet-de-servicii-de-iarna\/","og_site_name":"Prochaska","article_publisher":"https:\/\/www.facebook.com\/prochaska.eu\/","article_modified_time":"2025-04-28T07:41:16+00:00","og_image":[{"width":1440,"height":1440,"url":"https:\/\/prochaska.eu\/wp-content\/uploads\/2024\/06\/traktor-kioti-dk6020c-eu-prochaska-b1.jpg","type":"image\/jpeg"}],"twitter_card":"summary_large_image","twitter_misc":{"Timp estimat pentru citire":"1 minut"},"schema":{"@context":"https:\/\/schema.org","@graph":[{"@type":"WebPage","@id":"https:\/\/prochaska.eu\/ro\/produs\/tractor-kioti-dk6020ch-eu-incl-pachet-de-servicii-de-iarna\/","url":"https:\/\/prochaska.eu\/ro\/produs\/tractor-kioti-dk6020ch-eu-incl-pachet-de-servicii-de-iarna\/","name":"Tractor Kioti DK6020CH-EU incl. Pachet de servicii de iarn\u0103 - Prochaska","isPartOf":{"@id":"https:\/\/prochaska.eu\/ro\/#website"},"primaryImageOfPage":{"@id":"https:\/\/prochaska.eu\/ro\/produs\/tractor-kioti-dk6020ch-eu-incl-pachet-de-servicii-de-iarna\/#primaryimage"},"image":{"@id":"https:\/\/prochaska.eu\/ro\/produs\/tractor-kioti-dk6020ch-eu-incl-pachet-de-servicii-de-iarna\/#primaryimage"},"thumbnailUrl":"https:\/\/prochaska.eu\/wp-content\/uploads\/2024\/06\/traktor-kioti-dk6020c-eu-prochaska-b1.jpg","datePublished":"2021-11-04T11:06:03+00:00","dateModified":"2025-04-28T07:41:16+00:00","breadcrumb":{"@id":"https:\/\/prochaska.eu\/ro\/produs\/tractor-kioti-dk6020ch-eu-incl-pachet-de-servicii-de-iarna\/#breadcrumb"},"inLanguage":"ro-RO","potentialAction":[{"@type":"ReadAction","target":["https:\/\/prochaska.eu\/ro\/produs\/tractor-kioti-dk6020ch-eu-incl-pachet-de-servicii-de-iarna\/"]}]},{"@type":"ImageObject","inLanguage":"ro-RO","@id":"https:\/\/prochaska.eu\/ro\/produs\/tractor-kioti-dk6020ch-eu-incl-pachet-de-servicii-de-iarna\/#primaryimage","url":"https:\/\/prochaska.eu\/wp-content\/uploads\/2024\/06\/traktor-kioti-dk6020c-eu-prochaska-b1.jpg","contentUrl":"https:\/\/prochaska.eu\/wp-content\/uploads\/2024\/06\/traktor-kioti-dk6020c-eu-prochaska-b1.jpg","width":1440,"height":1440,"caption":"Tractor Kioti DK6020C-EU"},{"@type":"BreadcrumbList","@id":"https:\/\/prochaska.eu\/ro\/produs\/tractor-kioti-dk6020ch-eu-incl-pachet-de-servicii-de-iarna\/#breadcrumb","itemListElement":[{"@type":"ListItem","position":1,"name":"Home","item":"https:\/\/prochaska.eu\/ro\/"},{"@type":"ListItem","position":2,"name":"Shop","item":"https:\/\/prochaska.eu\/ro\/shop\/"},{"@type":"ListItem","position":3,"name":"Tractor Kioti DK6020CH-EU incl. Pachet de servicii de iarn\u0103"}]},{"@type":"WebSite","@id":"https:\/\/prochaska.eu\/ro\/#website","url":"https:\/\/prochaska.eu\/ro\/","name":"Prochaska","description":"Spezialist f\u00fcr Pflege von Gr\u00fcnfl\u00e4chen","publisher":{"@id":"https:\/\/prochaska.eu\/ro\/#organization"},"potentialAction":[{"@type":"SearchAction","target":{"@type":"EntryPoint","urlTemplate":"https:\/\/prochaska.eu\/ro\/?s={search_term_string}"},"query-input":{"@type":"PropertyValueSpecification","valueRequired":true,"valueName":"search_term_string"}}],"inLanguage":"ro-RO"},{"@type":"Organization","@id":"https:\/\/prochaska.eu\/ro\/#organization","name":"Prochaska","url":"https:\/\/prochaska.eu\/ro\/","logo":{"@type":"ImageObject","inLanguage":"ro-RO","@id":"https:\/\/prochaska.eu\/ro\/#\/schema\/logo\/image\/","url":"https:\/\/prochaska.eu\/wp-content\/uploads\/2024\/04\/Prochaska_Logo_Black-1.png","contentUrl":"https:\/\/prochaska.eu\/wp-content\/uploads\/2024\/04\/Prochaska_Logo_Black-1.png","width":796,"height":236,"caption":"Prochaska"},"image":{"@id":"https:\/\/prochaska.eu\/ro\/#\/schema\/logo\/image\/"},"sameAs":["https:\/\/www.facebook.com\/prochaska.eu\/","https:\/\/www.instagram.com\/prochaska.eu\/","https:\/\/www.linkedin.com\/company\/prochaska-handels-gmbh"]}]}},"brands":[{"id":3081,"name":"Kioti","slug":"kioti-ro"}],"_links":{"self":[{"href":"https:\/\/prochaska.eu\/ro\/wp-json\/wp\/v2\/product\/25173","targetHints":{"allow":["GET"]}}],"collection":[{"href":"https:\/\/prochaska.eu\/ro\/wp-json\/wp\/v2\/product"}],"about":[{"href":"https:\/\/prochaska.eu\/ro\/wp-json\/wp\/v2\/types\/product"}],"version-history":[{"count":0,"href":"https:\/\/prochaska.eu\/ro\/wp-json\/wp\/v2\/product\/25173\/revisions"}],"wp:featuredmedia":[{"embeddable":true,"href":"https:\/\/prochaska.eu\/ro\/wp-json\/wp\/v2\/media\/22650"}],"wp:attachment":[{"href":"https:\/\/prochaska.eu\/ro\/wp-json\/wp\/v2\/media?parent=25173"}],"wp:term":[{"taxonomy":"pwb-brand","embeddable":true,"href":"https:\/\/prochaska.eu\/ro\/wp-json\/wp\/v2\/pwb-brand?post=25173"},{"taxonomy":"product_brand","embeddable":true,"href":"https:\/\/prochaska.eu\/ro\/wp-json\/wp\/v2\/product_brand?post=25173"},{"taxonomy":"product_cat","embeddable":true,"href":"https:\/\/prochaska.eu\/ro\/wp-json\/wp\/v2\/product_cat?post=25173"},{"taxonomy":"product_tag","embeddable":true,"href":"https:\/\/prochaska.eu\/ro\/wp-json\/wp\/v2\/product_tag?post=25173"}],"curies":[{"name":"wp","href":"https:\/\/api.w.org\/{rel}","templated":true}]}}