{"id":25196,"date":"2021-11-03T10:50:05","date_gmt":"2021-11-03T10:50:05","guid":{"rendered":"https:\/\/prochaska.eu\/product\/kioti-tractor-cs2520-eu-model-promotional-incl-incarcator-frontal\/"},"modified":"2021-11-03T10:50:05","modified_gmt":"2021-11-03T10:50:05","slug":"kioti-tractor-cs2520-eu-model-promotional-incl-incarcator-frontal","status":"publish","type":"product","link":"https:\/\/prochaska.eu\/ro\/produs\/kioti-tractor-cs2520-eu-model-promotional-incl-incarcator-frontal\/","title":{"rendered":"Kioti Tractor CS2520-EU &#8211; Model promo\u021bional incl. \u00cenc\u0103rc\u0103tor frontal"},"content":{"rendered":"<p>DINAMIC, MIC \u0218I COMPACT.<br \/>\nSeria versatil\u0103 CS de la <a href=\"https:\/\/www.prochaska.eu\/kioti\/\">Kioti<\/a> este u\u0219or de utilizat \u0219i are suficient\u0103 putere pentru a face fa\u021b\u0103 unei game largi de sarcini. Tractorul ideal pentru cur\u021bi, grajduri, centre de gr\u0103din\u0103rit, etc. Fie pentru colectarea frunzelor, cosirea gazonului, lucrul \u00een curte sau \u00een ser\u0103, CS2520 ofer\u0103 o gam\u0103 larg\u0103 de op\u021biuni de configurare pentru a se adapta ideal condi\u021biilor. Modelul nostru promo\u021bional CS2520-EU este echipat cu un roll bar, \u00eenc\u0103rc\u0103tor frontal \u0219i lumini de lucru spate. Cu o GARAN\u021aIE DE 5 ANI pentru motor \u0219i trenul de rulare, KIOTI stabile\u0219te noi standarde. Pre\u021b F\u0102R\u0102 anvelope<\/p>\n<h2>Func\u021bii<\/h2>\n<ul>\n<li>Versiune cu roll-bar rabatabil<\/li>\n<li>\u00cenc\u0103rc\u0103tor frontal cu cup\u0103 standard inclus\u0103<\/li>\n<li>Trac\u021biune integral\u0103 selectabil\u0103 cu blocarea diferen\u021bialului<\/li>\n<li>Cutie de viteze manual\u0103 6&#215;2<\/li>\n<li>1 dw. Unitatea de comand\u0103 din spate<\/li>\n<li>PTO spate 540 rpm.<\/li>\n<li>PTO ax\u0103 intermediar\u0103 2000 rpm.<\/li>\n<li>Lumini de lucru spate<\/li>\n<\/ul>\n","protected":false},"excerpt":{"rendered":"<p><a href=\"https:\/\/www.prochaska.eu\/kioti\/\">Kioti<\/a> CS2520 inclusiv \u00eenc\u0103rc\u0103tor frontal impresioneaz\u0103 prin confortul s\u0103u cuprinz\u0103tor, indiferent de situa\u021bia de lucru.<\/p>\n","protected":false},"featured_media":22590,"template":"","meta":[],"pwb-brand":[3081],"product_brand":[],"product_cat":[1521,1369],"product_tag":[],"class_list":{"0":"post-25196","1":"product","2":"type-product","3":"status-publish","4":"has-post-thumbnail","6":"pwb-brand-kioti-ro","7":"product_cat-municipal-terenuri-de-sport-si-agricultura","8":"product_cat-tractoare","10":"first","11":"instock","12":"taxable","13":"shipping-taxable","14":"product-type-simple"},"yoast_head":"<!-- This site is optimized with the Yoast SEO plugin v27.5 - https:\/\/yoast.com\/product\/yoast-seo-wordpress\/ -->\n<title>Kioti Tractor CS2520-EU - Model promo\u021bional incl. \u00cenc\u0103rc\u0103tor frontal - Prochaska<\/title>\n<meta name=\"robots\" content=\"index, follow, max-snippet:-1, max-image-preview:large, max-video-preview:-1\" \/>\n<link rel=\"canonical\" href=\"https:\/\/prochaska.eu\/ro\/produs\/kioti-tractor-cs2520-eu-model-promotional-incl-incarcator-frontal\/\" \/>\n<meta property=\"og:locale\" content=\"ro_RO\" \/>\n<meta property=\"og:type\" content=\"article\" \/>\n<meta property=\"og:title\" content=\"Kioti Tractor CS2520-EU - Model promo\u021bional incl. \u00cenc\u0103rc\u0103tor frontal - Prochaska\" \/>\n<meta property=\"og:description\" content=\"Kioti CS2520 inclusiv \u00eenc\u0103rc\u0103tor frontal impresioneaz\u0103 prin confortul s\u0103u cuprinz\u0103tor, indiferent de situa\u021bia de lucru.\" \/>\n<meta property=\"og:url\" content=\"https:\/\/prochaska.eu\/ro\/produs\/kioti-tractor-cs2520-eu-model-promotional-incl-incarcator-frontal\/\" \/>\n<meta property=\"og:site_name\" content=\"Prochaska\" \/>\n<meta property=\"article:publisher\" content=\"https:\/\/www.facebook.com\/prochaska.eu\/\" \/>\n<meta property=\"og:image\" content=\"https:\/\/prochaska.eu\/wp-content\/uploads\/2024\/06\/traktor-kioti-CS2520-prochaska-b4.jpg\" \/>\n\t<meta property=\"og:image:width\" content=\"1440\" \/>\n\t<meta property=\"og:image:height\" content=\"1439\" \/>\n\t<meta property=\"og:image:type\" content=\"image\/jpeg\" \/>\n<meta name=\"twitter:card\" content=\"summary_large_image\" \/>\n<meta name=\"twitter:label1\" content=\"Timp estimat pentru citire\" \/>\n\t<meta name=\"twitter:data1\" content=\"1 minut\" \/>\n<script type=\"application\/ld+json\" class=\"yoast-schema-graph\">{\"@context\":\"https:\\\/\\\/schema.org\",\"@graph\":[{\"@type\":\"WebPage\",\"@id\":\"https:\\\/\\\/prochaska.eu\\\/ro\\\/produs\\\/kioti-tractor-cs2520-eu-model-promotional-incl-incarcator-frontal\\\/\",\"url\":\"https:\\\/\\\/prochaska.eu\\\/ro\\\/produs\\\/kioti-tractor-cs2520-eu-model-promotional-incl-incarcator-frontal\\\/\",\"name\":\"Kioti Tractor CS2520-EU - Model promo\u021bional incl. \u00cenc\u0103rc\u0103tor frontal - Prochaska\",\"isPartOf\":{\"@id\":\"https:\\\/\\\/prochaska.eu\\\/ro\\\/#website\"},\"primaryImageOfPage\":{\"@id\":\"https:\\\/\\\/prochaska.eu\\\/ro\\\/produs\\\/kioti-tractor-cs2520-eu-model-promotional-incl-incarcator-frontal\\\/#primaryimage\"},\"image\":{\"@id\":\"https:\\\/\\\/prochaska.eu\\\/ro\\\/produs\\\/kioti-tractor-cs2520-eu-model-promotional-incl-incarcator-frontal\\\/#primaryimage\"},\"thumbnailUrl\":\"https:\\\/\\\/prochaska.eu\\\/wp-content\\\/uploads\\\/2024\\\/06\\\/traktor-kioti-CS2520-prochaska-b4.jpg\",\"datePublished\":\"2021-11-03T10:50:05+00:00\",\"breadcrumb\":{\"@id\":\"https:\\\/\\\/prochaska.eu\\\/ro\\\/produs\\\/kioti-tractor-cs2520-eu-model-promotional-incl-incarcator-frontal\\\/#breadcrumb\"},\"inLanguage\":\"ro-RO\",\"potentialAction\":[{\"@type\":\"ReadAction\",\"target\":[\"https:\\\/\\\/prochaska.eu\\\/ro\\\/produs\\\/kioti-tractor-cs2520-eu-model-promotional-incl-incarcator-frontal\\\/\"]}]},{\"@type\":\"ImageObject\",\"inLanguage\":\"ro-RO\",\"@id\":\"https:\\\/\\\/prochaska.eu\\\/ro\\\/produs\\\/kioti-tractor-cs2520-eu-model-promotional-incl-incarcator-frontal\\\/#primaryimage\",\"url\":\"https:\\\/\\\/prochaska.eu\\\/wp-content\\\/uploads\\\/2024\\\/06\\\/traktor-kioti-CS2520-prochaska-b4.jpg\",\"contentUrl\":\"https:\\\/\\\/prochaska.eu\\\/wp-content\\\/uploads\\\/2024\\\/06\\\/traktor-kioti-CS2520-prochaska-b4.jpg\",\"width\":1440,\"height\":1439,\"caption\":\"Tractor Kioti\"},{\"@type\":\"BreadcrumbList\",\"@id\":\"https:\\\/\\\/prochaska.eu\\\/ro\\\/produs\\\/kioti-tractor-cs2520-eu-model-promotional-incl-incarcator-frontal\\\/#breadcrumb\",\"itemListElement\":[{\"@type\":\"ListItem\",\"position\":1,\"name\":\"Home\",\"item\":\"https:\\\/\\\/prochaska.eu\\\/ro\\\/\"},{\"@type\":\"ListItem\",\"position\":2,\"name\":\"Shop\",\"item\":\"https:\\\/\\\/prochaska.eu\\\/ro\\\/shop\\\/\"},{\"@type\":\"ListItem\",\"position\":3,\"name\":\"Kioti Tractor CS2520-EU &#8211; Model promo\u021bional incl. \u00cenc\u0103rc\u0103tor frontal\"}]},{\"@type\":\"WebSite\",\"@id\":\"https:\\\/\\\/prochaska.eu\\\/ro\\\/#website\",\"url\":\"https:\\\/\\\/prochaska.eu\\\/ro\\\/\",\"name\":\"Prochaska\",\"description\":\"Spezialist f\u00fcr Pflege von Gr\u00fcnfl\u00e4chen\",\"publisher\":{\"@id\":\"https:\\\/\\\/prochaska.eu\\\/ro\\\/#organization\"},\"potentialAction\":[{\"@type\":\"SearchAction\",\"target\":{\"@type\":\"EntryPoint\",\"urlTemplate\":\"https:\\\/\\\/prochaska.eu\\\/ro\\\/?s={search_term_string}\"},\"query-input\":{\"@type\":\"PropertyValueSpecification\",\"valueRequired\":true,\"valueName\":\"search_term_string\"}}],\"inLanguage\":\"ro-RO\"},{\"@type\":\"Organization\",\"@id\":\"https:\\\/\\\/prochaska.eu\\\/ro\\\/#organization\",\"name\":\"Prochaska\",\"url\":\"https:\\\/\\\/prochaska.eu\\\/ro\\\/\",\"logo\":{\"@type\":\"ImageObject\",\"inLanguage\":\"ro-RO\",\"@id\":\"https:\\\/\\\/prochaska.eu\\\/ro\\\/#\\\/schema\\\/logo\\\/image\\\/\",\"url\":\"https:\\\/\\\/prochaska.eu\\\/wp-content\\\/uploads\\\/2024\\\/04\\\/Prochaska_Logo_Black-1.png\",\"contentUrl\":\"https:\\\/\\\/prochaska.eu\\\/wp-content\\\/uploads\\\/2024\\\/04\\\/Prochaska_Logo_Black-1.png\",\"width\":796,\"height\":236,\"caption\":\"Prochaska\"},\"image\":{\"@id\":\"https:\\\/\\\/prochaska.eu\\\/ro\\\/#\\\/schema\\\/logo\\\/image\\\/\"},\"sameAs\":[\"https:\\\/\\\/www.facebook.com\\\/prochaska.eu\\\/\",\"https:\\\/\\\/www.instagram.com\\\/prochaska.eu\\\/\",\"https:\\\/\\\/www.linkedin.com\\\/company\\\/prochaska-handels-gmbh\"]}]}<\/script>\n<!-- \/ Yoast SEO plugin. -->","yoast_head_json":{"title":"Kioti Tractor CS2520-EU - Model promo\u021bional incl. \u00cenc\u0103rc\u0103tor frontal - Prochaska","robots":{"index":"index","follow":"follow","max-snippet":"max-snippet:-1","max-image-preview":"max-image-preview:large","max-video-preview":"max-video-preview:-1"},"canonical":"https:\/\/prochaska.eu\/ro\/produs\/kioti-tractor-cs2520-eu-model-promotional-incl-incarcator-frontal\/","og_locale":"ro_RO","og_type":"article","og_title":"Kioti Tractor CS2520-EU - Model promo\u021bional incl. \u00cenc\u0103rc\u0103tor frontal - Prochaska","og_description":"Kioti CS2520 inclusiv \u00eenc\u0103rc\u0103tor frontal impresioneaz\u0103 prin confortul s\u0103u cuprinz\u0103tor, indiferent de situa\u021bia de lucru.","og_url":"https:\/\/prochaska.eu\/ro\/produs\/kioti-tractor-cs2520-eu-model-promotional-incl-incarcator-frontal\/","og_site_name":"Prochaska","article_publisher":"https:\/\/www.facebook.com\/prochaska.eu\/","og_image":[{"width":1440,"height":1439,"url":"https:\/\/prochaska.eu\/wp-content\/uploads\/2024\/06\/traktor-kioti-CS2520-prochaska-b4.jpg","type":"image\/jpeg"}],"twitter_card":"summary_large_image","twitter_misc":{"Timp estimat pentru citire":"1 minut"},"schema":{"@context":"https:\/\/schema.org","@graph":[{"@type":"WebPage","@id":"https:\/\/prochaska.eu\/ro\/produs\/kioti-tractor-cs2520-eu-model-promotional-incl-incarcator-frontal\/","url":"https:\/\/prochaska.eu\/ro\/produs\/kioti-tractor-cs2520-eu-model-promotional-incl-incarcator-frontal\/","name":"Kioti Tractor CS2520-EU - Model promo\u021bional incl. \u00cenc\u0103rc\u0103tor frontal - Prochaska","isPartOf":{"@id":"https:\/\/prochaska.eu\/ro\/#website"},"primaryImageOfPage":{"@id":"https:\/\/prochaska.eu\/ro\/produs\/kioti-tractor-cs2520-eu-model-promotional-incl-incarcator-frontal\/#primaryimage"},"image":{"@id":"https:\/\/prochaska.eu\/ro\/produs\/kioti-tractor-cs2520-eu-model-promotional-incl-incarcator-frontal\/#primaryimage"},"thumbnailUrl":"https:\/\/prochaska.eu\/wp-content\/uploads\/2024\/06\/traktor-kioti-CS2520-prochaska-b4.jpg","datePublished":"2021-11-03T10:50:05+00:00","breadcrumb":{"@id":"https:\/\/prochaska.eu\/ro\/produs\/kioti-tractor-cs2520-eu-model-promotional-incl-incarcator-frontal\/#breadcrumb"},"inLanguage":"ro-RO","potentialAction":[{"@type":"ReadAction","target":["https:\/\/prochaska.eu\/ro\/produs\/kioti-tractor-cs2520-eu-model-promotional-incl-incarcator-frontal\/"]}]},{"@type":"ImageObject","inLanguage":"ro-RO","@id":"https:\/\/prochaska.eu\/ro\/produs\/kioti-tractor-cs2520-eu-model-promotional-incl-incarcator-frontal\/#primaryimage","url":"https:\/\/prochaska.eu\/wp-content\/uploads\/2024\/06\/traktor-kioti-CS2520-prochaska-b4.jpg","contentUrl":"https:\/\/prochaska.eu\/wp-content\/uploads\/2024\/06\/traktor-kioti-CS2520-prochaska-b4.jpg","width":1440,"height":1439,"caption":"Tractor Kioti"},{"@type":"BreadcrumbList","@id":"https:\/\/prochaska.eu\/ro\/produs\/kioti-tractor-cs2520-eu-model-promotional-incl-incarcator-frontal\/#breadcrumb","itemListElement":[{"@type":"ListItem","position":1,"name":"Home","item":"https:\/\/prochaska.eu\/ro\/"},{"@type":"ListItem","position":2,"name":"Shop","item":"https:\/\/prochaska.eu\/ro\/shop\/"},{"@type":"ListItem","position":3,"name":"Kioti Tractor CS2520-EU &#8211; Model promo\u021bional incl. \u00cenc\u0103rc\u0103tor frontal"}]},{"@type":"WebSite","@id":"https:\/\/prochaska.eu\/ro\/#website","url":"https:\/\/prochaska.eu\/ro\/","name":"Prochaska","description":"Spezialist f\u00fcr Pflege von Gr\u00fcnfl\u00e4chen","publisher":{"@id":"https:\/\/prochaska.eu\/ro\/#organization"},"potentialAction":[{"@type":"SearchAction","target":{"@type":"EntryPoint","urlTemplate":"https:\/\/prochaska.eu\/ro\/?s={search_term_string}"},"query-input":{"@type":"PropertyValueSpecification","valueRequired":true,"valueName":"search_term_string"}}],"inLanguage":"ro-RO"},{"@type":"Organization","@id":"https:\/\/prochaska.eu\/ro\/#organization","name":"Prochaska","url":"https:\/\/prochaska.eu\/ro\/","logo":{"@type":"ImageObject","inLanguage":"ro-RO","@id":"https:\/\/prochaska.eu\/ro\/#\/schema\/logo\/image\/","url":"https:\/\/prochaska.eu\/wp-content\/uploads\/2024\/04\/Prochaska_Logo_Black-1.png","contentUrl":"https:\/\/prochaska.eu\/wp-content\/uploads\/2024\/04\/Prochaska_Logo_Black-1.png","width":796,"height":236,"caption":"Prochaska"},"image":{"@id":"https:\/\/prochaska.eu\/ro\/#\/schema\/logo\/image\/"},"sameAs":["https:\/\/www.facebook.com\/prochaska.eu\/","https:\/\/www.instagram.com\/prochaska.eu\/","https:\/\/www.linkedin.com\/company\/prochaska-handels-gmbh"]}]}},"brands":[{"id":3081,"name":"Kioti","slug":"kioti-ro"}],"_links":{"self":[{"href":"https:\/\/prochaska.eu\/ro\/wp-json\/wp\/v2\/product\/25196","targetHints":{"allow":["GET"]}}],"collection":[{"href":"https:\/\/prochaska.eu\/ro\/wp-json\/wp\/v2\/product"}],"about":[{"href":"https:\/\/prochaska.eu\/ro\/wp-json\/wp\/v2\/types\/product"}],"version-history":[{"count":0,"href":"https:\/\/prochaska.eu\/ro\/wp-json\/wp\/v2\/product\/25196\/revisions"}],"wp:featuredmedia":[{"embeddable":true,"href":"https:\/\/prochaska.eu\/ro\/wp-json\/wp\/v2\/media\/22590"}],"wp:attachment":[{"href":"https:\/\/prochaska.eu\/ro\/wp-json\/wp\/v2\/media?parent=25196"}],"wp:term":[{"taxonomy":"pwb-brand","embeddable":true,"href":"https:\/\/prochaska.eu\/ro\/wp-json\/wp\/v2\/pwb-brand?post=25196"},{"taxonomy":"product_brand","embeddable":true,"href":"https:\/\/prochaska.eu\/ro\/wp-json\/wp\/v2\/product_brand?post=25196"},{"taxonomy":"product_cat","embeddable":true,"href":"https:\/\/prochaska.eu\/ro\/wp-json\/wp\/v2\/product_cat?post=25196"},{"taxonomy":"product_tag","embeddable":true,"href":"https:\/\/prochaska.eu\/ro\/wp-json\/wp\/v2\/product_tag?post=25196"}],"curies":[{"name":"wp","href":"https:\/\/api.w.org\/{rel}","templated":true}]}}