{"id":25199,"date":"2021-11-04T11:28:42","date_gmt":"2021-11-04T11:28:42","guid":{"rendered":"https:\/\/prochaska.eu\/product\/tractor-kioti-rx7330pc-ge-cu-cabina-din-fabrica\/"},"modified":"2025-04-28T07:41:06","modified_gmt":"2025-04-28T07:41:06","slug":"tractor-kioti-rx7330pc-ge-cu-cabina-din-fabrica","status":"publish","type":"product","link":"https:\/\/prochaska.eu\/ro\/produs\/tractor-kioti-rx7330pc-ge-cu-cabina-din-fabrica\/","title":{"rendered":"Tractor Kioti RX7330PC-GE cu cabin\u0103 din fabric\u0103"},"content":{"rendered":"<p>Seria RX de la <a href=\"http:\/\/prochaska.eu\/kioti\">Kioti<\/a> ofer\u0103 confort cu aer condi\u021bionat \u00een cabina \u0219oferului \u0219i performan\u021b\u0103 cu o capacitate ridicat\u0103 de ridicare \u0219i mult\u0103 putere. Acest lucru v\u0103 permite s\u0103 efectua\u021bi chiar \u0219i cele mai solicitante lucr\u0103ri f\u0103r\u0103 s\u0103 transpira\u021bi. Unitate de baz\u0103 F\u0102R\u0102 anvelope.<\/p>\n<h2>Func\u021bii<\/h2>\n<ul>\n<li>Cabin\u0103 confort Kioti cu pachet de izolare fonic\u0103 \u0219i \u00eenc\u0103lzire \u0219i aer condi\u021bionat<\/li>\n<li>Trac\u021biune integral\u0103 selectabil\u0103 cu blocarea diferen\u021bialului<\/li>\n<li>Sistem de fr\u00e2nare AUTO-4-WD<\/li>\n<li>Cutie de viteze de mers \u00eenapoi PowerShuttle 24&#215;24, 6 trepte, cu grup de viteze progresive<\/li>\n<li>Ambreiaj manual electric la ap\u0103sarea unui buton<\/li>\n<li>Radio MP3 Bluetooth<\/li>\n<li>2 l\u0103mpi de lucru fa\u021b\u0103 \u0219i spate<\/li>\n<li>\u0218terg\u0103tor de parbriz spate<\/li>\n<li>L\u0103rgirea ap\u0103r\u0103torilor de noroi<\/li>\n<li>PTO automat\u0103<\/li>\n<li>Scaun confort aer Grammer<\/li>\n<li>Priz\u0103 de for\u021b\u0103 spate 540\/540E, comutabil\u0103 sub sarcin\u0103<\/li>\n<li>Puterea PTO 62,1 CP (54,5 kW)<\/li>\n<li>Func\u021bia de iluminare &#8222;Coming Home&#8221;<\/li>\n<li>Cruise PTO (memo accelera\u021bie manual\u0103)<\/li>\n<li>\u00cenc\u0103lzire cu motorin\u0103<\/li>\n<li>Port 12V<\/li>\n<li>Retur nepresurizat<\/li>\n<li>Gur\u0103 de trac\u021biune Scharm\u00fcller cu \u00een\u0103l\u021bime reglabil\u0103<\/li>\n<\/ul>\n","protected":false},"excerpt":{"rendered":"<p>Tractorul RX7330PC-GE de la <a href=\"http:\/\/prochaska.eu\/kioti\">Kioti<\/a> impresioneaz\u0103 prin echipamentul s\u0103u extins \u0219i are cea mai mare capacitate de ridicare din clasa sa.<\/p>\n","protected":false},"featured_media":22656,"template":"","meta":[],"pwb-brand":[3081],"product_brand":[],"product_cat":[1521,1369],"product_tag":[],"class_list":{"0":"post-25199","1":"product","2":"type-product","3":"status-publish","4":"has-post-thumbnail","6":"pwb-brand-kioti-ro","7":"product_cat-municipal-terenuri-de-sport-si-agricultura","8":"product_cat-tractoare","10":"first","11":"instock","12":"taxable","13":"shipping-taxable","14":"product-type-simple"},"yoast_head":"<!-- This site is optimized with the Yoast SEO plugin v27.4 - https:\/\/yoast.com\/product\/yoast-seo-wordpress\/ -->\n<title>Tractor Kioti RX7330PC-GE cu cabin\u0103 din fabric\u0103 - Prochaska<\/title>\n<meta name=\"robots\" content=\"index, follow, max-snippet:-1, max-image-preview:large, max-video-preview:-1\" \/>\n<link rel=\"canonical\" href=\"https:\/\/prochaska.eu\/ro\/produs\/tractor-kioti-rx7330pc-ge-cu-cabina-din-fabrica\/\" \/>\n<meta property=\"og:locale\" content=\"ro_RO\" \/>\n<meta property=\"og:type\" content=\"article\" \/>\n<meta property=\"og:title\" content=\"Tractor Kioti RX7330PC-GE cu cabin\u0103 din fabric\u0103 - Prochaska\" \/>\n<meta property=\"og:description\" content=\"Tractorul RX7330PC-GE de la Kioti impresioneaz\u0103 prin echipamentul s\u0103u extins \u0219i are cea mai mare capacitate de ridicare din clasa sa.\" \/>\n<meta property=\"og:url\" content=\"https:\/\/prochaska.eu\/ro\/produs\/tractor-kioti-rx7330pc-ge-cu-cabina-din-fabrica\/\" \/>\n<meta property=\"og:site_name\" content=\"Prochaska\" \/>\n<meta property=\"article:publisher\" content=\"https:\/\/www.facebook.com\/prochaska.eu\/\" \/>\n<meta property=\"article:modified_time\" content=\"2025-04-28T07:41:06+00:00\" \/>\n<meta property=\"og:image\" content=\"https:\/\/prochaska.eu\/wp-content\/uploads\/2024\/06\/traktor-kioti-RX7330PC-prochaska-b1.jpg\" \/>\n\t<meta property=\"og:image:width\" content=\"1440\" \/>\n\t<meta property=\"og:image:height\" content=\"1440\" \/>\n\t<meta property=\"og:image:type\" content=\"image\/jpeg\" \/>\n<meta name=\"twitter:card\" content=\"summary_large_image\" \/>\n<meta name=\"twitter:label1\" content=\"Timp estimat pentru citire\" \/>\n\t<meta name=\"twitter:data1\" content=\"1 minut\" \/>\n<script type=\"application\/ld+json\" class=\"yoast-schema-graph\">{\"@context\":\"https:\\\/\\\/schema.org\",\"@graph\":[{\"@type\":\"WebPage\",\"@id\":\"https:\\\/\\\/prochaska.eu\\\/ro\\\/produs\\\/tractor-kioti-rx7330pc-ge-cu-cabina-din-fabrica\\\/\",\"url\":\"https:\\\/\\\/prochaska.eu\\\/ro\\\/produs\\\/tractor-kioti-rx7330pc-ge-cu-cabina-din-fabrica\\\/\",\"name\":\"Tractor Kioti RX7330PC-GE cu cabin\u0103 din fabric\u0103 - Prochaska\",\"isPartOf\":{\"@id\":\"https:\\\/\\\/prochaska.eu\\\/ro\\\/#website\"},\"primaryImageOfPage\":{\"@id\":\"https:\\\/\\\/prochaska.eu\\\/ro\\\/produs\\\/tractor-kioti-rx7330pc-ge-cu-cabina-din-fabrica\\\/#primaryimage\"},\"image\":{\"@id\":\"https:\\\/\\\/prochaska.eu\\\/ro\\\/produs\\\/tractor-kioti-rx7330pc-ge-cu-cabina-din-fabrica\\\/#primaryimage\"},\"thumbnailUrl\":\"https:\\\/\\\/prochaska.eu\\\/wp-content\\\/uploads\\\/2024\\\/06\\\/traktor-kioti-RX7330PC-prochaska-b1.jpg\",\"datePublished\":\"2021-11-04T11:28:42+00:00\",\"dateModified\":\"2025-04-28T07:41:06+00:00\",\"breadcrumb\":{\"@id\":\"https:\\\/\\\/prochaska.eu\\\/ro\\\/produs\\\/tractor-kioti-rx7330pc-ge-cu-cabina-din-fabrica\\\/#breadcrumb\"},\"inLanguage\":\"ro-RO\",\"potentialAction\":[{\"@type\":\"ReadAction\",\"target\":[\"https:\\\/\\\/prochaska.eu\\\/ro\\\/produs\\\/tractor-kioti-rx7330pc-ge-cu-cabina-din-fabrica\\\/\"]}]},{\"@type\":\"ImageObject\",\"inLanguage\":\"ro-RO\",\"@id\":\"https:\\\/\\\/prochaska.eu\\\/ro\\\/produs\\\/tractor-kioti-rx7330pc-ge-cu-cabina-din-fabrica\\\/#primaryimage\",\"url\":\"https:\\\/\\\/prochaska.eu\\\/wp-content\\\/uploads\\\/2024\\\/06\\\/traktor-kioti-RX7330PC-prochaska-b1.jpg\",\"contentUrl\":\"https:\\\/\\\/prochaska.eu\\\/wp-content\\\/uploads\\\/2024\\\/06\\\/traktor-kioti-RX7330PC-prochaska-b1.jpg\",\"width\":1440,\"height\":1440},{\"@type\":\"BreadcrumbList\",\"@id\":\"https:\\\/\\\/prochaska.eu\\\/ro\\\/produs\\\/tractor-kioti-rx7330pc-ge-cu-cabina-din-fabrica\\\/#breadcrumb\",\"itemListElement\":[{\"@type\":\"ListItem\",\"position\":1,\"name\":\"Home\",\"item\":\"https:\\\/\\\/prochaska.eu\\\/ro\\\/\"},{\"@type\":\"ListItem\",\"position\":2,\"name\":\"Shop\",\"item\":\"https:\\\/\\\/prochaska.eu\\\/ro\\\/shop\\\/\"},{\"@type\":\"ListItem\",\"position\":3,\"name\":\"Tractor Kioti RX7330PC-GE cu cabin\u0103 din fabric\u0103\"}]},{\"@type\":\"WebSite\",\"@id\":\"https:\\\/\\\/prochaska.eu\\\/ro\\\/#website\",\"url\":\"https:\\\/\\\/prochaska.eu\\\/ro\\\/\",\"name\":\"Prochaska\",\"description\":\"Spezialist f\u00fcr Pflege von Gr\u00fcnfl\u00e4chen\",\"publisher\":{\"@id\":\"https:\\\/\\\/prochaska.eu\\\/ro\\\/#organization\"},\"potentialAction\":[{\"@type\":\"SearchAction\",\"target\":{\"@type\":\"EntryPoint\",\"urlTemplate\":\"https:\\\/\\\/prochaska.eu\\\/ro\\\/?s={search_term_string}\"},\"query-input\":{\"@type\":\"PropertyValueSpecification\",\"valueRequired\":true,\"valueName\":\"search_term_string\"}}],\"inLanguage\":\"ro-RO\"},{\"@type\":\"Organization\",\"@id\":\"https:\\\/\\\/prochaska.eu\\\/ro\\\/#organization\",\"name\":\"Prochaska\",\"url\":\"https:\\\/\\\/prochaska.eu\\\/ro\\\/\",\"logo\":{\"@type\":\"ImageObject\",\"inLanguage\":\"ro-RO\",\"@id\":\"https:\\\/\\\/prochaska.eu\\\/ro\\\/#\\\/schema\\\/logo\\\/image\\\/\",\"url\":\"https:\\\/\\\/prochaska.eu\\\/wp-content\\\/uploads\\\/2024\\\/04\\\/Prochaska_Logo_Black-1.png\",\"contentUrl\":\"https:\\\/\\\/prochaska.eu\\\/wp-content\\\/uploads\\\/2024\\\/04\\\/Prochaska_Logo_Black-1.png\",\"width\":796,\"height\":236,\"caption\":\"Prochaska\"},\"image\":{\"@id\":\"https:\\\/\\\/prochaska.eu\\\/ro\\\/#\\\/schema\\\/logo\\\/image\\\/\"},\"sameAs\":[\"https:\\\/\\\/www.facebook.com\\\/prochaska.eu\\\/\",\"https:\\\/\\\/www.instagram.com\\\/prochaska.eu\\\/\",\"https:\\\/\\\/www.linkedin.com\\\/company\\\/prochaska-handels-gmbh\"]}]}<\/script>\n<!-- \/ Yoast SEO plugin. -->","yoast_head_json":{"title":"Tractor Kioti RX7330PC-GE cu cabin\u0103 din fabric\u0103 - Prochaska","robots":{"index":"index","follow":"follow","max-snippet":"max-snippet:-1","max-image-preview":"max-image-preview:large","max-video-preview":"max-video-preview:-1"},"canonical":"https:\/\/prochaska.eu\/ro\/produs\/tractor-kioti-rx7330pc-ge-cu-cabina-din-fabrica\/","og_locale":"ro_RO","og_type":"article","og_title":"Tractor Kioti RX7330PC-GE cu cabin\u0103 din fabric\u0103 - Prochaska","og_description":"Tractorul RX7330PC-GE de la Kioti impresioneaz\u0103 prin echipamentul s\u0103u extins \u0219i are cea mai mare capacitate de ridicare din clasa sa.","og_url":"https:\/\/prochaska.eu\/ro\/produs\/tractor-kioti-rx7330pc-ge-cu-cabina-din-fabrica\/","og_site_name":"Prochaska","article_publisher":"https:\/\/www.facebook.com\/prochaska.eu\/","article_modified_time":"2025-04-28T07:41:06+00:00","og_image":[{"width":1440,"height":1440,"url":"https:\/\/prochaska.eu\/wp-content\/uploads\/2024\/06\/traktor-kioti-RX7330PC-prochaska-b1.jpg","type":"image\/jpeg"}],"twitter_card":"summary_large_image","twitter_misc":{"Timp estimat pentru citire":"1 minut"},"schema":{"@context":"https:\/\/schema.org","@graph":[{"@type":"WebPage","@id":"https:\/\/prochaska.eu\/ro\/produs\/tractor-kioti-rx7330pc-ge-cu-cabina-din-fabrica\/","url":"https:\/\/prochaska.eu\/ro\/produs\/tractor-kioti-rx7330pc-ge-cu-cabina-din-fabrica\/","name":"Tractor Kioti RX7330PC-GE cu cabin\u0103 din fabric\u0103 - Prochaska","isPartOf":{"@id":"https:\/\/prochaska.eu\/ro\/#website"},"primaryImageOfPage":{"@id":"https:\/\/prochaska.eu\/ro\/produs\/tractor-kioti-rx7330pc-ge-cu-cabina-din-fabrica\/#primaryimage"},"image":{"@id":"https:\/\/prochaska.eu\/ro\/produs\/tractor-kioti-rx7330pc-ge-cu-cabina-din-fabrica\/#primaryimage"},"thumbnailUrl":"https:\/\/prochaska.eu\/wp-content\/uploads\/2024\/06\/traktor-kioti-RX7330PC-prochaska-b1.jpg","datePublished":"2021-11-04T11:28:42+00:00","dateModified":"2025-04-28T07:41:06+00:00","breadcrumb":{"@id":"https:\/\/prochaska.eu\/ro\/produs\/tractor-kioti-rx7330pc-ge-cu-cabina-din-fabrica\/#breadcrumb"},"inLanguage":"ro-RO","potentialAction":[{"@type":"ReadAction","target":["https:\/\/prochaska.eu\/ro\/produs\/tractor-kioti-rx7330pc-ge-cu-cabina-din-fabrica\/"]}]},{"@type":"ImageObject","inLanguage":"ro-RO","@id":"https:\/\/prochaska.eu\/ro\/produs\/tractor-kioti-rx7330pc-ge-cu-cabina-din-fabrica\/#primaryimage","url":"https:\/\/prochaska.eu\/wp-content\/uploads\/2024\/06\/traktor-kioti-RX7330PC-prochaska-b1.jpg","contentUrl":"https:\/\/prochaska.eu\/wp-content\/uploads\/2024\/06\/traktor-kioti-RX7330PC-prochaska-b1.jpg","width":1440,"height":1440},{"@type":"BreadcrumbList","@id":"https:\/\/prochaska.eu\/ro\/produs\/tractor-kioti-rx7330pc-ge-cu-cabina-din-fabrica\/#breadcrumb","itemListElement":[{"@type":"ListItem","position":1,"name":"Home","item":"https:\/\/prochaska.eu\/ro\/"},{"@type":"ListItem","position":2,"name":"Shop","item":"https:\/\/prochaska.eu\/ro\/shop\/"},{"@type":"ListItem","position":3,"name":"Tractor Kioti RX7330PC-GE cu cabin\u0103 din fabric\u0103"}]},{"@type":"WebSite","@id":"https:\/\/prochaska.eu\/ro\/#website","url":"https:\/\/prochaska.eu\/ro\/","name":"Prochaska","description":"Spezialist f\u00fcr Pflege von Gr\u00fcnfl\u00e4chen","publisher":{"@id":"https:\/\/prochaska.eu\/ro\/#organization"},"potentialAction":[{"@type":"SearchAction","target":{"@type":"EntryPoint","urlTemplate":"https:\/\/prochaska.eu\/ro\/?s={search_term_string}"},"query-input":{"@type":"PropertyValueSpecification","valueRequired":true,"valueName":"search_term_string"}}],"inLanguage":"ro-RO"},{"@type":"Organization","@id":"https:\/\/prochaska.eu\/ro\/#organization","name":"Prochaska","url":"https:\/\/prochaska.eu\/ro\/","logo":{"@type":"ImageObject","inLanguage":"ro-RO","@id":"https:\/\/prochaska.eu\/ro\/#\/schema\/logo\/image\/","url":"https:\/\/prochaska.eu\/wp-content\/uploads\/2024\/04\/Prochaska_Logo_Black-1.png","contentUrl":"https:\/\/prochaska.eu\/wp-content\/uploads\/2024\/04\/Prochaska_Logo_Black-1.png","width":796,"height":236,"caption":"Prochaska"},"image":{"@id":"https:\/\/prochaska.eu\/ro\/#\/schema\/logo\/image\/"},"sameAs":["https:\/\/www.facebook.com\/prochaska.eu\/","https:\/\/www.instagram.com\/prochaska.eu\/","https:\/\/www.linkedin.com\/company\/prochaska-handels-gmbh"]}]}},"brands":[{"id":3081,"name":"Kioti","slug":"kioti-ro"}],"_links":{"self":[{"href":"https:\/\/prochaska.eu\/ro\/wp-json\/wp\/v2\/product\/25199","targetHints":{"allow":["GET"]}}],"collection":[{"href":"https:\/\/prochaska.eu\/ro\/wp-json\/wp\/v2\/product"}],"about":[{"href":"https:\/\/prochaska.eu\/ro\/wp-json\/wp\/v2\/types\/product"}],"version-history":[{"count":0,"href":"https:\/\/prochaska.eu\/ro\/wp-json\/wp\/v2\/product\/25199\/revisions"}],"wp:featuredmedia":[{"embeddable":true,"href":"https:\/\/prochaska.eu\/ro\/wp-json\/wp\/v2\/media\/22656"}],"wp:attachment":[{"href":"https:\/\/prochaska.eu\/ro\/wp-json\/wp\/v2\/media?parent=25199"}],"wp:term":[{"taxonomy":"pwb-brand","embeddable":true,"href":"https:\/\/prochaska.eu\/ro\/wp-json\/wp\/v2\/pwb-brand?post=25199"},{"taxonomy":"product_brand","embeddable":true,"href":"https:\/\/prochaska.eu\/ro\/wp-json\/wp\/v2\/product_brand?post=25199"},{"taxonomy":"product_cat","embeddable":true,"href":"https:\/\/prochaska.eu\/ro\/wp-json\/wp\/v2\/product_cat?post=25199"},{"taxonomy":"product_tag","embeddable":true,"href":"https:\/\/prochaska.eu\/ro\/wp-json\/wp\/v2\/product_tag?post=25199"}],"curies":[{"name":"wp","href":"https:\/\/api.w.org\/{rel}","templated":true}]}}