{"id":25227,"date":"2021-06-11T09:31:23","date_gmt":"2021-06-11T09:31:23","guid":{"rendered":"https:\/\/prochaska.eu\/product\/toro-trimmer-fara-fir-60v-51835t\/"},"modified":"2021-06-11T09:31:23","modified_gmt":"2021-06-11T09:31:23","slug":"toro-trimmer-fara-fir-60v-51835t","status":"publish","type":"product","link":"https:\/\/prochaska.eu\/ro\/produs\/toro-trimmer-fara-fir-60v-51835t\/","title":{"rendered":"TORO &#8211; Trimmer f\u0103r\u0103 fir &#8211; 60V &#8211; 51835T"},"content":{"rendered":"<div class=\"col-sm-12\">\n<p style=\"text-align: left;\">Uneltele de gr\u0103din\u0103 f\u0103r\u0103 fir litiu-ion din seria Max Flex-Force (60 vol\u021bi) ofer\u0103 uneltelor mai mult\u0103 putere. Acest lucru poate economisi timp de lucru \u0219i timp liber. Trimmerul f\u0103r\u0103 fir <a href=\"https:\/\/www.prochaska.eu\/toro\/\">Toro<\/a>, modelul 51835T, poate fi u\u0219or reglat de la o dimensiune a liniei de 2,0 mm la 2,4 mm \u0219i\/sau de la o l\u0103\u021bime de t\u0103iere de 36 cm la 41 cm, permi\u021b\u00e2ndu-v\u0103 s\u0103 v\u0103 face\u021bi treaba mai repede. De asemenea, firul poate fi schimbat foarte u\u0219or.<strong><br \/>\n<\/strong><\/p>\n<\/div>\n<h2 style=\"text-align: left;\">Beneficiile produsului<\/h2>\n<ul style=\"text-align: left;\">\n<li style=\"text-align: left;\">Utilizare convenabil\u0103 datorit\u0103 greut\u0103\u021bii reduse \u0219i m\u00e2nerului confortabil<\/li>\n<li style=\"text-align: left;\">Dimensiunea firului poate fi reglat\u0103 de la 2,00 mm la 2,4 mm \u0219i\/sau l\u0103\u021bimea de t\u0103iere de la 36 cm la 41 cm<\/li>\n<li style=\"text-align: left;\">Schimbare rapid\u0103 \u0219i u\u0219oar\u0103 a firului<\/li>\n<li>Motor f\u0103r\u0103 perii<\/li>\n<li style=\"text-align: left;\">Controlul vitezei variabile pentru un timp de func\u021bionare mai lung sau mai mult\u0103 putere<\/li>\n<\/ul>\n","protected":false},"excerpt":{"rendered":"<p>Trimmerul f\u0103r\u0103 fir <a href=\"https:\/\/www.prochaska.eu\/toro\/\">Toro<\/a>, modelul 51835T, poate fi u\u0219or reglat de la o dimensiune a liniei de 2,0 mm la 2,4 mm \u0219i\/sau de la o l\u0103\u021bime de t\u0103iere de 36 cm la 41 cm, permi\u021b\u00e2ndu-v\u0103 s\u0103 v\u0103 face\u021bi treaba mai repede.<\/p>\n","protected":false},"featured_media":22536,"template":"","meta":[],"pwb-brand":[3073],"product_brand":[],"product_cat":[1522,1093,1130],"product_tag":[],"class_list":{"0":"post-25227","1":"product","2":"type-product","3":"status-publish","4":"has-post-thumbnail","6":"pwb-brand-toro-ro","7":"product_cat-cositoare","8":"product_cat-dispozitive-alimentate-cu-baterii","9":"product_cat-trimmer-cu-baterie","11":"first","12":"instock","13":"taxable","14":"shipping-taxable","15":"purchasable","16":"product-type-simple"},"yoast_head":"<!-- This site is optimized with the Yoast SEO plugin v27.4 - https:\/\/yoast.com\/product\/yoast-seo-wordpress\/ -->\n<title>TORO - Trimmer f\u0103r\u0103 fir - 60V - 51835T - Prochaska<\/title>\n<meta name=\"robots\" content=\"index, follow, max-snippet:-1, max-image-preview:large, max-video-preview:-1\" \/>\n<link rel=\"canonical\" href=\"https:\/\/prochaska.eu\/ro\/produs\/toro-trimmer-fara-fir-60v-51835t\/\" \/>\n<meta property=\"og:locale\" content=\"ro_RO\" \/>\n<meta property=\"og:type\" content=\"article\" \/>\n<meta property=\"og:title\" content=\"TORO - Trimmer f\u0103r\u0103 fir - 60V - 51835T - Prochaska\" \/>\n<meta property=\"og:description\" content=\"Trimmerul f\u0103r\u0103 fir Toro, modelul 51835T, poate fi u\u0219or reglat de la o dimensiune a liniei de 2,0 mm la 2,4 mm \u0219i\/sau de la o l\u0103\u021bime de t\u0103iere de 36 cm la 41 cm, permi\u021b\u00e2ndu-v\u0103 s\u0103 v\u0103 face\u021bi treaba mai repede.\" \/>\n<meta property=\"og:url\" content=\"https:\/\/prochaska.eu\/ro\/produs\/toro-trimmer-fara-fir-60v-51835t\/\" \/>\n<meta property=\"og:site_name\" content=\"Prochaska\" \/>\n<meta property=\"article:publisher\" content=\"https:\/\/www.facebook.com\/prochaska.eu\/\" \/>\n<meta property=\"og:image\" content=\"https:\/\/prochaska.eu\/wp-content\/uploads\/2024\/06\/akkugeraete-trimmer-toro-51835-prochaska-b2.jpg\" \/>\n\t<meta property=\"og:image:width\" content=\"1440\" \/>\n\t<meta property=\"og:image:height\" content=\"1440\" \/>\n\t<meta property=\"og:image:type\" content=\"image\/jpeg\" \/>\n<meta name=\"twitter:card\" content=\"summary_large_image\" \/>\n<meta name=\"twitter:label1\" content=\"Timp estimat pentru citire\" \/>\n\t<meta name=\"twitter:data1\" content=\"1 minut\" \/>\n<script type=\"application\/ld+json\" class=\"yoast-schema-graph\">{\"@context\":\"https:\\\/\\\/schema.org\",\"@graph\":[{\"@type\":\"WebPage\",\"@id\":\"https:\\\/\\\/prochaska.eu\\\/ro\\\/produs\\\/toro-trimmer-fara-fir-60v-51835t\\\/\",\"url\":\"https:\\\/\\\/prochaska.eu\\\/ro\\\/produs\\\/toro-trimmer-fara-fir-60v-51835t\\\/\",\"name\":\"TORO - Trimmer f\u0103r\u0103 fir - 60V - 51835T - Prochaska\",\"isPartOf\":{\"@id\":\"https:\\\/\\\/prochaska.eu\\\/ro\\\/#website\"},\"primaryImageOfPage\":{\"@id\":\"https:\\\/\\\/prochaska.eu\\\/ro\\\/produs\\\/toro-trimmer-fara-fir-60v-51835t\\\/#primaryimage\"},\"image\":{\"@id\":\"https:\\\/\\\/prochaska.eu\\\/ro\\\/produs\\\/toro-trimmer-fara-fir-60v-51835t\\\/#primaryimage\"},\"thumbnailUrl\":\"https:\\\/\\\/prochaska.eu\\\/wp-content\\\/uploads\\\/2024\\\/06\\\/akkugeraete-trimmer-toro-51835-prochaska-b2.jpg\",\"datePublished\":\"2021-06-11T09:31:23+00:00\",\"breadcrumb\":{\"@id\":\"https:\\\/\\\/prochaska.eu\\\/ro\\\/produs\\\/toro-trimmer-fara-fir-60v-51835t\\\/#breadcrumb\"},\"inLanguage\":\"ro-RO\",\"potentialAction\":[{\"@type\":\"ReadAction\",\"target\":[\"https:\\\/\\\/prochaska.eu\\\/ro\\\/produs\\\/toro-trimmer-fara-fir-60v-51835t\\\/\"]}]},{\"@type\":\"ImageObject\",\"inLanguage\":\"ro-RO\",\"@id\":\"https:\\\/\\\/prochaska.eu\\\/ro\\\/produs\\\/toro-trimmer-fara-fir-60v-51835t\\\/#primaryimage\",\"url\":\"https:\\\/\\\/prochaska.eu\\\/wp-content\\\/uploads\\\/2024\\\/06\\\/akkugeraete-trimmer-toro-51835-prochaska-b2.jpg\",\"contentUrl\":\"https:\\\/\\\/prochaska.eu\\\/wp-content\\\/uploads\\\/2024\\\/06\\\/akkugeraete-trimmer-toro-51835-prochaska-b2.jpg\",\"width\":1440,\"height\":1440},{\"@type\":\"BreadcrumbList\",\"@id\":\"https:\\\/\\\/prochaska.eu\\\/ro\\\/produs\\\/toro-trimmer-fara-fir-60v-51835t\\\/#breadcrumb\",\"itemListElement\":[{\"@type\":\"ListItem\",\"position\":1,\"name\":\"Home\",\"item\":\"https:\\\/\\\/prochaska.eu\\\/ro\\\/\"},{\"@type\":\"ListItem\",\"position\":2,\"name\":\"Shop\",\"item\":\"https:\\\/\\\/prochaska.eu\\\/ro\\\/shop\\\/\"},{\"@type\":\"ListItem\",\"position\":3,\"name\":\"TORO &#8211; Trimmer f\u0103r\u0103 fir &#8211; 60V &#8211; 51835T\"}]},{\"@type\":\"WebSite\",\"@id\":\"https:\\\/\\\/prochaska.eu\\\/ro\\\/#website\",\"url\":\"https:\\\/\\\/prochaska.eu\\\/ro\\\/\",\"name\":\"Prochaska\",\"description\":\"Spezialist f\u00fcr Pflege von Gr\u00fcnfl\u00e4chen\",\"publisher\":{\"@id\":\"https:\\\/\\\/prochaska.eu\\\/ro\\\/#organization\"},\"potentialAction\":[{\"@type\":\"SearchAction\",\"target\":{\"@type\":\"EntryPoint\",\"urlTemplate\":\"https:\\\/\\\/prochaska.eu\\\/ro\\\/?s={search_term_string}\"},\"query-input\":{\"@type\":\"PropertyValueSpecification\",\"valueRequired\":true,\"valueName\":\"search_term_string\"}}],\"inLanguage\":\"ro-RO\"},{\"@type\":\"Organization\",\"@id\":\"https:\\\/\\\/prochaska.eu\\\/ro\\\/#organization\",\"name\":\"Prochaska\",\"url\":\"https:\\\/\\\/prochaska.eu\\\/ro\\\/\",\"logo\":{\"@type\":\"ImageObject\",\"inLanguage\":\"ro-RO\",\"@id\":\"https:\\\/\\\/prochaska.eu\\\/ro\\\/#\\\/schema\\\/logo\\\/image\\\/\",\"url\":\"https:\\\/\\\/prochaska.eu\\\/wp-content\\\/uploads\\\/2024\\\/04\\\/Prochaska_Logo_Black-1.png\",\"contentUrl\":\"https:\\\/\\\/prochaska.eu\\\/wp-content\\\/uploads\\\/2024\\\/04\\\/Prochaska_Logo_Black-1.png\",\"width\":796,\"height\":236,\"caption\":\"Prochaska\"},\"image\":{\"@id\":\"https:\\\/\\\/prochaska.eu\\\/ro\\\/#\\\/schema\\\/logo\\\/image\\\/\"},\"sameAs\":[\"https:\\\/\\\/www.facebook.com\\\/prochaska.eu\\\/\",\"https:\\\/\\\/www.instagram.com\\\/prochaska.eu\\\/\",\"https:\\\/\\\/www.linkedin.com\\\/company\\\/prochaska-handels-gmbh\"]}]}<\/script>\n<!-- \/ Yoast SEO plugin. -->","yoast_head_json":{"title":"TORO - Trimmer f\u0103r\u0103 fir - 60V - 51835T - Prochaska","robots":{"index":"index","follow":"follow","max-snippet":"max-snippet:-1","max-image-preview":"max-image-preview:large","max-video-preview":"max-video-preview:-1"},"canonical":"https:\/\/prochaska.eu\/ro\/produs\/toro-trimmer-fara-fir-60v-51835t\/","og_locale":"ro_RO","og_type":"article","og_title":"TORO - Trimmer f\u0103r\u0103 fir - 60V - 51835T - Prochaska","og_description":"Trimmerul f\u0103r\u0103 fir Toro, modelul 51835T, poate fi u\u0219or reglat de la o dimensiune a liniei de 2,0 mm la 2,4 mm \u0219i\/sau de la o l\u0103\u021bime de t\u0103iere de 36 cm la 41 cm, permi\u021b\u00e2ndu-v\u0103 s\u0103 v\u0103 face\u021bi treaba mai repede.","og_url":"https:\/\/prochaska.eu\/ro\/produs\/toro-trimmer-fara-fir-60v-51835t\/","og_site_name":"Prochaska","article_publisher":"https:\/\/www.facebook.com\/prochaska.eu\/","og_image":[{"width":1440,"height":1440,"url":"https:\/\/prochaska.eu\/wp-content\/uploads\/2024\/06\/akkugeraete-trimmer-toro-51835-prochaska-b2.jpg","type":"image\/jpeg"}],"twitter_card":"summary_large_image","twitter_misc":{"Timp estimat pentru citire":"1 minut"},"schema":{"@context":"https:\/\/schema.org","@graph":[{"@type":"WebPage","@id":"https:\/\/prochaska.eu\/ro\/produs\/toro-trimmer-fara-fir-60v-51835t\/","url":"https:\/\/prochaska.eu\/ro\/produs\/toro-trimmer-fara-fir-60v-51835t\/","name":"TORO - Trimmer f\u0103r\u0103 fir - 60V - 51835T - Prochaska","isPartOf":{"@id":"https:\/\/prochaska.eu\/ro\/#website"},"primaryImageOfPage":{"@id":"https:\/\/prochaska.eu\/ro\/produs\/toro-trimmer-fara-fir-60v-51835t\/#primaryimage"},"image":{"@id":"https:\/\/prochaska.eu\/ro\/produs\/toro-trimmer-fara-fir-60v-51835t\/#primaryimage"},"thumbnailUrl":"https:\/\/prochaska.eu\/wp-content\/uploads\/2024\/06\/akkugeraete-trimmer-toro-51835-prochaska-b2.jpg","datePublished":"2021-06-11T09:31:23+00:00","breadcrumb":{"@id":"https:\/\/prochaska.eu\/ro\/produs\/toro-trimmer-fara-fir-60v-51835t\/#breadcrumb"},"inLanguage":"ro-RO","potentialAction":[{"@type":"ReadAction","target":["https:\/\/prochaska.eu\/ro\/produs\/toro-trimmer-fara-fir-60v-51835t\/"]}]},{"@type":"ImageObject","inLanguage":"ro-RO","@id":"https:\/\/prochaska.eu\/ro\/produs\/toro-trimmer-fara-fir-60v-51835t\/#primaryimage","url":"https:\/\/prochaska.eu\/wp-content\/uploads\/2024\/06\/akkugeraete-trimmer-toro-51835-prochaska-b2.jpg","contentUrl":"https:\/\/prochaska.eu\/wp-content\/uploads\/2024\/06\/akkugeraete-trimmer-toro-51835-prochaska-b2.jpg","width":1440,"height":1440},{"@type":"BreadcrumbList","@id":"https:\/\/prochaska.eu\/ro\/produs\/toro-trimmer-fara-fir-60v-51835t\/#breadcrumb","itemListElement":[{"@type":"ListItem","position":1,"name":"Home","item":"https:\/\/prochaska.eu\/ro\/"},{"@type":"ListItem","position":2,"name":"Shop","item":"https:\/\/prochaska.eu\/ro\/shop\/"},{"@type":"ListItem","position":3,"name":"TORO &#8211; Trimmer f\u0103r\u0103 fir &#8211; 60V &#8211; 51835T"}]},{"@type":"WebSite","@id":"https:\/\/prochaska.eu\/ro\/#website","url":"https:\/\/prochaska.eu\/ro\/","name":"Prochaska","description":"Spezialist f\u00fcr Pflege von Gr\u00fcnfl\u00e4chen","publisher":{"@id":"https:\/\/prochaska.eu\/ro\/#organization"},"potentialAction":[{"@type":"SearchAction","target":{"@type":"EntryPoint","urlTemplate":"https:\/\/prochaska.eu\/ro\/?s={search_term_string}"},"query-input":{"@type":"PropertyValueSpecification","valueRequired":true,"valueName":"search_term_string"}}],"inLanguage":"ro-RO"},{"@type":"Organization","@id":"https:\/\/prochaska.eu\/ro\/#organization","name":"Prochaska","url":"https:\/\/prochaska.eu\/ro\/","logo":{"@type":"ImageObject","inLanguage":"ro-RO","@id":"https:\/\/prochaska.eu\/ro\/#\/schema\/logo\/image\/","url":"https:\/\/prochaska.eu\/wp-content\/uploads\/2024\/04\/Prochaska_Logo_Black-1.png","contentUrl":"https:\/\/prochaska.eu\/wp-content\/uploads\/2024\/04\/Prochaska_Logo_Black-1.png","width":796,"height":236,"caption":"Prochaska"},"image":{"@id":"https:\/\/prochaska.eu\/ro\/#\/schema\/logo\/image\/"},"sameAs":["https:\/\/www.facebook.com\/prochaska.eu\/","https:\/\/www.instagram.com\/prochaska.eu\/","https:\/\/www.linkedin.com\/company\/prochaska-handels-gmbh"]}]}},"brands":[{"id":3073,"name":"Toro","slug":"toro-ro"}],"_links":{"self":[{"href":"https:\/\/prochaska.eu\/ro\/wp-json\/wp\/v2\/product\/25227","targetHints":{"allow":["GET"]}}],"collection":[{"href":"https:\/\/prochaska.eu\/ro\/wp-json\/wp\/v2\/product"}],"about":[{"href":"https:\/\/prochaska.eu\/ro\/wp-json\/wp\/v2\/types\/product"}],"version-history":[{"count":0,"href":"https:\/\/prochaska.eu\/ro\/wp-json\/wp\/v2\/product\/25227\/revisions"}],"wp:featuredmedia":[{"embeddable":true,"href":"https:\/\/prochaska.eu\/ro\/wp-json\/wp\/v2\/media\/22536"}],"wp:attachment":[{"href":"https:\/\/prochaska.eu\/ro\/wp-json\/wp\/v2\/media?parent=25227"}],"wp:term":[{"taxonomy":"pwb-brand","embeddable":true,"href":"https:\/\/prochaska.eu\/ro\/wp-json\/wp\/v2\/pwb-brand?post=25227"},{"taxonomy":"product_brand","embeddable":true,"href":"https:\/\/prochaska.eu\/ro\/wp-json\/wp\/v2\/product_brand?post=25227"},{"taxonomy":"product_cat","embeddable":true,"href":"https:\/\/prochaska.eu\/ro\/wp-json\/wp\/v2\/product_cat?post=25227"},{"taxonomy":"product_tag","embeddable":true,"href":"https:\/\/prochaska.eu\/ro\/wp-json\/wp\/v2\/product_tag?post=25227"}],"curies":[{"name":"wp","href":"https:\/\/api.w.org\/{rel}","templated":true}]}}