{"id":25235,"date":"2021-04-06T15:19:09","date_gmt":"2021-04-06T15:19:09","guid":{"rendered":"https:\/\/prochaska.eu\/product\/toro-masina-de-tuns-iarba-reciclator-21753\/"},"modified":"2026-04-22T02:08:57","modified_gmt":"2026-04-22T02:08:57","slug":"toro-masina-de-tuns-iarba-reciclator-21753","status":"publish","type":"product","link":"https:\/\/prochaska.eu\/ro\/produs\/toro-masina-de-tuns-iarba-reciclator-21753\/","title":{"rendered":"Toro &#8211; Ma\u0219in\u0103 de tuns iarba &#8211; Reciclator &#8211; 21753"},"content":{"rendered":"<p style=\"text-align: left;\">Ma\u0219ina de tuns iarba <a href=\"https:\/\/www.prochaska.eu\/toro\/\">Toro<\/a> Recycler 21753 este una dintre cele mai v\u00e2ndute! Ma\u0219ina de tuns iarba are o l\u0103\u021bime de t\u0103iere de 53 cm, trac\u021biune spate cu VARIO DRIVE (control infinit variabil al vitezei), cea mai recent\u0103 tehnologie de reciclare de la Toro \u0219i un starter cu recul. Faptul c\u0103 nu este nevoie s\u0103 goli\u021bi co\u0219ul de colectare economise\u0219te timp. Resturile de gazon bogate \u00een nutrien\u021bi sunt returnate \u00een sol, se descompun rapid \u0219i hr\u0103nesc r\u0103d\u0103cinile pentru un gazon s\u0103n\u0103tos \u0219i dens. Cu trac\u021biune spate \u0219i o l\u0103\u021bime de t\u0103iere de 53 cm, ma\u0219ina de tuns iarba este ideal\u0103 pentru zonele verzi de p\u00e2n\u0103 la 950 m\u00b2.<\/p>\n<h2 style=\"text-align: left;\">Beneficiile produsului<\/h2>\n<ul>\n<li style=\"text-align: left;\">Toro Recycler Technology &#8211; Tehnologia de reciclare de ultim\u0103 genera\u021bie m\u0103run\u021be\u0219te de mai multe ori resturile<\/li>\n<li style=\"text-align: left;\">Trei func\u021bii \u00eentr-un singur aparat &#8211; reciclare, colectare, evacuare lateral\u0103 sau posterioar\u0103<\/li>\n<li>Func\u021bia Smart Stow pentru depozitare \u00een condi\u021bii de economisire a spa\u021biului<\/li>\n<li>Colector de iarb\u0103 mare &#8211; Tundere \u00eendelungat\u0103 f\u0103r\u0103 \u00eentreruperi<\/li>\n<li style=\"text-align: left;\">\u0218in\u0103 de ghidare cu \u00een\u0103l\u021bime reglabil\u0103 pentru lucru ergonomic<\/li>\n<li>Vario Drive System &#8211; reglare continu\u0103 a vitezei prin intermediul ghidonului<\/li>\n<li style=\"text-align: left;\">Easy-to-Start &#8211; pornire u\u0219oar\u0103 \u0219i fiabil\u0103 la atingerea unui buton<\/li>\n<\/ul>\n<h2 style=\"text-align: left;\">Accesorii op\u021bionale<\/h2>\n<ul>\n<li style=\"text-align: left;\">Lam\u0103 de schimb Atomic 53 cm &#8211; 133-8182-03<\/li>\n<li>Capac de lux &#8211; 490-7462<\/li>\n<li>M\u00e2ner de pornire confort &#8211; 117-4142<\/li>\n<li>Ulei pentru ma\u0219ina de tuns iarba &#8211; P65606<\/li>\n<\/ul>\n<p><iframe title=\"Toro\u00ae Recycler\u00ae Walk-Behind Mowers\" width=\"800\" height=\"450\" src=\"https:\/\/www.youtube.com\/embed\/v31egpxwZWs?feature=oembed\" frameborder=\"0\" allow=\"accelerometer; autoplay; clipboard-write; encrypted-media; gyroscope; picture-in-picture; web-share\" referrerpolicy=\"strict-origin-when-cross-origin\" allowfullscreen><\/iframe><\/p>\n","protected":false},"excerpt":{"rendered":"<p>Cu o l\u0103\u021bime de t\u0103iere de 53 cm, ma\u0219ina de tuns iarb\u0103 Toro Recycler 21750 este ideal\u0103 pentru suprafe\u021be de p\u00e2n\u0103 la 950 m\u00b2.<\/p>\n","protected":false},"featured_media":22464,"template":"","meta":[],"pwb-brand":[3073],"product_brand":[],"product_cat":[1149,1217,3140],"product_tag":[],"class_list":{"0":"post-25235","1":"product","2":"type-product","3":"status-publish","4":"has-post-thumbnail","6":"pwb-brand-toro-ro","7":"product_cat-cositoare-de-gazon","8":"product_cat-cositoare-de-gazon-manuala","9":"product_cat-reduceri-pentru-marca-toro","11":"first","12":"instock","13":"taxable","14":"shipping-taxable","15":"purchasable","16":"product-type-simple"},"yoast_head":"<!-- This site is optimized with the Yoast SEO plugin v27.4 - https:\/\/yoast.com\/product\/yoast-seo-wordpress\/ -->\n<title>Toro - Ma\u0219in\u0103 de tuns iarba - Reciclator - 21753 - Prochaska<\/title>\n<meta name=\"robots\" content=\"index, follow, max-snippet:-1, max-image-preview:large, max-video-preview:-1\" \/>\n<link rel=\"canonical\" href=\"https:\/\/prochaska.eu\/ro\/produs\/toro-masina-de-tuns-iarba-reciclator-21753\/\" \/>\n<meta property=\"og:locale\" content=\"ro_RO\" \/>\n<meta property=\"og:type\" content=\"article\" \/>\n<meta property=\"og:title\" content=\"Toro - Ma\u0219in\u0103 de tuns iarba - Reciclator - 21753 - Prochaska\" \/>\n<meta property=\"og:description\" content=\"Cu o l\u0103\u021bime de t\u0103iere de 53 cm, ma\u0219ina de tuns iarb\u0103 Toro Recycler 21750 este ideal\u0103 pentru suprafe\u021be de p\u00e2n\u0103 la 950 m\u00b2.\" \/>\n<meta property=\"og:url\" content=\"https:\/\/prochaska.eu\/ro\/produs\/toro-masina-de-tuns-iarba-reciclator-21753\/\" \/>\n<meta property=\"og:site_name\" content=\"Prochaska\" \/>\n<meta property=\"article:publisher\" content=\"https:\/\/www.facebook.com\/prochaska.eu\/\" \/>\n<meta property=\"article:modified_time\" content=\"2026-04-22T02:08:57+00:00\" \/>\n<meta property=\"og:image\" content=\"https:\/\/prochaska.eu\/wp-content\/uploads\/2024\/06\/handrasenmaeher-toro-recycler-21750-prochaska.jpg\" \/>\n\t<meta property=\"og:image:width\" content=\"1440\" \/>\n\t<meta property=\"og:image:height\" content=\"1440\" \/>\n\t<meta property=\"og:image:type\" content=\"image\/jpeg\" \/>\n<meta name=\"twitter:card\" content=\"summary_large_image\" \/>\n<meta name=\"twitter:label1\" content=\"Timp estimat pentru citire\" \/>\n\t<meta name=\"twitter:data1\" content=\"1 minut\" \/>\n<script type=\"application\/ld+json\" class=\"yoast-schema-graph\">{\"@context\":\"https:\\\/\\\/schema.org\",\"@graph\":[{\"@type\":\"WebPage\",\"@id\":\"https:\\\/\\\/prochaska.eu\\\/ro\\\/produs\\\/toro-masina-de-tuns-iarba-reciclator-21753\\\/\",\"url\":\"https:\\\/\\\/prochaska.eu\\\/ro\\\/produs\\\/toro-masina-de-tuns-iarba-reciclator-21753\\\/\",\"name\":\"Toro - Ma\u0219in\u0103 de tuns iarba - Reciclator - 21753 - Prochaska\",\"isPartOf\":{\"@id\":\"https:\\\/\\\/prochaska.eu\\\/ro\\\/#website\"},\"primaryImageOfPage\":{\"@id\":\"https:\\\/\\\/prochaska.eu\\\/ro\\\/produs\\\/toro-masina-de-tuns-iarba-reciclator-21753\\\/#primaryimage\"},\"image\":{\"@id\":\"https:\\\/\\\/prochaska.eu\\\/ro\\\/produs\\\/toro-masina-de-tuns-iarba-reciclator-21753\\\/#primaryimage\"},\"thumbnailUrl\":\"https:\\\/\\\/prochaska.eu\\\/wp-content\\\/uploads\\\/2024\\\/06\\\/handrasenmaeher-toro-recycler-21750-prochaska.jpg\",\"datePublished\":\"2021-04-06T15:19:09+00:00\",\"dateModified\":\"2026-04-22T02:08:57+00:00\",\"breadcrumb\":{\"@id\":\"https:\\\/\\\/prochaska.eu\\\/ro\\\/produs\\\/toro-masina-de-tuns-iarba-reciclator-21753\\\/#breadcrumb\"},\"inLanguage\":\"ro-RO\",\"potentialAction\":[{\"@type\":\"ReadAction\",\"target\":[\"https:\\\/\\\/prochaska.eu\\\/ro\\\/produs\\\/toro-masina-de-tuns-iarba-reciclator-21753\\\/\"]}]},{\"@type\":\"ImageObject\",\"inLanguage\":\"ro-RO\",\"@id\":\"https:\\\/\\\/prochaska.eu\\\/ro\\\/produs\\\/toro-masina-de-tuns-iarba-reciclator-21753\\\/#primaryimage\",\"url\":\"https:\\\/\\\/prochaska.eu\\\/wp-content\\\/uploads\\\/2024\\\/06\\\/handrasenmaeher-toro-recycler-21750-prochaska.jpg\",\"contentUrl\":\"https:\\\/\\\/prochaska.eu\\\/wp-content\\\/uploads\\\/2024\\\/06\\\/handrasenmaeher-toro-recycler-21750-prochaska.jpg\",\"width\":1440,\"height\":1440},{\"@type\":\"BreadcrumbList\",\"@id\":\"https:\\\/\\\/prochaska.eu\\\/ro\\\/produs\\\/toro-masina-de-tuns-iarba-reciclator-21753\\\/#breadcrumb\",\"itemListElement\":[{\"@type\":\"ListItem\",\"position\":1,\"name\":\"Home\",\"item\":\"https:\\\/\\\/prochaska.eu\\\/ro\\\/\"},{\"@type\":\"ListItem\",\"position\":2,\"name\":\"Shop\",\"item\":\"https:\\\/\\\/prochaska.eu\\\/ro\\\/shop\\\/\"},{\"@type\":\"ListItem\",\"position\":3,\"name\":\"Toro &#8211; Ma\u0219in\u0103 de tuns iarba &#8211; Reciclator &#8211; 21753\"}]},{\"@type\":\"WebSite\",\"@id\":\"https:\\\/\\\/prochaska.eu\\\/ro\\\/#website\",\"url\":\"https:\\\/\\\/prochaska.eu\\\/ro\\\/\",\"name\":\"Prochaska\",\"description\":\"Spezialist f\u00fcr Pflege von Gr\u00fcnfl\u00e4chen\",\"publisher\":{\"@id\":\"https:\\\/\\\/prochaska.eu\\\/ro\\\/#organization\"},\"potentialAction\":[{\"@type\":\"SearchAction\",\"target\":{\"@type\":\"EntryPoint\",\"urlTemplate\":\"https:\\\/\\\/prochaska.eu\\\/ro\\\/?s={search_term_string}\"},\"query-input\":{\"@type\":\"PropertyValueSpecification\",\"valueRequired\":true,\"valueName\":\"search_term_string\"}}],\"inLanguage\":\"ro-RO\"},{\"@type\":\"Organization\",\"@id\":\"https:\\\/\\\/prochaska.eu\\\/ro\\\/#organization\",\"name\":\"Prochaska\",\"url\":\"https:\\\/\\\/prochaska.eu\\\/ro\\\/\",\"logo\":{\"@type\":\"ImageObject\",\"inLanguage\":\"ro-RO\",\"@id\":\"https:\\\/\\\/prochaska.eu\\\/ro\\\/#\\\/schema\\\/logo\\\/image\\\/\",\"url\":\"https:\\\/\\\/prochaska.eu\\\/wp-content\\\/uploads\\\/2024\\\/04\\\/Prochaska_Logo_Black-1.png\",\"contentUrl\":\"https:\\\/\\\/prochaska.eu\\\/wp-content\\\/uploads\\\/2024\\\/04\\\/Prochaska_Logo_Black-1.png\",\"width\":796,\"height\":236,\"caption\":\"Prochaska\"},\"image\":{\"@id\":\"https:\\\/\\\/prochaska.eu\\\/ro\\\/#\\\/schema\\\/logo\\\/image\\\/\"},\"sameAs\":[\"https:\\\/\\\/www.facebook.com\\\/prochaska.eu\\\/\",\"https:\\\/\\\/www.instagram.com\\\/prochaska.eu\\\/\",\"https:\\\/\\\/www.linkedin.com\\\/company\\\/prochaska-handels-gmbh\"]}]}<\/script>\n<!-- \/ Yoast SEO plugin. -->","yoast_head_json":{"title":"Toro - Ma\u0219in\u0103 de tuns iarba - Reciclator - 21753 - Prochaska","robots":{"index":"index","follow":"follow","max-snippet":"max-snippet:-1","max-image-preview":"max-image-preview:large","max-video-preview":"max-video-preview:-1"},"canonical":"https:\/\/prochaska.eu\/ro\/produs\/toro-masina-de-tuns-iarba-reciclator-21753\/","og_locale":"ro_RO","og_type":"article","og_title":"Toro - Ma\u0219in\u0103 de tuns iarba - Reciclator - 21753 - Prochaska","og_description":"Cu o l\u0103\u021bime de t\u0103iere de 53 cm, ma\u0219ina de tuns iarb\u0103 Toro Recycler 21750 este ideal\u0103 pentru suprafe\u021be de p\u00e2n\u0103 la 950 m\u00b2.","og_url":"https:\/\/prochaska.eu\/ro\/produs\/toro-masina-de-tuns-iarba-reciclator-21753\/","og_site_name":"Prochaska","article_publisher":"https:\/\/www.facebook.com\/prochaska.eu\/","article_modified_time":"2026-04-22T02:08:57+00:00","og_image":[{"width":1440,"height":1440,"url":"https:\/\/prochaska.eu\/wp-content\/uploads\/2024\/06\/handrasenmaeher-toro-recycler-21750-prochaska.jpg","type":"image\/jpeg"}],"twitter_card":"summary_large_image","twitter_misc":{"Timp estimat pentru citire":"1 minut"},"schema":{"@context":"https:\/\/schema.org","@graph":[{"@type":"WebPage","@id":"https:\/\/prochaska.eu\/ro\/produs\/toro-masina-de-tuns-iarba-reciclator-21753\/","url":"https:\/\/prochaska.eu\/ro\/produs\/toro-masina-de-tuns-iarba-reciclator-21753\/","name":"Toro - Ma\u0219in\u0103 de tuns iarba - Reciclator - 21753 - Prochaska","isPartOf":{"@id":"https:\/\/prochaska.eu\/ro\/#website"},"primaryImageOfPage":{"@id":"https:\/\/prochaska.eu\/ro\/produs\/toro-masina-de-tuns-iarba-reciclator-21753\/#primaryimage"},"image":{"@id":"https:\/\/prochaska.eu\/ro\/produs\/toro-masina-de-tuns-iarba-reciclator-21753\/#primaryimage"},"thumbnailUrl":"https:\/\/prochaska.eu\/wp-content\/uploads\/2024\/06\/handrasenmaeher-toro-recycler-21750-prochaska.jpg","datePublished":"2021-04-06T15:19:09+00:00","dateModified":"2026-04-22T02:08:57+00:00","breadcrumb":{"@id":"https:\/\/prochaska.eu\/ro\/produs\/toro-masina-de-tuns-iarba-reciclator-21753\/#breadcrumb"},"inLanguage":"ro-RO","potentialAction":[{"@type":"ReadAction","target":["https:\/\/prochaska.eu\/ro\/produs\/toro-masina-de-tuns-iarba-reciclator-21753\/"]}]},{"@type":"ImageObject","inLanguage":"ro-RO","@id":"https:\/\/prochaska.eu\/ro\/produs\/toro-masina-de-tuns-iarba-reciclator-21753\/#primaryimage","url":"https:\/\/prochaska.eu\/wp-content\/uploads\/2024\/06\/handrasenmaeher-toro-recycler-21750-prochaska.jpg","contentUrl":"https:\/\/prochaska.eu\/wp-content\/uploads\/2024\/06\/handrasenmaeher-toro-recycler-21750-prochaska.jpg","width":1440,"height":1440},{"@type":"BreadcrumbList","@id":"https:\/\/prochaska.eu\/ro\/produs\/toro-masina-de-tuns-iarba-reciclator-21753\/#breadcrumb","itemListElement":[{"@type":"ListItem","position":1,"name":"Home","item":"https:\/\/prochaska.eu\/ro\/"},{"@type":"ListItem","position":2,"name":"Shop","item":"https:\/\/prochaska.eu\/ro\/shop\/"},{"@type":"ListItem","position":3,"name":"Toro &#8211; Ma\u0219in\u0103 de tuns iarba &#8211; Reciclator &#8211; 21753"}]},{"@type":"WebSite","@id":"https:\/\/prochaska.eu\/ro\/#website","url":"https:\/\/prochaska.eu\/ro\/","name":"Prochaska","description":"Spezialist f\u00fcr Pflege von Gr\u00fcnfl\u00e4chen","publisher":{"@id":"https:\/\/prochaska.eu\/ro\/#organization"},"potentialAction":[{"@type":"SearchAction","target":{"@type":"EntryPoint","urlTemplate":"https:\/\/prochaska.eu\/ro\/?s={search_term_string}"},"query-input":{"@type":"PropertyValueSpecification","valueRequired":true,"valueName":"search_term_string"}}],"inLanguage":"ro-RO"},{"@type":"Organization","@id":"https:\/\/prochaska.eu\/ro\/#organization","name":"Prochaska","url":"https:\/\/prochaska.eu\/ro\/","logo":{"@type":"ImageObject","inLanguage":"ro-RO","@id":"https:\/\/prochaska.eu\/ro\/#\/schema\/logo\/image\/","url":"https:\/\/prochaska.eu\/wp-content\/uploads\/2024\/04\/Prochaska_Logo_Black-1.png","contentUrl":"https:\/\/prochaska.eu\/wp-content\/uploads\/2024\/04\/Prochaska_Logo_Black-1.png","width":796,"height":236,"caption":"Prochaska"},"image":{"@id":"https:\/\/prochaska.eu\/ro\/#\/schema\/logo\/image\/"},"sameAs":["https:\/\/www.facebook.com\/prochaska.eu\/","https:\/\/www.instagram.com\/prochaska.eu\/","https:\/\/www.linkedin.com\/company\/prochaska-handels-gmbh"]}]}},"brands":[{"id":3073,"name":"Toro","slug":"toro-ro"}],"_links":{"self":[{"href":"https:\/\/prochaska.eu\/ro\/wp-json\/wp\/v2\/product\/25235","targetHints":{"allow":["GET"]}}],"collection":[{"href":"https:\/\/prochaska.eu\/ro\/wp-json\/wp\/v2\/product"}],"about":[{"href":"https:\/\/prochaska.eu\/ro\/wp-json\/wp\/v2\/types\/product"}],"version-history":[{"count":0,"href":"https:\/\/prochaska.eu\/ro\/wp-json\/wp\/v2\/product\/25235\/revisions"}],"wp:featuredmedia":[{"embeddable":true,"href":"https:\/\/prochaska.eu\/ro\/wp-json\/wp\/v2\/media\/22464"}],"wp:attachment":[{"href":"https:\/\/prochaska.eu\/ro\/wp-json\/wp\/v2\/media?parent=25235"}],"wp:term":[{"taxonomy":"pwb-brand","embeddable":true,"href":"https:\/\/prochaska.eu\/ro\/wp-json\/wp\/v2\/pwb-brand?post=25235"},{"taxonomy":"product_brand","embeddable":true,"href":"https:\/\/prochaska.eu\/ro\/wp-json\/wp\/v2\/product_brand?post=25235"},{"taxonomy":"product_cat","embeddable":true,"href":"https:\/\/prochaska.eu\/ro\/wp-json\/wp\/v2\/product_cat?post=25235"},{"taxonomy":"product_tag","embeddable":true,"href":"https:\/\/prochaska.eu\/ro\/wp-json\/wp\/v2\/product_tag?post=25235"}],"curies":[{"name":"wp","href":"https:\/\/api.w.org\/{rel}","templated":true}]}}