{"id":25252,"date":"2021-06-11T09:11:41","date_gmt":"2021-06-11T09:11:41","guid":{"rendered":"https:\/\/prochaska.eu\/product\/toro-ferastrau-cu-lant-fara-fir-60v-51845t\/"},"modified":"2021-06-11T09:11:41","modified_gmt":"2021-06-11T09:11:41","slug":"toro-ferastrau-cu-lant-fara-fir-60v-51845t","status":"publish","type":"product","link":"https:\/\/prochaska.eu\/ro\/produs\/toro-ferastrau-cu-lant-fara-fir-60v-51845t\/","title":{"rendered":"Toro &#8211; Fer\u0103str\u0103u cu lan\u021b f\u0103r\u0103 fir &#8211; 60V &#8211; 51845T"},"content":{"rendered":"<p style=\"text-align: left;\">Viteza fer\u0103str\u0103ului cu lan\u021b Toro, model 51845T, poate fi reglat\u0103 \u00een mod variabil. De asemenea, fer\u0103str\u0103ul cu lan\u021b se opre\u0219te automat atunci c\u00e2nd se d\u0103 \u00eenapoi &#8211; pentru o siguran\u021b\u0103 sporit\u0103. Seria Max Flex-Force a fost dezvoltat\u0103 pentru a lucra mai eficient \u0219i a economisi astfel timp. Motorul f\u0103r\u0103 perii este deosebit de puternic \u0219i are o durat\u0103 de via\u021b\u0103 deosebit de lung\u0103 \u00een compara\u021bie cu alte motoare.  <strong><br \/>\n<\/strong><\/p>\n<h2 style=\"text-align: left;\">Beneficiile produsului<\/h2>\n<ul>\n<li style=\"text-align: left;\">Motor f\u0103r\u0103 perii pentru mai mult\u0103 putere, timp de func\u021bionare \u0219i durat\u0103 de via\u021b\u0103 mai lung\u0103<\/li>\n<li style=\"text-align: left;\">Protec\u021bie \u00eempotriva reculului<\/li>\n<li style=\"text-align: left;\">Prindere confortabil\u0103<\/li>\n<li>Controlul vitezei variabile<\/li>\n<li>Deosebit de puternic<\/li>\n<\/ul>\n","protected":false},"excerpt":{"rendered":"<p>Viteza fer\u0103str\u0103ului cu lan\u021b Toro, model 51845T, poate fi reglat\u0103 \u00een mod variabil. De asemenea, fer\u0103str\u0103ul cu lan\u021b se opre\u0219te automat atunci c\u00e2nd se d\u0103 \u00eenapoi &#8211; pentru o siguran\u021b\u0103 sporit\u0103.<\/p>\n","protected":false},"featured_media":22530,"template":"","meta":[],"pwb-brand":[3073],"product_brand":[],"product_cat":[1093,1147],"product_tag":[],"class_list":{"0":"post-25252","1":"product","2":"type-product","3":"status-publish","4":"has-post-thumbnail","6":"pwb-brand-toro-ro","7":"product_cat-dispozitive-alimentate-cu-baterii","8":"product_cat-ferastrau-cu-lant-fara-fir","10":"first","11":"instock","12":"taxable","13":"shipping-taxable","14":"purchasable","15":"product-type-simple"},"yoast_head":"<!-- This site is optimized with the Yoast SEO plugin v27.4 - https:\/\/yoast.com\/product\/yoast-seo-wordpress\/ -->\n<title>Toro - Fer\u0103str\u0103u cu lan\u021b f\u0103r\u0103 fir - 60V - 51845T - Prochaska<\/title>\n<meta name=\"robots\" content=\"index, follow, max-snippet:-1, max-image-preview:large, max-video-preview:-1\" \/>\n<link rel=\"canonical\" href=\"https:\/\/prochaska.eu\/ro\/produs\/toro-ferastrau-cu-lant-fara-fir-60v-51845t\/\" \/>\n<meta property=\"og:locale\" content=\"ro_RO\" \/>\n<meta property=\"og:type\" content=\"article\" \/>\n<meta property=\"og:title\" content=\"Toro - Fer\u0103str\u0103u cu lan\u021b f\u0103r\u0103 fir - 60V - 51845T - Prochaska\" \/>\n<meta property=\"og:description\" content=\"Viteza fer\u0103str\u0103ului cu lan\u021b Toro, model 51845T, poate fi reglat\u0103 \u00een mod variabil. De asemenea, fer\u0103str\u0103ul cu lan\u021b se opre\u0219te automat atunci c\u00e2nd se d\u0103 \u00eenapoi - pentru o siguran\u021b\u0103 sporit\u0103.\" \/>\n<meta property=\"og:url\" content=\"https:\/\/prochaska.eu\/ro\/produs\/toro-ferastrau-cu-lant-fara-fir-60v-51845t\/\" \/>\n<meta property=\"og:site_name\" content=\"Prochaska\" \/>\n<meta property=\"article:publisher\" content=\"https:\/\/www.facebook.com\/prochaska.eu\/\" \/>\n<meta property=\"og:image\" content=\"https:\/\/prochaska.eu\/wp-content\/uploads\/2024\/06\/akkugeraete-heckenschere-toro-51855-prochaska-b1-1.jpg\" \/>\n\t<meta property=\"og:image:width\" content=\"1440\" \/>\n\t<meta property=\"og:image:height\" content=\"1440\" \/>\n\t<meta property=\"og:image:type\" content=\"image\/jpeg\" \/>\n<meta name=\"twitter:card\" content=\"summary_large_image\" \/>\n<meta name=\"twitter:label1\" content=\"Timp estimat pentru citire\" \/>\n\t<meta name=\"twitter:data1\" content=\"1 minut\" \/>\n<script type=\"application\/ld+json\" class=\"yoast-schema-graph\">{\"@context\":\"https:\\\/\\\/schema.org\",\"@graph\":[{\"@type\":\"WebPage\",\"@id\":\"https:\\\/\\\/prochaska.eu\\\/ro\\\/produs\\\/toro-ferastrau-cu-lant-fara-fir-60v-51845t\\\/\",\"url\":\"https:\\\/\\\/prochaska.eu\\\/ro\\\/produs\\\/toro-ferastrau-cu-lant-fara-fir-60v-51845t\\\/\",\"name\":\"Toro - Fer\u0103str\u0103u cu lan\u021b f\u0103r\u0103 fir - 60V - 51845T - Prochaska\",\"isPartOf\":{\"@id\":\"https:\\\/\\\/prochaska.eu\\\/ro\\\/#website\"},\"primaryImageOfPage\":{\"@id\":\"https:\\\/\\\/prochaska.eu\\\/ro\\\/produs\\\/toro-ferastrau-cu-lant-fara-fir-60v-51845t\\\/#primaryimage\"},\"image\":{\"@id\":\"https:\\\/\\\/prochaska.eu\\\/ro\\\/produs\\\/toro-ferastrau-cu-lant-fara-fir-60v-51845t\\\/#primaryimage\"},\"thumbnailUrl\":\"https:\\\/\\\/prochaska.eu\\\/wp-content\\\/uploads\\\/2024\\\/06\\\/akkugeraete-heckenschere-toro-51855-prochaska-b1-1.jpg\",\"datePublished\":\"2021-06-11T09:11:41+00:00\",\"breadcrumb\":{\"@id\":\"https:\\\/\\\/prochaska.eu\\\/ro\\\/produs\\\/toro-ferastrau-cu-lant-fara-fir-60v-51845t\\\/#breadcrumb\"},\"inLanguage\":\"ro-RO\",\"potentialAction\":[{\"@type\":\"ReadAction\",\"target\":[\"https:\\\/\\\/prochaska.eu\\\/ro\\\/produs\\\/toro-ferastrau-cu-lant-fara-fir-60v-51845t\\\/\"]}]},{\"@type\":\"ImageObject\",\"inLanguage\":\"ro-RO\",\"@id\":\"https:\\\/\\\/prochaska.eu\\\/ro\\\/produs\\\/toro-ferastrau-cu-lant-fara-fir-60v-51845t\\\/#primaryimage\",\"url\":\"https:\\\/\\\/prochaska.eu\\\/wp-content\\\/uploads\\\/2024\\\/06\\\/akkugeraete-heckenschere-toro-51855-prochaska-b1-1.jpg\",\"contentUrl\":\"https:\\\/\\\/prochaska.eu\\\/wp-content\\\/uploads\\\/2024\\\/06\\\/akkugeraete-heckenschere-toro-51855-prochaska-b1-1.jpg\",\"width\":1440,\"height\":1440},{\"@type\":\"BreadcrumbList\",\"@id\":\"https:\\\/\\\/prochaska.eu\\\/ro\\\/produs\\\/toro-ferastrau-cu-lant-fara-fir-60v-51845t\\\/#breadcrumb\",\"itemListElement\":[{\"@type\":\"ListItem\",\"position\":1,\"name\":\"Home\",\"item\":\"https:\\\/\\\/prochaska.eu\\\/ro\\\/\"},{\"@type\":\"ListItem\",\"position\":2,\"name\":\"Shop\",\"item\":\"https:\\\/\\\/prochaska.eu\\\/ro\\\/shop\\\/\"},{\"@type\":\"ListItem\",\"position\":3,\"name\":\"Toro &#8211; Fer\u0103str\u0103u cu lan\u021b f\u0103r\u0103 fir &#8211; 60V &#8211; 51845T\"}]},{\"@type\":\"WebSite\",\"@id\":\"https:\\\/\\\/prochaska.eu\\\/ro\\\/#website\",\"url\":\"https:\\\/\\\/prochaska.eu\\\/ro\\\/\",\"name\":\"Prochaska\",\"description\":\"Spezialist f\u00fcr Pflege von Gr\u00fcnfl\u00e4chen\",\"publisher\":{\"@id\":\"https:\\\/\\\/prochaska.eu\\\/ro\\\/#organization\"},\"potentialAction\":[{\"@type\":\"SearchAction\",\"target\":{\"@type\":\"EntryPoint\",\"urlTemplate\":\"https:\\\/\\\/prochaska.eu\\\/ro\\\/?s={search_term_string}\"},\"query-input\":{\"@type\":\"PropertyValueSpecification\",\"valueRequired\":true,\"valueName\":\"search_term_string\"}}],\"inLanguage\":\"ro-RO\"},{\"@type\":\"Organization\",\"@id\":\"https:\\\/\\\/prochaska.eu\\\/ro\\\/#organization\",\"name\":\"Prochaska\",\"url\":\"https:\\\/\\\/prochaska.eu\\\/ro\\\/\",\"logo\":{\"@type\":\"ImageObject\",\"inLanguage\":\"ro-RO\",\"@id\":\"https:\\\/\\\/prochaska.eu\\\/ro\\\/#\\\/schema\\\/logo\\\/image\\\/\",\"url\":\"https:\\\/\\\/prochaska.eu\\\/wp-content\\\/uploads\\\/2024\\\/04\\\/Prochaska_Logo_Black-1.png\",\"contentUrl\":\"https:\\\/\\\/prochaska.eu\\\/wp-content\\\/uploads\\\/2024\\\/04\\\/Prochaska_Logo_Black-1.png\",\"width\":796,\"height\":236,\"caption\":\"Prochaska\"},\"image\":{\"@id\":\"https:\\\/\\\/prochaska.eu\\\/ro\\\/#\\\/schema\\\/logo\\\/image\\\/\"},\"sameAs\":[\"https:\\\/\\\/www.facebook.com\\\/prochaska.eu\\\/\",\"https:\\\/\\\/www.instagram.com\\\/prochaska.eu\\\/\",\"https:\\\/\\\/www.linkedin.com\\\/company\\\/prochaska-handels-gmbh\"]}]}<\/script>\n<!-- \/ Yoast SEO plugin. -->","yoast_head_json":{"title":"Toro - Fer\u0103str\u0103u cu lan\u021b f\u0103r\u0103 fir - 60V - 51845T - Prochaska","robots":{"index":"index","follow":"follow","max-snippet":"max-snippet:-1","max-image-preview":"max-image-preview:large","max-video-preview":"max-video-preview:-1"},"canonical":"https:\/\/prochaska.eu\/ro\/produs\/toro-ferastrau-cu-lant-fara-fir-60v-51845t\/","og_locale":"ro_RO","og_type":"article","og_title":"Toro - Fer\u0103str\u0103u cu lan\u021b f\u0103r\u0103 fir - 60V - 51845T - Prochaska","og_description":"Viteza fer\u0103str\u0103ului cu lan\u021b Toro, model 51845T, poate fi reglat\u0103 \u00een mod variabil. De asemenea, fer\u0103str\u0103ul cu lan\u021b se opre\u0219te automat atunci c\u00e2nd se d\u0103 \u00eenapoi - pentru o siguran\u021b\u0103 sporit\u0103.","og_url":"https:\/\/prochaska.eu\/ro\/produs\/toro-ferastrau-cu-lant-fara-fir-60v-51845t\/","og_site_name":"Prochaska","article_publisher":"https:\/\/www.facebook.com\/prochaska.eu\/","og_image":[{"width":1440,"height":1440,"url":"https:\/\/prochaska.eu\/wp-content\/uploads\/2024\/06\/akkugeraete-heckenschere-toro-51855-prochaska-b1-1.jpg","type":"image\/jpeg"}],"twitter_card":"summary_large_image","twitter_misc":{"Timp estimat pentru citire":"1 minut"},"schema":{"@context":"https:\/\/schema.org","@graph":[{"@type":"WebPage","@id":"https:\/\/prochaska.eu\/ro\/produs\/toro-ferastrau-cu-lant-fara-fir-60v-51845t\/","url":"https:\/\/prochaska.eu\/ro\/produs\/toro-ferastrau-cu-lant-fara-fir-60v-51845t\/","name":"Toro - Fer\u0103str\u0103u cu lan\u021b f\u0103r\u0103 fir - 60V - 51845T - Prochaska","isPartOf":{"@id":"https:\/\/prochaska.eu\/ro\/#website"},"primaryImageOfPage":{"@id":"https:\/\/prochaska.eu\/ro\/produs\/toro-ferastrau-cu-lant-fara-fir-60v-51845t\/#primaryimage"},"image":{"@id":"https:\/\/prochaska.eu\/ro\/produs\/toro-ferastrau-cu-lant-fara-fir-60v-51845t\/#primaryimage"},"thumbnailUrl":"https:\/\/prochaska.eu\/wp-content\/uploads\/2024\/06\/akkugeraete-heckenschere-toro-51855-prochaska-b1-1.jpg","datePublished":"2021-06-11T09:11:41+00:00","breadcrumb":{"@id":"https:\/\/prochaska.eu\/ro\/produs\/toro-ferastrau-cu-lant-fara-fir-60v-51845t\/#breadcrumb"},"inLanguage":"ro-RO","potentialAction":[{"@type":"ReadAction","target":["https:\/\/prochaska.eu\/ro\/produs\/toro-ferastrau-cu-lant-fara-fir-60v-51845t\/"]}]},{"@type":"ImageObject","inLanguage":"ro-RO","@id":"https:\/\/prochaska.eu\/ro\/produs\/toro-ferastrau-cu-lant-fara-fir-60v-51845t\/#primaryimage","url":"https:\/\/prochaska.eu\/wp-content\/uploads\/2024\/06\/akkugeraete-heckenschere-toro-51855-prochaska-b1-1.jpg","contentUrl":"https:\/\/prochaska.eu\/wp-content\/uploads\/2024\/06\/akkugeraete-heckenschere-toro-51855-prochaska-b1-1.jpg","width":1440,"height":1440},{"@type":"BreadcrumbList","@id":"https:\/\/prochaska.eu\/ro\/produs\/toro-ferastrau-cu-lant-fara-fir-60v-51845t\/#breadcrumb","itemListElement":[{"@type":"ListItem","position":1,"name":"Home","item":"https:\/\/prochaska.eu\/ro\/"},{"@type":"ListItem","position":2,"name":"Shop","item":"https:\/\/prochaska.eu\/ro\/shop\/"},{"@type":"ListItem","position":3,"name":"Toro &#8211; Fer\u0103str\u0103u cu lan\u021b f\u0103r\u0103 fir &#8211; 60V &#8211; 51845T"}]},{"@type":"WebSite","@id":"https:\/\/prochaska.eu\/ro\/#website","url":"https:\/\/prochaska.eu\/ro\/","name":"Prochaska","description":"Spezialist f\u00fcr Pflege von Gr\u00fcnfl\u00e4chen","publisher":{"@id":"https:\/\/prochaska.eu\/ro\/#organization"},"potentialAction":[{"@type":"SearchAction","target":{"@type":"EntryPoint","urlTemplate":"https:\/\/prochaska.eu\/ro\/?s={search_term_string}"},"query-input":{"@type":"PropertyValueSpecification","valueRequired":true,"valueName":"search_term_string"}}],"inLanguage":"ro-RO"},{"@type":"Organization","@id":"https:\/\/prochaska.eu\/ro\/#organization","name":"Prochaska","url":"https:\/\/prochaska.eu\/ro\/","logo":{"@type":"ImageObject","inLanguage":"ro-RO","@id":"https:\/\/prochaska.eu\/ro\/#\/schema\/logo\/image\/","url":"https:\/\/prochaska.eu\/wp-content\/uploads\/2024\/04\/Prochaska_Logo_Black-1.png","contentUrl":"https:\/\/prochaska.eu\/wp-content\/uploads\/2024\/04\/Prochaska_Logo_Black-1.png","width":796,"height":236,"caption":"Prochaska"},"image":{"@id":"https:\/\/prochaska.eu\/ro\/#\/schema\/logo\/image\/"},"sameAs":["https:\/\/www.facebook.com\/prochaska.eu\/","https:\/\/www.instagram.com\/prochaska.eu\/","https:\/\/www.linkedin.com\/company\/prochaska-handels-gmbh"]}]}},"brands":[{"id":3073,"name":"Toro","slug":"toro-ro"}],"_links":{"self":[{"href":"https:\/\/prochaska.eu\/ro\/wp-json\/wp\/v2\/product\/25252","targetHints":{"allow":["GET"]}}],"collection":[{"href":"https:\/\/prochaska.eu\/ro\/wp-json\/wp\/v2\/product"}],"about":[{"href":"https:\/\/prochaska.eu\/ro\/wp-json\/wp\/v2\/types\/product"}],"version-history":[{"count":0,"href":"https:\/\/prochaska.eu\/ro\/wp-json\/wp\/v2\/product\/25252\/revisions"}],"wp:featuredmedia":[{"embeddable":true,"href":"https:\/\/prochaska.eu\/ro\/wp-json\/wp\/v2\/media\/22530"}],"wp:attachment":[{"href":"https:\/\/prochaska.eu\/ro\/wp-json\/wp\/v2\/media?parent=25252"}],"wp:term":[{"taxonomy":"pwb-brand","embeddable":true,"href":"https:\/\/prochaska.eu\/ro\/wp-json\/wp\/v2\/pwb-brand?post=25252"},{"taxonomy":"product_brand","embeddable":true,"href":"https:\/\/prochaska.eu\/ro\/wp-json\/wp\/v2\/product_brand?post=25252"},{"taxonomy":"product_cat","embeddable":true,"href":"https:\/\/prochaska.eu\/ro\/wp-json\/wp\/v2\/product_cat?post=25252"},{"taxonomy":"product_tag","embeddable":true,"href":"https:\/\/prochaska.eu\/ro\/wp-json\/wp\/v2\/product_tag?post=25252"}],"curies":[{"name":"wp","href":"https:\/\/api.w.org\/{rel}","templated":true}]}}