{"id":25261,"date":"2021-05-27T08:50:35","date_gmt":"2021-05-27T08:50:35","guid":{"rendered":"https:\/\/prochaska.eu\/product\/freza-de-zapada-toro-power-max-826-e26-60v-set-31875\/"},"modified":"2025-10-10T00:20:13","modified_gmt":"2025-10-10T00:20:13","slug":"freza-de-zapada-toro-power-max-826-e26-60v-set-31875","status":"publish","type":"product","link":"https:\/\/prochaska.eu\/ro\/produs\/freza-de-zapada-toro-power-max-826-e26-60v-set-31875\/","title":{"rendered":"Frez\u0103 de z\u0103pad\u0103 TORO &#8211; Power Max 826 E26 &#8211; 60V &#8211; Set &#8211; 31875"},"content":{"rendered":"<p>Suflanta de z\u0103pad\u0103 f\u0103r\u0103 fir cu dou\u0103 trepte Power Max 826 E26 de la <a href=\"https:\/\/www.prochaska.eu\/toro\/\">TORO<\/a> este alimentat\u0103 de o baterie de 60 V 7,5 Ah \u0219i, cu o l\u0103\u021bime de cur\u0103\u021bare de 66 cm, este potrivit\u0103 \u00een special pentru \u00eendep\u0103rtarea cantit\u0103\u021bilor mari de z\u0103pad\u0103. Suflanta de z\u0103pad\u0103 este ideal\u0103 pentru suprafe\u021be de beton, asfalt sau pietri\u0219 \u0219i \u00eendep\u0103rteaz\u0103, de asemenea, z\u0103pada umed\u0103 rapid \u0219i f\u0103r\u0103 efort. Sistemul inovator de la Toro este singurul care face posibil\u0103 devierea automat\u0103 a cantit\u0103\u021bilor excesive de z\u0103pad\u0103 departe de jgheabul de evacuare, astfel \u00eenc\u00e2t jgheabul s\u0103 nu se blocheze. Freza de z\u0103pad\u0103 cu dou\u0103 trepte are o raz\u0103 de ac\u021biune de p\u00e2n\u0103 la 14 metri \u0219i este echipat\u0103 cu un sistem anti\u00eenfundare.<\/p>\n<h2>Pachetul Toro<\/h2>\n<p>Pachetul <a href=\"https:\/\/www.prochaska.eu\/toro\/\">TORO<\/a> include o suflant\u0103 de z\u0103pad\u0103 Powermax 826 E26 \u00een dou\u0103 trepte de 60V, precum \u0219i 2 baterii de 7,5 Ah \u0219i un \u00eenc\u0103rc\u0103tor rapid de 60V de 5A.<\/p>\n<h2 style=\"text-align: left;\">Beneficiile produsului<\/h2>\n<ul>\n<li>Motor f\u0103r\u0103 perii Toro 60V<\/li>\n<li>P\u00e2rghie de ejec\u021bie Quick-Stick<\/li>\n<li style=\"text-align: left;\">Sistem anti-constipa\u021bie (ACS)<\/li>\n<li style=\"text-align: left;\">Iluminat cu LED-uri<\/li>\n<li>\u00cenc\u0103lzitor de m\u00e2ini<\/li>\n<li>Tobogan de desc\u0103rcare din o\u021bel cu 2 articula\u021bii<\/li>\n<li>Motor puternic de \u00eenalt\u0103 performan\u021b\u0103<\/li>\n<li>P\u00e2n\u0103 la 3 baterii posibile \u00een acela\u0219i timp<\/li>\n<\/ul>\n<h2>Accesorii op\u021bionale<\/h2>\n<ul>\n<li>Baterie 60V 7.5 Ah (405Wh)<\/li>\n<li>Baterie 60V 6 Ah (324 Wh)<\/li>\n<li>\u00cenc\u0103rc\u0103tor universal 60V 2A<\/li>\n<li>\u00cenc\u0103rc\u0103tor rapid 60V 5A<\/li>\n<li><a href=\"https:\/\/www.prochaska.eu\/produkt\/schneefraesen-schutzabdeckung\/\"><a href=\"https:\/\/www.prochaska.eu\/produkt\/schneefraesen-schutzabdeckung\/\">Capac (69,90 \u20ac)<\/a><\/a><\/li>\n<li><a href=\"https:\/\/www.prochaska.eu\/produkt\/schneefraesen-gleitkufen-power-max\/\"><a href=\"https:\/\/www.prochaska.eu\/produkt\/schneefraesen-gleitkufen-power-max\/\">Skid PowerMax (\u20ac 32.90)<\/a><\/a><\/li>\n<li><a href=\"https:\/\/www.prochaska.eu\/produkt\/schneefraesen-kunststoff-gleitkufen\/\"><a href=\"https:\/\/www.prochaska.eu\/produkt\/schneefraesen-kunststoff-gleitkufen\/\">Pereche de patine din plastic (\u20ac 60.90)<\/a><\/a><\/li>\n<li><a href=\"https:\/\/www.prochaska.eu\/produkt\/gehaertete-hd-gleitkufen\/\"><a href=\"https:\/\/www.prochaska.eu\/produkt\/gehaertete-hd-gleitkufen\/\">Patine TORO HD \u00eent\u0103rite (54,90 \u20ac)<\/a><\/a><\/li>\n<li><a href=\"https:\/\/www.prochaska.eu\/produkt\/toro-schneefraesen-ersatzlampe\/\"><a href=\"https:\/\/www.prochaska.eu\/produkt\/toro-schneefraesen-ersatzlampe\/\">Lamp\u0103 de schimb PowerMax (\u20ac 24.90)<\/a><\/a><\/li>\n<li>M\u00e2ner de pornire Premium (\u20ac 14.90)<\/li>\n<li>t\u0103ietor de cear\u0103 66 cm (92,90 \u20ac) sau 71 cm (95,90 \u20ac)<\/li>\n<li><a href=\"https:\/\/www.prochaska.eu\/produkt\/schneeverdeck-inkl-gewicht-kit\/\"><a href=\"https:\/\/www.prochaska.eu\/produkt\/schneeverdeck-inkl-gewicht-kit\/\">Cabin\u0103 pentru PowerMax (\u20ac 399.90) + kit de greutate (\u20ac 239.90)<\/a><\/a><\/li>\n<li><a href=\"https:\/\/www.prochaska.eu\/produkt\/schneeketten-13-15-oder-16\/\"><a href=\"https:\/\/www.prochaska.eu\/produkt\/schneeketten-13-15-oder-16\/\">Lan\u021buri de z\u0103pad\u0103 de la 13&#8243; la 16&#8243; (122,90 \u20ac &#8211; 142,90 \u20ac)<\/a><\/a><\/li>\n<li><a href=\"https:\/\/www.prochaska.eu\/produkt\/schneefraesen-schneeschild\/\"><a href=\"https:\/\/www.prochaska.eu\/produkt\/schneefraesen-schneeschild\/\">Lama de z\u0103pad\u0103 pentru PowerMax 71 cm (\u20ac 399.90)<\/a><\/a><\/li>\n<\/ul>\n","protected":false},"excerpt":{"rendered":"<p>Suflanta de z\u0103pad\u0103 f\u0103r\u0103 fir cu dou\u0103 trepte Power Max 826 E26 de la <a href=\"https:\/\/www.prochaska.eu\/toro\/\">TORO<\/a> este alimentat\u0103 de o baterie de 60 V 7,5 Ah \u0219i, cu o l\u0103\u021bime de cur\u0103\u021bare de 66 cm, este potrivit\u0103 \u00een special pentru \u00eendep\u0103rtarea cantit\u0103\u021bilor mari de z\u0103pad\u0103.<\/p>\n","protected":false},"featured_media":22503,"template":"","meta":[],"pwb-brand":[3073],"product_brand":[],"product_cat":[1105,2040,2041],"product_tag":[3120,2046],"class_list":{"0":"post-25261","1":"product","2":"type-product","3":"status-publish","4":"has-post-thumbnail","6":"pwb-brand-toro-ro","7":"product_cat-casa-si-gradina","8":"product_cat-serviciul-de-iarna","9":"product_cat-suflante-de-zapada","10":"product_tag-60-v-ro","11":"product_tag-suflanta-de-zapada","13":"first","14":"instock","15":"sale","16":"taxable","17":"shipping-taxable","18":"purchasable","19":"product-type-simple"},"yoast_head":"<!-- This site is optimized with the Yoast SEO plugin v27.4 - https:\/\/yoast.com\/product\/yoast-seo-wordpress\/ -->\n<title>Frez\u0103 de z\u0103pad\u0103 TORO - Power Max 826 E26 - 60V - Set - 31875 - Prochaska<\/title>\n<meta name=\"robots\" content=\"index, follow, max-snippet:-1, max-image-preview:large, max-video-preview:-1\" \/>\n<link rel=\"canonical\" href=\"https:\/\/prochaska.eu\/ro\/produs\/freza-de-zapada-toro-power-max-826-e26-60v-set-31875\/\" \/>\n<meta property=\"og:locale\" content=\"ro_RO\" \/>\n<meta property=\"og:type\" content=\"article\" \/>\n<meta property=\"og:title\" content=\"Frez\u0103 de z\u0103pad\u0103 TORO - Power Max 826 E26 - 60V - Set - 31875 - Prochaska\" \/>\n<meta property=\"og:description\" content=\"Suflanta de z\u0103pad\u0103 f\u0103r\u0103 fir cu dou\u0103 trepte Power Max 826 E26 de la TORO este alimentat\u0103 de o baterie de 60 V 7,5 Ah \u0219i, cu o l\u0103\u021bime de cur\u0103\u021bare de 66 cm, este potrivit\u0103 \u00een special pentru \u00eendep\u0103rtarea cantit\u0103\u021bilor mari de z\u0103pad\u0103.\" \/>\n<meta property=\"og:url\" content=\"https:\/\/prochaska.eu\/ro\/produs\/freza-de-zapada-toro-power-max-826-e26-60v-set-31875\/\" \/>\n<meta property=\"og:site_name\" content=\"Prochaska\" \/>\n<meta property=\"article:publisher\" content=\"https:\/\/www.facebook.com\/prochaska.eu\/\" \/>\n<meta property=\"article:modified_time\" content=\"2025-10-10T00:20:13+00:00\" \/>\n<meta property=\"og:image\" content=\"https:\/\/prochaska.eu\/wp-content\/uploads\/2024\/06\/schneefraese-akku-toro-powermax-826-e26-prochaska_8.jpg\" \/>\n\t<meta property=\"og:image:width\" content=\"1440\" \/>\n\t<meta property=\"og:image:height\" content=\"1440\" \/>\n\t<meta property=\"og:image:type\" content=\"image\/jpeg\" \/>\n<meta name=\"twitter:card\" content=\"summary_large_image\" \/>\n<meta name=\"twitter:label1\" content=\"Timp estimat pentru citire\" \/>\n\t<meta name=\"twitter:data1\" content=\"1 minut\" \/>\n<script type=\"application\/ld+json\" class=\"yoast-schema-graph\">{\"@context\":\"https:\\\/\\\/schema.org\",\"@graph\":[{\"@type\":\"WebPage\",\"@id\":\"https:\\\/\\\/prochaska.eu\\\/ro\\\/produs\\\/freza-de-zapada-toro-power-max-826-e26-60v-set-31875\\\/\",\"url\":\"https:\\\/\\\/prochaska.eu\\\/ro\\\/produs\\\/freza-de-zapada-toro-power-max-826-e26-60v-set-31875\\\/\",\"name\":\"Frez\u0103 de z\u0103pad\u0103 TORO - Power Max 826 E26 - 60V - Set - 31875 - Prochaska\",\"isPartOf\":{\"@id\":\"https:\\\/\\\/prochaska.eu\\\/ro\\\/#website\"},\"primaryImageOfPage\":{\"@id\":\"https:\\\/\\\/prochaska.eu\\\/ro\\\/produs\\\/freza-de-zapada-toro-power-max-826-e26-60v-set-31875\\\/#primaryimage\"},\"image\":{\"@id\":\"https:\\\/\\\/prochaska.eu\\\/ro\\\/produs\\\/freza-de-zapada-toro-power-max-826-e26-60v-set-31875\\\/#primaryimage\"},\"thumbnailUrl\":\"https:\\\/\\\/prochaska.eu\\\/wp-content\\\/uploads\\\/2024\\\/06\\\/schneefraese-akku-toro-powermax-826-e26-prochaska_8.jpg\",\"datePublished\":\"2021-05-27T08:50:35+00:00\",\"dateModified\":\"2025-10-10T00:20:13+00:00\",\"breadcrumb\":{\"@id\":\"https:\\\/\\\/prochaska.eu\\\/ro\\\/produs\\\/freza-de-zapada-toro-power-max-826-e26-60v-set-31875\\\/#breadcrumb\"},\"inLanguage\":\"ro-RO\",\"potentialAction\":[{\"@type\":\"ReadAction\",\"target\":[\"https:\\\/\\\/prochaska.eu\\\/ro\\\/produs\\\/freza-de-zapada-toro-power-max-826-e26-60v-set-31875\\\/\"]}]},{\"@type\":\"ImageObject\",\"inLanguage\":\"ro-RO\",\"@id\":\"https:\\\/\\\/prochaska.eu\\\/ro\\\/produs\\\/freza-de-zapada-toro-power-max-826-e26-60v-set-31875\\\/#primaryimage\",\"url\":\"https:\\\/\\\/prochaska.eu\\\/wp-content\\\/uploads\\\/2024\\\/06\\\/schneefraese-akku-toro-powermax-826-e26-prochaska_8.jpg\",\"contentUrl\":\"https:\\\/\\\/prochaska.eu\\\/wp-content\\\/uploads\\\/2024\\\/06\\\/schneefraese-akku-toro-powermax-826-e26-prochaska_8.jpg\",\"width\":1440,\"height\":1440},{\"@type\":\"BreadcrumbList\",\"@id\":\"https:\\\/\\\/prochaska.eu\\\/ro\\\/produs\\\/freza-de-zapada-toro-power-max-826-e26-60v-set-31875\\\/#breadcrumb\",\"itemListElement\":[{\"@type\":\"ListItem\",\"position\":1,\"name\":\"Home\",\"item\":\"https:\\\/\\\/prochaska.eu\\\/ro\\\/\"},{\"@type\":\"ListItem\",\"position\":2,\"name\":\"Shop\",\"item\":\"https:\\\/\\\/prochaska.eu\\\/ro\\\/shop\\\/\"},{\"@type\":\"ListItem\",\"position\":3,\"name\":\"Frez\u0103 de z\u0103pad\u0103 TORO &#8211; Power Max 826 E26 &#8211; 60V &#8211; Set &#8211; 31875\"}]},{\"@type\":\"WebSite\",\"@id\":\"https:\\\/\\\/prochaska.eu\\\/ro\\\/#website\",\"url\":\"https:\\\/\\\/prochaska.eu\\\/ro\\\/\",\"name\":\"Prochaska\",\"description\":\"Spezialist f\u00fcr Pflege von Gr\u00fcnfl\u00e4chen\",\"publisher\":{\"@id\":\"https:\\\/\\\/prochaska.eu\\\/ro\\\/#organization\"},\"potentialAction\":[{\"@type\":\"SearchAction\",\"target\":{\"@type\":\"EntryPoint\",\"urlTemplate\":\"https:\\\/\\\/prochaska.eu\\\/ro\\\/?s={search_term_string}\"},\"query-input\":{\"@type\":\"PropertyValueSpecification\",\"valueRequired\":true,\"valueName\":\"search_term_string\"}}],\"inLanguage\":\"ro-RO\"},{\"@type\":\"Organization\",\"@id\":\"https:\\\/\\\/prochaska.eu\\\/ro\\\/#organization\",\"name\":\"Prochaska\",\"url\":\"https:\\\/\\\/prochaska.eu\\\/ro\\\/\",\"logo\":{\"@type\":\"ImageObject\",\"inLanguage\":\"ro-RO\",\"@id\":\"https:\\\/\\\/prochaska.eu\\\/ro\\\/#\\\/schema\\\/logo\\\/image\\\/\",\"url\":\"https:\\\/\\\/prochaska.eu\\\/wp-content\\\/uploads\\\/2024\\\/04\\\/Prochaska_Logo_Black-1.png\",\"contentUrl\":\"https:\\\/\\\/prochaska.eu\\\/wp-content\\\/uploads\\\/2024\\\/04\\\/Prochaska_Logo_Black-1.png\",\"width\":796,\"height\":236,\"caption\":\"Prochaska\"},\"image\":{\"@id\":\"https:\\\/\\\/prochaska.eu\\\/ro\\\/#\\\/schema\\\/logo\\\/image\\\/\"},\"sameAs\":[\"https:\\\/\\\/www.facebook.com\\\/prochaska.eu\\\/\",\"https:\\\/\\\/www.instagram.com\\\/prochaska.eu\\\/\",\"https:\\\/\\\/www.linkedin.com\\\/company\\\/prochaska-handels-gmbh\"]}]}<\/script>\n<!-- \/ Yoast SEO plugin. -->","yoast_head_json":{"title":"Frez\u0103 de z\u0103pad\u0103 TORO - Power Max 826 E26 - 60V - Set - 31875 - Prochaska","robots":{"index":"index","follow":"follow","max-snippet":"max-snippet:-1","max-image-preview":"max-image-preview:large","max-video-preview":"max-video-preview:-1"},"canonical":"https:\/\/prochaska.eu\/ro\/produs\/freza-de-zapada-toro-power-max-826-e26-60v-set-31875\/","og_locale":"ro_RO","og_type":"article","og_title":"Frez\u0103 de z\u0103pad\u0103 TORO - Power Max 826 E26 - 60V - Set - 31875 - Prochaska","og_description":"Suflanta de z\u0103pad\u0103 f\u0103r\u0103 fir cu dou\u0103 trepte Power Max 826 E26 de la TORO este alimentat\u0103 de o baterie de 60 V 7,5 Ah \u0219i, cu o l\u0103\u021bime de cur\u0103\u021bare de 66 cm, este potrivit\u0103 \u00een special pentru \u00eendep\u0103rtarea cantit\u0103\u021bilor mari de z\u0103pad\u0103.","og_url":"https:\/\/prochaska.eu\/ro\/produs\/freza-de-zapada-toro-power-max-826-e26-60v-set-31875\/","og_site_name":"Prochaska","article_publisher":"https:\/\/www.facebook.com\/prochaska.eu\/","article_modified_time":"2025-10-10T00:20:13+00:00","og_image":[{"width":1440,"height":1440,"url":"https:\/\/prochaska.eu\/wp-content\/uploads\/2024\/06\/schneefraese-akku-toro-powermax-826-e26-prochaska_8.jpg","type":"image\/jpeg"}],"twitter_card":"summary_large_image","twitter_misc":{"Timp estimat pentru citire":"1 minut"},"schema":{"@context":"https:\/\/schema.org","@graph":[{"@type":"WebPage","@id":"https:\/\/prochaska.eu\/ro\/produs\/freza-de-zapada-toro-power-max-826-e26-60v-set-31875\/","url":"https:\/\/prochaska.eu\/ro\/produs\/freza-de-zapada-toro-power-max-826-e26-60v-set-31875\/","name":"Frez\u0103 de z\u0103pad\u0103 TORO - Power Max 826 E26 - 60V - Set - 31875 - Prochaska","isPartOf":{"@id":"https:\/\/prochaska.eu\/ro\/#website"},"primaryImageOfPage":{"@id":"https:\/\/prochaska.eu\/ro\/produs\/freza-de-zapada-toro-power-max-826-e26-60v-set-31875\/#primaryimage"},"image":{"@id":"https:\/\/prochaska.eu\/ro\/produs\/freza-de-zapada-toro-power-max-826-e26-60v-set-31875\/#primaryimage"},"thumbnailUrl":"https:\/\/prochaska.eu\/wp-content\/uploads\/2024\/06\/schneefraese-akku-toro-powermax-826-e26-prochaska_8.jpg","datePublished":"2021-05-27T08:50:35+00:00","dateModified":"2025-10-10T00:20:13+00:00","breadcrumb":{"@id":"https:\/\/prochaska.eu\/ro\/produs\/freza-de-zapada-toro-power-max-826-e26-60v-set-31875\/#breadcrumb"},"inLanguage":"ro-RO","potentialAction":[{"@type":"ReadAction","target":["https:\/\/prochaska.eu\/ro\/produs\/freza-de-zapada-toro-power-max-826-e26-60v-set-31875\/"]}]},{"@type":"ImageObject","inLanguage":"ro-RO","@id":"https:\/\/prochaska.eu\/ro\/produs\/freza-de-zapada-toro-power-max-826-e26-60v-set-31875\/#primaryimage","url":"https:\/\/prochaska.eu\/wp-content\/uploads\/2024\/06\/schneefraese-akku-toro-powermax-826-e26-prochaska_8.jpg","contentUrl":"https:\/\/prochaska.eu\/wp-content\/uploads\/2024\/06\/schneefraese-akku-toro-powermax-826-e26-prochaska_8.jpg","width":1440,"height":1440},{"@type":"BreadcrumbList","@id":"https:\/\/prochaska.eu\/ro\/produs\/freza-de-zapada-toro-power-max-826-e26-60v-set-31875\/#breadcrumb","itemListElement":[{"@type":"ListItem","position":1,"name":"Home","item":"https:\/\/prochaska.eu\/ro\/"},{"@type":"ListItem","position":2,"name":"Shop","item":"https:\/\/prochaska.eu\/ro\/shop\/"},{"@type":"ListItem","position":3,"name":"Frez\u0103 de z\u0103pad\u0103 TORO &#8211; Power Max 826 E26 &#8211; 60V &#8211; Set &#8211; 31875"}]},{"@type":"WebSite","@id":"https:\/\/prochaska.eu\/ro\/#website","url":"https:\/\/prochaska.eu\/ro\/","name":"Prochaska","description":"Spezialist f\u00fcr Pflege von Gr\u00fcnfl\u00e4chen","publisher":{"@id":"https:\/\/prochaska.eu\/ro\/#organization"},"potentialAction":[{"@type":"SearchAction","target":{"@type":"EntryPoint","urlTemplate":"https:\/\/prochaska.eu\/ro\/?s={search_term_string}"},"query-input":{"@type":"PropertyValueSpecification","valueRequired":true,"valueName":"search_term_string"}}],"inLanguage":"ro-RO"},{"@type":"Organization","@id":"https:\/\/prochaska.eu\/ro\/#organization","name":"Prochaska","url":"https:\/\/prochaska.eu\/ro\/","logo":{"@type":"ImageObject","inLanguage":"ro-RO","@id":"https:\/\/prochaska.eu\/ro\/#\/schema\/logo\/image\/","url":"https:\/\/prochaska.eu\/wp-content\/uploads\/2024\/04\/Prochaska_Logo_Black-1.png","contentUrl":"https:\/\/prochaska.eu\/wp-content\/uploads\/2024\/04\/Prochaska_Logo_Black-1.png","width":796,"height":236,"caption":"Prochaska"},"image":{"@id":"https:\/\/prochaska.eu\/ro\/#\/schema\/logo\/image\/"},"sameAs":["https:\/\/www.facebook.com\/prochaska.eu\/","https:\/\/www.instagram.com\/prochaska.eu\/","https:\/\/www.linkedin.com\/company\/prochaska-handels-gmbh"]}]}},"brands":[{"id":3073,"name":"Toro","slug":"toro-ro"}],"_links":{"self":[{"href":"https:\/\/prochaska.eu\/ro\/wp-json\/wp\/v2\/product\/25261","targetHints":{"allow":["GET"]}}],"collection":[{"href":"https:\/\/prochaska.eu\/ro\/wp-json\/wp\/v2\/product"}],"about":[{"href":"https:\/\/prochaska.eu\/ro\/wp-json\/wp\/v2\/types\/product"}],"version-history":[{"count":0,"href":"https:\/\/prochaska.eu\/ro\/wp-json\/wp\/v2\/product\/25261\/revisions"}],"wp:featuredmedia":[{"embeddable":true,"href":"https:\/\/prochaska.eu\/ro\/wp-json\/wp\/v2\/media\/22503"}],"wp:attachment":[{"href":"https:\/\/prochaska.eu\/ro\/wp-json\/wp\/v2\/media?parent=25261"}],"wp:term":[{"taxonomy":"pwb-brand","embeddable":true,"href":"https:\/\/prochaska.eu\/ro\/wp-json\/wp\/v2\/pwb-brand?post=25261"},{"taxonomy":"product_brand","embeddable":true,"href":"https:\/\/prochaska.eu\/ro\/wp-json\/wp\/v2\/product_brand?post=25261"},{"taxonomy":"product_cat","embeddable":true,"href":"https:\/\/prochaska.eu\/ro\/wp-json\/wp\/v2\/product_cat?post=25261"},{"taxonomy":"product_tag","embeddable":true,"href":"https:\/\/prochaska.eu\/ro\/wp-json\/wp\/v2\/product_tag?post=25261"}],"curies":[{"name":"wp","href":"https:\/\/api.w.org\/{rel}","templated":true}]}}