{"id":25264,"date":"2021-05-14T09:58:26","date_gmt":"2021-05-14T09:58:26","guid":{"rendered":"https:\/\/prochaska.eu\/product\/billygoat-outback-rider-4wd-bcr3626bvece\/"},"modified":"2025-09-30T12:16:08","modified_gmt":"2025-09-30T12:16:08","slug":"billygoat-outback-rider-4wd-bcr3626bvece","status":"publish","type":"product","link":"https:\/\/prochaska.eu\/ro\/produs\/billygoat-outback-rider-4wd-bcr3626bvece\/","title":{"rendered":"BillyGoat &#8211; Outback Rider &#8211; 4WD &#8211; BCR3628BVECE \/ BCR4328BVECE"},"content":{"rendered":"<p>Outback\u00ae 4WD Rider este proiectat special pentru uz comercial \u0219i combin\u0103 un centru de greutate jos cu un sistem puternic de trac\u021biune integral\u0103. Ca urmare, acesta st\u0103p\u00e2ne\u0219te cu u\u0219urin\u021b\u0103 chiar \u0219i zonele greu accesibile \u0219i ajunge \u00een locuri \u00een care utilajele conven\u021bionale nu pot ajunge. <\/p>\n<p>Platforma spa\u021bioas\u0103 ofer\u0103 operatorului mult spa\u021biu \u0219i confort. Platforma de cosit de \u00eenalt\u0103 performan\u021b\u0103 este echipat\u0103 cu lame retractabile. Acestea se retrag la contactul cu un obiect solid, protej\u00e2nd cositoarea \u0219i lamele de deterior\u0103ri.  <\/p>\n<p>Cu ma\u0219ina de tuns iarb\u0103 \u00eenalt\u0103 Outback\u00ae ride-on, Billy Goat stabile\u0219te noi standarde pentru cositoarele profesionale de iarb\u0103 \u00eenalt\u0103. <strong data-start=\"982\" data-end=\"1009\">Noul Outback\u00ae 4WD Rider<\/strong> extinde gama de produse cu un model care combin\u0103 performan\u021ba maxim\u0103 cu siguran\u021ba \u0219i confortul. <\/p>\n<p>Dac\u0103 sunte\u021bi \u00een c\u0103utarea celei mai bune ma\u0219ini de tuns vegeta\u021bie s\u0103lbatic\u0103, Billy Goat Outback\u00ae este alegerea potrivit\u0103.<\/p>\n<h2 data-start=\"1220\" data-end=\"1246\">Beneficiile produsului:<\/h2>\n<ul data-start=\"1248\" data-end=\"2731\">\n<li data-start=\"1248\" data-end=\"1407\"><strong data-start=\"1250\" data-end=\"1286\">Motor Vanguard\u00ae de 26 CP (810 cc):<\/strong> consum redus de combustibil, control \u00eembun\u0103t\u0103\u021bit, pornire optimizat\u0103 f\u0103r\u0103 starter \u0219i compensare automat\u0103 a \u00een\u0103l\u021bimii.<\/li>\n<li data-start=\"1408\" data-end=\"1568\"><strong data-start=\"1410\" data-end=\"1453\">Sistem certificat de protec\u021bie la r\u0103sturnare (ROPS):<\/strong> cu centuri de siguran\u021b\u0103, protejeaz\u0103 operatorul \u0219i ma\u0219ina de r\u0103sturnare. Poate fi pliat \u00een spate cu 180\u00b0. <\/li>\n<li data-start=\"1569\" data-end=\"1732\"><strong data-start=\"1571\" data-end=\"1602\">Cabin\u0103 confortabil\u0103 pentru operator:<\/strong> cu panou de afi\u0219aj, lumini de avertizare, manet\u0103 de transmisie PTO cu pornire u\u0219oar\u0103, volan cu func\u021bie de \u00eenclinare \u0219i buton rotativ, cruise control \u0219i fr\u00e2n\u0103 de m\u00e2n\u0103.<\/li>\n<li data-start=\"1733\" data-end=\"1862\"><strong data-start=\"1735\" data-end=\"1758\">Bare de protec\u021bie robuste:<\/strong> montate \u00een fa\u021b\u0103 \u0219i \u00een spate, protejeaz\u0103 \u00eempotriva impactului \u0219i ofer\u0103 puncte practice de ancorare pentru transport.<\/li>\n<li data-start=\"1863\" data-end=\"2033\"><strong data-start=\"1865\" data-end=\"1907\">Carcas\u0103 robust\u0103 pentru evacuarea din spate:<\/strong> ejecteaz\u0103 iarba t\u0103iat\u0103 \u00een spate; lamele rabatabile reduc deteriorarea lamei; capace laterale pentru acces u\u0219or.<\/li>\n<li data-start=\"2034\" data-end=\"2178\"><strong data-start=\"2036\" data-end=\"2064\">Platform\u0103 de operare mare:<\/strong> mult spa\u021biu chiar \u0219i pentru persoanele \u00eenalte, scaun ergonomic cu cotiere, suporturi secundare pentru picioare pentru sprijin \u00een teren off-road.<\/li>\n<li data-start=\"2179\" data-end=\"2310\"><strong data-start=\"2181\" data-end=\"2207\">Sistem Tuff Torq\u2122 4WD:<\/strong> distribuie automat puterea c\u0103tre toate ro\u021bile; diferen\u021bial suplimentar cu alunecare limitat\u0103 pentru trac\u021biune maxim\u0103.<\/li>\n<li data-start=\"2311\" data-end=\"2442\"><strong data-start=\"2313\" data-end=\"2346\">Filtru de aer ciclon Donaldson\u00ae:<\/strong> prelunge\u0219te intervalele de \u00eentre\u021binere de patru ori \u00een compara\u021bie cu filtrele de aer conven\u021bionale.<\/li>\n<li data-start=\"2443\" data-end=\"2581\"><strong data-start=\"2445\" data-end=\"2485\">Ro\u021bi motoare mari cu band\u0103 de rulare agricol\u0103:<\/strong> asigur\u0103 o aderen\u021b\u0103 puternic\u0103; puntea fa\u021b\u0103 pivotant\u0103 asigur\u0103 contactul cu solul pentru toate cele patru ro\u021bi.<\/li>\n<li data-start=\"2582\" data-end=\"2731\"><strong data-start=\"2584\" data-end=\"2621\">R\u0103citor de ulei pentru transmisie controlat de la distan\u021b\u0103:<\/strong> men\u021bine temperatura uleiului stabil\u0103 chiar \u0219i \u00een cele mai dificile condi\u021bii \u0219i prelunge\u0219te durata de via\u021b\u0103 a transmisiei.<\/li>\n<\/ul>\n<p><iframe title=\"Billy Goat Outback Rider BCR3626BVECE 4WD\/4x4 Brush Cutter Mower\" width=\"800\" height=\"450\" src=\"https:\/\/www.youtube.com\/embed\/8mwuwmyPqQE?feature=oembed\" frameborder=\"0\" allow=\"accelerometer; autoplay; clipboard-write; encrypted-media; gyroscope; picture-in-picture; web-share\" referrerpolicy=\"strict-origin-when-cross-origin\" allowfullscreen><\/iframe><\/p>\n<p>&nbsp;<\/p>\n","protected":false},"excerpt":{"rendered":"<p>Cu o l\u0103\u021bime de t\u0103iere de 92-110 cm, ma\u0219ina de tuns iarba cu plimbare Billy Goat Outback este potrivit\u0103 pentru suprafe\u021be de p\u00e2n\u0103 la 6.000 m\u00b2.<\/p>\n","protected":false},"featured_media":22482,"template":"","meta":[],"pwb-brand":[3084],"product_brand":[3257],"product_cat":[1522,1521],"product_tag":[],"class_list":{"0":"post-25264","1":"product","2":"type-product","3":"status-publish","4":"has-post-thumbnail","6":"pwb-brand-billy-goat-ro","7":"product_brand-billy-goat","8":"product_cat-cositoare","9":"product_cat-municipal-terenuri-de-sport-si-agricultura","11":"first","12":"instock","13":"taxable","14":"shipping-taxable","15":"purchasable","16":"product-type-variable"},"yoast_head":"<!-- This site is optimized with the Yoast SEO plugin v27.4 - https:\/\/yoast.com\/product\/yoast-seo-wordpress\/ -->\n<title>BillyGoat - Outback Rider - 4WD - BCR3628BVECE \/ BCR4328BVECE - Prochaska<\/title>\n<meta name=\"description\" content=\"Rider puternic Billy Goat Outback\u00ae 4WD cu trac\u021biune integral\u0103, motor Vanguard\u00ae de 26 CP \u0219i construc\u021bie robust\u0103 - ideal pentru vegeta\u021bie s\u0103lbatic\u0103 \u0219i teren off-road.\" \/>\n<meta name=\"robots\" content=\"index, follow, max-snippet:-1, max-image-preview:large, max-video-preview:-1\" \/>\n<link rel=\"canonical\" href=\"https:\/\/prochaska.eu\/ro\/produs\/billygoat-outback-rider-4wd-bcr3626bvece\/\" \/>\n<meta property=\"og:locale\" content=\"ro_RO\" \/>\n<meta property=\"og:type\" content=\"article\" \/>\n<meta property=\"og:title\" content=\"BillyGoat - Outback Rider - 4WD - BCR3628BVECE \/ BCR4328BVECE - Prochaska\" \/>\n<meta property=\"og:description\" content=\"Rider puternic Billy Goat Outback\u00ae 4WD cu trac\u021biune integral\u0103, motor Vanguard\u00ae de 26 CP \u0219i construc\u021bie robust\u0103 - ideal pentru vegeta\u021bie s\u0103lbatic\u0103 \u0219i teren off-road.\" \/>\n<meta property=\"og:url\" content=\"https:\/\/prochaska.eu\/ro\/produs\/billygoat-outback-rider-4wd-bcr3626bvece\/\" \/>\n<meta property=\"og:site_name\" content=\"Prochaska\" \/>\n<meta property=\"article:publisher\" content=\"https:\/\/www.facebook.com\/prochaska.eu\/\" \/>\n<meta property=\"article:modified_time\" content=\"2025-09-30T12:16:08+00:00\" \/>\n<meta property=\"og:image\" content=\"https:\/\/prochaska.eu\/wp-content\/uploads\/2024\/06\/billygoat-brushcutter-outbackrider-bcr3626.jpg\" \/>\n\t<meta property=\"og:image:width\" content=\"1440\" \/>\n\t<meta property=\"og:image:height\" content=\"1440\" \/>\n\t<meta property=\"og:image:type\" content=\"image\/jpeg\" \/>\n<meta name=\"twitter:card\" content=\"summary_large_image\" \/>\n<meta name=\"twitter:label1\" content=\"Timp estimat pentru citire\" \/>\n\t<meta name=\"twitter:data1\" content=\"2 minute\" \/>\n<script type=\"application\/ld+json\" class=\"yoast-schema-graph\">{\"@context\":\"https:\\\/\\\/schema.org\",\"@graph\":[{\"@type\":\"WebPage\",\"@id\":\"https:\\\/\\\/prochaska.eu\\\/ro\\\/produs\\\/billygoat-outback-rider-4wd-bcr3626bvece\\\/\",\"url\":\"https:\\\/\\\/prochaska.eu\\\/ro\\\/produs\\\/billygoat-outback-rider-4wd-bcr3626bvece\\\/\",\"name\":\"BillyGoat - Outback Rider - 4WD - BCR3628BVECE \\\/ BCR4328BVECE - Prochaska\",\"isPartOf\":{\"@id\":\"https:\\\/\\\/prochaska.eu\\\/ro\\\/#website\"},\"primaryImageOfPage\":{\"@id\":\"https:\\\/\\\/prochaska.eu\\\/ro\\\/produs\\\/billygoat-outback-rider-4wd-bcr3626bvece\\\/#primaryimage\"},\"image\":{\"@id\":\"https:\\\/\\\/prochaska.eu\\\/ro\\\/produs\\\/billygoat-outback-rider-4wd-bcr3626bvece\\\/#primaryimage\"},\"thumbnailUrl\":\"https:\\\/\\\/prochaska.eu\\\/wp-content\\\/uploads\\\/2024\\\/06\\\/billygoat-brushcutter-outbackrider-bcr3626.jpg\",\"datePublished\":\"2021-05-14T09:58:26+00:00\",\"dateModified\":\"2025-09-30T12:16:08+00:00\",\"description\":\"Rider puternic Billy Goat Outback\u00ae 4WD cu trac\u021biune integral\u0103, motor Vanguard\u00ae de 26 CP \u0219i construc\u021bie robust\u0103 - ideal pentru vegeta\u021bie s\u0103lbatic\u0103 \u0219i teren off-road.\",\"breadcrumb\":{\"@id\":\"https:\\\/\\\/prochaska.eu\\\/ro\\\/produs\\\/billygoat-outback-rider-4wd-bcr3626bvece\\\/#breadcrumb\"},\"inLanguage\":\"ro-RO\",\"potentialAction\":[{\"@type\":\"ReadAction\",\"target\":[\"https:\\\/\\\/prochaska.eu\\\/ro\\\/produs\\\/billygoat-outback-rider-4wd-bcr3626bvece\\\/\"]}]},{\"@type\":\"ImageObject\",\"inLanguage\":\"ro-RO\",\"@id\":\"https:\\\/\\\/prochaska.eu\\\/ro\\\/produs\\\/billygoat-outback-rider-4wd-bcr3626bvece\\\/#primaryimage\",\"url\":\"https:\\\/\\\/prochaska.eu\\\/wp-content\\\/uploads\\\/2024\\\/06\\\/billygoat-brushcutter-outbackrider-bcr3626.jpg\",\"contentUrl\":\"https:\\\/\\\/prochaska.eu\\\/wp-content\\\/uploads\\\/2024\\\/06\\\/billygoat-brushcutter-outbackrider-bcr3626.jpg\",\"width\":1440,\"height\":1440},{\"@type\":\"BreadcrumbList\",\"@id\":\"https:\\\/\\\/prochaska.eu\\\/ro\\\/produs\\\/billygoat-outback-rider-4wd-bcr3626bvece\\\/#breadcrumb\",\"itemListElement\":[{\"@type\":\"ListItem\",\"position\":1,\"name\":\"Home\",\"item\":\"https:\\\/\\\/prochaska.eu\\\/ro\\\/\"},{\"@type\":\"ListItem\",\"position\":2,\"name\":\"Shop\",\"item\":\"https:\\\/\\\/prochaska.eu\\\/ro\\\/shop\\\/\"},{\"@type\":\"ListItem\",\"position\":3,\"name\":\"BillyGoat &#8211; Outback Rider &#8211; 4WD &#8211; BCR3628BVECE \\\/ BCR4328BVECE\"}]},{\"@type\":\"WebSite\",\"@id\":\"https:\\\/\\\/prochaska.eu\\\/ro\\\/#website\",\"url\":\"https:\\\/\\\/prochaska.eu\\\/ro\\\/\",\"name\":\"Prochaska\",\"description\":\"Spezialist f\u00fcr Pflege von Gr\u00fcnfl\u00e4chen\",\"publisher\":{\"@id\":\"https:\\\/\\\/prochaska.eu\\\/ro\\\/#organization\"},\"potentialAction\":[{\"@type\":\"SearchAction\",\"target\":{\"@type\":\"EntryPoint\",\"urlTemplate\":\"https:\\\/\\\/prochaska.eu\\\/ro\\\/?s={search_term_string}\"},\"query-input\":{\"@type\":\"PropertyValueSpecification\",\"valueRequired\":true,\"valueName\":\"search_term_string\"}}],\"inLanguage\":\"ro-RO\"},{\"@type\":\"Organization\",\"@id\":\"https:\\\/\\\/prochaska.eu\\\/ro\\\/#organization\",\"name\":\"Prochaska\",\"url\":\"https:\\\/\\\/prochaska.eu\\\/ro\\\/\",\"logo\":{\"@type\":\"ImageObject\",\"inLanguage\":\"ro-RO\",\"@id\":\"https:\\\/\\\/prochaska.eu\\\/ro\\\/#\\\/schema\\\/logo\\\/image\\\/\",\"url\":\"https:\\\/\\\/prochaska.eu\\\/wp-content\\\/uploads\\\/2024\\\/04\\\/Prochaska_Logo_Black-1.png\",\"contentUrl\":\"https:\\\/\\\/prochaska.eu\\\/wp-content\\\/uploads\\\/2024\\\/04\\\/Prochaska_Logo_Black-1.png\",\"width\":796,\"height\":236,\"caption\":\"Prochaska\"},\"image\":{\"@id\":\"https:\\\/\\\/prochaska.eu\\\/ro\\\/#\\\/schema\\\/logo\\\/image\\\/\"},\"sameAs\":[\"https:\\\/\\\/www.facebook.com\\\/prochaska.eu\\\/\",\"https:\\\/\\\/www.instagram.com\\\/prochaska.eu\\\/\",\"https:\\\/\\\/www.linkedin.com\\\/company\\\/prochaska-handels-gmbh\"]}]}<\/script>\n<!-- \/ Yoast SEO plugin. -->","yoast_head_json":{"title":"BillyGoat - Outback Rider - 4WD - BCR3628BVECE \/ BCR4328BVECE - Prochaska","description":"Rider puternic Billy Goat Outback\u00ae 4WD cu trac\u021biune integral\u0103, motor Vanguard\u00ae de 26 CP \u0219i construc\u021bie robust\u0103 - ideal pentru vegeta\u021bie s\u0103lbatic\u0103 \u0219i teren off-road.","robots":{"index":"index","follow":"follow","max-snippet":"max-snippet:-1","max-image-preview":"max-image-preview:large","max-video-preview":"max-video-preview:-1"},"canonical":"https:\/\/prochaska.eu\/ro\/produs\/billygoat-outback-rider-4wd-bcr3626bvece\/","og_locale":"ro_RO","og_type":"article","og_title":"BillyGoat - Outback Rider - 4WD - BCR3628BVECE \/ BCR4328BVECE - Prochaska","og_description":"Rider puternic Billy Goat Outback\u00ae 4WD cu trac\u021biune integral\u0103, motor Vanguard\u00ae de 26 CP \u0219i construc\u021bie robust\u0103 - ideal pentru vegeta\u021bie s\u0103lbatic\u0103 \u0219i teren off-road.","og_url":"https:\/\/prochaska.eu\/ro\/produs\/billygoat-outback-rider-4wd-bcr3626bvece\/","og_site_name":"Prochaska","article_publisher":"https:\/\/www.facebook.com\/prochaska.eu\/","article_modified_time":"2025-09-30T12:16:08+00:00","og_image":[{"width":1440,"height":1440,"url":"https:\/\/prochaska.eu\/wp-content\/uploads\/2024\/06\/billygoat-brushcutter-outbackrider-bcr3626.jpg","type":"image\/jpeg"}],"twitter_card":"summary_large_image","twitter_misc":{"Timp estimat pentru citire":"2 minute"},"schema":{"@context":"https:\/\/schema.org","@graph":[{"@type":"WebPage","@id":"https:\/\/prochaska.eu\/ro\/produs\/billygoat-outback-rider-4wd-bcr3626bvece\/","url":"https:\/\/prochaska.eu\/ro\/produs\/billygoat-outback-rider-4wd-bcr3626bvece\/","name":"BillyGoat - Outback Rider - 4WD - BCR3628BVECE \/ BCR4328BVECE - Prochaska","isPartOf":{"@id":"https:\/\/prochaska.eu\/ro\/#website"},"primaryImageOfPage":{"@id":"https:\/\/prochaska.eu\/ro\/produs\/billygoat-outback-rider-4wd-bcr3626bvece\/#primaryimage"},"image":{"@id":"https:\/\/prochaska.eu\/ro\/produs\/billygoat-outback-rider-4wd-bcr3626bvece\/#primaryimage"},"thumbnailUrl":"https:\/\/prochaska.eu\/wp-content\/uploads\/2024\/06\/billygoat-brushcutter-outbackrider-bcr3626.jpg","datePublished":"2021-05-14T09:58:26+00:00","dateModified":"2025-09-30T12:16:08+00:00","description":"Rider puternic Billy Goat Outback\u00ae 4WD cu trac\u021biune integral\u0103, motor Vanguard\u00ae de 26 CP \u0219i construc\u021bie robust\u0103 - ideal pentru vegeta\u021bie s\u0103lbatic\u0103 \u0219i teren off-road.","breadcrumb":{"@id":"https:\/\/prochaska.eu\/ro\/produs\/billygoat-outback-rider-4wd-bcr3626bvece\/#breadcrumb"},"inLanguage":"ro-RO","potentialAction":[{"@type":"ReadAction","target":["https:\/\/prochaska.eu\/ro\/produs\/billygoat-outback-rider-4wd-bcr3626bvece\/"]}]},{"@type":"ImageObject","inLanguage":"ro-RO","@id":"https:\/\/prochaska.eu\/ro\/produs\/billygoat-outback-rider-4wd-bcr3626bvece\/#primaryimage","url":"https:\/\/prochaska.eu\/wp-content\/uploads\/2024\/06\/billygoat-brushcutter-outbackrider-bcr3626.jpg","contentUrl":"https:\/\/prochaska.eu\/wp-content\/uploads\/2024\/06\/billygoat-brushcutter-outbackrider-bcr3626.jpg","width":1440,"height":1440},{"@type":"BreadcrumbList","@id":"https:\/\/prochaska.eu\/ro\/produs\/billygoat-outback-rider-4wd-bcr3626bvece\/#breadcrumb","itemListElement":[{"@type":"ListItem","position":1,"name":"Home","item":"https:\/\/prochaska.eu\/ro\/"},{"@type":"ListItem","position":2,"name":"Shop","item":"https:\/\/prochaska.eu\/ro\/shop\/"},{"@type":"ListItem","position":3,"name":"BillyGoat &#8211; Outback Rider &#8211; 4WD &#8211; BCR3628BVECE \/ BCR4328BVECE"}]},{"@type":"WebSite","@id":"https:\/\/prochaska.eu\/ro\/#website","url":"https:\/\/prochaska.eu\/ro\/","name":"Prochaska","description":"Spezialist f\u00fcr Pflege von Gr\u00fcnfl\u00e4chen","publisher":{"@id":"https:\/\/prochaska.eu\/ro\/#organization"},"potentialAction":[{"@type":"SearchAction","target":{"@type":"EntryPoint","urlTemplate":"https:\/\/prochaska.eu\/ro\/?s={search_term_string}"},"query-input":{"@type":"PropertyValueSpecification","valueRequired":true,"valueName":"search_term_string"}}],"inLanguage":"ro-RO"},{"@type":"Organization","@id":"https:\/\/prochaska.eu\/ro\/#organization","name":"Prochaska","url":"https:\/\/prochaska.eu\/ro\/","logo":{"@type":"ImageObject","inLanguage":"ro-RO","@id":"https:\/\/prochaska.eu\/ro\/#\/schema\/logo\/image\/","url":"https:\/\/prochaska.eu\/wp-content\/uploads\/2024\/04\/Prochaska_Logo_Black-1.png","contentUrl":"https:\/\/prochaska.eu\/wp-content\/uploads\/2024\/04\/Prochaska_Logo_Black-1.png","width":796,"height":236,"caption":"Prochaska"},"image":{"@id":"https:\/\/prochaska.eu\/ro\/#\/schema\/logo\/image\/"},"sameAs":["https:\/\/www.facebook.com\/prochaska.eu\/","https:\/\/www.instagram.com\/prochaska.eu\/","https:\/\/www.linkedin.com\/company\/prochaska-handels-gmbh"]}]}},"brands":[{"id":3084,"name":"Billy Goat","slug":"billy-goat-ro"}],"_links":{"self":[{"href":"https:\/\/prochaska.eu\/ro\/wp-json\/wp\/v2\/product\/25264","targetHints":{"allow":["GET"]}}],"collection":[{"href":"https:\/\/prochaska.eu\/ro\/wp-json\/wp\/v2\/product"}],"about":[{"href":"https:\/\/prochaska.eu\/ro\/wp-json\/wp\/v2\/types\/product"}],"version-history":[{"count":2,"href":"https:\/\/prochaska.eu\/ro\/wp-json\/wp\/v2\/product\/25264\/revisions"}],"predecessor-version":[{"id":31708,"href":"https:\/\/prochaska.eu\/ro\/wp-json\/wp\/v2\/product\/25264\/revisions\/31708"}],"wp:featuredmedia":[{"embeddable":true,"href":"https:\/\/prochaska.eu\/ro\/wp-json\/wp\/v2\/media\/22482"}],"wp:attachment":[{"href":"https:\/\/prochaska.eu\/ro\/wp-json\/wp\/v2\/media?parent=25264"}],"wp:term":[{"taxonomy":"pwb-brand","embeddable":true,"href":"https:\/\/prochaska.eu\/ro\/wp-json\/wp\/v2\/pwb-brand?post=25264"},{"taxonomy":"product_brand","embeddable":true,"href":"https:\/\/prochaska.eu\/ro\/wp-json\/wp\/v2\/product_brand?post=25264"},{"taxonomy":"product_cat","embeddable":true,"href":"https:\/\/prochaska.eu\/ro\/wp-json\/wp\/v2\/product_cat?post=25264"},{"taxonomy":"product_tag","embeddable":true,"href":"https:\/\/prochaska.eu\/ro\/wp-json\/wp\/v2\/product_tag?post=25264"}],"curies":[{"name":"wp","href":"https:\/\/api.w.org\/{rel}","templated":true}]}}