{"id":25273,"date":"2020-11-03T15:24:56","date_gmt":"2020-11-03T15:24:56","guid":{"rendered":"https:\/\/prochaska.eu\/product\/icocar-birdie-3-0-deluxe\/"},"modified":"2020-11-03T15:24:56","modified_gmt":"2020-11-03T15:24:56","slug":"icocar-birdie-3-0-deluxe","status":"publish","type":"product","link":"https:\/\/prochaska.eu\/ro\/produs\/icocar-birdie-3-0-deluxe\/","title":{"rendered":"IcoCar Birdie 3.0 DeLuxe"},"content":{"rendered":"<p style=\"text-align: left;\">IcoCar Birdie 3.0 DeLuxe are dou\u0103 locuri, un motor electric de 48 de vol\u021bi \u0219i o autonomie de p\u00e2n\u0103 la 60 de kilometri la o vitez\u0103 maxim\u0103 de. 25 km\/h. Manopera de \u00eenalt\u0103 calitate \u0219i designul modern \u0219i inovator fac din acest model o atrac\u021bie pe fairway.<\/p>\n<h2 style=\"text-align: left;\"><strong>Electric:<\/strong> max. 25 km\/h<\/h2>\n<p style=\"text-align: left;\">Motor: 48V, curent continuu, 3,0 kW (4,1 CP)<\/p>\n<p style=\"text-align: left;\">Baterie: 6x8V baterii AGM f\u0103r\u0103 \u00eentre\u021binere<\/p>\n<p style=\"text-align: left;\">Raza de ac\u021biune: aprox. 60 de kilometri<\/p>\n<p style=\"text-align: left;\">Timp de \u00eenc\u0103rcare: aprox. 8 ore<\/p>\n<h2 style=\"text-align: left;\">Echipament<\/h2>\n<ul>\n<li style=\"text-align: left;\">\u00cenc\u0103rc\u0103tor automat \u00eencorporat<\/li>\n<li style=\"text-align: left;\">Sistem de iluminare cu LED cu lumini de zi, faz\u0103 scurt\u0103, faz\u0103 lung\u0103, indicatoare dinamice, stopuri<\/li>\n<li style=\"text-align: left;\">Corn<\/li>\n<li style=\"text-align: left;\">Fr\u00e2ne cu tambur pe ro\u021bile din spate \/ fr\u00e2n\u0103 de parcare ac\u021bionat\u0103 cu piciorul<\/li>\n<li style=\"text-align: left;\">Scaune premium cu cus\u0103turi decorative<\/li>\n<li style=\"text-align: left;\">Acoperi\u0219 pentru soare\/ploaie cu drenaj<\/li>\n<li style=\"text-align: left;\">Parbriz acrilic pliabil<\/li>\n<li style=\"text-align: left;\">Suport sac de golf pentru 2 saci<\/li>\n<li style=\"text-align: left;\">Volan sport cu design din carbon \u0219i clip pentru fi\u0219a de marcaj<\/li>\n<li style=\"text-align: left;\">2 compartimente de depozitare \u00een tabloul de bord<\/li>\n<li style=\"text-align: left;\">Port USB dublu<\/li>\n<li style=\"text-align: left;\">4 suporturi pentru pahare<\/li>\n<li style=\"text-align: left;\">Suport pentru mingi de golf \u0219i tee<\/li>\n<\/ul>\n<h2 style=\"text-align: left;\">Inclus \u00een pachetul Deluxe:<\/h2>\n<ul>\n<li style=\"text-align: left;\">Cadru din aluminiu rezistent la coroziune<\/li>\n<li style=\"text-align: left;\">Jante din aluminiu de 10&#8243; cu anvelope cu profil redus 205\/50-10<\/li>\n<li style=\"text-align: left;\">Afi\u0219aj LCD color de 7&#8243;<\/li>\n<li style=\"text-align: left;\">Tablou de bord \u00een design de carbon<\/li>\n<\/ul>\n<h2 style=\"text-align: left;\">Accesorii op\u021bionale<\/h2>\n<ul>\n<li style=\"text-align: left;\">10 km\/h Tipizare rutier\u0103<\/li>\n<li style=\"text-align: left;\">Capac impermeabil<\/li>\n<li style=\"text-align: left;\">Capac de sac<\/li>\n<li style=\"text-align: left;\">Cutie frigorific\u0103 cu pachet de ghea\u021b\u0103<\/li>\n<li style=\"text-align: left;\">Oglind\u0103 lateral\u0103<\/li>\n<li style=\"text-align: left;\">Oglind\u0103 retrovizoare cu unghi larg<\/li>\n<li style=\"text-align: left;\">Cur\u0103\u021b\u0103tor de mingi \u0219i crose<\/li>\n<li style=\"text-align: left;\">Sticl\u0103 de nisip<\/li>\n<li style=\"text-align: left;\">Scrumier\u0103<\/li>\n<li style=\"text-align: left;\">Sistem GPS pentru flote de golf de cel pu\u021bin 10 ma\u0219ini<\/li>\n<\/ul>\n","protected":false},"excerpt":{"rendered":"<p>IcoCar Birdie 3.0 Deluxe este cea mai bun\u0103 ma\u0219in\u0103 de golf, cu tehnologie de neegalat \u0219i caracteristici de top.<\/p>\n","protected":false},"featured_media":27167,"template":"","meta":[],"pwb-brand":[3069],"product_brand":[],"product_cat":[1389,1341],"product_tag":[],"class_list":{"0":"post-25273","1":"product","2":"type-product","3":"status-publish","4":"has-post-thumbnail","6":"pwb-brand-icocar-ro","7":"product_cat-golf-cars-nou","8":"product_cat-masini-electrice","10":"first","11":"instock","12":"sale","13":"taxable","14":"shipping-taxable","15":"purchasable","16":"product-type-simple"},"yoast_head":"<!-- This site is optimized with the Yoast SEO plugin v27.4 - https:\/\/yoast.com\/product\/yoast-seo-wordpress\/ -->\n<title>IcoCar Birdie 3.0 DeLuxe - Prochaska<\/title>\n<meta name=\"robots\" content=\"index, follow, max-snippet:-1, max-image-preview:large, max-video-preview:-1\" \/>\n<link rel=\"canonical\" href=\"https:\/\/prochaska.eu\/ro\/produs\/icocar-birdie-3-0-deluxe\/\" \/>\n<meta property=\"og:locale\" content=\"ro_RO\" \/>\n<meta property=\"og:type\" content=\"article\" \/>\n<meta property=\"og:title\" content=\"IcoCar Birdie 3.0 DeLuxe - Prochaska\" \/>\n<meta property=\"og:description\" content=\"IcoCar Birdie 3.0 Deluxe este cea mai bun\u0103 ma\u0219in\u0103 de golf, cu tehnologie de neegalat \u0219i caracteristici de top.\" \/>\n<meta property=\"og:url\" content=\"https:\/\/prochaska.eu\/ro\/produs\/icocar-birdie-3-0-deluxe\/\" \/>\n<meta property=\"og:site_name\" content=\"Prochaska\" \/>\n<meta property=\"article:publisher\" content=\"https:\/\/www.facebook.com\/prochaska.eu\/\" \/>\n<meta property=\"og:image\" content=\"https:\/\/prochaska.eu\/wp-content\/uploads\/2020\/11\/IcoCar_Birdie-3.0_front.png\" \/>\n\t<meta property=\"og:image:width\" content=\"1000\" \/>\n\t<meta property=\"og:image:height\" content=\"1000\" \/>\n\t<meta property=\"og:image:type\" content=\"image\/png\" \/>\n<meta name=\"twitter:card\" content=\"summary_large_image\" \/>\n<meta name=\"twitter:label1\" content=\"Timp estimat pentru citire\" \/>\n\t<meta name=\"twitter:data1\" content=\"1 minut\" \/>\n<script type=\"application\/ld+json\" class=\"yoast-schema-graph\">{\"@context\":\"https:\\\/\\\/schema.org\",\"@graph\":[{\"@type\":\"WebPage\",\"@id\":\"https:\\\/\\\/prochaska.eu\\\/ro\\\/produs\\\/icocar-birdie-3-0-deluxe\\\/\",\"url\":\"https:\\\/\\\/prochaska.eu\\\/ro\\\/produs\\\/icocar-birdie-3-0-deluxe\\\/\",\"name\":\"IcoCar Birdie 3.0 DeLuxe - Prochaska\",\"isPartOf\":{\"@id\":\"https:\\\/\\\/prochaska.eu\\\/ro\\\/#website\"},\"primaryImageOfPage\":{\"@id\":\"https:\\\/\\\/prochaska.eu\\\/ro\\\/produs\\\/icocar-birdie-3-0-deluxe\\\/#primaryimage\"},\"image\":{\"@id\":\"https:\\\/\\\/prochaska.eu\\\/ro\\\/produs\\\/icocar-birdie-3-0-deluxe\\\/#primaryimage\"},\"thumbnailUrl\":\"https:\\\/\\\/prochaska.eu\\\/wp-content\\\/uploads\\\/2020\\\/11\\\/IcoCar_Birdie-3.0_front.png\",\"datePublished\":\"2020-11-03T15:24:56+00:00\",\"breadcrumb\":{\"@id\":\"https:\\\/\\\/prochaska.eu\\\/ro\\\/produs\\\/icocar-birdie-3-0-deluxe\\\/#breadcrumb\"},\"inLanguage\":\"ro-RO\",\"potentialAction\":[{\"@type\":\"ReadAction\",\"target\":[\"https:\\\/\\\/prochaska.eu\\\/ro\\\/produs\\\/icocar-birdie-3-0-deluxe\\\/\"]}]},{\"@type\":\"ImageObject\",\"inLanguage\":\"ro-RO\",\"@id\":\"https:\\\/\\\/prochaska.eu\\\/ro\\\/produs\\\/icocar-birdie-3-0-deluxe\\\/#primaryimage\",\"url\":\"https:\\\/\\\/prochaska.eu\\\/wp-content\\\/uploads\\\/2020\\\/11\\\/IcoCar_Birdie-3.0_front.png\",\"contentUrl\":\"https:\\\/\\\/prochaska.eu\\\/wp-content\\\/uploads\\\/2020\\\/11\\\/IcoCar_Birdie-3.0_front.png\",\"width\":1000,\"height\":1000},{\"@type\":\"BreadcrumbList\",\"@id\":\"https:\\\/\\\/prochaska.eu\\\/ro\\\/produs\\\/icocar-birdie-3-0-deluxe\\\/#breadcrumb\",\"itemListElement\":[{\"@type\":\"ListItem\",\"position\":1,\"name\":\"Home\",\"item\":\"https:\\\/\\\/prochaska.eu\\\/ro\\\/\"},{\"@type\":\"ListItem\",\"position\":2,\"name\":\"Shop\",\"item\":\"https:\\\/\\\/prochaska.eu\\\/ro\\\/shop\\\/\"},{\"@type\":\"ListItem\",\"position\":3,\"name\":\"IcoCar Birdie 3.0 DeLuxe\"}]},{\"@type\":\"WebSite\",\"@id\":\"https:\\\/\\\/prochaska.eu\\\/ro\\\/#website\",\"url\":\"https:\\\/\\\/prochaska.eu\\\/ro\\\/\",\"name\":\"Prochaska\",\"description\":\"Spezialist f\u00fcr Pflege von Gr\u00fcnfl\u00e4chen\",\"publisher\":{\"@id\":\"https:\\\/\\\/prochaska.eu\\\/ro\\\/#organization\"},\"potentialAction\":[{\"@type\":\"SearchAction\",\"target\":{\"@type\":\"EntryPoint\",\"urlTemplate\":\"https:\\\/\\\/prochaska.eu\\\/ro\\\/?s={search_term_string}\"},\"query-input\":{\"@type\":\"PropertyValueSpecification\",\"valueRequired\":true,\"valueName\":\"search_term_string\"}}],\"inLanguage\":\"ro-RO\"},{\"@type\":\"Organization\",\"@id\":\"https:\\\/\\\/prochaska.eu\\\/ro\\\/#organization\",\"name\":\"Prochaska\",\"url\":\"https:\\\/\\\/prochaska.eu\\\/ro\\\/\",\"logo\":{\"@type\":\"ImageObject\",\"inLanguage\":\"ro-RO\",\"@id\":\"https:\\\/\\\/prochaska.eu\\\/ro\\\/#\\\/schema\\\/logo\\\/image\\\/\",\"url\":\"https:\\\/\\\/prochaska.eu\\\/wp-content\\\/uploads\\\/2024\\\/04\\\/Prochaska_Logo_Black-1.png\",\"contentUrl\":\"https:\\\/\\\/prochaska.eu\\\/wp-content\\\/uploads\\\/2024\\\/04\\\/Prochaska_Logo_Black-1.png\",\"width\":796,\"height\":236,\"caption\":\"Prochaska\"},\"image\":{\"@id\":\"https:\\\/\\\/prochaska.eu\\\/ro\\\/#\\\/schema\\\/logo\\\/image\\\/\"},\"sameAs\":[\"https:\\\/\\\/www.facebook.com\\\/prochaska.eu\\\/\",\"https:\\\/\\\/www.instagram.com\\\/prochaska.eu\\\/\",\"https:\\\/\\\/www.linkedin.com\\\/company\\\/prochaska-handels-gmbh\"]}]}<\/script>\n<!-- \/ Yoast SEO plugin. -->","yoast_head_json":{"title":"IcoCar Birdie 3.0 DeLuxe - Prochaska","robots":{"index":"index","follow":"follow","max-snippet":"max-snippet:-1","max-image-preview":"max-image-preview:large","max-video-preview":"max-video-preview:-1"},"canonical":"https:\/\/prochaska.eu\/ro\/produs\/icocar-birdie-3-0-deluxe\/","og_locale":"ro_RO","og_type":"article","og_title":"IcoCar Birdie 3.0 DeLuxe - Prochaska","og_description":"IcoCar Birdie 3.0 Deluxe este cea mai bun\u0103 ma\u0219in\u0103 de golf, cu tehnologie de neegalat \u0219i caracteristici de top.","og_url":"https:\/\/prochaska.eu\/ro\/produs\/icocar-birdie-3-0-deluxe\/","og_site_name":"Prochaska","article_publisher":"https:\/\/www.facebook.com\/prochaska.eu\/","og_image":[{"width":1000,"height":1000,"url":"https:\/\/prochaska.eu\/wp-content\/uploads\/2020\/11\/IcoCar_Birdie-3.0_front.png","type":"image\/png"}],"twitter_card":"summary_large_image","twitter_misc":{"Timp estimat pentru citire":"1 minut"},"schema":{"@context":"https:\/\/schema.org","@graph":[{"@type":"WebPage","@id":"https:\/\/prochaska.eu\/ro\/produs\/icocar-birdie-3-0-deluxe\/","url":"https:\/\/prochaska.eu\/ro\/produs\/icocar-birdie-3-0-deluxe\/","name":"IcoCar Birdie 3.0 DeLuxe - Prochaska","isPartOf":{"@id":"https:\/\/prochaska.eu\/ro\/#website"},"primaryImageOfPage":{"@id":"https:\/\/prochaska.eu\/ro\/produs\/icocar-birdie-3-0-deluxe\/#primaryimage"},"image":{"@id":"https:\/\/prochaska.eu\/ro\/produs\/icocar-birdie-3-0-deluxe\/#primaryimage"},"thumbnailUrl":"https:\/\/prochaska.eu\/wp-content\/uploads\/2020\/11\/IcoCar_Birdie-3.0_front.png","datePublished":"2020-11-03T15:24:56+00:00","breadcrumb":{"@id":"https:\/\/prochaska.eu\/ro\/produs\/icocar-birdie-3-0-deluxe\/#breadcrumb"},"inLanguage":"ro-RO","potentialAction":[{"@type":"ReadAction","target":["https:\/\/prochaska.eu\/ro\/produs\/icocar-birdie-3-0-deluxe\/"]}]},{"@type":"ImageObject","inLanguage":"ro-RO","@id":"https:\/\/prochaska.eu\/ro\/produs\/icocar-birdie-3-0-deluxe\/#primaryimage","url":"https:\/\/prochaska.eu\/wp-content\/uploads\/2020\/11\/IcoCar_Birdie-3.0_front.png","contentUrl":"https:\/\/prochaska.eu\/wp-content\/uploads\/2020\/11\/IcoCar_Birdie-3.0_front.png","width":1000,"height":1000},{"@type":"BreadcrumbList","@id":"https:\/\/prochaska.eu\/ro\/produs\/icocar-birdie-3-0-deluxe\/#breadcrumb","itemListElement":[{"@type":"ListItem","position":1,"name":"Home","item":"https:\/\/prochaska.eu\/ro\/"},{"@type":"ListItem","position":2,"name":"Shop","item":"https:\/\/prochaska.eu\/ro\/shop\/"},{"@type":"ListItem","position":3,"name":"IcoCar Birdie 3.0 DeLuxe"}]},{"@type":"WebSite","@id":"https:\/\/prochaska.eu\/ro\/#website","url":"https:\/\/prochaska.eu\/ro\/","name":"Prochaska","description":"Spezialist f\u00fcr Pflege von Gr\u00fcnfl\u00e4chen","publisher":{"@id":"https:\/\/prochaska.eu\/ro\/#organization"},"potentialAction":[{"@type":"SearchAction","target":{"@type":"EntryPoint","urlTemplate":"https:\/\/prochaska.eu\/ro\/?s={search_term_string}"},"query-input":{"@type":"PropertyValueSpecification","valueRequired":true,"valueName":"search_term_string"}}],"inLanguage":"ro-RO"},{"@type":"Organization","@id":"https:\/\/prochaska.eu\/ro\/#organization","name":"Prochaska","url":"https:\/\/prochaska.eu\/ro\/","logo":{"@type":"ImageObject","inLanguage":"ro-RO","@id":"https:\/\/prochaska.eu\/ro\/#\/schema\/logo\/image\/","url":"https:\/\/prochaska.eu\/wp-content\/uploads\/2024\/04\/Prochaska_Logo_Black-1.png","contentUrl":"https:\/\/prochaska.eu\/wp-content\/uploads\/2024\/04\/Prochaska_Logo_Black-1.png","width":796,"height":236,"caption":"Prochaska"},"image":{"@id":"https:\/\/prochaska.eu\/ro\/#\/schema\/logo\/image\/"},"sameAs":["https:\/\/www.facebook.com\/prochaska.eu\/","https:\/\/www.instagram.com\/prochaska.eu\/","https:\/\/www.linkedin.com\/company\/prochaska-handels-gmbh"]}]}},"brands":[{"id":3069,"name":"IcoCar","slug":"icocar-ro"}],"_links":{"self":[{"href":"https:\/\/prochaska.eu\/ro\/wp-json\/wp\/v2\/product\/25273","targetHints":{"allow":["GET"]}}],"collection":[{"href":"https:\/\/prochaska.eu\/ro\/wp-json\/wp\/v2\/product"}],"about":[{"href":"https:\/\/prochaska.eu\/ro\/wp-json\/wp\/v2\/types\/product"}],"version-history":[{"count":0,"href":"https:\/\/prochaska.eu\/ro\/wp-json\/wp\/v2\/product\/25273\/revisions"}],"wp:featuredmedia":[{"embeddable":true,"href":"https:\/\/prochaska.eu\/ro\/wp-json\/wp\/v2\/media\/27167"}],"wp:attachment":[{"href":"https:\/\/prochaska.eu\/ro\/wp-json\/wp\/v2\/media?parent=25273"}],"wp:term":[{"taxonomy":"pwb-brand","embeddable":true,"href":"https:\/\/prochaska.eu\/ro\/wp-json\/wp\/v2\/pwb-brand?post=25273"},{"taxonomy":"product_brand","embeddable":true,"href":"https:\/\/prochaska.eu\/ro\/wp-json\/wp\/v2\/product_brand?post=25273"},{"taxonomy":"product_cat","embeddable":true,"href":"https:\/\/prochaska.eu\/ro\/wp-json\/wp\/v2\/product_cat?post=25273"},{"taxonomy":"product_tag","embeddable":true,"href":"https:\/\/prochaska.eu\/ro\/wp-json\/wp\/v2\/product_tag?post=25273"}],"curies":[{"name":"wp","href":"https:\/\/api.w.org\/{rel}","templated":true}]}}