{"id":25283,"date":"2021-02-23T10:02:57","date_gmt":"2021-02-23T10:02:57","guid":{"rendered":"https:\/\/prochaska.eu\/product\/toro-cositoare-verde-greensmaster-e1021\/"},"modified":"2021-02-23T10:02:57","modified_gmt":"2021-02-23T10:02:57","slug":"toro-cositoare-verde-greensmaster-e1021","status":"publish","type":"product","link":"https:\/\/prochaska.eu\/ro\/produs\/toro-cositoare-verde-greensmaster-e1021\/","title":{"rendered":"Toro &#8211; Cositoare verde &#8211; Greensmaster &#8211; e1021"},"content":{"rendered":"<p style=\"text-align: left;\">Toro Greensmaster\u00ae e1021 Fixed\/Flex\u2122 este foarte silen\u021bios la utilizare, f\u0103r\u0103 emisii \u0219i eficient. Datorit\u0103 tehnologiei puternice a bateriei litiu-ion, e1021 stabile\u0219te noi standarde \u00een ceea ce prive\u0219te eficien\u021ba electric\u0103 \u0219i permite operatorului s\u0103 tund\u0103 p\u00e2n\u0103 la 35.000 m\u00b2 de gazon cu o singur\u0103 \u00eenc\u0103rcare. \u00cen plus, un afi\u0219aj LCD arat\u0103 starea curent\u0103 de \u00eenc\u0103rcare a bateriei \u0219i informa\u021bii utile, cum ar fi orele ma\u0219inii. Aparatul \u00eenseamn\u0103 \u00eentre\u021binere minim\u0103 \u0219i o durat\u0103 de via\u021b\u0103 lung\u0103 \u0219i productiv\u0103.<\/p>\n<p style=\"text-align: left;\">Exist\u0103 2 modele din care pute\u021bi alege: Greensmaster eFlex 1021 cu tehnologie patentat\u0103 de suspensie Flex sau Greensmaster e1021 cu cap de cosit fix.<\/p>\n<h2 style=\"text-align: left;\">Beneficiile produsului<\/h2>\n<ul>\n<li style=\"text-align: left;\">Tehnologie patentat\u0103 de suspensie flexibil\u0103: Suspensia flexibil\u0103 permite unit\u0103\u021bii de t\u0103iere s\u0103 urmeze cu u\u0219urin\u021b\u0103 contururile terenului \u0219i ofer\u0103 o calitate excelent\u0103 a t\u0103ierii.<\/li>\n<li>Unitate de t\u0103iere: Unit\u0103\u021bile de t\u0103iere pot fi schimbate cu u\u0219urin\u021b\u0103 \u0219i f\u0103r\u0103 unelte datorit\u0103 p\u00e2rghiei de schimbare rapid\u0103. Unit\u0103\u021bile de t\u0103iere pot fi \u00eenlocuite \u00een c\u00e2teva secunde.<\/li>\n<li>Accelera\u021bie reglabil\u0103, u\u0219or de accesat: Toate comenzile sunt la \u00eendem\u00e2na operatorului pentru a perfec\u021biona procesul de cosire, a \u00eembun\u0103t\u0103\u021bi consisten\u021ba t\u0103ierii \u0219i a cre\u0219te controlul &#8211; pentru situa\u021bii normale \u0219i de viraje str\u00e2nse.<\/li>\n<li>M\u00e2nerul se monteaz\u0103 izolat: Fluctua\u021biile minore ale \u00een\u0103l\u021bimii de t\u0103iere cauzate de treptele de rulare sunt amortizate de izola\u021bie. Acest lucru asigur\u0103 o \u00een\u0103l\u021bime de t\u0103iere uniform\u0103.<\/li>\n<li>Cutie de viteze cu durat\u0103 lung\u0103 de via\u021b\u0103: Ofer\u0103 o durat\u0103 lung\u0103 de via\u021b\u0103 \u0219i cea mai bun\u0103 durabilitate a cutiei de viteze. Lubrifiate pe via\u021b\u0103, f\u0103r\u0103 puncte de lubrifiere.<\/li>\n<li>Controlul frecven\u021bei clipului Hi-Lo: frecven\u021ba clipului poate fi u\u0219or modificat\u0103 pe teren. Func\u021bia de schimbare rapid\u0103 poate fi, de asemenea, dezactivat\u0103 pentru un control suplimentar.<\/li>\n<li>Tehnologie litiu-ion dovedit\u0103: baterie cu putere \u0219i timp de func\u021bionare suficiente pentru cosirea a p\u00e2n\u0103 la 3.000 de metri p\u0103tra\u021bi. Gestionarea echilibrat\u0103 a bateriei \u0219i sistemul electronic integrat monitorizeaz\u0103 motocoasa pentru a optimiza automat durata de via\u021b\u0103 a bateriei.<\/li>\n<li>Bobinele EdgeSeries\u2122: Frezele DPA (Dual Precision Adjustment) cu rolele Toro EdgeSeries\u2122 asigur\u0103 o t\u0103iere consecvent\u0103, de \u00eenalt\u0103 calitate \u0219i un finisaj perfect, reduc\u00e2nd \u00een acela\u0219i timp \u00eentre\u021binerea prin reten\u021bia \u00eembun\u0103t\u0103\u021bit\u0103 a marginii rolei.<\/li>\n<li>M\u00e2ner telescopic: Conceput pentru operatori de \u00een\u0103l\u021bimi diferite, pentru cosit \u00eentr-o pozi\u021bie natural\u0103, vertical\u0103. Duce la mai pu\u021bin\u0103 oboseal\u0103 \u0219i la o t\u0103iere mai bun\u0103. Reglabil \u00een 5 pozi\u021bii diferite de prindere.<\/li>\n<li>P\u00e2rghie pentru conectarea bobinei: pozi\u021bie practic\u0103, u\u0219or accesibil\u0103 pentru pornirea tamburului din pozi\u021bia operatorului.<\/li>\n<li>Bar\u0103 cu func\u021bie dubl\u0103: O singur\u0103 bar\u0103 combin\u0103 siguran\u021ba \u0219i u\u0219urin\u021ba \u00een utilizare. Func\u021bionarea convenabil\u0103 permite ma\u0219inii de tuns iarba s\u0103 \u00eencetineasc\u0103 pentru manevrele de \u00eentoarcere sau s\u0103 se opreasc\u0103 f\u0103r\u0103 a \u00eentrerupe trac\u021biunea pentru a se alinia la urm\u0103toarea trecere de tuns iarba.<\/li>\n<li>Maneta de eliberare a trac\u021biunii: Elibera\u021bi trac\u021biunea printr-o simpl\u0103 rotire a manetei. Munca \u00een atelier nu a fost niciodat\u0103 at\u00e2t de u\u0219oar\u0103!<\/li>\n<\/ul>\n<h2 style=\"text-align: left;\">Date tehnice<\/h2>\n<ul>\n<li style=\"text-align: left;\">L\u0103\u021bime de t\u0103iere: 53 cm<\/li>\n<li style=\"text-align: left;\">Baterii: Baterii litiu-ion 50.4V, 26.7 Ah (42-56V, 1.345 kW)<\/li>\n<li style=\"text-align: left;\">Cu\u021bite: 11 cu\u021bite \u0219i 14 unit\u0103\u021bi de t\u0103iere a cu\u021bitelor (8 unit\u0103\u021bi de t\u0103iere pentru e1021)<\/li>\n<li>Viteza de tundere: de la 3,2 la 5,6 km\/h<\/li>\n<li>\u00cen\u0103l\u021bimea de t\u0103iere: de la 1,5 mm la 6 mm pentru zonele verzi \u0219i de la 3 mm la 9 mm pentru tee-uri<\/li>\n<li>Sistem de ac\u021bionare: Tambur de trac\u021biune \u00een dou\u0103 trepte cu pozi\u021bii pentru urm\u0103rirea conturului sau pretensionarea greut\u0103\u021bii \u00eenainte la \u00een\u0103l\u021bimi de t\u0103iere mai mari.<\/li>\n<li>Greutate: e1021 &#8211; 109 kg<\/li>\n<\/ul>\n","protected":false},"excerpt":{"rendered":"<p>Toro Greensmaster\u00ae e1021 este foarte silen\u021bios la utilizare, f\u0103r\u0103 emisii \u0219i eficient. Datorit\u0103 tehnologiei puternice a bateriei litiu-ion, e1021 stabile\u0219te noi standarde \u00een ceea ce prive\u0219te eficien\u021ba electric\u0103 \u0219i permite operatorului s\u0103 tund\u0103 p\u00e2n\u0103 la 35.000 m\u00b2 de gazon cu o singur\u0103 \u00eenc\u0103rcare.<\/p>\n","protected":false},"featured_media":22443,"template":"","meta":[],"pwb-brand":[3073],"product_brand":[],"product_cat":[1523,1149,1217,1388],"product_tag":[],"class_list":{"0":"post-25283","1":"product","2":"type-product","3":"status-publish","4":"has-post-thumbnail","6":"pwb-brand-toro-ro","7":"product_cat-cositoare-ro","8":"product_cat-cositoare-de-gazon","9":"product_cat-cositoare-de-gazon-manuala","10":"product_cat-masini-de-golf","12":"first","13":"instock","14":"taxable","15":"shipping-taxable","16":"product-type-simple"},"yoast_head":"<!-- This site is optimized with the Yoast SEO plugin v27.4 - https:\/\/yoast.com\/product\/yoast-seo-wordpress\/ -->\n<title>Toro - Cositoare verde - Greensmaster - e1021 - Prochaska<\/title>\n<meta name=\"robots\" content=\"index, follow, max-snippet:-1, max-image-preview:large, max-video-preview:-1\" \/>\n<link rel=\"canonical\" href=\"https:\/\/prochaska.eu\/ro\/produs\/toro-cositoare-verde-greensmaster-e1021\/\" \/>\n<meta property=\"og:locale\" content=\"ro_RO\" \/>\n<meta property=\"og:type\" content=\"article\" \/>\n<meta property=\"og:title\" content=\"Toro - Cositoare verde - Greensmaster - e1021 - Prochaska\" \/>\n<meta property=\"og:description\" content=\"Toro Greensmaster\u00ae e1021 este foarte silen\u021bios la utilizare, f\u0103r\u0103 emisii \u0219i eficient. Datorit\u0103 tehnologiei puternice a bateriei litiu-ion, e1021 stabile\u0219te noi standarde \u00een ceea ce prive\u0219te eficien\u021ba electric\u0103 \u0219i permite operatorului s\u0103 tund\u0103 p\u00e2n\u0103 la 35.000 m\u00b2 de gazon cu o singur\u0103 \u00eenc\u0103rcare.\" \/>\n<meta property=\"og:url\" content=\"https:\/\/prochaska.eu\/ro\/produs\/toro-cositoare-verde-greensmaster-e1021\/\" \/>\n<meta property=\"og:site_name\" content=\"Prochaska\" \/>\n<meta property=\"article:publisher\" content=\"https:\/\/www.facebook.com\/prochaska.eu\/\" \/>\n<meta property=\"og:image\" content=\"https:\/\/prochaska.eu\/wp-content\/uploads\/2024\/06\/toro-e1021-greensmower-gruensmaeher-prochaska.jpg\" \/>\n\t<meta property=\"og:image:width\" content=\"1440\" \/>\n\t<meta property=\"og:image:height\" content=\"1440\" \/>\n\t<meta property=\"og:image:type\" content=\"image\/jpeg\" \/>\n<meta name=\"twitter:card\" content=\"summary_large_image\" \/>\n<meta name=\"twitter:label1\" content=\"Timp estimat pentru citire\" \/>\n\t<meta name=\"twitter:data1\" content=\"3 minute\" \/>\n<script type=\"application\/ld+json\" class=\"yoast-schema-graph\">{\"@context\":\"https:\\\/\\\/schema.org\",\"@graph\":[{\"@type\":\"WebPage\",\"@id\":\"https:\\\/\\\/prochaska.eu\\\/ro\\\/produs\\\/toro-cositoare-verde-greensmaster-e1021\\\/\",\"url\":\"https:\\\/\\\/prochaska.eu\\\/ro\\\/produs\\\/toro-cositoare-verde-greensmaster-e1021\\\/\",\"name\":\"Toro - Cositoare verde - Greensmaster - e1021 - Prochaska\",\"isPartOf\":{\"@id\":\"https:\\\/\\\/prochaska.eu\\\/ro\\\/#website\"},\"primaryImageOfPage\":{\"@id\":\"https:\\\/\\\/prochaska.eu\\\/ro\\\/produs\\\/toro-cositoare-verde-greensmaster-e1021\\\/#primaryimage\"},\"image\":{\"@id\":\"https:\\\/\\\/prochaska.eu\\\/ro\\\/produs\\\/toro-cositoare-verde-greensmaster-e1021\\\/#primaryimage\"},\"thumbnailUrl\":\"https:\\\/\\\/prochaska.eu\\\/wp-content\\\/uploads\\\/2024\\\/06\\\/toro-e1021-greensmower-gruensmaeher-prochaska.jpg\",\"datePublished\":\"2021-02-23T10:02:57+00:00\",\"breadcrumb\":{\"@id\":\"https:\\\/\\\/prochaska.eu\\\/ro\\\/produs\\\/toro-cositoare-verde-greensmaster-e1021\\\/#breadcrumb\"},\"inLanguage\":\"ro-RO\",\"potentialAction\":[{\"@type\":\"ReadAction\",\"target\":[\"https:\\\/\\\/prochaska.eu\\\/ro\\\/produs\\\/toro-cositoare-verde-greensmaster-e1021\\\/\"]}]},{\"@type\":\"ImageObject\",\"inLanguage\":\"ro-RO\",\"@id\":\"https:\\\/\\\/prochaska.eu\\\/ro\\\/produs\\\/toro-cositoare-verde-greensmaster-e1021\\\/#primaryimage\",\"url\":\"https:\\\/\\\/prochaska.eu\\\/wp-content\\\/uploads\\\/2024\\\/06\\\/toro-e1021-greensmower-gruensmaeher-prochaska.jpg\",\"contentUrl\":\"https:\\\/\\\/prochaska.eu\\\/wp-content\\\/uploads\\\/2024\\\/06\\\/toro-e1021-greensmower-gruensmaeher-prochaska.jpg\",\"width\":1440,\"height\":1440},{\"@type\":\"BreadcrumbList\",\"@id\":\"https:\\\/\\\/prochaska.eu\\\/ro\\\/produs\\\/toro-cositoare-verde-greensmaster-e1021\\\/#breadcrumb\",\"itemListElement\":[{\"@type\":\"ListItem\",\"position\":1,\"name\":\"Home\",\"item\":\"https:\\\/\\\/prochaska.eu\\\/ro\\\/\"},{\"@type\":\"ListItem\",\"position\":2,\"name\":\"Shop\",\"item\":\"https:\\\/\\\/prochaska.eu\\\/ro\\\/shop\\\/\"},{\"@type\":\"ListItem\",\"position\":3,\"name\":\"Toro &#8211; Cositoare verde &#8211; Greensmaster &#8211; e1021\"}]},{\"@type\":\"WebSite\",\"@id\":\"https:\\\/\\\/prochaska.eu\\\/ro\\\/#website\",\"url\":\"https:\\\/\\\/prochaska.eu\\\/ro\\\/\",\"name\":\"Prochaska\",\"description\":\"Spezialist f\u00fcr Pflege von Gr\u00fcnfl\u00e4chen\",\"publisher\":{\"@id\":\"https:\\\/\\\/prochaska.eu\\\/ro\\\/#organization\"},\"potentialAction\":[{\"@type\":\"SearchAction\",\"target\":{\"@type\":\"EntryPoint\",\"urlTemplate\":\"https:\\\/\\\/prochaska.eu\\\/ro\\\/?s={search_term_string}\"},\"query-input\":{\"@type\":\"PropertyValueSpecification\",\"valueRequired\":true,\"valueName\":\"search_term_string\"}}],\"inLanguage\":\"ro-RO\"},{\"@type\":\"Organization\",\"@id\":\"https:\\\/\\\/prochaska.eu\\\/ro\\\/#organization\",\"name\":\"Prochaska\",\"url\":\"https:\\\/\\\/prochaska.eu\\\/ro\\\/\",\"logo\":{\"@type\":\"ImageObject\",\"inLanguage\":\"ro-RO\",\"@id\":\"https:\\\/\\\/prochaska.eu\\\/ro\\\/#\\\/schema\\\/logo\\\/image\\\/\",\"url\":\"https:\\\/\\\/prochaska.eu\\\/wp-content\\\/uploads\\\/2024\\\/04\\\/Prochaska_Logo_Black-1.png\",\"contentUrl\":\"https:\\\/\\\/prochaska.eu\\\/wp-content\\\/uploads\\\/2024\\\/04\\\/Prochaska_Logo_Black-1.png\",\"width\":796,\"height\":236,\"caption\":\"Prochaska\"},\"image\":{\"@id\":\"https:\\\/\\\/prochaska.eu\\\/ro\\\/#\\\/schema\\\/logo\\\/image\\\/\"},\"sameAs\":[\"https:\\\/\\\/www.facebook.com\\\/prochaska.eu\\\/\",\"https:\\\/\\\/www.instagram.com\\\/prochaska.eu\\\/\",\"https:\\\/\\\/www.linkedin.com\\\/company\\\/prochaska-handels-gmbh\"]}]}<\/script>\n<!-- \/ Yoast SEO plugin. -->","yoast_head_json":{"title":"Toro - Cositoare verde - Greensmaster - e1021 - Prochaska","robots":{"index":"index","follow":"follow","max-snippet":"max-snippet:-1","max-image-preview":"max-image-preview:large","max-video-preview":"max-video-preview:-1"},"canonical":"https:\/\/prochaska.eu\/ro\/produs\/toro-cositoare-verde-greensmaster-e1021\/","og_locale":"ro_RO","og_type":"article","og_title":"Toro - Cositoare verde - Greensmaster - e1021 - Prochaska","og_description":"Toro Greensmaster\u00ae e1021 este foarte silen\u021bios la utilizare, f\u0103r\u0103 emisii \u0219i eficient. Datorit\u0103 tehnologiei puternice a bateriei litiu-ion, e1021 stabile\u0219te noi standarde \u00een ceea ce prive\u0219te eficien\u021ba electric\u0103 \u0219i permite operatorului s\u0103 tund\u0103 p\u00e2n\u0103 la 35.000 m\u00b2 de gazon cu o singur\u0103 \u00eenc\u0103rcare.","og_url":"https:\/\/prochaska.eu\/ro\/produs\/toro-cositoare-verde-greensmaster-e1021\/","og_site_name":"Prochaska","article_publisher":"https:\/\/www.facebook.com\/prochaska.eu\/","og_image":[{"width":1440,"height":1440,"url":"https:\/\/prochaska.eu\/wp-content\/uploads\/2024\/06\/toro-e1021-greensmower-gruensmaeher-prochaska.jpg","type":"image\/jpeg"}],"twitter_card":"summary_large_image","twitter_misc":{"Timp estimat pentru citire":"3 minute"},"schema":{"@context":"https:\/\/schema.org","@graph":[{"@type":"WebPage","@id":"https:\/\/prochaska.eu\/ro\/produs\/toro-cositoare-verde-greensmaster-e1021\/","url":"https:\/\/prochaska.eu\/ro\/produs\/toro-cositoare-verde-greensmaster-e1021\/","name":"Toro - Cositoare verde - Greensmaster - e1021 - Prochaska","isPartOf":{"@id":"https:\/\/prochaska.eu\/ro\/#website"},"primaryImageOfPage":{"@id":"https:\/\/prochaska.eu\/ro\/produs\/toro-cositoare-verde-greensmaster-e1021\/#primaryimage"},"image":{"@id":"https:\/\/prochaska.eu\/ro\/produs\/toro-cositoare-verde-greensmaster-e1021\/#primaryimage"},"thumbnailUrl":"https:\/\/prochaska.eu\/wp-content\/uploads\/2024\/06\/toro-e1021-greensmower-gruensmaeher-prochaska.jpg","datePublished":"2021-02-23T10:02:57+00:00","breadcrumb":{"@id":"https:\/\/prochaska.eu\/ro\/produs\/toro-cositoare-verde-greensmaster-e1021\/#breadcrumb"},"inLanguage":"ro-RO","potentialAction":[{"@type":"ReadAction","target":["https:\/\/prochaska.eu\/ro\/produs\/toro-cositoare-verde-greensmaster-e1021\/"]}]},{"@type":"ImageObject","inLanguage":"ro-RO","@id":"https:\/\/prochaska.eu\/ro\/produs\/toro-cositoare-verde-greensmaster-e1021\/#primaryimage","url":"https:\/\/prochaska.eu\/wp-content\/uploads\/2024\/06\/toro-e1021-greensmower-gruensmaeher-prochaska.jpg","contentUrl":"https:\/\/prochaska.eu\/wp-content\/uploads\/2024\/06\/toro-e1021-greensmower-gruensmaeher-prochaska.jpg","width":1440,"height":1440},{"@type":"BreadcrumbList","@id":"https:\/\/prochaska.eu\/ro\/produs\/toro-cositoare-verde-greensmaster-e1021\/#breadcrumb","itemListElement":[{"@type":"ListItem","position":1,"name":"Home","item":"https:\/\/prochaska.eu\/ro\/"},{"@type":"ListItem","position":2,"name":"Shop","item":"https:\/\/prochaska.eu\/ro\/shop\/"},{"@type":"ListItem","position":3,"name":"Toro &#8211; Cositoare verde &#8211; Greensmaster &#8211; e1021"}]},{"@type":"WebSite","@id":"https:\/\/prochaska.eu\/ro\/#website","url":"https:\/\/prochaska.eu\/ro\/","name":"Prochaska","description":"Spezialist f\u00fcr Pflege von Gr\u00fcnfl\u00e4chen","publisher":{"@id":"https:\/\/prochaska.eu\/ro\/#organization"},"potentialAction":[{"@type":"SearchAction","target":{"@type":"EntryPoint","urlTemplate":"https:\/\/prochaska.eu\/ro\/?s={search_term_string}"},"query-input":{"@type":"PropertyValueSpecification","valueRequired":true,"valueName":"search_term_string"}}],"inLanguage":"ro-RO"},{"@type":"Organization","@id":"https:\/\/prochaska.eu\/ro\/#organization","name":"Prochaska","url":"https:\/\/prochaska.eu\/ro\/","logo":{"@type":"ImageObject","inLanguage":"ro-RO","@id":"https:\/\/prochaska.eu\/ro\/#\/schema\/logo\/image\/","url":"https:\/\/prochaska.eu\/wp-content\/uploads\/2024\/04\/Prochaska_Logo_Black-1.png","contentUrl":"https:\/\/prochaska.eu\/wp-content\/uploads\/2024\/04\/Prochaska_Logo_Black-1.png","width":796,"height":236,"caption":"Prochaska"},"image":{"@id":"https:\/\/prochaska.eu\/ro\/#\/schema\/logo\/image\/"},"sameAs":["https:\/\/www.facebook.com\/prochaska.eu\/","https:\/\/www.instagram.com\/prochaska.eu\/","https:\/\/www.linkedin.com\/company\/prochaska-handels-gmbh"]}]}},"brands":[{"id":3073,"name":"Toro","slug":"toro-ro"}],"_links":{"self":[{"href":"https:\/\/prochaska.eu\/ro\/wp-json\/wp\/v2\/product\/25283","targetHints":{"allow":["GET"]}}],"collection":[{"href":"https:\/\/prochaska.eu\/ro\/wp-json\/wp\/v2\/product"}],"about":[{"href":"https:\/\/prochaska.eu\/ro\/wp-json\/wp\/v2\/types\/product"}],"version-history":[{"count":0,"href":"https:\/\/prochaska.eu\/ro\/wp-json\/wp\/v2\/product\/25283\/revisions"}],"wp:featuredmedia":[{"embeddable":true,"href":"https:\/\/prochaska.eu\/ro\/wp-json\/wp\/v2\/media\/22443"}],"wp:attachment":[{"href":"https:\/\/prochaska.eu\/ro\/wp-json\/wp\/v2\/media?parent=25283"}],"wp:term":[{"taxonomy":"pwb-brand","embeddable":true,"href":"https:\/\/prochaska.eu\/ro\/wp-json\/wp\/v2\/pwb-brand?post=25283"},{"taxonomy":"product_brand","embeddable":true,"href":"https:\/\/prochaska.eu\/ro\/wp-json\/wp\/v2\/product_brand?post=25283"},{"taxonomy":"product_cat","embeddable":true,"href":"https:\/\/prochaska.eu\/ro\/wp-json\/wp\/v2\/product_cat?post=25283"},{"taxonomy":"product_tag","embeddable":true,"href":"https:\/\/prochaska.eu\/ro\/wp-json\/wp\/v2\/product_tag?post=25283"}],"curies":[{"name":"wp","href":"https:\/\/api.w.org\/{rel}","templated":true}]}}