{"id":25321,"date":"2020-09-02T08:54:37","date_gmt":"2020-09-02T08:54:37","guid":{"rendered":"https:\/\/prochaska.eu\/product\/toro-cositoare-cu-seceratoare-titan-hd-1500-myride\/"},"modified":"2020-09-02T08:54:37","modified_gmt":"2020-09-02T08:54:37","slug":"toro-cositoare-cu-seceratoare-titan-hd-1500-myride","status":"publish","type":"product","link":"https:\/\/prochaska.eu\/ro\/produs\/toro-cositoare-cu-seceratoare-titan-hd-1500-myride\/","title":{"rendered":"Toro &#8211; Cositoare cu secer\u0103toare &#8211; Titan HD 1500 myRide"},"content":{"rendered":"<p>Seria TITAN HD 1500 myRide de motocoase rotative cu tura\u021bie zero de la <a href=\"https:\/\/www.prochaska.eu\/toro\/\">Toro<\/a> ofer\u0103 durabilitate, rezultate profesionale \u0219i performan\u021b\u0103 la o valoare excep\u021bional\u0103. Se face o distinc\u021bie \u00eentre dou\u0103 modele: Unul este Titan HD 1500 myRide de 122 cm l\u0103\u021bime de t\u0103iere \u0219i cel\u0103lalt este Titan HD 1500 myRide de 132 cm l\u0103\u021bime de t\u0103iere.<\/p>\n<p>Dispozitivele ofer\u0103 un confort sporit datorit\u0103 platformei de operare MyRide. Acest lucru asigur\u0103 c\u0103 \u0219ocurile \u0219i vibra\u021biile sunt \u021binute departe de operator. Confortul este \u00eembun\u0103t\u0103\u021bit de scaunul standard turnat, de placa de baz\u0103 izolat\u0103 sau de accesul u\u0219or din partea din fa\u021b\u0103 sau lateral\u0103 a ma\u0219inii. Utilizatorul poate ajusta set\u0103rile de rulare pentru amortizoarele din spate rapid \u0219i u\u0219or, f\u0103r\u0103 unelte. Modelele Titan HD 1500 myRide dispun de motocoasele Turbo Force de la Toro pentru calitate de t\u0103iere \u0219i durabilitate. Cositoarele TITAN HD 1500 sunt echipate cu o platform\u0103 de cosit din o\u021bel 7\/10, un cadru tubular robust (7,6 cm x 5,1 cm) \u0219i sistem hidraulic profesional.<\/p>\n<h2>AVANTAJELE PRODUSULUI<\/h2>\n<ul>\n<li>Confort \u00eembun\u0103t\u0103\u021bit<\/li>\n<li>Suport inovator pentru unelte<\/li>\n<li>Durabilitate comercial\u0103<\/li>\n<li>Cositoare Turbo-Force<\/li>\n<li>Motoare profesionale de la Toro<\/li>\n<li>Hidraulic\u0103 pentru uz comercial<\/li>\n<li>\u00centre\u021binere u\u0219oar\u0103<\/li>\n<li>Reglarea \u00een\u0103l\u021bimii de t\u0103iere<\/li>\n<\/ul>\n<h2>ACCESORII OP\u021aIONALE<\/h2>\n<ul>\n<li>Colector de iarb\u0103 pentru excavator HD-Vac (78431)<\/li>\n<li>Suflant\u0103 pentru excavator HD-Vac MyRide 122 cm (78433)<\/li>\n<li>Kit CE pentru excavatorul HD-Vac MyRide 122 cm (126-9360)<\/li>\n<li>Suflant\u0103 pentru excavator HD-Vac MyRide 132 cm (78434)<\/li>\n<li>Kit CE pentru excavatorul HD-Vac MyRide 132 cm (126-9361)<\/li>\n<li>Kit de lumini LED (126-5382)<\/li>\n<li>Kit de benzi (126-7882)<\/li>\n<li>Kit de reciclare pentru MyRide 122 (126-8701)<\/li>\n<li>Kit de reciclare pentru MyRide 132 (126-8702)<\/li>\n<li>Dispozitiv de ridicare (127-6666)<\/li>\n<li>Set de asamblare pentru dispozitivul de ridicare (127-6665)<\/li>\n<\/ul>\n","protected":false},"excerpt":{"rendered":"<p>Seria TITAN HD 1500 myRide de motocoase rotative cu tura\u021bie zero de la <a href=\"https:\/\/www.prochaska.eu\/toro\/\">Toro<\/a> ofer\u0103 durabilitate, rezultate profesionale \u0219i performan\u021b\u0103 la o valoare excep\u021bional\u0103. Se face o distinc\u021bie \u00eentre dou\u0103 modele: Unul este Titan HD 1500 myRide de 122 cm l\u0103\u021bime de t\u0103iere \u0219i cel\u0103lalt este Titan HD 1500 myRide de 132 cm l\u0103\u021bime de t\u0103iere.<\/p>\n","protected":false},"featured_media":22320,"template":"","meta":[],"pwb-brand":[3073],"product_brand":[],"product_cat":[1522,1523,1388,1521],"product_tag":[],"class_list":{"0":"post-25321","1":"product","2":"type-product","3":"status-publish","4":"has-post-thumbnail","6":"pwb-brand-toro-ro","7":"product_cat-cositoare","8":"product_cat-cositoare-ro","9":"product_cat-masini-de-golf","10":"product_cat-municipal-terenuri-de-sport-si-agricultura","12":"first","13":"instock","14":"taxable","15":"shipping-taxable","16":"product-type-simple"},"yoast_head":"<!-- This site is optimized with the Yoast SEO plugin v27.4 - https:\/\/yoast.com\/product\/yoast-seo-wordpress\/ -->\n<title>Toro - Cositoare cu secer\u0103toare - Titan HD 1500 myRide - Prochaska<\/title>\n<meta name=\"robots\" content=\"index, follow, max-snippet:-1, max-image-preview:large, max-video-preview:-1\" \/>\n<link rel=\"canonical\" href=\"https:\/\/prochaska.eu\/ro\/produs\/toro-cositoare-cu-seceratoare-titan-hd-1500-myride\/\" \/>\n<meta property=\"og:locale\" content=\"ro_RO\" \/>\n<meta property=\"og:type\" content=\"article\" \/>\n<meta property=\"og:title\" content=\"Toro - Cositoare cu secer\u0103toare - Titan HD 1500 myRide - Prochaska\" \/>\n<meta property=\"og:description\" content=\"Seria TITAN HD 1500 myRide de motocoase rotative cu tura\u021bie zero de la Toro ofer\u0103 durabilitate, rezultate profesionale \u0219i performan\u021b\u0103 la o valoare excep\u021bional\u0103. Se face o distinc\u021bie \u00eentre dou\u0103 modele: Unul este Titan HD 1500 myRide de 122 cm l\u0103\u021bime de t\u0103iere \u0219i cel\u0103lalt este Titan HD 1500 myRide de 132 cm l\u0103\u021bime de t\u0103iere.\" \/>\n<meta property=\"og:url\" content=\"https:\/\/prochaska.eu\/ro\/produs\/toro-cositoare-cu-seceratoare-titan-hd-1500-myride\/\" \/>\n<meta property=\"og:site_name\" content=\"Prochaska\" \/>\n<meta property=\"article:publisher\" content=\"https:\/\/www.facebook.com\/prochaska.eu\/\" \/>\n<meta property=\"og:image\" content=\"https:\/\/prochaska.eu\/wp-content\/uploads\/2024\/06\/null-wendekreis-sichelmaeher-toro-titan-hd-1500-myride-prochaska.jpg\" \/>\n\t<meta property=\"og:image:width\" content=\"1440\" \/>\n\t<meta property=\"og:image:height\" content=\"1440\" \/>\n\t<meta property=\"og:image:type\" content=\"image\/jpeg\" \/>\n<meta name=\"twitter:card\" content=\"summary_large_image\" \/>\n<meta name=\"twitter:label1\" content=\"Timp estimat pentru citire\" \/>\n\t<meta name=\"twitter:data1\" content=\"1 minut\" \/>\n<script type=\"application\/ld+json\" class=\"yoast-schema-graph\">{\"@context\":\"https:\\\/\\\/schema.org\",\"@graph\":[{\"@type\":\"WebPage\",\"@id\":\"https:\\\/\\\/prochaska.eu\\\/ro\\\/produs\\\/toro-cositoare-cu-seceratoare-titan-hd-1500-myride\\\/\",\"url\":\"https:\\\/\\\/prochaska.eu\\\/ro\\\/produs\\\/toro-cositoare-cu-seceratoare-titan-hd-1500-myride\\\/\",\"name\":\"Toro - Cositoare cu secer\u0103toare - Titan HD 1500 myRide - Prochaska\",\"isPartOf\":{\"@id\":\"https:\\\/\\\/prochaska.eu\\\/ro\\\/#website\"},\"primaryImageOfPage\":{\"@id\":\"https:\\\/\\\/prochaska.eu\\\/ro\\\/produs\\\/toro-cositoare-cu-seceratoare-titan-hd-1500-myride\\\/#primaryimage\"},\"image\":{\"@id\":\"https:\\\/\\\/prochaska.eu\\\/ro\\\/produs\\\/toro-cositoare-cu-seceratoare-titan-hd-1500-myride\\\/#primaryimage\"},\"thumbnailUrl\":\"https:\\\/\\\/prochaska.eu\\\/wp-content\\\/uploads\\\/2024\\\/06\\\/null-wendekreis-sichelmaeher-toro-titan-hd-1500-myride-prochaska.jpg\",\"datePublished\":\"2020-09-02T08:54:37+00:00\",\"breadcrumb\":{\"@id\":\"https:\\\/\\\/prochaska.eu\\\/ro\\\/produs\\\/toro-cositoare-cu-seceratoare-titan-hd-1500-myride\\\/#breadcrumb\"},\"inLanguage\":\"ro-RO\",\"potentialAction\":[{\"@type\":\"ReadAction\",\"target\":[\"https:\\\/\\\/prochaska.eu\\\/ro\\\/produs\\\/toro-cositoare-cu-seceratoare-titan-hd-1500-myride\\\/\"]}]},{\"@type\":\"ImageObject\",\"inLanguage\":\"ro-RO\",\"@id\":\"https:\\\/\\\/prochaska.eu\\\/ro\\\/produs\\\/toro-cositoare-cu-seceratoare-titan-hd-1500-myride\\\/#primaryimage\",\"url\":\"https:\\\/\\\/prochaska.eu\\\/wp-content\\\/uploads\\\/2024\\\/06\\\/null-wendekreis-sichelmaeher-toro-titan-hd-1500-myride-prochaska.jpg\",\"contentUrl\":\"https:\\\/\\\/prochaska.eu\\\/wp-content\\\/uploads\\\/2024\\\/06\\\/null-wendekreis-sichelmaeher-toro-titan-hd-1500-myride-prochaska.jpg\",\"width\":1440,\"height\":1440},{\"@type\":\"BreadcrumbList\",\"@id\":\"https:\\\/\\\/prochaska.eu\\\/ro\\\/produs\\\/toro-cositoare-cu-seceratoare-titan-hd-1500-myride\\\/#breadcrumb\",\"itemListElement\":[{\"@type\":\"ListItem\",\"position\":1,\"name\":\"Home\",\"item\":\"https:\\\/\\\/prochaska.eu\\\/ro\\\/\"},{\"@type\":\"ListItem\",\"position\":2,\"name\":\"Shop\",\"item\":\"https:\\\/\\\/prochaska.eu\\\/ro\\\/shop\\\/\"},{\"@type\":\"ListItem\",\"position\":3,\"name\":\"Toro &#8211; Cositoare cu secer\u0103toare &#8211; Titan HD 1500 myRide\"}]},{\"@type\":\"WebSite\",\"@id\":\"https:\\\/\\\/prochaska.eu\\\/ro\\\/#website\",\"url\":\"https:\\\/\\\/prochaska.eu\\\/ro\\\/\",\"name\":\"Prochaska\",\"description\":\"Spezialist f\u00fcr Pflege von Gr\u00fcnfl\u00e4chen\",\"publisher\":{\"@id\":\"https:\\\/\\\/prochaska.eu\\\/ro\\\/#organization\"},\"potentialAction\":[{\"@type\":\"SearchAction\",\"target\":{\"@type\":\"EntryPoint\",\"urlTemplate\":\"https:\\\/\\\/prochaska.eu\\\/ro\\\/?s={search_term_string}\"},\"query-input\":{\"@type\":\"PropertyValueSpecification\",\"valueRequired\":true,\"valueName\":\"search_term_string\"}}],\"inLanguage\":\"ro-RO\"},{\"@type\":\"Organization\",\"@id\":\"https:\\\/\\\/prochaska.eu\\\/ro\\\/#organization\",\"name\":\"Prochaska\",\"url\":\"https:\\\/\\\/prochaska.eu\\\/ro\\\/\",\"logo\":{\"@type\":\"ImageObject\",\"inLanguage\":\"ro-RO\",\"@id\":\"https:\\\/\\\/prochaska.eu\\\/ro\\\/#\\\/schema\\\/logo\\\/image\\\/\",\"url\":\"https:\\\/\\\/prochaska.eu\\\/wp-content\\\/uploads\\\/2024\\\/04\\\/Prochaska_Logo_Black-1.png\",\"contentUrl\":\"https:\\\/\\\/prochaska.eu\\\/wp-content\\\/uploads\\\/2024\\\/04\\\/Prochaska_Logo_Black-1.png\",\"width\":796,\"height\":236,\"caption\":\"Prochaska\"},\"image\":{\"@id\":\"https:\\\/\\\/prochaska.eu\\\/ro\\\/#\\\/schema\\\/logo\\\/image\\\/\"},\"sameAs\":[\"https:\\\/\\\/www.facebook.com\\\/prochaska.eu\\\/\",\"https:\\\/\\\/www.instagram.com\\\/prochaska.eu\\\/\",\"https:\\\/\\\/www.linkedin.com\\\/company\\\/prochaska-handels-gmbh\"]}]}<\/script>\n<!-- \/ Yoast SEO plugin. -->","yoast_head_json":{"title":"Toro - Cositoare cu secer\u0103toare - Titan HD 1500 myRide - Prochaska","robots":{"index":"index","follow":"follow","max-snippet":"max-snippet:-1","max-image-preview":"max-image-preview:large","max-video-preview":"max-video-preview:-1"},"canonical":"https:\/\/prochaska.eu\/ro\/produs\/toro-cositoare-cu-seceratoare-titan-hd-1500-myride\/","og_locale":"ro_RO","og_type":"article","og_title":"Toro - Cositoare cu secer\u0103toare - Titan HD 1500 myRide - Prochaska","og_description":"Seria TITAN HD 1500 myRide de motocoase rotative cu tura\u021bie zero de la Toro ofer\u0103 durabilitate, rezultate profesionale \u0219i performan\u021b\u0103 la o valoare excep\u021bional\u0103. Se face o distinc\u021bie \u00eentre dou\u0103 modele: Unul este Titan HD 1500 myRide de 122 cm l\u0103\u021bime de t\u0103iere \u0219i cel\u0103lalt este Titan HD 1500 myRide de 132 cm l\u0103\u021bime de t\u0103iere.","og_url":"https:\/\/prochaska.eu\/ro\/produs\/toro-cositoare-cu-seceratoare-titan-hd-1500-myride\/","og_site_name":"Prochaska","article_publisher":"https:\/\/www.facebook.com\/prochaska.eu\/","og_image":[{"width":1440,"height":1440,"url":"https:\/\/prochaska.eu\/wp-content\/uploads\/2024\/06\/null-wendekreis-sichelmaeher-toro-titan-hd-1500-myride-prochaska.jpg","type":"image\/jpeg"}],"twitter_card":"summary_large_image","twitter_misc":{"Timp estimat pentru citire":"1 minut"},"schema":{"@context":"https:\/\/schema.org","@graph":[{"@type":"WebPage","@id":"https:\/\/prochaska.eu\/ro\/produs\/toro-cositoare-cu-seceratoare-titan-hd-1500-myride\/","url":"https:\/\/prochaska.eu\/ro\/produs\/toro-cositoare-cu-seceratoare-titan-hd-1500-myride\/","name":"Toro - Cositoare cu secer\u0103toare - Titan HD 1500 myRide - Prochaska","isPartOf":{"@id":"https:\/\/prochaska.eu\/ro\/#website"},"primaryImageOfPage":{"@id":"https:\/\/prochaska.eu\/ro\/produs\/toro-cositoare-cu-seceratoare-titan-hd-1500-myride\/#primaryimage"},"image":{"@id":"https:\/\/prochaska.eu\/ro\/produs\/toro-cositoare-cu-seceratoare-titan-hd-1500-myride\/#primaryimage"},"thumbnailUrl":"https:\/\/prochaska.eu\/wp-content\/uploads\/2024\/06\/null-wendekreis-sichelmaeher-toro-titan-hd-1500-myride-prochaska.jpg","datePublished":"2020-09-02T08:54:37+00:00","breadcrumb":{"@id":"https:\/\/prochaska.eu\/ro\/produs\/toro-cositoare-cu-seceratoare-titan-hd-1500-myride\/#breadcrumb"},"inLanguage":"ro-RO","potentialAction":[{"@type":"ReadAction","target":["https:\/\/prochaska.eu\/ro\/produs\/toro-cositoare-cu-seceratoare-titan-hd-1500-myride\/"]}]},{"@type":"ImageObject","inLanguage":"ro-RO","@id":"https:\/\/prochaska.eu\/ro\/produs\/toro-cositoare-cu-seceratoare-titan-hd-1500-myride\/#primaryimage","url":"https:\/\/prochaska.eu\/wp-content\/uploads\/2024\/06\/null-wendekreis-sichelmaeher-toro-titan-hd-1500-myride-prochaska.jpg","contentUrl":"https:\/\/prochaska.eu\/wp-content\/uploads\/2024\/06\/null-wendekreis-sichelmaeher-toro-titan-hd-1500-myride-prochaska.jpg","width":1440,"height":1440},{"@type":"BreadcrumbList","@id":"https:\/\/prochaska.eu\/ro\/produs\/toro-cositoare-cu-seceratoare-titan-hd-1500-myride\/#breadcrumb","itemListElement":[{"@type":"ListItem","position":1,"name":"Home","item":"https:\/\/prochaska.eu\/ro\/"},{"@type":"ListItem","position":2,"name":"Shop","item":"https:\/\/prochaska.eu\/ro\/shop\/"},{"@type":"ListItem","position":3,"name":"Toro &#8211; Cositoare cu secer\u0103toare &#8211; Titan HD 1500 myRide"}]},{"@type":"WebSite","@id":"https:\/\/prochaska.eu\/ro\/#website","url":"https:\/\/prochaska.eu\/ro\/","name":"Prochaska","description":"Spezialist f\u00fcr Pflege von Gr\u00fcnfl\u00e4chen","publisher":{"@id":"https:\/\/prochaska.eu\/ro\/#organization"},"potentialAction":[{"@type":"SearchAction","target":{"@type":"EntryPoint","urlTemplate":"https:\/\/prochaska.eu\/ro\/?s={search_term_string}"},"query-input":{"@type":"PropertyValueSpecification","valueRequired":true,"valueName":"search_term_string"}}],"inLanguage":"ro-RO"},{"@type":"Organization","@id":"https:\/\/prochaska.eu\/ro\/#organization","name":"Prochaska","url":"https:\/\/prochaska.eu\/ro\/","logo":{"@type":"ImageObject","inLanguage":"ro-RO","@id":"https:\/\/prochaska.eu\/ro\/#\/schema\/logo\/image\/","url":"https:\/\/prochaska.eu\/wp-content\/uploads\/2024\/04\/Prochaska_Logo_Black-1.png","contentUrl":"https:\/\/prochaska.eu\/wp-content\/uploads\/2024\/04\/Prochaska_Logo_Black-1.png","width":796,"height":236,"caption":"Prochaska"},"image":{"@id":"https:\/\/prochaska.eu\/ro\/#\/schema\/logo\/image\/"},"sameAs":["https:\/\/www.facebook.com\/prochaska.eu\/","https:\/\/www.instagram.com\/prochaska.eu\/","https:\/\/www.linkedin.com\/company\/prochaska-handels-gmbh"]}]}},"brands":[{"id":3073,"name":"Toro","slug":"toro-ro"}],"_links":{"self":[{"href":"https:\/\/prochaska.eu\/ro\/wp-json\/wp\/v2\/product\/25321","targetHints":{"allow":["GET"]}}],"collection":[{"href":"https:\/\/prochaska.eu\/ro\/wp-json\/wp\/v2\/product"}],"about":[{"href":"https:\/\/prochaska.eu\/ro\/wp-json\/wp\/v2\/types\/product"}],"version-history":[{"count":0,"href":"https:\/\/prochaska.eu\/ro\/wp-json\/wp\/v2\/product\/25321\/revisions"}],"wp:featuredmedia":[{"embeddable":true,"href":"https:\/\/prochaska.eu\/ro\/wp-json\/wp\/v2\/media\/22320"}],"wp:attachment":[{"href":"https:\/\/prochaska.eu\/ro\/wp-json\/wp\/v2\/media?parent=25321"}],"wp:term":[{"taxonomy":"pwb-brand","embeddable":true,"href":"https:\/\/prochaska.eu\/ro\/wp-json\/wp\/v2\/pwb-brand?post=25321"},{"taxonomy":"product_brand","embeddable":true,"href":"https:\/\/prochaska.eu\/ro\/wp-json\/wp\/v2\/product_brand?post=25321"},{"taxonomy":"product_cat","embeddable":true,"href":"https:\/\/prochaska.eu\/ro\/wp-json\/wp\/v2\/product_cat?post=25321"},{"taxonomy":"product_tag","embeddable":true,"href":"https:\/\/prochaska.eu\/ro\/wp-json\/wp\/v2\/product_tag?post=25321"}],"curies":[{"name":"wp","href":"https:\/\/api.w.org\/{rel}","templated":true}]}}