{"id":25333,"date":"2020-09-02T07:51:28","date_gmt":"2020-09-02T07:51:28","guid":{"rendered":"https:\/\/prochaska.eu\/product\/toro-cositoare-cu-seceratoare-z-master-professional-8000\/"},"modified":"2020-09-02T07:51:28","modified_gmt":"2020-09-02T07:51:28","slug":"toro-cositoare-cu-seceratoare-z-master-professional-8000","status":"publish","type":"product","link":"https:\/\/prochaska.eu\/ro\/produs\/toro-cositoare-cu-seceratoare-z-master-professional-8000\/","title":{"rendered":"Toro &#8211; Cositoare cu secer\u0103toare &#8211; Z-Master Professional 8000"},"content":{"rendered":"<p style=\"text-align: left;\">Cu cositoarea rotativ\u0103 cu cerc de \u00eentoarcere zero Z-Master 8000 de la <a href=\"https:\/\/www.prochaska.eu\/toro\/\">Toro<\/a>, cositoarea cu evacuare din spate poate fi utilizat\u0103 pentru a cosi pe ambele p\u0103r\u021bi, astfel \u00eenc\u00e2t s\u0103 nu cad\u0103 resturi pe straturile de flori sau pe trotuare. Sistemul de colectare mare (bunc\u0103r de 345 de litri) reduce golirea \u0219i asigur\u0103 o colectare mai lung\u0103 a resturilor. Cu viteze de deplasare de p\u00e2n\u0103 la 8 km\/h, seria 8000 este solu\u021bia pentru o t\u0103iere perfect\u0103 \u00een mai pu\u021bin timp. Cositoarea rotativ\u0103 Z-Master 8000 este echipat\u0103 cu un motor Kohler\u00ae Command PRO de 15,3 kW (20,5 CP), 640 cc \u0219i are o l\u0103\u021bime de t\u0103iere de 122 cm. Comenzile intuitive fac manevrele aproape f\u0103r\u0103 efort.<\/p>\n<h2>AVANTAJELE PRODUSULUI<\/h2>\n<ul>\n<li>L\u0103\u021bime de t\u0103iere 122 cm<\/li>\n<li>Sistemul mare de co\u0219uri de prindere prelunge\u0219te timpul de cosire<\/li>\n<li>Tunderea pe ambele p\u0103r\u021bi cu cositoare cu evacuare din spate<\/li>\n<li>U\u0219or de utilizat<\/li>\n<\/ul>\n<h2>ACCESORII<\/h2>\n<ul>\n<li>Roll bar pentru Z-Master Professional 8000 (78559)<\/li>\n<\/ul>\n","protected":false},"excerpt":{"rendered":"<p>Cu cositoarea rotativ\u0103 cu cerc de \u00eentoarcere zero Z-Master 8000 de la <a href=\"https:\/\/www.prochaska.eu\/toro\/\">Toro<\/a>, cositoarea cu evacuare din spate poate fi utilizat\u0103 pentru a cosi pe ambele p\u0103r\u021bi, astfel \u00eenc\u00e2t s\u0103 nu cad\u0103 resturi pe straturile de flori sau pe trotuare. Sistemul de colectare mare (bunc\u0103r de 345 de litri) reduce golirea \u0219i asigur\u0103 o colectare mai lung\u0103 a resturilor.<\/p>\n","protected":false},"featured_media":22311,"template":"","meta":[],"pwb-brand":[3073],"product_brand":[],"product_cat":[1522,1523,1388,1521],"product_tag":[],"class_list":{"0":"post-25333","1":"product","2":"type-product","3":"status-publish","4":"has-post-thumbnail","6":"pwb-brand-toro-ro","7":"product_cat-cositoare","8":"product_cat-cositoare-ro","9":"product_cat-masini-de-golf","10":"product_cat-municipal-terenuri-de-sport-si-agricultura","12":"first","13":"instock","14":"taxable","15":"shipping-taxable","16":"product-type-simple"},"yoast_head":"<!-- This site is optimized with the Yoast SEO plugin v27.4 - https:\/\/yoast.com\/product\/yoast-seo-wordpress\/ -->\n<title>Toro - Cositoare cu secer\u0103toare - Z-Master Professional 8000 - Prochaska<\/title>\n<meta name=\"robots\" content=\"index, follow, max-snippet:-1, max-image-preview:large, max-video-preview:-1\" \/>\n<link rel=\"canonical\" href=\"https:\/\/prochaska.eu\/ro\/produs\/toro-cositoare-cu-seceratoare-z-master-professional-8000\/\" \/>\n<meta property=\"og:locale\" content=\"ro_RO\" \/>\n<meta property=\"og:type\" content=\"article\" \/>\n<meta property=\"og:title\" content=\"Toro - Cositoare cu secer\u0103toare - Z-Master Professional 8000 - Prochaska\" \/>\n<meta property=\"og:description\" content=\"Cu cositoarea rotativ\u0103 cu cerc de \u00eentoarcere zero Z-Master 8000 de la Toro, cositoarea cu evacuare din spate poate fi utilizat\u0103 pentru a cosi pe ambele p\u0103r\u021bi, astfel \u00eenc\u00e2t s\u0103 nu cad\u0103 resturi pe straturile de flori sau pe trotuare. Sistemul de colectare mare (bunc\u0103r de 345 de litri) reduce golirea \u0219i asigur\u0103 o colectare mai lung\u0103 a resturilor.\" \/>\n<meta property=\"og:url\" content=\"https:\/\/prochaska.eu\/ro\/produs\/toro-cositoare-cu-seceratoare-z-master-professional-8000\/\" \/>\n<meta property=\"og:site_name\" content=\"Prochaska\" \/>\n<meta property=\"article:publisher\" content=\"https:\/\/www.facebook.com\/prochaska.eu\/\" \/>\n<meta property=\"og:image\" content=\"https:\/\/prochaska.eu\/wp-content\/uploads\/2024\/06\/sichelmaeher-toro-zmaster-professional8000-prochaska.jpg\" \/>\n\t<meta property=\"og:image:width\" content=\"1440\" \/>\n\t<meta property=\"og:image:height\" content=\"1440\" \/>\n\t<meta property=\"og:image:type\" content=\"image\/jpeg\" \/>\n<meta name=\"twitter:card\" content=\"summary_large_image\" \/>\n<meta name=\"twitter:label1\" content=\"Timp estimat pentru citire\" \/>\n\t<meta name=\"twitter:data1\" content=\"1 minut\" \/>\n<script type=\"application\/ld+json\" class=\"yoast-schema-graph\">{\"@context\":\"https:\\\/\\\/schema.org\",\"@graph\":[{\"@type\":\"WebPage\",\"@id\":\"https:\\\/\\\/prochaska.eu\\\/ro\\\/produs\\\/toro-cositoare-cu-seceratoare-z-master-professional-8000\\\/\",\"url\":\"https:\\\/\\\/prochaska.eu\\\/ro\\\/produs\\\/toro-cositoare-cu-seceratoare-z-master-professional-8000\\\/\",\"name\":\"Toro - Cositoare cu secer\u0103toare - Z-Master Professional 8000 - Prochaska\",\"isPartOf\":{\"@id\":\"https:\\\/\\\/prochaska.eu\\\/ro\\\/#website\"},\"primaryImageOfPage\":{\"@id\":\"https:\\\/\\\/prochaska.eu\\\/ro\\\/produs\\\/toro-cositoare-cu-seceratoare-z-master-professional-8000\\\/#primaryimage\"},\"image\":{\"@id\":\"https:\\\/\\\/prochaska.eu\\\/ro\\\/produs\\\/toro-cositoare-cu-seceratoare-z-master-professional-8000\\\/#primaryimage\"},\"thumbnailUrl\":\"https:\\\/\\\/prochaska.eu\\\/wp-content\\\/uploads\\\/2024\\\/06\\\/sichelmaeher-toro-zmaster-professional8000-prochaska.jpg\",\"datePublished\":\"2020-09-02T07:51:28+00:00\",\"breadcrumb\":{\"@id\":\"https:\\\/\\\/prochaska.eu\\\/ro\\\/produs\\\/toro-cositoare-cu-seceratoare-z-master-professional-8000\\\/#breadcrumb\"},\"inLanguage\":\"ro-RO\",\"potentialAction\":[{\"@type\":\"ReadAction\",\"target\":[\"https:\\\/\\\/prochaska.eu\\\/ro\\\/produs\\\/toro-cositoare-cu-seceratoare-z-master-professional-8000\\\/\"]}]},{\"@type\":\"ImageObject\",\"inLanguage\":\"ro-RO\",\"@id\":\"https:\\\/\\\/prochaska.eu\\\/ro\\\/produs\\\/toro-cositoare-cu-seceratoare-z-master-professional-8000\\\/#primaryimage\",\"url\":\"https:\\\/\\\/prochaska.eu\\\/wp-content\\\/uploads\\\/2024\\\/06\\\/sichelmaeher-toro-zmaster-professional8000-prochaska.jpg\",\"contentUrl\":\"https:\\\/\\\/prochaska.eu\\\/wp-content\\\/uploads\\\/2024\\\/06\\\/sichelmaeher-toro-zmaster-professional8000-prochaska.jpg\",\"width\":1440,\"height\":1440},{\"@type\":\"BreadcrumbList\",\"@id\":\"https:\\\/\\\/prochaska.eu\\\/ro\\\/produs\\\/toro-cositoare-cu-seceratoare-z-master-professional-8000\\\/#breadcrumb\",\"itemListElement\":[{\"@type\":\"ListItem\",\"position\":1,\"name\":\"Home\",\"item\":\"https:\\\/\\\/prochaska.eu\\\/ro\\\/\"},{\"@type\":\"ListItem\",\"position\":2,\"name\":\"Shop\",\"item\":\"https:\\\/\\\/prochaska.eu\\\/ro\\\/shop\\\/\"},{\"@type\":\"ListItem\",\"position\":3,\"name\":\"Toro &#8211; Cositoare cu secer\u0103toare &#8211; Z-Master Professional 8000\"}]},{\"@type\":\"WebSite\",\"@id\":\"https:\\\/\\\/prochaska.eu\\\/ro\\\/#website\",\"url\":\"https:\\\/\\\/prochaska.eu\\\/ro\\\/\",\"name\":\"Prochaska\",\"description\":\"Spezialist f\u00fcr Pflege von Gr\u00fcnfl\u00e4chen\",\"publisher\":{\"@id\":\"https:\\\/\\\/prochaska.eu\\\/ro\\\/#organization\"},\"potentialAction\":[{\"@type\":\"SearchAction\",\"target\":{\"@type\":\"EntryPoint\",\"urlTemplate\":\"https:\\\/\\\/prochaska.eu\\\/ro\\\/?s={search_term_string}\"},\"query-input\":{\"@type\":\"PropertyValueSpecification\",\"valueRequired\":true,\"valueName\":\"search_term_string\"}}],\"inLanguage\":\"ro-RO\"},{\"@type\":\"Organization\",\"@id\":\"https:\\\/\\\/prochaska.eu\\\/ro\\\/#organization\",\"name\":\"Prochaska\",\"url\":\"https:\\\/\\\/prochaska.eu\\\/ro\\\/\",\"logo\":{\"@type\":\"ImageObject\",\"inLanguage\":\"ro-RO\",\"@id\":\"https:\\\/\\\/prochaska.eu\\\/ro\\\/#\\\/schema\\\/logo\\\/image\\\/\",\"url\":\"https:\\\/\\\/prochaska.eu\\\/wp-content\\\/uploads\\\/2024\\\/04\\\/Prochaska_Logo_Black-1.png\",\"contentUrl\":\"https:\\\/\\\/prochaska.eu\\\/wp-content\\\/uploads\\\/2024\\\/04\\\/Prochaska_Logo_Black-1.png\",\"width\":796,\"height\":236,\"caption\":\"Prochaska\"},\"image\":{\"@id\":\"https:\\\/\\\/prochaska.eu\\\/ro\\\/#\\\/schema\\\/logo\\\/image\\\/\"},\"sameAs\":[\"https:\\\/\\\/www.facebook.com\\\/prochaska.eu\\\/\",\"https:\\\/\\\/www.instagram.com\\\/prochaska.eu\\\/\",\"https:\\\/\\\/www.linkedin.com\\\/company\\\/prochaska-handels-gmbh\"]}]}<\/script>\n<!-- \/ Yoast SEO plugin. -->","yoast_head_json":{"title":"Toro - Cositoare cu secer\u0103toare - Z-Master Professional 8000 - Prochaska","robots":{"index":"index","follow":"follow","max-snippet":"max-snippet:-1","max-image-preview":"max-image-preview:large","max-video-preview":"max-video-preview:-1"},"canonical":"https:\/\/prochaska.eu\/ro\/produs\/toro-cositoare-cu-seceratoare-z-master-professional-8000\/","og_locale":"ro_RO","og_type":"article","og_title":"Toro - Cositoare cu secer\u0103toare - Z-Master Professional 8000 - Prochaska","og_description":"Cu cositoarea rotativ\u0103 cu cerc de \u00eentoarcere zero Z-Master 8000 de la Toro, cositoarea cu evacuare din spate poate fi utilizat\u0103 pentru a cosi pe ambele p\u0103r\u021bi, astfel \u00eenc\u00e2t s\u0103 nu cad\u0103 resturi pe straturile de flori sau pe trotuare. Sistemul de colectare mare (bunc\u0103r de 345 de litri) reduce golirea \u0219i asigur\u0103 o colectare mai lung\u0103 a resturilor.","og_url":"https:\/\/prochaska.eu\/ro\/produs\/toro-cositoare-cu-seceratoare-z-master-professional-8000\/","og_site_name":"Prochaska","article_publisher":"https:\/\/www.facebook.com\/prochaska.eu\/","og_image":[{"width":1440,"height":1440,"url":"https:\/\/prochaska.eu\/wp-content\/uploads\/2024\/06\/sichelmaeher-toro-zmaster-professional8000-prochaska.jpg","type":"image\/jpeg"}],"twitter_card":"summary_large_image","twitter_misc":{"Timp estimat pentru citire":"1 minut"},"schema":{"@context":"https:\/\/schema.org","@graph":[{"@type":"WebPage","@id":"https:\/\/prochaska.eu\/ro\/produs\/toro-cositoare-cu-seceratoare-z-master-professional-8000\/","url":"https:\/\/prochaska.eu\/ro\/produs\/toro-cositoare-cu-seceratoare-z-master-professional-8000\/","name":"Toro - Cositoare cu secer\u0103toare - Z-Master Professional 8000 - Prochaska","isPartOf":{"@id":"https:\/\/prochaska.eu\/ro\/#website"},"primaryImageOfPage":{"@id":"https:\/\/prochaska.eu\/ro\/produs\/toro-cositoare-cu-seceratoare-z-master-professional-8000\/#primaryimage"},"image":{"@id":"https:\/\/prochaska.eu\/ro\/produs\/toro-cositoare-cu-seceratoare-z-master-professional-8000\/#primaryimage"},"thumbnailUrl":"https:\/\/prochaska.eu\/wp-content\/uploads\/2024\/06\/sichelmaeher-toro-zmaster-professional8000-prochaska.jpg","datePublished":"2020-09-02T07:51:28+00:00","breadcrumb":{"@id":"https:\/\/prochaska.eu\/ro\/produs\/toro-cositoare-cu-seceratoare-z-master-professional-8000\/#breadcrumb"},"inLanguage":"ro-RO","potentialAction":[{"@type":"ReadAction","target":["https:\/\/prochaska.eu\/ro\/produs\/toro-cositoare-cu-seceratoare-z-master-professional-8000\/"]}]},{"@type":"ImageObject","inLanguage":"ro-RO","@id":"https:\/\/prochaska.eu\/ro\/produs\/toro-cositoare-cu-seceratoare-z-master-professional-8000\/#primaryimage","url":"https:\/\/prochaska.eu\/wp-content\/uploads\/2024\/06\/sichelmaeher-toro-zmaster-professional8000-prochaska.jpg","contentUrl":"https:\/\/prochaska.eu\/wp-content\/uploads\/2024\/06\/sichelmaeher-toro-zmaster-professional8000-prochaska.jpg","width":1440,"height":1440},{"@type":"BreadcrumbList","@id":"https:\/\/prochaska.eu\/ro\/produs\/toro-cositoare-cu-seceratoare-z-master-professional-8000\/#breadcrumb","itemListElement":[{"@type":"ListItem","position":1,"name":"Home","item":"https:\/\/prochaska.eu\/ro\/"},{"@type":"ListItem","position":2,"name":"Shop","item":"https:\/\/prochaska.eu\/ro\/shop\/"},{"@type":"ListItem","position":3,"name":"Toro &#8211; Cositoare cu secer\u0103toare &#8211; Z-Master Professional 8000"}]},{"@type":"WebSite","@id":"https:\/\/prochaska.eu\/ro\/#website","url":"https:\/\/prochaska.eu\/ro\/","name":"Prochaska","description":"Spezialist f\u00fcr Pflege von Gr\u00fcnfl\u00e4chen","publisher":{"@id":"https:\/\/prochaska.eu\/ro\/#organization"},"potentialAction":[{"@type":"SearchAction","target":{"@type":"EntryPoint","urlTemplate":"https:\/\/prochaska.eu\/ro\/?s={search_term_string}"},"query-input":{"@type":"PropertyValueSpecification","valueRequired":true,"valueName":"search_term_string"}}],"inLanguage":"ro-RO"},{"@type":"Organization","@id":"https:\/\/prochaska.eu\/ro\/#organization","name":"Prochaska","url":"https:\/\/prochaska.eu\/ro\/","logo":{"@type":"ImageObject","inLanguage":"ro-RO","@id":"https:\/\/prochaska.eu\/ro\/#\/schema\/logo\/image\/","url":"https:\/\/prochaska.eu\/wp-content\/uploads\/2024\/04\/Prochaska_Logo_Black-1.png","contentUrl":"https:\/\/prochaska.eu\/wp-content\/uploads\/2024\/04\/Prochaska_Logo_Black-1.png","width":796,"height":236,"caption":"Prochaska"},"image":{"@id":"https:\/\/prochaska.eu\/ro\/#\/schema\/logo\/image\/"},"sameAs":["https:\/\/www.facebook.com\/prochaska.eu\/","https:\/\/www.instagram.com\/prochaska.eu\/","https:\/\/www.linkedin.com\/company\/prochaska-handels-gmbh"]}]}},"brands":[{"id":3073,"name":"Toro","slug":"toro-ro"}],"_links":{"self":[{"href":"https:\/\/prochaska.eu\/ro\/wp-json\/wp\/v2\/product\/25333","targetHints":{"allow":["GET"]}}],"collection":[{"href":"https:\/\/prochaska.eu\/ro\/wp-json\/wp\/v2\/product"}],"about":[{"href":"https:\/\/prochaska.eu\/ro\/wp-json\/wp\/v2\/types\/product"}],"version-history":[{"count":0,"href":"https:\/\/prochaska.eu\/ro\/wp-json\/wp\/v2\/product\/25333\/revisions"}],"wp:featuredmedia":[{"embeddable":true,"href":"https:\/\/prochaska.eu\/ro\/wp-json\/wp\/v2\/media\/22311"}],"wp:attachment":[{"href":"https:\/\/prochaska.eu\/ro\/wp-json\/wp\/v2\/media?parent=25333"}],"wp:term":[{"taxonomy":"pwb-brand","embeddable":true,"href":"https:\/\/prochaska.eu\/ro\/wp-json\/wp\/v2\/pwb-brand?post=25333"},{"taxonomy":"product_brand","embeddable":true,"href":"https:\/\/prochaska.eu\/ro\/wp-json\/wp\/v2\/product_brand?post=25333"},{"taxonomy":"product_cat","embeddable":true,"href":"https:\/\/prochaska.eu\/ro\/wp-json\/wp\/v2\/product_cat?post=25333"},{"taxonomy":"product_tag","embeddable":true,"href":"https:\/\/prochaska.eu\/ro\/wp-json\/wp\/v2\/product_tag?post=25333"}],"curies":[{"name":"wp","href":"https:\/\/api.w.org\/{rel}","templated":true}]}}