{"id":25341,"date":"2020-09-07T08:39:43","date_gmt":"2020-09-07T08:39:43","guid":{"rendered":"https:\/\/prochaska.eu\/product\/toro-cositoare-cu-seceratoare-groundsmaster-7210\/"},"modified":"2020-09-07T08:39:43","modified_gmt":"2020-09-07T08:39:43","slug":"toro-cositoare-cu-seceratoare-groundsmaster-7210","status":"publish","type":"product","link":"https:\/\/prochaska.eu\/ro\/produs\/toro-cositoare-cu-seceratoare-groundsmaster-7210\/","title":{"rendered":"Toro &#8211; Cositoare cu secer\u0103toare &#8211; Groundsmaster 7210"},"content":{"rendered":"<p style=\"text-align: left;\">Cositoarele rotative cu tura\u021bie zero din seria Groundsmaster 7210 de la <a href=\"https:\/\/www.prochaska.eu\/toro\/\">Toro<\/a> sunt extrem de robuste \u0219i sunt echipate cu motoare diesel puternice Kubota cu trei cilindri, r\u0103cite cu ap\u0103, cu 26 kW (35 CP) pentru orice situa\u021bie. Cu platforma de cosit sudat\u0103 din tabl\u0103 de o\u021bel de 4,5 mm, cei mai rezisten\u021bi rulmen\u021bi ai lamei din industrie \u0219i cositoarele ac\u021bionate de PTO, aceste Groundsmaster 7210 sunt imbatabile.<\/p>\n<p style=\"text-align: left;\">Se face o distinc\u021bie \u00eentre trei modele:<br \/>\n1) Groundsmaster 7210, l\u0103\u021bime de t\u0103iere 157 cm, cositoare de baz\u0103;<br \/>\n2) Groundsmaster 7210, l\u0103\u021bime de t\u0103iere 183 cm, cositoare de baz\u0103;<br \/>\n3) Groundsmaster 7210, l\u0103\u021bime de t\u0103iere 183 cm, cositoare cu evacuare lateral\u0103<\/p>\n<h2>AVANTAJELE PRODUSULUI<\/h2>\n<ul>\n<li>Motor turbo diesel Kubota<\/li>\n<li>Cositoare cu furc\u0103 cu direc\u021bie blindat\u0103 \u0219i raz\u0103 de \u00eentoarcere de 0\u00b0<\/li>\n<li>Inclusiv scaun, cotiere \u0219i protec\u021bie la r\u0103sturnare<\/li>\n<li>L\u0103\u021bime de t\u0103iere de la 157 cm la 183 cm (\u00een func\u021bie de model)<\/li>\n<\/ul>\n<h2>ACCESORII OP\u021aIONALE<\/h2>\n<ul>\n<li>Kit lumin\u0103 (31508)<\/li>\n<li>Set ap\u0103r\u0103toare de noroi (117-9170)<\/li>\n<li>Suport Z (faciliteaz\u0103 cur\u0103\u021barea ma\u0219inii de tuns iarba) (30483)<\/li>\n<li>Acoperi\u0219 de soare &#8211; CE (30671)<\/li>\n<li>Sistem hidraulic spate Quick Attach (30812)<\/li>\n<li>Suport de greutate fa\u021b\u0103 (114-4090)<\/li>\n<li>Greutate fa\u021b\u0103 (3 x necesare pentru QAS) (114-4096)<\/li>\n<\/ul>\n","protected":false},"excerpt":{"rendered":"<p>Cositoarele rotative cu tura\u021bie zero din seria Groundsmaster 7210 de la <a href=\"https:\/\/www.prochaska.eu\/toro\/\">Toro<\/a> sunt extrem de robuste \u0219i sunt echipate cu motoare diesel puternice Kubota cu trei cilindri, r\u0103cite cu ap\u0103, cu 26 kW (35 CP) pentru orice situa\u021bie.<\/p>\n","protected":false},"featured_media":22326,"template":"","meta":[],"pwb-brand":[3073],"product_brand":[],"product_cat":[1522,1523,1388,1521],"product_tag":[],"class_list":{"0":"post-25341","1":"product","2":"type-product","3":"status-publish","4":"has-post-thumbnail","6":"pwb-brand-toro-ro","7":"product_cat-cositoare","8":"product_cat-cositoare-ro","9":"product_cat-masini-de-golf","10":"product_cat-municipal-terenuri-de-sport-si-agricultura","12":"first","13":"instock","14":"taxable","15":"shipping-taxable","16":"product-type-simple"},"yoast_head":"<!-- This site is optimized with the Yoast SEO plugin v27.4 - https:\/\/yoast.com\/product\/yoast-seo-wordpress\/ -->\n<title>Toro - Cositoare cu secer\u0103toare - Groundsmaster 7210 - Prochaska<\/title>\n<meta name=\"robots\" content=\"index, follow, max-snippet:-1, max-image-preview:large, max-video-preview:-1\" \/>\n<link rel=\"canonical\" href=\"https:\/\/prochaska.eu\/ro\/produs\/toro-cositoare-cu-seceratoare-groundsmaster-7210\/\" \/>\n<meta property=\"og:locale\" content=\"ro_RO\" \/>\n<meta property=\"og:type\" content=\"article\" \/>\n<meta property=\"og:title\" content=\"Toro - Cositoare cu secer\u0103toare - Groundsmaster 7210 - Prochaska\" \/>\n<meta property=\"og:description\" content=\"Cositoarele rotative cu tura\u021bie zero din seria Groundsmaster 7210 de la Toro sunt extrem de robuste \u0219i sunt echipate cu motoare diesel puternice Kubota cu trei cilindri, r\u0103cite cu ap\u0103, cu 26 kW (35 CP) pentru orice situa\u021bie.\" \/>\n<meta property=\"og:url\" content=\"https:\/\/prochaska.eu\/ro\/produs\/toro-cositoare-cu-seceratoare-groundsmaster-7210\/\" \/>\n<meta property=\"og:site_name\" content=\"Prochaska\" \/>\n<meta property=\"article:publisher\" content=\"https:\/\/www.facebook.com\/prochaska.eu\/\" \/>\n<meta property=\"og:image\" content=\"https:\/\/prochaska.eu\/wp-content\/uploads\/2024\/06\/sichelmaeher-goundsmaster-7210-prochaska-b1.jpg\" \/>\n\t<meta property=\"og:image:width\" content=\"1440\" \/>\n\t<meta property=\"og:image:height\" content=\"1440\" \/>\n\t<meta property=\"og:image:type\" content=\"image\/jpeg\" \/>\n<meta name=\"twitter:card\" content=\"summary_large_image\" \/>\n<meta name=\"twitter:label1\" content=\"Timp estimat pentru citire\" \/>\n\t<meta name=\"twitter:data1\" content=\"1 minut\" \/>\n<script type=\"application\/ld+json\" class=\"yoast-schema-graph\">{\"@context\":\"https:\\\/\\\/schema.org\",\"@graph\":[{\"@type\":\"WebPage\",\"@id\":\"https:\\\/\\\/prochaska.eu\\\/ro\\\/produs\\\/toro-cositoare-cu-seceratoare-groundsmaster-7210\\\/\",\"url\":\"https:\\\/\\\/prochaska.eu\\\/ro\\\/produs\\\/toro-cositoare-cu-seceratoare-groundsmaster-7210\\\/\",\"name\":\"Toro - Cositoare cu secer\u0103toare - Groundsmaster 7210 - Prochaska\",\"isPartOf\":{\"@id\":\"https:\\\/\\\/prochaska.eu\\\/ro\\\/#website\"},\"primaryImageOfPage\":{\"@id\":\"https:\\\/\\\/prochaska.eu\\\/ro\\\/produs\\\/toro-cositoare-cu-seceratoare-groundsmaster-7210\\\/#primaryimage\"},\"image\":{\"@id\":\"https:\\\/\\\/prochaska.eu\\\/ro\\\/produs\\\/toro-cositoare-cu-seceratoare-groundsmaster-7210\\\/#primaryimage\"},\"thumbnailUrl\":\"https:\\\/\\\/prochaska.eu\\\/wp-content\\\/uploads\\\/2024\\\/06\\\/sichelmaeher-goundsmaster-7210-prochaska-b1.jpg\",\"datePublished\":\"2020-09-07T08:39:43+00:00\",\"breadcrumb\":{\"@id\":\"https:\\\/\\\/prochaska.eu\\\/ro\\\/produs\\\/toro-cositoare-cu-seceratoare-groundsmaster-7210\\\/#breadcrumb\"},\"inLanguage\":\"ro-RO\",\"potentialAction\":[{\"@type\":\"ReadAction\",\"target\":[\"https:\\\/\\\/prochaska.eu\\\/ro\\\/produs\\\/toro-cositoare-cu-seceratoare-groundsmaster-7210\\\/\"]}]},{\"@type\":\"ImageObject\",\"inLanguage\":\"ro-RO\",\"@id\":\"https:\\\/\\\/prochaska.eu\\\/ro\\\/produs\\\/toro-cositoare-cu-seceratoare-groundsmaster-7210\\\/#primaryimage\",\"url\":\"https:\\\/\\\/prochaska.eu\\\/wp-content\\\/uploads\\\/2024\\\/06\\\/sichelmaeher-goundsmaster-7210-prochaska-b1.jpg\",\"contentUrl\":\"https:\\\/\\\/prochaska.eu\\\/wp-content\\\/uploads\\\/2024\\\/06\\\/sichelmaeher-goundsmaster-7210-prochaska-b1.jpg\",\"width\":1440,\"height\":1440},{\"@type\":\"BreadcrumbList\",\"@id\":\"https:\\\/\\\/prochaska.eu\\\/ro\\\/produs\\\/toro-cositoare-cu-seceratoare-groundsmaster-7210\\\/#breadcrumb\",\"itemListElement\":[{\"@type\":\"ListItem\",\"position\":1,\"name\":\"Home\",\"item\":\"https:\\\/\\\/prochaska.eu\\\/ro\\\/\"},{\"@type\":\"ListItem\",\"position\":2,\"name\":\"Shop\",\"item\":\"https:\\\/\\\/prochaska.eu\\\/ro\\\/shop\\\/\"},{\"@type\":\"ListItem\",\"position\":3,\"name\":\"Toro &#8211; Cositoare cu secer\u0103toare &#8211; Groundsmaster 7210\"}]},{\"@type\":\"WebSite\",\"@id\":\"https:\\\/\\\/prochaska.eu\\\/ro\\\/#website\",\"url\":\"https:\\\/\\\/prochaska.eu\\\/ro\\\/\",\"name\":\"Prochaska\",\"description\":\"Spezialist f\u00fcr Pflege von Gr\u00fcnfl\u00e4chen\",\"publisher\":{\"@id\":\"https:\\\/\\\/prochaska.eu\\\/ro\\\/#organization\"},\"potentialAction\":[{\"@type\":\"SearchAction\",\"target\":{\"@type\":\"EntryPoint\",\"urlTemplate\":\"https:\\\/\\\/prochaska.eu\\\/ro\\\/?s={search_term_string}\"},\"query-input\":{\"@type\":\"PropertyValueSpecification\",\"valueRequired\":true,\"valueName\":\"search_term_string\"}}],\"inLanguage\":\"ro-RO\"},{\"@type\":\"Organization\",\"@id\":\"https:\\\/\\\/prochaska.eu\\\/ro\\\/#organization\",\"name\":\"Prochaska\",\"url\":\"https:\\\/\\\/prochaska.eu\\\/ro\\\/\",\"logo\":{\"@type\":\"ImageObject\",\"inLanguage\":\"ro-RO\",\"@id\":\"https:\\\/\\\/prochaska.eu\\\/ro\\\/#\\\/schema\\\/logo\\\/image\\\/\",\"url\":\"https:\\\/\\\/prochaska.eu\\\/wp-content\\\/uploads\\\/2024\\\/04\\\/Prochaska_Logo_Black-1.png\",\"contentUrl\":\"https:\\\/\\\/prochaska.eu\\\/wp-content\\\/uploads\\\/2024\\\/04\\\/Prochaska_Logo_Black-1.png\",\"width\":796,\"height\":236,\"caption\":\"Prochaska\"},\"image\":{\"@id\":\"https:\\\/\\\/prochaska.eu\\\/ro\\\/#\\\/schema\\\/logo\\\/image\\\/\"},\"sameAs\":[\"https:\\\/\\\/www.facebook.com\\\/prochaska.eu\\\/\",\"https:\\\/\\\/www.instagram.com\\\/prochaska.eu\\\/\",\"https:\\\/\\\/www.linkedin.com\\\/company\\\/prochaska-handels-gmbh\"]}]}<\/script>\n<!-- \/ Yoast SEO plugin. -->","yoast_head_json":{"title":"Toro - Cositoare cu secer\u0103toare - Groundsmaster 7210 - Prochaska","robots":{"index":"index","follow":"follow","max-snippet":"max-snippet:-1","max-image-preview":"max-image-preview:large","max-video-preview":"max-video-preview:-1"},"canonical":"https:\/\/prochaska.eu\/ro\/produs\/toro-cositoare-cu-seceratoare-groundsmaster-7210\/","og_locale":"ro_RO","og_type":"article","og_title":"Toro - Cositoare cu secer\u0103toare - Groundsmaster 7210 - Prochaska","og_description":"Cositoarele rotative cu tura\u021bie zero din seria Groundsmaster 7210 de la Toro sunt extrem de robuste \u0219i sunt echipate cu motoare diesel puternice Kubota cu trei cilindri, r\u0103cite cu ap\u0103, cu 26 kW (35 CP) pentru orice situa\u021bie.","og_url":"https:\/\/prochaska.eu\/ro\/produs\/toro-cositoare-cu-seceratoare-groundsmaster-7210\/","og_site_name":"Prochaska","article_publisher":"https:\/\/www.facebook.com\/prochaska.eu\/","og_image":[{"width":1440,"height":1440,"url":"https:\/\/prochaska.eu\/wp-content\/uploads\/2024\/06\/sichelmaeher-goundsmaster-7210-prochaska-b1.jpg","type":"image\/jpeg"}],"twitter_card":"summary_large_image","twitter_misc":{"Timp estimat pentru citire":"1 minut"},"schema":{"@context":"https:\/\/schema.org","@graph":[{"@type":"WebPage","@id":"https:\/\/prochaska.eu\/ro\/produs\/toro-cositoare-cu-seceratoare-groundsmaster-7210\/","url":"https:\/\/prochaska.eu\/ro\/produs\/toro-cositoare-cu-seceratoare-groundsmaster-7210\/","name":"Toro - Cositoare cu secer\u0103toare - Groundsmaster 7210 - Prochaska","isPartOf":{"@id":"https:\/\/prochaska.eu\/ro\/#website"},"primaryImageOfPage":{"@id":"https:\/\/prochaska.eu\/ro\/produs\/toro-cositoare-cu-seceratoare-groundsmaster-7210\/#primaryimage"},"image":{"@id":"https:\/\/prochaska.eu\/ro\/produs\/toro-cositoare-cu-seceratoare-groundsmaster-7210\/#primaryimage"},"thumbnailUrl":"https:\/\/prochaska.eu\/wp-content\/uploads\/2024\/06\/sichelmaeher-goundsmaster-7210-prochaska-b1.jpg","datePublished":"2020-09-07T08:39:43+00:00","breadcrumb":{"@id":"https:\/\/prochaska.eu\/ro\/produs\/toro-cositoare-cu-seceratoare-groundsmaster-7210\/#breadcrumb"},"inLanguage":"ro-RO","potentialAction":[{"@type":"ReadAction","target":["https:\/\/prochaska.eu\/ro\/produs\/toro-cositoare-cu-seceratoare-groundsmaster-7210\/"]}]},{"@type":"ImageObject","inLanguage":"ro-RO","@id":"https:\/\/prochaska.eu\/ro\/produs\/toro-cositoare-cu-seceratoare-groundsmaster-7210\/#primaryimage","url":"https:\/\/prochaska.eu\/wp-content\/uploads\/2024\/06\/sichelmaeher-goundsmaster-7210-prochaska-b1.jpg","contentUrl":"https:\/\/prochaska.eu\/wp-content\/uploads\/2024\/06\/sichelmaeher-goundsmaster-7210-prochaska-b1.jpg","width":1440,"height":1440},{"@type":"BreadcrumbList","@id":"https:\/\/prochaska.eu\/ro\/produs\/toro-cositoare-cu-seceratoare-groundsmaster-7210\/#breadcrumb","itemListElement":[{"@type":"ListItem","position":1,"name":"Home","item":"https:\/\/prochaska.eu\/ro\/"},{"@type":"ListItem","position":2,"name":"Shop","item":"https:\/\/prochaska.eu\/ro\/shop\/"},{"@type":"ListItem","position":3,"name":"Toro &#8211; Cositoare cu secer\u0103toare &#8211; Groundsmaster 7210"}]},{"@type":"WebSite","@id":"https:\/\/prochaska.eu\/ro\/#website","url":"https:\/\/prochaska.eu\/ro\/","name":"Prochaska","description":"Spezialist f\u00fcr Pflege von Gr\u00fcnfl\u00e4chen","publisher":{"@id":"https:\/\/prochaska.eu\/ro\/#organization"},"potentialAction":[{"@type":"SearchAction","target":{"@type":"EntryPoint","urlTemplate":"https:\/\/prochaska.eu\/ro\/?s={search_term_string}"},"query-input":{"@type":"PropertyValueSpecification","valueRequired":true,"valueName":"search_term_string"}}],"inLanguage":"ro-RO"},{"@type":"Organization","@id":"https:\/\/prochaska.eu\/ro\/#organization","name":"Prochaska","url":"https:\/\/prochaska.eu\/ro\/","logo":{"@type":"ImageObject","inLanguage":"ro-RO","@id":"https:\/\/prochaska.eu\/ro\/#\/schema\/logo\/image\/","url":"https:\/\/prochaska.eu\/wp-content\/uploads\/2024\/04\/Prochaska_Logo_Black-1.png","contentUrl":"https:\/\/prochaska.eu\/wp-content\/uploads\/2024\/04\/Prochaska_Logo_Black-1.png","width":796,"height":236,"caption":"Prochaska"},"image":{"@id":"https:\/\/prochaska.eu\/ro\/#\/schema\/logo\/image\/"},"sameAs":["https:\/\/www.facebook.com\/prochaska.eu\/","https:\/\/www.instagram.com\/prochaska.eu\/","https:\/\/www.linkedin.com\/company\/prochaska-handels-gmbh"]}]}},"brands":[{"id":3073,"name":"Toro","slug":"toro-ro"}],"_links":{"self":[{"href":"https:\/\/prochaska.eu\/ro\/wp-json\/wp\/v2\/product\/25341","targetHints":{"allow":["GET"]}}],"collection":[{"href":"https:\/\/prochaska.eu\/ro\/wp-json\/wp\/v2\/product"}],"about":[{"href":"https:\/\/prochaska.eu\/ro\/wp-json\/wp\/v2\/types\/product"}],"version-history":[{"count":0,"href":"https:\/\/prochaska.eu\/ro\/wp-json\/wp\/v2\/product\/25341\/revisions"}],"wp:featuredmedia":[{"embeddable":true,"href":"https:\/\/prochaska.eu\/ro\/wp-json\/wp\/v2\/media\/22326"}],"wp:attachment":[{"href":"https:\/\/prochaska.eu\/ro\/wp-json\/wp\/v2\/media?parent=25341"}],"wp:term":[{"taxonomy":"pwb-brand","embeddable":true,"href":"https:\/\/prochaska.eu\/ro\/wp-json\/wp\/v2\/pwb-brand?post=25341"},{"taxonomy":"product_brand","embeddable":true,"href":"https:\/\/prochaska.eu\/ro\/wp-json\/wp\/v2\/product_brand?post=25341"},{"taxonomy":"product_cat","embeddable":true,"href":"https:\/\/prochaska.eu\/ro\/wp-json\/wp\/v2\/product_cat?post=25341"},{"taxonomy":"product_tag","embeddable":true,"href":"https:\/\/prochaska.eu\/ro\/wp-json\/wp\/v2\/product_tag?post=25341"}],"curies":[{"name":"wp","href":"https:\/\/api.w.org\/{rel}","templated":true}]}}