{"id":25342,"date":"2020-09-01T13:42:30","date_gmt":"2020-09-01T13:42:30","guid":{"rendered":"https:\/\/prochaska.eu\/product\/toro-cositoare-cu-tambur-greensmaster-etriflex-3370\/"},"modified":"2020-09-01T13:42:30","modified_gmt":"2020-09-01T13:42:30","slug":"toro-cositoare-cu-tambur-greensmaster-etriflex-3370","status":"publish","type":"product","link":"https:\/\/prochaska.eu\/ro\/produs\/toro-cositoare-cu-tambur-greensmaster-etriflex-3370\/","title":{"rendered":"Toro &#8211; Cositoare cu tambur &#8211; Greensmaster eTriflex\u2122 3370"},"content":{"rendered":"<p style=\"text-align: left;\">Motocoasa cu cilindru Greensmaster eTriflex\u2122 3370 de la <a href=\"https:\/\/www.prochaska.eu\/toro\/\">Toro<\/a> are caracteristici inovatoare din seria original\u0103 TriFlex \u0219i nu numai. Ma\u0219ina electric\u0103 de tuns iarba este alimentat\u0103 cu litiu-ion. Ma\u0219ina are un sistem de vitez\u0103 \u00een func\u021bie de raz\u0103, \u00een combina\u021bie cu func\u021bia de nivelare a platformei de cosit cu ridicare prin \u00eentoarcere. Acest lucru elimin\u0103 practic efectul cunoscut sub numele de &#8222;inel triplex&#8221;. Toate acestea, precum \u0219i multe func\u021bii noi, conduc la versatilitate suplimentar\u0103, service simplificat \u0219i mai mult\u0103 productivitate.<\/p>\n<p>Ma\u0219inile de tuns cu cilindru din seria Greensmaster eTriFlex\u2122 se remarc\u0103 prin ac\u021bionarea complet electric\u0103, direc\u021bia, ridicarea axului \u0219i ac\u021bionarea prin joc. Ma\u0219inile de tuns iarba nu sunt doar productive \u0219i versatile, ci ofer\u0103 \u0219i suficient\u0103 putere pentru multe aplica\u021bii &#8211; at\u00e2t pe gazon, c\u00e2t \u0219i \u00een alte zone.<\/p>\n<p>Modelul Greensmasters eTriflex\u2122 3370 cu baterie litiu-ion de la <a href=\"https:\/\/www.prochaska.eu\/toro\/\">Toro<\/a> are o baterie Samsung\u00ae de 48V pentru o func\u021bionare practic silen\u021bioas\u0103. Viteza stabil\u0103 de deplasare de 16,1 km\/h cu func\u021bia integrat\u0103 de &#8222;\u00eencetinire \u00een curb\u0103&#8221; asigur\u0103 o productivitate deosebit de ridicat\u0103. Fr\u00e2na este activat\u0103 automat atunci c\u00e2nd operatorul coboar\u0103 de pe scuter. Cositoarele cu cilindru au \u00eentotdeauna o fr\u00e2n\u0103 de serviciu \u0219i de parcare ac\u021bionat\u0103 cu piciorul.<\/p>\n<h2>AVANTAJELE PRODUSULUI<\/h2>\n<ul>\n<li>\u00cen viraje: men\u021binerea unei viteze constante a unit\u0103\u021bii de t\u0103iere<\/li>\n<li>Este posibil\u0103 reglarea individual\u0103 a vitezei ro\u021bilor \u00een timpul virajelor<\/li>\n<li>Suspensie cu bra\u021b dublu A cu sistem de leg\u0103turi pentru o precizie optim\u0103 a conturului<\/li>\n<li>Tehnologia Flex\u2122 lider \u00een industrie plus unit\u0103\u021bile de t\u0103iere DPA pentru o precizie mai mare<\/li>\n<li>Func\u021bia Lift-in-turn \u00een combina\u021bie cu RDS pentru o t\u0103iere uniform\u0103<\/li>\n<li>T\u0103ierile pot fi colectate mai u\u0219or<\/li>\n<li>Linie de t\u0103iere uniform\u0103 generat\u0103 complet automat prin ac\u021bionarea axului \u0219i ridicare<\/li>\n<\/ul>\n","protected":false},"excerpt":{"rendered":"<p>Modelul Greensmasters eTriflex\u2122 3370 cu baterie litiu-ion de la <a href=\"https:\/\/www.prochaska.eu\/toro\/\">Toro<\/a> are o baterie Samsung\u00ae de 48V pentru o func\u021bionare practic silen\u021bioas\u0103. Viteza stabil\u0103 de deplasare de 16,1 km\/h cu func\u021bia integrat\u0103 de &#8222;\u00eencetinire \u00een curb\u0103&#8221; asigur\u0103 o productivitate deosebit de ridicat\u0103. Fr\u00e2na este activat\u0103 automat atunci c\u00e2nd operatorul coboar\u0103 de pe scuter. Cositoarele cu cilindru au \u00eentotdeauna o fr\u00e2n\u0103 de serviciu \u0219i de parcare ac\u021bionat\u0103 cu piciorul.<\/p>\n","protected":false},"featured_media":22293,"template":"","meta":[],"pwb-brand":[3073],"product_brand":[],"product_cat":[1522,1523,1388,1521],"product_tag":[],"class_list":{"0":"post-25342","1":"product","2":"type-product","3":"status-publish","4":"has-post-thumbnail","6":"pwb-brand-toro-ro","7":"product_cat-cositoare","8":"product_cat-cositoare-ro","9":"product_cat-masini-de-golf","10":"product_cat-municipal-terenuri-de-sport-si-agricultura","12":"first","13":"instock","14":"taxable","15":"shipping-taxable","16":"product-type-simple"},"yoast_head":"<!-- This site is optimized with the Yoast SEO plugin v27.2 - https:\/\/yoast.com\/product\/yoast-seo-wordpress\/ -->\n<title>Toro - Cositoare cu tambur - Greensmaster eTriflex\u2122 3370 - Prochaska<\/title>\n<meta name=\"robots\" content=\"index, follow, max-snippet:-1, max-image-preview:large, max-video-preview:-1\" \/>\n<link rel=\"canonical\" href=\"https:\/\/prochaska.eu\/ro\/produs\/toro-cositoare-cu-tambur-greensmaster-etriflex-3370\/\" \/>\n<meta property=\"og:locale\" content=\"ro_RO\" \/>\n<meta property=\"og:type\" content=\"article\" \/>\n<meta property=\"og:title\" content=\"Toro - Cositoare cu tambur - Greensmaster eTriflex\u2122 3370 - Prochaska\" \/>\n<meta property=\"og:description\" content=\"Modelul Greensmasters eTriflex\u2122 3370 cu baterie litiu-ion de la Toro are o baterie Samsung\u00ae de 48V pentru o func\u021bionare practic silen\u021bioas\u0103. Viteza stabil\u0103 de deplasare de 16,1 km\/h cu func\u021bia integrat\u0103 de &quot;\u00eencetinire \u00een curb\u0103&quot; asigur\u0103 o productivitate deosebit de ridicat\u0103. Fr\u00e2na este activat\u0103 automat atunci c\u00e2nd operatorul coboar\u0103 de pe scuter. Cositoarele cu cilindru au \u00eentotdeauna o fr\u00e2n\u0103 de serviciu \u0219i de parcare ac\u021bionat\u0103 cu piciorul.\" \/>\n<meta property=\"og:url\" content=\"https:\/\/prochaska.eu\/ro\/produs\/toro-cositoare-cu-tambur-greensmaster-etriflex-3370\/\" \/>\n<meta property=\"og:site_name\" content=\"Prochaska\" \/>\n<meta property=\"article:publisher\" content=\"https:\/\/www.facebook.com\/prochaska.eu\/\" \/>\n<meta property=\"og:image\" content=\"https:\/\/prochaska.eu\/wp-content\/uploads\/2024\/06\/toro-greensmaster-etriflex-gruensmaeher-3370-1.png\" \/>\n\t<meta property=\"og:image:width\" content=\"1440\" \/>\n\t<meta property=\"og:image:height\" content=\"1440\" \/>\n\t<meta property=\"og:image:type\" content=\"image\/png\" \/>\n<meta name=\"twitter:card\" content=\"summary_large_image\" \/>\n<meta name=\"twitter:label1\" content=\"Timp estimat pentru citire\" \/>\n\t<meta name=\"twitter:data1\" content=\"2 minute\" \/>\n<script type=\"application\/ld+json\" class=\"yoast-schema-graph\">{\"@context\":\"https:\/\/schema.org\",\"@graph\":[{\"@type\":\"WebPage\",\"@id\":\"https:\/\/prochaska.eu\/ro\/produs\/toro-cositoare-cu-tambur-greensmaster-etriflex-3370\/\",\"url\":\"https:\/\/prochaska.eu\/ro\/produs\/toro-cositoare-cu-tambur-greensmaster-etriflex-3370\/\",\"name\":\"Toro - Cositoare cu tambur - Greensmaster eTriflex\u2122 3370 - Prochaska\",\"isPartOf\":{\"@id\":\"https:\/\/prochaska.eu\/ro\/#website\"},\"primaryImageOfPage\":{\"@id\":\"https:\/\/prochaska.eu\/ro\/produs\/toro-cositoare-cu-tambur-greensmaster-etriflex-3370\/#primaryimage\"},\"image\":{\"@id\":\"https:\/\/prochaska.eu\/ro\/produs\/toro-cositoare-cu-tambur-greensmaster-etriflex-3370\/#primaryimage\"},\"thumbnailUrl\":\"https:\/\/prochaska.eu\/wp-content\/uploads\/2024\/06\/toro-greensmaster-etriflex-gruensmaeher-3370-1.png\",\"datePublished\":\"2020-09-01T13:42:30+00:00\",\"breadcrumb\":{\"@id\":\"https:\/\/prochaska.eu\/ro\/produs\/toro-cositoare-cu-tambur-greensmaster-etriflex-3370\/#breadcrumb\"},\"inLanguage\":\"ro-RO\",\"potentialAction\":[{\"@type\":\"ReadAction\",\"target\":[\"https:\/\/prochaska.eu\/ro\/produs\/toro-cositoare-cu-tambur-greensmaster-etriflex-3370\/\"]}]},{\"@type\":\"ImageObject\",\"inLanguage\":\"ro-RO\",\"@id\":\"https:\/\/prochaska.eu\/ro\/produs\/toro-cositoare-cu-tambur-greensmaster-etriflex-3370\/#primaryimage\",\"url\":\"https:\/\/prochaska.eu\/wp-content\/uploads\/2024\/06\/toro-greensmaster-etriflex-gruensmaeher-3370-1.png\",\"contentUrl\":\"https:\/\/prochaska.eu\/wp-content\/uploads\/2024\/06\/toro-greensmaster-etriflex-gruensmaeher-3370-1.png\",\"width\":1440,\"height\":1440},{\"@type\":\"BreadcrumbList\",\"@id\":\"https:\/\/prochaska.eu\/ro\/produs\/toro-cositoare-cu-tambur-greensmaster-etriflex-3370\/#breadcrumb\",\"itemListElement\":[{\"@type\":\"ListItem\",\"position\":1,\"name\":\"Home\",\"item\":\"https:\/\/prochaska.eu\/ro\/\"},{\"@type\":\"ListItem\",\"position\":2,\"name\":\"Shop\",\"item\":\"https:\/\/prochaska.eu\/ro\/shop\/\"},{\"@type\":\"ListItem\",\"position\":3,\"name\":\"Toro &#8211; Cositoare cu tambur &#8211; Greensmaster eTriflex\u2122 3370\"}]},{\"@type\":\"WebSite\",\"@id\":\"https:\/\/prochaska.eu\/ro\/#website\",\"url\":\"https:\/\/prochaska.eu\/ro\/\",\"name\":\"Prochaska\",\"description\":\"Spezialist f\u00fcr Pflege von Gr\u00fcnfl\u00e4chen\",\"publisher\":{\"@id\":\"https:\/\/prochaska.eu\/ro\/#organization\"},\"potentialAction\":[{\"@type\":\"SearchAction\",\"target\":{\"@type\":\"EntryPoint\",\"urlTemplate\":\"https:\/\/prochaska.eu\/ro\/?s={search_term_string}\"},\"query-input\":{\"@type\":\"PropertyValueSpecification\",\"valueRequired\":true,\"valueName\":\"search_term_string\"}}],\"inLanguage\":\"ro-RO\"},{\"@type\":\"Organization\",\"@id\":\"https:\/\/prochaska.eu\/ro\/#organization\",\"name\":\"Prochaska\",\"url\":\"https:\/\/prochaska.eu\/ro\/\",\"logo\":{\"@type\":\"ImageObject\",\"inLanguage\":\"ro-RO\",\"@id\":\"https:\/\/prochaska.eu\/ro\/#\/schema\/logo\/image\/\",\"url\":\"https:\/\/prochaska.eu\/wp-content\/uploads\/2024\/04\/Prochaska_Logo_Black-1.png\",\"contentUrl\":\"https:\/\/prochaska.eu\/wp-content\/uploads\/2024\/04\/Prochaska_Logo_Black-1.png\",\"width\":796,\"height\":236,\"caption\":\"Prochaska\"},\"image\":{\"@id\":\"https:\/\/prochaska.eu\/ro\/#\/schema\/logo\/image\/\"},\"sameAs\":[\"https:\/\/www.facebook.com\/prochaska.eu\/\",\"https:\/\/www.instagram.com\/prochaska.eu\/\",\"https:\/\/www.linkedin.com\/company\/prochaska-handels-gmbh\"]}]}<\/script>\n<!-- \/ Yoast SEO plugin. -->","yoast_head_json":{"title":"Toro - Cositoare cu tambur - Greensmaster eTriflex\u2122 3370 - Prochaska","robots":{"index":"index","follow":"follow","max-snippet":"max-snippet:-1","max-image-preview":"max-image-preview:large","max-video-preview":"max-video-preview:-1"},"canonical":"https:\/\/prochaska.eu\/ro\/produs\/toro-cositoare-cu-tambur-greensmaster-etriflex-3370\/","og_locale":"ro_RO","og_type":"article","og_title":"Toro - Cositoare cu tambur - Greensmaster eTriflex\u2122 3370 - Prochaska","og_description":"Modelul Greensmasters eTriflex\u2122 3370 cu baterie litiu-ion de la Toro are o baterie Samsung\u00ae de 48V pentru o func\u021bionare practic silen\u021bioas\u0103. Viteza stabil\u0103 de deplasare de 16,1 km\/h cu func\u021bia integrat\u0103 de \"\u00eencetinire \u00een curb\u0103\" asigur\u0103 o productivitate deosebit de ridicat\u0103. Fr\u00e2na este activat\u0103 automat atunci c\u00e2nd operatorul coboar\u0103 de pe scuter. Cositoarele cu cilindru au \u00eentotdeauna o fr\u00e2n\u0103 de serviciu \u0219i de parcare ac\u021bionat\u0103 cu piciorul.","og_url":"https:\/\/prochaska.eu\/ro\/produs\/toro-cositoare-cu-tambur-greensmaster-etriflex-3370\/","og_site_name":"Prochaska","article_publisher":"https:\/\/www.facebook.com\/prochaska.eu\/","og_image":[{"width":1440,"height":1440,"url":"https:\/\/prochaska.eu\/wp-content\/uploads\/2024\/06\/toro-greensmaster-etriflex-gruensmaeher-3370-1.png","type":"image\/png"}],"twitter_card":"summary_large_image","twitter_misc":{"Timp estimat pentru citire":"2 minute"},"schema":{"@context":"https:\/\/schema.org","@graph":[{"@type":"WebPage","@id":"https:\/\/prochaska.eu\/ro\/produs\/toro-cositoare-cu-tambur-greensmaster-etriflex-3370\/","url":"https:\/\/prochaska.eu\/ro\/produs\/toro-cositoare-cu-tambur-greensmaster-etriflex-3370\/","name":"Toro - Cositoare cu tambur - Greensmaster eTriflex\u2122 3370 - Prochaska","isPartOf":{"@id":"https:\/\/prochaska.eu\/ro\/#website"},"primaryImageOfPage":{"@id":"https:\/\/prochaska.eu\/ro\/produs\/toro-cositoare-cu-tambur-greensmaster-etriflex-3370\/#primaryimage"},"image":{"@id":"https:\/\/prochaska.eu\/ro\/produs\/toro-cositoare-cu-tambur-greensmaster-etriflex-3370\/#primaryimage"},"thumbnailUrl":"https:\/\/prochaska.eu\/wp-content\/uploads\/2024\/06\/toro-greensmaster-etriflex-gruensmaeher-3370-1.png","datePublished":"2020-09-01T13:42:30+00:00","breadcrumb":{"@id":"https:\/\/prochaska.eu\/ro\/produs\/toro-cositoare-cu-tambur-greensmaster-etriflex-3370\/#breadcrumb"},"inLanguage":"ro-RO","potentialAction":[{"@type":"ReadAction","target":["https:\/\/prochaska.eu\/ro\/produs\/toro-cositoare-cu-tambur-greensmaster-etriflex-3370\/"]}]},{"@type":"ImageObject","inLanguage":"ro-RO","@id":"https:\/\/prochaska.eu\/ro\/produs\/toro-cositoare-cu-tambur-greensmaster-etriflex-3370\/#primaryimage","url":"https:\/\/prochaska.eu\/wp-content\/uploads\/2024\/06\/toro-greensmaster-etriflex-gruensmaeher-3370-1.png","contentUrl":"https:\/\/prochaska.eu\/wp-content\/uploads\/2024\/06\/toro-greensmaster-etriflex-gruensmaeher-3370-1.png","width":1440,"height":1440},{"@type":"BreadcrumbList","@id":"https:\/\/prochaska.eu\/ro\/produs\/toro-cositoare-cu-tambur-greensmaster-etriflex-3370\/#breadcrumb","itemListElement":[{"@type":"ListItem","position":1,"name":"Home","item":"https:\/\/prochaska.eu\/ro\/"},{"@type":"ListItem","position":2,"name":"Shop","item":"https:\/\/prochaska.eu\/ro\/shop\/"},{"@type":"ListItem","position":3,"name":"Toro &#8211; Cositoare cu tambur &#8211; Greensmaster eTriflex\u2122 3370"}]},{"@type":"WebSite","@id":"https:\/\/prochaska.eu\/ro\/#website","url":"https:\/\/prochaska.eu\/ro\/","name":"Prochaska","description":"Spezialist f\u00fcr Pflege von Gr\u00fcnfl\u00e4chen","publisher":{"@id":"https:\/\/prochaska.eu\/ro\/#organization"},"potentialAction":[{"@type":"SearchAction","target":{"@type":"EntryPoint","urlTemplate":"https:\/\/prochaska.eu\/ro\/?s={search_term_string}"},"query-input":{"@type":"PropertyValueSpecification","valueRequired":true,"valueName":"search_term_string"}}],"inLanguage":"ro-RO"},{"@type":"Organization","@id":"https:\/\/prochaska.eu\/ro\/#organization","name":"Prochaska","url":"https:\/\/prochaska.eu\/ro\/","logo":{"@type":"ImageObject","inLanguage":"ro-RO","@id":"https:\/\/prochaska.eu\/ro\/#\/schema\/logo\/image\/","url":"https:\/\/prochaska.eu\/wp-content\/uploads\/2024\/04\/Prochaska_Logo_Black-1.png","contentUrl":"https:\/\/prochaska.eu\/wp-content\/uploads\/2024\/04\/Prochaska_Logo_Black-1.png","width":796,"height":236,"caption":"Prochaska"},"image":{"@id":"https:\/\/prochaska.eu\/ro\/#\/schema\/logo\/image\/"},"sameAs":["https:\/\/www.facebook.com\/prochaska.eu\/","https:\/\/www.instagram.com\/prochaska.eu\/","https:\/\/www.linkedin.com\/company\/prochaska-handels-gmbh"]}]}},"brands":[{"id":3073,"name":"Toro","slug":"toro-ro"}],"_links":{"self":[{"href":"https:\/\/prochaska.eu\/ro\/wp-json\/wp\/v2\/product\/25342","targetHints":{"allow":["GET"]}}],"collection":[{"href":"https:\/\/prochaska.eu\/ro\/wp-json\/wp\/v2\/product"}],"about":[{"href":"https:\/\/prochaska.eu\/ro\/wp-json\/wp\/v2\/types\/product"}],"version-history":[{"count":0,"href":"https:\/\/prochaska.eu\/ro\/wp-json\/wp\/v2\/product\/25342\/revisions"}],"wp:featuredmedia":[{"embeddable":true,"href":"https:\/\/prochaska.eu\/ro\/wp-json\/wp\/v2\/media\/22293"}],"wp:attachment":[{"href":"https:\/\/prochaska.eu\/ro\/wp-json\/wp\/v2\/media?parent=25342"}],"wp:term":[{"taxonomy":"pwb-brand","embeddable":true,"href":"https:\/\/prochaska.eu\/ro\/wp-json\/wp\/v2\/pwb-brand?post=25342"},{"taxonomy":"product_brand","embeddable":true,"href":"https:\/\/prochaska.eu\/ro\/wp-json\/wp\/v2\/product_brand?post=25342"},{"taxonomy":"product_cat","embeddable":true,"href":"https:\/\/prochaska.eu\/ro\/wp-json\/wp\/v2\/product_cat?post=25342"},{"taxonomy":"product_tag","embeddable":true,"href":"https:\/\/prochaska.eu\/ro\/wp-json\/wp\/v2\/product_tag?post=25342"}],"curies":[{"name":"wp","href":"https:\/\/api.w.org\/{rel}","templated":true}]}}