{"id":25355,"date":"2020-08-27T13:07:39","date_gmt":"2020-08-27T13:07:39","guid":{"rendered":"https:\/\/prochaska.eu\/product\/billy-goat-suflanta-de-incarcare-dl1801veeu\/"},"modified":"2020-08-27T13:07:39","modified_gmt":"2020-08-27T13:07:39","slug":"billy-goat-suflanta-de-incarcare-dl1801veeu","status":"publish","type":"product","link":"https:\/\/prochaska.eu\/ro\/produs\/billy-goat-suflanta-de-incarcare-dl1801veeu\/","title":{"rendered":"Billy Goat &#8211; Suflant\u0103 de \u00eenc\u0103rcare &#8211; DL1801VEEU"},"content":{"rendered":"<p>Suflantele de \u00eenc\u0103rcare grele DL1801VEEU de la <a href=\"https:\/\/www.prochaska.eu\/billygoat\/\">Billy Goat<\/a> sunt propulsate de motoare Vanguard\u00ae \u0219i genereaz\u0103 o capacitate de aspira\u021bie de 6.300 m\u00b3\/h. Aparatul are o roat\u0103 suflant\u0103 blindat\u0103 din o\u021bel cu diametrul de 40 cm\/16 inch, cu 8 puncte de t\u0103iere, o c\u0103ptu\u0219eal\u0103 din poliester \u00eenlocuibil\u0103 \u0219i o carcas\u0103 din o\u021bel de calibru 12 (2,7 mm) pentru putere maxim\u0103 de aspirare. Suflanta de \u00eenc\u0103rcare DL1801VEEU poate fi ata\u0219at\u0103 folosind kitul de suspensie op\u021bional sau premontat\u0103 pe un camion sau o remorc\u0103. Furtunul de aspira\u021bie lat de 25 cm are o lungime de 300 cm, este transparent \u0219i \u00een form\u0103 de spiral\u0103. Suflanta de \u00eenc\u0103rcare DL1801VEEU este echipat\u0103 cu un motor de pornire electric \u0219i face pornirea foarte u\u0219oar\u0103.<\/p>\n<h2 style=\"text-align: left;\">Avantajele produsului<\/h2>\n<ul>\n<li>Capacitate de aspira\u021bie de 6300 m\u00b3\/h<\/li>\n<li>Set deflector pentru bunc\u0103rul de ejec\u021bie<\/li>\n<li>Furtun transparent din uretan<\/li>\n<li>Sistem dublu de m\u0103run\u021bire<\/li>\n<li>Oprire de siguran\u021b\u0103<\/li>\n<\/ul>\n<h2>Accesorii op\u021bionale<\/h2>\n<ul>\n<li>\n<p class=\"product_title entry-title\"><a href=\"https:\/\/www.prochaska.eu\/produkt\/billy-goat-aufhaengegarnitur-zubehoer\/\">Set suspensie CustomFit\u2122 (812260 &#8211; \u20ac 469.90)<\/a><\/p>\n<\/li>\n<\/ul>\n","protected":false},"excerpt":{"rendered":"<p>Suflantele de \u00eenc\u0103rcare grele DL1801VEEU de la <a href=\"https:\/\/www.prochaska.eu\/billygoat\/\">Billy Goat<\/a> sunt propulsate de motoare Vanguard\u00ae \u0219i genereaz\u0103 o capacitate de aspira\u021bie de 6.300 m\u00b3\/h.<\/p>\n","protected":false},"featured_media":22239,"template":"","meta":[],"pwb-brand":[3084],"product_brand":[],"product_cat":[1533,1535],"product_tag":[1529],"class_list":{"0":"post-25355","1":"product","2":"type-product","3":"status-publish","4":"has-post-thumbnail","6":"pwb-brand-billy-goat-ro","7":"product_cat-pregatirea-solului","8":"product_cat-pregatirea-solului-ro","9":"product_tag-billy-goat-ro","11":"first","12":"instock","13":"taxable","14":"shipping-taxable","15":"purchasable","16":"product-type-simple"},"yoast_head":"<!-- This site is optimized with the Yoast SEO plugin v27.4 - https:\/\/yoast.com\/product\/yoast-seo-wordpress\/ -->\n<title>Billy Goat - Suflant\u0103 de \u00eenc\u0103rcare - DL1801VEEU - Prochaska<\/title>\n<meta name=\"robots\" content=\"index, follow, max-snippet:-1, max-image-preview:large, max-video-preview:-1\" \/>\n<link rel=\"canonical\" href=\"https:\/\/prochaska.eu\/ro\/produs\/billy-goat-suflanta-de-incarcare-dl1801veeu\/\" \/>\n<meta property=\"og:locale\" content=\"ro_RO\" \/>\n<meta property=\"og:type\" content=\"article\" \/>\n<meta property=\"og:title\" content=\"Billy Goat - Suflant\u0103 de \u00eenc\u0103rcare - DL1801VEEU - Prochaska\" \/>\n<meta property=\"og:description\" content=\"Suflantele de \u00eenc\u0103rcare grele DL1801VEEU de la Billy Goat sunt propulsate de motoare Vanguard\u00ae \u0219i genereaz\u0103 o capacitate de aspira\u021bie de 6.300 m\u00b3\/h.\" \/>\n<meta property=\"og:url\" content=\"https:\/\/prochaska.eu\/ro\/produs\/billy-goat-suflanta-de-incarcare-dl1801veeu\/\" \/>\n<meta property=\"og:site_name\" content=\"Prochaska\" \/>\n<meta property=\"article:publisher\" content=\"https:\/\/www.facebook.com\/prochaska.eu\/\" \/>\n<meta property=\"og:image\" content=\"https:\/\/prochaska.eu\/wp-content\/uploads\/2024\/06\/lkw-laubbleader-dual-shredder-billygoat-dl1801veeu-prochaska.jpg\" \/>\n\t<meta property=\"og:image:width\" content=\"1440\" \/>\n\t<meta property=\"og:image:height\" content=\"1440\" \/>\n\t<meta property=\"og:image:type\" content=\"image\/jpeg\" \/>\n<meta name=\"twitter:card\" content=\"summary_large_image\" \/>\n<meta name=\"twitter:label1\" content=\"Timp estimat pentru citire\" \/>\n\t<meta name=\"twitter:data1\" content=\"1 minut\" \/>\n<script type=\"application\/ld+json\" class=\"yoast-schema-graph\">{\"@context\":\"https:\\\/\\\/schema.org\",\"@graph\":[{\"@type\":\"WebPage\",\"@id\":\"https:\\\/\\\/prochaska.eu\\\/ro\\\/produs\\\/billy-goat-suflanta-de-incarcare-dl1801veeu\\\/\",\"url\":\"https:\\\/\\\/prochaska.eu\\\/ro\\\/produs\\\/billy-goat-suflanta-de-incarcare-dl1801veeu\\\/\",\"name\":\"Billy Goat - Suflant\u0103 de \u00eenc\u0103rcare - DL1801VEEU - Prochaska\",\"isPartOf\":{\"@id\":\"https:\\\/\\\/prochaska.eu\\\/ro\\\/#website\"},\"primaryImageOfPage\":{\"@id\":\"https:\\\/\\\/prochaska.eu\\\/ro\\\/produs\\\/billy-goat-suflanta-de-incarcare-dl1801veeu\\\/#primaryimage\"},\"image\":{\"@id\":\"https:\\\/\\\/prochaska.eu\\\/ro\\\/produs\\\/billy-goat-suflanta-de-incarcare-dl1801veeu\\\/#primaryimage\"},\"thumbnailUrl\":\"https:\\\/\\\/prochaska.eu\\\/wp-content\\\/uploads\\\/2024\\\/06\\\/lkw-laubbleader-dual-shredder-billygoat-dl1801veeu-prochaska.jpg\",\"datePublished\":\"2020-08-27T13:07:39+00:00\",\"breadcrumb\":{\"@id\":\"https:\\\/\\\/prochaska.eu\\\/ro\\\/produs\\\/billy-goat-suflanta-de-incarcare-dl1801veeu\\\/#breadcrumb\"},\"inLanguage\":\"ro-RO\",\"potentialAction\":[{\"@type\":\"ReadAction\",\"target\":[\"https:\\\/\\\/prochaska.eu\\\/ro\\\/produs\\\/billy-goat-suflanta-de-incarcare-dl1801veeu\\\/\"]}]},{\"@type\":\"ImageObject\",\"inLanguage\":\"ro-RO\",\"@id\":\"https:\\\/\\\/prochaska.eu\\\/ro\\\/produs\\\/billy-goat-suflanta-de-incarcare-dl1801veeu\\\/#primaryimage\",\"url\":\"https:\\\/\\\/prochaska.eu\\\/wp-content\\\/uploads\\\/2024\\\/06\\\/lkw-laubbleader-dual-shredder-billygoat-dl1801veeu-prochaska.jpg\",\"contentUrl\":\"https:\\\/\\\/prochaska.eu\\\/wp-content\\\/uploads\\\/2024\\\/06\\\/lkw-laubbleader-dual-shredder-billygoat-dl1801veeu-prochaska.jpg\",\"width\":1440,\"height\":1440},{\"@type\":\"BreadcrumbList\",\"@id\":\"https:\\\/\\\/prochaska.eu\\\/ro\\\/produs\\\/billy-goat-suflanta-de-incarcare-dl1801veeu\\\/#breadcrumb\",\"itemListElement\":[{\"@type\":\"ListItem\",\"position\":1,\"name\":\"Home\",\"item\":\"https:\\\/\\\/prochaska.eu\\\/ro\\\/\"},{\"@type\":\"ListItem\",\"position\":2,\"name\":\"Shop\",\"item\":\"https:\\\/\\\/prochaska.eu\\\/ro\\\/shop\\\/\"},{\"@type\":\"ListItem\",\"position\":3,\"name\":\"Billy Goat &#8211; Suflant\u0103 de \u00eenc\u0103rcare &#8211; DL1801VEEU\"}]},{\"@type\":\"WebSite\",\"@id\":\"https:\\\/\\\/prochaska.eu\\\/ro\\\/#website\",\"url\":\"https:\\\/\\\/prochaska.eu\\\/ro\\\/\",\"name\":\"Prochaska\",\"description\":\"Spezialist f\u00fcr Pflege von Gr\u00fcnfl\u00e4chen\",\"publisher\":{\"@id\":\"https:\\\/\\\/prochaska.eu\\\/ro\\\/#organization\"},\"potentialAction\":[{\"@type\":\"SearchAction\",\"target\":{\"@type\":\"EntryPoint\",\"urlTemplate\":\"https:\\\/\\\/prochaska.eu\\\/ro\\\/?s={search_term_string}\"},\"query-input\":{\"@type\":\"PropertyValueSpecification\",\"valueRequired\":true,\"valueName\":\"search_term_string\"}}],\"inLanguage\":\"ro-RO\"},{\"@type\":\"Organization\",\"@id\":\"https:\\\/\\\/prochaska.eu\\\/ro\\\/#organization\",\"name\":\"Prochaska\",\"url\":\"https:\\\/\\\/prochaska.eu\\\/ro\\\/\",\"logo\":{\"@type\":\"ImageObject\",\"inLanguage\":\"ro-RO\",\"@id\":\"https:\\\/\\\/prochaska.eu\\\/ro\\\/#\\\/schema\\\/logo\\\/image\\\/\",\"url\":\"https:\\\/\\\/prochaska.eu\\\/wp-content\\\/uploads\\\/2024\\\/04\\\/Prochaska_Logo_Black-1.png\",\"contentUrl\":\"https:\\\/\\\/prochaska.eu\\\/wp-content\\\/uploads\\\/2024\\\/04\\\/Prochaska_Logo_Black-1.png\",\"width\":796,\"height\":236,\"caption\":\"Prochaska\"},\"image\":{\"@id\":\"https:\\\/\\\/prochaska.eu\\\/ro\\\/#\\\/schema\\\/logo\\\/image\\\/\"},\"sameAs\":[\"https:\\\/\\\/www.facebook.com\\\/prochaska.eu\\\/\",\"https:\\\/\\\/www.instagram.com\\\/prochaska.eu\\\/\",\"https:\\\/\\\/www.linkedin.com\\\/company\\\/prochaska-handels-gmbh\"]}]}<\/script>\n<!-- \/ Yoast SEO plugin. -->","yoast_head_json":{"title":"Billy Goat - Suflant\u0103 de \u00eenc\u0103rcare - DL1801VEEU - Prochaska","robots":{"index":"index","follow":"follow","max-snippet":"max-snippet:-1","max-image-preview":"max-image-preview:large","max-video-preview":"max-video-preview:-1"},"canonical":"https:\/\/prochaska.eu\/ro\/produs\/billy-goat-suflanta-de-incarcare-dl1801veeu\/","og_locale":"ro_RO","og_type":"article","og_title":"Billy Goat - Suflant\u0103 de \u00eenc\u0103rcare - DL1801VEEU - Prochaska","og_description":"Suflantele de \u00eenc\u0103rcare grele DL1801VEEU de la Billy Goat sunt propulsate de motoare Vanguard\u00ae \u0219i genereaz\u0103 o capacitate de aspira\u021bie de 6.300 m\u00b3\/h.","og_url":"https:\/\/prochaska.eu\/ro\/produs\/billy-goat-suflanta-de-incarcare-dl1801veeu\/","og_site_name":"Prochaska","article_publisher":"https:\/\/www.facebook.com\/prochaska.eu\/","og_image":[{"width":1440,"height":1440,"url":"https:\/\/prochaska.eu\/wp-content\/uploads\/2024\/06\/lkw-laubbleader-dual-shredder-billygoat-dl1801veeu-prochaska.jpg","type":"image\/jpeg"}],"twitter_card":"summary_large_image","twitter_misc":{"Timp estimat pentru citire":"1 minut"},"schema":{"@context":"https:\/\/schema.org","@graph":[{"@type":"WebPage","@id":"https:\/\/prochaska.eu\/ro\/produs\/billy-goat-suflanta-de-incarcare-dl1801veeu\/","url":"https:\/\/prochaska.eu\/ro\/produs\/billy-goat-suflanta-de-incarcare-dl1801veeu\/","name":"Billy Goat - Suflant\u0103 de \u00eenc\u0103rcare - DL1801VEEU - Prochaska","isPartOf":{"@id":"https:\/\/prochaska.eu\/ro\/#website"},"primaryImageOfPage":{"@id":"https:\/\/prochaska.eu\/ro\/produs\/billy-goat-suflanta-de-incarcare-dl1801veeu\/#primaryimage"},"image":{"@id":"https:\/\/prochaska.eu\/ro\/produs\/billy-goat-suflanta-de-incarcare-dl1801veeu\/#primaryimage"},"thumbnailUrl":"https:\/\/prochaska.eu\/wp-content\/uploads\/2024\/06\/lkw-laubbleader-dual-shredder-billygoat-dl1801veeu-prochaska.jpg","datePublished":"2020-08-27T13:07:39+00:00","breadcrumb":{"@id":"https:\/\/prochaska.eu\/ro\/produs\/billy-goat-suflanta-de-incarcare-dl1801veeu\/#breadcrumb"},"inLanguage":"ro-RO","potentialAction":[{"@type":"ReadAction","target":["https:\/\/prochaska.eu\/ro\/produs\/billy-goat-suflanta-de-incarcare-dl1801veeu\/"]}]},{"@type":"ImageObject","inLanguage":"ro-RO","@id":"https:\/\/prochaska.eu\/ro\/produs\/billy-goat-suflanta-de-incarcare-dl1801veeu\/#primaryimage","url":"https:\/\/prochaska.eu\/wp-content\/uploads\/2024\/06\/lkw-laubbleader-dual-shredder-billygoat-dl1801veeu-prochaska.jpg","contentUrl":"https:\/\/prochaska.eu\/wp-content\/uploads\/2024\/06\/lkw-laubbleader-dual-shredder-billygoat-dl1801veeu-prochaska.jpg","width":1440,"height":1440},{"@type":"BreadcrumbList","@id":"https:\/\/prochaska.eu\/ro\/produs\/billy-goat-suflanta-de-incarcare-dl1801veeu\/#breadcrumb","itemListElement":[{"@type":"ListItem","position":1,"name":"Home","item":"https:\/\/prochaska.eu\/ro\/"},{"@type":"ListItem","position":2,"name":"Shop","item":"https:\/\/prochaska.eu\/ro\/shop\/"},{"@type":"ListItem","position":3,"name":"Billy Goat &#8211; Suflant\u0103 de \u00eenc\u0103rcare &#8211; DL1801VEEU"}]},{"@type":"WebSite","@id":"https:\/\/prochaska.eu\/ro\/#website","url":"https:\/\/prochaska.eu\/ro\/","name":"Prochaska","description":"Spezialist f\u00fcr Pflege von Gr\u00fcnfl\u00e4chen","publisher":{"@id":"https:\/\/prochaska.eu\/ro\/#organization"},"potentialAction":[{"@type":"SearchAction","target":{"@type":"EntryPoint","urlTemplate":"https:\/\/prochaska.eu\/ro\/?s={search_term_string}"},"query-input":{"@type":"PropertyValueSpecification","valueRequired":true,"valueName":"search_term_string"}}],"inLanguage":"ro-RO"},{"@type":"Organization","@id":"https:\/\/prochaska.eu\/ro\/#organization","name":"Prochaska","url":"https:\/\/prochaska.eu\/ro\/","logo":{"@type":"ImageObject","inLanguage":"ro-RO","@id":"https:\/\/prochaska.eu\/ro\/#\/schema\/logo\/image\/","url":"https:\/\/prochaska.eu\/wp-content\/uploads\/2024\/04\/Prochaska_Logo_Black-1.png","contentUrl":"https:\/\/prochaska.eu\/wp-content\/uploads\/2024\/04\/Prochaska_Logo_Black-1.png","width":796,"height":236,"caption":"Prochaska"},"image":{"@id":"https:\/\/prochaska.eu\/ro\/#\/schema\/logo\/image\/"},"sameAs":["https:\/\/www.facebook.com\/prochaska.eu\/","https:\/\/www.instagram.com\/prochaska.eu\/","https:\/\/www.linkedin.com\/company\/prochaska-handels-gmbh"]}]}},"brands":[{"id":3084,"name":"Billy Goat","slug":"billy-goat-ro"}],"_links":{"self":[{"href":"https:\/\/prochaska.eu\/ro\/wp-json\/wp\/v2\/product\/25355","targetHints":{"allow":["GET"]}}],"collection":[{"href":"https:\/\/prochaska.eu\/ro\/wp-json\/wp\/v2\/product"}],"about":[{"href":"https:\/\/prochaska.eu\/ro\/wp-json\/wp\/v2\/types\/product"}],"version-history":[{"count":0,"href":"https:\/\/prochaska.eu\/ro\/wp-json\/wp\/v2\/product\/25355\/revisions"}],"wp:featuredmedia":[{"embeddable":true,"href":"https:\/\/prochaska.eu\/ro\/wp-json\/wp\/v2\/media\/22239"}],"wp:attachment":[{"href":"https:\/\/prochaska.eu\/ro\/wp-json\/wp\/v2\/media?parent=25355"}],"wp:term":[{"taxonomy":"pwb-brand","embeddable":true,"href":"https:\/\/prochaska.eu\/ro\/wp-json\/wp\/v2\/pwb-brand?post=25355"},{"taxonomy":"product_brand","embeddable":true,"href":"https:\/\/prochaska.eu\/ro\/wp-json\/wp\/v2\/product_brand?post=25355"},{"taxonomy":"product_cat","embeddable":true,"href":"https:\/\/prochaska.eu\/ro\/wp-json\/wp\/v2\/product_cat?post=25355"},{"taxonomy":"product_tag","embeddable":true,"href":"https:\/\/prochaska.eu\/ro\/wp-json\/wp\/v2\/product_tag?post=25355"}],"curies":[{"name":"wp","href":"https:\/\/api.w.org\/{rel}","templated":true}]}}