{"id":25360,"date":"2020-08-31T10:14:11","date_gmt":"2020-08-31T10:14:11","guid":{"rendered":"https:\/\/prochaska.eu\/product\/toro-set-de-perii-de-tuns-pentru-prostripe-560-134-3722\/"},"modified":"2020-08-31T10:14:11","modified_gmt":"2020-08-31T10:14:11","slug":"toro-set-de-perii-de-tuns-pentru-prostripe-560-134-3722","status":"publish","type":"product","link":"https:\/\/prochaska.eu\/ro\/produs\/toro-set-de-perii-de-tuns-pentru-prostripe-560-134-3722\/","title":{"rendered":"Toro &#8211; Set de perii de tuns pentru ProStripe 560 &#8211; 134-3722"},"content":{"rendered":"<div class=\"media-body\">\n<p>Promoveaz\u0103 o peluz\u0103 mai s\u0103n\u0103toas\u0103 \u0219i permite o t\u0103iere mai bun\u0103 prin reducerea acumul\u0103rii pe lamele laterale \u0219i \u00eendep\u0103rtarea resturilor de suprafa\u021b\u0103. \u00cen\u0103l\u021bime \u0219i rake reglabile pentru un reglaj precis. Disponibil ca accesoriu pentru <a href=\"https:\/\/www.prochaska.eu\/produkt\/toro-rasenmaeher-prostripe560-02657\/\">Pro Stripe 560<\/a>.<\/p>\n<\/div>\n<p><span class=\"p2\"> <\/span><\/p>\n","protected":false},"excerpt":{"rendered":"<p><span class=\"p2\">Promoveaz\u0103 o peluz\u0103 mai s\u0103n\u0103toas\u0103 \u0219i permite o t\u0103iere mai bun\u0103 prin reducerea acumul\u0103rii pe lamele laterale \u0219i \u00eendep\u0103rtarea resturilor de suprafa\u021b\u0103. \u00cen\u0103l\u021bime \u0219i rake reglabile pentru un reglaj precis. Disponibil ca accesoriu pentru <a href=\"https:\/\/www.prochaska.eu\/produkt\/toro-rasenmaeher-prostripe560-02657\/\">Pro Stripe 560<\/a>.  <\/span><\/p>\n","protected":false},"featured_media":22287,"template":"","meta":[],"pwb-brand":[3073],"product_brand":[],"product_cat":[1264,1522],"product_tag":[1408],"class_list":{"0":"post-25360","1":"product","2":"type-product","3":"status-publish","4":"has-post-thumbnail","6":"pwb-brand-toro-ro","7":"product_cat-accesorii-ro","8":"product_cat-cositoare","9":"product_tag-toro-ro","11":"first","12":"instock","13":"taxable","14":"shipping-taxable","15":"purchasable","16":"product-type-simple"},"yoast_head":"<!-- This site is optimized with the Yoast SEO plugin v27.4 - https:\/\/yoast.com\/product\/yoast-seo-wordpress\/ -->\n<title>Toro - Set de perii de tuns pentru ProStripe 560 - 134-3722 - Prochaska<\/title>\n<meta name=\"robots\" content=\"index, follow, max-snippet:-1, max-image-preview:large, max-video-preview:-1\" \/>\n<link rel=\"canonical\" href=\"https:\/\/prochaska.eu\/ro\/produs\/toro-set-de-perii-de-tuns-pentru-prostripe-560-134-3722\/\" \/>\n<meta property=\"og:locale\" content=\"ro_RO\" \/>\n<meta property=\"og:type\" content=\"article\" \/>\n<meta property=\"og:title\" content=\"Toro - Set de perii de tuns pentru ProStripe 560 - 134-3722 - Prochaska\" \/>\n<meta property=\"og:description\" content=\"Promoveaz\u0103 o peluz\u0103 mai s\u0103n\u0103toas\u0103 \u0219i permite o t\u0103iere mai bun\u0103 prin reducerea acumul\u0103rii pe lamele laterale \u0219i \u00eendep\u0103rtarea resturilor de suprafa\u021b\u0103. \u00cen\u0103l\u021bime \u0219i rake reglabile pentru un reglaj precis. Disponibil ca accesoriu pentru Pro Stripe 560.\" \/>\n<meta property=\"og:url\" content=\"https:\/\/prochaska.eu\/ro\/produs\/toro-set-de-perii-de-tuns-pentru-prostripe-560-134-3722\/\" \/>\n<meta property=\"og:site_name\" content=\"Prochaska\" \/>\n<meta property=\"article:publisher\" content=\"https:\/\/www.facebook.com\/prochaska.eu\/\" \/>\n<meta property=\"og:image\" content=\"https:\/\/prochaska.eu\/wp-content\/uploads\/2024\/06\/sichermaeher-toro-pro-stripe-560-zubeheor-prochaska.jpg\" \/>\n\t<meta property=\"og:image:width\" content=\"1440\" \/>\n\t<meta property=\"og:image:height\" content=\"1440\" \/>\n\t<meta property=\"og:image:type\" content=\"image\/jpeg\" \/>\n<meta name=\"twitter:card\" content=\"summary_large_image\" \/>\n<script type=\"application\/ld+json\" class=\"yoast-schema-graph\">{\"@context\":\"https:\\\/\\\/schema.org\",\"@graph\":[{\"@type\":\"WebPage\",\"@id\":\"https:\\\/\\\/prochaska.eu\\\/ro\\\/produs\\\/toro-set-de-perii-de-tuns-pentru-prostripe-560-134-3722\\\/\",\"url\":\"https:\\\/\\\/prochaska.eu\\\/ro\\\/produs\\\/toro-set-de-perii-de-tuns-pentru-prostripe-560-134-3722\\\/\",\"name\":\"Toro - Set de perii de tuns pentru ProStripe 560 - 134-3722 - Prochaska\",\"isPartOf\":{\"@id\":\"https:\\\/\\\/prochaska.eu\\\/ro\\\/#website\"},\"primaryImageOfPage\":{\"@id\":\"https:\\\/\\\/prochaska.eu\\\/ro\\\/produs\\\/toro-set-de-perii-de-tuns-pentru-prostripe-560-134-3722\\\/#primaryimage\"},\"image\":{\"@id\":\"https:\\\/\\\/prochaska.eu\\\/ro\\\/produs\\\/toro-set-de-perii-de-tuns-pentru-prostripe-560-134-3722\\\/#primaryimage\"},\"thumbnailUrl\":\"https:\\\/\\\/prochaska.eu\\\/wp-content\\\/uploads\\\/2024\\\/06\\\/sichermaeher-toro-pro-stripe-560-zubeheor-prochaska.jpg\",\"datePublished\":\"2020-08-31T10:14:11+00:00\",\"breadcrumb\":{\"@id\":\"https:\\\/\\\/prochaska.eu\\\/ro\\\/produs\\\/toro-set-de-perii-de-tuns-pentru-prostripe-560-134-3722\\\/#breadcrumb\"},\"inLanguage\":\"ro-RO\",\"potentialAction\":[{\"@type\":\"ReadAction\",\"target\":[\"https:\\\/\\\/prochaska.eu\\\/ro\\\/produs\\\/toro-set-de-perii-de-tuns-pentru-prostripe-560-134-3722\\\/\"]}]},{\"@type\":\"ImageObject\",\"inLanguage\":\"ro-RO\",\"@id\":\"https:\\\/\\\/prochaska.eu\\\/ro\\\/produs\\\/toro-set-de-perii-de-tuns-pentru-prostripe-560-134-3722\\\/#primaryimage\",\"url\":\"https:\\\/\\\/prochaska.eu\\\/wp-content\\\/uploads\\\/2024\\\/06\\\/sichermaeher-toro-pro-stripe-560-zubeheor-prochaska.jpg\",\"contentUrl\":\"https:\\\/\\\/prochaska.eu\\\/wp-content\\\/uploads\\\/2024\\\/06\\\/sichermaeher-toro-pro-stripe-560-zubeheor-prochaska.jpg\",\"width\":1440,\"height\":1440},{\"@type\":\"BreadcrumbList\",\"@id\":\"https:\\\/\\\/prochaska.eu\\\/ro\\\/produs\\\/toro-set-de-perii-de-tuns-pentru-prostripe-560-134-3722\\\/#breadcrumb\",\"itemListElement\":[{\"@type\":\"ListItem\",\"position\":1,\"name\":\"Home\",\"item\":\"https:\\\/\\\/prochaska.eu\\\/ro\\\/\"},{\"@type\":\"ListItem\",\"position\":2,\"name\":\"Shop\",\"item\":\"https:\\\/\\\/prochaska.eu\\\/ro\\\/shop\\\/\"},{\"@type\":\"ListItem\",\"position\":3,\"name\":\"Toro &#8211; Set de perii de tuns pentru ProStripe 560 &#8211; 134-3722\"}]},{\"@type\":\"WebSite\",\"@id\":\"https:\\\/\\\/prochaska.eu\\\/ro\\\/#website\",\"url\":\"https:\\\/\\\/prochaska.eu\\\/ro\\\/\",\"name\":\"Prochaska\",\"description\":\"Spezialist f\u00fcr Pflege von Gr\u00fcnfl\u00e4chen\",\"publisher\":{\"@id\":\"https:\\\/\\\/prochaska.eu\\\/ro\\\/#organization\"},\"potentialAction\":[{\"@type\":\"SearchAction\",\"target\":{\"@type\":\"EntryPoint\",\"urlTemplate\":\"https:\\\/\\\/prochaska.eu\\\/ro\\\/?s={search_term_string}\"},\"query-input\":{\"@type\":\"PropertyValueSpecification\",\"valueRequired\":true,\"valueName\":\"search_term_string\"}}],\"inLanguage\":\"ro-RO\"},{\"@type\":\"Organization\",\"@id\":\"https:\\\/\\\/prochaska.eu\\\/ro\\\/#organization\",\"name\":\"Prochaska\",\"url\":\"https:\\\/\\\/prochaska.eu\\\/ro\\\/\",\"logo\":{\"@type\":\"ImageObject\",\"inLanguage\":\"ro-RO\",\"@id\":\"https:\\\/\\\/prochaska.eu\\\/ro\\\/#\\\/schema\\\/logo\\\/image\\\/\",\"url\":\"https:\\\/\\\/prochaska.eu\\\/wp-content\\\/uploads\\\/2024\\\/04\\\/Prochaska_Logo_Black-1.png\",\"contentUrl\":\"https:\\\/\\\/prochaska.eu\\\/wp-content\\\/uploads\\\/2024\\\/04\\\/Prochaska_Logo_Black-1.png\",\"width\":796,\"height\":236,\"caption\":\"Prochaska\"},\"image\":{\"@id\":\"https:\\\/\\\/prochaska.eu\\\/ro\\\/#\\\/schema\\\/logo\\\/image\\\/\"},\"sameAs\":[\"https:\\\/\\\/www.facebook.com\\\/prochaska.eu\\\/\",\"https:\\\/\\\/www.instagram.com\\\/prochaska.eu\\\/\",\"https:\\\/\\\/www.linkedin.com\\\/company\\\/prochaska-handels-gmbh\"]}]}<\/script>\n<!-- \/ Yoast SEO plugin. -->","yoast_head_json":{"title":"Toro - Set de perii de tuns pentru ProStripe 560 - 134-3722 - Prochaska","robots":{"index":"index","follow":"follow","max-snippet":"max-snippet:-1","max-image-preview":"max-image-preview:large","max-video-preview":"max-video-preview:-1"},"canonical":"https:\/\/prochaska.eu\/ro\/produs\/toro-set-de-perii-de-tuns-pentru-prostripe-560-134-3722\/","og_locale":"ro_RO","og_type":"article","og_title":"Toro - Set de perii de tuns pentru ProStripe 560 - 134-3722 - Prochaska","og_description":"Promoveaz\u0103 o peluz\u0103 mai s\u0103n\u0103toas\u0103 \u0219i permite o t\u0103iere mai bun\u0103 prin reducerea acumul\u0103rii pe lamele laterale \u0219i \u00eendep\u0103rtarea resturilor de suprafa\u021b\u0103. \u00cen\u0103l\u021bime \u0219i rake reglabile pentru un reglaj precis. Disponibil ca accesoriu pentru Pro Stripe 560.","og_url":"https:\/\/prochaska.eu\/ro\/produs\/toro-set-de-perii-de-tuns-pentru-prostripe-560-134-3722\/","og_site_name":"Prochaska","article_publisher":"https:\/\/www.facebook.com\/prochaska.eu\/","og_image":[{"width":1440,"height":1440,"url":"https:\/\/prochaska.eu\/wp-content\/uploads\/2024\/06\/sichermaeher-toro-pro-stripe-560-zubeheor-prochaska.jpg","type":"image\/jpeg"}],"twitter_card":"summary_large_image","schema":{"@context":"https:\/\/schema.org","@graph":[{"@type":"WebPage","@id":"https:\/\/prochaska.eu\/ro\/produs\/toro-set-de-perii-de-tuns-pentru-prostripe-560-134-3722\/","url":"https:\/\/prochaska.eu\/ro\/produs\/toro-set-de-perii-de-tuns-pentru-prostripe-560-134-3722\/","name":"Toro - Set de perii de tuns pentru ProStripe 560 - 134-3722 - Prochaska","isPartOf":{"@id":"https:\/\/prochaska.eu\/ro\/#website"},"primaryImageOfPage":{"@id":"https:\/\/prochaska.eu\/ro\/produs\/toro-set-de-perii-de-tuns-pentru-prostripe-560-134-3722\/#primaryimage"},"image":{"@id":"https:\/\/prochaska.eu\/ro\/produs\/toro-set-de-perii-de-tuns-pentru-prostripe-560-134-3722\/#primaryimage"},"thumbnailUrl":"https:\/\/prochaska.eu\/wp-content\/uploads\/2024\/06\/sichermaeher-toro-pro-stripe-560-zubeheor-prochaska.jpg","datePublished":"2020-08-31T10:14:11+00:00","breadcrumb":{"@id":"https:\/\/prochaska.eu\/ro\/produs\/toro-set-de-perii-de-tuns-pentru-prostripe-560-134-3722\/#breadcrumb"},"inLanguage":"ro-RO","potentialAction":[{"@type":"ReadAction","target":["https:\/\/prochaska.eu\/ro\/produs\/toro-set-de-perii-de-tuns-pentru-prostripe-560-134-3722\/"]}]},{"@type":"ImageObject","inLanguage":"ro-RO","@id":"https:\/\/prochaska.eu\/ro\/produs\/toro-set-de-perii-de-tuns-pentru-prostripe-560-134-3722\/#primaryimage","url":"https:\/\/prochaska.eu\/wp-content\/uploads\/2024\/06\/sichermaeher-toro-pro-stripe-560-zubeheor-prochaska.jpg","contentUrl":"https:\/\/prochaska.eu\/wp-content\/uploads\/2024\/06\/sichermaeher-toro-pro-stripe-560-zubeheor-prochaska.jpg","width":1440,"height":1440},{"@type":"BreadcrumbList","@id":"https:\/\/prochaska.eu\/ro\/produs\/toro-set-de-perii-de-tuns-pentru-prostripe-560-134-3722\/#breadcrumb","itemListElement":[{"@type":"ListItem","position":1,"name":"Home","item":"https:\/\/prochaska.eu\/ro\/"},{"@type":"ListItem","position":2,"name":"Shop","item":"https:\/\/prochaska.eu\/ro\/shop\/"},{"@type":"ListItem","position":3,"name":"Toro &#8211; Set de perii de tuns pentru ProStripe 560 &#8211; 134-3722"}]},{"@type":"WebSite","@id":"https:\/\/prochaska.eu\/ro\/#website","url":"https:\/\/prochaska.eu\/ro\/","name":"Prochaska","description":"Spezialist f\u00fcr Pflege von Gr\u00fcnfl\u00e4chen","publisher":{"@id":"https:\/\/prochaska.eu\/ro\/#organization"},"potentialAction":[{"@type":"SearchAction","target":{"@type":"EntryPoint","urlTemplate":"https:\/\/prochaska.eu\/ro\/?s={search_term_string}"},"query-input":{"@type":"PropertyValueSpecification","valueRequired":true,"valueName":"search_term_string"}}],"inLanguage":"ro-RO"},{"@type":"Organization","@id":"https:\/\/prochaska.eu\/ro\/#organization","name":"Prochaska","url":"https:\/\/prochaska.eu\/ro\/","logo":{"@type":"ImageObject","inLanguage":"ro-RO","@id":"https:\/\/prochaska.eu\/ro\/#\/schema\/logo\/image\/","url":"https:\/\/prochaska.eu\/wp-content\/uploads\/2024\/04\/Prochaska_Logo_Black-1.png","contentUrl":"https:\/\/prochaska.eu\/wp-content\/uploads\/2024\/04\/Prochaska_Logo_Black-1.png","width":796,"height":236,"caption":"Prochaska"},"image":{"@id":"https:\/\/prochaska.eu\/ro\/#\/schema\/logo\/image\/"},"sameAs":["https:\/\/www.facebook.com\/prochaska.eu\/","https:\/\/www.instagram.com\/prochaska.eu\/","https:\/\/www.linkedin.com\/company\/prochaska-handels-gmbh"]}]}},"brands":[{"id":3073,"name":"Toro","slug":"toro-ro"}],"_links":{"self":[{"href":"https:\/\/prochaska.eu\/ro\/wp-json\/wp\/v2\/product\/25360","targetHints":{"allow":["GET"]}}],"collection":[{"href":"https:\/\/prochaska.eu\/ro\/wp-json\/wp\/v2\/product"}],"about":[{"href":"https:\/\/prochaska.eu\/ro\/wp-json\/wp\/v2\/types\/product"}],"version-history":[{"count":0,"href":"https:\/\/prochaska.eu\/ro\/wp-json\/wp\/v2\/product\/25360\/revisions"}],"wp:featuredmedia":[{"embeddable":true,"href":"https:\/\/prochaska.eu\/ro\/wp-json\/wp\/v2\/media\/22287"}],"wp:attachment":[{"href":"https:\/\/prochaska.eu\/ro\/wp-json\/wp\/v2\/media?parent=25360"}],"wp:term":[{"taxonomy":"pwb-brand","embeddable":true,"href":"https:\/\/prochaska.eu\/ro\/wp-json\/wp\/v2\/pwb-brand?post=25360"},{"taxonomy":"product_brand","embeddable":true,"href":"https:\/\/prochaska.eu\/ro\/wp-json\/wp\/v2\/product_brand?post=25360"},{"taxonomy":"product_cat","embeddable":true,"href":"https:\/\/prochaska.eu\/ro\/wp-json\/wp\/v2\/product_cat?post=25360"},{"taxonomy":"product_tag","embeddable":true,"href":"https:\/\/prochaska.eu\/ro\/wp-json\/wp\/v2\/product_tag?post=25360"}],"curies":[{"name":"wp","href":"https:\/\/api.w.org\/{rel}","templated":true}]}}