{"id":25364,"date":"2020-08-27T10:33:40","date_gmt":"2020-08-27T10:33:40","guid":{"rendered":"https:\/\/prochaska.eu\/product\/billy-goat-semanatori-os553v\/"},"modified":"2025-09-24T09:45:12","modified_gmt":"2025-09-24T09:45:12","slug":"billy-goat-semanatori-os553v","status":"publish","type":"product","link":"https:\/\/prochaska.eu\/ro\/produs\/billy-goat-semanatori-os553v\/","title":{"rendered":"Billy Goat &#8211; Sem\u0103n\u0103tori &#8211; OS553V"},"content":{"rendered":"<p>Supra\u00een\u0103l\u021b\u0103torul OS553V de la <a href=\"https:\/\/www.prochaska.eu\/billygoat\/\"> Billy Goat<\/a> are o rol\u0103 delta VertiCut de 20 inch\/51 cm, care creeaz\u0103 condi\u021bii ideale pentru contactul semin\u021belor cu solul \u0219i rate ridicate de germinare. Aceast\u0103 sem\u0103n\u0103toare cu supra\u00een\u0103l\u021bare p\u0103streaz\u0103 semin\u021bele cu ajutorul func\u021biei exclusive Billy Goat Auto Drop\u2122, care declan\u0219eaz\u0103 sau opre\u0219te automat sem\u0103natul prin angajarea sau dezangajarea balotului, economisind semin\u021bele \u0219i prevenind acumularea de semin\u021be. Balotul rezistent controleaz\u0103 at\u00e2t eliberarea semin\u021belor, c\u00e2t \u0219i angajarea cu\u021bitului. Rezervorul de semin\u021be din poliester este montat \u00een partea frontal\u0103, nu rugine\u0219te \u0219i nu se \u00eendoaie \u0219i are o capacitate de 11,3 kg. Ro\u021bile, balo\u021bii, cadrul \u0219i rulmen\u021bii de \u00eenalt\u0103 calitate asigur\u0103 durabilitatea \u0219i rezilien\u021ba aparatului. Sem\u0103n\u0103toarea OS553V are role op\u021bionale cu flagel sau cu din\u021bi cu arc \u0219i poate fi u\u0219or transformat\u0103 \u00eentr-un scarificator electric, f\u0103c\u00e2nd ma\u0219ina extrem de versatil\u0103 \u0219i o investi\u021bie excelent\u0103. Aparatul este propulsat de un motor de 169 cc.<\/p>\n<h2 style=\"text-align: left;\">Avantajele produsului<\/h2>\n<ul>\n<li>Cutie de semin\u021be Poly<\/li>\n<li>Sistem Auto Drop\u2122<\/li>\n<li>Transmisie Premium pentru cositoare<\/li>\n<li>Bobin\u0103 de scarificare Delta<\/li>\n<li>Reglare central\u0103, f\u0103r\u0103 trepte a \u00een\u0103l\u021bimii<\/li>\n<li>\u0218in\u0103 de ghidare Fold&#8217;n&#8217;Go<\/li>\n<\/ul>\n<h2>Accesorii op\u021bionale<\/h2>\n<ul>\n<li><a href=\"https:\/\/www.prochaska.eu\/produkt\/billy-goat-federzinkenspule-saegeraete-zubehoer\/\">Bobin\u0103 de prim\u0103var\u0103 pentru din\u021bi (350355-S)<\/a><\/li>\n<\/ul>\n","protected":false},"excerpt":{"rendered":"<p>Supra\u00een\u0103l\u021b\u0103torul OS553V de la <a href=\"https:\/\/www.prochaska.eu\/billygoat\/\"> Billy Goat<\/a> are o rol\u0103 delta VertiCut de 20 inch\/51 cm, care creeaz\u0103 condi\u021bii ideale pentru contactul semin\u021belor cu solul \u0219i rate ridicate de germinare.<\/p>\n","protected":false},"featured_media":22227,"template":"","meta":[],"pwb-brand":[3084],"product_brand":[],"product_cat":[1533,1535],"product_tag":[1529],"class_list":{"0":"post-25364","1":"product","2":"type-product","3":"status-publish","4":"has-post-thumbnail","6":"pwb-brand-billy-goat-ro","7":"product_cat-pregatirea-solului","8":"product_cat-pregatirea-solului-ro","9":"product_tag-billy-goat-ro","11":"first","12":"outofstock","13":"taxable","14":"shipping-taxable","15":"purchasable","16":"product-type-simple"},"yoast_head":"<!-- This site is optimized with the Yoast SEO plugin v27.4 - https:\/\/yoast.com\/product\/yoast-seo-wordpress\/ -->\n<title>Billy Goat - Sem\u0103n\u0103tori - OS553V - Prochaska<\/title>\n<meta name=\"robots\" content=\"index, follow, max-snippet:-1, max-image-preview:large, max-video-preview:-1\" \/>\n<link rel=\"canonical\" href=\"https:\/\/prochaska.eu\/ro\/produs\/billy-goat-semanatori-os553v\/\" \/>\n<meta property=\"og:locale\" content=\"ro_RO\" \/>\n<meta property=\"og:type\" content=\"article\" \/>\n<meta property=\"og:title\" content=\"Billy Goat - Sem\u0103n\u0103tori - OS553V - Prochaska\" \/>\n<meta property=\"og:description\" content=\"Supra\u00een\u0103l\u021b\u0103torul OS553V de la Billy Goat are o rol\u0103 delta VertiCut de 20 inch\/51 cm, care creeaz\u0103 condi\u021bii ideale pentru contactul semin\u021belor cu solul \u0219i rate ridicate de germinare.\" \/>\n<meta property=\"og:url\" content=\"https:\/\/prochaska.eu\/ro\/produs\/billy-goat-semanatori-os553v\/\" \/>\n<meta property=\"og:site_name\" content=\"Prochaska\" \/>\n<meta property=\"article:publisher\" content=\"https:\/\/www.facebook.com\/prochaska.eu\/\" \/>\n<meta property=\"article:modified_time\" content=\"2025-09-24T09:45:12+00:00\" \/>\n<meta property=\"og:image\" content=\"https:\/\/prochaska.eu\/wp-content\/uploads\/2024\/06\/nachsaegeraet-billygoat-os552h-prochaska.jpg\" \/>\n\t<meta property=\"og:image:width\" content=\"1440\" \/>\n\t<meta property=\"og:image:height\" content=\"1440\" \/>\n\t<meta property=\"og:image:type\" content=\"image\/jpeg\" \/>\n<meta name=\"twitter:card\" content=\"summary_large_image\" \/>\n<meta name=\"twitter:label1\" content=\"Timp estimat pentru citire\" \/>\n\t<meta name=\"twitter:data1\" content=\"1 minut\" \/>\n<script type=\"application\/ld+json\" class=\"yoast-schema-graph\">{\"@context\":\"https:\\\/\\\/schema.org\",\"@graph\":[{\"@type\":\"WebPage\",\"@id\":\"https:\\\/\\\/prochaska.eu\\\/ro\\\/produs\\\/billy-goat-semanatori-os553v\\\/\",\"url\":\"https:\\\/\\\/prochaska.eu\\\/ro\\\/produs\\\/billy-goat-semanatori-os553v\\\/\",\"name\":\"Billy Goat - Sem\u0103n\u0103tori - OS553V - Prochaska\",\"isPartOf\":{\"@id\":\"https:\\\/\\\/prochaska.eu\\\/ro\\\/#website\"},\"primaryImageOfPage\":{\"@id\":\"https:\\\/\\\/prochaska.eu\\\/ro\\\/produs\\\/billy-goat-semanatori-os553v\\\/#primaryimage\"},\"image\":{\"@id\":\"https:\\\/\\\/prochaska.eu\\\/ro\\\/produs\\\/billy-goat-semanatori-os553v\\\/#primaryimage\"},\"thumbnailUrl\":\"https:\\\/\\\/prochaska.eu\\\/wp-content\\\/uploads\\\/2024\\\/06\\\/nachsaegeraet-billygoat-os552h-prochaska.jpg\",\"datePublished\":\"2020-08-27T10:33:40+00:00\",\"dateModified\":\"2025-09-24T09:45:12+00:00\",\"breadcrumb\":{\"@id\":\"https:\\\/\\\/prochaska.eu\\\/ro\\\/produs\\\/billy-goat-semanatori-os553v\\\/#breadcrumb\"},\"inLanguage\":\"ro-RO\",\"potentialAction\":[{\"@type\":\"ReadAction\",\"target\":[\"https:\\\/\\\/prochaska.eu\\\/ro\\\/produs\\\/billy-goat-semanatori-os553v\\\/\"]}]},{\"@type\":\"ImageObject\",\"inLanguage\":\"ro-RO\",\"@id\":\"https:\\\/\\\/prochaska.eu\\\/ro\\\/produs\\\/billy-goat-semanatori-os553v\\\/#primaryimage\",\"url\":\"https:\\\/\\\/prochaska.eu\\\/wp-content\\\/uploads\\\/2024\\\/06\\\/nachsaegeraet-billygoat-os552h-prochaska.jpg\",\"contentUrl\":\"https:\\\/\\\/prochaska.eu\\\/wp-content\\\/uploads\\\/2024\\\/06\\\/nachsaegeraet-billygoat-os552h-prochaska.jpg\",\"width\":1440,\"height\":1440},{\"@type\":\"BreadcrumbList\",\"@id\":\"https:\\\/\\\/prochaska.eu\\\/ro\\\/produs\\\/billy-goat-semanatori-os553v\\\/#breadcrumb\",\"itemListElement\":[{\"@type\":\"ListItem\",\"position\":1,\"name\":\"Home\",\"item\":\"https:\\\/\\\/prochaska.eu\\\/ro\\\/\"},{\"@type\":\"ListItem\",\"position\":2,\"name\":\"Shop\",\"item\":\"https:\\\/\\\/prochaska.eu\\\/ro\\\/shop\\\/\"},{\"@type\":\"ListItem\",\"position\":3,\"name\":\"Billy Goat &#8211; Sem\u0103n\u0103tori &#8211; OS553V\"}]},{\"@type\":\"WebSite\",\"@id\":\"https:\\\/\\\/prochaska.eu\\\/ro\\\/#website\",\"url\":\"https:\\\/\\\/prochaska.eu\\\/ro\\\/\",\"name\":\"Prochaska\",\"description\":\"Spezialist f\u00fcr Pflege von Gr\u00fcnfl\u00e4chen\",\"publisher\":{\"@id\":\"https:\\\/\\\/prochaska.eu\\\/ro\\\/#organization\"},\"potentialAction\":[{\"@type\":\"SearchAction\",\"target\":{\"@type\":\"EntryPoint\",\"urlTemplate\":\"https:\\\/\\\/prochaska.eu\\\/ro\\\/?s={search_term_string}\"},\"query-input\":{\"@type\":\"PropertyValueSpecification\",\"valueRequired\":true,\"valueName\":\"search_term_string\"}}],\"inLanguage\":\"ro-RO\"},{\"@type\":\"Organization\",\"@id\":\"https:\\\/\\\/prochaska.eu\\\/ro\\\/#organization\",\"name\":\"Prochaska\",\"url\":\"https:\\\/\\\/prochaska.eu\\\/ro\\\/\",\"logo\":{\"@type\":\"ImageObject\",\"inLanguage\":\"ro-RO\",\"@id\":\"https:\\\/\\\/prochaska.eu\\\/ro\\\/#\\\/schema\\\/logo\\\/image\\\/\",\"url\":\"https:\\\/\\\/prochaska.eu\\\/wp-content\\\/uploads\\\/2024\\\/04\\\/Prochaska_Logo_Black-1.png\",\"contentUrl\":\"https:\\\/\\\/prochaska.eu\\\/wp-content\\\/uploads\\\/2024\\\/04\\\/Prochaska_Logo_Black-1.png\",\"width\":796,\"height\":236,\"caption\":\"Prochaska\"},\"image\":{\"@id\":\"https:\\\/\\\/prochaska.eu\\\/ro\\\/#\\\/schema\\\/logo\\\/image\\\/\"},\"sameAs\":[\"https:\\\/\\\/www.facebook.com\\\/prochaska.eu\\\/\",\"https:\\\/\\\/www.instagram.com\\\/prochaska.eu\\\/\",\"https:\\\/\\\/www.linkedin.com\\\/company\\\/prochaska-handels-gmbh\"]}]}<\/script>\n<!-- \/ Yoast SEO plugin. -->","yoast_head_json":{"title":"Billy Goat - Sem\u0103n\u0103tori - OS553V - Prochaska","robots":{"index":"index","follow":"follow","max-snippet":"max-snippet:-1","max-image-preview":"max-image-preview:large","max-video-preview":"max-video-preview:-1"},"canonical":"https:\/\/prochaska.eu\/ro\/produs\/billy-goat-semanatori-os553v\/","og_locale":"ro_RO","og_type":"article","og_title":"Billy Goat - Sem\u0103n\u0103tori - OS553V - Prochaska","og_description":"Supra\u00een\u0103l\u021b\u0103torul OS553V de la Billy Goat are o rol\u0103 delta VertiCut de 20 inch\/51 cm, care creeaz\u0103 condi\u021bii ideale pentru contactul semin\u021belor cu solul \u0219i rate ridicate de germinare.","og_url":"https:\/\/prochaska.eu\/ro\/produs\/billy-goat-semanatori-os553v\/","og_site_name":"Prochaska","article_publisher":"https:\/\/www.facebook.com\/prochaska.eu\/","article_modified_time":"2025-09-24T09:45:12+00:00","og_image":[{"width":1440,"height":1440,"url":"https:\/\/prochaska.eu\/wp-content\/uploads\/2024\/06\/nachsaegeraet-billygoat-os552h-prochaska.jpg","type":"image\/jpeg"}],"twitter_card":"summary_large_image","twitter_misc":{"Timp estimat pentru citire":"1 minut"},"schema":{"@context":"https:\/\/schema.org","@graph":[{"@type":"WebPage","@id":"https:\/\/prochaska.eu\/ro\/produs\/billy-goat-semanatori-os553v\/","url":"https:\/\/prochaska.eu\/ro\/produs\/billy-goat-semanatori-os553v\/","name":"Billy Goat - Sem\u0103n\u0103tori - OS553V - Prochaska","isPartOf":{"@id":"https:\/\/prochaska.eu\/ro\/#website"},"primaryImageOfPage":{"@id":"https:\/\/prochaska.eu\/ro\/produs\/billy-goat-semanatori-os553v\/#primaryimage"},"image":{"@id":"https:\/\/prochaska.eu\/ro\/produs\/billy-goat-semanatori-os553v\/#primaryimage"},"thumbnailUrl":"https:\/\/prochaska.eu\/wp-content\/uploads\/2024\/06\/nachsaegeraet-billygoat-os552h-prochaska.jpg","datePublished":"2020-08-27T10:33:40+00:00","dateModified":"2025-09-24T09:45:12+00:00","breadcrumb":{"@id":"https:\/\/prochaska.eu\/ro\/produs\/billy-goat-semanatori-os553v\/#breadcrumb"},"inLanguage":"ro-RO","potentialAction":[{"@type":"ReadAction","target":["https:\/\/prochaska.eu\/ro\/produs\/billy-goat-semanatori-os553v\/"]}]},{"@type":"ImageObject","inLanguage":"ro-RO","@id":"https:\/\/prochaska.eu\/ro\/produs\/billy-goat-semanatori-os553v\/#primaryimage","url":"https:\/\/prochaska.eu\/wp-content\/uploads\/2024\/06\/nachsaegeraet-billygoat-os552h-prochaska.jpg","contentUrl":"https:\/\/prochaska.eu\/wp-content\/uploads\/2024\/06\/nachsaegeraet-billygoat-os552h-prochaska.jpg","width":1440,"height":1440},{"@type":"BreadcrumbList","@id":"https:\/\/prochaska.eu\/ro\/produs\/billy-goat-semanatori-os553v\/#breadcrumb","itemListElement":[{"@type":"ListItem","position":1,"name":"Home","item":"https:\/\/prochaska.eu\/ro\/"},{"@type":"ListItem","position":2,"name":"Shop","item":"https:\/\/prochaska.eu\/ro\/shop\/"},{"@type":"ListItem","position":3,"name":"Billy Goat &#8211; Sem\u0103n\u0103tori &#8211; OS553V"}]},{"@type":"WebSite","@id":"https:\/\/prochaska.eu\/ro\/#website","url":"https:\/\/prochaska.eu\/ro\/","name":"Prochaska","description":"Spezialist f\u00fcr Pflege von Gr\u00fcnfl\u00e4chen","publisher":{"@id":"https:\/\/prochaska.eu\/ro\/#organization"},"potentialAction":[{"@type":"SearchAction","target":{"@type":"EntryPoint","urlTemplate":"https:\/\/prochaska.eu\/ro\/?s={search_term_string}"},"query-input":{"@type":"PropertyValueSpecification","valueRequired":true,"valueName":"search_term_string"}}],"inLanguage":"ro-RO"},{"@type":"Organization","@id":"https:\/\/prochaska.eu\/ro\/#organization","name":"Prochaska","url":"https:\/\/prochaska.eu\/ro\/","logo":{"@type":"ImageObject","inLanguage":"ro-RO","@id":"https:\/\/prochaska.eu\/ro\/#\/schema\/logo\/image\/","url":"https:\/\/prochaska.eu\/wp-content\/uploads\/2024\/04\/Prochaska_Logo_Black-1.png","contentUrl":"https:\/\/prochaska.eu\/wp-content\/uploads\/2024\/04\/Prochaska_Logo_Black-1.png","width":796,"height":236,"caption":"Prochaska"},"image":{"@id":"https:\/\/prochaska.eu\/ro\/#\/schema\/logo\/image\/"},"sameAs":["https:\/\/www.facebook.com\/prochaska.eu\/","https:\/\/www.instagram.com\/prochaska.eu\/","https:\/\/www.linkedin.com\/company\/prochaska-handels-gmbh"]}]}},"brands":[{"id":3084,"name":"Billy Goat","slug":"billy-goat-ro"}],"_links":{"self":[{"href":"https:\/\/prochaska.eu\/ro\/wp-json\/wp\/v2\/product\/25364","targetHints":{"allow":["GET"]}}],"collection":[{"href":"https:\/\/prochaska.eu\/ro\/wp-json\/wp\/v2\/product"}],"about":[{"href":"https:\/\/prochaska.eu\/ro\/wp-json\/wp\/v2\/types\/product"}],"version-history":[{"count":1,"href":"https:\/\/prochaska.eu\/ro\/wp-json\/wp\/v2\/product\/25364\/revisions"}],"predecessor-version":[{"id":31462,"href":"https:\/\/prochaska.eu\/ro\/wp-json\/wp\/v2\/product\/25364\/revisions\/31462"}],"wp:featuredmedia":[{"embeddable":true,"href":"https:\/\/prochaska.eu\/ro\/wp-json\/wp\/v2\/media\/22227"}],"wp:attachment":[{"href":"https:\/\/prochaska.eu\/ro\/wp-json\/wp\/v2\/media?parent=25364"}],"wp:term":[{"taxonomy":"pwb-brand","embeddable":true,"href":"https:\/\/prochaska.eu\/ro\/wp-json\/wp\/v2\/pwb-brand?post=25364"},{"taxonomy":"product_brand","embeddable":true,"href":"https:\/\/prochaska.eu\/ro\/wp-json\/wp\/v2\/product_brand?post=25364"},{"taxonomy":"product_cat","embeddable":true,"href":"https:\/\/prochaska.eu\/ro\/wp-json\/wp\/v2\/product_cat?post=25364"},{"taxonomy":"product_tag","embeddable":true,"href":"https:\/\/prochaska.eu\/ro\/wp-json\/wp\/v2\/product_tag?post=25364"}],"curies":[{"name":"wp","href":"https:\/\/api.w.org\/{rel}","templated":true}]}}