{"id":25400,"date":"2020-08-27T10:08:09","date_gmt":"2020-08-27T10:08:09","guid":{"rendered":"https:\/\/prochaska.eu\/product\/billy-goat-semanatori-os901sph\/"},"modified":"2020-08-27T10:08:09","modified_gmt":"2020-08-27T10:08:09","slug":"billy-goat-semanatori-os901sph","status":"publish","type":"product","link":"https:\/\/prochaska.eu\/ro\/produs\/billy-goat-semanatori-os901sph\/","title":{"rendered":"Billy Goat &#8211; Sem\u0103n\u0103tori &#8211; OS901SPH"},"content":{"rendered":"<p>Supra\u00een\u0103l\u021b\u0103torul<a href=\"https:\/\/www.prochaska.eu\/billygoat\/\"> Billy Goat<\/a> OS901SPH cu motor Honda \u0219i l\u0103\u021bime de 22 inch\/56 cm are o lam\u0103 de t\u0103iere exclusiv\u0103 cu 11 lame care plute\u0219te de-a lungul contururilor gazonului, cresc\u00e2nd raportul de contact dintre semin\u021be \u0219i sol \u0219i \u00eembun\u0103t\u0103\u021bind ratele de germinare. Sem\u0103n\u0103toarea este autopropulsat\u0103 \u0219i reduce oboseala asociat\u0103 cu \u00eempingerea dispozitivului \u0219i are, de asemenea, comenzi intuitive de mers \u00eenainte \u0219i \u00eenapoi. Designul unic al lamei reduce acumularea de paie \u0219i cre\u0219te durata de via\u021b\u0103 a lamei datorit\u0103 unei muchii de atac ascu\u021bite \u0219i a unui unghi de presiune \u00eembun\u0103t\u0103\u021bit. La aceasta se adaug\u0103 noua reglare a \u00een\u0103l\u021bimii, care poate fi ac\u021bionat\u0103 cu piciorul \u0219i care ridic\u0103 \u0219i coboar\u0103 f\u0103r\u0103 efort rola pentru a permite o ad\u00e2ncime sporit\u0103 de prindere a lamei. Reglarea nelimitat\u0103 a ad\u00e2ncimii lamei de t\u0103iere ofer\u0103 o durat\u0103 de via\u021b\u0103 mai lung\u0103 a lamei \u00een compara\u021bie cu versiunile presetate. Set\u0103rile de \u00eens\u0103m\u00e2n\u021bare pot fi controlate practic din panoul de control. Dispozitivul are un bunc\u0103r de semin\u021be de 13,6 kg care se afl\u0103 mult deasupra gazonului, astfel \u00eenc\u00e2t s\u0103 nu fie \u00eenfundat de umiditate.<\/p>\n<h2 style=\"text-align: left;\">Avantajele produsului<\/h2>\n<ul>\n<li>Autopropulsie hidrostatic\u0103<\/li>\n<li>Sistem auto-drop<\/li>\n<li>Cap de t\u0103iere cu plutire liber\u0103<\/li>\n<li>Pedal\u0103 de picior<\/li>\n<li>Cutie de semin\u021be \u00een\u0103l\u021bat\u0103<\/li>\n<li>\u0218in\u0103 de ghidare Fold&#8217;n&#8217;Go<\/li>\n<\/ul>\n","protected":false},"excerpt":{"rendered":"<p>Supra\u00een\u0103l\u021b\u0103torul<a href=\"https:\/\/www.prochaska.eu\/billygoat\/\"> Billy Goat<\/a> OS901SPH cu motor Honda \u0219i l\u0103\u021bime de 22 inch\/56 cm are o lam\u0103 de t\u0103iere exclusiv\u0103 cu 11 lame care plute\u0219te de-a lungul contururilor gazonului, cresc\u00e2nd raportul de contact dintre semin\u021be \u0219i sol \u0219i \u00eembun\u0103t\u0103\u021bind ratele de germinare.<\/p>\n","protected":false},"featured_media":22224,"template":"","meta":[],"pwb-brand":[3084],"product_brand":[],"product_cat":[1533,1535],"product_tag":[1529],"class_list":{"0":"post-25400","1":"product","2":"type-product","3":"status-publish","4":"has-post-thumbnail","6":"pwb-brand-billy-goat-ro","7":"product_cat-pregatirea-solului","8":"product_cat-pregatirea-solului-ro","9":"product_tag-billy-goat-ro","11":"first","12":"instock","13":"taxable","14":"shipping-taxable","15":"purchasable","16":"product-type-simple"},"yoast_head":"<!-- This site is optimized with the Yoast SEO plugin v27.5 - https:\/\/yoast.com\/product\/yoast-seo-wordpress\/ -->\n<title>Billy Goat - Sem\u0103n\u0103tori - OS901SPH - Prochaska<\/title>\n<meta name=\"robots\" content=\"index, follow, max-snippet:-1, max-image-preview:large, max-video-preview:-1\" \/>\n<link rel=\"canonical\" href=\"https:\/\/prochaska.eu\/ro\/produs\/billy-goat-semanatori-os901sph\/\" \/>\n<meta property=\"og:locale\" content=\"ro_RO\" \/>\n<meta property=\"og:type\" content=\"article\" \/>\n<meta property=\"og:title\" content=\"Billy Goat - Sem\u0103n\u0103tori - OS901SPH - Prochaska\" \/>\n<meta property=\"og:description\" content=\"Supra\u00een\u0103l\u021b\u0103torul Billy Goat OS901SPH cu motor Honda \u0219i l\u0103\u021bime de 22 inch\/56 cm are o lam\u0103 de t\u0103iere exclusiv\u0103 cu 11 lame care plute\u0219te de-a lungul contururilor gazonului, cresc\u00e2nd raportul de contact dintre semin\u021be \u0219i sol \u0219i \u00eembun\u0103t\u0103\u021bind ratele de germinare.\" \/>\n<meta property=\"og:url\" content=\"https:\/\/prochaska.eu\/ro\/produs\/billy-goat-semanatori-os901sph\/\" \/>\n<meta property=\"og:site_name\" content=\"Prochaska\" \/>\n<meta property=\"article:publisher\" content=\"https:\/\/www.facebook.com\/prochaska.eu\/\" \/>\n<meta property=\"og:image\" content=\"https:\/\/prochaska.eu\/wp-content\/uploads\/2024\/06\/nachsaegeraet-billygoat-os901sph-prochaska.jpg\" \/>\n\t<meta property=\"og:image:width\" content=\"1440\" \/>\n\t<meta property=\"og:image:height\" content=\"1440\" \/>\n\t<meta property=\"og:image:type\" content=\"image\/jpeg\" \/>\n<meta name=\"twitter:card\" content=\"summary_large_image\" \/>\n<meta name=\"twitter:label1\" content=\"Timp estimat pentru citire\" \/>\n\t<meta name=\"twitter:data1\" content=\"1 minut\" \/>\n<script type=\"application\/ld+json\" class=\"yoast-schema-graph\">{\"@context\":\"https:\\\/\\\/schema.org\",\"@graph\":[{\"@type\":\"WebPage\",\"@id\":\"https:\\\/\\\/prochaska.eu\\\/ro\\\/produs\\\/billy-goat-semanatori-os901sph\\\/\",\"url\":\"https:\\\/\\\/prochaska.eu\\\/ro\\\/produs\\\/billy-goat-semanatori-os901sph\\\/\",\"name\":\"Billy Goat - Sem\u0103n\u0103tori - OS901SPH - Prochaska\",\"isPartOf\":{\"@id\":\"https:\\\/\\\/prochaska.eu\\\/ro\\\/#website\"},\"primaryImageOfPage\":{\"@id\":\"https:\\\/\\\/prochaska.eu\\\/ro\\\/produs\\\/billy-goat-semanatori-os901sph\\\/#primaryimage\"},\"image\":{\"@id\":\"https:\\\/\\\/prochaska.eu\\\/ro\\\/produs\\\/billy-goat-semanatori-os901sph\\\/#primaryimage\"},\"thumbnailUrl\":\"https:\\\/\\\/prochaska.eu\\\/wp-content\\\/uploads\\\/2024\\\/06\\\/nachsaegeraet-billygoat-os901sph-prochaska.jpg\",\"datePublished\":\"2020-08-27T10:08:09+00:00\",\"breadcrumb\":{\"@id\":\"https:\\\/\\\/prochaska.eu\\\/ro\\\/produs\\\/billy-goat-semanatori-os901sph\\\/#breadcrumb\"},\"inLanguage\":\"ro-RO\",\"potentialAction\":[{\"@type\":\"ReadAction\",\"target\":[\"https:\\\/\\\/prochaska.eu\\\/ro\\\/produs\\\/billy-goat-semanatori-os901sph\\\/\"]}]},{\"@type\":\"ImageObject\",\"inLanguage\":\"ro-RO\",\"@id\":\"https:\\\/\\\/prochaska.eu\\\/ro\\\/produs\\\/billy-goat-semanatori-os901sph\\\/#primaryimage\",\"url\":\"https:\\\/\\\/prochaska.eu\\\/wp-content\\\/uploads\\\/2024\\\/06\\\/nachsaegeraet-billygoat-os901sph-prochaska.jpg\",\"contentUrl\":\"https:\\\/\\\/prochaska.eu\\\/wp-content\\\/uploads\\\/2024\\\/06\\\/nachsaegeraet-billygoat-os901sph-prochaska.jpg\",\"width\":1440,\"height\":1440},{\"@type\":\"BreadcrumbList\",\"@id\":\"https:\\\/\\\/prochaska.eu\\\/ro\\\/produs\\\/billy-goat-semanatori-os901sph\\\/#breadcrumb\",\"itemListElement\":[{\"@type\":\"ListItem\",\"position\":1,\"name\":\"Home\",\"item\":\"https:\\\/\\\/prochaska.eu\\\/ro\\\/\"},{\"@type\":\"ListItem\",\"position\":2,\"name\":\"Shop\",\"item\":\"https:\\\/\\\/prochaska.eu\\\/ro\\\/shop\\\/\"},{\"@type\":\"ListItem\",\"position\":3,\"name\":\"Billy Goat &#8211; Sem\u0103n\u0103tori &#8211; OS901SPH\"}]},{\"@type\":\"WebSite\",\"@id\":\"https:\\\/\\\/prochaska.eu\\\/ro\\\/#website\",\"url\":\"https:\\\/\\\/prochaska.eu\\\/ro\\\/\",\"name\":\"Prochaska\",\"description\":\"Spezialist f\u00fcr Pflege von Gr\u00fcnfl\u00e4chen\",\"publisher\":{\"@id\":\"https:\\\/\\\/prochaska.eu\\\/ro\\\/#organization\"},\"potentialAction\":[{\"@type\":\"SearchAction\",\"target\":{\"@type\":\"EntryPoint\",\"urlTemplate\":\"https:\\\/\\\/prochaska.eu\\\/ro\\\/?s={search_term_string}\"},\"query-input\":{\"@type\":\"PropertyValueSpecification\",\"valueRequired\":true,\"valueName\":\"search_term_string\"}}],\"inLanguage\":\"ro-RO\"},{\"@type\":\"Organization\",\"@id\":\"https:\\\/\\\/prochaska.eu\\\/ro\\\/#organization\",\"name\":\"Prochaska\",\"url\":\"https:\\\/\\\/prochaska.eu\\\/ro\\\/\",\"logo\":{\"@type\":\"ImageObject\",\"inLanguage\":\"ro-RO\",\"@id\":\"https:\\\/\\\/prochaska.eu\\\/ro\\\/#\\\/schema\\\/logo\\\/image\\\/\",\"url\":\"https:\\\/\\\/prochaska.eu\\\/wp-content\\\/uploads\\\/2024\\\/04\\\/Prochaska_Logo_Black-1.png\",\"contentUrl\":\"https:\\\/\\\/prochaska.eu\\\/wp-content\\\/uploads\\\/2024\\\/04\\\/Prochaska_Logo_Black-1.png\",\"width\":796,\"height\":236,\"caption\":\"Prochaska\"},\"image\":{\"@id\":\"https:\\\/\\\/prochaska.eu\\\/ro\\\/#\\\/schema\\\/logo\\\/image\\\/\"},\"sameAs\":[\"https:\\\/\\\/www.facebook.com\\\/prochaska.eu\\\/\",\"https:\\\/\\\/www.instagram.com\\\/prochaska.eu\\\/\",\"https:\\\/\\\/www.linkedin.com\\\/company\\\/prochaska-handels-gmbh\"]}]}<\/script>\n<!-- \/ Yoast SEO plugin. -->","yoast_head_json":{"title":"Billy Goat - Sem\u0103n\u0103tori - OS901SPH - Prochaska","robots":{"index":"index","follow":"follow","max-snippet":"max-snippet:-1","max-image-preview":"max-image-preview:large","max-video-preview":"max-video-preview:-1"},"canonical":"https:\/\/prochaska.eu\/ro\/produs\/billy-goat-semanatori-os901sph\/","og_locale":"ro_RO","og_type":"article","og_title":"Billy Goat - Sem\u0103n\u0103tori - OS901SPH - Prochaska","og_description":"Supra\u00een\u0103l\u021b\u0103torul Billy Goat OS901SPH cu motor Honda \u0219i l\u0103\u021bime de 22 inch\/56 cm are o lam\u0103 de t\u0103iere exclusiv\u0103 cu 11 lame care plute\u0219te de-a lungul contururilor gazonului, cresc\u00e2nd raportul de contact dintre semin\u021be \u0219i sol \u0219i \u00eembun\u0103t\u0103\u021bind ratele de germinare.","og_url":"https:\/\/prochaska.eu\/ro\/produs\/billy-goat-semanatori-os901sph\/","og_site_name":"Prochaska","article_publisher":"https:\/\/www.facebook.com\/prochaska.eu\/","og_image":[{"width":1440,"height":1440,"url":"https:\/\/prochaska.eu\/wp-content\/uploads\/2024\/06\/nachsaegeraet-billygoat-os901sph-prochaska.jpg","type":"image\/jpeg"}],"twitter_card":"summary_large_image","twitter_misc":{"Timp estimat pentru citire":"1 minut"},"schema":{"@context":"https:\/\/schema.org","@graph":[{"@type":"WebPage","@id":"https:\/\/prochaska.eu\/ro\/produs\/billy-goat-semanatori-os901sph\/","url":"https:\/\/prochaska.eu\/ro\/produs\/billy-goat-semanatori-os901sph\/","name":"Billy Goat - Sem\u0103n\u0103tori - OS901SPH - Prochaska","isPartOf":{"@id":"https:\/\/prochaska.eu\/ro\/#website"},"primaryImageOfPage":{"@id":"https:\/\/prochaska.eu\/ro\/produs\/billy-goat-semanatori-os901sph\/#primaryimage"},"image":{"@id":"https:\/\/prochaska.eu\/ro\/produs\/billy-goat-semanatori-os901sph\/#primaryimage"},"thumbnailUrl":"https:\/\/prochaska.eu\/wp-content\/uploads\/2024\/06\/nachsaegeraet-billygoat-os901sph-prochaska.jpg","datePublished":"2020-08-27T10:08:09+00:00","breadcrumb":{"@id":"https:\/\/prochaska.eu\/ro\/produs\/billy-goat-semanatori-os901sph\/#breadcrumb"},"inLanguage":"ro-RO","potentialAction":[{"@type":"ReadAction","target":["https:\/\/prochaska.eu\/ro\/produs\/billy-goat-semanatori-os901sph\/"]}]},{"@type":"ImageObject","inLanguage":"ro-RO","@id":"https:\/\/prochaska.eu\/ro\/produs\/billy-goat-semanatori-os901sph\/#primaryimage","url":"https:\/\/prochaska.eu\/wp-content\/uploads\/2024\/06\/nachsaegeraet-billygoat-os901sph-prochaska.jpg","contentUrl":"https:\/\/prochaska.eu\/wp-content\/uploads\/2024\/06\/nachsaegeraet-billygoat-os901sph-prochaska.jpg","width":1440,"height":1440},{"@type":"BreadcrumbList","@id":"https:\/\/prochaska.eu\/ro\/produs\/billy-goat-semanatori-os901sph\/#breadcrumb","itemListElement":[{"@type":"ListItem","position":1,"name":"Home","item":"https:\/\/prochaska.eu\/ro\/"},{"@type":"ListItem","position":2,"name":"Shop","item":"https:\/\/prochaska.eu\/ro\/shop\/"},{"@type":"ListItem","position":3,"name":"Billy Goat &#8211; Sem\u0103n\u0103tori &#8211; OS901SPH"}]},{"@type":"WebSite","@id":"https:\/\/prochaska.eu\/ro\/#website","url":"https:\/\/prochaska.eu\/ro\/","name":"Prochaska","description":"Spezialist f\u00fcr Pflege von Gr\u00fcnfl\u00e4chen","publisher":{"@id":"https:\/\/prochaska.eu\/ro\/#organization"},"potentialAction":[{"@type":"SearchAction","target":{"@type":"EntryPoint","urlTemplate":"https:\/\/prochaska.eu\/ro\/?s={search_term_string}"},"query-input":{"@type":"PropertyValueSpecification","valueRequired":true,"valueName":"search_term_string"}}],"inLanguage":"ro-RO"},{"@type":"Organization","@id":"https:\/\/prochaska.eu\/ro\/#organization","name":"Prochaska","url":"https:\/\/prochaska.eu\/ro\/","logo":{"@type":"ImageObject","inLanguage":"ro-RO","@id":"https:\/\/prochaska.eu\/ro\/#\/schema\/logo\/image\/","url":"https:\/\/prochaska.eu\/wp-content\/uploads\/2024\/04\/Prochaska_Logo_Black-1.png","contentUrl":"https:\/\/prochaska.eu\/wp-content\/uploads\/2024\/04\/Prochaska_Logo_Black-1.png","width":796,"height":236,"caption":"Prochaska"},"image":{"@id":"https:\/\/prochaska.eu\/ro\/#\/schema\/logo\/image\/"},"sameAs":["https:\/\/www.facebook.com\/prochaska.eu\/","https:\/\/www.instagram.com\/prochaska.eu\/","https:\/\/www.linkedin.com\/company\/prochaska-handels-gmbh"]}]}},"brands":[{"id":3084,"name":"Billy Goat","slug":"billy-goat-ro"}],"_links":{"self":[{"href":"https:\/\/prochaska.eu\/ro\/wp-json\/wp\/v2\/product\/25400","targetHints":{"allow":["GET"]}}],"collection":[{"href":"https:\/\/prochaska.eu\/ro\/wp-json\/wp\/v2\/product"}],"about":[{"href":"https:\/\/prochaska.eu\/ro\/wp-json\/wp\/v2\/types\/product"}],"version-history":[{"count":0,"href":"https:\/\/prochaska.eu\/ro\/wp-json\/wp\/v2\/product\/25400\/revisions"}],"wp:featuredmedia":[{"embeddable":true,"href":"https:\/\/prochaska.eu\/ro\/wp-json\/wp\/v2\/media\/22224"}],"wp:attachment":[{"href":"https:\/\/prochaska.eu\/ro\/wp-json\/wp\/v2\/media?parent=25400"}],"wp:term":[{"taxonomy":"pwb-brand","embeddable":true,"href":"https:\/\/prochaska.eu\/ro\/wp-json\/wp\/v2\/pwb-brand?post=25400"},{"taxonomy":"product_brand","embeddable":true,"href":"https:\/\/prochaska.eu\/ro\/wp-json\/wp\/v2\/product_brand?post=25400"},{"taxonomy":"product_cat","embeddable":true,"href":"https:\/\/prochaska.eu\/ro\/wp-json\/wp\/v2\/product_cat?post=25400"},{"taxonomy":"product_tag","embeddable":true,"href":"https:\/\/prochaska.eu\/ro\/wp-json\/wp\/v2\/product_tag?post=25400"}],"curies":[{"name":"wp","href":"https:\/\/api.w.org\/{rel}","templated":true}]}}