{"id":25412,"date":"2020-08-21T08:58:23","date_gmt":"2020-08-21T08:58:23","guid":{"rendered":"https:\/\/prochaska.eu\/product\/billy-goat-furtun-de-aspirare-la-bord-aspirator-de-frunze-si-deseuri-accesorii\/"},"modified":"2020-08-21T08:58:23","modified_gmt":"2020-08-21T08:58:23","slug":"billy-goat-furtun-de-aspirare-la-bord-aspirator-de-frunze-si-deseuri-accesorii","status":"publish","type":"product","link":"https:\/\/prochaska.eu\/ro\/produs\/billy-goat-furtun-de-aspirare-la-bord-aspirator-de-frunze-si-deseuri-accesorii\/","title":{"rendered":"Billy Goat &#8211; Furtun de aspirare la bord &#8211; Aspirator de frunze \u0219i de\u0219euri &#8211; Accesorii"},"content":{"rendered":"<p><span class=\"p2\">Setul de furtunuri disponibil op\u021bional ajut\u0103 la lucrul \u00eentre tufi\u0219uri, paturi, sub pun\u021bi sau la racordurile casei. Cu m\u00e2ner telescopic.<\/span>  <span class=\"p2\">Disponibil ca accesoriu pentru aspiratoarele de frunze \u0219i gunoi din seria de modele KV de la <a href=\"https:\/\/www.prochaska.eu\/billygoat\/\">Billy Goat<\/a>.<br \/>\n<\/span><\/p>\n","protected":false},"excerpt":{"rendered":"<p><span class=\"p2\">Setul de furtunuri disponibil op\u021bional ajut\u0103 la lucrul \u00eentre tufi\u0219uri, paturi, sub pun\u021bi sau la racordurile casei. Cu m\u00e2ner telescopic. Disponibil ca accesoriu pentru aspiratoarele de frunze \u0219i gunoi din seria de modele KV de la <a href=\"https:\/\/www.prochaska.eu\/billygoat\/\">Billy Goat<\/a>.<\/span><\/p>\n","protected":false},"featured_media":22158,"template":"","meta":[],"pwb-brand":[3084],"product_brand":[],"product_cat":[1167],"product_tag":[1529],"class_list":{"0":"post-25412","1":"product","2":"type-product","3":"status-publish","4":"has-post-thumbnail","6":"pwb-brand-billy-goat-ro","7":"product_cat-scarificator-aerator-si-dispozitiv-de-indepartare-a-frunzelor","8":"product_tag-billy-goat-ro","10":"first","11":"instock","12":"taxable","13":"shipping-taxable","14":"purchasable","15":"product-type-simple"},"yoast_head":"<!-- This site is optimized with the Yoast SEO plugin v27.4 - https:\/\/yoast.com\/product\/yoast-seo-wordpress\/ -->\n<title>Billy Goat - Furtun de aspirare la bord - Aspirator de frunze \u0219i de\u0219euri - Accesorii - Prochaska<\/title>\n<meta name=\"robots\" content=\"index, follow, max-snippet:-1, max-image-preview:large, max-video-preview:-1\" \/>\n<link rel=\"canonical\" href=\"https:\/\/prochaska.eu\/ro\/produs\/billy-goat-furtun-de-aspirare-la-bord-aspirator-de-frunze-si-deseuri-accesorii\/\" \/>\n<meta property=\"og:locale\" content=\"ro_RO\" \/>\n<meta property=\"og:type\" content=\"article\" \/>\n<meta property=\"og:title\" content=\"Billy Goat - Furtun de aspirare la bord - Aspirator de frunze \u0219i de\u0219euri - Accesorii - Prochaska\" \/>\n<meta property=\"og:description\" content=\"Setul de furtunuri disponibil op\u021bional ajut\u0103 la lucrul \u00eentre tufi\u0219uri, paturi, sub pun\u021bi sau la racordurile casei. Cu m\u00e2ner telescopic. Disponibil ca accesoriu pentru aspiratoarele de frunze \u0219i gunoi din seria de modele KV de la Billy Goat.\" \/>\n<meta property=\"og:url\" content=\"https:\/\/prochaska.eu\/ro\/produs\/billy-goat-furtun-de-aspirare-la-bord-aspirator-de-frunze-si-deseuri-accesorii\/\" \/>\n<meta property=\"og:site_name\" content=\"Prochaska\" \/>\n<meta property=\"article:publisher\" content=\"https:\/\/www.facebook.com\/prochaska.eu\/\" \/>\n<meta property=\"og:image\" content=\"https:\/\/prochaska.eu\/wp-content\/uploads\/2024\/06\/zubehoer-laub-abfallsauger-billygoat-kv650spheu-kv601eu-prochaska-891125.jpg\" \/>\n\t<meta property=\"og:image:width\" content=\"1440\" \/>\n\t<meta property=\"og:image:height\" content=\"1440\" \/>\n\t<meta property=\"og:image:type\" content=\"image\/jpeg\" \/>\n<meta name=\"twitter:card\" content=\"summary_large_image\" \/>\n<script type=\"application\/ld+json\" class=\"yoast-schema-graph\">{\"@context\":\"https:\\\/\\\/schema.org\",\"@graph\":[{\"@type\":\"WebPage\",\"@id\":\"https:\\\/\\\/prochaska.eu\\\/ro\\\/produs\\\/billy-goat-furtun-de-aspirare-la-bord-aspirator-de-frunze-si-deseuri-accesorii\\\/\",\"url\":\"https:\\\/\\\/prochaska.eu\\\/ro\\\/produs\\\/billy-goat-furtun-de-aspirare-la-bord-aspirator-de-frunze-si-deseuri-accesorii\\\/\",\"name\":\"Billy Goat - Furtun de aspirare la bord - Aspirator de frunze \u0219i de\u0219euri - Accesorii - Prochaska\",\"isPartOf\":{\"@id\":\"https:\\\/\\\/prochaska.eu\\\/ro\\\/#website\"},\"primaryImageOfPage\":{\"@id\":\"https:\\\/\\\/prochaska.eu\\\/ro\\\/produs\\\/billy-goat-furtun-de-aspirare-la-bord-aspirator-de-frunze-si-deseuri-accesorii\\\/#primaryimage\"},\"image\":{\"@id\":\"https:\\\/\\\/prochaska.eu\\\/ro\\\/produs\\\/billy-goat-furtun-de-aspirare-la-bord-aspirator-de-frunze-si-deseuri-accesorii\\\/#primaryimage\"},\"thumbnailUrl\":\"https:\\\/\\\/prochaska.eu\\\/wp-content\\\/uploads\\\/2024\\\/06\\\/zubehoer-laub-abfallsauger-billygoat-kv650spheu-kv601eu-prochaska-891125.jpg\",\"datePublished\":\"2020-08-21T08:58:23+00:00\",\"breadcrumb\":{\"@id\":\"https:\\\/\\\/prochaska.eu\\\/ro\\\/produs\\\/billy-goat-furtun-de-aspirare-la-bord-aspirator-de-frunze-si-deseuri-accesorii\\\/#breadcrumb\"},\"inLanguage\":\"ro-RO\",\"potentialAction\":[{\"@type\":\"ReadAction\",\"target\":[\"https:\\\/\\\/prochaska.eu\\\/ro\\\/produs\\\/billy-goat-furtun-de-aspirare-la-bord-aspirator-de-frunze-si-deseuri-accesorii\\\/\"]}]},{\"@type\":\"ImageObject\",\"inLanguage\":\"ro-RO\",\"@id\":\"https:\\\/\\\/prochaska.eu\\\/ro\\\/produs\\\/billy-goat-furtun-de-aspirare-la-bord-aspirator-de-frunze-si-deseuri-accesorii\\\/#primaryimage\",\"url\":\"https:\\\/\\\/prochaska.eu\\\/wp-content\\\/uploads\\\/2024\\\/06\\\/zubehoer-laub-abfallsauger-billygoat-kv650spheu-kv601eu-prochaska-891125.jpg\",\"contentUrl\":\"https:\\\/\\\/prochaska.eu\\\/wp-content\\\/uploads\\\/2024\\\/06\\\/zubehoer-laub-abfallsauger-billygoat-kv650spheu-kv601eu-prochaska-891125.jpg\",\"width\":1440,\"height\":1440},{\"@type\":\"BreadcrumbList\",\"@id\":\"https:\\\/\\\/prochaska.eu\\\/ro\\\/produs\\\/billy-goat-furtun-de-aspirare-la-bord-aspirator-de-frunze-si-deseuri-accesorii\\\/#breadcrumb\",\"itemListElement\":[{\"@type\":\"ListItem\",\"position\":1,\"name\":\"Home\",\"item\":\"https:\\\/\\\/prochaska.eu\\\/ro\\\/\"},{\"@type\":\"ListItem\",\"position\":2,\"name\":\"Shop\",\"item\":\"https:\\\/\\\/prochaska.eu\\\/ro\\\/shop\\\/\"},{\"@type\":\"ListItem\",\"position\":3,\"name\":\"Billy Goat &#8211; Furtun de aspirare la bord &#8211; Aspirator de frunze \u0219i de\u0219euri &#8211; Accesorii\"}]},{\"@type\":\"WebSite\",\"@id\":\"https:\\\/\\\/prochaska.eu\\\/ro\\\/#website\",\"url\":\"https:\\\/\\\/prochaska.eu\\\/ro\\\/\",\"name\":\"Prochaska\",\"description\":\"Spezialist f\u00fcr Pflege von Gr\u00fcnfl\u00e4chen\",\"publisher\":{\"@id\":\"https:\\\/\\\/prochaska.eu\\\/ro\\\/#organization\"},\"potentialAction\":[{\"@type\":\"SearchAction\",\"target\":{\"@type\":\"EntryPoint\",\"urlTemplate\":\"https:\\\/\\\/prochaska.eu\\\/ro\\\/?s={search_term_string}\"},\"query-input\":{\"@type\":\"PropertyValueSpecification\",\"valueRequired\":true,\"valueName\":\"search_term_string\"}}],\"inLanguage\":\"ro-RO\"},{\"@type\":\"Organization\",\"@id\":\"https:\\\/\\\/prochaska.eu\\\/ro\\\/#organization\",\"name\":\"Prochaska\",\"url\":\"https:\\\/\\\/prochaska.eu\\\/ro\\\/\",\"logo\":{\"@type\":\"ImageObject\",\"inLanguage\":\"ro-RO\",\"@id\":\"https:\\\/\\\/prochaska.eu\\\/ro\\\/#\\\/schema\\\/logo\\\/image\\\/\",\"url\":\"https:\\\/\\\/prochaska.eu\\\/wp-content\\\/uploads\\\/2024\\\/04\\\/Prochaska_Logo_Black-1.png\",\"contentUrl\":\"https:\\\/\\\/prochaska.eu\\\/wp-content\\\/uploads\\\/2024\\\/04\\\/Prochaska_Logo_Black-1.png\",\"width\":796,\"height\":236,\"caption\":\"Prochaska\"},\"image\":{\"@id\":\"https:\\\/\\\/prochaska.eu\\\/ro\\\/#\\\/schema\\\/logo\\\/image\\\/\"},\"sameAs\":[\"https:\\\/\\\/www.facebook.com\\\/prochaska.eu\\\/\",\"https:\\\/\\\/www.instagram.com\\\/prochaska.eu\\\/\",\"https:\\\/\\\/www.linkedin.com\\\/company\\\/prochaska-handels-gmbh\"]}]}<\/script>\n<!-- \/ Yoast SEO plugin. -->","yoast_head_json":{"title":"Billy Goat - Furtun de aspirare la bord - Aspirator de frunze \u0219i de\u0219euri - Accesorii - Prochaska","robots":{"index":"index","follow":"follow","max-snippet":"max-snippet:-1","max-image-preview":"max-image-preview:large","max-video-preview":"max-video-preview:-1"},"canonical":"https:\/\/prochaska.eu\/ro\/produs\/billy-goat-furtun-de-aspirare-la-bord-aspirator-de-frunze-si-deseuri-accesorii\/","og_locale":"ro_RO","og_type":"article","og_title":"Billy Goat - Furtun de aspirare la bord - Aspirator de frunze \u0219i de\u0219euri - Accesorii - Prochaska","og_description":"Setul de furtunuri disponibil op\u021bional ajut\u0103 la lucrul \u00eentre tufi\u0219uri, paturi, sub pun\u021bi sau la racordurile casei. Cu m\u00e2ner telescopic. Disponibil ca accesoriu pentru aspiratoarele de frunze \u0219i gunoi din seria de modele KV de la Billy Goat.","og_url":"https:\/\/prochaska.eu\/ro\/produs\/billy-goat-furtun-de-aspirare-la-bord-aspirator-de-frunze-si-deseuri-accesorii\/","og_site_name":"Prochaska","article_publisher":"https:\/\/www.facebook.com\/prochaska.eu\/","og_image":[{"width":1440,"height":1440,"url":"https:\/\/prochaska.eu\/wp-content\/uploads\/2024\/06\/zubehoer-laub-abfallsauger-billygoat-kv650spheu-kv601eu-prochaska-891125.jpg","type":"image\/jpeg"}],"twitter_card":"summary_large_image","schema":{"@context":"https:\/\/schema.org","@graph":[{"@type":"WebPage","@id":"https:\/\/prochaska.eu\/ro\/produs\/billy-goat-furtun-de-aspirare-la-bord-aspirator-de-frunze-si-deseuri-accesorii\/","url":"https:\/\/prochaska.eu\/ro\/produs\/billy-goat-furtun-de-aspirare-la-bord-aspirator-de-frunze-si-deseuri-accesorii\/","name":"Billy Goat - Furtun de aspirare la bord - Aspirator de frunze \u0219i de\u0219euri - Accesorii - Prochaska","isPartOf":{"@id":"https:\/\/prochaska.eu\/ro\/#website"},"primaryImageOfPage":{"@id":"https:\/\/prochaska.eu\/ro\/produs\/billy-goat-furtun-de-aspirare-la-bord-aspirator-de-frunze-si-deseuri-accesorii\/#primaryimage"},"image":{"@id":"https:\/\/prochaska.eu\/ro\/produs\/billy-goat-furtun-de-aspirare-la-bord-aspirator-de-frunze-si-deseuri-accesorii\/#primaryimage"},"thumbnailUrl":"https:\/\/prochaska.eu\/wp-content\/uploads\/2024\/06\/zubehoer-laub-abfallsauger-billygoat-kv650spheu-kv601eu-prochaska-891125.jpg","datePublished":"2020-08-21T08:58:23+00:00","breadcrumb":{"@id":"https:\/\/prochaska.eu\/ro\/produs\/billy-goat-furtun-de-aspirare-la-bord-aspirator-de-frunze-si-deseuri-accesorii\/#breadcrumb"},"inLanguage":"ro-RO","potentialAction":[{"@type":"ReadAction","target":["https:\/\/prochaska.eu\/ro\/produs\/billy-goat-furtun-de-aspirare-la-bord-aspirator-de-frunze-si-deseuri-accesorii\/"]}]},{"@type":"ImageObject","inLanguage":"ro-RO","@id":"https:\/\/prochaska.eu\/ro\/produs\/billy-goat-furtun-de-aspirare-la-bord-aspirator-de-frunze-si-deseuri-accesorii\/#primaryimage","url":"https:\/\/prochaska.eu\/wp-content\/uploads\/2024\/06\/zubehoer-laub-abfallsauger-billygoat-kv650spheu-kv601eu-prochaska-891125.jpg","contentUrl":"https:\/\/prochaska.eu\/wp-content\/uploads\/2024\/06\/zubehoer-laub-abfallsauger-billygoat-kv650spheu-kv601eu-prochaska-891125.jpg","width":1440,"height":1440},{"@type":"BreadcrumbList","@id":"https:\/\/prochaska.eu\/ro\/produs\/billy-goat-furtun-de-aspirare-la-bord-aspirator-de-frunze-si-deseuri-accesorii\/#breadcrumb","itemListElement":[{"@type":"ListItem","position":1,"name":"Home","item":"https:\/\/prochaska.eu\/ro\/"},{"@type":"ListItem","position":2,"name":"Shop","item":"https:\/\/prochaska.eu\/ro\/shop\/"},{"@type":"ListItem","position":3,"name":"Billy Goat &#8211; Furtun de aspirare la bord &#8211; Aspirator de frunze \u0219i de\u0219euri &#8211; Accesorii"}]},{"@type":"WebSite","@id":"https:\/\/prochaska.eu\/ro\/#website","url":"https:\/\/prochaska.eu\/ro\/","name":"Prochaska","description":"Spezialist f\u00fcr Pflege von Gr\u00fcnfl\u00e4chen","publisher":{"@id":"https:\/\/prochaska.eu\/ro\/#organization"},"potentialAction":[{"@type":"SearchAction","target":{"@type":"EntryPoint","urlTemplate":"https:\/\/prochaska.eu\/ro\/?s={search_term_string}"},"query-input":{"@type":"PropertyValueSpecification","valueRequired":true,"valueName":"search_term_string"}}],"inLanguage":"ro-RO"},{"@type":"Organization","@id":"https:\/\/prochaska.eu\/ro\/#organization","name":"Prochaska","url":"https:\/\/prochaska.eu\/ro\/","logo":{"@type":"ImageObject","inLanguage":"ro-RO","@id":"https:\/\/prochaska.eu\/ro\/#\/schema\/logo\/image\/","url":"https:\/\/prochaska.eu\/wp-content\/uploads\/2024\/04\/Prochaska_Logo_Black-1.png","contentUrl":"https:\/\/prochaska.eu\/wp-content\/uploads\/2024\/04\/Prochaska_Logo_Black-1.png","width":796,"height":236,"caption":"Prochaska"},"image":{"@id":"https:\/\/prochaska.eu\/ro\/#\/schema\/logo\/image\/"},"sameAs":["https:\/\/www.facebook.com\/prochaska.eu\/","https:\/\/www.instagram.com\/prochaska.eu\/","https:\/\/www.linkedin.com\/company\/prochaska-handels-gmbh"]}]}},"brands":[{"id":3084,"name":"Billy Goat","slug":"billy-goat-ro"}],"_links":{"self":[{"href":"https:\/\/prochaska.eu\/ro\/wp-json\/wp\/v2\/product\/25412","targetHints":{"allow":["GET"]}}],"collection":[{"href":"https:\/\/prochaska.eu\/ro\/wp-json\/wp\/v2\/product"}],"about":[{"href":"https:\/\/prochaska.eu\/ro\/wp-json\/wp\/v2\/types\/product"}],"version-history":[{"count":0,"href":"https:\/\/prochaska.eu\/ro\/wp-json\/wp\/v2\/product\/25412\/revisions"}],"wp:featuredmedia":[{"embeddable":true,"href":"https:\/\/prochaska.eu\/ro\/wp-json\/wp\/v2\/media\/22158"}],"wp:attachment":[{"href":"https:\/\/prochaska.eu\/ro\/wp-json\/wp\/v2\/media?parent=25412"}],"wp:term":[{"taxonomy":"pwb-brand","embeddable":true,"href":"https:\/\/prochaska.eu\/ro\/wp-json\/wp\/v2\/pwb-brand?post=25412"},{"taxonomy":"product_brand","embeddable":true,"href":"https:\/\/prochaska.eu\/ro\/wp-json\/wp\/v2\/product_brand?post=25412"},{"taxonomy":"product_cat","embeddable":true,"href":"https:\/\/prochaska.eu\/ro\/wp-json\/wp\/v2\/product_cat?post=25412"},{"taxonomy":"product_tag","embeddable":true,"href":"https:\/\/prochaska.eu\/ro\/wp-json\/wp\/v2\/product_tag?post=25412"}],"curies":[{"name":"wp","href":"https:\/\/api.w.org\/{rel}","templated":true}]}}