{"id":25414,"date":"2020-08-27T07:34:02","date_gmt":"2020-08-27T07:34:02","guid":{"rendered":"https:\/\/prochaska.eu\/product\/billy-goat-aerator-ae1300heu\/"},"modified":"2020-08-27T07:34:02","modified_gmt":"2020-08-27T07:34:02","slug":"billy-goat-aerator-ae1300heu","status":"publish","type":"product","link":"https:\/\/prochaska.eu\/ro\/produs\/billy-goat-aerator-ae1300heu\/","title":{"rendered":"Billy Goat &#8211; Aerator &#8211; AE1300HEU"},"content":{"rendered":"<p>Aeratorul AE1300HEU de la<a href=\"https:\/\/www.prochaska.eu\/billygoat\/\"> Billy Goat<\/a> combin\u0103 un aerator lat de 30 inch\/76 cm cu o vitez\u0103 de p\u00e2n\u0103 la 6,9 km\/h. 1.600<sup>m2<\/sup> pot fi procesa\u021bi \u00een doar 15 minute. Acest lucru \u00eenseamn\u0103 c\u0103 pute\u021bi lucra cu 59% mai repede dec\u00e2t cu un aparat cu un tambur lat de 26 inch\/66 cm. Dispozitivul nu mai trebuie s\u0103 fie ridicat la strunjire, t\u0103ierea \u0219i prelucrarea marginilor pot fi efectuate foarte u\u0219or, iar num\u0103rul \u0219i calitatea g\u0103urilor cresc semnificativ. Dispozitivul are o densitate de aerisire reglabil\u0103 (VAD\u2122) de la 8 la 48 de g\u0103uri pe metru p\u0103trat pe o cale \u0219i o transmisie hidrostatic\u0103 variabil\u0103 pentru aerisire \u00een mers \u00eenainte \u0219i \u00eenapoi.<br \/>\nCu bra\u021bele de prindere FLEXTECH\u2122, dispozitivul poate ajunge de p\u00e2n\u0103 la 2 ori mai ad\u00e2nc dec\u00e2t dispozitivele cu tambur. Aeratorul are func\u021bia de &#8222;\u00eentoarcere \u00een sol&#8221;, care ofer\u0103 avantaje precum manevrabilitate, ergonomie, \u00eentoarcere u\u0219oar\u0103, produc\u021bie \u00eembun\u0103t\u0103\u021bit\u0103, timpi mor\u021bi redu\u0219i \u0219i refacerea gazonului, care nu sunt posibile cu aeratoarele cu tambur. Aparatul este echipat \u0219i cu un motor Honda.<\/p>\n<h2 style=\"text-align: left;\">Avantajele produsului<\/h2>\n<ul>\n<li>Densitate de aerare variabil\u0103 (VAD)<\/li>\n<li>Bra\u021be Flextech<\/li>\n<li>Vitez\u0103 variabil\u0103<\/li>\n<li>\u00centre\u021binerea rapid\u0103 a din\u021bilor<\/li>\n<li>\u00centoarcere \u00een p\u0103m\u00e2nt<\/li>\n<li>20\u00b0 gradien\u021bi<\/li>\n<\/ul>\n<h2>Accesorii op\u021bionale<\/h2>\n<ul>\n<li><a href=\"https:\/\/www.prochaska.eu\/produkt\/billy-goat-ersatzhaspel-zinken-set-zubehoer\/\">Bobin\u0103 de schimb cu set de din\u021bi (362611 &#8211; \u20ac 259.90)<\/a><\/li>\n<\/ul>\n","protected":false},"excerpt":{"rendered":"<p>Aeratorul AE1300HEU de la<a href=\"https:\/\/www.prochaska.eu\/billygoat\/\"> Billy Goat<\/a> combin\u0103 un aerator lat de 30 inch\/76 cm cu o vitez\u0103 de p\u00e2n\u0103 la 6,9 km\/h. 1.600<sup>m2<\/sup> pot fi procesa\u021bi \u00een doar 15 minute.<\/p>\n","protected":false},"featured_media":22200,"template":"","meta":[],"pwb-brand":[3084],"product_brand":[],"product_cat":[1533,1535,1167],"product_tag":[1529],"class_list":{"0":"post-25414","1":"product","2":"type-product","3":"status-publish","4":"has-post-thumbnail","6":"pwb-brand-billy-goat-ro","7":"product_cat-pregatirea-solului","8":"product_cat-pregatirea-solului-ro","9":"product_cat-scarificator-aerator-si-dispozitiv-de-indepartare-a-frunzelor","10":"product_tag-billy-goat-ro","12":"first","13":"instock","14":"taxable","15":"shipping-taxable","16":"purchasable","17":"product-type-simple"},"yoast_head":"<!-- This site is optimized with the Yoast SEO plugin v27.5 - https:\/\/yoast.com\/product\/yoast-seo-wordpress\/ -->\n<title>Billy Goat - Aerator - AE1300HEU - Prochaska<\/title>\n<meta name=\"robots\" content=\"index, follow, max-snippet:-1, max-image-preview:large, max-video-preview:-1\" \/>\n<link rel=\"canonical\" href=\"https:\/\/prochaska.eu\/ro\/produs\/billy-goat-aerator-ae1300heu\/\" \/>\n<meta property=\"og:locale\" content=\"ro_RO\" \/>\n<meta property=\"og:type\" content=\"article\" \/>\n<meta property=\"og:title\" content=\"Billy Goat - Aerator - AE1300HEU - Prochaska\" \/>\n<meta property=\"og:description\" content=\"Aeratorul AE1300HEU de la Billy Goat combin\u0103 un aerator lat de 30 inch\/76 cm cu o vitez\u0103 de p\u00e2n\u0103 la 6,9 km\/h. 1.600m2 pot fi procesa\u021bi \u00een doar 15 minute.\" \/>\n<meta property=\"og:url\" content=\"https:\/\/prochaska.eu\/ro\/produs\/billy-goat-aerator-ae1300heu\/\" \/>\n<meta property=\"og:site_name\" content=\"Prochaska\" \/>\n<meta property=\"article:publisher\" content=\"https:\/\/www.facebook.com\/prochaska.eu\/\" \/>\n<meta property=\"og:image\" content=\"https:\/\/prochaska.eu\/wp-content\/uploads\/2024\/06\/aerifizierer-billygoat-ae1300heu-prochaska-1.jpg\" \/>\n\t<meta property=\"og:image:width\" content=\"1440\" \/>\n\t<meta property=\"og:image:height\" content=\"1440\" \/>\n\t<meta property=\"og:image:type\" content=\"image\/jpeg\" \/>\n<meta name=\"twitter:card\" content=\"summary_large_image\" \/>\n<meta name=\"twitter:label1\" content=\"Timp estimat pentru citire\" \/>\n\t<meta name=\"twitter:data1\" content=\"1 minut\" \/>\n<script type=\"application\/ld+json\" class=\"yoast-schema-graph\">{\"@context\":\"https:\\\/\\\/schema.org\",\"@graph\":[{\"@type\":\"WebPage\",\"@id\":\"https:\\\/\\\/prochaska.eu\\\/ro\\\/produs\\\/billy-goat-aerator-ae1300heu\\\/\",\"url\":\"https:\\\/\\\/prochaska.eu\\\/ro\\\/produs\\\/billy-goat-aerator-ae1300heu\\\/\",\"name\":\"Billy Goat - Aerator - AE1300HEU - Prochaska\",\"isPartOf\":{\"@id\":\"https:\\\/\\\/prochaska.eu\\\/ro\\\/#website\"},\"primaryImageOfPage\":{\"@id\":\"https:\\\/\\\/prochaska.eu\\\/ro\\\/produs\\\/billy-goat-aerator-ae1300heu\\\/#primaryimage\"},\"image\":{\"@id\":\"https:\\\/\\\/prochaska.eu\\\/ro\\\/produs\\\/billy-goat-aerator-ae1300heu\\\/#primaryimage\"},\"thumbnailUrl\":\"https:\\\/\\\/prochaska.eu\\\/wp-content\\\/uploads\\\/2024\\\/06\\\/aerifizierer-billygoat-ae1300heu-prochaska-1.jpg\",\"datePublished\":\"2020-08-27T07:34:02+00:00\",\"breadcrumb\":{\"@id\":\"https:\\\/\\\/prochaska.eu\\\/ro\\\/produs\\\/billy-goat-aerator-ae1300heu\\\/#breadcrumb\"},\"inLanguage\":\"ro-RO\",\"potentialAction\":[{\"@type\":\"ReadAction\",\"target\":[\"https:\\\/\\\/prochaska.eu\\\/ro\\\/produs\\\/billy-goat-aerator-ae1300heu\\\/\"]}]},{\"@type\":\"ImageObject\",\"inLanguage\":\"ro-RO\",\"@id\":\"https:\\\/\\\/prochaska.eu\\\/ro\\\/produs\\\/billy-goat-aerator-ae1300heu\\\/#primaryimage\",\"url\":\"https:\\\/\\\/prochaska.eu\\\/wp-content\\\/uploads\\\/2024\\\/06\\\/aerifizierer-billygoat-ae1300heu-prochaska-1.jpg\",\"contentUrl\":\"https:\\\/\\\/prochaska.eu\\\/wp-content\\\/uploads\\\/2024\\\/06\\\/aerifizierer-billygoat-ae1300heu-prochaska-1.jpg\",\"width\":1440,\"height\":1440},{\"@type\":\"BreadcrumbList\",\"@id\":\"https:\\\/\\\/prochaska.eu\\\/ro\\\/produs\\\/billy-goat-aerator-ae1300heu\\\/#breadcrumb\",\"itemListElement\":[{\"@type\":\"ListItem\",\"position\":1,\"name\":\"Home\",\"item\":\"https:\\\/\\\/prochaska.eu\\\/ro\\\/\"},{\"@type\":\"ListItem\",\"position\":2,\"name\":\"Shop\",\"item\":\"https:\\\/\\\/prochaska.eu\\\/ro\\\/shop\\\/\"},{\"@type\":\"ListItem\",\"position\":3,\"name\":\"Billy Goat &#8211; Aerator &#8211; AE1300HEU\"}]},{\"@type\":\"WebSite\",\"@id\":\"https:\\\/\\\/prochaska.eu\\\/ro\\\/#website\",\"url\":\"https:\\\/\\\/prochaska.eu\\\/ro\\\/\",\"name\":\"Prochaska\",\"description\":\"Spezialist f\u00fcr Pflege von Gr\u00fcnfl\u00e4chen\",\"publisher\":{\"@id\":\"https:\\\/\\\/prochaska.eu\\\/ro\\\/#organization\"},\"potentialAction\":[{\"@type\":\"SearchAction\",\"target\":{\"@type\":\"EntryPoint\",\"urlTemplate\":\"https:\\\/\\\/prochaska.eu\\\/ro\\\/?s={search_term_string}\"},\"query-input\":{\"@type\":\"PropertyValueSpecification\",\"valueRequired\":true,\"valueName\":\"search_term_string\"}}],\"inLanguage\":\"ro-RO\"},{\"@type\":\"Organization\",\"@id\":\"https:\\\/\\\/prochaska.eu\\\/ro\\\/#organization\",\"name\":\"Prochaska\",\"url\":\"https:\\\/\\\/prochaska.eu\\\/ro\\\/\",\"logo\":{\"@type\":\"ImageObject\",\"inLanguage\":\"ro-RO\",\"@id\":\"https:\\\/\\\/prochaska.eu\\\/ro\\\/#\\\/schema\\\/logo\\\/image\\\/\",\"url\":\"https:\\\/\\\/prochaska.eu\\\/wp-content\\\/uploads\\\/2024\\\/04\\\/Prochaska_Logo_Black-1.png\",\"contentUrl\":\"https:\\\/\\\/prochaska.eu\\\/wp-content\\\/uploads\\\/2024\\\/04\\\/Prochaska_Logo_Black-1.png\",\"width\":796,\"height\":236,\"caption\":\"Prochaska\"},\"image\":{\"@id\":\"https:\\\/\\\/prochaska.eu\\\/ro\\\/#\\\/schema\\\/logo\\\/image\\\/\"},\"sameAs\":[\"https:\\\/\\\/www.facebook.com\\\/prochaska.eu\\\/\",\"https:\\\/\\\/www.instagram.com\\\/prochaska.eu\\\/\",\"https:\\\/\\\/www.linkedin.com\\\/company\\\/prochaska-handels-gmbh\"]}]}<\/script>\n<!-- \/ Yoast SEO plugin. -->","yoast_head_json":{"title":"Billy Goat - Aerator - AE1300HEU - Prochaska","robots":{"index":"index","follow":"follow","max-snippet":"max-snippet:-1","max-image-preview":"max-image-preview:large","max-video-preview":"max-video-preview:-1"},"canonical":"https:\/\/prochaska.eu\/ro\/produs\/billy-goat-aerator-ae1300heu\/","og_locale":"ro_RO","og_type":"article","og_title":"Billy Goat - Aerator - AE1300HEU - Prochaska","og_description":"Aeratorul AE1300HEU de la Billy Goat combin\u0103 un aerator lat de 30 inch\/76 cm cu o vitez\u0103 de p\u00e2n\u0103 la 6,9 km\/h. 1.600m2 pot fi procesa\u021bi \u00een doar 15 minute.","og_url":"https:\/\/prochaska.eu\/ro\/produs\/billy-goat-aerator-ae1300heu\/","og_site_name":"Prochaska","article_publisher":"https:\/\/www.facebook.com\/prochaska.eu\/","og_image":[{"width":1440,"height":1440,"url":"https:\/\/prochaska.eu\/wp-content\/uploads\/2024\/06\/aerifizierer-billygoat-ae1300heu-prochaska-1.jpg","type":"image\/jpeg"}],"twitter_card":"summary_large_image","twitter_misc":{"Timp estimat pentru citire":"1 minut"},"schema":{"@context":"https:\/\/schema.org","@graph":[{"@type":"WebPage","@id":"https:\/\/prochaska.eu\/ro\/produs\/billy-goat-aerator-ae1300heu\/","url":"https:\/\/prochaska.eu\/ro\/produs\/billy-goat-aerator-ae1300heu\/","name":"Billy Goat - Aerator - AE1300HEU - Prochaska","isPartOf":{"@id":"https:\/\/prochaska.eu\/ro\/#website"},"primaryImageOfPage":{"@id":"https:\/\/prochaska.eu\/ro\/produs\/billy-goat-aerator-ae1300heu\/#primaryimage"},"image":{"@id":"https:\/\/prochaska.eu\/ro\/produs\/billy-goat-aerator-ae1300heu\/#primaryimage"},"thumbnailUrl":"https:\/\/prochaska.eu\/wp-content\/uploads\/2024\/06\/aerifizierer-billygoat-ae1300heu-prochaska-1.jpg","datePublished":"2020-08-27T07:34:02+00:00","breadcrumb":{"@id":"https:\/\/prochaska.eu\/ro\/produs\/billy-goat-aerator-ae1300heu\/#breadcrumb"},"inLanguage":"ro-RO","potentialAction":[{"@type":"ReadAction","target":["https:\/\/prochaska.eu\/ro\/produs\/billy-goat-aerator-ae1300heu\/"]}]},{"@type":"ImageObject","inLanguage":"ro-RO","@id":"https:\/\/prochaska.eu\/ro\/produs\/billy-goat-aerator-ae1300heu\/#primaryimage","url":"https:\/\/prochaska.eu\/wp-content\/uploads\/2024\/06\/aerifizierer-billygoat-ae1300heu-prochaska-1.jpg","contentUrl":"https:\/\/prochaska.eu\/wp-content\/uploads\/2024\/06\/aerifizierer-billygoat-ae1300heu-prochaska-1.jpg","width":1440,"height":1440},{"@type":"BreadcrumbList","@id":"https:\/\/prochaska.eu\/ro\/produs\/billy-goat-aerator-ae1300heu\/#breadcrumb","itemListElement":[{"@type":"ListItem","position":1,"name":"Home","item":"https:\/\/prochaska.eu\/ro\/"},{"@type":"ListItem","position":2,"name":"Shop","item":"https:\/\/prochaska.eu\/ro\/shop\/"},{"@type":"ListItem","position":3,"name":"Billy Goat &#8211; Aerator &#8211; AE1300HEU"}]},{"@type":"WebSite","@id":"https:\/\/prochaska.eu\/ro\/#website","url":"https:\/\/prochaska.eu\/ro\/","name":"Prochaska","description":"Spezialist f\u00fcr Pflege von Gr\u00fcnfl\u00e4chen","publisher":{"@id":"https:\/\/prochaska.eu\/ro\/#organization"},"potentialAction":[{"@type":"SearchAction","target":{"@type":"EntryPoint","urlTemplate":"https:\/\/prochaska.eu\/ro\/?s={search_term_string}"},"query-input":{"@type":"PropertyValueSpecification","valueRequired":true,"valueName":"search_term_string"}}],"inLanguage":"ro-RO"},{"@type":"Organization","@id":"https:\/\/prochaska.eu\/ro\/#organization","name":"Prochaska","url":"https:\/\/prochaska.eu\/ro\/","logo":{"@type":"ImageObject","inLanguage":"ro-RO","@id":"https:\/\/prochaska.eu\/ro\/#\/schema\/logo\/image\/","url":"https:\/\/prochaska.eu\/wp-content\/uploads\/2024\/04\/Prochaska_Logo_Black-1.png","contentUrl":"https:\/\/prochaska.eu\/wp-content\/uploads\/2024\/04\/Prochaska_Logo_Black-1.png","width":796,"height":236,"caption":"Prochaska"},"image":{"@id":"https:\/\/prochaska.eu\/ro\/#\/schema\/logo\/image\/"},"sameAs":["https:\/\/www.facebook.com\/prochaska.eu\/","https:\/\/www.instagram.com\/prochaska.eu\/","https:\/\/www.linkedin.com\/company\/prochaska-handels-gmbh"]}]}},"brands":[{"id":3084,"name":"Billy Goat","slug":"billy-goat-ro"}],"_links":{"self":[{"href":"https:\/\/prochaska.eu\/ro\/wp-json\/wp\/v2\/product\/25414","targetHints":{"allow":["GET"]}}],"collection":[{"href":"https:\/\/prochaska.eu\/ro\/wp-json\/wp\/v2\/product"}],"about":[{"href":"https:\/\/prochaska.eu\/ro\/wp-json\/wp\/v2\/types\/product"}],"version-history":[{"count":0,"href":"https:\/\/prochaska.eu\/ro\/wp-json\/wp\/v2\/product\/25414\/revisions"}],"wp:featuredmedia":[{"embeddable":true,"href":"https:\/\/prochaska.eu\/ro\/wp-json\/wp\/v2\/media\/22200"}],"wp:attachment":[{"href":"https:\/\/prochaska.eu\/ro\/wp-json\/wp\/v2\/media?parent=25414"}],"wp:term":[{"taxonomy":"pwb-brand","embeddable":true,"href":"https:\/\/prochaska.eu\/ro\/wp-json\/wp\/v2\/pwb-brand?post=25414"},{"taxonomy":"product_brand","embeddable":true,"href":"https:\/\/prochaska.eu\/ro\/wp-json\/wp\/v2\/product_brand?post=25414"},{"taxonomy":"product_cat","embeddable":true,"href":"https:\/\/prochaska.eu\/ro\/wp-json\/wp\/v2\/product_cat?post=25414"},{"taxonomy":"product_tag","embeddable":true,"href":"https:\/\/prochaska.eu\/ro\/wp-json\/wp\/v2\/product_tag?post=25414"}],"curies":[{"name":"wp","href":"https:\/\/api.w.org\/{rel}","templated":true}]}}