{"id":25415,"date":"2020-08-21T09:47:41","date_gmt":"2020-08-21T09:47:41","guid":{"rendered":"https:\/\/prochaska.eu\/product\/billy-goat-aspirator-de-frunze-si-gunoi-kv601eu\/"},"modified":"2020-08-21T09:47:41","modified_gmt":"2020-08-21T09:47:41","slug":"billy-goat-aspirator-de-frunze-si-gunoi-kv601eu","status":"publish","type":"product","link":"https:\/\/prochaska.eu\/ro\/produs\/billy-goat-aspirator-de-frunze-si-gunoi-kv601eu\/","title":{"rendered":"Billy Goat &#8211; Aspirator de frunze \u0219i gunoi &#8211; KV601EU"},"content":{"rendered":"<p style=\"text-align: left;\">Versatilul aspirator de frunze \u0219i gunoi KV601EU de la <a href=\"https:\/\/www.prochaska.eu\/billygoat\/\">Billy Goat<\/a> are o l\u0103\u021bime de 69 cm\/27 inch \u0219i are diferite set\u0103ri de \u00een\u0103l\u021bime. Dispozitivul este potrivit pentru lucrul pe terenuri dure, precum \u0219i pe peluze. Aspiratorul de frunze ofer\u0103 o putere puternic\u0103 de aspirare &#8211; astfel \u00eenc\u00e2t frunzele, mulciul, ramurile sau gunoiul sunt \u00eendep\u0103rtate rapid. Chiar \u0219i pe teren accidentat, anvelopele de 30 cm\/12 inch ale aspiratorului de de\u0219euri \u00eel fac u\u0219or de manevrat. Aspiratoarele KV601EU sunt echipate cu motoare fiabile Briggs &amp; Stratton.<\/p>\n<h2 style=\"text-align: left;\">Beneficiile produsului<\/h2>\n<ul style=\"text-align: left;\">\n<li>Aspiratorul de frunze are o capacitate de aspirare extrem de puternic\u0103 de 40 m\u00b2\/min \u0219i cur\u0103\u021b\u0103 p\u00e2n\u0103 la 3.200 m\u00b2 pe or\u0103<\/li>\n<li>Roata suflantei are 5 lamele zim\u021bate pentru o performan\u021b\u0103 optim\u0103<\/li>\n<li>Roata din spate \u00eenalt\u0103 asigur\u0103 o manevrabilitate deosebit\u0103 a aspiratorului cu frunze<\/li>\n<li>Sacul de capturare XL cu fermoar Easy-Zipper ofer\u0103 un volum de capturare de 150 de litri \u0219i este fabricat din \u021bes\u0103tur\u0103 de p\u00e2sl\u0103<\/li>\n<li>Turbina din o\u021bel de \u00eenalt\u0103 performan\u021b\u0103 genereaz\u0103 o aspira\u021bie de aer foarte concentrat\u0103 \u0219i umple complet sacul de colectare<\/li>\n<li>Prinderea moale \u0219i confortabil\u0103 este deosebit de delicat\u0103 pentru \u00eencheieturi datorit\u0103 capacului din cauciuc \u0219i protejeaz\u0103 \u00eempotriva vibra\u021biilor<\/li>\n<\/ul>\n<h2 style=\"text-align: left;\">Accesorii op\u021bionale<\/h2>\n<ul>\n<li style=\"text-align: left;\"><a href=\"https:\/\/www.prochaska.eu\/produkt\/billy-goat-ersatzsaugschlauch-laub-und-abfallsauger-zubehoer\/\">Furtun de aspira\u021bie de rezerv\u0103 (891044)<\/a><\/li>\n<li style=\"text-align: left;\"><a href=\"https:\/\/www.prochaska.eu\/produkt\/billy-goat-anbord-saugschlauch-laub-und-abfallsauger-zubehoer\/\">Furtun de aspira\u021bie la bord (891125)<\/a><\/li>\n<li style=\"text-align: left;\"><a href=\"https:\/\/www.prochaska.eu\/produkt\/billy-goat-filzsack-laub-und-abfallsauger-zubehoer\/\">Geant\u0103 din p\u00e2sl\u0103 (891126)<\/a><\/li>\n<li style=\"text-align: left;\">Geant\u0103 de plas\u0103 (891132)<\/li>\n<\/ul>\n","protected":false},"excerpt":{"rendered":"<p>Aspiratorul de frunze \u0219i gunoi KV601EU de la<a href=\"https:\/\/www.prochaska.eu\/billygoat\/\"> Billy Goat<\/a> este ideal pentru suprafe\u021be dure sau lucr\u0103ri pe gazon, datorit\u0103 reglajului s\u0103u variabil al \u00een\u0103l\u021bimii. Aparatul are o capacitate de aspira\u021bie foarte puternic\u0103 de 40 m\u00b3\/min.<\/p>\n","protected":false},"featured_media":22164,"template":"","meta":[],"pwb-brand":[3084],"product_brand":[],"product_cat":[1167],"product_tag":[1529],"class_list":{"0":"post-25415","1":"product","2":"type-product","3":"status-publish","4":"has-post-thumbnail","6":"pwb-brand-billy-goat-ro","7":"product_cat-scarificator-aerator-si-dispozitiv-de-indepartare-a-frunzelor","8":"product_tag-billy-goat-ro","10":"first","11":"instock","12":"taxable","13":"shipping-taxable","14":"purchasable","15":"product-type-simple"},"yoast_head":"<!-- This site is optimized with the Yoast SEO plugin v27.5 - https:\/\/yoast.com\/product\/yoast-seo-wordpress\/ -->\n<title>Billy Goat - Aspirator de frunze \u0219i gunoi - KV601EU - Prochaska<\/title>\n<meta name=\"robots\" content=\"index, follow, max-snippet:-1, max-image-preview:large, max-video-preview:-1\" \/>\n<link rel=\"canonical\" href=\"https:\/\/prochaska.eu\/ro\/produs\/billy-goat-aspirator-de-frunze-si-gunoi-kv601eu\/\" \/>\n<meta property=\"og:locale\" content=\"ro_RO\" \/>\n<meta property=\"og:type\" content=\"article\" \/>\n<meta property=\"og:title\" content=\"Billy Goat - Aspirator de frunze \u0219i gunoi - KV601EU - Prochaska\" \/>\n<meta property=\"og:description\" content=\"Aspiratorul de frunze \u0219i gunoi KV601EU de la Billy Goat este ideal pentru suprafe\u021be dure sau lucr\u0103ri pe gazon, datorit\u0103 reglajului s\u0103u variabil al \u00een\u0103l\u021bimii. Aparatul are o capacitate de aspira\u021bie foarte puternic\u0103 de 40 m\u00b3\/min.\" \/>\n<meta property=\"og:url\" content=\"https:\/\/prochaska.eu\/ro\/produs\/billy-goat-aspirator-de-frunze-si-gunoi-kv601eu\/\" \/>\n<meta property=\"og:site_name\" content=\"Prochaska\" \/>\n<meta property=\"article:publisher\" content=\"https:\/\/www.facebook.com\/prochaska.eu\/\" \/>\n<meta property=\"og:image\" content=\"https:\/\/prochaska.eu\/wp-content\/uploads\/2024\/06\/laub-abfallsauger-billygoat-kv601eu-prochaska.jpg\" \/>\n\t<meta property=\"og:image:width\" content=\"1440\" \/>\n\t<meta property=\"og:image:height\" content=\"1440\" \/>\n\t<meta property=\"og:image:type\" content=\"image\/jpeg\" \/>\n<meta name=\"twitter:card\" content=\"summary_large_image\" \/>\n<meta name=\"twitter:label1\" content=\"Timp estimat pentru citire\" \/>\n\t<meta name=\"twitter:data1\" content=\"1 minut\" \/>\n<script type=\"application\/ld+json\" class=\"yoast-schema-graph\">{\"@context\":\"https:\\\/\\\/schema.org\",\"@graph\":[{\"@type\":\"WebPage\",\"@id\":\"https:\\\/\\\/prochaska.eu\\\/ro\\\/produs\\\/billy-goat-aspirator-de-frunze-si-gunoi-kv601eu\\\/\",\"url\":\"https:\\\/\\\/prochaska.eu\\\/ro\\\/produs\\\/billy-goat-aspirator-de-frunze-si-gunoi-kv601eu\\\/\",\"name\":\"Billy Goat - Aspirator de frunze \u0219i gunoi - KV601EU - Prochaska\",\"isPartOf\":{\"@id\":\"https:\\\/\\\/prochaska.eu\\\/ro\\\/#website\"},\"primaryImageOfPage\":{\"@id\":\"https:\\\/\\\/prochaska.eu\\\/ro\\\/produs\\\/billy-goat-aspirator-de-frunze-si-gunoi-kv601eu\\\/#primaryimage\"},\"image\":{\"@id\":\"https:\\\/\\\/prochaska.eu\\\/ro\\\/produs\\\/billy-goat-aspirator-de-frunze-si-gunoi-kv601eu\\\/#primaryimage\"},\"thumbnailUrl\":\"https:\\\/\\\/prochaska.eu\\\/wp-content\\\/uploads\\\/2024\\\/06\\\/laub-abfallsauger-billygoat-kv601eu-prochaska.jpg\",\"datePublished\":\"2020-08-21T09:47:41+00:00\",\"breadcrumb\":{\"@id\":\"https:\\\/\\\/prochaska.eu\\\/ro\\\/produs\\\/billy-goat-aspirator-de-frunze-si-gunoi-kv601eu\\\/#breadcrumb\"},\"inLanguage\":\"ro-RO\",\"potentialAction\":[{\"@type\":\"ReadAction\",\"target\":[\"https:\\\/\\\/prochaska.eu\\\/ro\\\/produs\\\/billy-goat-aspirator-de-frunze-si-gunoi-kv601eu\\\/\"]}]},{\"@type\":\"ImageObject\",\"inLanguage\":\"ro-RO\",\"@id\":\"https:\\\/\\\/prochaska.eu\\\/ro\\\/produs\\\/billy-goat-aspirator-de-frunze-si-gunoi-kv601eu\\\/#primaryimage\",\"url\":\"https:\\\/\\\/prochaska.eu\\\/wp-content\\\/uploads\\\/2024\\\/06\\\/laub-abfallsauger-billygoat-kv601eu-prochaska.jpg\",\"contentUrl\":\"https:\\\/\\\/prochaska.eu\\\/wp-content\\\/uploads\\\/2024\\\/06\\\/laub-abfallsauger-billygoat-kv601eu-prochaska.jpg\",\"width\":1440,\"height\":1440},{\"@type\":\"BreadcrumbList\",\"@id\":\"https:\\\/\\\/prochaska.eu\\\/ro\\\/produs\\\/billy-goat-aspirator-de-frunze-si-gunoi-kv601eu\\\/#breadcrumb\",\"itemListElement\":[{\"@type\":\"ListItem\",\"position\":1,\"name\":\"Home\",\"item\":\"https:\\\/\\\/prochaska.eu\\\/ro\\\/\"},{\"@type\":\"ListItem\",\"position\":2,\"name\":\"Shop\",\"item\":\"https:\\\/\\\/prochaska.eu\\\/ro\\\/shop\\\/\"},{\"@type\":\"ListItem\",\"position\":3,\"name\":\"Billy Goat &#8211; Aspirator de frunze \u0219i gunoi &#8211; KV601EU\"}]},{\"@type\":\"WebSite\",\"@id\":\"https:\\\/\\\/prochaska.eu\\\/ro\\\/#website\",\"url\":\"https:\\\/\\\/prochaska.eu\\\/ro\\\/\",\"name\":\"Prochaska\",\"description\":\"Spezialist f\u00fcr Pflege von Gr\u00fcnfl\u00e4chen\",\"publisher\":{\"@id\":\"https:\\\/\\\/prochaska.eu\\\/ro\\\/#organization\"},\"potentialAction\":[{\"@type\":\"SearchAction\",\"target\":{\"@type\":\"EntryPoint\",\"urlTemplate\":\"https:\\\/\\\/prochaska.eu\\\/ro\\\/?s={search_term_string}\"},\"query-input\":{\"@type\":\"PropertyValueSpecification\",\"valueRequired\":true,\"valueName\":\"search_term_string\"}}],\"inLanguage\":\"ro-RO\"},{\"@type\":\"Organization\",\"@id\":\"https:\\\/\\\/prochaska.eu\\\/ro\\\/#organization\",\"name\":\"Prochaska\",\"url\":\"https:\\\/\\\/prochaska.eu\\\/ro\\\/\",\"logo\":{\"@type\":\"ImageObject\",\"inLanguage\":\"ro-RO\",\"@id\":\"https:\\\/\\\/prochaska.eu\\\/ro\\\/#\\\/schema\\\/logo\\\/image\\\/\",\"url\":\"https:\\\/\\\/prochaska.eu\\\/wp-content\\\/uploads\\\/2024\\\/04\\\/Prochaska_Logo_Black-1.png\",\"contentUrl\":\"https:\\\/\\\/prochaska.eu\\\/wp-content\\\/uploads\\\/2024\\\/04\\\/Prochaska_Logo_Black-1.png\",\"width\":796,\"height\":236,\"caption\":\"Prochaska\"},\"image\":{\"@id\":\"https:\\\/\\\/prochaska.eu\\\/ro\\\/#\\\/schema\\\/logo\\\/image\\\/\"},\"sameAs\":[\"https:\\\/\\\/www.facebook.com\\\/prochaska.eu\\\/\",\"https:\\\/\\\/www.instagram.com\\\/prochaska.eu\\\/\",\"https:\\\/\\\/www.linkedin.com\\\/company\\\/prochaska-handels-gmbh\"]}]}<\/script>\n<!-- \/ Yoast SEO plugin. -->","yoast_head_json":{"title":"Billy Goat - Aspirator de frunze \u0219i gunoi - KV601EU - Prochaska","robots":{"index":"index","follow":"follow","max-snippet":"max-snippet:-1","max-image-preview":"max-image-preview:large","max-video-preview":"max-video-preview:-1"},"canonical":"https:\/\/prochaska.eu\/ro\/produs\/billy-goat-aspirator-de-frunze-si-gunoi-kv601eu\/","og_locale":"ro_RO","og_type":"article","og_title":"Billy Goat - Aspirator de frunze \u0219i gunoi - KV601EU - Prochaska","og_description":"Aspiratorul de frunze \u0219i gunoi KV601EU de la Billy Goat este ideal pentru suprafe\u021be dure sau lucr\u0103ri pe gazon, datorit\u0103 reglajului s\u0103u variabil al \u00een\u0103l\u021bimii. Aparatul are o capacitate de aspira\u021bie foarte puternic\u0103 de 40 m\u00b3\/min.","og_url":"https:\/\/prochaska.eu\/ro\/produs\/billy-goat-aspirator-de-frunze-si-gunoi-kv601eu\/","og_site_name":"Prochaska","article_publisher":"https:\/\/www.facebook.com\/prochaska.eu\/","og_image":[{"width":1440,"height":1440,"url":"https:\/\/prochaska.eu\/wp-content\/uploads\/2024\/06\/laub-abfallsauger-billygoat-kv601eu-prochaska.jpg","type":"image\/jpeg"}],"twitter_card":"summary_large_image","twitter_misc":{"Timp estimat pentru citire":"1 minut"},"schema":{"@context":"https:\/\/schema.org","@graph":[{"@type":"WebPage","@id":"https:\/\/prochaska.eu\/ro\/produs\/billy-goat-aspirator-de-frunze-si-gunoi-kv601eu\/","url":"https:\/\/prochaska.eu\/ro\/produs\/billy-goat-aspirator-de-frunze-si-gunoi-kv601eu\/","name":"Billy Goat - Aspirator de frunze \u0219i gunoi - KV601EU - Prochaska","isPartOf":{"@id":"https:\/\/prochaska.eu\/ro\/#website"},"primaryImageOfPage":{"@id":"https:\/\/prochaska.eu\/ro\/produs\/billy-goat-aspirator-de-frunze-si-gunoi-kv601eu\/#primaryimage"},"image":{"@id":"https:\/\/prochaska.eu\/ro\/produs\/billy-goat-aspirator-de-frunze-si-gunoi-kv601eu\/#primaryimage"},"thumbnailUrl":"https:\/\/prochaska.eu\/wp-content\/uploads\/2024\/06\/laub-abfallsauger-billygoat-kv601eu-prochaska.jpg","datePublished":"2020-08-21T09:47:41+00:00","breadcrumb":{"@id":"https:\/\/prochaska.eu\/ro\/produs\/billy-goat-aspirator-de-frunze-si-gunoi-kv601eu\/#breadcrumb"},"inLanguage":"ro-RO","potentialAction":[{"@type":"ReadAction","target":["https:\/\/prochaska.eu\/ro\/produs\/billy-goat-aspirator-de-frunze-si-gunoi-kv601eu\/"]}]},{"@type":"ImageObject","inLanguage":"ro-RO","@id":"https:\/\/prochaska.eu\/ro\/produs\/billy-goat-aspirator-de-frunze-si-gunoi-kv601eu\/#primaryimage","url":"https:\/\/prochaska.eu\/wp-content\/uploads\/2024\/06\/laub-abfallsauger-billygoat-kv601eu-prochaska.jpg","contentUrl":"https:\/\/prochaska.eu\/wp-content\/uploads\/2024\/06\/laub-abfallsauger-billygoat-kv601eu-prochaska.jpg","width":1440,"height":1440},{"@type":"BreadcrumbList","@id":"https:\/\/prochaska.eu\/ro\/produs\/billy-goat-aspirator-de-frunze-si-gunoi-kv601eu\/#breadcrumb","itemListElement":[{"@type":"ListItem","position":1,"name":"Home","item":"https:\/\/prochaska.eu\/ro\/"},{"@type":"ListItem","position":2,"name":"Shop","item":"https:\/\/prochaska.eu\/ro\/shop\/"},{"@type":"ListItem","position":3,"name":"Billy Goat &#8211; Aspirator de frunze \u0219i gunoi &#8211; KV601EU"}]},{"@type":"WebSite","@id":"https:\/\/prochaska.eu\/ro\/#website","url":"https:\/\/prochaska.eu\/ro\/","name":"Prochaska","description":"Spezialist f\u00fcr Pflege von Gr\u00fcnfl\u00e4chen","publisher":{"@id":"https:\/\/prochaska.eu\/ro\/#organization"},"potentialAction":[{"@type":"SearchAction","target":{"@type":"EntryPoint","urlTemplate":"https:\/\/prochaska.eu\/ro\/?s={search_term_string}"},"query-input":{"@type":"PropertyValueSpecification","valueRequired":true,"valueName":"search_term_string"}}],"inLanguage":"ro-RO"},{"@type":"Organization","@id":"https:\/\/prochaska.eu\/ro\/#organization","name":"Prochaska","url":"https:\/\/prochaska.eu\/ro\/","logo":{"@type":"ImageObject","inLanguage":"ro-RO","@id":"https:\/\/prochaska.eu\/ro\/#\/schema\/logo\/image\/","url":"https:\/\/prochaska.eu\/wp-content\/uploads\/2024\/04\/Prochaska_Logo_Black-1.png","contentUrl":"https:\/\/prochaska.eu\/wp-content\/uploads\/2024\/04\/Prochaska_Logo_Black-1.png","width":796,"height":236,"caption":"Prochaska"},"image":{"@id":"https:\/\/prochaska.eu\/ro\/#\/schema\/logo\/image\/"},"sameAs":["https:\/\/www.facebook.com\/prochaska.eu\/","https:\/\/www.instagram.com\/prochaska.eu\/","https:\/\/www.linkedin.com\/company\/prochaska-handels-gmbh"]}]}},"brands":[{"id":3084,"name":"Billy Goat","slug":"billy-goat-ro"}],"_links":{"self":[{"href":"https:\/\/prochaska.eu\/ro\/wp-json\/wp\/v2\/product\/25415","targetHints":{"allow":["GET"]}}],"collection":[{"href":"https:\/\/prochaska.eu\/ro\/wp-json\/wp\/v2\/product"}],"about":[{"href":"https:\/\/prochaska.eu\/ro\/wp-json\/wp\/v2\/types\/product"}],"version-history":[{"count":0,"href":"https:\/\/prochaska.eu\/ro\/wp-json\/wp\/v2\/product\/25415\/revisions"}],"wp:featuredmedia":[{"embeddable":true,"href":"https:\/\/prochaska.eu\/ro\/wp-json\/wp\/v2\/media\/22164"}],"wp:attachment":[{"href":"https:\/\/prochaska.eu\/ro\/wp-json\/wp\/v2\/media?parent=25415"}],"wp:term":[{"taxonomy":"pwb-brand","embeddable":true,"href":"https:\/\/prochaska.eu\/ro\/wp-json\/wp\/v2\/pwb-brand?post=25415"},{"taxonomy":"product_brand","embeddable":true,"href":"https:\/\/prochaska.eu\/ro\/wp-json\/wp\/v2\/product_brand?post=25415"},{"taxonomy":"product_cat","embeddable":true,"href":"https:\/\/prochaska.eu\/ro\/wp-json\/wp\/v2\/product_cat?post=25415"},{"taxonomy":"product_tag","embeddable":true,"href":"https:\/\/prochaska.eu\/ro\/wp-json\/wp\/v2\/product_tag?post=25415"}],"curies":[{"name":"wp","href":"https:\/\/api.w.org\/{rel}","templated":true}]}}