{"id":25417,"date":"2020-08-21T08:48:27","date_gmt":"2020-08-21T08:48:27","guid":{"rendered":"https:\/\/prochaska.eu\/product\/billy-goat-captuseala-pentru-sacul-de-colectare-aspirator-de-frunze-si-gunoi-accesorii\/"},"modified":"2020-08-21T08:48:27","modified_gmt":"2020-08-21T08:48:27","slug":"billy-goat-captuseala-pentru-sacul-de-colectare-aspirator-de-frunze-si-gunoi-accesorii","status":"publish","type":"product","link":"https:\/\/prochaska.eu\/ro\/produs\/billy-goat-captuseala-pentru-sacul-de-colectare-aspirator-de-frunze-si-gunoi-accesorii\/","title":{"rendered":"Billy Goat &#8211; C\u0103ptu\u0219eal\u0103 pentru sacul de colectare &#8211; Aspirator de frunze \u0219i gunoi &#8211; Accesorii"},"content":{"rendered":"<p><span class=\"p2\">Frunzele \u0219i resturile nu mai trebuie s\u0103 fie depozitate. Pachet de 12 buc\u0103\u021bi. Disponibil ca accesoriu pentru aspiratoarele de frunze \u0219i gunoi din seria de modele MV de la <a href=\"https:\/\/www.prochaska.eu\/billygoat\/\">Billy Goat<\/a>.  <\/span><\/p>\n","protected":false},"excerpt":{"rendered":"<p><span class=\"p2\">Frunzele \u0219i resturile nu mai trebuie s\u0103 fie depozitate. Pachet de 12 buc\u0103\u021bi. Disponibil ca accesoriu pentru aspiratoarele de frunze \u0219i gunoi din seria de modele MV de la <a href=\"https:\/\/www.prochaska.eu\/billygoat\/\">Billy Goat<\/a>.  <\/span><\/p>\n","protected":false},"featured_media":22149,"template":"","meta":[],"pwb-brand":[3084],"product_brand":[],"product_cat":[1167],"product_tag":[1529],"class_list":{"0":"post-25417","1":"product","2":"type-product","3":"status-publish","4":"has-post-thumbnail","6":"pwb-brand-billy-goat-ro","7":"product_cat-scarificator-aerator-si-dispozitiv-de-indepartare-a-frunzelor","8":"product_tag-billy-goat-ro","10":"first","11":"instock","12":"taxable","13":"shipping-taxable","14":"purchasable","15":"product-type-simple"},"yoast_head":"<!-- This site is optimized with the Yoast SEO plugin v27.4 - https:\/\/yoast.com\/product\/yoast-seo-wordpress\/ -->\n<title>Billy Goat - C\u0103ptu\u0219eal\u0103 pentru sacul de colectare - Aspirator de frunze \u0219i gunoi - Accesorii - Prochaska<\/title>\n<meta name=\"robots\" content=\"index, follow, max-snippet:-1, max-image-preview:large, max-video-preview:-1\" \/>\n<link rel=\"canonical\" href=\"https:\/\/prochaska.eu\/ro\/produs\/billy-goat-captuseala-pentru-sacul-de-colectare-aspirator-de-frunze-si-gunoi-accesorii\/\" \/>\n<meta property=\"og:locale\" content=\"ro_RO\" \/>\n<meta property=\"og:type\" content=\"article\" \/>\n<meta property=\"og:title\" content=\"Billy Goat - C\u0103ptu\u0219eal\u0103 pentru sacul de colectare - Aspirator de frunze \u0219i gunoi - Accesorii - Prochaska\" \/>\n<meta property=\"og:description\" content=\"Frunzele \u0219i resturile nu mai trebuie s\u0103 fie depozitate. Pachet de 12 buc\u0103\u021bi. Disponibil ca accesoriu pentru aspiratoarele de frunze \u0219i gunoi din seria de modele MV de la Billy Goat.\" \/>\n<meta property=\"og:url\" content=\"https:\/\/prochaska.eu\/ro\/produs\/billy-goat-captuseala-pentru-sacul-de-colectare-aspirator-de-frunze-si-gunoi-accesorii\/\" \/>\n<meta property=\"og:site_name\" content=\"Prochaska\" \/>\n<meta property=\"article:publisher\" content=\"https:\/\/www.facebook.com\/prochaska.eu\/\" \/>\n<meta property=\"og:image\" content=\"https:\/\/prochaska.eu\/wp-content\/uploads\/2024\/06\/zubehoer-laub-abfallsauger-billygoat-mv650sphdseu-prochaska-840134.jpg\" \/>\n\t<meta property=\"og:image:width\" content=\"1440\" \/>\n\t<meta property=\"og:image:height\" content=\"1440\" \/>\n\t<meta property=\"og:image:type\" content=\"image\/jpeg\" \/>\n<meta name=\"twitter:card\" content=\"summary_large_image\" \/>\n<script type=\"application\/ld+json\" class=\"yoast-schema-graph\">{\"@context\":\"https:\\\/\\\/schema.org\",\"@graph\":[{\"@type\":\"WebPage\",\"@id\":\"https:\\\/\\\/prochaska.eu\\\/ro\\\/produs\\\/billy-goat-captuseala-pentru-sacul-de-colectare-aspirator-de-frunze-si-gunoi-accesorii\\\/\",\"url\":\"https:\\\/\\\/prochaska.eu\\\/ro\\\/produs\\\/billy-goat-captuseala-pentru-sacul-de-colectare-aspirator-de-frunze-si-gunoi-accesorii\\\/\",\"name\":\"Billy Goat - C\u0103ptu\u0219eal\u0103 pentru sacul de colectare - Aspirator de frunze \u0219i gunoi - Accesorii - Prochaska\",\"isPartOf\":{\"@id\":\"https:\\\/\\\/prochaska.eu\\\/ro\\\/#website\"},\"primaryImageOfPage\":{\"@id\":\"https:\\\/\\\/prochaska.eu\\\/ro\\\/produs\\\/billy-goat-captuseala-pentru-sacul-de-colectare-aspirator-de-frunze-si-gunoi-accesorii\\\/#primaryimage\"},\"image\":{\"@id\":\"https:\\\/\\\/prochaska.eu\\\/ro\\\/produs\\\/billy-goat-captuseala-pentru-sacul-de-colectare-aspirator-de-frunze-si-gunoi-accesorii\\\/#primaryimage\"},\"thumbnailUrl\":\"https:\\\/\\\/prochaska.eu\\\/wp-content\\\/uploads\\\/2024\\\/06\\\/zubehoer-laub-abfallsauger-billygoat-mv650sphdseu-prochaska-840134.jpg\",\"datePublished\":\"2020-08-21T08:48:27+00:00\",\"breadcrumb\":{\"@id\":\"https:\\\/\\\/prochaska.eu\\\/ro\\\/produs\\\/billy-goat-captuseala-pentru-sacul-de-colectare-aspirator-de-frunze-si-gunoi-accesorii\\\/#breadcrumb\"},\"inLanguage\":\"ro-RO\",\"potentialAction\":[{\"@type\":\"ReadAction\",\"target\":[\"https:\\\/\\\/prochaska.eu\\\/ro\\\/produs\\\/billy-goat-captuseala-pentru-sacul-de-colectare-aspirator-de-frunze-si-gunoi-accesorii\\\/\"]}]},{\"@type\":\"ImageObject\",\"inLanguage\":\"ro-RO\",\"@id\":\"https:\\\/\\\/prochaska.eu\\\/ro\\\/produs\\\/billy-goat-captuseala-pentru-sacul-de-colectare-aspirator-de-frunze-si-gunoi-accesorii\\\/#primaryimage\",\"url\":\"https:\\\/\\\/prochaska.eu\\\/wp-content\\\/uploads\\\/2024\\\/06\\\/zubehoer-laub-abfallsauger-billygoat-mv650sphdseu-prochaska-840134.jpg\",\"contentUrl\":\"https:\\\/\\\/prochaska.eu\\\/wp-content\\\/uploads\\\/2024\\\/06\\\/zubehoer-laub-abfallsauger-billygoat-mv650sphdseu-prochaska-840134.jpg\",\"width\":1440,\"height\":1440},{\"@type\":\"BreadcrumbList\",\"@id\":\"https:\\\/\\\/prochaska.eu\\\/ro\\\/produs\\\/billy-goat-captuseala-pentru-sacul-de-colectare-aspirator-de-frunze-si-gunoi-accesorii\\\/#breadcrumb\",\"itemListElement\":[{\"@type\":\"ListItem\",\"position\":1,\"name\":\"Home\",\"item\":\"https:\\\/\\\/prochaska.eu\\\/ro\\\/\"},{\"@type\":\"ListItem\",\"position\":2,\"name\":\"Shop\",\"item\":\"https:\\\/\\\/prochaska.eu\\\/ro\\\/shop\\\/\"},{\"@type\":\"ListItem\",\"position\":3,\"name\":\"Billy Goat &#8211; C\u0103ptu\u0219eal\u0103 pentru sacul de colectare &#8211; Aspirator de frunze \u0219i gunoi &#8211; Accesorii\"}]},{\"@type\":\"WebSite\",\"@id\":\"https:\\\/\\\/prochaska.eu\\\/ro\\\/#website\",\"url\":\"https:\\\/\\\/prochaska.eu\\\/ro\\\/\",\"name\":\"Prochaska\",\"description\":\"Spezialist f\u00fcr Pflege von Gr\u00fcnfl\u00e4chen\",\"publisher\":{\"@id\":\"https:\\\/\\\/prochaska.eu\\\/ro\\\/#organization\"},\"potentialAction\":[{\"@type\":\"SearchAction\",\"target\":{\"@type\":\"EntryPoint\",\"urlTemplate\":\"https:\\\/\\\/prochaska.eu\\\/ro\\\/?s={search_term_string}\"},\"query-input\":{\"@type\":\"PropertyValueSpecification\",\"valueRequired\":true,\"valueName\":\"search_term_string\"}}],\"inLanguage\":\"ro-RO\"},{\"@type\":\"Organization\",\"@id\":\"https:\\\/\\\/prochaska.eu\\\/ro\\\/#organization\",\"name\":\"Prochaska\",\"url\":\"https:\\\/\\\/prochaska.eu\\\/ro\\\/\",\"logo\":{\"@type\":\"ImageObject\",\"inLanguage\":\"ro-RO\",\"@id\":\"https:\\\/\\\/prochaska.eu\\\/ro\\\/#\\\/schema\\\/logo\\\/image\\\/\",\"url\":\"https:\\\/\\\/prochaska.eu\\\/wp-content\\\/uploads\\\/2024\\\/04\\\/Prochaska_Logo_Black-1.png\",\"contentUrl\":\"https:\\\/\\\/prochaska.eu\\\/wp-content\\\/uploads\\\/2024\\\/04\\\/Prochaska_Logo_Black-1.png\",\"width\":796,\"height\":236,\"caption\":\"Prochaska\"},\"image\":{\"@id\":\"https:\\\/\\\/prochaska.eu\\\/ro\\\/#\\\/schema\\\/logo\\\/image\\\/\"},\"sameAs\":[\"https:\\\/\\\/www.facebook.com\\\/prochaska.eu\\\/\",\"https:\\\/\\\/www.instagram.com\\\/prochaska.eu\\\/\",\"https:\\\/\\\/www.linkedin.com\\\/company\\\/prochaska-handels-gmbh\"]}]}<\/script>\n<!-- \/ Yoast SEO plugin. -->","yoast_head_json":{"title":"Billy Goat - C\u0103ptu\u0219eal\u0103 pentru sacul de colectare - Aspirator de frunze \u0219i gunoi - Accesorii - Prochaska","robots":{"index":"index","follow":"follow","max-snippet":"max-snippet:-1","max-image-preview":"max-image-preview:large","max-video-preview":"max-video-preview:-1"},"canonical":"https:\/\/prochaska.eu\/ro\/produs\/billy-goat-captuseala-pentru-sacul-de-colectare-aspirator-de-frunze-si-gunoi-accesorii\/","og_locale":"ro_RO","og_type":"article","og_title":"Billy Goat - C\u0103ptu\u0219eal\u0103 pentru sacul de colectare - Aspirator de frunze \u0219i gunoi - Accesorii - Prochaska","og_description":"Frunzele \u0219i resturile nu mai trebuie s\u0103 fie depozitate. Pachet de 12 buc\u0103\u021bi. Disponibil ca accesoriu pentru aspiratoarele de frunze \u0219i gunoi din seria de modele MV de la Billy Goat.","og_url":"https:\/\/prochaska.eu\/ro\/produs\/billy-goat-captuseala-pentru-sacul-de-colectare-aspirator-de-frunze-si-gunoi-accesorii\/","og_site_name":"Prochaska","article_publisher":"https:\/\/www.facebook.com\/prochaska.eu\/","og_image":[{"width":1440,"height":1440,"url":"https:\/\/prochaska.eu\/wp-content\/uploads\/2024\/06\/zubehoer-laub-abfallsauger-billygoat-mv650sphdseu-prochaska-840134.jpg","type":"image\/jpeg"}],"twitter_card":"summary_large_image","schema":{"@context":"https:\/\/schema.org","@graph":[{"@type":"WebPage","@id":"https:\/\/prochaska.eu\/ro\/produs\/billy-goat-captuseala-pentru-sacul-de-colectare-aspirator-de-frunze-si-gunoi-accesorii\/","url":"https:\/\/prochaska.eu\/ro\/produs\/billy-goat-captuseala-pentru-sacul-de-colectare-aspirator-de-frunze-si-gunoi-accesorii\/","name":"Billy Goat - C\u0103ptu\u0219eal\u0103 pentru sacul de colectare - Aspirator de frunze \u0219i gunoi - Accesorii - Prochaska","isPartOf":{"@id":"https:\/\/prochaska.eu\/ro\/#website"},"primaryImageOfPage":{"@id":"https:\/\/prochaska.eu\/ro\/produs\/billy-goat-captuseala-pentru-sacul-de-colectare-aspirator-de-frunze-si-gunoi-accesorii\/#primaryimage"},"image":{"@id":"https:\/\/prochaska.eu\/ro\/produs\/billy-goat-captuseala-pentru-sacul-de-colectare-aspirator-de-frunze-si-gunoi-accesorii\/#primaryimage"},"thumbnailUrl":"https:\/\/prochaska.eu\/wp-content\/uploads\/2024\/06\/zubehoer-laub-abfallsauger-billygoat-mv650sphdseu-prochaska-840134.jpg","datePublished":"2020-08-21T08:48:27+00:00","breadcrumb":{"@id":"https:\/\/prochaska.eu\/ro\/produs\/billy-goat-captuseala-pentru-sacul-de-colectare-aspirator-de-frunze-si-gunoi-accesorii\/#breadcrumb"},"inLanguage":"ro-RO","potentialAction":[{"@type":"ReadAction","target":["https:\/\/prochaska.eu\/ro\/produs\/billy-goat-captuseala-pentru-sacul-de-colectare-aspirator-de-frunze-si-gunoi-accesorii\/"]}]},{"@type":"ImageObject","inLanguage":"ro-RO","@id":"https:\/\/prochaska.eu\/ro\/produs\/billy-goat-captuseala-pentru-sacul-de-colectare-aspirator-de-frunze-si-gunoi-accesorii\/#primaryimage","url":"https:\/\/prochaska.eu\/wp-content\/uploads\/2024\/06\/zubehoer-laub-abfallsauger-billygoat-mv650sphdseu-prochaska-840134.jpg","contentUrl":"https:\/\/prochaska.eu\/wp-content\/uploads\/2024\/06\/zubehoer-laub-abfallsauger-billygoat-mv650sphdseu-prochaska-840134.jpg","width":1440,"height":1440},{"@type":"BreadcrumbList","@id":"https:\/\/prochaska.eu\/ro\/produs\/billy-goat-captuseala-pentru-sacul-de-colectare-aspirator-de-frunze-si-gunoi-accesorii\/#breadcrumb","itemListElement":[{"@type":"ListItem","position":1,"name":"Home","item":"https:\/\/prochaska.eu\/ro\/"},{"@type":"ListItem","position":2,"name":"Shop","item":"https:\/\/prochaska.eu\/ro\/shop\/"},{"@type":"ListItem","position":3,"name":"Billy Goat &#8211; C\u0103ptu\u0219eal\u0103 pentru sacul de colectare &#8211; Aspirator de frunze \u0219i gunoi &#8211; Accesorii"}]},{"@type":"WebSite","@id":"https:\/\/prochaska.eu\/ro\/#website","url":"https:\/\/prochaska.eu\/ro\/","name":"Prochaska","description":"Spezialist f\u00fcr Pflege von Gr\u00fcnfl\u00e4chen","publisher":{"@id":"https:\/\/prochaska.eu\/ro\/#organization"},"potentialAction":[{"@type":"SearchAction","target":{"@type":"EntryPoint","urlTemplate":"https:\/\/prochaska.eu\/ro\/?s={search_term_string}"},"query-input":{"@type":"PropertyValueSpecification","valueRequired":true,"valueName":"search_term_string"}}],"inLanguage":"ro-RO"},{"@type":"Organization","@id":"https:\/\/prochaska.eu\/ro\/#organization","name":"Prochaska","url":"https:\/\/prochaska.eu\/ro\/","logo":{"@type":"ImageObject","inLanguage":"ro-RO","@id":"https:\/\/prochaska.eu\/ro\/#\/schema\/logo\/image\/","url":"https:\/\/prochaska.eu\/wp-content\/uploads\/2024\/04\/Prochaska_Logo_Black-1.png","contentUrl":"https:\/\/prochaska.eu\/wp-content\/uploads\/2024\/04\/Prochaska_Logo_Black-1.png","width":796,"height":236,"caption":"Prochaska"},"image":{"@id":"https:\/\/prochaska.eu\/ro\/#\/schema\/logo\/image\/"},"sameAs":["https:\/\/www.facebook.com\/prochaska.eu\/","https:\/\/www.instagram.com\/prochaska.eu\/","https:\/\/www.linkedin.com\/company\/prochaska-handels-gmbh"]}]}},"brands":[{"id":3084,"name":"Billy Goat","slug":"billy-goat-ro"}],"_links":{"self":[{"href":"https:\/\/prochaska.eu\/ro\/wp-json\/wp\/v2\/product\/25417","targetHints":{"allow":["GET"]}}],"collection":[{"href":"https:\/\/prochaska.eu\/ro\/wp-json\/wp\/v2\/product"}],"about":[{"href":"https:\/\/prochaska.eu\/ro\/wp-json\/wp\/v2\/types\/product"}],"version-history":[{"count":0,"href":"https:\/\/prochaska.eu\/ro\/wp-json\/wp\/v2\/product\/25417\/revisions"}],"wp:featuredmedia":[{"embeddable":true,"href":"https:\/\/prochaska.eu\/ro\/wp-json\/wp\/v2\/media\/22149"}],"wp:attachment":[{"href":"https:\/\/prochaska.eu\/ro\/wp-json\/wp\/v2\/media?parent=25417"}],"wp:term":[{"taxonomy":"pwb-brand","embeddable":true,"href":"https:\/\/prochaska.eu\/ro\/wp-json\/wp\/v2\/pwb-brand?post=25417"},{"taxonomy":"product_brand","embeddable":true,"href":"https:\/\/prochaska.eu\/ro\/wp-json\/wp\/v2\/product_brand?post=25417"},{"taxonomy":"product_cat","embeddable":true,"href":"https:\/\/prochaska.eu\/ro\/wp-json\/wp\/v2\/product_cat?post=25417"},{"taxonomy":"product_tag","embeddable":true,"href":"https:\/\/prochaska.eu\/ro\/wp-json\/wp\/v2\/product_tag?post=25417"}],"curies":[{"name":"wp","href":"https:\/\/api.w.org\/{rel}","templated":true}]}}