{"id":25419,"date":"2020-08-21T11:31:05","date_gmt":"2020-08-21T11:31:05","guid":{"rendered":"https:\/\/prochaska.eu\/product\/billy-goat-suflanta-de-frunze-f602v\/"},"modified":"2020-08-21T11:31:05","modified_gmt":"2020-08-21T11:31:05","slug":"billy-goat-suflanta-de-frunze-f602v","status":"publish","type":"product","link":"https:\/\/prochaska.eu\/ro\/produs\/billy-goat-suflanta-de-frunze-f602v\/","title":{"rendered":"Billy Goat &#8211; Suflant\u0103 de frunze &#8211; F602V"},"content":{"rendered":"<p>Suflantele de frunze &#8222;Power Force&#8221; F602V de la <a href=\"https:\/\/www.prochaska.eu\/billygoat\/\">Billy Goat<\/a> se remarc\u0103 printre suflantele cu \u00eempingere datorit\u0103 puterii, productivit\u0103\u021bii \u0219i greut\u0103\u021bii reduse de neegalat. Acest model este cu 30% mai u\u0219or dec\u00e2t aparatele metalice comparabile, ceea ce \u00eel face rapid \u0219i u\u0219or de \u00eempins \u0219i de utilizat. Aparatul este perfect pentru cur\u0103\u021barea \u00een complexele reziden\u021biale \u0219i este de 2,5 ori mai puternic dec\u00e2t modelele cu rucsac. Suflanta de frunze F601V este echipat\u0103 cu un motor Vanguard\u00ae pentru utilizare profesional\u0103 \u0219i poate \u00eendep\u0103rta frunzele de pe o suprafa\u021b\u0103 de 2.000 m\u00b2 \u00een mai pu\u021bin de o or\u0103. Dispozitivul este foarte u\u0219or \u0219i u\u0219or de \u00eempins.<\/p>\n<h2 style=\"text-align: left;\">Avantajele produsului<\/h2>\n<ul>\n<li>Turbin\u0103 pentru fluxul de aer cu roata suflantei TurboForce<\/li>\n<li>Func\u021bia Aim &amp; Shoot<\/li>\n<li>Roata suflantei SpeedForce<\/li>\n<li>Nivel sc\u0103zut al presiunii acustice<\/li>\n<li>Prindere moale confortabil\u0103<\/li>\n<li>Rulare u\u0219oar\u0103<\/li>\n<\/ul>\n","protected":false},"excerpt":{"rendered":"<p>Suflantele de frunze &#8222;Power Force&#8221; F602V de la <a href=\"https:\/\/www.prochaska.eu\/billygoat\/\">Billy Goat<\/a> se remarc\u0103 printre suflantele cu \u00eempingere datorit\u0103 puterii, productivit\u0103\u021bii \u0219i greut\u0103\u021bii reduse de neegalat. Acest model este cu 30% mai u\u0219or dec\u00e2t aparatele metalice comparabile, ceea ce \u00eel face rapid \u0219i u\u0219or de \u00eempins \u0219i de utilizat.<\/p>\n","protected":false},"featured_media":22182,"template":"","meta":[],"pwb-brand":[3084],"product_brand":[],"product_cat":[1105,1093,1167,1136],"product_tag":[1529],"class_list":{"0":"post-25419","1":"product","2":"type-product","3":"status-publish","4":"has-post-thumbnail","6":"pwb-brand-billy-goat-ro","7":"product_cat-casa-si-gradina","8":"product_cat-dispozitive-alimentate-cu-baterii","9":"product_cat-scarificator-aerator-si-dispozitiv-de-indepartare-a-frunzelor","10":"product_cat-suflanta-de-frunze-fara-fir","11":"product_tag-billy-goat-ro","13":"first","14":"instock","15":"taxable","16":"shipping-taxable","17":"purchasable","18":"product-type-simple"},"yoast_head":"<!-- This site is optimized with the Yoast SEO plugin v27.4 - https:\/\/yoast.com\/product\/yoast-seo-wordpress\/ -->\n<title>Billy Goat - Suflant\u0103 de frunze - F602V - Prochaska<\/title>\n<meta name=\"robots\" content=\"index, follow, max-snippet:-1, max-image-preview:large, max-video-preview:-1\" \/>\n<link rel=\"canonical\" href=\"https:\/\/prochaska.eu\/ro\/produs\/billy-goat-suflanta-de-frunze-f602v\/\" \/>\n<meta property=\"og:locale\" content=\"ro_RO\" \/>\n<meta property=\"og:type\" content=\"article\" \/>\n<meta property=\"og:title\" content=\"Billy Goat - Suflant\u0103 de frunze - F602V - Prochaska\" \/>\n<meta property=\"og:description\" content=\"Suflantele de frunze &quot;Power Force&quot; F602V de la Billy Goat se remarc\u0103 printre suflantele cu \u00eempingere datorit\u0103 puterii, productivit\u0103\u021bii \u0219i greut\u0103\u021bii reduse de neegalat. Acest model este cu 30% mai u\u0219or dec\u00e2t aparatele metalice comparabile, ceea ce \u00eel face rapid \u0219i u\u0219or de \u00eempins \u0219i de utilizat.\" \/>\n<meta property=\"og:url\" content=\"https:\/\/prochaska.eu\/ro\/produs\/billy-goat-suflanta-de-frunze-f602v\/\" \/>\n<meta property=\"og:site_name\" content=\"Prochaska\" \/>\n<meta property=\"article:publisher\" content=\"https:\/\/www.facebook.com\/prochaska.eu\/\" \/>\n<meta property=\"og:image\" content=\"https:\/\/prochaska.eu\/wp-content\/uploads\/2024\/06\/power-force-geblaese-billygoat-f601v-prochaska.jpg\" \/>\n\t<meta property=\"og:image:width\" content=\"1440\" \/>\n\t<meta property=\"og:image:height\" content=\"1440\" \/>\n\t<meta property=\"og:image:type\" content=\"image\/jpeg\" \/>\n<meta name=\"twitter:card\" content=\"summary_large_image\" \/>\n<meta name=\"twitter:label1\" content=\"Timp estimat pentru citire\" \/>\n\t<meta name=\"twitter:data1\" content=\"1 minut\" \/>\n<script type=\"application\/ld+json\" class=\"yoast-schema-graph\">{\"@context\":\"https:\\\/\\\/schema.org\",\"@graph\":[{\"@type\":\"WebPage\",\"@id\":\"https:\\\/\\\/prochaska.eu\\\/ro\\\/produs\\\/billy-goat-suflanta-de-frunze-f602v\\\/\",\"url\":\"https:\\\/\\\/prochaska.eu\\\/ro\\\/produs\\\/billy-goat-suflanta-de-frunze-f602v\\\/\",\"name\":\"Billy Goat - Suflant\u0103 de frunze - F602V - Prochaska\",\"isPartOf\":{\"@id\":\"https:\\\/\\\/prochaska.eu\\\/ro\\\/#website\"},\"primaryImageOfPage\":{\"@id\":\"https:\\\/\\\/prochaska.eu\\\/ro\\\/produs\\\/billy-goat-suflanta-de-frunze-f602v\\\/#primaryimage\"},\"image\":{\"@id\":\"https:\\\/\\\/prochaska.eu\\\/ro\\\/produs\\\/billy-goat-suflanta-de-frunze-f602v\\\/#primaryimage\"},\"thumbnailUrl\":\"https:\\\/\\\/prochaska.eu\\\/wp-content\\\/uploads\\\/2024\\\/06\\\/power-force-geblaese-billygoat-f601v-prochaska.jpg\",\"datePublished\":\"2020-08-21T11:31:05+00:00\",\"breadcrumb\":{\"@id\":\"https:\\\/\\\/prochaska.eu\\\/ro\\\/produs\\\/billy-goat-suflanta-de-frunze-f602v\\\/#breadcrumb\"},\"inLanguage\":\"ro-RO\",\"potentialAction\":[{\"@type\":\"ReadAction\",\"target\":[\"https:\\\/\\\/prochaska.eu\\\/ro\\\/produs\\\/billy-goat-suflanta-de-frunze-f602v\\\/\"]}]},{\"@type\":\"ImageObject\",\"inLanguage\":\"ro-RO\",\"@id\":\"https:\\\/\\\/prochaska.eu\\\/ro\\\/produs\\\/billy-goat-suflanta-de-frunze-f602v\\\/#primaryimage\",\"url\":\"https:\\\/\\\/prochaska.eu\\\/wp-content\\\/uploads\\\/2024\\\/06\\\/power-force-geblaese-billygoat-f601v-prochaska.jpg\",\"contentUrl\":\"https:\\\/\\\/prochaska.eu\\\/wp-content\\\/uploads\\\/2024\\\/06\\\/power-force-geblaese-billygoat-f601v-prochaska.jpg\",\"width\":1440,\"height\":1440},{\"@type\":\"BreadcrumbList\",\"@id\":\"https:\\\/\\\/prochaska.eu\\\/ro\\\/produs\\\/billy-goat-suflanta-de-frunze-f602v\\\/#breadcrumb\",\"itemListElement\":[{\"@type\":\"ListItem\",\"position\":1,\"name\":\"Home\",\"item\":\"https:\\\/\\\/prochaska.eu\\\/ro\\\/\"},{\"@type\":\"ListItem\",\"position\":2,\"name\":\"Shop\",\"item\":\"https:\\\/\\\/prochaska.eu\\\/ro\\\/shop\\\/\"},{\"@type\":\"ListItem\",\"position\":3,\"name\":\"Billy Goat &#8211; Suflant\u0103 de frunze &#8211; F602V\"}]},{\"@type\":\"WebSite\",\"@id\":\"https:\\\/\\\/prochaska.eu\\\/ro\\\/#website\",\"url\":\"https:\\\/\\\/prochaska.eu\\\/ro\\\/\",\"name\":\"Prochaska\",\"description\":\"Spezialist f\u00fcr Pflege von Gr\u00fcnfl\u00e4chen\",\"publisher\":{\"@id\":\"https:\\\/\\\/prochaska.eu\\\/ro\\\/#organization\"},\"potentialAction\":[{\"@type\":\"SearchAction\",\"target\":{\"@type\":\"EntryPoint\",\"urlTemplate\":\"https:\\\/\\\/prochaska.eu\\\/ro\\\/?s={search_term_string}\"},\"query-input\":{\"@type\":\"PropertyValueSpecification\",\"valueRequired\":true,\"valueName\":\"search_term_string\"}}],\"inLanguage\":\"ro-RO\"},{\"@type\":\"Organization\",\"@id\":\"https:\\\/\\\/prochaska.eu\\\/ro\\\/#organization\",\"name\":\"Prochaska\",\"url\":\"https:\\\/\\\/prochaska.eu\\\/ro\\\/\",\"logo\":{\"@type\":\"ImageObject\",\"inLanguage\":\"ro-RO\",\"@id\":\"https:\\\/\\\/prochaska.eu\\\/ro\\\/#\\\/schema\\\/logo\\\/image\\\/\",\"url\":\"https:\\\/\\\/prochaska.eu\\\/wp-content\\\/uploads\\\/2024\\\/04\\\/Prochaska_Logo_Black-1.png\",\"contentUrl\":\"https:\\\/\\\/prochaska.eu\\\/wp-content\\\/uploads\\\/2024\\\/04\\\/Prochaska_Logo_Black-1.png\",\"width\":796,\"height\":236,\"caption\":\"Prochaska\"},\"image\":{\"@id\":\"https:\\\/\\\/prochaska.eu\\\/ro\\\/#\\\/schema\\\/logo\\\/image\\\/\"},\"sameAs\":[\"https:\\\/\\\/www.facebook.com\\\/prochaska.eu\\\/\",\"https:\\\/\\\/www.instagram.com\\\/prochaska.eu\\\/\",\"https:\\\/\\\/www.linkedin.com\\\/company\\\/prochaska-handels-gmbh\"]}]}<\/script>\n<!-- \/ Yoast SEO plugin. -->","yoast_head_json":{"title":"Billy Goat - Suflant\u0103 de frunze - F602V - Prochaska","robots":{"index":"index","follow":"follow","max-snippet":"max-snippet:-1","max-image-preview":"max-image-preview:large","max-video-preview":"max-video-preview:-1"},"canonical":"https:\/\/prochaska.eu\/ro\/produs\/billy-goat-suflanta-de-frunze-f602v\/","og_locale":"ro_RO","og_type":"article","og_title":"Billy Goat - Suflant\u0103 de frunze - F602V - Prochaska","og_description":"Suflantele de frunze \"Power Force\" F602V de la Billy Goat se remarc\u0103 printre suflantele cu \u00eempingere datorit\u0103 puterii, productivit\u0103\u021bii \u0219i greut\u0103\u021bii reduse de neegalat. Acest model este cu 30% mai u\u0219or dec\u00e2t aparatele metalice comparabile, ceea ce \u00eel face rapid \u0219i u\u0219or de \u00eempins \u0219i de utilizat.","og_url":"https:\/\/prochaska.eu\/ro\/produs\/billy-goat-suflanta-de-frunze-f602v\/","og_site_name":"Prochaska","article_publisher":"https:\/\/www.facebook.com\/prochaska.eu\/","og_image":[{"width":1440,"height":1440,"url":"https:\/\/prochaska.eu\/wp-content\/uploads\/2024\/06\/power-force-geblaese-billygoat-f601v-prochaska.jpg","type":"image\/jpeg"}],"twitter_card":"summary_large_image","twitter_misc":{"Timp estimat pentru citire":"1 minut"},"schema":{"@context":"https:\/\/schema.org","@graph":[{"@type":"WebPage","@id":"https:\/\/prochaska.eu\/ro\/produs\/billy-goat-suflanta-de-frunze-f602v\/","url":"https:\/\/prochaska.eu\/ro\/produs\/billy-goat-suflanta-de-frunze-f602v\/","name":"Billy Goat - Suflant\u0103 de frunze - F602V - Prochaska","isPartOf":{"@id":"https:\/\/prochaska.eu\/ro\/#website"},"primaryImageOfPage":{"@id":"https:\/\/prochaska.eu\/ro\/produs\/billy-goat-suflanta-de-frunze-f602v\/#primaryimage"},"image":{"@id":"https:\/\/prochaska.eu\/ro\/produs\/billy-goat-suflanta-de-frunze-f602v\/#primaryimage"},"thumbnailUrl":"https:\/\/prochaska.eu\/wp-content\/uploads\/2024\/06\/power-force-geblaese-billygoat-f601v-prochaska.jpg","datePublished":"2020-08-21T11:31:05+00:00","breadcrumb":{"@id":"https:\/\/prochaska.eu\/ro\/produs\/billy-goat-suflanta-de-frunze-f602v\/#breadcrumb"},"inLanguage":"ro-RO","potentialAction":[{"@type":"ReadAction","target":["https:\/\/prochaska.eu\/ro\/produs\/billy-goat-suflanta-de-frunze-f602v\/"]}]},{"@type":"ImageObject","inLanguage":"ro-RO","@id":"https:\/\/prochaska.eu\/ro\/produs\/billy-goat-suflanta-de-frunze-f602v\/#primaryimage","url":"https:\/\/prochaska.eu\/wp-content\/uploads\/2024\/06\/power-force-geblaese-billygoat-f601v-prochaska.jpg","contentUrl":"https:\/\/prochaska.eu\/wp-content\/uploads\/2024\/06\/power-force-geblaese-billygoat-f601v-prochaska.jpg","width":1440,"height":1440},{"@type":"BreadcrumbList","@id":"https:\/\/prochaska.eu\/ro\/produs\/billy-goat-suflanta-de-frunze-f602v\/#breadcrumb","itemListElement":[{"@type":"ListItem","position":1,"name":"Home","item":"https:\/\/prochaska.eu\/ro\/"},{"@type":"ListItem","position":2,"name":"Shop","item":"https:\/\/prochaska.eu\/ro\/shop\/"},{"@type":"ListItem","position":3,"name":"Billy Goat &#8211; Suflant\u0103 de frunze &#8211; F602V"}]},{"@type":"WebSite","@id":"https:\/\/prochaska.eu\/ro\/#website","url":"https:\/\/prochaska.eu\/ro\/","name":"Prochaska","description":"Spezialist f\u00fcr Pflege von Gr\u00fcnfl\u00e4chen","publisher":{"@id":"https:\/\/prochaska.eu\/ro\/#organization"},"potentialAction":[{"@type":"SearchAction","target":{"@type":"EntryPoint","urlTemplate":"https:\/\/prochaska.eu\/ro\/?s={search_term_string}"},"query-input":{"@type":"PropertyValueSpecification","valueRequired":true,"valueName":"search_term_string"}}],"inLanguage":"ro-RO"},{"@type":"Organization","@id":"https:\/\/prochaska.eu\/ro\/#organization","name":"Prochaska","url":"https:\/\/prochaska.eu\/ro\/","logo":{"@type":"ImageObject","inLanguage":"ro-RO","@id":"https:\/\/prochaska.eu\/ro\/#\/schema\/logo\/image\/","url":"https:\/\/prochaska.eu\/wp-content\/uploads\/2024\/04\/Prochaska_Logo_Black-1.png","contentUrl":"https:\/\/prochaska.eu\/wp-content\/uploads\/2024\/04\/Prochaska_Logo_Black-1.png","width":796,"height":236,"caption":"Prochaska"},"image":{"@id":"https:\/\/prochaska.eu\/ro\/#\/schema\/logo\/image\/"},"sameAs":["https:\/\/www.facebook.com\/prochaska.eu\/","https:\/\/www.instagram.com\/prochaska.eu\/","https:\/\/www.linkedin.com\/company\/prochaska-handels-gmbh"]}]}},"brands":[{"id":3084,"name":"Billy Goat","slug":"billy-goat-ro"}],"_links":{"self":[{"href":"https:\/\/prochaska.eu\/ro\/wp-json\/wp\/v2\/product\/25419","targetHints":{"allow":["GET"]}}],"collection":[{"href":"https:\/\/prochaska.eu\/ro\/wp-json\/wp\/v2\/product"}],"about":[{"href":"https:\/\/prochaska.eu\/ro\/wp-json\/wp\/v2\/types\/product"}],"version-history":[{"count":0,"href":"https:\/\/prochaska.eu\/ro\/wp-json\/wp\/v2\/product\/25419\/revisions"}],"wp:featuredmedia":[{"embeddable":true,"href":"https:\/\/prochaska.eu\/ro\/wp-json\/wp\/v2\/media\/22182"}],"wp:attachment":[{"href":"https:\/\/prochaska.eu\/ro\/wp-json\/wp\/v2\/media?parent=25419"}],"wp:term":[{"taxonomy":"pwb-brand","embeddable":true,"href":"https:\/\/prochaska.eu\/ro\/wp-json\/wp\/v2\/pwb-brand?post=25419"},{"taxonomy":"product_brand","embeddable":true,"href":"https:\/\/prochaska.eu\/ro\/wp-json\/wp\/v2\/product_brand?post=25419"},{"taxonomy":"product_cat","embeddable":true,"href":"https:\/\/prochaska.eu\/ro\/wp-json\/wp\/v2\/product_cat?post=25419"},{"taxonomy":"product_tag","embeddable":true,"href":"https:\/\/prochaska.eu\/ro\/wp-json\/wp\/v2\/product_tag?post=25419"}],"curies":[{"name":"wp","href":"https:\/\/api.w.org\/{rel}","templated":true}]}}