{"id":25421,"date":"2020-08-27T08:14:51","date_gmt":"2020-08-27T08:14:51","guid":{"rendered":"https:\/\/prochaska.eu\/product\/billy-goat-aerator-ae401h\/"},"modified":"2020-08-27T08:14:51","modified_gmt":"2020-08-27T08:14:51","slug":"billy-goat-aerator-ae401h","status":"publish","type":"product","link":"https:\/\/prochaska.eu\/ro\/produs\/billy-goat-aerator-ae401h\/","title":{"rendered":"Billy Goat &#8211; Aerator &#8211; AE401H"},"content":{"rendered":"<p>Acest aerator mecanic AE401H cu l\u0103\u021bimea de 19 inch\/48 cm de la <a href=\"https:\/\/www.prochaska.eu\/billygoat\/\">Billy Goat<\/a> \u00eenlocuie\u0219te umplerea plictisitoare a tamburului central conven\u021bional \u00eent\u00e2lnit \u00een mod obi\u0219nuit pe alte aeratoare de pe pia\u021b\u0103, care sunt predispuse la uzur\u0103, vibra\u021bii \u0219i alte deterior\u0103ri. Ro\u021bile motoare montate \u00een exterior previn alunecarea minim\u0103 a ro\u021bilor \u0219i \u00eenc\u0103rcarea incorect\u0103 a tendin\u021belor cu din\u021bii angaja\u021bi. Un rezervor de ap\u0103 se afl\u0103 direct deasupra din\u021bilor, ceea ce permite o ad\u00e2ncime de aerare mai bun\u0103 \u00een locul unei greut\u0103\u021bi voluminoase din o\u021bel. Ac\u021bionarea \u0219i cuplarea din\u021bilor sunt foarte u\u0219or de utilizat, iar func\u021bia exclusiv\u0103 Lift N Lock\u2122 permite ridicarea din\u021bilor prin simpla ridicare a acestora de m\u00e2ner. Datorit\u0103 m\u00e2nerelor Fold-n-Go\u2122 \u0219i a posibilit\u0103\u021bii de \u00eentre\u021binere prin basculare, \u00eentre\u021binerea \u0219i transportul pot fi efectuate u\u0219or \u0219i practic. Modelul AE401H este propulsat de un motor Honda fiabil \u0219i poate aerisi p\u00e2n\u0103 la 2.000<sup>m2<\/sup> pe or\u0103.<\/p>\n<h2 style=\"text-align: left;\">Avantajele produsului<\/h2>\n<ul>\n<li>Sistem Lift&#8217; n&#8217; Loc<\/li>\n<li>Sistemul ProTines<\/li>\n<li>Rezervor de ap\u0103<\/li>\n<li>\u0218in\u0103 de ghidare Fold&#8217;n&#8217;Go<\/li>\n<li>Ro\u021bi exterioare<\/li>\n<\/ul>\n<h2>Accesorii op\u021bionale<\/h2>\n<ul>\n<li>Bobin\u0103 de schimb cu din\u021bi (360352-S &#8211; \u20ac 499.90)<\/li>\n<li><a href=\"https:\/\/www.prochaska.eu\/produkt\/billy-goat-spike-zinken-set-haspel-aerifizierer-zubehoer\/\">Set de v\u00e2rfuri pentru rol\u0103 (360394-S &#8211; \u20ac 589,90)<\/a><\/li>\n<li>Un singur dinte gol (360100 &#8211; \u20ac 11.90)<\/li>\n<li>Set de din\u021bi goi, 24 buc\u0103\u021bi (24x 360100 &#8211; \u20ac 249.90)<\/li>\n<\/ul>\n","protected":false},"excerpt":{"rendered":"<p>Acest aerator mecanic AE401H cu l\u0103\u021bimea de 19 inch\/48 cm de la <a href=\"https:\/\/www.prochaska.eu\/billygoat\/\">Billy Goat<\/a> \u00eenlocuie\u0219te umplerea plictisitoare a tamburului central conven\u021bional \u00eent\u00e2lnit \u00een mod obi\u0219nuit pe alte aeratoare de pe pia\u021b\u0103, care sunt predispuse la uzur\u0103, vibra\u021bii \u0219i alte deterior\u0103ri.<\/p>\n","protected":false},"featured_media":22206,"template":"","meta":[],"pwb-brand":[3084],"product_brand":[],"product_cat":[1533,1535,1167],"product_tag":[1529],"class_list":{"0":"post-25421","1":"product","2":"type-product","3":"status-publish","4":"has-post-thumbnail","6":"pwb-brand-billy-goat-ro","7":"product_cat-pregatirea-solului","8":"product_cat-pregatirea-solului-ro","9":"product_cat-scarificator-aerator-si-dispozitiv-de-indepartare-a-frunzelor","10":"product_tag-billy-goat-ro","12":"first","13":"instock","14":"taxable","15":"shipping-taxable","16":"purchasable","17":"product-type-simple"},"yoast_head":"<!-- This site is optimized with the Yoast SEO plugin v27.4 - https:\/\/yoast.com\/product\/yoast-seo-wordpress\/ -->\n<title>Billy Goat - Aerator - AE401H - Prochaska<\/title>\n<meta name=\"robots\" content=\"index, follow, max-snippet:-1, max-image-preview:large, max-video-preview:-1\" \/>\n<link rel=\"canonical\" href=\"https:\/\/prochaska.eu\/ro\/produs\/billy-goat-aerator-ae401h\/\" \/>\n<meta property=\"og:locale\" content=\"ro_RO\" \/>\n<meta property=\"og:type\" content=\"article\" \/>\n<meta property=\"og:title\" content=\"Billy Goat - Aerator - AE401H - Prochaska\" \/>\n<meta property=\"og:description\" content=\"Acest aerator mecanic AE401H cu l\u0103\u021bimea de 19 inch\/48 cm de la Billy Goat \u00eenlocuie\u0219te umplerea plictisitoare a tamburului central conven\u021bional \u00eent\u00e2lnit \u00een mod obi\u0219nuit pe alte aeratoare de pe pia\u021b\u0103, care sunt predispuse la uzur\u0103, vibra\u021bii \u0219i alte deterior\u0103ri.\" \/>\n<meta property=\"og:url\" content=\"https:\/\/prochaska.eu\/ro\/produs\/billy-goat-aerator-ae401h\/\" \/>\n<meta property=\"og:site_name\" content=\"Prochaska\" \/>\n<meta property=\"article:publisher\" content=\"https:\/\/www.facebook.com\/prochaska.eu\/\" \/>\n<meta property=\"og:image\" content=\"https:\/\/prochaska.eu\/wp-content\/uploads\/2024\/06\/aerifizierer-billygoat-ae401h-prochaska.jpg\" \/>\n\t<meta property=\"og:image:width\" content=\"1440\" \/>\n\t<meta property=\"og:image:height\" content=\"1440\" \/>\n\t<meta property=\"og:image:type\" content=\"image\/jpeg\" \/>\n<meta name=\"twitter:card\" content=\"summary_large_image\" \/>\n<meta name=\"twitter:label1\" content=\"Timp estimat pentru citire\" \/>\n\t<meta name=\"twitter:data1\" content=\"1 minut\" \/>\n<script type=\"application\/ld+json\" class=\"yoast-schema-graph\">{\"@context\":\"https:\\\/\\\/schema.org\",\"@graph\":[{\"@type\":\"WebPage\",\"@id\":\"https:\\\/\\\/prochaska.eu\\\/ro\\\/produs\\\/billy-goat-aerator-ae401h\\\/\",\"url\":\"https:\\\/\\\/prochaska.eu\\\/ro\\\/produs\\\/billy-goat-aerator-ae401h\\\/\",\"name\":\"Billy Goat - Aerator - AE401H - Prochaska\",\"isPartOf\":{\"@id\":\"https:\\\/\\\/prochaska.eu\\\/ro\\\/#website\"},\"primaryImageOfPage\":{\"@id\":\"https:\\\/\\\/prochaska.eu\\\/ro\\\/produs\\\/billy-goat-aerator-ae401h\\\/#primaryimage\"},\"image\":{\"@id\":\"https:\\\/\\\/prochaska.eu\\\/ro\\\/produs\\\/billy-goat-aerator-ae401h\\\/#primaryimage\"},\"thumbnailUrl\":\"https:\\\/\\\/prochaska.eu\\\/wp-content\\\/uploads\\\/2024\\\/06\\\/aerifizierer-billygoat-ae401h-prochaska.jpg\",\"datePublished\":\"2020-08-27T08:14:51+00:00\",\"breadcrumb\":{\"@id\":\"https:\\\/\\\/prochaska.eu\\\/ro\\\/produs\\\/billy-goat-aerator-ae401h\\\/#breadcrumb\"},\"inLanguage\":\"ro-RO\",\"potentialAction\":[{\"@type\":\"ReadAction\",\"target\":[\"https:\\\/\\\/prochaska.eu\\\/ro\\\/produs\\\/billy-goat-aerator-ae401h\\\/\"]}]},{\"@type\":\"ImageObject\",\"inLanguage\":\"ro-RO\",\"@id\":\"https:\\\/\\\/prochaska.eu\\\/ro\\\/produs\\\/billy-goat-aerator-ae401h\\\/#primaryimage\",\"url\":\"https:\\\/\\\/prochaska.eu\\\/wp-content\\\/uploads\\\/2024\\\/06\\\/aerifizierer-billygoat-ae401h-prochaska.jpg\",\"contentUrl\":\"https:\\\/\\\/prochaska.eu\\\/wp-content\\\/uploads\\\/2024\\\/06\\\/aerifizierer-billygoat-ae401h-prochaska.jpg\",\"width\":1440,\"height\":1440},{\"@type\":\"BreadcrumbList\",\"@id\":\"https:\\\/\\\/prochaska.eu\\\/ro\\\/produs\\\/billy-goat-aerator-ae401h\\\/#breadcrumb\",\"itemListElement\":[{\"@type\":\"ListItem\",\"position\":1,\"name\":\"Home\",\"item\":\"https:\\\/\\\/prochaska.eu\\\/ro\\\/\"},{\"@type\":\"ListItem\",\"position\":2,\"name\":\"Shop\",\"item\":\"https:\\\/\\\/prochaska.eu\\\/ro\\\/shop\\\/\"},{\"@type\":\"ListItem\",\"position\":3,\"name\":\"Billy Goat &#8211; Aerator &#8211; AE401H\"}]},{\"@type\":\"WebSite\",\"@id\":\"https:\\\/\\\/prochaska.eu\\\/ro\\\/#website\",\"url\":\"https:\\\/\\\/prochaska.eu\\\/ro\\\/\",\"name\":\"Prochaska\",\"description\":\"Spezialist f\u00fcr Pflege von Gr\u00fcnfl\u00e4chen\",\"publisher\":{\"@id\":\"https:\\\/\\\/prochaska.eu\\\/ro\\\/#organization\"},\"potentialAction\":[{\"@type\":\"SearchAction\",\"target\":{\"@type\":\"EntryPoint\",\"urlTemplate\":\"https:\\\/\\\/prochaska.eu\\\/ro\\\/?s={search_term_string}\"},\"query-input\":{\"@type\":\"PropertyValueSpecification\",\"valueRequired\":true,\"valueName\":\"search_term_string\"}}],\"inLanguage\":\"ro-RO\"},{\"@type\":\"Organization\",\"@id\":\"https:\\\/\\\/prochaska.eu\\\/ro\\\/#organization\",\"name\":\"Prochaska\",\"url\":\"https:\\\/\\\/prochaska.eu\\\/ro\\\/\",\"logo\":{\"@type\":\"ImageObject\",\"inLanguage\":\"ro-RO\",\"@id\":\"https:\\\/\\\/prochaska.eu\\\/ro\\\/#\\\/schema\\\/logo\\\/image\\\/\",\"url\":\"https:\\\/\\\/prochaska.eu\\\/wp-content\\\/uploads\\\/2024\\\/04\\\/Prochaska_Logo_Black-1.png\",\"contentUrl\":\"https:\\\/\\\/prochaska.eu\\\/wp-content\\\/uploads\\\/2024\\\/04\\\/Prochaska_Logo_Black-1.png\",\"width\":796,\"height\":236,\"caption\":\"Prochaska\"},\"image\":{\"@id\":\"https:\\\/\\\/prochaska.eu\\\/ro\\\/#\\\/schema\\\/logo\\\/image\\\/\"},\"sameAs\":[\"https:\\\/\\\/www.facebook.com\\\/prochaska.eu\\\/\",\"https:\\\/\\\/www.instagram.com\\\/prochaska.eu\\\/\",\"https:\\\/\\\/www.linkedin.com\\\/company\\\/prochaska-handels-gmbh\"]}]}<\/script>\n<!-- \/ Yoast SEO plugin. -->","yoast_head_json":{"title":"Billy Goat - Aerator - AE401H - Prochaska","robots":{"index":"index","follow":"follow","max-snippet":"max-snippet:-1","max-image-preview":"max-image-preview:large","max-video-preview":"max-video-preview:-1"},"canonical":"https:\/\/prochaska.eu\/ro\/produs\/billy-goat-aerator-ae401h\/","og_locale":"ro_RO","og_type":"article","og_title":"Billy Goat - Aerator - AE401H - Prochaska","og_description":"Acest aerator mecanic AE401H cu l\u0103\u021bimea de 19 inch\/48 cm de la Billy Goat \u00eenlocuie\u0219te umplerea plictisitoare a tamburului central conven\u021bional \u00eent\u00e2lnit \u00een mod obi\u0219nuit pe alte aeratoare de pe pia\u021b\u0103, care sunt predispuse la uzur\u0103, vibra\u021bii \u0219i alte deterior\u0103ri.","og_url":"https:\/\/prochaska.eu\/ro\/produs\/billy-goat-aerator-ae401h\/","og_site_name":"Prochaska","article_publisher":"https:\/\/www.facebook.com\/prochaska.eu\/","og_image":[{"width":1440,"height":1440,"url":"https:\/\/prochaska.eu\/wp-content\/uploads\/2024\/06\/aerifizierer-billygoat-ae401h-prochaska.jpg","type":"image\/jpeg"}],"twitter_card":"summary_large_image","twitter_misc":{"Timp estimat pentru citire":"1 minut"},"schema":{"@context":"https:\/\/schema.org","@graph":[{"@type":"WebPage","@id":"https:\/\/prochaska.eu\/ro\/produs\/billy-goat-aerator-ae401h\/","url":"https:\/\/prochaska.eu\/ro\/produs\/billy-goat-aerator-ae401h\/","name":"Billy Goat - Aerator - AE401H - Prochaska","isPartOf":{"@id":"https:\/\/prochaska.eu\/ro\/#website"},"primaryImageOfPage":{"@id":"https:\/\/prochaska.eu\/ro\/produs\/billy-goat-aerator-ae401h\/#primaryimage"},"image":{"@id":"https:\/\/prochaska.eu\/ro\/produs\/billy-goat-aerator-ae401h\/#primaryimage"},"thumbnailUrl":"https:\/\/prochaska.eu\/wp-content\/uploads\/2024\/06\/aerifizierer-billygoat-ae401h-prochaska.jpg","datePublished":"2020-08-27T08:14:51+00:00","breadcrumb":{"@id":"https:\/\/prochaska.eu\/ro\/produs\/billy-goat-aerator-ae401h\/#breadcrumb"},"inLanguage":"ro-RO","potentialAction":[{"@type":"ReadAction","target":["https:\/\/prochaska.eu\/ro\/produs\/billy-goat-aerator-ae401h\/"]}]},{"@type":"ImageObject","inLanguage":"ro-RO","@id":"https:\/\/prochaska.eu\/ro\/produs\/billy-goat-aerator-ae401h\/#primaryimage","url":"https:\/\/prochaska.eu\/wp-content\/uploads\/2024\/06\/aerifizierer-billygoat-ae401h-prochaska.jpg","contentUrl":"https:\/\/prochaska.eu\/wp-content\/uploads\/2024\/06\/aerifizierer-billygoat-ae401h-prochaska.jpg","width":1440,"height":1440},{"@type":"BreadcrumbList","@id":"https:\/\/prochaska.eu\/ro\/produs\/billy-goat-aerator-ae401h\/#breadcrumb","itemListElement":[{"@type":"ListItem","position":1,"name":"Home","item":"https:\/\/prochaska.eu\/ro\/"},{"@type":"ListItem","position":2,"name":"Shop","item":"https:\/\/prochaska.eu\/ro\/shop\/"},{"@type":"ListItem","position":3,"name":"Billy Goat &#8211; Aerator &#8211; AE401H"}]},{"@type":"WebSite","@id":"https:\/\/prochaska.eu\/ro\/#website","url":"https:\/\/prochaska.eu\/ro\/","name":"Prochaska","description":"Spezialist f\u00fcr Pflege von Gr\u00fcnfl\u00e4chen","publisher":{"@id":"https:\/\/prochaska.eu\/ro\/#organization"},"potentialAction":[{"@type":"SearchAction","target":{"@type":"EntryPoint","urlTemplate":"https:\/\/prochaska.eu\/ro\/?s={search_term_string}"},"query-input":{"@type":"PropertyValueSpecification","valueRequired":true,"valueName":"search_term_string"}}],"inLanguage":"ro-RO"},{"@type":"Organization","@id":"https:\/\/prochaska.eu\/ro\/#organization","name":"Prochaska","url":"https:\/\/prochaska.eu\/ro\/","logo":{"@type":"ImageObject","inLanguage":"ro-RO","@id":"https:\/\/prochaska.eu\/ro\/#\/schema\/logo\/image\/","url":"https:\/\/prochaska.eu\/wp-content\/uploads\/2024\/04\/Prochaska_Logo_Black-1.png","contentUrl":"https:\/\/prochaska.eu\/wp-content\/uploads\/2024\/04\/Prochaska_Logo_Black-1.png","width":796,"height":236,"caption":"Prochaska"},"image":{"@id":"https:\/\/prochaska.eu\/ro\/#\/schema\/logo\/image\/"},"sameAs":["https:\/\/www.facebook.com\/prochaska.eu\/","https:\/\/www.instagram.com\/prochaska.eu\/","https:\/\/www.linkedin.com\/company\/prochaska-handels-gmbh"]}]}},"brands":[{"id":3084,"name":"Billy Goat","slug":"billy-goat-ro"}],"_links":{"self":[{"href":"https:\/\/prochaska.eu\/ro\/wp-json\/wp\/v2\/product\/25421","targetHints":{"allow":["GET"]}}],"collection":[{"href":"https:\/\/prochaska.eu\/ro\/wp-json\/wp\/v2\/product"}],"about":[{"href":"https:\/\/prochaska.eu\/ro\/wp-json\/wp\/v2\/types\/product"}],"version-history":[{"count":0,"href":"https:\/\/prochaska.eu\/ro\/wp-json\/wp\/v2\/product\/25421\/revisions"}],"wp:featuredmedia":[{"embeddable":true,"href":"https:\/\/prochaska.eu\/ro\/wp-json\/wp\/v2\/media\/22206"}],"wp:attachment":[{"href":"https:\/\/prochaska.eu\/ro\/wp-json\/wp\/v2\/media?parent=25421"}],"wp:term":[{"taxonomy":"pwb-brand","embeddable":true,"href":"https:\/\/prochaska.eu\/ro\/wp-json\/wp\/v2\/pwb-brand?post=25421"},{"taxonomy":"product_brand","embeddable":true,"href":"https:\/\/prochaska.eu\/ro\/wp-json\/wp\/v2\/product_brand?post=25421"},{"taxonomy":"product_cat","embeddable":true,"href":"https:\/\/prochaska.eu\/ro\/wp-json\/wp\/v2\/product_cat?post=25421"},{"taxonomy":"product_tag","embeddable":true,"href":"https:\/\/prochaska.eu\/ro\/wp-json\/wp\/v2\/product_tag?post=25421"}],"curies":[{"name":"wp","href":"https:\/\/api.w.org\/{rel}","templated":true}]}}