{"id":25444,"date":"2020-08-24T07:55:51","date_gmt":"2020-08-24T07:55:51","guid":{"rendered":"https:\/\/prochaska.eu\/product\/billy-goat-cutter-soden-sc181heu\/"},"modified":"2020-08-24T07:55:51","modified_gmt":"2020-08-24T07:55:51","slug":"billy-goat-cutter-soden-sc181heu","status":"publish","type":"product","link":"https:\/\/prochaska.eu\/ro\/produs\/billy-goat-cutter-soden-sc181heu\/","title":{"rendered":"Billy Goat &#8211; Cutter Soden &#8211; SC181HEU"},"content":{"rendered":"<p style=\"text-align: left;\"><span class=\"p2\">Ma\u0219inile de t\u0103iat gazon Billy Goat sunt u\u0219or de transportat, instalat \u0219i utilizat. Fie pentru \u00eentre\u021binerea parcelelor mici de teren, fie pentru utilizarea profesional\u0103 pe terenuri de golf sau de sport, \u00een sectorul municipal sau \u00een gr\u0103din\u0103rit \u0219i amenajare peisagistic\u0103. Dispozitivul faciliteaz\u0103 \u00eendep\u0103rtarea resturilor de iarb\u0103! Nivelarea, lucr\u0103rile exterioare sau instalarea sistemelor de irigare pot fi efectuate rapid \u0219i u\u0219or.<\/span><\/p>\n<p style=\"text-align: left;\">T\u0103ietorul de gazon hidraulic SC181HEU cu l\u0103\u021bimea de 18 inch\/46 cm de la <a href=\"https:\/\/www.prochaska.eu\/billygoat\/\">Billy Goat<\/a> are un cadru suprastructural fabricat din 23 kg de o\u021bel, asigur\u00e2nd un sistem robust de ac\u021bionare \u0219i t\u0103iere. Dispozitivul are o transmisie hidrostatic\u0103 cu set\u0103ri de vitez\u0103 variabile, ceea ce permite operatorului s\u0103 adapteze viteza de t\u0103iere la condi\u021biile solului. T\u0103ietorul de gazon poate lucra at\u00e2t \u00eenainte, c\u00e2t \u0219i \u00eenapoi. SC181HEU este echipat standard cu o roat\u0103 spate, care permite t\u0103ierea \u00een curbe. C\u00e2nd t\u0103ia\u021bi drept, dispozitivul se blocheaz\u0103 \u00een pozi\u021bie, iar izola\u021bia m\u00e2nerului absoarbe vibra\u021biile, astfel \u00eenc\u00e2t s\u0103 pute\u021bi lucra f\u0103r\u0103 probleme \u0219i f\u0103r\u0103 prea mult efort. Alte caracteristici includ un contor orar, o bar\u0103 de protec\u021bie frontal\u0103 robust\u0103 \u0219i \u0219ase puncte de oprire practice. Ma\u0219ina este, de asemenea, echipat\u0103 cu un sistem de ac\u021bionare Honda \u0219i este potrivit\u0103 \u00een special pentru amenajarea peisagistic\u0103, proiectarea de facilit\u0103\u021bi \u00een aer liber, terenuri de sport \u0219i lucr\u0103ri de nivelare.<\/p>\n<h2 style=\"text-align: left;\">Beneficiile produsului<\/h2>\n<ul>\n<li style=\"text-align: left;\">Cadru suprastructur\u0103 cu o\u021bel de 23 kg<\/li>\n<li style=\"text-align: left;\">Sistem robust de ac\u021bionare \u0219i t\u0103iere<\/li>\n<li style=\"text-align: left;\">Setarea vitezei variabile<\/li>\n<li style=\"text-align: left;\">Roat\u0103 spate pentru t\u0103iere \u00een curbe<\/li>\n<li style=\"text-align: left;\">Ac\u021bionare Honda cu garan\u021bie de 3 ani<\/li>\n<li style=\"text-align: left;\">\u0219i multe altele.<\/li>\n<\/ul>\n<h2 style=\"text-align: left;\">Accesorii op\u021bionale<\/h2>\n<ul>\n<li style=\"text-align: left;\">Lam\u0103 de schimb de 18&#8243; (371203-S)<\/li>\n<li style=\"text-align: left;\">Lam\u0103 SC sudat\u0103 cu laser (373242)<\/li>\n<\/ul>\n","protected":false},"excerpt":{"rendered":"<p><span class=\"p2\">Ma\u0219inile de t\u0103iat gazon Billy Goat sunt u\u0219or de transportat, instalat \u0219i utilizat, indiferent dac\u0103 sunte\u021bi un proprietar care \u00eentre\u021bine o mic\u0103 parcel\u0103 de teren, un manager profesionist de terenuri de golf sau sportive, un lucr\u0103tor municipal sau un peisagist, nivelator, lucr\u0103tor \u00een aer liber sau irigator.<br \/>\n<\/span><\/p>\n","protected":false},"featured_media":22188,"template":"","meta":[],"pwb-brand":[3084],"product_brand":[],"product_cat":[1533,1535],"product_tag":[1529],"class_list":{"0":"post-25444","1":"product","2":"type-product","3":"status-publish","4":"has-post-thumbnail","6":"pwb-brand-billy-goat-ro","7":"product_cat-pregatirea-solului","8":"product_cat-pregatirea-solului-ro","9":"product_tag-billy-goat-ro","11":"first","12":"instock","13":"taxable","14":"shipping-taxable","15":"purchasable","16":"product-type-simple"},"yoast_head":"<!-- This site is optimized with the Yoast SEO plugin v27.4 - https:\/\/yoast.com\/product\/yoast-seo-wordpress\/ -->\n<title>Billy Goat - Cutter Soden - SC181HEU - Prochaska<\/title>\n<meta name=\"robots\" content=\"index, follow, max-snippet:-1, max-image-preview:large, max-video-preview:-1\" \/>\n<link rel=\"canonical\" href=\"https:\/\/prochaska.eu\/ro\/produs\/billy-goat-cutter-soden-sc181heu\/\" \/>\n<meta property=\"og:locale\" content=\"ro_RO\" \/>\n<meta property=\"og:type\" content=\"article\" \/>\n<meta property=\"og:title\" content=\"Billy Goat - Cutter Soden - SC181HEU - Prochaska\" \/>\n<meta property=\"og:description\" content=\"Ma\u0219inile de t\u0103iat gazon Billy Goat sunt u\u0219or de transportat, instalat \u0219i utilizat, indiferent dac\u0103 sunte\u021bi un proprietar care \u00eentre\u021bine o mic\u0103 parcel\u0103 de teren, un manager profesionist de terenuri de golf sau sportive, un lucr\u0103tor municipal sau un peisagist, nivelator, lucr\u0103tor \u00een aer liber sau irigator.\" \/>\n<meta property=\"og:url\" content=\"https:\/\/prochaska.eu\/ro\/produs\/billy-goat-cutter-soden-sc181heu\/\" \/>\n<meta property=\"og:site_name\" content=\"Prochaska\" \/>\n<meta property=\"article:publisher\" content=\"https:\/\/www.facebook.com\/prochaska.eu\/\" \/>\n<meta property=\"og:image\" content=\"https:\/\/prochaska.eu\/wp-content\/uploads\/2024\/06\/sodenschneider-billygoat-sc181heu-prochaska.jpg\" \/>\n\t<meta property=\"og:image:width\" content=\"1440\" \/>\n\t<meta property=\"og:image:height\" content=\"1440\" \/>\n\t<meta property=\"og:image:type\" content=\"image\/jpeg\" \/>\n<meta name=\"twitter:card\" content=\"summary_large_image\" \/>\n<meta name=\"twitter:label1\" content=\"Timp estimat pentru citire\" \/>\n\t<meta name=\"twitter:data1\" content=\"2 minute\" \/>\n<script type=\"application\/ld+json\" class=\"yoast-schema-graph\">{\"@context\":\"https:\\\/\\\/schema.org\",\"@graph\":[{\"@type\":\"WebPage\",\"@id\":\"https:\\\/\\\/prochaska.eu\\\/ro\\\/produs\\\/billy-goat-cutter-soden-sc181heu\\\/\",\"url\":\"https:\\\/\\\/prochaska.eu\\\/ro\\\/produs\\\/billy-goat-cutter-soden-sc181heu\\\/\",\"name\":\"Billy Goat - Cutter Soden - SC181HEU - Prochaska\",\"isPartOf\":{\"@id\":\"https:\\\/\\\/prochaska.eu\\\/ro\\\/#website\"},\"primaryImageOfPage\":{\"@id\":\"https:\\\/\\\/prochaska.eu\\\/ro\\\/produs\\\/billy-goat-cutter-soden-sc181heu\\\/#primaryimage\"},\"image\":{\"@id\":\"https:\\\/\\\/prochaska.eu\\\/ro\\\/produs\\\/billy-goat-cutter-soden-sc181heu\\\/#primaryimage\"},\"thumbnailUrl\":\"https:\\\/\\\/prochaska.eu\\\/wp-content\\\/uploads\\\/2024\\\/06\\\/sodenschneider-billygoat-sc181heu-prochaska.jpg\",\"datePublished\":\"2020-08-24T07:55:51+00:00\",\"breadcrumb\":{\"@id\":\"https:\\\/\\\/prochaska.eu\\\/ro\\\/produs\\\/billy-goat-cutter-soden-sc181heu\\\/#breadcrumb\"},\"inLanguage\":\"ro-RO\",\"potentialAction\":[{\"@type\":\"ReadAction\",\"target\":[\"https:\\\/\\\/prochaska.eu\\\/ro\\\/produs\\\/billy-goat-cutter-soden-sc181heu\\\/\"]}]},{\"@type\":\"ImageObject\",\"inLanguage\":\"ro-RO\",\"@id\":\"https:\\\/\\\/prochaska.eu\\\/ro\\\/produs\\\/billy-goat-cutter-soden-sc181heu\\\/#primaryimage\",\"url\":\"https:\\\/\\\/prochaska.eu\\\/wp-content\\\/uploads\\\/2024\\\/06\\\/sodenschneider-billygoat-sc181heu-prochaska.jpg\",\"contentUrl\":\"https:\\\/\\\/prochaska.eu\\\/wp-content\\\/uploads\\\/2024\\\/06\\\/sodenschneider-billygoat-sc181heu-prochaska.jpg\",\"width\":1440,\"height\":1440},{\"@type\":\"BreadcrumbList\",\"@id\":\"https:\\\/\\\/prochaska.eu\\\/ro\\\/produs\\\/billy-goat-cutter-soden-sc181heu\\\/#breadcrumb\",\"itemListElement\":[{\"@type\":\"ListItem\",\"position\":1,\"name\":\"Home\",\"item\":\"https:\\\/\\\/prochaska.eu\\\/ro\\\/\"},{\"@type\":\"ListItem\",\"position\":2,\"name\":\"Shop\",\"item\":\"https:\\\/\\\/prochaska.eu\\\/ro\\\/shop\\\/\"},{\"@type\":\"ListItem\",\"position\":3,\"name\":\"Billy Goat &#8211; Cutter Soden &#8211; SC181HEU\"}]},{\"@type\":\"WebSite\",\"@id\":\"https:\\\/\\\/prochaska.eu\\\/ro\\\/#website\",\"url\":\"https:\\\/\\\/prochaska.eu\\\/ro\\\/\",\"name\":\"Prochaska\",\"description\":\"Spezialist f\u00fcr Pflege von Gr\u00fcnfl\u00e4chen\",\"publisher\":{\"@id\":\"https:\\\/\\\/prochaska.eu\\\/ro\\\/#organization\"},\"potentialAction\":[{\"@type\":\"SearchAction\",\"target\":{\"@type\":\"EntryPoint\",\"urlTemplate\":\"https:\\\/\\\/prochaska.eu\\\/ro\\\/?s={search_term_string}\"},\"query-input\":{\"@type\":\"PropertyValueSpecification\",\"valueRequired\":true,\"valueName\":\"search_term_string\"}}],\"inLanguage\":\"ro-RO\"},{\"@type\":\"Organization\",\"@id\":\"https:\\\/\\\/prochaska.eu\\\/ro\\\/#organization\",\"name\":\"Prochaska\",\"url\":\"https:\\\/\\\/prochaska.eu\\\/ro\\\/\",\"logo\":{\"@type\":\"ImageObject\",\"inLanguage\":\"ro-RO\",\"@id\":\"https:\\\/\\\/prochaska.eu\\\/ro\\\/#\\\/schema\\\/logo\\\/image\\\/\",\"url\":\"https:\\\/\\\/prochaska.eu\\\/wp-content\\\/uploads\\\/2024\\\/04\\\/Prochaska_Logo_Black-1.png\",\"contentUrl\":\"https:\\\/\\\/prochaska.eu\\\/wp-content\\\/uploads\\\/2024\\\/04\\\/Prochaska_Logo_Black-1.png\",\"width\":796,\"height\":236,\"caption\":\"Prochaska\"},\"image\":{\"@id\":\"https:\\\/\\\/prochaska.eu\\\/ro\\\/#\\\/schema\\\/logo\\\/image\\\/\"},\"sameAs\":[\"https:\\\/\\\/www.facebook.com\\\/prochaska.eu\\\/\",\"https:\\\/\\\/www.instagram.com\\\/prochaska.eu\\\/\",\"https:\\\/\\\/www.linkedin.com\\\/company\\\/prochaska-handels-gmbh\"]}]}<\/script>\n<!-- \/ Yoast SEO plugin. -->","yoast_head_json":{"title":"Billy Goat - Cutter Soden - SC181HEU - Prochaska","robots":{"index":"index","follow":"follow","max-snippet":"max-snippet:-1","max-image-preview":"max-image-preview:large","max-video-preview":"max-video-preview:-1"},"canonical":"https:\/\/prochaska.eu\/ro\/produs\/billy-goat-cutter-soden-sc181heu\/","og_locale":"ro_RO","og_type":"article","og_title":"Billy Goat - Cutter Soden - SC181HEU - Prochaska","og_description":"Ma\u0219inile de t\u0103iat gazon Billy Goat sunt u\u0219or de transportat, instalat \u0219i utilizat, indiferent dac\u0103 sunte\u021bi un proprietar care \u00eentre\u021bine o mic\u0103 parcel\u0103 de teren, un manager profesionist de terenuri de golf sau sportive, un lucr\u0103tor municipal sau un peisagist, nivelator, lucr\u0103tor \u00een aer liber sau irigator.","og_url":"https:\/\/prochaska.eu\/ro\/produs\/billy-goat-cutter-soden-sc181heu\/","og_site_name":"Prochaska","article_publisher":"https:\/\/www.facebook.com\/prochaska.eu\/","og_image":[{"width":1440,"height":1440,"url":"https:\/\/prochaska.eu\/wp-content\/uploads\/2024\/06\/sodenschneider-billygoat-sc181heu-prochaska.jpg","type":"image\/jpeg"}],"twitter_card":"summary_large_image","twitter_misc":{"Timp estimat pentru citire":"2 minute"},"schema":{"@context":"https:\/\/schema.org","@graph":[{"@type":"WebPage","@id":"https:\/\/prochaska.eu\/ro\/produs\/billy-goat-cutter-soden-sc181heu\/","url":"https:\/\/prochaska.eu\/ro\/produs\/billy-goat-cutter-soden-sc181heu\/","name":"Billy Goat - Cutter Soden - SC181HEU - Prochaska","isPartOf":{"@id":"https:\/\/prochaska.eu\/ro\/#website"},"primaryImageOfPage":{"@id":"https:\/\/prochaska.eu\/ro\/produs\/billy-goat-cutter-soden-sc181heu\/#primaryimage"},"image":{"@id":"https:\/\/prochaska.eu\/ro\/produs\/billy-goat-cutter-soden-sc181heu\/#primaryimage"},"thumbnailUrl":"https:\/\/prochaska.eu\/wp-content\/uploads\/2024\/06\/sodenschneider-billygoat-sc181heu-prochaska.jpg","datePublished":"2020-08-24T07:55:51+00:00","breadcrumb":{"@id":"https:\/\/prochaska.eu\/ro\/produs\/billy-goat-cutter-soden-sc181heu\/#breadcrumb"},"inLanguage":"ro-RO","potentialAction":[{"@type":"ReadAction","target":["https:\/\/prochaska.eu\/ro\/produs\/billy-goat-cutter-soden-sc181heu\/"]}]},{"@type":"ImageObject","inLanguage":"ro-RO","@id":"https:\/\/prochaska.eu\/ro\/produs\/billy-goat-cutter-soden-sc181heu\/#primaryimage","url":"https:\/\/prochaska.eu\/wp-content\/uploads\/2024\/06\/sodenschneider-billygoat-sc181heu-prochaska.jpg","contentUrl":"https:\/\/prochaska.eu\/wp-content\/uploads\/2024\/06\/sodenschneider-billygoat-sc181heu-prochaska.jpg","width":1440,"height":1440},{"@type":"BreadcrumbList","@id":"https:\/\/prochaska.eu\/ro\/produs\/billy-goat-cutter-soden-sc181heu\/#breadcrumb","itemListElement":[{"@type":"ListItem","position":1,"name":"Home","item":"https:\/\/prochaska.eu\/ro\/"},{"@type":"ListItem","position":2,"name":"Shop","item":"https:\/\/prochaska.eu\/ro\/shop\/"},{"@type":"ListItem","position":3,"name":"Billy Goat &#8211; Cutter Soden &#8211; SC181HEU"}]},{"@type":"WebSite","@id":"https:\/\/prochaska.eu\/ro\/#website","url":"https:\/\/prochaska.eu\/ro\/","name":"Prochaska","description":"Spezialist f\u00fcr Pflege von Gr\u00fcnfl\u00e4chen","publisher":{"@id":"https:\/\/prochaska.eu\/ro\/#organization"},"potentialAction":[{"@type":"SearchAction","target":{"@type":"EntryPoint","urlTemplate":"https:\/\/prochaska.eu\/ro\/?s={search_term_string}"},"query-input":{"@type":"PropertyValueSpecification","valueRequired":true,"valueName":"search_term_string"}}],"inLanguage":"ro-RO"},{"@type":"Organization","@id":"https:\/\/prochaska.eu\/ro\/#organization","name":"Prochaska","url":"https:\/\/prochaska.eu\/ro\/","logo":{"@type":"ImageObject","inLanguage":"ro-RO","@id":"https:\/\/prochaska.eu\/ro\/#\/schema\/logo\/image\/","url":"https:\/\/prochaska.eu\/wp-content\/uploads\/2024\/04\/Prochaska_Logo_Black-1.png","contentUrl":"https:\/\/prochaska.eu\/wp-content\/uploads\/2024\/04\/Prochaska_Logo_Black-1.png","width":796,"height":236,"caption":"Prochaska"},"image":{"@id":"https:\/\/prochaska.eu\/ro\/#\/schema\/logo\/image\/"},"sameAs":["https:\/\/www.facebook.com\/prochaska.eu\/","https:\/\/www.instagram.com\/prochaska.eu\/","https:\/\/www.linkedin.com\/company\/prochaska-handels-gmbh"]}]}},"brands":[{"id":3084,"name":"Billy Goat","slug":"billy-goat-ro"}],"_links":{"self":[{"href":"https:\/\/prochaska.eu\/ro\/wp-json\/wp\/v2\/product\/25444","targetHints":{"allow":["GET"]}}],"collection":[{"href":"https:\/\/prochaska.eu\/ro\/wp-json\/wp\/v2\/product"}],"about":[{"href":"https:\/\/prochaska.eu\/ro\/wp-json\/wp\/v2\/types\/product"}],"version-history":[{"count":0,"href":"https:\/\/prochaska.eu\/ro\/wp-json\/wp\/v2\/product\/25444\/revisions"}],"wp:featuredmedia":[{"embeddable":true,"href":"https:\/\/prochaska.eu\/ro\/wp-json\/wp\/v2\/media\/22188"}],"wp:attachment":[{"href":"https:\/\/prochaska.eu\/ro\/wp-json\/wp\/v2\/media?parent=25444"}],"wp:term":[{"taxonomy":"pwb-brand","embeddable":true,"href":"https:\/\/prochaska.eu\/ro\/wp-json\/wp\/v2\/pwb-brand?post=25444"},{"taxonomy":"product_brand","embeddable":true,"href":"https:\/\/prochaska.eu\/ro\/wp-json\/wp\/v2\/product_brand?post=25444"},{"taxonomy":"product_cat","embeddable":true,"href":"https:\/\/prochaska.eu\/ro\/wp-json\/wp\/v2\/product_cat?post=25444"},{"taxonomy":"product_tag","embeddable":true,"href":"https:\/\/prochaska.eu\/ro\/wp-json\/wp\/v2\/product_tag?post=25444"}],"curies":[{"name":"wp","href":"https:\/\/api.w.org\/{rel}","templated":true}]}}