{"id":25445,"date":"2020-08-21T10:06:03","date_gmt":"2020-08-21T10:06:03","guid":{"rendered":"https:\/\/prochaska.eu\/product\/billy-goat-aspirator-de-frunze-si-gunoi-inclusiv-tocator-tkv601speu\/"},"modified":"2020-08-21T10:06:03","modified_gmt":"2020-08-21T10:06:03","slug":"billy-goat-aspirator-de-frunze-si-gunoi-inclusiv-tocator-tkv601speu","status":"publish","type":"product","link":"https:\/\/prochaska.eu\/ro\/produs\/billy-goat-aspirator-de-frunze-si-gunoi-inclusiv-tocator-tkv601speu\/","title":{"rendered":"Billy Goat &#8211; Aspirator de frunze \u0219i gunoi (inclusiv toc\u0103tor) &#8211; TKV601SPEU"},"content":{"rendered":"<p>Aspiratorul de frunze \u0219i de\u0219euri TKV601SPHEU de la <a href=\"https:\/\/www.prochaska.eu\/billygoat\/\">Billy Goat<\/a> impresioneaz\u0103 prin puterea sa puternic\u0103 de aspirare \u0219i func\u021bionarea simpl\u0103. Acest model are, de asemenea, un distrug\u0103tor integrat ca func\u021bie suplimentar\u0103. Dispozitivul are o l\u0103\u021bime de 69 cm\/27 inch \u0219i are diferite set\u0103ri de \u00een\u0103l\u021bime pentru lucrul pe sol dur sau iarb\u0103. Cur\u0103\u021barea frunzelor, florilor, ramurilor, gunoaielor etc. este o joac\u0103 de copii datorit\u0103 acestui aparat. Trac\u021biunea spate a acestui aspirator autopropulsat garanteaz\u0103 o munc\u0103 u\u0219oar\u0103 chiar \u0219i pe teren accidentat. Aspiratoarele sunt echipate cu motoare puternice Briggs &amp; Stratton.<\/p>\n<h2 style=\"text-align: left;\">Avantajele produsului<\/h2>\n<ul>\n<li>Putere de aspirare foarte puternic\u0103<\/li>\n<li>Roat\u0103 suflant\u0103 Super Vacuum<\/li>\n<li>Roat\u0103 \u00eenalt\u0103 Roat\u0103 spate<\/li>\n<li>Geant\u0103 de colectare XL cu fermoar Easy-Zipper<\/li>\n<li>Turbin\u0103 din o\u021bel de \u00eenalt\u0103 performan\u021b\u0103<\/li>\n<li>Prindere moale \u0219i confortabil\u0103<\/li>\n<li>cu distrug\u0103tor integrat<\/li>\n<\/ul>\n<h2 style=\"text-align: left;\">Accesorii op\u021bionale<\/h2>\n<ul>\n<li><a href=\"https:\/\/www.prochaska.eu\/produkt\/billy-goat-anbord-saugschlauch-laub-und-abfallsauger-zubehoer\/\">Furtun de aspira\u021bie la bord (891125)<\/a><\/li>\n<li><a href=\"https:\/\/www.prochaska.eu\/produkt\/billy-goat-filzsack-laub-und-abfallsauger-zubehoer\/\">Geant\u0103 din p\u00e2sl\u0103 (891126)<\/a><\/li>\n<li>Geant\u0103 de plas\u0103 (891132)<\/li>\n<\/ul>\n","protected":false},"excerpt":{"rendered":"<p>Aspiratorul de frunze \u0219i gunoi TKV601SPHEU de la<a href=\"https:\/\/www.prochaska.eu\/billygoat\/\"> Billy Goat<\/a> garanteaz\u0103 o munc\u0103 u\u0219oar\u0103 chiar \u0219i pe teren accidentat datorit\u0103 trac\u021biunii sale spate cu autopropulsie. Aparatul are un distrug\u0103tor integrat.<\/p>\n","protected":false},"featured_media":22170,"template":"","meta":[],"pwb-brand":[3084],"product_brand":[],"product_cat":[1071,1167],"product_tag":[1529],"class_list":{"0":"post-25445","1":"product","2":"type-product","3":"status-publish","4":"has-post-thumbnail","6":"pwb-brand-billy-goat-ro","7":"product_cat-discount","8":"product_cat-scarificator-aerator-si-dispozitiv-de-indepartare-a-frunzelor","9":"product_tag-billy-goat-ro","11":"first","12":"instock","13":"taxable","14":"shipping-taxable","15":"purchasable","16":"product-type-simple"},"yoast_head":"<!-- This site is optimized with the Yoast SEO plugin v27.4 - https:\/\/yoast.com\/product\/yoast-seo-wordpress\/ -->\n<title>Billy Goat - Aspirator de frunze \u0219i gunoi (inclusiv toc\u0103tor) - TKV601SPEU - Prochaska<\/title>\n<meta name=\"robots\" content=\"index, follow, max-snippet:-1, max-image-preview:large, max-video-preview:-1\" \/>\n<link rel=\"canonical\" href=\"https:\/\/prochaska.eu\/ro\/produs\/billy-goat-aspirator-de-frunze-si-gunoi-inclusiv-tocator-tkv601speu\/\" \/>\n<meta property=\"og:locale\" content=\"ro_RO\" \/>\n<meta property=\"og:type\" content=\"article\" \/>\n<meta property=\"og:title\" content=\"Billy Goat - Aspirator de frunze \u0219i gunoi (inclusiv toc\u0103tor) - TKV601SPEU - Prochaska\" \/>\n<meta property=\"og:description\" content=\"Aspiratorul de frunze \u0219i gunoi TKV601SPHEU de la Billy Goat garanteaz\u0103 o munc\u0103 u\u0219oar\u0103 chiar \u0219i pe teren accidentat datorit\u0103 trac\u021biunii sale spate cu autopropulsie. Aparatul are un distrug\u0103tor integrat.\" \/>\n<meta property=\"og:url\" content=\"https:\/\/prochaska.eu\/ro\/produs\/billy-goat-aspirator-de-frunze-si-gunoi-inclusiv-tocator-tkv601speu\/\" \/>\n<meta property=\"og:site_name\" content=\"Prochaska\" \/>\n<meta property=\"article:publisher\" content=\"https:\/\/www.facebook.com\/prochaska.eu\/\" \/>\n<meta property=\"og:image\" content=\"https:\/\/prochaska.eu\/wp-content\/uploads\/2024\/06\/laub-abfallsauger-billygoat-tkv601spheu-prochaska-b2.jpg\" \/>\n\t<meta property=\"og:image:width\" content=\"1440\" \/>\n\t<meta property=\"og:image:height\" content=\"1440\" \/>\n\t<meta property=\"og:image:type\" content=\"image\/jpeg\" \/>\n<meta name=\"twitter:card\" content=\"summary_large_image\" \/>\n<meta name=\"twitter:label1\" content=\"Timp estimat pentru citire\" \/>\n\t<meta name=\"twitter:data1\" content=\"1 minut\" \/>\n<script type=\"application\/ld+json\" class=\"yoast-schema-graph\">{\"@context\":\"https:\\\/\\\/schema.org\",\"@graph\":[{\"@type\":\"WebPage\",\"@id\":\"https:\\\/\\\/prochaska.eu\\\/ro\\\/produs\\\/billy-goat-aspirator-de-frunze-si-gunoi-inclusiv-tocator-tkv601speu\\\/\",\"url\":\"https:\\\/\\\/prochaska.eu\\\/ro\\\/produs\\\/billy-goat-aspirator-de-frunze-si-gunoi-inclusiv-tocator-tkv601speu\\\/\",\"name\":\"Billy Goat - Aspirator de frunze \u0219i gunoi (inclusiv toc\u0103tor) - TKV601SPEU - Prochaska\",\"isPartOf\":{\"@id\":\"https:\\\/\\\/prochaska.eu\\\/ro\\\/#website\"},\"primaryImageOfPage\":{\"@id\":\"https:\\\/\\\/prochaska.eu\\\/ro\\\/produs\\\/billy-goat-aspirator-de-frunze-si-gunoi-inclusiv-tocator-tkv601speu\\\/#primaryimage\"},\"image\":{\"@id\":\"https:\\\/\\\/prochaska.eu\\\/ro\\\/produs\\\/billy-goat-aspirator-de-frunze-si-gunoi-inclusiv-tocator-tkv601speu\\\/#primaryimage\"},\"thumbnailUrl\":\"https:\\\/\\\/prochaska.eu\\\/wp-content\\\/uploads\\\/2024\\\/06\\\/laub-abfallsauger-billygoat-tkv601spheu-prochaska-b2.jpg\",\"datePublished\":\"2020-08-21T10:06:03+00:00\",\"breadcrumb\":{\"@id\":\"https:\\\/\\\/prochaska.eu\\\/ro\\\/produs\\\/billy-goat-aspirator-de-frunze-si-gunoi-inclusiv-tocator-tkv601speu\\\/#breadcrumb\"},\"inLanguage\":\"ro-RO\",\"potentialAction\":[{\"@type\":\"ReadAction\",\"target\":[\"https:\\\/\\\/prochaska.eu\\\/ro\\\/produs\\\/billy-goat-aspirator-de-frunze-si-gunoi-inclusiv-tocator-tkv601speu\\\/\"]}]},{\"@type\":\"ImageObject\",\"inLanguage\":\"ro-RO\",\"@id\":\"https:\\\/\\\/prochaska.eu\\\/ro\\\/produs\\\/billy-goat-aspirator-de-frunze-si-gunoi-inclusiv-tocator-tkv601speu\\\/#primaryimage\",\"url\":\"https:\\\/\\\/prochaska.eu\\\/wp-content\\\/uploads\\\/2024\\\/06\\\/laub-abfallsauger-billygoat-tkv601spheu-prochaska-b2.jpg\",\"contentUrl\":\"https:\\\/\\\/prochaska.eu\\\/wp-content\\\/uploads\\\/2024\\\/06\\\/laub-abfallsauger-billygoat-tkv601spheu-prochaska-b2.jpg\",\"width\":1440,\"height\":1440},{\"@type\":\"BreadcrumbList\",\"@id\":\"https:\\\/\\\/prochaska.eu\\\/ro\\\/produs\\\/billy-goat-aspirator-de-frunze-si-gunoi-inclusiv-tocator-tkv601speu\\\/#breadcrumb\",\"itemListElement\":[{\"@type\":\"ListItem\",\"position\":1,\"name\":\"Home\",\"item\":\"https:\\\/\\\/prochaska.eu\\\/ro\\\/\"},{\"@type\":\"ListItem\",\"position\":2,\"name\":\"Shop\",\"item\":\"https:\\\/\\\/prochaska.eu\\\/ro\\\/shop\\\/\"},{\"@type\":\"ListItem\",\"position\":3,\"name\":\"Billy Goat &#8211; Aspirator de frunze \u0219i gunoi (inclusiv toc\u0103tor) &#8211; TKV601SPEU\"}]},{\"@type\":\"WebSite\",\"@id\":\"https:\\\/\\\/prochaska.eu\\\/ro\\\/#website\",\"url\":\"https:\\\/\\\/prochaska.eu\\\/ro\\\/\",\"name\":\"Prochaska\",\"description\":\"Spezialist f\u00fcr Pflege von Gr\u00fcnfl\u00e4chen\",\"publisher\":{\"@id\":\"https:\\\/\\\/prochaska.eu\\\/ro\\\/#organization\"},\"potentialAction\":[{\"@type\":\"SearchAction\",\"target\":{\"@type\":\"EntryPoint\",\"urlTemplate\":\"https:\\\/\\\/prochaska.eu\\\/ro\\\/?s={search_term_string}\"},\"query-input\":{\"@type\":\"PropertyValueSpecification\",\"valueRequired\":true,\"valueName\":\"search_term_string\"}}],\"inLanguage\":\"ro-RO\"},{\"@type\":\"Organization\",\"@id\":\"https:\\\/\\\/prochaska.eu\\\/ro\\\/#organization\",\"name\":\"Prochaska\",\"url\":\"https:\\\/\\\/prochaska.eu\\\/ro\\\/\",\"logo\":{\"@type\":\"ImageObject\",\"inLanguage\":\"ro-RO\",\"@id\":\"https:\\\/\\\/prochaska.eu\\\/ro\\\/#\\\/schema\\\/logo\\\/image\\\/\",\"url\":\"https:\\\/\\\/prochaska.eu\\\/wp-content\\\/uploads\\\/2024\\\/04\\\/Prochaska_Logo_Black-1.png\",\"contentUrl\":\"https:\\\/\\\/prochaska.eu\\\/wp-content\\\/uploads\\\/2024\\\/04\\\/Prochaska_Logo_Black-1.png\",\"width\":796,\"height\":236,\"caption\":\"Prochaska\"},\"image\":{\"@id\":\"https:\\\/\\\/prochaska.eu\\\/ro\\\/#\\\/schema\\\/logo\\\/image\\\/\"},\"sameAs\":[\"https:\\\/\\\/www.facebook.com\\\/prochaska.eu\\\/\",\"https:\\\/\\\/www.instagram.com\\\/prochaska.eu\\\/\",\"https:\\\/\\\/www.linkedin.com\\\/company\\\/prochaska-handels-gmbh\"]}]}<\/script>\n<!-- \/ Yoast SEO plugin. -->","yoast_head_json":{"title":"Billy Goat - Aspirator de frunze \u0219i gunoi (inclusiv toc\u0103tor) - TKV601SPEU - Prochaska","robots":{"index":"index","follow":"follow","max-snippet":"max-snippet:-1","max-image-preview":"max-image-preview:large","max-video-preview":"max-video-preview:-1"},"canonical":"https:\/\/prochaska.eu\/ro\/produs\/billy-goat-aspirator-de-frunze-si-gunoi-inclusiv-tocator-tkv601speu\/","og_locale":"ro_RO","og_type":"article","og_title":"Billy Goat - Aspirator de frunze \u0219i gunoi (inclusiv toc\u0103tor) - TKV601SPEU - Prochaska","og_description":"Aspiratorul de frunze \u0219i gunoi TKV601SPHEU de la Billy Goat garanteaz\u0103 o munc\u0103 u\u0219oar\u0103 chiar \u0219i pe teren accidentat datorit\u0103 trac\u021biunii sale spate cu autopropulsie. Aparatul are un distrug\u0103tor integrat.","og_url":"https:\/\/prochaska.eu\/ro\/produs\/billy-goat-aspirator-de-frunze-si-gunoi-inclusiv-tocator-tkv601speu\/","og_site_name":"Prochaska","article_publisher":"https:\/\/www.facebook.com\/prochaska.eu\/","og_image":[{"width":1440,"height":1440,"url":"https:\/\/prochaska.eu\/wp-content\/uploads\/2024\/06\/laub-abfallsauger-billygoat-tkv601spheu-prochaska-b2.jpg","type":"image\/jpeg"}],"twitter_card":"summary_large_image","twitter_misc":{"Timp estimat pentru citire":"1 minut"},"schema":{"@context":"https:\/\/schema.org","@graph":[{"@type":"WebPage","@id":"https:\/\/prochaska.eu\/ro\/produs\/billy-goat-aspirator-de-frunze-si-gunoi-inclusiv-tocator-tkv601speu\/","url":"https:\/\/prochaska.eu\/ro\/produs\/billy-goat-aspirator-de-frunze-si-gunoi-inclusiv-tocator-tkv601speu\/","name":"Billy Goat - Aspirator de frunze \u0219i gunoi (inclusiv toc\u0103tor) - TKV601SPEU - Prochaska","isPartOf":{"@id":"https:\/\/prochaska.eu\/ro\/#website"},"primaryImageOfPage":{"@id":"https:\/\/prochaska.eu\/ro\/produs\/billy-goat-aspirator-de-frunze-si-gunoi-inclusiv-tocator-tkv601speu\/#primaryimage"},"image":{"@id":"https:\/\/prochaska.eu\/ro\/produs\/billy-goat-aspirator-de-frunze-si-gunoi-inclusiv-tocator-tkv601speu\/#primaryimage"},"thumbnailUrl":"https:\/\/prochaska.eu\/wp-content\/uploads\/2024\/06\/laub-abfallsauger-billygoat-tkv601spheu-prochaska-b2.jpg","datePublished":"2020-08-21T10:06:03+00:00","breadcrumb":{"@id":"https:\/\/prochaska.eu\/ro\/produs\/billy-goat-aspirator-de-frunze-si-gunoi-inclusiv-tocator-tkv601speu\/#breadcrumb"},"inLanguage":"ro-RO","potentialAction":[{"@type":"ReadAction","target":["https:\/\/prochaska.eu\/ro\/produs\/billy-goat-aspirator-de-frunze-si-gunoi-inclusiv-tocator-tkv601speu\/"]}]},{"@type":"ImageObject","inLanguage":"ro-RO","@id":"https:\/\/prochaska.eu\/ro\/produs\/billy-goat-aspirator-de-frunze-si-gunoi-inclusiv-tocator-tkv601speu\/#primaryimage","url":"https:\/\/prochaska.eu\/wp-content\/uploads\/2024\/06\/laub-abfallsauger-billygoat-tkv601spheu-prochaska-b2.jpg","contentUrl":"https:\/\/prochaska.eu\/wp-content\/uploads\/2024\/06\/laub-abfallsauger-billygoat-tkv601spheu-prochaska-b2.jpg","width":1440,"height":1440},{"@type":"BreadcrumbList","@id":"https:\/\/prochaska.eu\/ro\/produs\/billy-goat-aspirator-de-frunze-si-gunoi-inclusiv-tocator-tkv601speu\/#breadcrumb","itemListElement":[{"@type":"ListItem","position":1,"name":"Home","item":"https:\/\/prochaska.eu\/ro\/"},{"@type":"ListItem","position":2,"name":"Shop","item":"https:\/\/prochaska.eu\/ro\/shop\/"},{"@type":"ListItem","position":3,"name":"Billy Goat &#8211; Aspirator de frunze \u0219i gunoi (inclusiv toc\u0103tor) &#8211; TKV601SPEU"}]},{"@type":"WebSite","@id":"https:\/\/prochaska.eu\/ro\/#website","url":"https:\/\/prochaska.eu\/ro\/","name":"Prochaska","description":"Spezialist f\u00fcr Pflege von Gr\u00fcnfl\u00e4chen","publisher":{"@id":"https:\/\/prochaska.eu\/ro\/#organization"},"potentialAction":[{"@type":"SearchAction","target":{"@type":"EntryPoint","urlTemplate":"https:\/\/prochaska.eu\/ro\/?s={search_term_string}"},"query-input":{"@type":"PropertyValueSpecification","valueRequired":true,"valueName":"search_term_string"}}],"inLanguage":"ro-RO"},{"@type":"Organization","@id":"https:\/\/prochaska.eu\/ro\/#organization","name":"Prochaska","url":"https:\/\/prochaska.eu\/ro\/","logo":{"@type":"ImageObject","inLanguage":"ro-RO","@id":"https:\/\/prochaska.eu\/ro\/#\/schema\/logo\/image\/","url":"https:\/\/prochaska.eu\/wp-content\/uploads\/2024\/04\/Prochaska_Logo_Black-1.png","contentUrl":"https:\/\/prochaska.eu\/wp-content\/uploads\/2024\/04\/Prochaska_Logo_Black-1.png","width":796,"height":236,"caption":"Prochaska"},"image":{"@id":"https:\/\/prochaska.eu\/ro\/#\/schema\/logo\/image\/"},"sameAs":["https:\/\/www.facebook.com\/prochaska.eu\/","https:\/\/www.instagram.com\/prochaska.eu\/","https:\/\/www.linkedin.com\/company\/prochaska-handels-gmbh"]}]}},"brands":[{"id":3084,"name":"Billy Goat","slug":"billy-goat-ro"}],"_links":{"self":[{"href":"https:\/\/prochaska.eu\/ro\/wp-json\/wp\/v2\/product\/25445","targetHints":{"allow":["GET"]}}],"collection":[{"href":"https:\/\/prochaska.eu\/ro\/wp-json\/wp\/v2\/product"}],"about":[{"href":"https:\/\/prochaska.eu\/ro\/wp-json\/wp\/v2\/types\/product"}],"version-history":[{"count":0,"href":"https:\/\/prochaska.eu\/ro\/wp-json\/wp\/v2\/product\/25445\/revisions"}],"wp:featuredmedia":[{"embeddable":true,"href":"https:\/\/prochaska.eu\/ro\/wp-json\/wp\/v2\/media\/22170"}],"wp:attachment":[{"href":"https:\/\/prochaska.eu\/ro\/wp-json\/wp\/v2\/media?parent=25445"}],"wp:term":[{"taxonomy":"pwb-brand","embeddable":true,"href":"https:\/\/prochaska.eu\/ro\/wp-json\/wp\/v2\/pwb-brand?post=25445"},{"taxonomy":"product_brand","embeddable":true,"href":"https:\/\/prochaska.eu\/ro\/wp-json\/wp\/v2\/product_brand?post=25445"},{"taxonomy":"product_cat","embeddable":true,"href":"https:\/\/prochaska.eu\/ro\/wp-json\/wp\/v2\/product_cat?post=25445"},{"taxonomy":"product_tag","embeddable":true,"href":"https:\/\/prochaska.eu\/ro\/wp-json\/wp\/v2\/product_tag?post=25445"}],"curies":[{"name":"wp","href":"https:\/\/api.w.org\/{rel}","templated":true}]}}