{"id":25449,"date":"2020-08-20T14:11:46","date_gmt":"2020-08-20T14:11:46","guid":{"rendered":"https:\/\/prochaska.eu\/product\/billy-goat-aspirator-profesional-pentru-frunze-si-gunoi-qv550hsp\/"},"modified":"2020-08-20T14:11:46","modified_gmt":"2020-08-20T14:11:46","slug":"billy-goat-aspirator-profesional-pentru-frunze-si-gunoi-qv550hsp","status":"publish","type":"product","link":"https:\/\/prochaska.eu\/ro\/produs\/billy-goat-aspirator-profesional-pentru-frunze-si-gunoi-qv550hsp\/","title":{"rendered":"Billy Goat &#8211; Aspirator profesional pentru frunze \u0219i gunoi &#8211; QV550HSP"},"content":{"rendered":"<p style=\"text-align: left;\">QUIETVAC\u2122 QV550HSP cu l\u0103\u021bimea de 84 cm\/33 inch de la <a href=\"https:\/\/www.prochaska.eu\/billygoat\/\">Billy Goat<\/a> este cel mai silen\u021bios aspirator din lume. Filtrarea sa ciclonic\u0103 unic\u0103 cu tehnologia exclusiv\u0103 a sacului de praf reduce praful \u00een condi\u021bii uscate. Carcasa spiralat\u0103 \u0219i combina\u021bia plac\u0103 blindat\u0103 cu 6 aripi\/carcas\u0103 din o\u021bel ofer\u0103 dispozitivului o putere de aspira\u021bie optim\u0103 \u0219i o reducere a depunerii de 12:1 la compostarea \u00een condi\u021bii uscate. Aspiratorul de frunze \u0219i gunoi este ideal pentru lucr\u0103ri de cur\u0103\u021bare comerciale, industriale \u0219i municipale pe scar\u0103 larg\u0103, cum ar fi pe asfalt, pe terenurile de joac\u0103 din \u0219coli, spitale, parcuri, biserici etc. Dispozitivul are o l\u0103\u021bime de 84 cm.<\/p>\n<p>IMPORTANT: Clopotul de praf, ca \u0219i filtrul central, trebuie cur\u0103\u021bat periodic \u0219i l\u0103sat s\u0103 se usuce complet pentru a func\u021biona corect.<\/p>\n<h2 style=\"text-align: left;\">Avantajele produsului<\/h2>\n<ul>\n<li>QuietVac &#8211; Cel mai silen\u021bios aparat profesional de pe pia\u021b\u0103<\/li>\n<li>Bot de aspirare cu putere<\/li>\n<li>Sistem de filtrare ciclonic\u0103<\/li>\n<li>Servodirec\u021bie<\/li>\n<li>Sac de colectare XL inovator cu golire rapid\u0103<\/li>\n<li>Ro\u021bi pivotante flexibile<\/li>\n<\/ul>\n<h2 style=\"text-align: left;\">Accesorii op\u021bionale<\/h2>\n<ul>\n<li><a href=\"https:\/\/www.prochaska.eu\/produkt\/billygoat-absaugschlauch-laub-und-abfallsauger-zubehoer\/\">Set furtun de aspira\u021bie 127 mm x 3 m (831018)<\/a><\/li>\n<li><a href=\"https:\/\/www.prochaska.eu\/produkt\/billy-goat-gartenabfallbeutel-laub-und-abfallsauger-zubehoer\/\">Sac standard pentru de\u0219euri de gr\u0103din\u0103 pentru materiale pr\u0103fuite<\/a><\/li>\n<li><a href=\"https:\/\/www.prochaska.eu\/produkt\/billy-goat-gartenabfallbeutel-ohne-verschluss-laub-und-abfallsauger-zubehoer\/\">Sac standard pentru de\u0219euri de gr\u0103din\u0103, <strong>f\u0103r\u0103 \u00eenchidere<\/strong>, pentru materiale pr\u0103fuite<\/a><\/li>\n<li><a href=\"https:\/\/www.prochaska.eu\/produkt\/billy-goat-gartenabfallbeutel-rahmen-laub-und-abfallsauger-zubehoer\/\"><strong>Cadru<\/strong> standard pentru sacul de de\u0219euri de gr\u0103din\u0103<\/a><\/li>\n<\/ul>\n","protected":false},"excerpt":{"rendered":"<p>Aspiratorul de frunze \u0219i de\u0219euri QuietVac QV550HSP de la Billy Goat este cel mai silen\u021bios aparat profesional de pe pia\u021b\u0103 la 77dBa. Dispozitivul este u\u0219or \u0219i convenabil de controlat datorit\u0103 servodirec\u021biei Billy Goat \u0219i este ideal pentru \u00eendep\u0103rtarea scurgerilor \u0219i a de\u0219eurilor de pe suprafe\u021be mari.<\/p>\n","protected":false},"featured_media":22143,"template":"","meta":[],"pwb-brand":[3084],"product_brand":[],"product_cat":[1167],"product_tag":[1529],"class_list":{"0":"post-25449","1":"product","2":"type-product","3":"status-publish","4":"has-post-thumbnail","6":"pwb-brand-billy-goat-ro","7":"product_cat-scarificator-aerator-si-dispozitiv-de-indepartare-a-frunzelor","8":"product_tag-billy-goat-ro","10":"first","11":"outofstock","12":"taxable","13":"shipping-taxable","14":"purchasable","15":"product-type-simple"},"yoast_head":"<!-- This site is optimized with the Yoast SEO plugin v27.5 - https:\/\/yoast.com\/product\/yoast-seo-wordpress\/ -->\n<title>Billy Goat - Aspirator profesional pentru frunze \u0219i gunoi - QV550HSP - Prochaska<\/title>\n<meta name=\"robots\" content=\"index, follow, max-snippet:-1, max-image-preview:large, max-video-preview:-1\" \/>\n<link rel=\"canonical\" href=\"https:\/\/prochaska.eu\/ro\/produs\/billy-goat-aspirator-profesional-pentru-frunze-si-gunoi-qv550hsp\/\" \/>\n<meta property=\"og:locale\" content=\"ro_RO\" \/>\n<meta property=\"og:type\" content=\"article\" \/>\n<meta property=\"og:title\" content=\"Billy Goat - Aspirator profesional pentru frunze \u0219i gunoi - QV550HSP - Prochaska\" \/>\n<meta property=\"og:description\" content=\"Aspiratorul de frunze \u0219i de\u0219euri QuietVac QV550HSP de la Billy Goat este cel mai silen\u021bios aparat profesional de pe pia\u021b\u0103 la 77dBa. Dispozitivul este u\u0219or \u0219i convenabil de controlat datorit\u0103 servodirec\u021biei Billy Goat \u0219i este ideal pentru \u00eendep\u0103rtarea scurgerilor \u0219i a de\u0219eurilor de pe suprafe\u021be mari.\" \/>\n<meta property=\"og:url\" content=\"https:\/\/prochaska.eu\/ro\/produs\/billy-goat-aspirator-profesional-pentru-frunze-si-gunoi-qv550hsp\/\" \/>\n<meta property=\"og:site_name\" content=\"Prochaska\" \/>\n<meta property=\"article:publisher\" content=\"https:\/\/www.facebook.com\/prochaska.eu\/\" \/>\n<meta property=\"og:image\" content=\"https:\/\/prochaska.eu\/wp-content\/uploads\/2024\/06\/laub-abfallsauger-billygoat-qv550hsp-prochaska.jpg\" \/>\n\t<meta property=\"og:image:width\" content=\"1440\" \/>\n\t<meta property=\"og:image:height\" content=\"1440\" \/>\n\t<meta property=\"og:image:type\" content=\"image\/jpeg\" \/>\n<meta name=\"twitter:card\" content=\"summary_large_image\" \/>\n<meta name=\"twitter:label1\" content=\"Timp estimat pentru citire\" \/>\n\t<meta name=\"twitter:data1\" content=\"1 minut\" \/>\n<script type=\"application\/ld+json\" class=\"yoast-schema-graph\">{\"@context\":\"https:\\\/\\\/schema.org\",\"@graph\":[{\"@type\":\"WebPage\",\"@id\":\"https:\\\/\\\/prochaska.eu\\\/ro\\\/produs\\\/billy-goat-aspirator-profesional-pentru-frunze-si-gunoi-qv550hsp\\\/\",\"url\":\"https:\\\/\\\/prochaska.eu\\\/ro\\\/produs\\\/billy-goat-aspirator-profesional-pentru-frunze-si-gunoi-qv550hsp\\\/\",\"name\":\"Billy Goat - Aspirator profesional pentru frunze \u0219i gunoi - QV550HSP - Prochaska\",\"isPartOf\":{\"@id\":\"https:\\\/\\\/prochaska.eu\\\/ro\\\/#website\"},\"primaryImageOfPage\":{\"@id\":\"https:\\\/\\\/prochaska.eu\\\/ro\\\/produs\\\/billy-goat-aspirator-profesional-pentru-frunze-si-gunoi-qv550hsp\\\/#primaryimage\"},\"image\":{\"@id\":\"https:\\\/\\\/prochaska.eu\\\/ro\\\/produs\\\/billy-goat-aspirator-profesional-pentru-frunze-si-gunoi-qv550hsp\\\/#primaryimage\"},\"thumbnailUrl\":\"https:\\\/\\\/prochaska.eu\\\/wp-content\\\/uploads\\\/2024\\\/06\\\/laub-abfallsauger-billygoat-qv550hsp-prochaska.jpg\",\"datePublished\":\"2020-08-20T14:11:46+00:00\",\"breadcrumb\":{\"@id\":\"https:\\\/\\\/prochaska.eu\\\/ro\\\/produs\\\/billy-goat-aspirator-profesional-pentru-frunze-si-gunoi-qv550hsp\\\/#breadcrumb\"},\"inLanguage\":\"ro-RO\",\"potentialAction\":[{\"@type\":\"ReadAction\",\"target\":[\"https:\\\/\\\/prochaska.eu\\\/ro\\\/produs\\\/billy-goat-aspirator-profesional-pentru-frunze-si-gunoi-qv550hsp\\\/\"]}]},{\"@type\":\"ImageObject\",\"inLanguage\":\"ro-RO\",\"@id\":\"https:\\\/\\\/prochaska.eu\\\/ro\\\/produs\\\/billy-goat-aspirator-profesional-pentru-frunze-si-gunoi-qv550hsp\\\/#primaryimage\",\"url\":\"https:\\\/\\\/prochaska.eu\\\/wp-content\\\/uploads\\\/2024\\\/06\\\/laub-abfallsauger-billygoat-qv550hsp-prochaska.jpg\",\"contentUrl\":\"https:\\\/\\\/prochaska.eu\\\/wp-content\\\/uploads\\\/2024\\\/06\\\/laub-abfallsauger-billygoat-qv550hsp-prochaska.jpg\",\"width\":1440,\"height\":1440},{\"@type\":\"BreadcrumbList\",\"@id\":\"https:\\\/\\\/prochaska.eu\\\/ro\\\/produs\\\/billy-goat-aspirator-profesional-pentru-frunze-si-gunoi-qv550hsp\\\/#breadcrumb\",\"itemListElement\":[{\"@type\":\"ListItem\",\"position\":1,\"name\":\"Home\",\"item\":\"https:\\\/\\\/prochaska.eu\\\/ro\\\/\"},{\"@type\":\"ListItem\",\"position\":2,\"name\":\"Shop\",\"item\":\"https:\\\/\\\/prochaska.eu\\\/ro\\\/shop\\\/\"},{\"@type\":\"ListItem\",\"position\":3,\"name\":\"Billy Goat &#8211; Aspirator profesional pentru frunze \u0219i gunoi &#8211; QV550HSP\"}]},{\"@type\":\"WebSite\",\"@id\":\"https:\\\/\\\/prochaska.eu\\\/ro\\\/#website\",\"url\":\"https:\\\/\\\/prochaska.eu\\\/ro\\\/\",\"name\":\"Prochaska\",\"description\":\"Spezialist f\u00fcr Pflege von Gr\u00fcnfl\u00e4chen\",\"publisher\":{\"@id\":\"https:\\\/\\\/prochaska.eu\\\/ro\\\/#organization\"},\"potentialAction\":[{\"@type\":\"SearchAction\",\"target\":{\"@type\":\"EntryPoint\",\"urlTemplate\":\"https:\\\/\\\/prochaska.eu\\\/ro\\\/?s={search_term_string}\"},\"query-input\":{\"@type\":\"PropertyValueSpecification\",\"valueRequired\":true,\"valueName\":\"search_term_string\"}}],\"inLanguage\":\"ro-RO\"},{\"@type\":\"Organization\",\"@id\":\"https:\\\/\\\/prochaska.eu\\\/ro\\\/#organization\",\"name\":\"Prochaska\",\"url\":\"https:\\\/\\\/prochaska.eu\\\/ro\\\/\",\"logo\":{\"@type\":\"ImageObject\",\"inLanguage\":\"ro-RO\",\"@id\":\"https:\\\/\\\/prochaska.eu\\\/ro\\\/#\\\/schema\\\/logo\\\/image\\\/\",\"url\":\"https:\\\/\\\/prochaska.eu\\\/wp-content\\\/uploads\\\/2024\\\/04\\\/Prochaska_Logo_Black-1.png\",\"contentUrl\":\"https:\\\/\\\/prochaska.eu\\\/wp-content\\\/uploads\\\/2024\\\/04\\\/Prochaska_Logo_Black-1.png\",\"width\":796,\"height\":236,\"caption\":\"Prochaska\"},\"image\":{\"@id\":\"https:\\\/\\\/prochaska.eu\\\/ro\\\/#\\\/schema\\\/logo\\\/image\\\/\"},\"sameAs\":[\"https:\\\/\\\/www.facebook.com\\\/prochaska.eu\\\/\",\"https:\\\/\\\/www.instagram.com\\\/prochaska.eu\\\/\",\"https:\\\/\\\/www.linkedin.com\\\/company\\\/prochaska-handels-gmbh\"]}]}<\/script>\n<!-- \/ Yoast SEO plugin. -->","yoast_head_json":{"title":"Billy Goat - Aspirator profesional pentru frunze \u0219i gunoi - QV550HSP - Prochaska","robots":{"index":"index","follow":"follow","max-snippet":"max-snippet:-1","max-image-preview":"max-image-preview:large","max-video-preview":"max-video-preview:-1"},"canonical":"https:\/\/prochaska.eu\/ro\/produs\/billy-goat-aspirator-profesional-pentru-frunze-si-gunoi-qv550hsp\/","og_locale":"ro_RO","og_type":"article","og_title":"Billy Goat - Aspirator profesional pentru frunze \u0219i gunoi - QV550HSP - Prochaska","og_description":"Aspiratorul de frunze \u0219i de\u0219euri QuietVac QV550HSP de la Billy Goat este cel mai silen\u021bios aparat profesional de pe pia\u021b\u0103 la 77dBa. Dispozitivul este u\u0219or \u0219i convenabil de controlat datorit\u0103 servodirec\u021biei Billy Goat \u0219i este ideal pentru \u00eendep\u0103rtarea scurgerilor \u0219i a de\u0219eurilor de pe suprafe\u021be mari.","og_url":"https:\/\/prochaska.eu\/ro\/produs\/billy-goat-aspirator-profesional-pentru-frunze-si-gunoi-qv550hsp\/","og_site_name":"Prochaska","article_publisher":"https:\/\/www.facebook.com\/prochaska.eu\/","og_image":[{"width":1440,"height":1440,"url":"https:\/\/prochaska.eu\/wp-content\/uploads\/2024\/06\/laub-abfallsauger-billygoat-qv550hsp-prochaska.jpg","type":"image\/jpeg"}],"twitter_card":"summary_large_image","twitter_misc":{"Timp estimat pentru citire":"1 minut"},"schema":{"@context":"https:\/\/schema.org","@graph":[{"@type":"WebPage","@id":"https:\/\/prochaska.eu\/ro\/produs\/billy-goat-aspirator-profesional-pentru-frunze-si-gunoi-qv550hsp\/","url":"https:\/\/prochaska.eu\/ro\/produs\/billy-goat-aspirator-profesional-pentru-frunze-si-gunoi-qv550hsp\/","name":"Billy Goat - Aspirator profesional pentru frunze \u0219i gunoi - QV550HSP - Prochaska","isPartOf":{"@id":"https:\/\/prochaska.eu\/ro\/#website"},"primaryImageOfPage":{"@id":"https:\/\/prochaska.eu\/ro\/produs\/billy-goat-aspirator-profesional-pentru-frunze-si-gunoi-qv550hsp\/#primaryimage"},"image":{"@id":"https:\/\/prochaska.eu\/ro\/produs\/billy-goat-aspirator-profesional-pentru-frunze-si-gunoi-qv550hsp\/#primaryimage"},"thumbnailUrl":"https:\/\/prochaska.eu\/wp-content\/uploads\/2024\/06\/laub-abfallsauger-billygoat-qv550hsp-prochaska.jpg","datePublished":"2020-08-20T14:11:46+00:00","breadcrumb":{"@id":"https:\/\/prochaska.eu\/ro\/produs\/billy-goat-aspirator-profesional-pentru-frunze-si-gunoi-qv550hsp\/#breadcrumb"},"inLanguage":"ro-RO","potentialAction":[{"@type":"ReadAction","target":["https:\/\/prochaska.eu\/ro\/produs\/billy-goat-aspirator-profesional-pentru-frunze-si-gunoi-qv550hsp\/"]}]},{"@type":"ImageObject","inLanguage":"ro-RO","@id":"https:\/\/prochaska.eu\/ro\/produs\/billy-goat-aspirator-profesional-pentru-frunze-si-gunoi-qv550hsp\/#primaryimage","url":"https:\/\/prochaska.eu\/wp-content\/uploads\/2024\/06\/laub-abfallsauger-billygoat-qv550hsp-prochaska.jpg","contentUrl":"https:\/\/prochaska.eu\/wp-content\/uploads\/2024\/06\/laub-abfallsauger-billygoat-qv550hsp-prochaska.jpg","width":1440,"height":1440},{"@type":"BreadcrumbList","@id":"https:\/\/prochaska.eu\/ro\/produs\/billy-goat-aspirator-profesional-pentru-frunze-si-gunoi-qv550hsp\/#breadcrumb","itemListElement":[{"@type":"ListItem","position":1,"name":"Home","item":"https:\/\/prochaska.eu\/ro\/"},{"@type":"ListItem","position":2,"name":"Shop","item":"https:\/\/prochaska.eu\/ro\/shop\/"},{"@type":"ListItem","position":3,"name":"Billy Goat &#8211; Aspirator profesional pentru frunze \u0219i gunoi &#8211; QV550HSP"}]},{"@type":"WebSite","@id":"https:\/\/prochaska.eu\/ro\/#website","url":"https:\/\/prochaska.eu\/ro\/","name":"Prochaska","description":"Spezialist f\u00fcr Pflege von Gr\u00fcnfl\u00e4chen","publisher":{"@id":"https:\/\/prochaska.eu\/ro\/#organization"},"potentialAction":[{"@type":"SearchAction","target":{"@type":"EntryPoint","urlTemplate":"https:\/\/prochaska.eu\/ro\/?s={search_term_string}"},"query-input":{"@type":"PropertyValueSpecification","valueRequired":true,"valueName":"search_term_string"}}],"inLanguage":"ro-RO"},{"@type":"Organization","@id":"https:\/\/prochaska.eu\/ro\/#organization","name":"Prochaska","url":"https:\/\/prochaska.eu\/ro\/","logo":{"@type":"ImageObject","inLanguage":"ro-RO","@id":"https:\/\/prochaska.eu\/ro\/#\/schema\/logo\/image\/","url":"https:\/\/prochaska.eu\/wp-content\/uploads\/2024\/04\/Prochaska_Logo_Black-1.png","contentUrl":"https:\/\/prochaska.eu\/wp-content\/uploads\/2024\/04\/Prochaska_Logo_Black-1.png","width":796,"height":236,"caption":"Prochaska"},"image":{"@id":"https:\/\/prochaska.eu\/ro\/#\/schema\/logo\/image\/"},"sameAs":["https:\/\/www.facebook.com\/prochaska.eu\/","https:\/\/www.instagram.com\/prochaska.eu\/","https:\/\/www.linkedin.com\/company\/prochaska-handels-gmbh"]}]}},"brands":[{"id":3084,"name":"Billy Goat","slug":"billy-goat-ro"}],"_links":{"self":[{"href":"https:\/\/prochaska.eu\/ro\/wp-json\/wp\/v2\/product\/25449","targetHints":{"allow":["GET"]}}],"collection":[{"href":"https:\/\/prochaska.eu\/ro\/wp-json\/wp\/v2\/product"}],"about":[{"href":"https:\/\/prochaska.eu\/ro\/wp-json\/wp\/v2\/types\/product"}],"version-history":[{"count":0,"href":"https:\/\/prochaska.eu\/ro\/wp-json\/wp\/v2\/product\/25449\/revisions"}],"wp:featuredmedia":[{"embeddable":true,"href":"https:\/\/prochaska.eu\/ro\/wp-json\/wp\/v2\/media\/22143"}],"wp:attachment":[{"href":"https:\/\/prochaska.eu\/ro\/wp-json\/wp\/v2\/media?parent=25449"}],"wp:term":[{"taxonomy":"pwb-brand","embeddable":true,"href":"https:\/\/prochaska.eu\/ro\/wp-json\/wp\/v2\/pwb-brand?post=25449"},{"taxonomy":"product_brand","embeddable":true,"href":"https:\/\/prochaska.eu\/ro\/wp-json\/wp\/v2\/product_brand?post=25449"},{"taxonomy":"product_cat","embeddable":true,"href":"https:\/\/prochaska.eu\/ro\/wp-json\/wp\/v2\/product_cat?post=25449"},{"taxonomy":"product_tag","embeddable":true,"href":"https:\/\/prochaska.eu\/ro\/wp-json\/wp\/v2\/product_tag?post=25449"}],"curies":[{"name":"wp","href":"https:\/\/api.w.org\/{rel}","templated":true}]}}