{"id":25451,"date":"2020-08-20T10:37:31","date_gmt":"2020-08-20T10:37:31","guid":{"rendered":"https:\/\/prochaska.eu\/product\/billy-goat-scarificator-power-rake-pro-pr551v\/"},"modified":"2020-08-20T10:37:31","modified_gmt":"2020-08-20T10:37:31","slug":"billy-goat-scarificator-power-rake-pro-pr551v","status":"publish","type":"product","link":"https:\/\/prochaska.eu\/ro\/produs\/billy-goat-scarificator-power-rake-pro-pr551v\/","title":{"rendered":"Billy Goat &#8211; Scarificator &#8211; Power Rake Pro &#8211; PR551V"},"content":{"rendered":"<p style=\"text-align: left;\">Puternicul scarificator Power Rake Pro, modelul PR551V de la <a href=\"https:\/\/www.prochaska.eu\/billygoat\/\">Billy Goat,<\/a> \u00eendep\u0103rteaz\u0103 eficient paie pe o l\u0103\u021bime a c\u0103ii de 20 inch\/51 cm. Designul robust face scarificatorul deosebit de stabil \u0219i durabil &#8211; chiar \u0219i \u00een condi\u021bii solicitante. Arborele lamei fulgului se rote\u0219te \u00een sens antiorar. Acest lucru asigur\u0103 c\u0103 scarificatorul este deplasat \u00eenainte \u0219i, astfel, se antreneaz\u0103 singur. Dispozitivul are un capac de protec\u021bie din o\u021bel pentru a proteja rulmen\u021bii \u0219i scripe\u021bii, o p\u00e2rghie de cuplare intern\u0103 \u0219i un m\u00e2ner c\u0103ptu\u0219it. Power Rake Pro este echipat cu un motor Vanguard \u0219i o bobin\u0103 de lam\u0103 cu fulg tratat\u0103 termic, cu rotire liber\u0103.<\/p>\n<h2 style=\"text-align: left;\">Beneficiile produsului<\/h2>\n<ul>\n<li>Performan\u021b\u0103 puternic\u0103 \u0219i carcas\u0103 robust\u0103 cu 30 de lamele pendulare \u0219i un rulment de arbore robust, lubrifiabil<\/li>\n<li>Datorit\u0103 unit\u0103\u021bii op\u021bionale de resem\u0103nare, grebla electric\u0103 poate fi utilizat\u0103 \u0219i ca resem\u0103n\u0103tor<\/li>\n<li>Roata din spate \u00eenalt\u0103 compenseaz\u0103 denivel\u0103rile terenului \u0219i face scarificatorul deosebit de u\u0219or de manevrat<\/li>\n<li>\u00centre\u021binere u\u0219oar\u0103 \u0219i durat\u0103 lung\u0103 de via\u021b\u0103 datorit\u0103 scripe\u021bilor premium Curele u\u0219or de \u00eenlocuit<\/li>\n<li>Reglare central\u0103, f\u0103r\u0103 trepte a \u00een\u0103l\u021bimii pentru reglarea u\u0219oar\u0103 a ad\u00e2ncimii de lucru<\/li>\n<li>\u0218in\u0103 de ghidare Fold&#8217;n&#8217;Go pentru transport u\u0219or \u0219i depozitare cu economie de spa\u021biu<\/li>\n<\/ul>\n<h2 style=\"text-align: left;\">Accesorii op\u021bionale<\/h2>\n<ul>\n<li><a href=\"https:\/\/www.prochaska.eu\/produkt\/billygoat-vertikutierer-schlegelmesser-inkl-arretierungsklemmen\/\">Cu\u021bit flail incl. Cleme de blocare  <\/a><\/li>\n<li><a href=\"https:\/\/www.prochaska.eu\/produkt\/billygoat-vertikutierer-power-rake-pro-pr550h\/\">Unitate de re\u00eens\u0103m\u00e2n\u021bare incl. Rol\u0103 de t\u0103iere (350328)<\/a><\/li>\n<li><a href=\"https:\/\/www.prochaska.eu\/produkt\/billygoat-vertikutierer-power-rake-pro-pr550h\/\">Grap\u0103 pentru scarificare (350113)<\/a><\/li>\n<\/ul>\n","protected":false},"excerpt":{"rendered":"<p>Puternicul scarificator Power Rake Pro PR551V de la <a href=\"https:\/\/www.prochaska.eu\/billygoat\/\">Billy Goat<\/a> \u00eendep\u0103rteaz\u0103 eficient paie pe o l\u0103\u021bime a c\u0103ii de 20 inch\/51 cm.<\/p>\n","protected":false},"featured_media":22125,"template":"","meta":[],"pwb-brand":[3084],"product_brand":[],"product_cat":[1167],"product_tag":[1529],"class_list":{"0":"post-25451","1":"product","2":"type-product","3":"status-publish","4":"has-post-thumbnail","6":"pwb-brand-billy-goat-ro","7":"product_cat-scarificator-aerator-si-dispozitiv-de-indepartare-a-frunzelor","8":"product_tag-billy-goat-ro","10":"first","11":"instock","12":"taxable","13":"shipping-taxable","14":"purchasable","15":"product-type-simple"},"yoast_head":"<!-- This site is optimized with the Yoast SEO plugin v27.5 - https:\/\/yoast.com\/product\/yoast-seo-wordpress\/ -->\n<title>Billy Goat - Scarificator - Power Rake Pro - PR551V - Prochaska<\/title>\n<meta name=\"robots\" content=\"index, follow, max-snippet:-1, max-image-preview:large, max-video-preview:-1\" \/>\n<link rel=\"canonical\" href=\"https:\/\/prochaska.eu\/ro\/produs\/billy-goat-scarificator-power-rake-pro-pr551v\/\" \/>\n<meta property=\"og:locale\" content=\"ro_RO\" \/>\n<meta property=\"og:type\" content=\"article\" \/>\n<meta property=\"og:title\" content=\"Billy Goat - Scarificator - Power Rake Pro - PR551V - Prochaska\" \/>\n<meta property=\"og:description\" content=\"Puternicul scarificator Power Rake Pro PR551V de la Billy Goat \u00eendep\u0103rteaz\u0103 eficient paie pe o l\u0103\u021bime a c\u0103ii de 20 inch\/51 cm.\" \/>\n<meta property=\"og:url\" content=\"https:\/\/prochaska.eu\/ro\/produs\/billy-goat-scarificator-power-rake-pro-pr551v\/\" \/>\n<meta property=\"og:site_name\" content=\"Prochaska\" \/>\n<meta property=\"article:publisher\" content=\"https:\/\/www.facebook.com\/prochaska.eu\/\" \/>\n<meta property=\"og:image\" content=\"https:\/\/prochaska.eu\/wp-content\/uploads\/2024\/06\/vertikutierer-billygoat-pr550h-prochaska.jpg\" \/>\n\t<meta property=\"og:image:width\" content=\"1440\" \/>\n\t<meta property=\"og:image:height\" content=\"1440\" \/>\n\t<meta property=\"og:image:type\" content=\"image\/jpeg\" \/>\n<meta name=\"twitter:card\" content=\"summary_large_image\" \/>\n<meta name=\"twitter:label1\" content=\"Timp estimat pentru citire\" \/>\n\t<meta name=\"twitter:data1\" content=\"1 minut\" \/>\n<script type=\"application\/ld+json\" class=\"yoast-schema-graph\">{\"@context\":\"https:\\\/\\\/schema.org\",\"@graph\":[{\"@type\":\"WebPage\",\"@id\":\"https:\\\/\\\/prochaska.eu\\\/ro\\\/produs\\\/billy-goat-scarificator-power-rake-pro-pr551v\\\/\",\"url\":\"https:\\\/\\\/prochaska.eu\\\/ro\\\/produs\\\/billy-goat-scarificator-power-rake-pro-pr551v\\\/\",\"name\":\"Billy Goat - Scarificator - Power Rake Pro - PR551V - Prochaska\",\"isPartOf\":{\"@id\":\"https:\\\/\\\/prochaska.eu\\\/ro\\\/#website\"},\"primaryImageOfPage\":{\"@id\":\"https:\\\/\\\/prochaska.eu\\\/ro\\\/produs\\\/billy-goat-scarificator-power-rake-pro-pr551v\\\/#primaryimage\"},\"image\":{\"@id\":\"https:\\\/\\\/prochaska.eu\\\/ro\\\/produs\\\/billy-goat-scarificator-power-rake-pro-pr551v\\\/#primaryimage\"},\"thumbnailUrl\":\"https:\\\/\\\/prochaska.eu\\\/wp-content\\\/uploads\\\/2024\\\/06\\\/vertikutierer-billygoat-pr550h-prochaska.jpg\",\"datePublished\":\"2020-08-20T10:37:31+00:00\",\"breadcrumb\":{\"@id\":\"https:\\\/\\\/prochaska.eu\\\/ro\\\/produs\\\/billy-goat-scarificator-power-rake-pro-pr551v\\\/#breadcrumb\"},\"inLanguage\":\"ro-RO\",\"potentialAction\":[{\"@type\":\"ReadAction\",\"target\":[\"https:\\\/\\\/prochaska.eu\\\/ro\\\/produs\\\/billy-goat-scarificator-power-rake-pro-pr551v\\\/\"]}]},{\"@type\":\"ImageObject\",\"inLanguage\":\"ro-RO\",\"@id\":\"https:\\\/\\\/prochaska.eu\\\/ro\\\/produs\\\/billy-goat-scarificator-power-rake-pro-pr551v\\\/#primaryimage\",\"url\":\"https:\\\/\\\/prochaska.eu\\\/wp-content\\\/uploads\\\/2024\\\/06\\\/vertikutierer-billygoat-pr550h-prochaska.jpg\",\"contentUrl\":\"https:\\\/\\\/prochaska.eu\\\/wp-content\\\/uploads\\\/2024\\\/06\\\/vertikutierer-billygoat-pr550h-prochaska.jpg\",\"width\":1440,\"height\":1440},{\"@type\":\"BreadcrumbList\",\"@id\":\"https:\\\/\\\/prochaska.eu\\\/ro\\\/produs\\\/billy-goat-scarificator-power-rake-pro-pr551v\\\/#breadcrumb\",\"itemListElement\":[{\"@type\":\"ListItem\",\"position\":1,\"name\":\"Home\",\"item\":\"https:\\\/\\\/prochaska.eu\\\/ro\\\/\"},{\"@type\":\"ListItem\",\"position\":2,\"name\":\"Shop\",\"item\":\"https:\\\/\\\/prochaska.eu\\\/ro\\\/shop\\\/\"},{\"@type\":\"ListItem\",\"position\":3,\"name\":\"Billy Goat &#8211; Scarificator &#8211; Power Rake Pro &#8211; PR551V\"}]},{\"@type\":\"WebSite\",\"@id\":\"https:\\\/\\\/prochaska.eu\\\/ro\\\/#website\",\"url\":\"https:\\\/\\\/prochaska.eu\\\/ro\\\/\",\"name\":\"Prochaska\",\"description\":\"Spezialist f\u00fcr Pflege von Gr\u00fcnfl\u00e4chen\",\"publisher\":{\"@id\":\"https:\\\/\\\/prochaska.eu\\\/ro\\\/#organization\"},\"potentialAction\":[{\"@type\":\"SearchAction\",\"target\":{\"@type\":\"EntryPoint\",\"urlTemplate\":\"https:\\\/\\\/prochaska.eu\\\/ro\\\/?s={search_term_string}\"},\"query-input\":{\"@type\":\"PropertyValueSpecification\",\"valueRequired\":true,\"valueName\":\"search_term_string\"}}],\"inLanguage\":\"ro-RO\"},{\"@type\":\"Organization\",\"@id\":\"https:\\\/\\\/prochaska.eu\\\/ro\\\/#organization\",\"name\":\"Prochaska\",\"url\":\"https:\\\/\\\/prochaska.eu\\\/ro\\\/\",\"logo\":{\"@type\":\"ImageObject\",\"inLanguage\":\"ro-RO\",\"@id\":\"https:\\\/\\\/prochaska.eu\\\/ro\\\/#\\\/schema\\\/logo\\\/image\\\/\",\"url\":\"https:\\\/\\\/prochaska.eu\\\/wp-content\\\/uploads\\\/2024\\\/04\\\/Prochaska_Logo_Black-1.png\",\"contentUrl\":\"https:\\\/\\\/prochaska.eu\\\/wp-content\\\/uploads\\\/2024\\\/04\\\/Prochaska_Logo_Black-1.png\",\"width\":796,\"height\":236,\"caption\":\"Prochaska\"},\"image\":{\"@id\":\"https:\\\/\\\/prochaska.eu\\\/ro\\\/#\\\/schema\\\/logo\\\/image\\\/\"},\"sameAs\":[\"https:\\\/\\\/www.facebook.com\\\/prochaska.eu\\\/\",\"https:\\\/\\\/www.instagram.com\\\/prochaska.eu\\\/\",\"https:\\\/\\\/www.linkedin.com\\\/company\\\/prochaska-handels-gmbh\"]}]}<\/script>\n<!-- \/ Yoast SEO plugin. -->","yoast_head_json":{"title":"Billy Goat - Scarificator - Power Rake Pro - PR551V - Prochaska","robots":{"index":"index","follow":"follow","max-snippet":"max-snippet:-1","max-image-preview":"max-image-preview:large","max-video-preview":"max-video-preview:-1"},"canonical":"https:\/\/prochaska.eu\/ro\/produs\/billy-goat-scarificator-power-rake-pro-pr551v\/","og_locale":"ro_RO","og_type":"article","og_title":"Billy Goat - Scarificator - Power Rake Pro - PR551V - Prochaska","og_description":"Puternicul scarificator Power Rake Pro PR551V de la Billy Goat \u00eendep\u0103rteaz\u0103 eficient paie pe o l\u0103\u021bime a c\u0103ii de 20 inch\/51 cm.","og_url":"https:\/\/prochaska.eu\/ro\/produs\/billy-goat-scarificator-power-rake-pro-pr551v\/","og_site_name":"Prochaska","article_publisher":"https:\/\/www.facebook.com\/prochaska.eu\/","og_image":[{"width":1440,"height":1440,"url":"https:\/\/prochaska.eu\/wp-content\/uploads\/2024\/06\/vertikutierer-billygoat-pr550h-prochaska.jpg","type":"image\/jpeg"}],"twitter_card":"summary_large_image","twitter_misc":{"Timp estimat pentru citire":"1 minut"},"schema":{"@context":"https:\/\/schema.org","@graph":[{"@type":"WebPage","@id":"https:\/\/prochaska.eu\/ro\/produs\/billy-goat-scarificator-power-rake-pro-pr551v\/","url":"https:\/\/prochaska.eu\/ro\/produs\/billy-goat-scarificator-power-rake-pro-pr551v\/","name":"Billy Goat - Scarificator - Power Rake Pro - PR551V - Prochaska","isPartOf":{"@id":"https:\/\/prochaska.eu\/ro\/#website"},"primaryImageOfPage":{"@id":"https:\/\/prochaska.eu\/ro\/produs\/billy-goat-scarificator-power-rake-pro-pr551v\/#primaryimage"},"image":{"@id":"https:\/\/prochaska.eu\/ro\/produs\/billy-goat-scarificator-power-rake-pro-pr551v\/#primaryimage"},"thumbnailUrl":"https:\/\/prochaska.eu\/wp-content\/uploads\/2024\/06\/vertikutierer-billygoat-pr550h-prochaska.jpg","datePublished":"2020-08-20T10:37:31+00:00","breadcrumb":{"@id":"https:\/\/prochaska.eu\/ro\/produs\/billy-goat-scarificator-power-rake-pro-pr551v\/#breadcrumb"},"inLanguage":"ro-RO","potentialAction":[{"@type":"ReadAction","target":["https:\/\/prochaska.eu\/ro\/produs\/billy-goat-scarificator-power-rake-pro-pr551v\/"]}]},{"@type":"ImageObject","inLanguage":"ro-RO","@id":"https:\/\/prochaska.eu\/ro\/produs\/billy-goat-scarificator-power-rake-pro-pr551v\/#primaryimage","url":"https:\/\/prochaska.eu\/wp-content\/uploads\/2024\/06\/vertikutierer-billygoat-pr550h-prochaska.jpg","contentUrl":"https:\/\/prochaska.eu\/wp-content\/uploads\/2024\/06\/vertikutierer-billygoat-pr550h-prochaska.jpg","width":1440,"height":1440},{"@type":"BreadcrumbList","@id":"https:\/\/prochaska.eu\/ro\/produs\/billy-goat-scarificator-power-rake-pro-pr551v\/#breadcrumb","itemListElement":[{"@type":"ListItem","position":1,"name":"Home","item":"https:\/\/prochaska.eu\/ro\/"},{"@type":"ListItem","position":2,"name":"Shop","item":"https:\/\/prochaska.eu\/ro\/shop\/"},{"@type":"ListItem","position":3,"name":"Billy Goat &#8211; Scarificator &#8211; Power Rake Pro &#8211; PR551V"}]},{"@type":"WebSite","@id":"https:\/\/prochaska.eu\/ro\/#website","url":"https:\/\/prochaska.eu\/ro\/","name":"Prochaska","description":"Spezialist f\u00fcr Pflege von Gr\u00fcnfl\u00e4chen","publisher":{"@id":"https:\/\/prochaska.eu\/ro\/#organization"},"potentialAction":[{"@type":"SearchAction","target":{"@type":"EntryPoint","urlTemplate":"https:\/\/prochaska.eu\/ro\/?s={search_term_string}"},"query-input":{"@type":"PropertyValueSpecification","valueRequired":true,"valueName":"search_term_string"}}],"inLanguage":"ro-RO"},{"@type":"Organization","@id":"https:\/\/prochaska.eu\/ro\/#organization","name":"Prochaska","url":"https:\/\/prochaska.eu\/ro\/","logo":{"@type":"ImageObject","inLanguage":"ro-RO","@id":"https:\/\/prochaska.eu\/ro\/#\/schema\/logo\/image\/","url":"https:\/\/prochaska.eu\/wp-content\/uploads\/2024\/04\/Prochaska_Logo_Black-1.png","contentUrl":"https:\/\/prochaska.eu\/wp-content\/uploads\/2024\/04\/Prochaska_Logo_Black-1.png","width":796,"height":236,"caption":"Prochaska"},"image":{"@id":"https:\/\/prochaska.eu\/ro\/#\/schema\/logo\/image\/"},"sameAs":["https:\/\/www.facebook.com\/prochaska.eu\/","https:\/\/www.instagram.com\/prochaska.eu\/","https:\/\/www.linkedin.com\/company\/prochaska-handels-gmbh"]}]}},"brands":[{"id":3084,"name":"Billy Goat","slug":"billy-goat-ro"}],"_links":{"self":[{"href":"https:\/\/prochaska.eu\/ro\/wp-json\/wp\/v2\/product\/25451","targetHints":{"allow":["GET"]}}],"collection":[{"href":"https:\/\/prochaska.eu\/ro\/wp-json\/wp\/v2\/product"}],"about":[{"href":"https:\/\/prochaska.eu\/ro\/wp-json\/wp\/v2\/types\/product"}],"version-history":[{"count":0,"href":"https:\/\/prochaska.eu\/ro\/wp-json\/wp\/v2\/product\/25451\/revisions"}],"wp:featuredmedia":[{"embeddable":true,"href":"https:\/\/prochaska.eu\/ro\/wp-json\/wp\/v2\/media\/22125"}],"wp:attachment":[{"href":"https:\/\/prochaska.eu\/ro\/wp-json\/wp\/v2\/media?parent=25451"}],"wp:term":[{"taxonomy":"pwb-brand","embeddable":true,"href":"https:\/\/prochaska.eu\/ro\/wp-json\/wp\/v2\/pwb-brand?post=25451"},{"taxonomy":"product_brand","embeddable":true,"href":"https:\/\/prochaska.eu\/ro\/wp-json\/wp\/v2\/product_brand?post=25451"},{"taxonomy":"product_cat","embeddable":true,"href":"https:\/\/prochaska.eu\/ro\/wp-json\/wp\/v2\/product_cat?post=25451"},{"taxonomy":"product_tag","embeddable":true,"href":"https:\/\/prochaska.eu\/ro\/wp-json\/wp\/v2\/product_tag?post=25451"}],"curies":[{"name":"wp","href":"https:\/\/api.w.org\/{rel}","templated":true}]}}