{"id":25456,"date":"2020-08-11T13:10:09","date_gmt":"2020-08-11T13:10:09","guid":{"rendered":"https:\/\/prochaska.eu\/product\/toro-freza-de-zapada-snow-max-724-qxe-ce-38721\/"},"modified":"2020-08-11T13:10:09","modified_gmt":"2020-08-11T13:10:09","slug":"toro-freza-de-zapada-snow-max-724-qxe-ce-38721","status":"publish","type":"product","link":"https:\/\/prochaska.eu\/ro\/produs\/toro-freza-de-zapada-snow-max-724-qxe-ce-38721\/","title":{"rendered":"TORO Frez\u0103 de z\u0103pad\u0103 &#8211; Snow Max 724 QXE CE &#8211; 38721"},"content":{"rendered":"<p>Frezele de z\u0103pad\u0103 cu dou\u0103 trepte Snow Max 724 QXE CE de la <a href=\"https:\/\/www.prochaska.eu\/toro\/\">TORO<\/a> au un motor puternic de \u00eenalt\u0103 performan\u021b\u0103, o cutie de viteze robust\u0103 de cur\u0103\u021bare \u0219i, cu o l\u0103\u021bime de cur\u0103\u021bare de 61 cm, sunt potrivite \u00een special pentru \u00eendep\u0103rtarea z\u0103pezii cu ad\u00e2ncimi mari de p\u00e2n\u0103 la 46 cm. Raza de aruncare este de p\u00e2n\u0103 la 12 metri. Suflanta de z\u0103pad\u0103 este ideal\u0103 pentru suprafe\u021bele de beton \u0219i asfalt \u0219i chiar \u0219i z\u0103pada umed\u0103 poate fi cur\u0103\u021bat\u0103 rapid \u0219i f\u0103r\u0103 efort. Sistemul inovator de la Toro este singurul care permite canalizarea automat\u0103 a cantit\u0103\u021bilor mari de z\u0103pad\u0103 departe de jgheabul de evacuare, astfel \u00eenc\u00e2t jgheabul s\u0103 nu se blocheze.<\/p>\n<h2 style=\"text-align: left;\">AVANTAJELE PRODUSULUI<\/h2>\n<ul>\n<li>Motor Toro Premium OHV \u00een patru timpi, 212 cc<\/li>\n<li>Unitate integrat\u0103 de cur\u0103\u021bare \u00een dou\u0103 etape pentru z\u0103pad\u0103 umed\u0103 \u0219i forfecat\u0103<\/li>\n<li>P\u00e2rghie de evacuare Quick-Stick cu rota\u021bie de 200\u00b0<\/li>\n<li style=\"text-align: left;\">Sistem anti-\u00eenfundare (ACS) pentru cantit\u0103\u021bi mari de z\u0103pad\u0103<\/li>\n<li>Conducere automat\u0103 Conducere autonom\u0103<\/li>\n<li>Deflector unic pentru fermoar<\/li>\n<li>Motor puternic de \u00eenalt\u0103 performan\u021b\u0103<\/li>\n<\/ul>\n<h2>ACCESORII OP\u021aIONALE<\/h2>\n<ul>\n<li><a href=\"https:\/\/www.prochaska.eu\/produkt\/schneefraesen-schutzabdeckung\/\">Capac (69,90 \u20ac)<\/a><\/li>\n<li><a href=\"https:\/\/www.prochaska.eu\/produkt\/synthetisches-toro-winteroel\/\">Ulei sintetic pentru suflante de z\u0103pad\u0103 0,59 l (\u20ac 9.90)<\/a><\/li>\n<li><a href=\"https:\/\/www.prochaska.eu\/produkt\/schneefraesen-oel-zweistufig-24er-pack\/\">Pachet de 24 de ulei pentru suflante de z\u0103pad\u0103 0,59 l (\u20ac 129.90)<\/a><\/li>\n<\/ul>\n","protected":false},"excerpt":{"rendered":"<p>Freza de z\u0103pad\u0103 <a href=\"https:\/\/www.prochaska.eu\/toro\/\">TORO<\/a> Snow Max 724 QXE CE cu dou\u0103 trepte are o unitate de cur\u0103\u021bare integrat\u0103, cu dou\u0103 trepte \u0219i o raz\u0103 de aruncare de p\u00e2n\u0103 la 12 metri. Ideal\u0103 pentru z\u0103pad\u0103 de p\u00e2n\u0103 la 46 cm.<\/p>\n","protected":false},"featured_media":22053,"template":"","meta":[],"pwb-brand":[3073],"product_brand":[],"product_cat":[1105,2040,2041],"product_tag":[2046],"class_list":{"0":"post-25456","1":"product","2":"type-product","3":"status-publish","4":"has-post-thumbnail","6":"pwb-brand-toro-ro","7":"product_cat-casa-si-gradina","8":"product_cat-serviciul-de-iarna","9":"product_cat-suflante-de-zapada","10":"product_tag-suflanta-de-zapada","12":"first","13":"outofstock","14":"taxable","15":"shipping-taxable","16":"purchasable","17":"product-type-variable"},"yoast_head":"<!-- This site is optimized with the Yoast SEO plugin v27.4 - https:\/\/yoast.com\/product\/yoast-seo-wordpress\/ -->\n<title>TORO Frez\u0103 de z\u0103pad\u0103 - Snow Max 724 QXE CE - 38721 - Prochaska<\/title>\n<meta name=\"robots\" content=\"index, follow, max-snippet:-1, max-image-preview:large, max-video-preview:-1\" \/>\n<link rel=\"canonical\" href=\"https:\/\/prochaska.eu\/ro\/produs\/toro-freza-de-zapada-snow-max-724-qxe-ce-38721\/\" \/>\n<meta property=\"og:locale\" content=\"ro_RO\" \/>\n<meta property=\"og:type\" content=\"article\" \/>\n<meta property=\"og:title\" content=\"TORO Frez\u0103 de z\u0103pad\u0103 - Snow Max 724 QXE CE - 38721 - Prochaska\" \/>\n<meta property=\"og:description\" content=\"Freza de z\u0103pad\u0103 TORO Snow Max 724 QXE CE cu dou\u0103 trepte are o unitate de cur\u0103\u021bare integrat\u0103, cu dou\u0103 trepte \u0219i o raz\u0103 de aruncare de p\u00e2n\u0103 la 12 metri. Ideal\u0103 pentru z\u0103pad\u0103 de p\u00e2n\u0103 la 46 cm.\" \/>\n<meta property=\"og:url\" content=\"https:\/\/prochaska.eu\/ro\/produs\/toro-freza-de-zapada-snow-max-724-qxe-ce-38721\/\" \/>\n<meta property=\"og:site_name\" content=\"Prochaska\" \/>\n<meta property=\"article:publisher\" content=\"https:\/\/www.facebook.com\/prochaska.eu\/\" \/>\n<meta property=\"og:image\" content=\"https:\/\/prochaska.eu\/wp-content\/uploads\/2024\/06\/schneefraese-toro-snowmax-724-38721-prochaska.jpg\" \/>\n\t<meta property=\"og:image:width\" content=\"1440\" \/>\n\t<meta property=\"og:image:height\" content=\"1440\" \/>\n\t<meta property=\"og:image:type\" content=\"image\/jpeg\" \/>\n<meta name=\"twitter:card\" content=\"summary_large_image\" \/>\n<meta name=\"twitter:label1\" content=\"Timp estimat pentru citire\" \/>\n\t<meta name=\"twitter:data1\" content=\"1 minut\" \/>\n<script type=\"application\/ld+json\" class=\"yoast-schema-graph\">{\"@context\":\"https:\\\/\\\/schema.org\",\"@graph\":[{\"@type\":\"WebPage\",\"@id\":\"https:\\\/\\\/prochaska.eu\\\/ro\\\/produs\\\/toro-freza-de-zapada-snow-max-724-qxe-ce-38721\\\/\",\"url\":\"https:\\\/\\\/prochaska.eu\\\/ro\\\/produs\\\/toro-freza-de-zapada-snow-max-724-qxe-ce-38721\\\/\",\"name\":\"TORO Frez\u0103 de z\u0103pad\u0103 - Snow Max 724 QXE CE - 38721 - Prochaska\",\"isPartOf\":{\"@id\":\"https:\\\/\\\/prochaska.eu\\\/ro\\\/#website\"},\"primaryImageOfPage\":{\"@id\":\"https:\\\/\\\/prochaska.eu\\\/ro\\\/produs\\\/toro-freza-de-zapada-snow-max-724-qxe-ce-38721\\\/#primaryimage\"},\"image\":{\"@id\":\"https:\\\/\\\/prochaska.eu\\\/ro\\\/produs\\\/toro-freza-de-zapada-snow-max-724-qxe-ce-38721\\\/#primaryimage\"},\"thumbnailUrl\":\"https:\\\/\\\/prochaska.eu\\\/wp-content\\\/uploads\\\/2024\\\/06\\\/schneefraese-toro-snowmax-724-38721-prochaska.jpg\",\"datePublished\":\"2020-08-11T13:10:09+00:00\",\"breadcrumb\":{\"@id\":\"https:\\\/\\\/prochaska.eu\\\/ro\\\/produs\\\/toro-freza-de-zapada-snow-max-724-qxe-ce-38721\\\/#breadcrumb\"},\"inLanguage\":\"ro-RO\",\"potentialAction\":[{\"@type\":\"ReadAction\",\"target\":[\"https:\\\/\\\/prochaska.eu\\\/ro\\\/produs\\\/toro-freza-de-zapada-snow-max-724-qxe-ce-38721\\\/\"]}]},{\"@type\":\"ImageObject\",\"inLanguage\":\"ro-RO\",\"@id\":\"https:\\\/\\\/prochaska.eu\\\/ro\\\/produs\\\/toro-freza-de-zapada-snow-max-724-qxe-ce-38721\\\/#primaryimage\",\"url\":\"https:\\\/\\\/prochaska.eu\\\/wp-content\\\/uploads\\\/2024\\\/06\\\/schneefraese-toro-snowmax-724-38721-prochaska.jpg\",\"contentUrl\":\"https:\\\/\\\/prochaska.eu\\\/wp-content\\\/uploads\\\/2024\\\/06\\\/schneefraese-toro-snowmax-724-38721-prochaska.jpg\",\"width\":1440,\"height\":1440},{\"@type\":\"BreadcrumbList\",\"@id\":\"https:\\\/\\\/prochaska.eu\\\/ro\\\/produs\\\/toro-freza-de-zapada-snow-max-724-qxe-ce-38721\\\/#breadcrumb\",\"itemListElement\":[{\"@type\":\"ListItem\",\"position\":1,\"name\":\"Home\",\"item\":\"https:\\\/\\\/prochaska.eu\\\/ro\\\/\"},{\"@type\":\"ListItem\",\"position\":2,\"name\":\"Shop\",\"item\":\"https:\\\/\\\/prochaska.eu\\\/ro\\\/shop\\\/\"},{\"@type\":\"ListItem\",\"position\":3,\"name\":\"TORO Frez\u0103 de z\u0103pad\u0103 &#8211; Snow Max 724 QXE CE &#8211; 38721\"}]},{\"@type\":\"WebSite\",\"@id\":\"https:\\\/\\\/prochaska.eu\\\/ro\\\/#website\",\"url\":\"https:\\\/\\\/prochaska.eu\\\/ro\\\/\",\"name\":\"Prochaska\",\"description\":\"Spezialist f\u00fcr Pflege von Gr\u00fcnfl\u00e4chen\",\"publisher\":{\"@id\":\"https:\\\/\\\/prochaska.eu\\\/ro\\\/#organization\"},\"potentialAction\":[{\"@type\":\"SearchAction\",\"target\":{\"@type\":\"EntryPoint\",\"urlTemplate\":\"https:\\\/\\\/prochaska.eu\\\/ro\\\/?s={search_term_string}\"},\"query-input\":{\"@type\":\"PropertyValueSpecification\",\"valueRequired\":true,\"valueName\":\"search_term_string\"}}],\"inLanguage\":\"ro-RO\"},{\"@type\":\"Organization\",\"@id\":\"https:\\\/\\\/prochaska.eu\\\/ro\\\/#organization\",\"name\":\"Prochaska\",\"url\":\"https:\\\/\\\/prochaska.eu\\\/ro\\\/\",\"logo\":{\"@type\":\"ImageObject\",\"inLanguage\":\"ro-RO\",\"@id\":\"https:\\\/\\\/prochaska.eu\\\/ro\\\/#\\\/schema\\\/logo\\\/image\\\/\",\"url\":\"https:\\\/\\\/prochaska.eu\\\/wp-content\\\/uploads\\\/2024\\\/04\\\/Prochaska_Logo_Black-1.png\",\"contentUrl\":\"https:\\\/\\\/prochaska.eu\\\/wp-content\\\/uploads\\\/2024\\\/04\\\/Prochaska_Logo_Black-1.png\",\"width\":796,\"height\":236,\"caption\":\"Prochaska\"},\"image\":{\"@id\":\"https:\\\/\\\/prochaska.eu\\\/ro\\\/#\\\/schema\\\/logo\\\/image\\\/\"},\"sameAs\":[\"https:\\\/\\\/www.facebook.com\\\/prochaska.eu\\\/\",\"https:\\\/\\\/www.instagram.com\\\/prochaska.eu\\\/\",\"https:\\\/\\\/www.linkedin.com\\\/company\\\/prochaska-handels-gmbh\"]}]}<\/script>\n<!-- \/ Yoast SEO plugin. -->","yoast_head_json":{"title":"TORO Frez\u0103 de z\u0103pad\u0103 - Snow Max 724 QXE CE - 38721 - Prochaska","robots":{"index":"index","follow":"follow","max-snippet":"max-snippet:-1","max-image-preview":"max-image-preview:large","max-video-preview":"max-video-preview:-1"},"canonical":"https:\/\/prochaska.eu\/ro\/produs\/toro-freza-de-zapada-snow-max-724-qxe-ce-38721\/","og_locale":"ro_RO","og_type":"article","og_title":"TORO Frez\u0103 de z\u0103pad\u0103 - Snow Max 724 QXE CE - 38721 - Prochaska","og_description":"Freza de z\u0103pad\u0103 TORO Snow Max 724 QXE CE cu dou\u0103 trepte are o unitate de cur\u0103\u021bare integrat\u0103, cu dou\u0103 trepte \u0219i o raz\u0103 de aruncare de p\u00e2n\u0103 la 12 metri. Ideal\u0103 pentru z\u0103pad\u0103 de p\u00e2n\u0103 la 46 cm.","og_url":"https:\/\/prochaska.eu\/ro\/produs\/toro-freza-de-zapada-snow-max-724-qxe-ce-38721\/","og_site_name":"Prochaska","article_publisher":"https:\/\/www.facebook.com\/prochaska.eu\/","og_image":[{"width":1440,"height":1440,"url":"https:\/\/prochaska.eu\/wp-content\/uploads\/2024\/06\/schneefraese-toro-snowmax-724-38721-prochaska.jpg","type":"image\/jpeg"}],"twitter_card":"summary_large_image","twitter_misc":{"Timp estimat pentru citire":"1 minut"},"schema":{"@context":"https:\/\/schema.org","@graph":[{"@type":"WebPage","@id":"https:\/\/prochaska.eu\/ro\/produs\/toro-freza-de-zapada-snow-max-724-qxe-ce-38721\/","url":"https:\/\/prochaska.eu\/ro\/produs\/toro-freza-de-zapada-snow-max-724-qxe-ce-38721\/","name":"TORO Frez\u0103 de z\u0103pad\u0103 - Snow Max 724 QXE CE - 38721 - Prochaska","isPartOf":{"@id":"https:\/\/prochaska.eu\/ro\/#website"},"primaryImageOfPage":{"@id":"https:\/\/prochaska.eu\/ro\/produs\/toro-freza-de-zapada-snow-max-724-qxe-ce-38721\/#primaryimage"},"image":{"@id":"https:\/\/prochaska.eu\/ro\/produs\/toro-freza-de-zapada-snow-max-724-qxe-ce-38721\/#primaryimage"},"thumbnailUrl":"https:\/\/prochaska.eu\/wp-content\/uploads\/2024\/06\/schneefraese-toro-snowmax-724-38721-prochaska.jpg","datePublished":"2020-08-11T13:10:09+00:00","breadcrumb":{"@id":"https:\/\/prochaska.eu\/ro\/produs\/toro-freza-de-zapada-snow-max-724-qxe-ce-38721\/#breadcrumb"},"inLanguage":"ro-RO","potentialAction":[{"@type":"ReadAction","target":["https:\/\/prochaska.eu\/ro\/produs\/toro-freza-de-zapada-snow-max-724-qxe-ce-38721\/"]}]},{"@type":"ImageObject","inLanguage":"ro-RO","@id":"https:\/\/prochaska.eu\/ro\/produs\/toro-freza-de-zapada-snow-max-724-qxe-ce-38721\/#primaryimage","url":"https:\/\/prochaska.eu\/wp-content\/uploads\/2024\/06\/schneefraese-toro-snowmax-724-38721-prochaska.jpg","contentUrl":"https:\/\/prochaska.eu\/wp-content\/uploads\/2024\/06\/schneefraese-toro-snowmax-724-38721-prochaska.jpg","width":1440,"height":1440},{"@type":"BreadcrumbList","@id":"https:\/\/prochaska.eu\/ro\/produs\/toro-freza-de-zapada-snow-max-724-qxe-ce-38721\/#breadcrumb","itemListElement":[{"@type":"ListItem","position":1,"name":"Home","item":"https:\/\/prochaska.eu\/ro\/"},{"@type":"ListItem","position":2,"name":"Shop","item":"https:\/\/prochaska.eu\/ro\/shop\/"},{"@type":"ListItem","position":3,"name":"TORO Frez\u0103 de z\u0103pad\u0103 &#8211; Snow Max 724 QXE CE &#8211; 38721"}]},{"@type":"WebSite","@id":"https:\/\/prochaska.eu\/ro\/#website","url":"https:\/\/prochaska.eu\/ro\/","name":"Prochaska","description":"Spezialist f\u00fcr Pflege von Gr\u00fcnfl\u00e4chen","publisher":{"@id":"https:\/\/prochaska.eu\/ro\/#organization"},"potentialAction":[{"@type":"SearchAction","target":{"@type":"EntryPoint","urlTemplate":"https:\/\/prochaska.eu\/ro\/?s={search_term_string}"},"query-input":{"@type":"PropertyValueSpecification","valueRequired":true,"valueName":"search_term_string"}}],"inLanguage":"ro-RO"},{"@type":"Organization","@id":"https:\/\/prochaska.eu\/ro\/#organization","name":"Prochaska","url":"https:\/\/prochaska.eu\/ro\/","logo":{"@type":"ImageObject","inLanguage":"ro-RO","@id":"https:\/\/prochaska.eu\/ro\/#\/schema\/logo\/image\/","url":"https:\/\/prochaska.eu\/wp-content\/uploads\/2024\/04\/Prochaska_Logo_Black-1.png","contentUrl":"https:\/\/prochaska.eu\/wp-content\/uploads\/2024\/04\/Prochaska_Logo_Black-1.png","width":796,"height":236,"caption":"Prochaska"},"image":{"@id":"https:\/\/prochaska.eu\/ro\/#\/schema\/logo\/image\/"},"sameAs":["https:\/\/www.facebook.com\/prochaska.eu\/","https:\/\/www.instagram.com\/prochaska.eu\/","https:\/\/www.linkedin.com\/company\/prochaska-handels-gmbh"]}]}},"brands":[{"id":3073,"name":"Toro","slug":"toro-ro"}],"_links":{"self":[{"href":"https:\/\/prochaska.eu\/ro\/wp-json\/wp\/v2\/product\/25456","targetHints":{"allow":["GET"]}}],"collection":[{"href":"https:\/\/prochaska.eu\/ro\/wp-json\/wp\/v2\/product"}],"about":[{"href":"https:\/\/prochaska.eu\/ro\/wp-json\/wp\/v2\/types\/product"}],"version-history":[{"count":0,"href":"https:\/\/prochaska.eu\/ro\/wp-json\/wp\/v2\/product\/25456\/revisions"}],"wp:featuredmedia":[{"embeddable":true,"href":"https:\/\/prochaska.eu\/ro\/wp-json\/wp\/v2\/media\/22053"}],"wp:attachment":[{"href":"https:\/\/prochaska.eu\/ro\/wp-json\/wp\/v2\/media?parent=25456"}],"wp:term":[{"taxonomy":"pwb-brand","embeddable":true,"href":"https:\/\/prochaska.eu\/ro\/wp-json\/wp\/v2\/pwb-brand?post=25456"},{"taxonomy":"product_brand","embeddable":true,"href":"https:\/\/prochaska.eu\/ro\/wp-json\/wp\/v2\/product_brand?post=25456"},{"taxonomy":"product_cat","embeddable":true,"href":"https:\/\/prochaska.eu\/ro\/wp-json\/wp\/v2\/product_cat?post=25456"},{"taxonomy":"product_tag","embeddable":true,"href":"https:\/\/prochaska.eu\/ro\/wp-json\/wp\/v2\/product_tag?post=25456"}],"curies":[{"name":"wp","href":"https:\/\/api.w.org\/{rel}","templated":true}]}}