{"id":25516,"date":"2020-08-11T13:01:56","date_gmt":"2020-08-11T13:01:56","guid":{"rendered":"https:\/\/prochaska.eu\/product\/toro-freza-de-zapada-power-max-trx-hd-1432-oxhe-38875\/"},"modified":"2020-08-11T13:01:56","modified_gmt":"2020-08-11T13:01:56","slug":"toro-freza-de-zapada-power-max-trx-hd-1432-oxhe-38875","status":"publish","type":"product","link":"https:\/\/prochaska.eu\/ro\/produs\/toro-freza-de-zapada-power-max-trx-hd-1432-oxhe-38875\/","title":{"rendered":"TORO Frez\u0103 de z\u0103pad\u0103 &#8211; Power Max TRX HD 1432 OXHE &#8211; 38875"},"content":{"rendered":"<p>Frezele de z\u0103pad\u0103 cu dou\u0103 trepte din seria Power Max TRX HD &#8211; model &#8211; 1432 OXHE de la <a href=\"https:\/\/www.prochaska.eu\/toro\/\">TORO<\/a> au un sistem de ac\u021bionare pe \u0219enile, un motor puternic de \u00eenalt\u0103 performan\u021b\u0103, o cutie de viteze de cur\u0103\u021bare robust\u0103 \u0219i rezistent\u0103 \u0219i, cu o l\u0103\u021bime de cur\u0103\u021bare de 81 cm, sunt potrivite \u00een special pentru \u00eendep\u0103rtarea unor cantit\u0103\u021bi mari de z\u0103pad\u0103. Freza de z\u0103pad\u0103 pe \u0219enile este potrivit\u0103 pentru teren accidentat, pante \u0219i condi\u021bii de ghea\u021b\u0103. Sistemul inovator de la Toro este singurul care face posibil\u0103 devierea automat\u0103 a unor cantit\u0103\u021bi mari de z\u0103pad\u0103 de la jgheabul de evacuare pentru a preveni \u00eenfundarea jgheabului (sistem anti\u00eenfundare). Freza de z\u0103pad\u0103 pe \u0219enile cu dou\u0103 trepte are o raz\u0103 de ac\u021biune de p\u00e2n\u0103 la 19 metri.<\/p>\n<h2 style=\"text-align: left;\">AVANTAJELE PRODUSULUI<\/h2>\n<ul>\n<li>Motor Toro Premium OHV \u00een patru timpi, 420 cc<\/li>\n<li>Trac\u021biune pe \u0219enile pentru teren accidentat, pante \u0219i ghea\u021b\u0103<\/li>\n<li>Control infinit variabil al vitezei<\/li>\n<li>Cutie de viteze pentru bro\u0219are profesional\u0103 (c\u0103lit)<\/li>\n<li>P\u00e2rghie de ejec\u021bie Quick-Stick<\/li>\n<li style=\"text-align: left;\">Sistem anti-constipa\u021bie (ACS)<\/li>\n<li style=\"text-align: left;\">Iluminat cu LED-uri<\/li>\n<li>Plac\u0103 dubl\u0103 de deflec\u021bie<\/li>\n<li>Servodirec\u021bie<\/li>\n<\/ul>\n<h2>ACCESORII OP\u021aIONALE<\/h2>\n<ul>\n<li><a href=\"https:\/\/www.prochaska.eu\/produkt\/schneefraesen-schutzabdeckung\/\">Capac (69,90 \u20ac)<\/a><\/li>\n<li><a href=\"https:\/\/www.prochaska.eu\/produkt\/synthetisches-toro-winteroel\/\"><a href=\"https:\/\/www.prochaska.eu\/produkt\/synthetisches-toro-winteroel\/\">Ulei sintetic pentru suflante de z\u0103pad\u0103 0,59 l (\u20ac 9.90)<\/a><\/a><\/li>\n<li><a href=\"https:\/\/www.prochaska.eu\/produkt\/schneefraesen-oel-zweistufig-24er-pack\/\"><a href=\"https:\/\/www.prochaska.eu\/produkt\/schneefraesen-oel-zweistufig-24er-pack\/\">Pachet de 24 de ulei pentru suflante de z\u0103pad\u0103 0,59 l (\u20ac 129.90)<\/a><\/a><\/li>\n<li><a href=\"https:\/\/www.prochaska.eu\/produkt\/schneefraesen-gleitkufen-power-max\/\">Skid PowerMax (\u20ac 32.90)<\/a><\/li>\n<li><a href=\"https:\/\/www.prochaska.eu\/produkt\/schneefraesen-kunststoff-gleitkufen\/\">Pereche de patine din plastic (\u20ac 60.90)<\/a><\/li>\n<li><a href=\"https:\/\/www.prochaska.eu\/produkt\/gehaertete-hd-gleitkufen\/\">Patine TORO HD \u00eent\u0103rite (54,90 \u20ac)<\/a><\/li>\n<li><a href=\"https:\/\/www.prochaska.eu\/produkt\/toro-schneefraesen-ersatzlampe\/\">Lamp\u0103 de schimb PowerMax (\u20ac 24.90)<\/a><\/li>\n<li>M\u00e2ner de pornire Premium (\u20ac 14.90)<\/li>\n<li>t\u0103ietor de cear\u0103 66 cm (92,90 \u20ac) sau 71 cm (95,90 \u20ac)<\/li>\n<li><a href=\"https:\/\/www.prochaska.eu\/produkt\/schneeverdeck-inkl-gewicht-kit\/\">Cabin\u0103 pentru PowerMax (\u20ac 399.90) + kit de greutate (\u20ac 239.90)<\/a><\/li>\n<li><a href=\"https:\/\/www.prochaska.eu\/produkt\/toro-schneefraesen-sicherheitsbolzen-set-fuer-power-max-724-726-und-826\/\"><a href=\"https:\/\/www.prochaska.eu\/produkt\/toro-schneefraesen-sicherheitsbolzen-set-fuer-power-max-724-726-und-826\/\">Set de \u0219uruburi de siguran\u021b\u0103 pentru unitatea de cur\u0103\u021bare\/roata suflantei PowerMax 724 sau roata suflantei PowerMax 726, 826 (\u20ac 5.90)<\/a><\/a><\/li>\n<li><a href=\"https:\/\/www.prochaska.eu\/produkt\/schneefraesen-sicherheitsbolzen-set-fuer-raeumwerk-power-max\/\">Set \u0219uruburi de siguran\u021b\u0103 pentru unitatea de compensare PowerMax 926, 1028 (\u20ac 11.90)<\/a>; <a href=\"https:\/\/www.prochaska.eu\/produkt\/toro-schneefraesen-scherbolzen-set-fuer-geblaeserad\/\">Set \u0219uruburi de siguran\u021b\u0103 pentru roata suflantei PowerMax 926, 1028 (\u20ac 5.90)<\/a><\/li>\n<li><a href=\"https:\/\/www.prochaska.eu\/produkt\/toro-schneefraesen-sicherheitsbolzen-set-fuer-raeumwerk-powermax-1428-1432\/\">Set \u0219uruburi de siguran\u021b\u0103 pentru unitatea de compensare PowerMax 1428, 1432 (\u20ac 14.90)<\/a>; <a href=\"https:\/\/www.prochaska.eu\/produkt\/toro-schneefraesen-scherbolzen-set-fuer-geblaeserad-1428-1432\/\">Set \u0219uruburi de siguran\u021b\u0103 pentru roata suflantei PowerMax 1428, 1432 (\u20ac 5.90)<\/a><\/li>\n<li><a href=\"https:\/\/www.prochaska.eu\/produkt\/schneeketten-13-15-oder-16\/\">Lan\u021buri de z\u0103pad\u0103 de la 13&#8243; la 16&#8243; (122,90 \u20ac &#8211; 142,90 \u20ac)<\/a><\/li>\n<li><a href=\"https:\/\/www.prochaska.eu\/produkt\/schneefraesen-schneeschild\/\">Lama de z\u0103pad\u0103 pentru PowerMax 71 cm (\u20ac 399.90)<\/a><\/li>\n<\/ul>\n","protected":false},"excerpt":{"rendered":"<p>Frezele de z\u0103pad\u0103 cu dou\u0103 trepte din seria Power Max TRX HD &#8211; model &#8211; 1432 OXHE de la <a href=\"https:\/\/www.prochaska.eu\/toro\/\">TORO<\/a> au un sistem de ac\u021bionare pe \u0219enile, un motor puternic de \u00eenalt\u0103 performan\u021b\u0103, o cutie de viteze de cur\u0103\u021bare robust\u0103 \u0219i rezistent\u0103 \u0219i, cu o l\u0103\u021bime de cur\u0103\u021bare de 81 cm, sunt potrivite \u00een special pentru \u00eendep\u0103rtarea unor cantit\u0103\u021bi mari de z\u0103pad\u0103.<\/p>\n","protected":false},"featured_media":22017,"template":"","meta":[],"pwb-brand":[3073],"product_brand":[],"product_cat":[1105,2040,2041],"product_tag":[2046],"class_list":{"0":"post-25516","1":"product","2":"type-product","3":"status-publish","4":"has-post-thumbnail","6":"pwb-brand-toro-ro","7":"product_cat-casa-si-gradina","8":"product_cat-serviciul-de-iarna","9":"product_cat-suflante-de-zapada","10":"product_tag-suflanta-de-zapada","12":"first","13":"outofstock","14":"sale","15":"taxable","16":"shipping-taxable","17":"purchasable","18":"product-type-variable"},"yoast_head":"<!-- This site is optimized with the Yoast SEO plugin v27.4 - https:\/\/yoast.com\/product\/yoast-seo-wordpress\/ -->\n<title>TORO Frez\u0103 de z\u0103pad\u0103 - Power Max TRX HD 1432 OXHE - 38875 - Prochaska<\/title>\n<meta name=\"robots\" content=\"index, follow, max-snippet:-1, max-image-preview:large, max-video-preview:-1\" \/>\n<link rel=\"canonical\" href=\"https:\/\/prochaska.eu\/ro\/produs\/toro-freza-de-zapada-power-max-trx-hd-1432-oxhe-38875\/\" \/>\n<meta property=\"og:locale\" content=\"ro_RO\" \/>\n<meta property=\"og:type\" content=\"article\" \/>\n<meta property=\"og:title\" content=\"TORO Frez\u0103 de z\u0103pad\u0103 - Power Max TRX HD 1432 OXHE - 38875 - Prochaska\" \/>\n<meta property=\"og:description\" content=\"Frezele de z\u0103pad\u0103 cu dou\u0103 trepte din seria Power Max TRX HD - model - 1432 OXHE de la TORO au un sistem de ac\u021bionare pe \u0219enile, un motor puternic de \u00eenalt\u0103 performan\u021b\u0103, o cutie de viteze de cur\u0103\u021bare robust\u0103 \u0219i rezistent\u0103 \u0219i, cu o l\u0103\u021bime de cur\u0103\u021bare de 81 cm, sunt potrivite \u00een special pentru \u00eendep\u0103rtarea unor cantit\u0103\u021bi mari de z\u0103pad\u0103.\" \/>\n<meta property=\"og:url\" content=\"https:\/\/prochaska.eu\/ro\/produs\/toro-freza-de-zapada-power-max-trx-hd-1432-oxhe-38875\/\" \/>\n<meta property=\"og:site_name\" content=\"Prochaska\" \/>\n<meta property=\"article:publisher\" content=\"https:\/\/www.facebook.com\/prochaska.eu\/\" \/>\n<meta property=\"og:image\" content=\"https:\/\/prochaska.eu\/wp-content\/uploads\/2024\/06\/schneefraese-toro-powermaxtrxhd1432-oxhe-prochaska-1.jpg\" \/>\n\t<meta property=\"og:image:width\" content=\"1440\" \/>\n\t<meta property=\"og:image:height\" content=\"1440\" \/>\n\t<meta property=\"og:image:type\" content=\"image\/jpeg\" \/>\n<meta name=\"twitter:card\" content=\"summary_large_image\" \/>\n<meta name=\"twitter:label1\" content=\"Timp estimat pentru citire\" \/>\n\t<meta name=\"twitter:data1\" content=\"2 minute\" \/>\n<script type=\"application\/ld+json\" class=\"yoast-schema-graph\">{\"@context\":\"https:\\\/\\\/schema.org\",\"@graph\":[{\"@type\":\"WebPage\",\"@id\":\"https:\\\/\\\/prochaska.eu\\\/ro\\\/produs\\\/toro-freza-de-zapada-power-max-trx-hd-1432-oxhe-38875\\\/\",\"url\":\"https:\\\/\\\/prochaska.eu\\\/ro\\\/produs\\\/toro-freza-de-zapada-power-max-trx-hd-1432-oxhe-38875\\\/\",\"name\":\"TORO Frez\u0103 de z\u0103pad\u0103 - Power Max TRX HD 1432 OXHE - 38875 - Prochaska\",\"isPartOf\":{\"@id\":\"https:\\\/\\\/prochaska.eu\\\/ro\\\/#website\"},\"primaryImageOfPage\":{\"@id\":\"https:\\\/\\\/prochaska.eu\\\/ro\\\/produs\\\/toro-freza-de-zapada-power-max-trx-hd-1432-oxhe-38875\\\/#primaryimage\"},\"image\":{\"@id\":\"https:\\\/\\\/prochaska.eu\\\/ro\\\/produs\\\/toro-freza-de-zapada-power-max-trx-hd-1432-oxhe-38875\\\/#primaryimage\"},\"thumbnailUrl\":\"https:\\\/\\\/prochaska.eu\\\/wp-content\\\/uploads\\\/2024\\\/06\\\/schneefraese-toro-powermaxtrxhd1432-oxhe-prochaska-1.jpg\",\"datePublished\":\"2020-08-11T13:01:56+00:00\",\"breadcrumb\":{\"@id\":\"https:\\\/\\\/prochaska.eu\\\/ro\\\/produs\\\/toro-freza-de-zapada-power-max-trx-hd-1432-oxhe-38875\\\/#breadcrumb\"},\"inLanguage\":\"ro-RO\",\"potentialAction\":[{\"@type\":\"ReadAction\",\"target\":[\"https:\\\/\\\/prochaska.eu\\\/ro\\\/produs\\\/toro-freza-de-zapada-power-max-trx-hd-1432-oxhe-38875\\\/\"]}]},{\"@type\":\"ImageObject\",\"inLanguage\":\"ro-RO\",\"@id\":\"https:\\\/\\\/prochaska.eu\\\/ro\\\/produs\\\/toro-freza-de-zapada-power-max-trx-hd-1432-oxhe-38875\\\/#primaryimage\",\"url\":\"https:\\\/\\\/prochaska.eu\\\/wp-content\\\/uploads\\\/2024\\\/06\\\/schneefraese-toro-powermaxtrxhd1432-oxhe-prochaska-1.jpg\",\"contentUrl\":\"https:\\\/\\\/prochaska.eu\\\/wp-content\\\/uploads\\\/2024\\\/06\\\/schneefraese-toro-powermaxtrxhd1432-oxhe-prochaska-1.jpg\",\"width\":1440,\"height\":1440},{\"@type\":\"BreadcrumbList\",\"@id\":\"https:\\\/\\\/prochaska.eu\\\/ro\\\/produs\\\/toro-freza-de-zapada-power-max-trx-hd-1432-oxhe-38875\\\/#breadcrumb\",\"itemListElement\":[{\"@type\":\"ListItem\",\"position\":1,\"name\":\"Home\",\"item\":\"https:\\\/\\\/prochaska.eu\\\/ro\\\/\"},{\"@type\":\"ListItem\",\"position\":2,\"name\":\"Shop\",\"item\":\"https:\\\/\\\/prochaska.eu\\\/ro\\\/shop\\\/\"},{\"@type\":\"ListItem\",\"position\":3,\"name\":\"TORO Frez\u0103 de z\u0103pad\u0103 &#8211; Power Max TRX HD 1432 OXHE &#8211; 38875\"}]},{\"@type\":\"WebSite\",\"@id\":\"https:\\\/\\\/prochaska.eu\\\/ro\\\/#website\",\"url\":\"https:\\\/\\\/prochaska.eu\\\/ro\\\/\",\"name\":\"Prochaska\",\"description\":\"Spezialist f\u00fcr Pflege von Gr\u00fcnfl\u00e4chen\",\"publisher\":{\"@id\":\"https:\\\/\\\/prochaska.eu\\\/ro\\\/#organization\"},\"potentialAction\":[{\"@type\":\"SearchAction\",\"target\":{\"@type\":\"EntryPoint\",\"urlTemplate\":\"https:\\\/\\\/prochaska.eu\\\/ro\\\/?s={search_term_string}\"},\"query-input\":{\"@type\":\"PropertyValueSpecification\",\"valueRequired\":true,\"valueName\":\"search_term_string\"}}],\"inLanguage\":\"ro-RO\"},{\"@type\":\"Organization\",\"@id\":\"https:\\\/\\\/prochaska.eu\\\/ro\\\/#organization\",\"name\":\"Prochaska\",\"url\":\"https:\\\/\\\/prochaska.eu\\\/ro\\\/\",\"logo\":{\"@type\":\"ImageObject\",\"inLanguage\":\"ro-RO\",\"@id\":\"https:\\\/\\\/prochaska.eu\\\/ro\\\/#\\\/schema\\\/logo\\\/image\\\/\",\"url\":\"https:\\\/\\\/prochaska.eu\\\/wp-content\\\/uploads\\\/2024\\\/04\\\/Prochaska_Logo_Black-1.png\",\"contentUrl\":\"https:\\\/\\\/prochaska.eu\\\/wp-content\\\/uploads\\\/2024\\\/04\\\/Prochaska_Logo_Black-1.png\",\"width\":796,\"height\":236,\"caption\":\"Prochaska\"},\"image\":{\"@id\":\"https:\\\/\\\/prochaska.eu\\\/ro\\\/#\\\/schema\\\/logo\\\/image\\\/\"},\"sameAs\":[\"https:\\\/\\\/www.facebook.com\\\/prochaska.eu\\\/\",\"https:\\\/\\\/www.instagram.com\\\/prochaska.eu\\\/\",\"https:\\\/\\\/www.linkedin.com\\\/company\\\/prochaska-handels-gmbh\"]}]}<\/script>\n<!-- \/ Yoast SEO plugin. -->","yoast_head_json":{"title":"TORO Frez\u0103 de z\u0103pad\u0103 - Power Max TRX HD 1432 OXHE - 38875 - Prochaska","robots":{"index":"index","follow":"follow","max-snippet":"max-snippet:-1","max-image-preview":"max-image-preview:large","max-video-preview":"max-video-preview:-1"},"canonical":"https:\/\/prochaska.eu\/ro\/produs\/toro-freza-de-zapada-power-max-trx-hd-1432-oxhe-38875\/","og_locale":"ro_RO","og_type":"article","og_title":"TORO Frez\u0103 de z\u0103pad\u0103 - Power Max TRX HD 1432 OXHE - 38875 - Prochaska","og_description":"Frezele de z\u0103pad\u0103 cu dou\u0103 trepte din seria Power Max TRX HD - model - 1432 OXHE de la TORO au un sistem de ac\u021bionare pe \u0219enile, un motor puternic de \u00eenalt\u0103 performan\u021b\u0103, o cutie de viteze de cur\u0103\u021bare robust\u0103 \u0219i rezistent\u0103 \u0219i, cu o l\u0103\u021bime de cur\u0103\u021bare de 81 cm, sunt potrivite \u00een special pentru \u00eendep\u0103rtarea unor cantit\u0103\u021bi mari de z\u0103pad\u0103.","og_url":"https:\/\/prochaska.eu\/ro\/produs\/toro-freza-de-zapada-power-max-trx-hd-1432-oxhe-38875\/","og_site_name":"Prochaska","article_publisher":"https:\/\/www.facebook.com\/prochaska.eu\/","og_image":[{"width":1440,"height":1440,"url":"https:\/\/prochaska.eu\/wp-content\/uploads\/2024\/06\/schneefraese-toro-powermaxtrxhd1432-oxhe-prochaska-1.jpg","type":"image\/jpeg"}],"twitter_card":"summary_large_image","twitter_misc":{"Timp estimat pentru citire":"2 minute"},"schema":{"@context":"https:\/\/schema.org","@graph":[{"@type":"WebPage","@id":"https:\/\/prochaska.eu\/ro\/produs\/toro-freza-de-zapada-power-max-trx-hd-1432-oxhe-38875\/","url":"https:\/\/prochaska.eu\/ro\/produs\/toro-freza-de-zapada-power-max-trx-hd-1432-oxhe-38875\/","name":"TORO Frez\u0103 de z\u0103pad\u0103 - Power Max TRX HD 1432 OXHE - 38875 - Prochaska","isPartOf":{"@id":"https:\/\/prochaska.eu\/ro\/#website"},"primaryImageOfPage":{"@id":"https:\/\/prochaska.eu\/ro\/produs\/toro-freza-de-zapada-power-max-trx-hd-1432-oxhe-38875\/#primaryimage"},"image":{"@id":"https:\/\/prochaska.eu\/ro\/produs\/toro-freza-de-zapada-power-max-trx-hd-1432-oxhe-38875\/#primaryimage"},"thumbnailUrl":"https:\/\/prochaska.eu\/wp-content\/uploads\/2024\/06\/schneefraese-toro-powermaxtrxhd1432-oxhe-prochaska-1.jpg","datePublished":"2020-08-11T13:01:56+00:00","breadcrumb":{"@id":"https:\/\/prochaska.eu\/ro\/produs\/toro-freza-de-zapada-power-max-trx-hd-1432-oxhe-38875\/#breadcrumb"},"inLanguage":"ro-RO","potentialAction":[{"@type":"ReadAction","target":["https:\/\/prochaska.eu\/ro\/produs\/toro-freza-de-zapada-power-max-trx-hd-1432-oxhe-38875\/"]}]},{"@type":"ImageObject","inLanguage":"ro-RO","@id":"https:\/\/prochaska.eu\/ro\/produs\/toro-freza-de-zapada-power-max-trx-hd-1432-oxhe-38875\/#primaryimage","url":"https:\/\/prochaska.eu\/wp-content\/uploads\/2024\/06\/schneefraese-toro-powermaxtrxhd1432-oxhe-prochaska-1.jpg","contentUrl":"https:\/\/prochaska.eu\/wp-content\/uploads\/2024\/06\/schneefraese-toro-powermaxtrxhd1432-oxhe-prochaska-1.jpg","width":1440,"height":1440},{"@type":"BreadcrumbList","@id":"https:\/\/prochaska.eu\/ro\/produs\/toro-freza-de-zapada-power-max-trx-hd-1432-oxhe-38875\/#breadcrumb","itemListElement":[{"@type":"ListItem","position":1,"name":"Home","item":"https:\/\/prochaska.eu\/ro\/"},{"@type":"ListItem","position":2,"name":"Shop","item":"https:\/\/prochaska.eu\/ro\/shop\/"},{"@type":"ListItem","position":3,"name":"TORO Frez\u0103 de z\u0103pad\u0103 &#8211; Power Max TRX HD 1432 OXHE &#8211; 38875"}]},{"@type":"WebSite","@id":"https:\/\/prochaska.eu\/ro\/#website","url":"https:\/\/prochaska.eu\/ro\/","name":"Prochaska","description":"Spezialist f\u00fcr Pflege von Gr\u00fcnfl\u00e4chen","publisher":{"@id":"https:\/\/prochaska.eu\/ro\/#organization"},"potentialAction":[{"@type":"SearchAction","target":{"@type":"EntryPoint","urlTemplate":"https:\/\/prochaska.eu\/ro\/?s={search_term_string}"},"query-input":{"@type":"PropertyValueSpecification","valueRequired":true,"valueName":"search_term_string"}}],"inLanguage":"ro-RO"},{"@type":"Organization","@id":"https:\/\/prochaska.eu\/ro\/#organization","name":"Prochaska","url":"https:\/\/prochaska.eu\/ro\/","logo":{"@type":"ImageObject","inLanguage":"ro-RO","@id":"https:\/\/prochaska.eu\/ro\/#\/schema\/logo\/image\/","url":"https:\/\/prochaska.eu\/wp-content\/uploads\/2024\/04\/Prochaska_Logo_Black-1.png","contentUrl":"https:\/\/prochaska.eu\/wp-content\/uploads\/2024\/04\/Prochaska_Logo_Black-1.png","width":796,"height":236,"caption":"Prochaska"},"image":{"@id":"https:\/\/prochaska.eu\/ro\/#\/schema\/logo\/image\/"},"sameAs":["https:\/\/www.facebook.com\/prochaska.eu\/","https:\/\/www.instagram.com\/prochaska.eu\/","https:\/\/www.linkedin.com\/company\/prochaska-handels-gmbh"]}]}},"brands":[{"id":3073,"name":"Toro","slug":"toro-ro"}],"_links":{"self":[{"href":"https:\/\/prochaska.eu\/ro\/wp-json\/wp\/v2\/product\/25516","targetHints":{"allow":["GET"]}}],"collection":[{"href":"https:\/\/prochaska.eu\/ro\/wp-json\/wp\/v2\/product"}],"about":[{"href":"https:\/\/prochaska.eu\/ro\/wp-json\/wp\/v2\/types\/product"}],"version-history":[{"count":0,"href":"https:\/\/prochaska.eu\/ro\/wp-json\/wp\/v2\/product\/25516\/revisions"}],"wp:featuredmedia":[{"embeddable":true,"href":"https:\/\/prochaska.eu\/ro\/wp-json\/wp\/v2\/media\/22017"}],"wp:attachment":[{"href":"https:\/\/prochaska.eu\/ro\/wp-json\/wp\/v2\/media?parent=25516"}],"wp:term":[{"taxonomy":"pwb-brand","embeddable":true,"href":"https:\/\/prochaska.eu\/ro\/wp-json\/wp\/v2\/pwb-brand?post=25516"},{"taxonomy":"product_brand","embeddable":true,"href":"https:\/\/prochaska.eu\/ro\/wp-json\/wp\/v2\/product_brand?post=25516"},{"taxonomy":"product_cat","embeddable":true,"href":"https:\/\/prochaska.eu\/ro\/wp-json\/wp\/v2\/product_cat?post=25516"},{"taxonomy":"product_tag","embeddable":true,"href":"https:\/\/prochaska.eu\/ro\/wp-json\/wp\/v2\/product_tag?post=25516"}],"curies":[{"name":"wp","href":"https:\/\/api.w.org\/{rel}","templated":true}]}}