{"id":25524,"date":"2017-08-04T14:42:35","date_gmt":"2017-08-04T14:42:35","guid":{"rendered":"https:\/\/prochaska.eu\/product\/toro-unitate-de-control-al-irigarii-cronometru-electronic-pentru-robinet-ttt-9v\/"},"modified":"2017-08-04T14:42:35","modified_gmt":"2017-08-04T14:42:35","slug":"toro-unitate-de-control-al-irigarii-cronometru-electronic-pentru-robinet-ttt-9v","status":"publish","type":"product","link":"https:\/\/prochaska.eu\/ro\/produs\/toro-unitate-de-control-al-irigarii-cronometru-electronic-pentru-robinet-ttt-9v\/","title":{"rendered":"TORO unitate de control al irig\u0103rii &#8211; Cronometru electronic pentru robinet &#8211; TTT-9V"},"content":{"rendered":"<p>Un cronometru electronic de irigare durabil, alimentat cu baterie, de la Toro. Cu programe multiple \u0219i o supap\u0103 solenoid \u0219i o supap\u0103 cu diafragm\u0103 puternice integrate, temporizatorul de irigare Toro este o solu\u021bie fiabil\u0103 \u0219i convenabil\u0103 pentru controlul irig\u0103rii la cap\u0103tul furtunului.<\/p>\n<h2><strong>Caracteristici \u0219i beneficii<\/strong><\/h2>\n<h3><strong>Func\u021bioneaz\u0103 cu baterii<br \/>\n<\/strong><\/h3>\n<p>O baterie alcalin\u0103 de 9 vol\u021bi (nu este inclus\u0103) ofer\u0103 suficient\u0103 energie pentru un \u00eentreg sezon de irigare.<\/p>\n<h3><strong>Unitate de control rezistent\u0103 la intemperii, unitate de control conectat\u0103 la robinet<br \/>\n<\/strong><\/h3>\n<p>Racord de 20 mm sau 25 mm cu supap\u0103 integrat\u0103<\/p>\n<h3><strong>Program de 2 minute \u00eenapoi<br \/>\n<\/strong><\/h3>\n<p>Atunci c\u00e2nd scoate\u021bi temporar bateriile pentru \u00eenlocuirea acestora.<\/p>\n<h2><strong>W<\/strong><strong>gestiunea apei &#8211; Puncte forte<\/strong><\/h2>\n<p><strong>Programare simpl\u0103: <\/strong>15 combina\u021bii diferite de zile de irigare presetate simplific\u0103 programarea \u0219i configurarea ini\u021bial\u0103.<\/p>\n<h2><strong>Date tehnice<\/strong><\/h2>\n<ul>\n<li>Racord de aspersor de 20 mm (\u00be&#8221;) sau 25 mm (1&#8243;) \u00eentr-un singur model<\/li>\n<li>Este necesar\u0103 o baterie alcalin\u0103 de 9 V (nu este furnizat\u0103)<\/li>\n<li>Durata medie de via\u021b\u0103 a bateriei de un sezon (6 luni) cu utilizare normal\u0103<\/li>\n<li>Debit recomandat la 2 bar (30 psi): 15 l\/min (4 GPM)<\/li>\n<li>Debit maxim: 40 l\/min (10 GPM)<\/li>\n<li>Presiune de lucru: 1,4-7,0 bar (20-102 PSI)<\/li>\n<li>Presiunea maxim\u0103 de lucru: 10 bar (145 psi)<\/li>\n<li>Intervalul recomandat al temperaturii de func\u021bionare: 5\u00b0C la 38\u00b0C (41\u00b0F la 100\u00b0F)<\/li>\n<li>Aprobare RoHS \u0219i CE<\/li>\n<\/ul>\n<h2><strong>Caracteristici suplimentare<\/strong><\/h2>\n<ul>\n<li>LCD mare, u\u0219or de citit<\/li>\n<li>Conectare direct\u0103 la un robinet sau filtru (20 mm sau 25 mm)<\/li>\n<li>Func\u021bionare prin intermediul butoanelor cu 7 taste<\/li>\n<li>Ceas de 24 de ore convenabil<\/li>\n<li>Calendar de \u0219apte zile cu selectarea zilei<\/li>\n<li>P\u00e2n\u0103 la 8 ore de pornire pe zi<\/li>\n<li>Func\u021bionare automat\u0103 sau manual\u0103<\/li>\n<li>Mod manual de num\u0103r\u0103toare invers\u0103 (8 ore p\u00e2n\u0103 la 5 minute)<\/li>\n<li>Buton extern ON\/OFF<\/li>\n<li>Comutare simpl\u0103 cu buton pentru ora de var\u0103\/iarn\u0103<\/li>\n<li>15 combina\u021bii diferite de zile de irigare prestabilite<\/li>\n<li>Carcasa con\u021bine un filtru deta\u0219abil \u0219i lavabil<\/li>\n<li>Program de rezerv\u0103 de 2 minute la schimbarea bateriei<\/li>\n<li>Indicator al nivelului de \u00eenc\u0103rcare a bateriei<\/li>\n<\/ul>\n<p>&nbsp;<\/p>\n<p><strong>Model: TTT-9V<\/strong><\/p>\n<p>Cronometru electronic de irigare pe baterii cu supap\u0103 integrat\u0103. Bateria de 9 V nu este furnizat\u0103.<\/p>\n","protected":false},"excerpt":{"rendered":"<p>Cronometrul electronic Tap Timer este un cronometru electronic de irigare durabil, care func\u021bioneaz\u0103 pe baterii, de la Toro.<\/p>\n","protected":false},"featured_media":515,"template":"","meta":[],"pwb-brand":[3073],"product_brand":[],"product_cat":[2486,2490],"product_tag":[],"class_list":{"0":"post-25524","1":"product","2":"type-product","3":"status-publish","4":"has-post-thumbnail","6":"pwb-brand-toro-ro","7":"product_cat-irigare-ro","8":"product_cat-unitati-de-control","10":"first","11":"instock","12":"taxable","13":"shipping-taxable","14":"product-type-simple"},"yoast_head":"<!-- This site is optimized with the Yoast SEO plugin v27.4 - https:\/\/yoast.com\/product\/yoast-seo-wordpress\/ -->\n<title>TORO unitate de control al irig\u0103rii - Cronometru electronic pentru robinet - TTT-9V - Prochaska<\/title>\n<meta name=\"robots\" content=\"index, follow, max-snippet:-1, max-image-preview:large, max-video-preview:-1\" \/>\n<link rel=\"canonical\" href=\"https:\/\/prochaska.eu\/ro\/produs\/toro-unitate-de-control-al-irigarii-cronometru-electronic-pentru-robinet-ttt-9v\/\" \/>\n<meta property=\"og:locale\" content=\"ro_RO\" \/>\n<meta property=\"og:type\" content=\"article\" \/>\n<meta property=\"og:title\" content=\"TORO unitate de control al irig\u0103rii - Cronometru electronic pentru robinet - TTT-9V - Prochaska\" \/>\n<meta property=\"og:description\" content=\"Cronometrul electronic Tap Timer este un cronometru electronic de irigare durabil, care func\u021bioneaz\u0103 pe baterii, de la Toro.\" \/>\n<meta property=\"og:url\" content=\"https:\/\/prochaska.eu\/ro\/produs\/toro-unitate-de-control-al-irigarii-cronometru-electronic-pentru-robinet-ttt-9v\/\" \/>\n<meta property=\"og:site_name\" content=\"Prochaska\" \/>\n<meta property=\"article:publisher\" content=\"https:\/\/www.facebook.com\/prochaska.eu\/\" \/>\n<meta name=\"twitter:card\" content=\"summary_large_image\" \/>\n<meta name=\"twitter:label1\" content=\"Timp estimat pentru citire\" \/>\n\t<meta name=\"twitter:data1\" content=\"2 minute\" \/>\n<script type=\"application\/ld+json\" class=\"yoast-schema-graph\">{\"@context\":\"https:\\\/\\\/schema.org\",\"@graph\":[{\"@type\":\"WebPage\",\"@id\":\"https:\\\/\\\/prochaska.eu\\\/ro\\\/produs\\\/toro-unitate-de-control-al-irigarii-cronometru-electronic-pentru-robinet-ttt-9v\\\/\",\"url\":\"https:\\\/\\\/prochaska.eu\\\/ro\\\/produs\\\/toro-unitate-de-control-al-irigarii-cronometru-electronic-pentru-robinet-ttt-9v\\\/\",\"name\":\"TORO unitate de control al irig\u0103rii - Cronometru electronic pentru robinet - TTT-9V - Prochaska\",\"isPartOf\":{\"@id\":\"https:\\\/\\\/prochaska.eu\\\/ro\\\/#website\"},\"primaryImageOfPage\":{\"@id\":\"https:\\\/\\\/prochaska.eu\\\/ro\\\/produs\\\/toro-unitate-de-control-al-irigarii-cronometru-electronic-pentru-robinet-ttt-9v\\\/#primaryimage\"},\"image\":{\"@id\":\"https:\\\/\\\/prochaska.eu\\\/ro\\\/produs\\\/toro-unitate-de-control-al-irigarii-cronometru-electronic-pentru-robinet-ttt-9v\\\/#primaryimage\"},\"thumbnailUrl\":\"\",\"datePublished\":\"2017-08-04T14:42:35+00:00\",\"breadcrumb\":{\"@id\":\"https:\\\/\\\/prochaska.eu\\\/ro\\\/produs\\\/toro-unitate-de-control-al-irigarii-cronometru-electronic-pentru-robinet-ttt-9v\\\/#breadcrumb\"},\"inLanguage\":\"ro-RO\",\"potentialAction\":[{\"@type\":\"ReadAction\",\"target\":[\"https:\\\/\\\/prochaska.eu\\\/ro\\\/produs\\\/toro-unitate-de-control-al-irigarii-cronometru-electronic-pentru-robinet-ttt-9v\\\/\"]}]},{\"@type\":\"ImageObject\",\"inLanguage\":\"ro-RO\",\"@id\":\"https:\\\/\\\/prochaska.eu\\\/ro\\\/produs\\\/toro-unitate-de-control-al-irigarii-cronometru-electronic-pentru-robinet-ttt-9v\\\/#primaryimage\",\"url\":\"\",\"contentUrl\":\"\"},{\"@type\":\"BreadcrumbList\",\"@id\":\"https:\\\/\\\/prochaska.eu\\\/ro\\\/produs\\\/toro-unitate-de-control-al-irigarii-cronometru-electronic-pentru-robinet-ttt-9v\\\/#breadcrumb\",\"itemListElement\":[{\"@type\":\"ListItem\",\"position\":1,\"name\":\"Home\",\"item\":\"https:\\\/\\\/prochaska.eu\\\/ro\\\/\"},{\"@type\":\"ListItem\",\"position\":2,\"name\":\"Shop\",\"item\":\"https:\\\/\\\/prochaska.eu\\\/ro\\\/shop\\\/\"},{\"@type\":\"ListItem\",\"position\":3,\"name\":\"TORO unitate de control al irig\u0103rii &#8211; Cronometru electronic pentru robinet &#8211; TTT-9V\"}]},{\"@type\":\"WebSite\",\"@id\":\"https:\\\/\\\/prochaska.eu\\\/ro\\\/#website\",\"url\":\"https:\\\/\\\/prochaska.eu\\\/ro\\\/\",\"name\":\"Prochaska\",\"description\":\"Spezialist f\u00fcr Pflege von Gr\u00fcnfl\u00e4chen\",\"publisher\":{\"@id\":\"https:\\\/\\\/prochaska.eu\\\/ro\\\/#organization\"},\"potentialAction\":[{\"@type\":\"SearchAction\",\"target\":{\"@type\":\"EntryPoint\",\"urlTemplate\":\"https:\\\/\\\/prochaska.eu\\\/ro\\\/?s={search_term_string}\"},\"query-input\":{\"@type\":\"PropertyValueSpecification\",\"valueRequired\":true,\"valueName\":\"search_term_string\"}}],\"inLanguage\":\"ro-RO\"},{\"@type\":\"Organization\",\"@id\":\"https:\\\/\\\/prochaska.eu\\\/ro\\\/#organization\",\"name\":\"Prochaska\",\"url\":\"https:\\\/\\\/prochaska.eu\\\/ro\\\/\",\"logo\":{\"@type\":\"ImageObject\",\"inLanguage\":\"ro-RO\",\"@id\":\"https:\\\/\\\/prochaska.eu\\\/ro\\\/#\\\/schema\\\/logo\\\/image\\\/\",\"url\":\"https:\\\/\\\/prochaska.eu\\\/wp-content\\\/uploads\\\/2024\\\/04\\\/Prochaska_Logo_Black-1.png\",\"contentUrl\":\"https:\\\/\\\/prochaska.eu\\\/wp-content\\\/uploads\\\/2024\\\/04\\\/Prochaska_Logo_Black-1.png\",\"width\":796,\"height\":236,\"caption\":\"Prochaska\"},\"image\":{\"@id\":\"https:\\\/\\\/prochaska.eu\\\/ro\\\/#\\\/schema\\\/logo\\\/image\\\/\"},\"sameAs\":[\"https:\\\/\\\/www.facebook.com\\\/prochaska.eu\\\/\",\"https:\\\/\\\/www.instagram.com\\\/prochaska.eu\\\/\",\"https:\\\/\\\/www.linkedin.com\\\/company\\\/prochaska-handels-gmbh\"]}]}<\/script>\n<!-- \/ Yoast SEO plugin. -->","yoast_head_json":{"title":"TORO unitate de control al irig\u0103rii - Cronometru electronic pentru robinet - TTT-9V - Prochaska","robots":{"index":"index","follow":"follow","max-snippet":"max-snippet:-1","max-image-preview":"max-image-preview:large","max-video-preview":"max-video-preview:-1"},"canonical":"https:\/\/prochaska.eu\/ro\/produs\/toro-unitate-de-control-al-irigarii-cronometru-electronic-pentru-robinet-ttt-9v\/","og_locale":"ro_RO","og_type":"article","og_title":"TORO unitate de control al irig\u0103rii - Cronometru electronic pentru robinet - TTT-9V - Prochaska","og_description":"Cronometrul electronic Tap Timer este un cronometru electronic de irigare durabil, care func\u021bioneaz\u0103 pe baterii, de la Toro.","og_url":"https:\/\/prochaska.eu\/ro\/produs\/toro-unitate-de-control-al-irigarii-cronometru-electronic-pentru-robinet-ttt-9v\/","og_site_name":"Prochaska","article_publisher":"https:\/\/www.facebook.com\/prochaska.eu\/","twitter_card":"summary_large_image","twitter_misc":{"Timp estimat pentru citire":"2 minute"},"schema":{"@context":"https:\/\/schema.org","@graph":[{"@type":"WebPage","@id":"https:\/\/prochaska.eu\/ro\/produs\/toro-unitate-de-control-al-irigarii-cronometru-electronic-pentru-robinet-ttt-9v\/","url":"https:\/\/prochaska.eu\/ro\/produs\/toro-unitate-de-control-al-irigarii-cronometru-electronic-pentru-robinet-ttt-9v\/","name":"TORO unitate de control al irig\u0103rii - Cronometru electronic pentru robinet - TTT-9V - Prochaska","isPartOf":{"@id":"https:\/\/prochaska.eu\/ro\/#website"},"primaryImageOfPage":{"@id":"https:\/\/prochaska.eu\/ro\/produs\/toro-unitate-de-control-al-irigarii-cronometru-electronic-pentru-robinet-ttt-9v\/#primaryimage"},"image":{"@id":"https:\/\/prochaska.eu\/ro\/produs\/toro-unitate-de-control-al-irigarii-cronometru-electronic-pentru-robinet-ttt-9v\/#primaryimage"},"thumbnailUrl":"","datePublished":"2017-08-04T14:42:35+00:00","breadcrumb":{"@id":"https:\/\/prochaska.eu\/ro\/produs\/toro-unitate-de-control-al-irigarii-cronometru-electronic-pentru-robinet-ttt-9v\/#breadcrumb"},"inLanguage":"ro-RO","potentialAction":[{"@type":"ReadAction","target":["https:\/\/prochaska.eu\/ro\/produs\/toro-unitate-de-control-al-irigarii-cronometru-electronic-pentru-robinet-ttt-9v\/"]}]},{"@type":"ImageObject","inLanguage":"ro-RO","@id":"https:\/\/prochaska.eu\/ro\/produs\/toro-unitate-de-control-al-irigarii-cronometru-electronic-pentru-robinet-ttt-9v\/#primaryimage","url":"","contentUrl":""},{"@type":"BreadcrumbList","@id":"https:\/\/prochaska.eu\/ro\/produs\/toro-unitate-de-control-al-irigarii-cronometru-electronic-pentru-robinet-ttt-9v\/#breadcrumb","itemListElement":[{"@type":"ListItem","position":1,"name":"Home","item":"https:\/\/prochaska.eu\/ro\/"},{"@type":"ListItem","position":2,"name":"Shop","item":"https:\/\/prochaska.eu\/ro\/shop\/"},{"@type":"ListItem","position":3,"name":"TORO unitate de control al irig\u0103rii &#8211; Cronometru electronic pentru robinet &#8211; TTT-9V"}]},{"@type":"WebSite","@id":"https:\/\/prochaska.eu\/ro\/#website","url":"https:\/\/prochaska.eu\/ro\/","name":"Prochaska","description":"Spezialist f\u00fcr Pflege von Gr\u00fcnfl\u00e4chen","publisher":{"@id":"https:\/\/prochaska.eu\/ro\/#organization"},"potentialAction":[{"@type":"SearchAction","target":{"@type":"EntryPoint","urlTemplate":"https:\/\/prochaska.eu\/ro\/?s={search_term_string}"},"query-input":{"@type":"PropertyValueSpecification","valueRequired":true,"valueName":"search_term_string"}}],"inLanguage":"ro-RO"},{"@type":"Organization","@id":"https:\/\/prochaska.eu\/ro\/#organization","name":"Prochaska","url":"https:\/\/prochaska.eu\/ro\/","logo":{"@type":"ImageObject","inLanguage":"ro-RO","@id":"https:\/\/prochaska.eu\/ro\/#\/schema\/logo\/image\/","url":"https:\/\/prochaska.eu\/wp-content\/uploads\/2024\/04\/Prochaska_Logo_Black-1.png","contentUrl":"https:\/\/prochaska.eu\/wp-content\/uploads\/2024\/04\/Prochaska_Logo_Black-1.png","width":796,"height":236,"caption":"Prochaska"},"image":{"@id":"https:\/\/prochaska.eu\/ro\/#\/schema\/logo\/image\/"},"sameAs":["https:\/\/www.facebook.com\/prochaska.eu\/","https:\/\/www.instagram.com\/prochaska.eu\/","https:\/\/www.linkedin.com\/company\/prochaska-handels-gmbh"]}]}},"brands":[{"id":3073,"name":"Toro","slug":"toro-ro"}],"_links":{"self":[{"href":"https:\/\/prochaska.eu\/ro\/wp-json\/wp\/v2\/product\/25524","targetHints":{"allow":["GET"]}}],"collection":[{"href":"https:\/\/prochaska.eu\/ro\/wp-json\/wp\/v2\/product"}],"about":[{"href":"https:\/\/prochaska.eu\/ro\/wp-json\/wp\/v2\/types\/product"}],"version-history":[{"count":0,"href":"https:\/\/prochaska.eu\/ro\/wp-json\/wp\/v2\/product\/25524\/revisions"}],"wp:featuredmedia":[{"embeddable":true,"href":"https:\/\/prochaska.eu\/ro\/wp-json\/"}],"wp:attachment":[{"href":"https:\/\/prochaska.eu\/ro\/wp-json\/wp\/v2\/media?parent=25524"}],"wp:term":[{"taxonomy":"pwb-brand","embeddable":true,"href":"https:\/\/prochaska.eu\/ro\/wp-json\/wp\/v2\/pwb-brand?post=25524"},{"taxonomy":"product_brand","embeddable":true,"href":"https:\/\/prochaska.eu\/ro\/wp-json\/wp\/v2\/product_brand?post=25524"},{"taxonomy":"product_cat","embeddable":true,"href":"https:\/\/prochaska.eu\/ro\/wp-json\/wp\/v2\/product_cat?post=25524"},{"taxonomy":"product_tag","embeddable":true,"href":"https:\/\/prochaska.eu\/ro\/wp-json\/wp\/v2\/product_tag?post=25524"}],"curies":[{"name":"wp","href":"https:\/\/api.w.org\/{rel}","templated":true}]}}