{"id":25531,"date":"2017-08-04T14:42:37","date_gmt":"2017-08-04T14:42:37","guid":{"rendered":"https:\/\/prochaska.eu\/product\/toro-seria-mini-8\/"},"modified":"2017-08-04T14:42:37","modified_gmt":"2017-08-04T14:42:37","slug":"toro-seria-mini-8","status":"publish","type":"product","link":"https:\/\/prochaska.eu\/ro\/produs\/toro-seria-mini-8\/","title":{"rendered":"Toro Seria Mini 8"},"content":{"rendered":"<p style=\"text-align: left;\">Dac\u0103 distan\u021ba de aruncare nu mai este atins\u0103 \u0219i un aspersor cu angrenaj de dimensiuni normale este prea mult, atunci seria Mini 8 de la Toro\u00ae este preg\u0103tit\u0103. Mini 8 este proiectat pentru zonele greu de acoperit \u00eentre 6,1 m (20&#8242;) \u0219i 10,7 m (35&#8242;); este rentabil \u0219i economise\u0219te ap\u0103.<\/p>\n<h2 style=\"text-align: left;\">Caracteristici \u0219i beneficii<\/h2>\n<ul style=\"text-align: left;\">\n<li>Afi\u0219area sectorului \u00een partea de sus: Reglare simpl\u0103 de la 40\u00b0 la 360\u00b0 cu confirmarea vizual\u0103 a sectorului modificat prin citirea sc\u0103rii.<\/li>\n<li>\u0218urub de reglare din o\u021bel inoxidabil pentru distan\u021ba de aruncare: permite o reducere de p\u00e2n\u0103 la 25 %.<\/li>\n<li>Sigiliu activat prin presiune: Sigiliul \u0219i mecanismul robust de declan\u0219are ofer\u0103 fiabilitate sporit\u0103.<\/li>\n<li>\u00cen\u0103l\u021bime cu clichet: Reglarea simpl\u0103 a \u00een\u0103l\u021bimii \u0219i a opritorului fix din st\u00e2nga \u00een pozi\u021bia dorit\u0103.<\/li>\n<li>Cinci duze interschimbabile: Pentru diferite debite \u0219i distan\u021be de aruncare (duza 1,5 este preinstalat\u0103)<\/li>\n<li>Cerc par\u021bial \u0219i complet \u00eentr-un singur aspersor: Acest lucru este convenabil \u0219i reduce num\u0103rul de aspersoare \u00een stoc.<\/li>\n<\/ul>\n<p>Informa\u021bii suplimentare pot fi g\u0103site \u00een fi\u0219a informativ\u0103 Toro &#8211; <a href=\"https:\/\/www.prochaska.eu\/wp-content\/uploads\/2021\/01\/Mini-8-Series_sell-sheet_gb.pdf\">Aspersoare din seria Mini 8<\/a>.<\/p>\n<h2 style=\"text-align: left;\">Date tehnice<\/h2>\n<ul style=\"text-align: left;\">\n<li>\u00cen\u0103l\u021bimea carcasei: 150 mm (6&#8243;)<\/li>\n<li>\u00cen\u0103l\u021bime ascendent\u0103 p\u00e2n\u0103 la duz\u0103: 95 mm (3\u00be&#8221;)<\/li>\n<li>Diametru expus: 45 mm (1\u00be&#8221;)<\/li>\n<li>Diametrul capacului: 57 mm (2\u00bc&#8221;)<\/li>\n<li>Intrare: Filet feminin (13 mm, 1\u20442&#8243;)<\/li>\n<li>Distan\u021ba de aruncare: 6,1-10,7 m (20&#8242;-35&#8242;)<\/li>\n<li>Intervalul presiunii de lucru: 2,0 p\u00e2n\u0103 la 4,1 bar (30 p\u00e2n\u0103 la 60 psi)<\/li>\n<li>Debit: 3,0 p\u00e2n\u0103 la 12,9 l\/min (0,80 p\u00e2n\u0103 la 3,40 GPM)<\/li>\n<li>Unghi de evacuare: 25\u00b0<\/li>\n<\/ul>\n<h2 style=\"text-align: left;\">Lista modelelor<\/h2>\n<ul style=\"text-align: left;\">\n<li>MINI8-4P: Mini aspersor cu 8 pinioane, 100 mm, aspersor pop-up (PU 25)<\/li>\n<\/ul>\n<h2 style=\"text-align: left;\">Accesorii<\/h2>\n<p>V\u0103 rug\u0103m s\u0103 contacta\u021bi <a href=\"https:\/\/www.prochaska.eu\/ueber-uns\/team\/\">echipa<\/a> noastr\u0103 de <a href=\"https:\/\/www.prochaska.eu\/ueber-uns\/team\/\">iriga\u021bii<\/a> dac\u0103 ave\u021bi \u00eentreb\u0103ri cu privire la accesorii.<\/p>\n<ul>\n<li style=\"text-align: left;\">301630 Supap\u0103 de protec\u021bie la ie\u0219ire (clapet\u0103 de re\u021binere)<\/li>\n<li style=\"text-align: left;\">100512 Cheie de asamblare pentru Mini 8<\/li>\n<\/ul>\n","protected":false},"excerpt":{"rendered":"<p>Aspersorul cu cutie de viteze Mini 8 este proiectat pentru zonele care sunt dificil de acoperit. Este rentabil \u0219i economise\u0219te ap\u0103.<\/p>\n","protected":false},"featured_media":27088,"template":"","meta":[],"pwb-brand":[3073],"product_brand":[],"product_cat":[2522,2486],"product_tag":[],"class_list":{"0":"post-25531","1":"product","2":"type-product","3":"status-publish","4":"has-post-thumbnail","6":"pwb-brand-toro-ro","7":"product_cat-aspersor-cu-cutie-de-viteze","8":"product_cat-irigare-ro","10":"first","11":"instock","12":"taxable","13":"shipping-taxable","14":"product-type-simple"},"yoast_head":"<!-- This site is optimized with the Yoast SEO plugin v27.4 - https:\/\/yoast.com\/product\/yoast-seo-wordpress\/ -->\n<title>Toro Seria Mini 8 - Prochaska<\/title>\n<meta name=\"robots\" content=\"index, follow, max-snippet:-1, max-image-preview:large, max-video-preview:-1\" \/>\n<link rel=\"canonical\" href=\"https:\/\/prochaska.eu\/ro\/produs\/toro-seria-mini-8\/\" \/>\n<meta property=\"og:locale\" content=\"ro_RO\" \/>\n<meta property=\"og:type\" content=\"article\" \/>\n<meta property=\"og:title\" content=\"Toro Seria Mini 8 - Prochaska\" \/>\n<meta property=\"og:description\" content=\"Aspersorul cu cutie de viteze Mini 8 este proiectat pentru zonele care sunt dificil de acoperit. Este rentabil \u0219i economise\u0219te ap\u0103.\" \/>\n<meta property=\"og:url\" content=\"https:\/\/prochaska.eu\/ro\/produs\/toro-seria-mini-8\/\" \/>\n<meta property=\"og:site_name\" content=\"Prochaska\" \/>\n<meta property=\"article:publisher\" content=\"https:\/\/www.facebook.com\/prochaska.eu\/\" \/>\n<meta name=\"twitter:card\" content=\"summary_large_image\" \/>\n<meta name=\"twitter:label1\" content=\"Timp estimat pentru citire\" \/>\n\t<meta name=\"twitter:data1\" content=\"1 minut\" \/>\n<script type=\"application\/ld+json\" class=\"yoast-schema-graph\">{\"@context\":\"https:\\\/\\\/schema.org\",\"@graph\":[{\"@type\":\"WebPage\",\"@id\":\"https:\\\/\\\/prochaska.eu\\\/ro\\\/produs\\\/toro-seria-mini-8\\\/\",\"url\":\"https:\\\/\\\/prochaska.eu\\\/ro\\\/produs\\\/toro-seria-mini-8\\\/\",\"name\":\"Toro Seria Mini 8 - Prochaska\",\"isPartOf\":{\"@id\":\"https:\\\/\\\/prochaska.eu\\\/ro\\\/#website\"},\"primaryImageOfPage\":{\"@id\":\"https:\\\/\\\/prochaska.eu\\\/ro\\\/produs\\\/toro-seria-mini-8\\\/#primaryimage\"},\"image\":{\"@id\":\"https:\\\/\\\/prochaska.eu\\\/ro\\\/produs\\\/toro-seria-mini-8\\\/#primaryimage\"},\"thumbnailUrl\":\"https:\\\/\\\/prochaska.eu\\\/wp-content\\\/uploads\\\/2017\\\/08\\\/Regner-Serie-Mini-8_1-300x300-1.jpg\",\"datePublished\":\"2017-08-04T14:42:37+00:00\",\"breadcrumb\":{\"@id\":\"https:\\\/\\\/prochaska.eu\\\/ro\\\/produs\\\/toro-seria-mini-8\\\/#breadcrumb\"},\"inLanguage\":\"ro-RO\",\"potentialAction\":[{\"@type\":\"ReadAction\",\"target\":[\"https:\\\/\\\/prochaska.eu\\\/ro\\\/produs\\\/toro-seria-mini-8\\\/\"]}]},{\"@type\":\"ImageObject\",\"inLanguage\":\"ro-RO\",\"@id\":\"https:\\\/\\\/prochaska.eu\\\/ro\\\/produs\\\/toro-seria-mini-8\\\/#primaryimage\",\"url\":\"https:\\\/\\\/prochaska.eu\\\/wp-content\\\/uploads\\\/2017\\\/08\\\/Regner-Serie-Mini-8_1-300x300-1.jpg\",\"contentUrl\":\"https:\\\/\\\/prochaska.eu\\\/wp-content\\\/uploads\\\/2017\\\/08\\\/Regner-Serie-Mini-8_1-300x300-1.jpg\",\"width\":300,\"height\":300},{\"@type\":\"BreadcrumbList\",\"@id\":\"https:\\\/\\\/prochaska.eu\\\/ro\\\/produs\\\/toro-seria-mini-8\\\/#breadcrumb\",\"itemListElement\":[{\"@type\":\"ListItem\",\"position\":1,\"name\":\"Home\",\"item\":\"https:\\\/\\\/prochaska.eu\\\/ro\\\/\"},{\"@type\":\"ListItem\",\"position\":2,\"name\":\"Shop\",\"item\":\"https:\\\/\\\/prochaska.eu\\\/ro\\\/shop\\\/\"},{\"@type\":\"ListItem\",\"position\":3,\"name\":\"Toro Seria Mini 8\"}]},{\"@type\":\"WebSite\",\"@id\":\"https:\\\/\\\/prochaska.eu\\\/ro\\\/#website\",\"url\":\"https:\\\/\\\/prochaska.eu\\\/ro\\\/\",\"name\":\"Prochaska\",\"description\":\"Spezialist f\u00fcr Pflege von Gr\u00fcnfl\u00e4chen\",\"publisher\":{\"@id\":\"https:\\\/\\\/prochaska.eu\\\/ro\\\/#organization\"},\"potentialAction\":[{\"@type\":\"SearchAction\",\"target\":{\"@type\":\"EntryPoint\",\"urlTemplate\":\"https:\\\/\\\/prochaska.eu\\\/ro\\\/?s={search_term_string}\"},\"query-input\":{\"@type\":\"PropertyValueSpecification\",\"valueRequired\":true,\"valueName\":\"search_term_string\"}}],\"inLanguage\":\"ro-RO\"},{\"@type\":\"Organization\",\"@id\":\"https:\\\/\\\/prochaska.eu\\\/ro\\\/#organization\",\"name\":\"Prochaska\",\"url\":\"https:\\\/\\\/prochaska.eu\\\/ro\\\/\",\"logo\":{\"@type\":\"ImageObject\",\"inLanguage\":\"ro-RO\",\"@id\":\"https:\\\/\\\/prochaska.eu\\\/ro\\\/#\\\/schema\\\/logo\\\/image\\\/\",\"url\":\"https:\\\/\\\/prochaska.eu\\\/wp-content\\\/uploads\\\/2024\\\/04\\\/Prochaska_Logo_Black-1.png\",\"contentUrl\":\"https:\\\/\\\/prochaska.eu\\\/wp-content\\\/uploads\\\/2024\\\/04\\\/Prochaska_Logo_Black-1.png\",\"width\":796,\"height\":236,\"caption\":\"Prochaska\"},\"image\":{\"@id\":\"https:\\\/\\\/prochaska.eu\\\/ro\\\/#\\\/schema\\\/logo\\\/image\\\/\"},\"sameAs\":[\"https:\\\/\\\/www.facebook.com\\\/prochaska.eu\\\/\",\"https:\\\/\\\/www.instagram.com\\\/prochaska.eu\\\/\",\"https:\\\/\\\/www.linkedin.com\\\/company\\\/prochaska-handels-gmbh\"]}]}<\/script>\n<!-- \/ Yoast SEO plugin. -->","yoast_head_json":{"title":"Toro Seria Mini 8 - Prochaska","robots":{"index":"index","follow":"follow","max-snippet":"max-snippet:-1","max-image-preview":"max-image-preview:large","max-video-preview":"max-video-preview:-1"},"canonical":"https:\/\/prochaska.eu\/ro\/produs\/toro-seria-mini-8\/","og_locale":"ro_RO","og_type":"article","og_title":"Toro Seria Mini 8 - Prochaska","og_description":"Aspersorul cu cutie de viteze Mini 8 este proiectat pentru zonele care sunt dificil de acoperit. Este rentabil \u0219i economise\u0219te ap\u0103.","og_url":"https:\/\/prochaska.eu\/ro\/produs\/toro-seria-mini-8\/","og_site_name":"Prochaska","article_publisher":"https:\/\/www.facebook.com\/prochaska.eu\/","twitter_card":"summary_large_image","twitter_misc":{"Timp estimat pentru citire":"1 minut"},"schema":{"@context":"https:\/\/schema.org","@graph":[{"@type":"WebPage","@id":"https:\/\/prochaska.eu\/ro\/produs\/toro-seria-mini-8\/","url":"https:\/\/prochaska.eu\/ro\/produs\/toro-seria-mini-8\/","name":"Toro Seria Mini 8 - Prochaska","isPartOf":{"@id":"https:\/\/prochaska.eu\/ro\/#website"},"primaryImageOfPage":{"@id":"https:\/\/prochaska.eu\/ro\/produs\/toro-seria-mini-8\/#primaryimage"},"image":{"@id":"https:\/\/prochaska.eu\/ro\/produs\/toro-seria-mini-8\/#primaryimage"},"thumbnailUrl":"https:\/\/prochaska.eu\/wp-content\/uploads\/2017\/08\/Regner-Serie-Mini-8_1-300x300-1.jpg","datePublished":"2017-08-04T14:42:37+00:00","breadcrumb":{"@id":"https:\/\/prochaska.eu\/ro\/produs\/toro-seria-mini-8\/#breadcrumb"},"inLanguage":"ro-RO","potentialAction":[{"@type":"ReadAction","target":["https:\/\/prochaska.eu\/ro\/produs\/toro-seria-mini-8\/"]}]},{"@type":"ImageObject","inLanguage":"ro-RO","@id":"https:\/\/prochaska.eu\/ro\/produs\/toro-seria-mini-8\/#primaryimage","url":"https:\/\/prochaska.eu\/wp-content\/uploads\/2017\/08\/Regner-Serie-Mini-8_1-300x300-1.jpg","contentUrl":"https:\/\/prochaska.eu\/wp-content\/uploads\/2017\/08\/Regner-Serie-Mini-8_1-300x300-1.jpg","width":300,"height":300},{"@type":"BreadcrumbList","@id":"https:\/\/prochaska.eu\/ro\/produs\/toro-seria-mini-8\/#breadcrumb","itemListElement":[{"@type":"ListItem","position":1,"name":"Home","item":"https:\/\/prochaska.eu\/ro\/"},{"@type":"ListItem","position":2,"name":"Shop","item":"https:\/\/prochaska.eu\/ro\/shop\/"},{"@type":"ListItem","position":3,"name":"Toro Seria Mini 8"}]},{"@type":"WebSite","@id":"https:\/\/prochaska.eu\/ro\/#website","url":"https:\/\/prochaska.eu\/ro\/","name":"Prochaska","description":"Spezialist f\u00fcr Pflege von Gr\u00fcnfl\u00e4chen","publisher":{"@id":"https:\/\/prochaska.eu\/ro\/#organization"},"potentialAction":[{"@type":"SearchAction","target":{"@type":"EntryPoint","urlTemplate":"https:\/\/prochaska.eu\/ro\/?s={search_term_string}"},"query-input":{"@type":"PropertyValueSpecification","valueRequired":true,"valueName":"search_term_string"}}],"inLanguage":"ro-RO"},{"@type":"Organization","@id":"https:\/\/prochaska.eu\/ro\/#organization","name":"Prochaska","url":"https:\/\/prochaska.eu\/ro\/","logo":{"@type":"ImageObject","inLanguage":"ro-RO","@id":"https:\/\/prochaska.eu\/ro\/#\/schema\/logo\/image\/","url":"https:\/\/prochaska.eu\/wp-content\/uploads\/2024\/04\/Prochaska_Logo_Black-1.png","contentUrl":"https:\/\/prochaska.eu\/wp-content\/uploads\/2024\/04\/Prochaska_Logo_Black-1.png","width":796,"height":236,"caption":"Prochaska"},"image":{"@id":"https:\/\/prochaska.eu\/ro\/#\/schema\/logo\/image\/"},"sameAs":["https:\/\/www.facebook.com\/prochaska.eu\/","https:\/\/www.instagram.com\/prochaska.eu\/","https:\/\/www.linkedin.com\/company\/prochaska-handels-gmbh"]}]}},"brands":[{"id":3073,"name":"Toro","slug":"toro-ro"}],"_links":{"self":[{"href":"https:\/\/prochaska.eu\/ro\/wp-json\/wp\/v2\/product\/25531","targetHints":{"allow":["GET"]}}],"collection":[{"href":"https:\/\/prochaska.eu\/ro\/wp-json\/wp\/v2\/product"}],"about":[{"href":"https:\/\/prochaska.eu\/ro\/wp-json\/wp\/v2\/types\/product"}],"version-history":[{"count":0,"href":"https:\/\/prochaska.eu\/ro\/wp-json\/wp\/v2\/product\/25531\/revisions"}],"wp:featuredmedia":[{"embeddable":true,"href":"https:\/\/prochaska.eu\/ro\/wp-json\/wp\/v2\/media\/27088"}],"wp:attachment":[{"href":"https:\/\/prochaska.eu\/ro\/wp-json\/wp\/v2\/media?parent=25531"}],"wp:term":[{"taxonomy":"pwb-brand","embeddable":true,"href":"https:\/\/prochaska.eu\/ro\/wp-json\/wp\/v2\/pwb-brand?post=25531"},{"taxonomy":"product_brand","embeddable":true,"href":"https:\/\/prochaska.eu\/ro\/wp-json\/wp\/v2\/product_brand?post=25531"},{"taxonomy":"product_cat","embeddable":true,"href":"https:\/\/prochaska.eu\/ro\/wp-json\/wp\/v2\/product_cat?post=25531"},{"taxonomy":"product_tag","embeddable":true,"href":"https:\/\/prochaska.eu\/ro\/wp-json\/wp\/v2\/product_tag?post=25531"}],"curies":[{"name":"wp","href":"https:\/\/api.w.org\/{rel}","templated":true}]}}