{"id":25535,"date":"2017-08-04T14:42:34","date_gmt":"2017-08-04T14:42:34","guid":{"rendered":"https:\/\/prochaska.eu\/product\/toro-cositoare-de-gazon-proline-22291\/"},"modified":"2017-08-04T14:42:34","modified_gmt":"2017-08-04T14:42:34","slug":"toro-cositoare-de-gazon-proline-22291","status":"publish","type":"product","link":"https:\/\/prochaska.eu\/ro\/produs\/toro-cositoare-de-gazon-proline-22291\/","title":{"rendered":"Toro &#8211; Cositoare de gazon &#8211; ProLine &#8211; 22291"},"content":{"rendered":"<p>Cositoarea Recycler ProLine 22291 Heavy-Duty de la Toro are o l\u0103\u021bime de t\u0103iere de 53 cm \u0219i este ac\u021bionat\u0103 automat. Cositoarea are un motor premium Kawasaki FJ180V, pornire zonal\u0103 \u0219i un angrenaj f\u0103r\u0103 \u00eentre\u021binere. Tehnologia de reciclare permite un rezultat de mulcire deosebit de fin \u0219i asigur\u0103 un aport de nutrien\u021bi \u0219i umiditate \u00een sol. Sistemul de control 2-Bail al ma\u0219inii de tuns iarba ofer\u0103 o reglare u\u0219oar\u0103 a vitezei. Rezervorul de combustibil de 3,8 litri economise\u0219te timp \u0219i cre\u0219te productivitatea. Ma\u0219ina de tuns iarba (reciclator) este echipat\u0103 cu o bar\u0103 de t\u0103iere \u0219i un co\u0219 de colectare mare. Cositoarea are ro\u021bi u\u0219oare din copolimer.<\/p>\n<h2>Avantajele produsului<\/h2>\n<ul>\n<li>Motor premium Kawasaki FJ180V<\/li>\n<li>Tehnologia Recycler pentru un rezultat de t\u0103iere fin\u0103, perfect pentru mulcire<\/li>\n<li>Ro\u021bi mari, u\u0219oare, realizate din copolimer<\/li>\n<li>Cablu \u00eenvelit \u00een o\u021bel \u00eempotriva murd\u0103riei \u0219i deterior\u0103rii<\/li>\n<li>Trac\u021biune spate, vitez\u0103 fix\u0103<\/li>\n<li>Unitate de cosit fabricat\u0103 din aluminiu turnat<\/li>\n<li>Volum mare de 77 litri al co\u0219ului de colectare<\/li>\n<\/ul>\n<h2>Accesorii op\u021bionale<\/h2>\n<ul>\n<li>Kit ejec\u021bie spate (130-9734)<\/li>\n<\/ul>\n<p>&nbsp;<\/p>\n<p><iframe title=\"Toro\u00ae Commercial 21&#039; Heavy Duty Walk Behind Mowers\" width=\"800\" height=\"450\" src=\"https:\/\/www.youtube.com\/embed\/AUcnFbCxMSI?feature=oembed\" frameborder=\"0\" allow=\"accelerometer; autoplay; clipboard-write; encrypted-media; gyroscope; picture-in-picture; web-share\" referrerpolicy=\"strict-origin-when-cross-origin\" allowfullscreen><\/iframe><\/p>\n","protected":false},"excerpt":{"rendered":"<p>Ma\u0219ina de tuns iarb\u0103 Toro ProLine 22291 cu carcas\u0103 din aluminiu este potrivit\u0103 pentru aplica\u021bii comerciale, dar \u0219i pentru gr\u0103dini mari.<\/p>\n","protected":false},"featured_media":0,"template":"","meta":[],"pwb-brand":[3073],"product_brand":[],"product_cat":[1535],"product_tag":[],"class_list":{"0":"post-25535","1":"product","2":"type-product","3":"status-publish","5":"pwb-brand-toro-ro","6":"product_cat-pregatirea-solului-ro","8":"first","9":"outofstock","10":"taxable","11":"shipping-taxable","12":"purchasable","13":"product-type-variable"},"yoast_head":"<!-- This site is optimized with the Yoast SEO plugin v27.2 - https:\/\/yoast.com\/product\/yoast-seo-wordpress\/ -->\n<title>Toro - Cositoare de gazon - ProLine - 22291 - Prochaska<\/title>\n<meta name=\"robots\" content=\"index, follow, max-snippet:-1, max-image-preview:large, max-video-preview:-1\" \/>\n<link rel=\"canonical\" href=\"https:\/\/prochaska.eu\/ro\/produs\/toro-cositoare-de-gazon-proline-22291\/\" \/>\n<meta property=\"og:locale\" content=\"ro_RO\" \/>\n<meta property=\"og:type\" content=\"article\" \/>\n<meta property=\"og:title\" content=\"Toro - Cositoare de gazon - ProLine - 22291 - Prochaska\" \/>\n<meta property=\"og:description\" content=\"Ma\u0219ina de tuns iarb\u0103 Toro ProLine 22291 cu carcas\u0103 din aluminiu este potrivit\u0103 pentru aplica\u021bii comerciale, dar \u0219i pentru gr\u0103dini mari.\" \/>\n<meta property=\"og:url\" content=\"https:\/\/prochaska.eu\/ro\/produs\/toro-cositoare-de-gazon-proline-22291\/\" \/>\n<meta property=\"og:site_name\" content=\"Prochaska\" \/>\n<meta property=\"article:publisher\" content=\"https:\/\/www.facebook.com\/prochaska.eu\/\" \/>\n<meta name=\"twitter:card\" content=\"summary_large_image\" \/>\n<meta name=\"twitter:label1\" content=\"Timp estimat pentru citire\" \/>\n\t<meta name=\"twitter:data1\" content=\"1 minut\" \/>\n<script type=\"application\/ld+json\" class=\"yoast-schema-graph\">{\"@context\":\"https:\/\/schema.org\",\"@graph\":[{\"@type\":\"WebPage\",\"@id\":\"https:\/\/prochaska.eu\/ro\/produs\/toro-cositoare-de-gazon-proline-22291\/\",\"url\":\"https:\/\/prochaska.eu\/ro\/produs\/toro-cositoare-de-gazon-proline-22291\/\",\"name\":\"Toro - Cositoare de gazon - ProLine - 22291 - Prochaska\",\"isPartOf\":{\"@id\":\"https:\/\/prochaska.eu\/ro\/#website\"},\"datePublished\":\"2017-08-04T14:42:34+00:00\",\"breadcrumb\":{\"@id\":\"https:\/\/prochaska.eu\/ro\/produs\/toro-cositoare-de-gazon-proline-22291\/#breadcrumb\"},\"inLanguage\":\"ro-RO\",\"potentialAction\":[{\"@type\":\"ReadAction\",\"target\":[\"https:\/\/prochaska.eu\/ro\/produs\/toro-cositoare-de-gazon-proline-22291\/\"]}]},{\"@type\":\"BreadcrumbList\",\"@id\":\"https:\/\/prochaska.eu\/ro\/produs\/toro-cositoare-de-gazon-proline-22291\/#breadcrumb\",\"itemListElement\":[{\"@type\":\"ListItem\",\"position\":1,\"name\":\"Home\",\"item\":\"https:\/\/prochaska.eu\/ro\/\"},{\"@type\":\"ListItem\",\"position\":2,\"name\":\"Shop\",\"item\":\"https:\/\/prochaska.eu\/ro\/shop\/\"},{\"@type\":\"ListItem\",\"position\":3,\"name\":\"Toro &#8211; Cositoare de gazon &#8211; ProLine &#8211; 22291\"}]},{\"@type\":\"WebSite\",\"@id\":\"https:\/\/prochaska.eu\/ro\/#website\",\"url\":\"https:\/\/prochaska.eu\/ro\/\",\"name\":\"Prochaska\",\"description\":\"Spezialist f\u00fcr Pflege von Gr\u00fcnfl\u00e4chen\",\"publisher\":{\"@id\":\"https:\/\/prochaska.eu\/ro\/#organization\"},\"potentialAction\":[{\"@type\":\"SearchAction\",\"target\":{\"@type\":\"EntryPoint\",\"urlTemplate\":\"https:\/\/prochaska.eu\/ro\/?s={search_term_string}\"},\"query-input\":{\"@type\":\"PropertyValueSpecification\",\"valueRequired\":true,\"valueName\":\"search_term_string\"}}],\"inLanguage\":\"ro-RO\"},{\"@type\":\"Organization\",\"@id\":\"https:\/\/prochaska.eu\/ro\/#organization\",\"name\":\"Prochaska\",\"url\":\"https:\/\/prochaska.eu\/ro\/\",\"logo\":{\"@type\":\"ImageObject\",\"inLanguage\":\"ro-RO\",\"@id\":\"https:\/\/prochaska.eu\/ro\/#\/schema\/logo\/image\/\",\"url\":\"https:\/\/prochaska.eu\/wp-content\/uploads\/2024\/04\/Prochaska_Logo_Black-1.png\",\"contentUrl\":\"https:\/\/prochaska.eu\/wp-content\/uploads\/2024\/04\/Prochaska_Logo_Black-1.png\",\"width\":796,\"height\":236,\"caption\":\"Prochaska\"},\"image\":{\"@id\":\"https:\/\/prochaska.eu\/ro\/#\/schema\/logo\/image\/\"},\"sameAs\":[\"https:\/\/www.facebook.com\/prochaska.eu\/\",\"https:\/\/www.instagram.com\/prochaska.eu\/\",\"https:\/\/www.linkedin.com\/company\/prochaska-handels-gmbh\"]}]}<\/script>\n<!-- \/ Yoast SEO plugin. -->","yoast_head_json":{"title":"Toro - Cositoare de gazon - ProLine - 22291 - Prochaska","robots":{"index":"index","follow":"follow","max-snippet":"max-snippet:-1","max-image-preview":"max-image-preview:large","max-video-preview":"max-video-preview:-1"},"canonical":"https:\/\/prochaska.eu\/ro\/produs\/toro-cositoare-de-gazon-proline-22291\/","og_locale":"ro_RO","og_type":"article","og_title":"Toro - Cositoare de gazon - ProLine - 22291 - Prochaska","og_description":"Ma\u0219ina de tuns iarb\u0103 Toro ProLine 22291 cu carcas\u0103 din aluminiu este potrivit\u0103 pentru aplica\u021bii comerciale, dar \u0219i pentru gr\u0103dini mari.","og_url":"https:\/\/prochaska.eu\/ro\/produs\/toro-cositoare-de-gazon-proline-22291\/","og_site_name":"Prochaska","article_publisher":"https:\/\/www.facebook.com\/prochaska.eu\/","twitter_card":"summary_large_image","twitter_misc":{"Timp estimat pentru citire":"1 minut"},"schema":{"@context":"https:\/\/schema.org","@graph":[{"@type":"WebPage","@id":"https:\/\/prochaska.eu\/ro\/produs\/toro-cositoare-de-gazon-proline-22291\/","url":"https:\/\/prochaska.eu\/ro\/produs\/toro-cositoare-de-gazon-proline-22291\/","name":"Toro - Cositoare de gazon - ProLine - 22291 - Prochaska","isPartOf":{"@id":"https:\/\/prochaska.eu\/ro\/#website"},"datePublished":"2017-08-04T14:42:34+00:00","breadcrumb":{"@id":"https:\/\/prochaska.eu\/ro\/produs\/toro-cositoare-de-gazon-proline-22291\/#breadcrumb"},"inLanguage":"ro-RO","potentialAction":[{"@type":"ReadAction","target":["https:\/\/prochaska.eu\/ro\/produs\/toro-cositoare-de-gazon-proline-22291\/"]}]},{"@type":"BreadcrumbList","@id":"https:\/\/prochaska.eu\/ro\/produs\/toro-cositoare-de-gazon-proline-22291\/#breadcrumb","itemListElement":[{"@type":"ListItem","position":1,"name":"Home","item":"https:\/\/prochaska.eu\/ro\/"},{"@type":"ListItem","position":2,"name":"Shop","item":"https:\/\/prochaska.eu\/ro\/shop\/"},{"@type":"ListItem","position":3,"name":"Toro &#8211; Cositoare de gazon &#8211; ProLine &#8211; 22291"}]},{"@type":"WebSite","@id":"https:\/\/prochaska.eu\/ro\/#website","url":"https:\/\/prochaska.eu\/ro\/","name":"Prochaska","description":"Spezialist f\u00fcr Pflege von Gr\u00fcnfl\u00e4chen","publisher":{"@id":"https:\/\/prochaska.eu\/ro\/#organization"},"potentialAction":[{"@type":"SearchAction","target":{"@type":"EntryPoint","urlTemplate":"https:\/\/prochaska.eu\/ro\/?s={search_term_string}"},"query-input":{"@type":"PropertyValueSpecification","valueRequired":true,"valueName":"search_term_string"}}],"inLanguage":"ro-RO"},{"@type":"Organization","@id":"https:\/\/prochaska.eu\/ro\/#organization","name":"Prochaska","url":"https:\/\/prochaska.eu\/ro\/","logo":{"@type":"ImageObject","inLanguage":"ro-RO","@id":"https:\/\/prochaska.eu\/ro\/#\/schema\/logo\/image\/","url":"https:\/\/prochaska.eu\/wp-content\/uploads\/2024\/04\/Prochaska_Logo_Black-1.png","contentUrl":"https:\/\/prochaska.eu\/wp-content\/uploads\/2024\/04\/Prochaska_Logo_Black-1.png","width":796,"height":236,"caption":"Prochaska"},"image":{"@id":"https:\/\/prochaska.eu\/ro\/#\/schema\/logo\/image\/"},"sameAs":["https:\/\/www.facebook.com\/prochaska.eu\/","https:\/\/www.instagram.com\/prochaska.eu\/","https:\/\/www.linkedin.com\/company\/prochaska-handels-gmbh"]}]}},"brands":[{"id":3073,"name":"Toro","slug":"toro-ro"}],"_links":{"self":[{"href":"https:\/\/prochaska.eu\/ro\/wp-json\/wp\/v2\/product\/25535","targetHints":{"allow":["GET"]}}],"collection":[{"href":"https:\/\/prochaska.eu\/ro\/wp-json\/wp\/v2\/product"}],"about":[{"href":"https:\/\/prochaska.eu\/ro\/wp-json\/wp\/v2\/types\/product"}],"version-history":[{"count":0,"href":"https:\/\/prochaska.eu\/ro\/wp-json\/wp\/v2\/product\/25535\/revisions"}],"wp:attachment":[{"href":"https:\/\/prochaska.eu\/ro\/wp-json\/wp\/v2\/media?parent=25535"}],"wp:term":[{"taxonomy":"pwb-brand","embeddable":true,"href":"https:\/\/prochaska.eu\/ro\/wp-json\/wp\/v2\/pwb-brand?post=25535"},{"taxonomy":"product_brand","embeddable":true,"href":"https:\/\/prochaska.eu\/ro\/wp-json\/wp\/v2\/product_brand?post=25535"},{"taxonomy":"product_cat","embeddable":true,"href":"https:\/\/prochaska.eu\/ro\/wp-json\/wp\/v2\/product_cat?post=25535"},{"taxonomy":"product_tag","embeddable":true,"href":"https:\/\/prochaska.eu\/ro\/wp-json\/wp\/v2\/product_tag?post=25535"}],"curies":[{"name":"wp","href":"https:\/\/api.w.org\/{rel}","templated":true}]}}