{"id":25536,"date":"2017-08-04T14:42:36","date_gmt":"2017-08-04T14:42:36","guid":{"rendered":"https:\/\/prochaska.eu\/product\/toro-unitati-de-control-tmc-424e\/"},"modified":"2017-08-04T14:42:36","modified_gmt":"2017-08-04T14:42:36","slug":"toro-unitati-de-control-tmc-424e","status":"publish","type":"product","link":"https:\/\/prochaska.eu\/ro\/produs\/toro-unitati-de-control-tmc-424e\/","title":{"rendered":"Toro &#8211; Unit\u0103\u021bi de control &#8211; TMC-424E"},"content":{"rendered":"<p>Seria TMC-424E duce modularitatea la un nivel cu totul nou. Tehnologia modular\u0103 avansat\u0103 de la Toro combin\u0103 caracteristicile avansate cu operarea simpl\u0103 \u00eentr-o unitate de control personalizabil\u0103.<\/p>\n<h2><strong>Caracteristici \u0219i beneficii<\/strong><\/h2>\n<h3><strong>Num\u0103r modular de sta\u021bii<br \/>\n<\/strong><\/h3>\n<p>Num\u0103r modular de sta\u021bii de la 4 la 24 de sta\u021bii cu module cu 4 sau 8 sta\u021bii pentru flexibilitate.<\/p>\n<h3><strong>Dou\u0103 niveluri de protec\u021bie la tensiune<br \/>\n<\/strong><\/h3>\n<p>Module cu protec\u021bie la tensiune normal\u0103 sau \u00eenalt\u0103 pentru a respecta reglement\u0103rile locale privind tr\u0103snetele.<\/p>\n<h3><strong>Detectarea debitului<br \/>\n<\/strong><\/h3>\n<p>Monitorizarea \u0219i reac\u021bionarea la scurgeri sau rupturi \u00een sistem.<\/p>\n<h3><strong>Maximum 4 conexiuni pentru supapa principal\u0103 sau pentru pornirea pompei<br \/>\n<\/strong><\/h3>\n<p>Posibilitatea conect\u0103rii a maximum patru relee de pornire a supapei principale sau a pompei cu modulele TSM-4F sau TSM-8F.<\/p>\n<h3><strong>Timp de execu\u021bie \u00een minute sau secunde<br \/>\n<\/strong><\/h3>\n<p>Timpii de func\u021bionare mai mici de un minut permit irigarea eficient\u0103 a ghivecelor de flori, a ciclurilor de pulverizare, a pepinierelor sau a ciclurilor cu ace.<\/p>\n<h3><strong>Programare la distan\u021b\u0103<br \/>\n<\/strong><\/h3>\n<p>Mecanismul de temporizare deta\u0219abil poate fi alimentat de o baterie de 9 vol\u021bi \u0219i permite programarea simpl\u0103 \u0219i convenabil\u0103 de la distan\u021b\u0103.<\/p>\n<h2>Date tehnice<\/h2>\n<p><strong>Dimensiuni: <\/strong>273 W x 260 H x 117 mm D (10\u00be&#8221; x 10\u00bc&#8221; x 45\u20448&#8243;)<\/p>\n<p><strong>Greutate:<\/strong> utilizare \u00een interior &#8211; 3,4 kg; utilizare \u00een exterior 3,2 kg<\/p>\n<h3><strong>Date electrice<\/strong><\/h3>\n<ul>\n<li><strong>Intrare:<\/strong><br \/>\n120 V curent alternativ, 60 Hz sau 220\/240 V curent alternativ, 50 Hz<br \/>\n30 W (transformator plug-in intern \u0219i extern)<br \/>\nUL, CUL enumerate<\/li>\n<li><strong>Puterea de ie\u0219ire a sta\u021biei:<\/strong><br \/>\nCurent alternativ de 24 vol\u021bi<br \/>\n0,50 A pe sta\u021bie (maxim)<br \/>\n0,50 A Pomp\u0103\/robinet principal<br \/>\n1,20 A Sarcina total\u0103<\/li>\n<li><strong>Protec\u021bie la supratensiune:<\/strong><br \/>\nStandard &#8211; 6,0 KV mod neutru, 600 V mod normal<br \/>\nProtec\u021bie la \u00eenalt\u0103 tensiune &#8211; 6,0 KV mod neutru, 6,0 KV mod normal<\/li>\n<\/ul>\n<h3><strong>T<\/strong><strong>ecifica\u021bii tehnice \u0219i caracteristici<\/strong><\/h3>\n<ul>\n<li>Patru programe cu un total de 16 ore de \u00eencepere<\/li>\n<li><strong>Trei selec\u021bii de planificare<\/strong><br \/>\nCalendar de 7 zile<br \/>\nInterval de la 1 la 31 de zile cu excludere zilnic\u0103<br \/>\nZile pare\/impar cu excludere zilnic\u0103<\/li>\n<li>Durata de func\u021bionare a sta\u021biei \u00een minute sau secunde<\/li>\n<li>Temporizare programabil\u0103 a desc\u0103rc\u0103rii pu\u021bului sau a sta\u021biei de la 1 la 60 de secunde sau de la 1 la 60 de minute<\/li>\n<li>Pornirea pompei sau supapa principal\u0103 este setat\u0103 \u00een func\u021bie de program \u0219i sta\u021bie<\/li>\n<li>Executarea simultan\u0103 a maximum trei programe<\/li>\n<li>\u00cent\u00e2rziere a irig\u0103rii de la una la 14 zile \u0219i buget de ap\u0103 de la 0 la 200 % \u00een trepte de 10 %<\/li>\n<li>Modulele sta\u021biei pot fi \u00eenlocuite f\u0103r\u0103 \u00eentreruperea func\u021bion\u0103rii<\/li>\n<li>Rezuma\u021bi rapid informa\u021biile despre program cu ajutorul func\u021biei de rezumat<\/li>\n<li>Detectarea scurtcircuitului pentru o depanare mai rapid\u0103<\/li>\n<li>Test de supap\u0103 pentru testarea rapid\u0103 a sistemului<\/li>\n<li>Multilingvism (englez\u0103, spaniol\u0103, francez\u0103, italian\u0103, german\u0103 \u0219i portughez\u0103)<\/li>\n<li>\u0218tergerea programului<\/li>\n<li>Ceas \u00een timp real \u00een format de 12 ore sau 24 de ore<\/li>\n<li>Memorie permanent\u0103<\/li>\n<\/ul>\n<h2><strong>Accesorii suplimentare<\/strong><\/h2>\n<ul>\n<li>Tri-Comm\u2122 &#8211; management de la distan\u021b\u0103 bazat pe web<\/li>\n<li>TRS &#8211; senzor de ploaie cu fir<\/li>\n<li>53853 &#8211; Senzor de ploaie\/\u00eenghe\u021b cu fir<\/li>\n<li>TWRS\/TWRFS &#8211; senzor wireless de ploaie sau senzor wireless de ploaie\/\u00eenghe\u021b<\/li>\n<li>TMR-1 &#8211; Management la distan\u021b\u0103<\/li>\n<li>TFS &#8211; Senzor de debit<\/li>\n<\/ul>\n<h2><strong>Seria TMC-424E Lista modelelor<\/strong><\/h2>\n<p>TMC-424E-ID-50H*: Modular, utilizare \u00een interior, 220 Volt curent alternativ, 50 Hz<\/p>\n<p>TMC-424E-OD-50H*: Modular, utilizare \u00een exterior, 220 Volt curent alternativ, 50 Hz<\/p>\n<p>[note]* Modelele de baz\u0103 au un TSM-4 (modul cu 4 sta\u021bii)[\/note]<\/p>\n<h3>Module de sta\u021bii &#8211; modelul de baz\u0103 are 4 sta\u021bii<\/h3>\n<p>TSM-4: 4 sta\u021bii, modul de extensie<\/p>\n<p>TSM-4H: 4 sta\u021bii, modul de extensie, protec\u021bie de \u00eenalt\u0103 tensiune<\/p>\n<p>TSM-4F: 4 sta\u021bii, modul de extensie, detectarea debitului<\/p>\n<p>TSM 8: 8 sta\u021bii, modul de extensie<\/p>\n<p>TSM-8H: 8 sta\u021bii, modul de extensie, protec\u021bie de \u00eenalt\u0103 tensiune<\/p>\n<p>TSM-8F: 8 sta\u021bii, modul de extensie, detectarea debitului<\/p>\n","protected":false},"excerpt":{"rendered":"<p>Tehnologia modular\u0103 avansat\u0103 a seriei TMC-424E permite func\u021bii avansate cu operare simpl\u0103.<\/p>\n","protected":false},"featured_media":536,"template":"","meta":[],"pwb-brand":[3073],"product_brand":[],"product_cat":[2486,2490],"product_tag":[],"class_list":{"0":"post-25536","1":"product","2":"type-product","3":"status-publish","4":"has-post-thumbnail","6":"pwb-brand-toro-ro","7":"product_cat-irigare-ro","8":"product_cat-unitati-de-control","10":"first","11":"instock","12":"taxable","13":"shipping-taxable","14":"product-type-variable"},"yoast_head":"<!-- This site is optimized with the Yoast SEO plugin v27.4 - https:\/\/yoast.com\/product\/yoast-seo-wordpress\/ -->\n<title>Toro - Unit\u0103\u021bi de control - TMC-424E - Prochaska<\/title>\n<meta name=\"robots\" content=\"index, follow, max-snippet:-1, max-image-preview:large, max-video-preview:-1\" \/>\n<link rel=\"canonical\" href=\"https:\/\/prochaska.eu\/ro\/produs\/toro-unitati-de-control-tmc-424e\/\" \/>\n<meta property=\"og:locale\" content=\"ro_RO\" \/>\n<meta property=\"og:type\" content=\"article\" \/>\n<meta property=\"og:title\" content=\"Toro - Unit\u0103\u021bi de control - TMC-424E - Prochaska\" \/>\n<meta property=\"og:description\" content=\"Tehnologia modular\u0103 avansat\u0103 a seriei TMC-424E permite func\u021bii avansate cu operare simpl\u0103.\" \/>\n<meta property=\"og:url\" content=\"https:\/\/prochaska.eu\/ro\/produs\/toro-unitati-de-control-tmc-424e\/\" \/>\n<meta property=\"og:site_name\" content=\"Prochaska\" \/>\n<meta property=\"article:publisher\" content=\"https:\/\/www.facebook.com\/prochaska.eu\/\" \/>\n<meta name=\"twitter:card\" content=\"summary_large_image\" \/>\n<meta name=\"twitter:label1\" content=\"Timp estimat pentru citire\" \/>\n\t<meta name=\"twitter:data1\" content=\"3 minute\" \/>\n<script type=\"application\/ld+json\" class=\"yoast-schema-graph\">{\"@context\":\"https:\\\/\\\/schema.org\",\"@graph\":[{\"@type\":\"WebPage\",\"@id\":\"https:\\\/\\\/prochaska.eu\\\/ro\\\/produs\\\/toro-unitati-de-control-tmc-424e\\\/\",\"url\":\"https:\\\/\\\/prochaska.eu\\\/ro\\\/produs\\\/toro-unitati-de-control-tmc-424e\\\/\",\"name\":\"Toro - Unit\u0103\u021bi de control - TMC-424E - Prochaska\",\"isPartOf\":{\"@id\":\"https:\\\/\\\/prochaska.eu\\\/ro\\\/#website\"},\"primaryImageOfPage\":{\"@id\":\"https:\\\/\\\/prochaska.eu\\\/ro\\\/produs\\\/toro-unitati-de-control-tmc-424e\\\/#primaryimage\"},\"image\":{\"@id\":\"https:\\\/\\\/prochaska.eu\\\/ro\\\/produs\\\/toro-unitati-de-control-tmc-424e\\\/#primaryimage\"},\"thumbnailUrl\":\"\",\"datePublished\":\"2017-08-04T14:42:36+00:00\",\"breadcrumb\":{\"@id\":\"https:\\\/\\\/prochaska.eu\\\/ro\\\/produs\\\/toro-unitati-de-control-tmc-424e\\\/#breadcrumb\"},\"inLanguage\":\"ro-RO\",\"potentialAction\":[{\"@type\":\"ReadAction\",\"target\":[\"https:\\\/\\\/prochaska.eu\\\/ro\\\/produs\\\/toro-unitati-de-control-tmc-424e\\\/\"]}]},{\"@type\":\"ImageObject\",\"inLanguage\":\"ro-RO\",\"@id\":\"https:\\\/\\\/prochaska.eu\\\/ro\\\/produs\\\/toro-unitati-de-control-tmc-424e\\\/#primaryimage\",\"url\":\"\",\"contentUrl\":\"\"},{\"@type\":\"BreadcrumbList\",\"@id\":\"https:\\\/\\\/prochaska.eu\\\/ro\\\/produs\\\/toro-unitati-de-control-tmc-424e\\\/#breadcrumb\",\"itemListElement\":[{\"@type\":\"ListItem\",\"position\":1,\"name\":\"Home\",\"item\":\"https:\\\/\\\/prochaska.eu\\\/ro\\\/\"},{\"@type\":\"ListItem\",\"position\":2,\"name\":\"Shop\",\"item\":\"https:\\\/\\\/prochaska.eu\\\/ro\\\/shop\\\/\"},{\"@type\":\"ListItem\",\"position\":3,\"name\":\"Toro &#8211; Unit\u0103\u021bi de control &#8211; TMC-424E\"}]},{\"@type\":\"WebSite\",\"@id\":\"https:\\\/\\\/prochaska.eu\\\/ro\\\/#website\",\"url\":\"https:\\\/\\\/prochaska.eu\\\/ro\\\/\",\"name\":\"Prochaska\",\"description\":\"Spezialist f\u00fcr Pflege von Gr\u00fcnfl\u00e4chen\",\"publisher\":{\"@id\":\"https:\\\/\\\/prochaska.eu\\\/ro\\\/#organization\"},\"potentialAction\":[{\"@type\":\"SearchAction\",\"target\":{\"@type\":\"EntryPoint\",\"urlTemplate\":\"https:\\\/\\\/prochaska.eu\\\/ro\\\/?s={search_term_string}\"},\"query-input\":{\"@type\":\"PropertyValueSpecification\",\"valueRequired\":true,\"valueName\":\"search_term_string\"}}],\"inLanguage\":\"ro-RO\"},{\"@type\":\"Organization\",\"@id\":\"https:\\\/\\\/prochaska.eu\\\/ro\\\/#organization\",\"name\":\"Prochaska\",\"url\":\"https:\\\/\\\/prochaska.eu\\\/ro\\\/\",\"logo\":{\"@type\":\"ImageObject\",\"inLanguage\":\"ro-RO\",\"@id\":\"https:\\\/\\\/prochaska.eu\\\/ro\\\/#\\\/schema\\\/logo\\\/image\\\/\",\"url\":\"https:\\\/\\\/prochaska.eu\\\/wp-content\\\/uploads\\\/2024\\\/04\\\/Prochaska_Logo_Black-1.png\",\"contentUrl\":\"https:\\\/\\\/prochaska.eu\\\/wp-content\\\/uploads\\\/2024\\\/04\\\/Prochaska_Logo_Black-1.png\",\"width\":796,\"height\":236,\"caption\":\"Prochaska\"},\"image\":{\"@id\":\"https:\\\/\\\/prochaska.eu\\\/ro\\\/#\\\/schema\\\/logo\\\/image\\\/\"},\"sameAs\":[\"https:\\\/\\\/www.facebook.com\\\/prochaska.eu\\\/\",\"https:\\\/\\\/www.instagram.com\\\/prochaska.eu\\\/\",\"https:\\\/\\\/www.linkedin.com\\\/company\\\/prochaska-handels-gmbh\"]}]}<\/script>\n<!-- \/ Yoast SEO plugin. -->","yoast_head_json":{"title":"Toro - Unit\u0103\u021bi de control - TMC-424E - Prochaska","robots":{"index":"index","follow":"follow","max-snippet":"max-snippet:-1","max-image-preview":"max-image-preview:large","max-video-preview":"max-video-preview:-1"},"canonical":"https:\/\/prochaska.eu\/ro\/produs\/toro-unitati-de-control-tmc-424e\/","og_locale":"ro_RO","og_type":"article","og_title":"Toro - Unit\u0103\u021bi de control - TMC-424E - Prochaska","og_description":"Tehnologia modular\u0103 avansat\u0103 a seriei TMC-424E permite func\u021bii avansate cu operare simpl\u0103.","og_url":"https:\/\/prochaska.eu\/ro\/produs\/toro-unitati-de-control-tmc-424e\/","og_site_name":"Prochaska","article_publisher":"https:\/\/www.facebook.com\/prochaska.eu\/","twitter_card":"summary_large_image","twitter_misc":{"Timp estimat pentru citire":"3 minute"},"schema":{"@context":"https:\/\/schema.org","@graph":[{"@type":"WebPage","@id":"https:\/\/prochaska.eu\/ro\/produs\/toro-unitati-de-control-tmc-424e\/","url":"https:\/\/prochaska.eu\/ro\/produs\/toro-unitati-de-control-tmc-424e\/","name":"Toro - Unit\u0103\u021bi de control - TMC-424E - Prochaska","isPartOf":{"@id":"https:\/\/prochaska.eu\/ro\/#website"},"primaryImageOfPage":{"@id":"https:\/\/prochaska.eu\/ro\/produs\/toro-unitati-de-control-tmc-424e\/#primaryimage"},"image":{"@id":"https:\/\/prochaska.eu\/ro\/produs\/toro-unitati-de-control-tmc-424e\/#primaryimage"},"thumbnailUrl":"","datePublished":"2017-08-04T14:42:36+00:00","breadcrumb":{"@id":"https:\/\/prochaska.eu\/ro\/produs\/toro-unitati-de-control-tmc-424e\/#breadcrumb"},"inLanguage":"ro-RO","potentialAction":[{"@type":"ReadAction","target":["https:\/\/prochaska.eu\/ro\/produs\/toro-unitati-de-control-tmc-424e\/"]}]},{"@type":"ImageObject","inLanguage":"ro-RO","@id":"https:\/\/prochaska.eu\/ro\/produs\/toro-unitati-de-control-tmc-424e\/#primaryimage","url":"","contentUrl":""},{"@type":"BreadcrumbList","@id":"https:\/\/prochaska.eu\/ro\/produs\/toro-unitati-de-control-tmc-424e\/#breadcrumb","itemListElement":[{"@type":"ListItem","position":1,"name":"Home","item":"https:\/\/prochaska.eu\/ro\/"},{"@type":"ListItem","position":2,"name":"Shop","item":"https:\/\/prochaska.eu\/ro\/shop\/"},{"@type":"ListItem","position":3,"name":"Toro &#8211; Unit\u0103\u021bi de control &#8211; TMC-424E"}]},{"@type":"WebSite","@id":"https:\/\/prochaska.eu\/ro\/#website","url":"https:\/\/prochaska.eu\/ro\/","name":"Prochaska","description":"Spezialist f\u00fcr Pflege von Gr\u00fcnfl\u00e4chen","publisher":{"@id":"https:\/\/prochaska.eu\/ro\/#organization"},"potentialAction":[{"@type":"SearchAction","target":{"@type":"EntryPoint","urlTemplate":"https:\/\/prochaska.eu\/ro\/?s={search_term_string}"},"query-input":{"@type":"PropertyValueSpecification","valueRequired":true,"valueName":"search_term_string"}}],"inLanguage":"ro-RO"},{"@type":"Organization","@id":"https:\/\/prochaska.eu\/ro\/#organization","name":"Prochaska","url":"https:\/\/prochaska.eu\/ro\/","logo":{"@type":"ImageObject","inLanguage":"ro-RO","@id":"https:\/\/prochaska.eu\/ro\/#\/schema\/logo\/image\/","url":"https:\/\/prochaska.eu\/wp-content\/uploads\/2024\/04\/Prochaska_Logo_Black-1.png","contentUrl":"https:\/\/prochaska.eu\/wp-content\/uploads\/2024\/04\/Prochaska_Logo_Black-1.png","width":796,"height":236,"caption":"Prochaska"},"image":{"@id":"https:\/\/prochaska.eu\/ro\/#\/schema\/logo\/image\/"},"sameAs":["https:\/\/www.facebook.com\/prochaska.eu\/","https:\/\/www.instagram.com\/prochaska.eu\/","https:\/\/www.linkedin.com\/company\/prochaska-handels-gmbh"]}]}},"brands":[{"id":3073,"name":"Toro","slug":"toro-ro"}],"_links":{"self":[{"href":"https:\/\/prochaska.eu\/ro\/wp-json\/wp\/v2\/product\/25536","targetHints":{"allow":["GET"]}}],"collection":[{"href":"https:\/\/prochaska.eu\/ro\/wp-json\/wp\/v2\/product"}],"about":[{"href":"https:\/\/prochaska.eu\/ro\/wp-json\/wp\/v2\/types\/product"}],"version-history":[{"count":0,"href":"https:\/\/prochaska.eu\/ro\/wp-json\/wp\/v2\/product\/25536\/revisions"}],"wp:featuredmedia":[{"embeddable":true,"href":"https:\/\/prochaska.eu\/ro\/wp-json\/"}],"wp:attachment":[{"href":"https:\/\/prochaska.eu\/ro\/wp-json\/wp\/v2\/media?parent=25536"}],"wp:term":[{"taxonomy":"pwb-brand","embeddable":true,"href":"https:\/\/prochaska.eu\/ro\/wp-json\/wp\/v2\/pwb-brand?post=25536"},{"taxonomy":"product_brand","embeddable":true,"href":"https:\/\/prochaska.eu\/ro\/wp-json\/wp\/v2\/product_brand?post=25536"},{"taxonomy":"product_cat","embeddable":true,"href":"https:\/\/prochaska.eu\/ro\/wp-json\/wp\/v2\/product_cat?post=25536"},{"taxonomy":"product_tag","embeddable":true,"href":"https:\/\/prochaska.eu\/ro\/wp-json\/wp\/v2\/product_tag?post=25536"}],"curies":[{"name":"wp","href":"https:\/\/api.w.org\/{rel}","templated":true}]}}