{"id":25538,"date":"2017-08-04T14:42:37","date_gmt":"2017-08-04T14:42:37","guid":{"rendered":"https:\/\/prochaska.eu\/product\/toro-seria-mini-8-2\/"},"modified":"2017-08-04T14:42:37","modified_gmt":"2017-08-04T14:42:37","slug":"toro-seria-mini-8-2","status":"publish","type":"product","link":"https:\/\/prochaska.eu\/ro\/produs\/toro-seria-mini-8-2\/","title":{"rendered":"Toro Seria Mini 8"},"content":{"rendered":"<p style=\"text-align: left;\">Atunci c\u00e2nd capetele de pulverizare nu fac treaba \u0219i un rotor de dimensiuni normale este prea mult, ave\u021bi nevoie de Mini 8 de la Toro. Proiectat pentru a umple acea zon\u0103 greu de acoperit \u00eentre 6,1m (20&#8242;) \u0219i 10,7m (35&#8242;), Mini 8 ofer\u0103 o valoare deosebit\u0103 \u0219i eficien\u021b\u0103 a apei pentru peisajele dvs. Cu setul de duze mai mici, ve\u021bi ob\u021bine debite mai mici pe spa\u021bii mai mici, oferind o aplicare mai eficient\u0103 \u0219i economii de ap\u0103. \u0218i, \u00een compara\u021bie cu pulverizatoarele, economise\u0219te num\u0103rul de capete, ceea ce, la r\u00e2ndul s\u0103u, reduce num\u0103rul de supape \u0219i sta\u021bii necesare. Oricum ai privi lucrurile, Mini 8 combin\u0103 economiile de bani cu o mai bun\u0103 gestionare a apei.<\/p>\n<h2 style=\"text-align: left;\">Caracteristici \u0219i beneficii<\/h2>\n<ul style=\"text-align: left;\">\n<li>Indicarea arcului de sus: asigur\u0103 reglaje u\u0219oare de la 40\u00b0 la 360\u00b0 cu feedback vizual al modific\u0103rii arcului prin citirea sc\u0103rii.<\/li>\n<li>\u0218urub de reglare a razei din o\u021bel inoxidabil: permite o reducere de p\u00e2n\u0103 la 25%.<\/li>\n<li>Etan\u0219are activat\u0103 prin presiune: Etan\u0219area \u0219i mecanismul trio robust ofer\u0103 fiabilitate sporit\u0103.<\/li>\n<li>\u00cen\u0103l\u021bime cu clichet: deplasa\u021bi cu u\u0219urin\u021b\u0103 \u00een\u0103l\u021bimea \u0219i opritorul fix din st\u00e2nga \u00een pozi\u021bia dorit\u0103.<\/li>\n<li>Noozle interschimbabile Fice: Pentru a acoperi diferite cerin\u021be de debit \u0219i raz\u0103 (vine preinstalat cu un noozle de 1,5).<\/li>\n<li>Part and Full Circle in One: Ofer\u0103 confort \u0219i reduce necesarul de inventar.<\/li>\n<\/ul>\n<p style=\"text-align: left;\">V\u0103 rug\u0103m s\u0103 g\u0103si\u021bi mai multe informa\u021bii \u00een Fi\u0219a tehnic\u0103 Toro &#8211; <a href=\"https:\/\/www.prochaska.eu\/wp-content\/uploads\/2021\/01\/Mini-8-Series_sell-sheet_gb.pdf\">Toro Series Mini 8<\/a>.<\/p>\n<h2 style=\"text-align: left;\">Specifica\u021bii<\/h2>\n<p style=\"text-align: left;\"><strong>Dimensiuni<\/strong><\/p>\n<ul style=\"text-align: left;\">\n<li>\u00cen\u0103l\u021bimea corpului: 150 mm (6&#8243;)<\/li>\n<li>\u00cen\u0103l\u021bimea de la pop-up la noozle: 95mm ( 3 3\/4&#8243;)<\/li>\n<li>Diametru extins: 45 mm (1 3\/4&#8243;)<\/li>\n<li>Diametrul capacului: 57 mm (2 1\/4&#8243;)<\/li>\n<li>Intrare: 1\/2&#8243; cu filet femel\u0103<\/li>\n<\/ul>\n<p style=\"text-align: left;\"><strong>Specifica\u021bii de func\u021bionare<\/strong><\/p>\n<ul style=\"text-align: left;\">\n<li>Raza: 6.1-10.7m (20&#8242;-35&#8242;)<\/li>\n<li>Intervalul presiunii de func\u021bionare: 2,0-4,1 bar (30-60 psi)<\/li>\n<li>Debit: 3,0-12,9 LPM (0,80-3,40 GPM)<\/li>\n<li>Traiectorie: 25\u00b0<\/li>\n<\/ul>\n<p style=\"text-align: left;\"><strong>Op\u021biuni disponibile<\/strong><\/p>\n<p style=\"text-align: left;\">V\u0103 rug\u0103m s\u0103 contacta\u021bi <a href=\"https:\/\/www.prochaska.eu\/en\/irrigation-experts-team\/\">echipa<\/a> noastr\u0103 de <a href=\"https:\/\/www.prochaska.eu\/en\/irrigation-experts-team\/\">iriga\u021bii<\/a> pentru accesorii.<\/p>\n<ul>\n<li style=\"text-align: left;\">MINI 8-CV &#8211; Supap\u0103 de re\u021binere &#8211; men\u021bine o denivelare de p\u00e2n\u0103 la 8&#8242; (pung\u0103 de 25)<\/li>\n<li style=\"text-align: left;\">102-2024 Instrument de reglare<\/li>\n<\/ul>\n","protected":false},"excerpt":{"rendered":"<p>Oricum ai privi lucrurile, Mini 8 combin\u0103 economiile de bani cu o mai bun\u0103 gestionare a apei.<\/p>\n","protected":false},"featured_media":7698,"template":"","meta":[],"pwb-brand":[3073],"product_brand":[],"product_cat":[1535],"product_tag":[],"class_list":{"0":"post-25538","1":"product","2":"type-product","3":"status-publish","4":"has-post-thumbnail","6":"pwb-brand-toro-ro","7":"product_cat-pregatirea-solului-ro","9":"first","10":"instock","11":"taxable","12":"shipping-taxable","13":"product-type-simple"},"yoast_head":"<!-- This site is optimized with the Yoast SEO plugin v27.2 - https:\/\/yoast.com\/product\/yoast-seo-wordpress\/ -->\n<title>Toro Seria Mini 8 - Prochaska<\/title>\n<meta name=\"robots\" content=\"index, follow, max-snippet:-1, max-image-preview:large, max-video-preview:-1\" \/>\n<link rel=\"canonical\" href=\"https:\/\/prochaska.eu\/ro\/produs\/toro-seria-mini-8-2\/\" \/>\n<meta property=\"og:locale\" content=\"ro_RO\" \/>\n<meta property=\"og:type\" content=\"article\" \/>\n<meta property=\"og:title\" content=\"Toro Seria Mini 8 - Prochaska\" \/>\n<meta property=\"og:description\" content=\"Oricum ai privi lucrurile, Mini 8 combin\u0103 economiile de bani cu o mai bun\u0103 gestionare a apei.\" \/>\n<meta property=\"og:url\" content=\"https:\/\/prochaska.eu\/ro\/produs\/toro-seria-mini-8-2\/\" \/>\n<meta property=\"og:site_name\" content=\"Prochaska\" \/>\n<meta property=\"article:publisher\" content=\"https:\/\/www.facebook.com\/prochaska.eu\/\" \/>\n<meta name=\"twitter:card\" content=\"summary_large_image\" \/>\n<meta name=\"twitter:label1\" content=\"Timp estimat pentru citire\" \/>\n\t<meta name=\"twitter:data1\" content=\"2 minute\" \/>\n<script type=\"application\/ld+json\" class=\"yoast-schema-graph\">{\"@context\":\"https:\/\/schema.org\",\"@graph\":[{\"@type\":\"WebPage\",\"@id\":\"https:\/\/prochaska.eu\/ro\/produs\/toro-seria-mini-8-2\/\",\"url\":\"https:\/\/prochaska.eu\/ro\/produs\/toro-seria-mini-8-2\/\",\"name\":\"Toro Seria Mini 8 - Prochaska\",\"isPartOf\":{\"@id\":\"https:\/\/prochaska.eu\/ro\/#website\"},\"primaryImageOfPage\":{\"@id\":\"https:\/\/prochaska.eu\/ro\/produs\/toro-seria-mini-8-2\/#primaryimage\"},\"image\":{\"@id\":\"https:\/\/prochaska.eu\/ro\/produs\/toro-seria-mini-8-2\/#primaryimage\"},\"thumbnailUrl\":\"\",\"datePublished\":\"2017-08-04T14:42:37+00:00\",\"breadcrumb\":{\"@id\":\"https:\/\/prochaska.eu\/ro\/produs\/toro-seria-mini-8-2\/#breadcrumb\"},\"inLanguage\":\"ro-RO\",\"potentialAction\":[{\"@type\":\"ReadAction\",\"target\":[\"https:\/\/prochaska.eu\/ro\/produs\/toro-seria-mini-8-2\/\"]}]},{\"@type\":\"ImageObject\",\"inLanguage\":\"ro-RO\",\"@id\":\"https:\/\/prochaska.eu\/ro\/produs\/toro-seria-mini-8-2\/#primaryimage\",\"url\":\"\",\"contentUrl\":\"\"},{\"@type\":\"BreadcrumbList\",\"@id\":\"https:\/\/prochaska.eu\/ro\/produs\/toro-seria-mini-8-2\/#breadcrumb\",\"itemListElement\":[{\"@type\":\"ListItem\",\"position\":1,\"name\":\"Home\",\"item\":\"https:\/\/prochaska.eu\/ro\/\"},{\"@type\":\"ListItem\",\"position\":2,\"name\":\"Shop\",\"item\":\"https:\/\/prochaska.eu\/ro\/shop\/\"},{\"@type\":\"ListItem\",\"position\":3,\"name\":\"Toro Seria Mini 8\"}]},{\"@type\":\"WebSite\",\"@id\":\"https:\/\/prochaska.eu\/ro\/#website\",\"url\":\"https:\/\/prochaska.eu\/ro\/\",\"name\":\"Prochaska\",\"description\":\"Spezialist f\u00fcr Pflege von Gr\u00fcnfl\u00e4chen\",\"publisher\":{\"@id\":\"https:\/\/prochaska.eu\/ro\/#organization\"},\"potentialAction\":[{\"@type\":\"SearchAction\",\"target\":{\"@type\":\"EntryPoint\",\"urlTemplate\":\"https:\/\/prochaska.eu\/ro\/?s={search_term_string}\"},\"query-input\":{\"@type\":\"PropertyValueSpecification\",\"valueRequired\":true,\"valueName\":\"search_term_string\"}}],\"inLanguage\":\"ro-RO\"},{\"@type\":\"Organization\",\"@id\":\"https:\/\/prochaska.eu\/ro\/#organization\",\"name\":\"Prochaska\",\"url\":\"https:\/\/prochaska.eu\/ro\/\",\"logo\":{\"@type\":\"ImageObject\",\"inLanguage\":\"ro-RO\",\"@id\":\"https:\/\/prochaska.eu\/ro\/#\/schema\/logo\/image\/\",\"url\":\"https:\/\/prochaska.eu\/wp-content\/uploads\/2024\/04\/Prochaska_Logo_Black-1.png\",\"contentUrl\":\"https:\/\/prochaska.eu\/wp-content\/uploads\/2024\/04\/Prochaska_Logo_Black-1.png\",\"width\":796,\"height\":236,\"caption\":\"Prochaska\"},\"image\":{\"@id\":\"https:\/\/prochaska.eu\/ro\/#\/schema\/logo\/image\/\"},\"sameAs\":[\"https:\/\/www.facebook.com\/prochaska.eu\/\",\"https:\/\/www.instagram.com\/prochaska.eu\/\",\"https:\/\/www.linkedin.com\/company\/prochaska-handels-gmbh\"]}]}<\/script>\n<!-- \/ Yoast SEO plugin. -->","yoast_head_json":{"title":"Toro Seria Mini 8 - Prochaska","robots":{"index":"index","follow":"follow","max-snippet":"max-snippet:-1","max-image-preview":"max-image-preview:large","max-video-preview":"max-video-preview:-1"},"canonical":"https:\/\/prochaska.eu\/ro\/produs\/toro-seria-mini-8-2\/","og_locale":"ro_RO","og_type":"article","og_title":"Toro Seria Mini 8 - Prochaska","og_description":"Oricum ai privi lucrurile, Mini 8 combin\u0103 economiile de bani cu o mai bun\u0103 gestionare a apei.","og_url":"https:\/\/prochaska.eu\/ro\/produs\/toro-seria-mini-8-2\/","og_site_name":"Prochaska","article_publisher":"https:\/\/www.facebook.com\/prochaska.eu\/","twitter_card":"summary_large_image","twitter_misc":{"Timp estimat pentru citire":"2 minute"},"schema":{"@context":"https:\/\/schema.org","@graph":[{"@type":"WebPage","@id":"https:\/\/prochaska.eu\/ro\/produs\/toro-seria-mini-8-2\/","url":"https:\/\/prochaska.eu\/ro\/produs\/toro-seria-mini-8-2\/","name":"Toro Seria Mini 8 - Prochaska","isPartOf":{"@id":"https:\/\/prochaska.eu\/ro\/#website"},"primaryImageOfPage":{"@id":"https:\/\/prochaska.eu\/ro\/produs\/toro-seria-mini-8-2\/#primaryimage"},"image":{"@id":"https:\/\/prochaska.eu\/ro\/produs\/toro-seria-mini-8-2\/#primaryimage"},"thumbnailUrl":"","datePublished":"2017-08-04T14:42:37+00:00","breadcrumb":{"@id":"https:\/\/prochaska.eu\/ro\/produs\/toro-seria-mini-8-2\/#breadcrumb"},"inLanguage":"ro-RO","potentialAction":[{"@type":"ReadAction","target":["https:\/\/prochaska.eu\/ro\/produs\/toro-seria-mini-8-2\/"]}]},{"@type":"ImageObject","inLanguage":"ro-RO","@id":"https:\/\/prochaska.eu\/ro\/produs\/toro-seria-mini-8-2\/#primaryimage","url":"","contentUrl":""},{"@type":"BreadcrumbList","@id":"https:\/\/prochaska.eu\/ro\/produs\/toro-seria-mini-8-2\/#breadcrumb","itemListElement":[{"@type":"ListItem","position":1,"name":"Home","item":"https:\/\/prochaska.eu\/ro\/"},{"@type":"ListItem","position":2,"name":"Shop","item":"https:\/\/prochaska.eu\/ro\/shop\/"},{"@type":"ListItem","position":3,"name":"Toro Seria Mini 8"}]},{"@type":"WebSite","@id":"https:\/\/prochaska.eu\/ro\/#website","url":"https:\/\/prochaska.eu\/ro\/","name":"Prochaska","description":"Spezialist f\u00fcr Pflege von Gr\u00fcnfl\u00e4chen","publisher":{"@id":"https:\/\/prochaska.eu\/ro\/#organization"},"potentialAction":[{"@type":"SearchAction","target":{"@type":"EntryPoint","urlTemplate":"https:\/\/prochaska.eu\/ro\/?s={search_term_string}"},"query-input":{"@type":"PropertyValueSpecification","valueRequired":true,"valueName":"search_term_string"}}],"inLanguage":"ro-RO"},{"@type":"Organization","@id":"https:\/\/prochaska.eu\/ro\/#organization","name":"Prochaska","url":"https:\/\/prochaska.eu\/ro\/","logo":{"@type":"ImageObject","inLanguage":"ro-RO","@id":"https:\/\/prochaska.eu\/ro\/#\/schema\/logo\/image\/","url":"https:\/\/prochaska.eu\/wp-content\/uploads\/2024\/04\/Prochaska_Logo_Black-1.png","contentUrl":"https:\/\/prochaska.eu\/wp-content\/uploads\/2024\/04\/Prochaska_Logo_Black-1.png","width":796,"height":236,"caption":"Prochaska"},"image":{"@id":"https:\/\/prochaska.eu\/ro\/#\/schema\/logo\/image\/"},"sameAs":["https:\/\/www.facebook.com\/prochaska.eu\/","https:\/\/www.instagram.com\/prochaska.eu\/","https:\/\/www.linkedin.com\/company\/prochaska-handels-gmbh"]}]}},"brands":[{"id":3073,"name":"Toro","slug":"toro-ro"}],"_links":{"self":[{"href":"https:\/\/prochaska.eu\/ro\/wp-json\/wp\/v2\/product\/25538","targetHints":{"allow":["GET"]}}],"collection":[{"href":"https:\/\/prochaska.eu\/ro\/wp-json\/wp\/v2\/product"}],"about":[{"href":"https:\/\/prochaska.eu\/ro\/wp-json\/wp\/v2\/types\/product"}],"version-history":[{"count":0,"href":"https:\/\/prochaska.eu\/ro\/wp-json\/wp\/v2\/product\/25538\/revisions"}],"wp:featuredmedia":[{"embeddable":true,"href":"https:\/\/prochaska.eu\/ro\/wp-json\/"}],"wp:attachment":[{"href":"https:\/\/prochaska.eu\/ro\/wp-json\/wp\/v2\/media?parent=25538"}],"wp:term":[{"taxonomy":"pwb-brand","embeddable":true,"href":"https:\/\/prochaska.eu\/ro\/wp-json\/wp\/v2\/pwb-brand?post=25538"},{"taxonomy":"product_brand","embeddable":true,"href":"https:\/\/prochaska.eu\/ro\/wp-json\/wp\/v2\/product_brand?post=25538"},{"taxonomy":"product_cat","embeddable":true,"href":"https:\/\/prochaska.eu\/ro\/wp-json\/wp\/v2\/product_cat?post=25538"},{"taxonomy":"product_tag","embeddable":true,"href":"https:\/\/prochaska.eu\/ro\/wp-json\/wp\/v2\/product_tag?post=25538"}],"curies":[{"name":"wp","href":"https:\/\/api.w.org\/{rel}","templated":true}]}}