{"id":25552,"date":"2017-08-04T14:42:37","date_gmt":"2017-08-04T14:42:37","guid":{"rendered":"https:\/\/prochaska.eu\/product\/seria-toro-ez-flo-plus-capac-filetat\/"},"modified":"2017-08-04T14:42:37","modified_gmt":"2017-08-04T14:42:37","slug":"seria-toro-ez-flo-plus-capac-filetat","status":"publish","type":"product","link":"https:\/\/prochaska.eu\/ro\/produs\/seria-toro-ez-flo-plus-capac-filetat\/","title":{"rendered":"Seria TORO EZ-Flo\u00ae Plus &#8211; Capac filetat"},"content":{"rendered":"<p>Aceste supape Toro\u00ae sunt u\u0219or de instalat \u0219i \u00eentre\u021binut. Robinetele EZ-Flo Plus sunt ideale pentru clien\u021bii priva\u021bi \u0219i sunt oferite \u00een numeroase configura\u021bii.<\/p>\n<h2><strong>Caracteristici \u0219i beneficii<\/strong><\/h2>\n<ul>\n<li>\n<h3><strong>Capac filetat<br \/>\n<\/strong><\/h3>\n<p>F\u0103r\u0103 \u0219uruburi pentru o \u00eentre\u021binere rapid\u0103 \u0219i u\u0219oar\u0103.<\/li>\n<li>\n<h3><strong>Construc\u021bie din PVC, nailon umplut cu fibr\u0103 de sticl\u0103 \u0219i o\u021bel inoxidabil<br \/>\n<\/strong><\/h3>\n<p>Durabilitate mai mare \u0219i protec\u021bie \u00eempotriva scurgerilor \u00een aproape orice mediu.<\/li>\n<li>\n<h3><strong>Membran\u0103 Santoprene\u00ae cu perete dublu rezistent\u0103 la ozon \u0219i cloramin\u0103<br \/>\n<\/strong><\/h3>\n<p>Garanteaz\u0103 o etan\u0219are constant\u0103 f\u0103r\u0103 scurgeri p\u00e2n\u0103 la 10,3 bar (150 psi).<\/li>\n<li>\n<h3><strong>Modele \u00een linie sau cu retur<br \/>\n<\/strong><\/h3>\n<p>Selec\u021bie larg\u0103 pentru instala\u021bii noi \u0219i moderniz\u0103ri.<\/li>\n<li>\n<h3><strong>Control op\u021bional al debitului<br \/>\n<\/strong><\/h3>\n<p>Seteaz\u0103 debitul pentru fiecare zon\u0103 din sistem.<\/li>\n<\/ul>\n<h2><strong>Date tehnice<\/strong><\/h2>\n<h3><strong>Dimensiuni<\/strong><\/h3>\n<ul>\n<li>Supap\u0103 \u00een linie cu filet intern: 130 H x 75 L x 101 mm L (51\u20448&#8243; x 3&#8243; x 4&#8243;)<\/li>\n<li>Supap\u0103 de serie cu filet exterior: 130 H x 75 L x 140 mm L (51\u20448&#8243; x 3&#8243; x 5\u00bd&#8221;)<\/li>\n<li>Retur: 152 H x 75 W x 175 mm L (6&#8243; x 3&#8243; x 67\u20448&#8243;)<\/li>\n<\/ul>\n<h3><strong>Specifica\u021bii tehnice \u0219i caracteristici suplimentare<\/strong><\/h3>\n<ul>\n<li>Debit: 20 mm (\u00be&#8221;): 0,9 p\u00e2n\u0103 la 76 l\/min (0,25 p\u00e2n\u0103 la 20 GPM)<\/li>\n<li>25 mm (1&#8243;): 0,9 p\u00e2n\u0103 la 113 l\/min (0,25 p\u00e2n\u0103 la 30 GPM)<\/li>\n<li>Presiune de lucru: 0,68 p\u00e2n\u0103 la 10,32 bar (10 p\u00e2n\u0103 la 150 psi)<\/li>\n<li>Electrovalv\u0103 \u00eenchis\u0103 (102-7054) cu piston hexagonal (24 V curent alternativ):<\/li>\n<li>Curent de pornire 0,34 A<\/li>\n<li>Curent de men\u021binere: 0,2 amperi<\/li>\n<li>Disponibil cu sau f\u0103r\u0103 control al debitului<\/li>\n<\/ul>\n<h3><strong>Op\u021biuni disponibile<\/strong><\/h3>\n<ul>\n<li>Electrovalv\u0103 cu curent continuu DCLS-P<\/li>\n<li>EFF-KIT-50Hz electrovalv\u0103 pentru ap\u0103 cald\u0103 menajer\u0103 \u0219i ecran<\/li>\n<\/ul>\n<h2><strong>Lista modelelor<\/strong><\/h2>\n<p>EZP-22-54: 25 mm, filet exterior x filet exterior, BSP cu control al debitului<\/p>\n<p>EZP-23-54: 25mm, filet interior, BSP, cu control al debitului<\/p>\n","protected":false},"excerpt":{"rendered":"<p>Robinetele EZ-Flo Plus sunt ideale pentru clien\u021bii priva\u021bi \u0219i sunt oferite \u00een numeroase configura\u021bii.<\/p>\n","protected":false},"featured_media":1498,"template":"","meta":[],"pwb-brand":[3073],"product_brand":[],"product_cat":[2486,2562],"product_tag":[],"class_list":{"0":"post-25552","1":"product","2":"type-product","3":"status-publish","4":"has-post-thumbnail","6":"pwb-brand-toro-ro","7":"product_cat-irigare-ro","8":"product_cat-irigare-prin-picurare-si-supape-solenoide","10":"first","11":"instock","12":"taxable","13":"shipping-taxable","14":"product-type-variable"},"yoast_head":"<!-- This site is optimized with the Yoast SEO plugin v27.4 - https:\/\/yoast.com\/product\/yoast-seo-wordpress\/ -->\n<title>Seria TORO EZ-Flo\u00ae Plus - Capac filetat - Prochaska<\/title>\n<meta name=\"robots\" content=\"index, follow, max-snippet:-1, max-image-preview:large, max-video-preview:-1\" \/>\n<link rel=\"canonical\" href=\"https:\/\/prochaska.eu\/ro\/produs\/seria-toro-ez-flo-plus-capac-filetat\/\" \/>\n<meta property=\"og:locale\" content=\"ro_RO\" \/>\n<meta property=\"og:type\" content=\"article\" \/>\n<meta property=\"og:title\" content=\"Seria TORO EZ-Flo\u00ae Plus - Capac filetat - Prochaska\" \/>\n<meta property=\"og:description\" content=\"Robinetele EZ-Flo Plus sunt ideale pentru clien\u021bii priva\u021bi \u0219i sunt oferite \u00een numeroase configura\u021bii.\" \/>\n<meta property=\"og:url\" content=\"https:\/\/prochaska.eu\/ro\/produs\/seria-toro-ez-flo-plus-capac-filetat\/\" \/>\n<meta property=\"og:site_name\" content=\"Prochaska\" \/>\n<meta property=\"article:publisher\" content=\"https:\/\/www.facebook.com\/prochaska.eu\/\" \/>\n<meta name=\"twitter:card\" content=\"summary_large_image\" \/>\n<meta name=\"twitter:label1\" content=\"Timp estimat pentru citire\" \/>\n\t<meta name=\"twitter:data1\" content=\"1 minut\" \/>\n<script type=\"application\/ld+json\" class=\"yoast-schema-graph\">{\"@context\":\"https:\\\/\\\/schema.org\",\"@graph\":[{\"@type\":\"WebPage\",\"@id\":\"https:\\\/\\\/prochaska.eu\\\/ro\\\/produs\\\/seria-toro-ez-flo-plus-capac-filetat\\\/\",\"url\":\"https:\\\/\\\/prochaska.eu\\\/ro\\\/produs\\\/seria-toro-ez-flo-plus-capac-filetat\\\/\",\"name\":\"Seria TORO EZ-Flo\u00ae Plus - Capac filetat - Prochaska\",\"isPartOf\":{\"@id\":\"https:\\\/\\\/prochaska.eu\\\/ro\\\/#website\"},\"primaryImageOfPage\":{\"@id\":\"https:\\\/\\\/prochaska.eu\\\/ro\\\/produs\\\/seria-toro-ez-flo-plus-capac-filetat\\\/#primaryimage\"},\"image\":{\"@id\":\"https:\\\/\\\/prochaska.eu\\\/ro\\\/produs\\\/seria-toro-ez-flo-plus-capac-filetat\\\/#primaryimage\"},\"thumbnailUrl\":\"\",\"datePublished\":\"2017-08-04T14:42:37+00:00\",\"breadcrumb\":{\"@id\":\"https:\\\/\\\/prochaska.eu\\\/ro\\\/produs\\\/seria-toro-ez-flo-plus-capac-filetat\\\/#breadcrumb\"},\"inLanguage\":\"ro-RO\",\"potentialAction\":[{\"@type\":\"ReadAction\",\"target\":[\"https:\\\/\\\/prochaska.eu\\\/ro\\\/produs\\\/seria-toro-ez-flo-plus-capac-filetat\\\/\"]}]},{\"@type\":\"ImageObject\",\"inLanguage\":\"ro-RO\",\"@id\":\"https:\\\/\\\/prochaska.eu\\\/ro\\\/produs\\\/seria-toro-ez-flo-plus-capac-filetat\\\/#primaryimage\",\"url\":\"\",\"contentUrl\":\"\"},{\"@type\":\"BreadcrumbList\",\"@id\":\"https:\\\/\\\/prochaska.eu\\\/ro\\\/produs\\\/seria-toro-ez-flo-plus-capac-filetat\\\/#breadcrumb\",\"itemListElement\":[{\"@type\":\"ListItem\",\"position\":1,\"name\":\"Home\",\"item\":\"https:\\\/\\\/prochaska.eu\\\/ro\\\/\"},{\"@type\":\"ListItem\",\"position\":2,\"name\":\"Shop\",\"item\":\"https:\\\/\\\/prochaska.eu\\\/ro\\\/shop\\\/\"},{\"@type\":\"ListItem\",\"position\":3,\"name\":\"Seria TORO EZ-Flo\u00ae Plus &#8211; Capac filetat\"}]},{\"@type\":\"WebSite\",\"@id\":\"https:\\\/\\\/prochaska.eu\\\/ro\\\/#website\",\"url\":\"https:\\\/\\\/prochaska.eu\\\/ro\\\/\",\"name\":\"Prochaska\",\"description\":\"Spezialist f\u00fcr Pflege von Gr\u00fcnfl\u00e4chen\",\"publisher\":{\"@id\":\"https:\\\/\\\/prochaska.eu\\\/ro\\\/#organization\"},\"potentialAction\":[{\"@type\":\"SearchAction\",\"target\":{\"@type\":\"EntryPoint\",\"urlTemplate\":\"https:\\\/\\\/prochaska.eu\\\/ro\\\/?s={search_term_string}\"},\"query-input\":{\"@type\":\"PropertyValueSpecification\",\"valueRequired\":true,\"valueName\":\"search_term_string\"}}],\"inLanguage\":\"ro-RO\"},{\"@type\":\"Organization\",\"@id\":\"https:\\\/\\\/prochaska.eu\\\/ro\\\/#organization\",\"name\":\"Prochaska\",\"url\":\"https:\\\/\\\/prochaska.eu\\\/ro\\\/\",\"logo\":{\"@type\":\"ImageObject\",\"inLanguage\":\"ro-RO\",\"@id\":\"https:\\\/\\\/prochaska.eu\\\/ro\\\/#\\\/schema\\\/logo\\\/image\\\/\",\"url\":\"https:\\\/\\\/prochaska.eu\\\/wp-content\\\/uploads\\\/2024\\\/04\\\/Prochaska_Logo_Black-1.png\",\"contentUrl\":\"https:\\\/\\\/prochaska.eu\\\/wp-content\\\/uploads\\\/2024\\\/04\\\/Prochaska_Logo_Black-1.png\",\"width\":796,\"height\":236,\"caption\":\"Prochaska\"},\"image\":{\"@id\":\"https:\\\/\\\/prochaska.eu\\\/ro\\\/#\\\/schema\\\/logo\\\/image\\\/\"},\"sameAs\":[\"https:\\\/\\\/www.facebook.com\\\/prochaska.eu\\\/\",\"https:\\\/\\\/www.instagram.com\\\/prochaska.eu\\\/\",\"https:\\\/\\\/www.linkedin.com\\\/company\\\/prochaska-handels-gmbh\"]}]}<\/script>\n<!-- \/ Yoast SEO plugin. -->","yoast_head_json":{"title":"Seria TORO EZ-Flo\u00ae Plus - Capac filetat - Prochaska","robots":{"index":"index","follow":"follow","max-snippet":"max-snippet:-1","max-image-preview":"max-image-preview:large","max-video-preview":"max-video-preview:-1"},"canonical":"https:\/\/prochaska.eu\/ro\/produs\/seria-toro-ez-flo-plus-capac-filetat\/","og_locale":"ro_RO","og_type":"article","og_title":"Seria TORO EZ-Flo\u00ae Plus - Capac filetat - Prochaska","og_description":"Robinetele EZ-Flo Plus sunt ideale pentru clien\u021bii priva\u021bi \u0219i sunt oferite \u00een numeroase configura\u021bii.","og_url":"https:\/\/prochaska.eu\/ro\/produs\/seria-toro-ez-flo-plus-capac-filetat\/","og_site_name":"Prochaska","article_publisher":"https:\/\/www.facebook.com\/prochaska.eu\/","twitter_card":"summary_large_image","twitter_misc":{"Timp estimat pentru citire":"1 minut"},"schema":{"@context":"https:\/\/schema.org","@graph":[{"@type":"WebPage","@id":"https:\/\/prochaska.eu\/ro\/produs\/seria-toro-ez-flo-plus-capac-filetat\/","url":"https:\/\/prochaska.eu\/ro\/produs\/seria-toro-ez-flo-plus-capac-filetat\/","name":"Seria TORO EZ-Flo\u00ae Plus - Capac filetat - Prochaska","isPartOf":{"@id":"https:\/\/prochaska.eu\/ro\/#website"},"primaryImageOfPage":{"@id":"https:\/\/prochaska.eu\/ro\/produs\/seria-toro-ez-flo-plus-capac-filetat\/#primaryimage"},"image":{"@id":"https:\/\/prochaska.eu\/ro\/produs\/seria-toro-ez-flo-plus-capac-filetat\/#primaryimage"},"thumbnailUrl":"","datePublished":"2017-08-04T14:42:37+00:00","breadcrumb":{"@id":"https:\/\/prochaska.eu\/ro\/produs\/seria-toro-ez-flo-plus-capac-filetat\/#breadcrumb"},"inLanguage":"ro-RO","potentialAction":[{"@type":"ReadAction","target":["https:\/\/prochaska.eu\/ro\/produs\/seria-toro-ez-flo-plus-capac-filetat\/"]}]},{"@type":"ImageObject","inLanguage":"ro-RO","@id":"https:\/\/prochaska.eu\/ro\/produs\/seria-toro-ez-flo-plus-capac-filetat\/#primaryimage","url":"","contentUrl":""},{"@type":"BreadcrumbList","@id":"https:\/\/prochaska.eu\/ro\/produs\/seria-toro-ez-flo-plus-capac-filetat\/#breadcrumb","itemListElement":[{"@type":"ListItem","position":1,"name":"Home","item":"https:\/\/prochaska.eu\/ro\/"},{"@type":"ListItem","position":2,"name":"Shop","item":"https:\/\/prochaska.eu\/ro\/shop\/"},{"@type":"ListItem","position":3,"name":"Seria TORO EZ-Flo\u00ae Plus &#8211; Capac filetat"}]},{"@type":"WebSite","@id":"https:\/\/prochaska.eu\/ro\/#website","url":"https:\/\/prochaska.eu\/ro\/","name":"Prochaska","description":"Spezialist f\u00fcr Pflege von Gr\u00fcnfl\u00e4chen","publisher":{"@id":"https:\/\/prochaska.eu\/ro\/#organization"},"potentialAction":[{"@type":"SearchAction","target":{"@type":"EntryPoint","urlTemplate":"https:\/\/prochaska.eu\/ro\/?s={search_term_string}"},"query-input":{"@type":"PropertyValueSpecification","valueRequired":true,"valueName":"search_term_string"}}],"inLanguage":"ro-RO"},{"@type":"Organization","@id":"https:\/\/prochaska.eu\/ro\/#organization","name":"Prochaska","url":"https:\/\/prochaska.eu\/ro\/","logo":{"@type":"ImageObject","inLanguage":"ro-RO","@id":"https:\/\/prochaska.eu\/ro\/#\/schema\/logo\/image\/","url":"https:\/\/prochaska.eu\/wp-content\/uploads\/2024\/04\/Prochaska_Logo_Black-1.png","contentUrl":"https:\/\/prochaska.eu\/wp-content\/uploads\/2024\/04\/Prochaska_Logo_Black-1.png","width":796,"height":236,"caption":"Prochaska"},"image":{"@id":"https:\/\/prochaska.eu\/ro\/#\/schema\/logo\/image\/"},"sameAs":["https:\/\/www.facebook.com\/prochaska.eu\/","https:\/\/www.instagram.com\/prochaska.eu\/","https:\/\/www.linkedin.com\/company\/prochaska-handels-gmbh"]}]}},"brands":[{"id":3073,"name":"Toro","slug":"toro-ro"}],"_links":{"self":[{"href":"https:\/\/prochaska.eu\/ro\/wp-json\/wp\/v2\/product\/25552","targetHints":{"allow":["GET"]}}],"collection":[{"href":"https:\/\/prochaska.eu\/ro\/wp-json\/wp\/v2\/product"}],"about":[{"href":"https:\/\/prochaska.eu\/ro\/wp-json\/wp\/v2\/types\/product"}],"version-history":[{"count":0,"href":"https:\/\/prochaska.eu\/ro\/wp-json\/wp\/v2\/product\/25552\/revisions"}],"wp:featuredmedia":[{"embeddable":true,"href":"https:\/\/prochaska.eu\/ro\/wp-json\/"}],"wp:attachment":[{"href":"https:\/\/prochaska.eu\/ro\/wp-json\/wp\/v2\/media?parent=25552"}],"wp:term":[{"taxonomy":"pwb-brand","embeddable":true,"href":"https:\/\/prochaska.eu\/ro\/wp-json\/wp\/v2\/pwb-brand?post=25552"},{"taxonomy":"product_brand","embeddable":true,"href":"https:\/\/prochaska.eu\/ro\/wp-json\/wp\/v2\/product_brand?post=25552"},{"taxonomy":"product_cat","embeddable":true,"href":"https:\/\/prochaska.eu\/ro\/wp-json\/wp\/v2\/product_cat?post=25552"},{"taxonomy":"product_tag","embeddable":true,"href":"https:\/\/prochaska.eu\/ro\/wp-json\/wp\/v2\/product_tag?post=25552"}],"curies":[{"name":"wp","href":"https:\/\/api.w.org\/{rel}","templated":true}]}}