{"id":25557,"date":"2017-08-04T14:42:33","date_gmt":"2017-08-04T14:42:33","guid":{"rendered":"https:\/\/prochaska.eu\/product\/toro-masina-de-tuns-iarba-recycler-smart-stow-21761-21770-2\/"},"modified":"2017-08-04T14:42:33","modified_gmt":"2017-08-04T14:42:33","slug":"toro-masina-de-tuns-iarba-recycler-smart-stow-21761-21770-2","status":"publish","type":"product","link":"https:\/\/prochaska.eu\/ro\/produs\/toro-masina-de-tuns-iarba-recycler-smart-stow-21761-21770-2\/","title":{"rendered":"Toro &#8211; Ma\u0219in\u0103 de tuns iarba &#8211; Recycler &#8211; Smart Stow &#8211; 21761 &#8211; 21770"},"content":{"rendered":"<p style=\"text-align: left;\">Ma\u0219ina de tuns iarba <a href=\"https:\/\/www.prochaska.eu\/toro\/\">Toro<\/a> Recycler 21761\/21770 este o ma\u0219in\u0103 de tuns iarba reciclat\u0103 cu func\u021bie SmartStow. Func\u021bia Smart Stow permite depozitarea vertical\u0103 a ma\u0219inii de tuns iarba &#8211; economisind p\u00e2n\u0103 la 70% din spa\u021biul de depozitare. Modelul ofer\u0103, de asemenea, acces mai u\u0219or pentru cur\u0103\u021barea de sub platforma de t\u0103iere \u0219i pentru \u00eentre\u021binerea lamei. Trac\u021biunea autopropulsat\u0103 \u0219i cu ro\u021bi din fa\u021b\u0103 cu vitez\u0103 variabil\u0103 face ca utilajul s\u0103 fie deosebit de u\u0219or de manevrat. Ro\u021bile \u00eenalte asigur\u0103 func\u021bionarea optim\u0103 a aparatului \u0219i pe teren accidentat. Ma\u0219ina de tuns iarb\u0103 are o func\u021bie de t\u0103iere 2 \u00een 1: colectare \u0219i mulcire. Desc\u0103rcare lateral\u0103: disponibil\u0103 op\u021bional.<\/p>\n<h2 style=\"text-align: left;\">Beneficiile produsului<\/h2>\n<ul style=\"text-align: left;\">\n<li>Economisi\u021bi p\u00e2n\u0103 la 70% spa\u021biu de depozitare cu func\u021bia Smart Stow<\/li>\n<li>Vitez\u0103 infinit variabil\u0103 cu trac\u021biune fa\u021b\u0103<\/li>\n<li>Ro\u021bi \u00eenalte pentru teren accidentat<\/li>\n<li>Co\u0219 de colectare cu volum foarte mare de 74 litri<\/li>\n<li>Cositoare Recycler pentru mulci fin, bogat \u00een nutrien\u021bi<\/li>\n<li>M\u00e2ner dintr-o singur\u0103 bucat\u0103 pentru golirea rapid\u0103 a co\u0219ului de colectare<\/li>\n<\/ul>\n<h2 style=\"text-align: left;\">Accesorii op\u021bionale<\/h2>\n<ul>\n<li style=\"text-align: left;\"><a href=\"https:\/\/www.prochaska.eu\/produkt\/ersatzmesser-atomic-55-cm-fuer-toro-20960-20961-20959-und-20954\/\">Lam\u0103 de schimb Atomic 55 cm<\/a><\/li>\n<\/ul>\n<p><iframe title=\"Toro&#039;s Got A Mower That Saves You Space\" width=\"800\" height=\"450\" src=\"https:\/\/www.youtube.com\/embed\/0_iClEGbb4g?feature=oembed\" frameborder=\"0\" allow=\"accelerometer; autoplay; clipboard-write; encrypted-media; gyroscope; picture-in-picture; web-share\" referrerpolicy=\"strict-origin-when-cross-origin\" allowfullscreen><\/iframe><\/p>\n","protected":false},"excerpt":{"rendered":"<p>Toro Recycler 21770\/21761 are o l\u0103\u021bime de t\u0103iere de 55 cm \u0219i dispune de tehnologia unic\u0103 Smart Stow, care poate economisi p\u00e2n\u0103 la 70% din spa\u021biul de depozitare.<\/p>\n","protected":false},"featured_media":27287,"template":"","meta":[],"pwb-brand":[3073],"product_brand":[],"product_cat":[1149],"product_tag":[],"class_list":{"0":"post-25557","1":"product","2":"type-product","3":"status-publish","4":"has-post-thumbnail","6":"pwb-brand-toro-ro","7":"product_cat-cositoare-de-gazon","9":"first","10":"instock","11":"taxable","12":"shipping-taxable","13":"purchasable","14":"product-type-simple"},"yoast_head":"<!-- This site is optimized with the Yoast SEO plugin v27.4 - https:\/\/yoast.com\/product\/yoast-seo-wordpress\/ -->\n<title>Toro - Ma\u0219in\u0103 de tuns iarba - Recycler - Smart Stow - 21761 - 21770 - Prochaska<\/title>\n<meta name=\"robots\" content=\"index, follow, max-snippet:-1, max-image-preview:large, max-video-preview:-1\" \/>\n<link rel=\"canonical\" href=\"https:\/\/prochaska.eu\/ro\/produs\/toro-masina-de-tuns-iarba-recycler-smart-stow-21761-21770-2\/\" \/>\n<meta property=\"og:locale\" content=\"ro_RO\" \/>\n<meta property=\"og:type\" content=\"article\" \/>\n<meta property=\"og:title\" content=\"Toro - Ma\u0219in\u0103 de tuns iarba - Recycler - Smart Stow - 21761 - 21770 - Prochaska\" \/>\n<meta property=\"og:description\" content=\"Toro Recycler 21770\/21761 are o l\u0103\u021bime de t\u0103iere de 55 cm \u0219i dispune de tehnologia unic\u0103 Smart Stow, care poate economisi p\u00e2n\u0103 la 70% din spa\u021biul de depozitare.\" \/>\n<meta property=\"og:url\" content=\"https:\/\/prochaska.eu\/ro\/produs\/toro-masina-de-tuns-iarba-recycler-smart-stow-21761-21770-2\/\" \/>\n<meta property=\"og:site_name\" content=\"Prochaska\" \/>\n<meta property=\"article:publisher\" content=\"https:\/\/www.facebook.com\/prochaska.eu\/\" \/>\n<meta property=\"og:image\" content=\"https:\/\/prochaska.eu\/wp-content\/uploads\/2017\/08\/Recycler-21770.png\" \/>\n\t<meta property=\"og:image:width\" content=\"1000\" \/>\n\t<meta property=\"og:image:height\" content=\"1000\" \/>\n\t<meta property=\"og:image:type\" content=\"image\/png\" \/>\n<meta name=\"twitter:card\" content=\"summary_large_image\" \/>\n<meta name=\"twitter:label1\" content=\"Timp estimat pentru citire\" \/>\n\t<meta name=\"twitter:data1\" content=\"1 minut\" \/>\n<script type=\"application\/ld+json\" class=\"yoast-schema-graph\">{\"@context\":\"https:\\\/\\\/schema.org\",\"@graph\":[{\"@type\":\"WebPage\",\"@id\":\"https:\\\/\\\/prochaska.eu\\\/ro\\\/produs\\\/toro-masina-de-tuns-iarba-recycler-smart-stow-21761-21770-2\\\/\",\"url\":\"https:\\\/\\\/prochaska.eu\\\/ro\\\/produs\\\/toro-masina-de-tuns-iarba-recycler-smart-stow-21761-21770-2\\\/\",\"name\":\"Toro - Ma\u0219in\u0103 de tuns iarba - Recycler - Smart Stow - 21761 - 21770 - Prochaska\",\"isPartOf\":{\"@id\":\"https:\\\/\\\/prochaska.eu\\\/ro\\\/#website\"},\"primaryImageOfPage\":{\"@id\":\"https:\\\/\\\/prochaska.eu\\\/ro\\\/produs\\\/toro-masina-de-tuns-iarba-recycler-smart-stow-21761-21770-2\\\/#primaryimage\"},\"image\":{\"@id\":\"https:\\\/\\\/prochaska.eu\\\/ro\\\/produs\\\/toro-masina-de-tuns-iarba-recycler-smart-stow-21761-21770-2\\\/#primaryimage\"},\"thumbnailUrl\":\"https:\\\/\\\/prochaska.eu\\\/wp-content\\\/uploads\\\/2017\\\/08\\\/Recycler-21770.png\",\"datePublished\":\"2017-08-04T14:42:33+00:00\",\"breadcrumb\":{\"@id\":\"https:\\\/\\\/prochaska.eu\\\/ro\\\/produs\\\/toro-masina-de-tuns-iarba-recycler-smart-stow-21761-21770-2\\\/#breadcrumb\"},\"inLanguage\":\"ro-RO\",\"potentialAction\":[{\"@type\":\"ReadAction\",\"target\":[\"https:\\\/\\\/prochaska.eu\\\/ro\\\/produs\\\/toro-masina-de-tuns-iarba-recycler-smart-stow-21761-21770-2\\\/\"]}]},{\"@type\":\"ImageObject\",\"inLanguage\":\"ro-RO\",\"@id\":\"https:\\\/\\\/prochaska.eu\\\/ro\\\/produs\\\/toro-masina-de-tuns-iarba-recycler-smart-stow-21761-21770-2\\\/#primaryimage\",\"url\":\"https:\\\/\\\/prochaska.eu\\\/wp-content\\\/uploads\\\/2017\\\/08\\\/Recycler-21770.png\",\"contentUrl\":\"https:\\\/\\\/prochaska.eu\\\/wp-content\\\/uploads\\\/2017\\\/08\\\/Recycler-21770.png\",\"width\":1000,\"height\":1000},{\"@type\":\"BreadcrumbList\",\"@id\":\"https:\\\/\\\/prochaska.eu\\\/ro\\\/produs\\\/toro-masina-de-tuns-iarba-recycler-smart-stow-21761-21770-2\\\/#breadcrumb\",\"itemListElement\":[{\"@type\":\"ListItem\",\"position\":1,\"name\":\"Home\",\"item\":\"https:\\\/\\\/prochaska.eu\\\/ro\\\/\"},{\"@type\":\"ListItem\",\"position\":2,\"name\":\"Shop\",\"item\":\"https:\\\/\\\/prochaska.eu\\\/ro\\\/shop\\\/\"},{\"@type\":\"ListItem\",\"position\":3,\"name\":\"Toro &#8211; Ma\u0219in\u0103 de tuns iarba &#8211; Recycler &#8211; Smart Stow &#8211; 21761 &#8211; 21770\"}]},{\"@type\":\"WebSite\",\"@id\":\"https:\\\/\\\/prochaska.eu\\\/ro\\\/#website\",\"url\":\"https:\\\/\\\/prochaska.eu\\\/ro\\\/\",\"name\":\"Prochaska\",\"description\":\"Spezialist f\u00fcr Pflege von Gr\u00fcnfl\u00e4chen\",\"publisher\":{\"@id\":\"https:\\\/\\\/prochaska.eu\\\/ro\\\/#organization\"},\"potentialAction\":[{\"@type\":\"SearchAction\",\"target\":{\"@type\":\"EntryPoint\",\"urlTemplate\":\"https:\\\/\\\/prochaska.eu\\\/ro\\\/?s={search_term_string}\"},\"query-input\":{\"@type\":\"PropertyValueSpecification\",\"valueRequired\":true,\"valueName\":\"search_term_string\"}}],\"inLanguage\":\"ro-RO\"},{\"@type\":\"Organization\",\"@id\":\"https:\\\/\\\/prochaska.eu\\\/ro\\\/#organization\",\"name\":\"Prochaska\",\"url\":\"https:\\\/\\\/prochaska.eu\\\/ro\\\/\",\"logo\":{\"@type\":\"ImageObject\",\"inLanguage\":\"ro-RO\",\"@id\":\"https:\\\/\\\/prochaska.eu\\\/ro\\\/#\\\/schema\\\/logo\\\/image\\\/\",\"url\":\"https:\\\/\\\/prochaska.eu\\\/wp-content\\\/uploads\\\/2024\\\/04\\\/Prochaska_Logo_Black-1.png\",\"contentUrl\":\"https:\\\/\\\/prochaska.eu\\\/wp-content\\\/uploads\\\/2024\\\/04\\\/Prochaska_Logo_Black-1.png\",\"width\":796,\"height\":236,\"caption\":\"Prochaska\"},\"image\":{\"@id\":\"https:\\\/\\\/prochaska.eu\\\/ro\\\/#\\\/schema\\\/logo\\\/image\\\/\"},\"sameAs\":[\"https:\\\/\\\/www.facebook.com\\\/prochaska.eu\\\/\",\"https:\\\/\\\/www.instagram.com\\\/prochaska.eu\\\/\",\"https:\\\/\\\/www.linkedin.com\\\/company\\\/prochaska-handels-gmbh\"]}]}<\/script>\n<!-- \/ Yoast SEO plugin. -->","yoast_head_json":{"title":"Toro - Ma\u0219in\u0103 de tuns iarba - Recycler - Smart Stow - 21761 - 21770 - Prochaska","robots":{"index":"index","follow":"follow","max-snippet":"max-snippet:-1","max-image-preview":"max-image-preview:large","max-video-preview":"max-video-preview:-1"},"canonical":"https:\/\/prochaska.eu\/ro\/produs\/toro-masina-de-tuns-iarba-recycler-smart-stow-21761-21770-2\/","og_locale":"ro_RO","og_type":"article","og_title":"Toro - Ma\u0219in\u0103 de tuns iarba - Recycler - Smart Stow - 21761 - 21770 - Prochaska","og_description":"Toro Recycler 21770\/21761 are o l\u0103\u021bime de t\u0103iere de 55 cm \u0219i dispune de tehnologia unic\u0103 Smart Stow, care poate economisi p\u00e2n\u0103 la 70% din spa\u021biul de depozitare.","og_url":"https:\/\/prochaska.eu\/ro\/produs\/toro-masina-de-tuns-iarba-recycler-smart-stow-21761-21770-2\/","og_site_name":"Prochaska","article_publisher":"https:\/\/www.facebook.com\/prochaska.eu\/","og_image":[{"width":1000,"height":1000,"url":"https:\/\/prochaska.eu\/wp-content\/uploads\/2017\/08\/Recycler-21770.png","type":"image\/png"}],"twitter_card":"summary_large_image","twitter_misc":{"Timp estimat pentru citire":"1 minut"},"schema":{"@context":"https:\/\/schema.org","@graph":[{"@type":"WebPage","@id":"https:\/\/prochaska.eu\/ro\/produs\/toro-masina-de-tuns-iarba-recycler-smart-stow-21761-21770-2\/","url":"https:\/\/prochaska.eu\/ro\/produs\/toro-masina-de-tuns-iarba-recycler-smart-stow-21761-21770-2\/","name":"Toro - Ma\u0219in\u0103 de tuns iarba - Recycler - Smart Stow - 21761 - 21770 - Prochaska","isPartOf":{"@id":"https:\/\/prochaska.eu\/ro\/#website"},"primaryImageOfPage":{"@id":"https:\/\/prochaska.eu\/ro\/produs\/toro-masina-de-tuns-iarba-recycler-smart-stow-21761-21770-2\/#primaryimage"},"image":{"@id":"https:\/\/prochaska.eu\/ro\/produs\/toro-masina-de-tuns-iarba-recycler-smart-stow-21761-21770-2\/#primaryimage"},"thumbnailUrl":"https:\/\/prochaska.eu\/wp-content\/uploads\/2017\/08\/Recycler-21770.png","datePublished":"2017-08-04T14:42:33+00:00","breadcrumb":{"@id":"https:\/\/prochaska.eu\/ro\/produs\/toro-masina-de-tuns-iarba-recycler-smart-stow-21761-21770-2\/#breadcrumb"},"inLanguage":"ro-RO","potentialAction":[{"@type":"ReadAction","target":["https:\/\/prochaska.eu\/ro\/produs\/toro-masina-de-tuns-iarba-recycler-smart-stow-21761-21770-2\/"]}]},{"@type":"ImageObject","inLanguage":"ro-RO","@id":"https:\/\/prochaska.eu\/ro\/produs\/toro-masina-de-tuns-iarba-recycler-smart-stow-21761-21770-2\/#primaryimage","url":"https:\/\/prochaska.eu\/wp-content\/uploads\/2017\/08\/Recycler-21770.png","contentUrl":"https:\/\/prochaska.eu\/wp-content\/uploads\/2017\/08\/Recycler-21770.png","width":1000,"height":1000},{"@type":"BreadcrumbList","@id":"https:\/\/prochaska.eu\/ro\/produs\/toro-masina-de-tuns-iarba-recycler-smart-stow-21761-21770-2\/#breadcrumb","itemListElement":[{"@type":"ListItem","position":1,"name":"Home","item":"https:\/\/prochaska.eu\/ro\/"},{"@type":"ListItem","position":2,"name":"Shop","item":"https:\/\/prochaska.eu\/ro\/shop\/"},{"@type":"ListItem","position":3,"name":"Toro &#8211; Ma\u0219in\u0103 de tuns iarba &#8211; Recycler &#8211; Smart Stow &#8211; 21761 &#8211; 21770"}]},{"@type":"WebSite","@id":"https:\/\/prochaska.eu\/ro\/#website","url":"https:\/\/prochaska.eu\/ro\/","name":"Prochaska","description":"Spezialist f\u00fcr Pflege von Gr\u00fcnfl\u00e4chen","publisher":{"@id":"https:\/\/prochaska.eu\/ro\/#organization"},"potentialAction":[{"@type":"SearchAction","target":{"@type":"EntryPoint","urlTemplate":"https:\/\/prochaska.eu\/ro\/?s={search_term_string}"},"query-input":{"@type":"PropertyValueSpecification","valueRequired":true,"valueName":"search_term_string"}}],"inLanguage":"ro-RO"},{"@type":"Organization","@id":"https:\/\/prochaska.eu\/ro\/#organization","name":"Prochaska","url":"https:\/\/prochaska.eu\/ro\/","logo":{"@type":"ImageObject","inLanguage":"ro-RO","@id":"https:\/\/prochaska.eu\/ro\/#\/schema\/logo\/image\/","url":"https:\/\/prochaska.eu\/wp-content\/uploads\/2024\/04\/Prochaska_Logo_Black-1.png","contentUrl":"https:\/\/prochaska.eu\/wp-content\/uploads\/2024\/04\/Prochaska_Logo_Black-1.png","width":796,"height":236,"caption":"Prochaska"},"image":{"@id":"https:\/\/prochaska.eu\/ro\/#\/schema\/logo\/image\/"},"sameAs":["https:\/\/www.facebook.com\/prochaska.eu\/","https:\/\/www.instagram.com\/prochaska.eu\/","https:\/\/www.linkedin.com\/company\/prochaska-handels-gmbh"]}]}},"brands":[{"id":3073,"name":"Toro","slug":"toro-ro"}],"_links":{"self":[{"href":"https:\/\/prochaska.eu\/ro\/wp-json\/wp\/v2\/product\/25557","targetHints":{"allow":["GET"]}}],"collection":[{"href":"https:\/\/prochaska.eu\/ro\/wp-json\/wp\/v2\/product"}],"about":[{"href":"https:\/\/prochaska.eu\/ro\/wp-json\/wp\/v2\/types\/product"}],"version-history":[{"count":0,"href":"https:\/\/prochaska.eu\/ro\/wp-json\/wp\/v2\/product\/25557\/revisions"}],"wp:featuredmedia":[{"embeddable":true,"href":"https:\/\/prochaska.eu\/ro\/wp-json\/wp\/v2\/media\/27287"}],"wp:attachment":[{"href":"https:\/\/prochaska.eu\/ro\/wp-json\/wp\/v2\/media?parent=25557"}],"wp:term":[{"taxonomy":"pwb-brand","embeddable":true,"href":"https:\/\/prochaska.eu\/ro\/wp-json\/wp\/v2\/pwb-brand?post=25557"},{"taxonomy":"product_brand","embeddable":true,"href":"https:\/\/prochaska.eu\/ro\/wp-json\/wp\/v2\/product_brand?post=25557"},{"taxonomy":"product_cat","embeddable":true,"href":"https:\/\/prochaska.eu\/ro\/wp-json\/wp\/v2\/product_cat?post=25557"},{"taxonomy":"product_tag","embeddable":true,"href":"https:\/\/prochaska.eu\/ro\/wp-json\/wp\/v2\/product_tag?post=25557"}],"curies":[{"name":"wp","href":"https:\/\/api.w.org\/{rel}","templated":true}]}}