{"id":25569,"date":"2017-08-04T14:42:36","date_gmt":"2017-08-04T14:42:36","guid":{"rendered":"https:\/\/prochaska.eu\/product\/unitate-de-control-toro-evolution\/"},"modified":"2017-08-04T14:42:36","modified_gmt":"2017-08-04T14:42:36","slug":"unitate-de-control-toro-evolution","status":"publish","type":"product","link":"https:\/\/prochaska.eu\/ro\/produs\/unitate-de-control-toro-evolution\/","title":{"rendered":"Unitate de control Toro &#8211; Evolution"},"content":{"rendered":"<p style=\"text-align: left;\">Unitatea de control Toro Evolution este o unitate de control unic\u0103 pentru sistemele de irigare pentru gr\u0103dini private \u0219i aplica\u021bii comerciale mici. Unitatea de control poate fi extins\u0103 modular<a href=\"https:\/\/www.prochaska.eu\/produkt\/erweiterungsmodule-zu-toro-steuergeraete-evolution-4-oder-12-stationen\/\">(de la 4 la 16 sta\u021bii<\/a>) \u0219i are un sistem de meniuri intuitiv, cu op\u021biunea de programare simpl\u0103. Unitatea de control poate fi conectat\u0103 la un receptor plug-in Smart Connect cu accesorii precum un senzor meteo bazat pe ET, un senzor de podea etc.<\/p>\n<h2 style=\"text-align: left;\"><strong>Beneficiile produsului<br \/>\n<\/strong><\/h2>\n<p style=\"text-align: left;\"><strong>Interfa\u021b\u0103 de utilizator revolu\u021bionar\u0103: <\/strong>Interfa\u021ba de utilizator a unit\u0103\u021bii de control Evolution a fost dezvoltat\u0103 pentru o utilizare u\u0219oar\u0103 de c\u0103tre client. Butoanele de comand\u0103 rapid\u0103 permit accesul rapid la func\u021biile standard, iar meniul avansat utilizeaz\u0103 experien\u021ba \u0219i cuno\u0219tin\u021bele unui specialist \u00een iriga\u021bii. Toate informa\u021biile sunt afi\u0219ate pe un ecran grafic pe care se navigheaz\u0103 \u00eentr-un mod similar cu multe dispozitive electronice moderne de consum.<\/p>\n<p style=\"text-align: left;\"><strong>Actualizare simpl\u0103 la Smart Control integrat: <\/strong>Un SmartConnect op\u021bional este integrat \u00een elementul de control. Acest lucru permite comunicarea wireless direct\u0103 cu numeroase dispozitive suplimentare, inclusiv un senzor meteorologic, o telecomand\u0103 portabil\u0103 \u0219i maximum trei senzori de podea.<\/p>\n<p style=\"text-align: left;\"><strong>Programabil pe computer cu unitate USB: <\/strong>Programarea se realizeaz\u0103 pe computer utiliz\u00e2nd software-ul u\u0219or de utilizat. Programarea este transferat\u0103 c\u0103tre alte unit\u0103\u021bi de control \u00een c\u00e2teva secunde utiliz\u00e2nd o unitate USB standard. Unitatea USB permite, de asemenea, \u00eenregistrarea unit\u0103\u021bii de control; un jurnal de func\u021bionare este salvat \u00een scopuri de diagnosticare.<\/p>\n<h2 style=\"text-align: left;\"><strong>Date tehnice<\/strong><\/h2>\n<ul style=\"text-align: left;\">\n<li>286 mm l\u0103\u021bime x 197 mm \u00een\u0103l\u021bime x 114 mm ad\u00e2ncime<\/li>\n<li>Greutate: 2 kg Date electrice<\/li>\n<li>Consum de energie:<\/li>\n<li>220 V curent alternativ<\/li>\n<li>Maxim 30 W<\/li>\n<li>Aprobare CE<\/li>\n<li>Puterea de ie\u0219ire a sta\u021biei:<\/li>\n<li>24 V curent alternativ<\/li>\n<li>0,75 A pe sta\u021bie (maxim)<\/li>\n<li>0,75 A Pomp\u0103\/valv\u0103 principal\u0103<\/li>\n<li>1,0 A Sarcina total\u0103<\/li>\n<li>Protec\u021bie la supratensiune:<\/li>\n<li>6,0 KV mod neutru, 1,0 KV mod normal<\/li>\n<\/ul>\n<p style=\"text-align: left;\"><strong>Date de func\u021bionare<\/strong><\/p>\n<ul style=\"text-align: left;\">\n<li><a href=\"https:\/\/www.prochaska.eu\/produkt\/erweiterungsmodule-zu-toro-steuergeraete-evolution-4-oder-12-stationen\/\"><a href=\"https:\/\/www.prochaska.eu\/produkt\/erweiterungsmodule-zu-toro-steuergeraete-evolution-4-oder-12-stationen\/\">4 p\u00e2n\u0103 la 16 sta\u021bii, modular<\/a><\/a><\/li>\n<li>Patru sta\u021bii integrate permanent \u00een unitatea de baz\u0103<\/li>\n<li>4 \u0219i 12 sta\u021bii interschimbabile f\u0103r\u0103 \u00eentreruperea func\u021bion\u0103rii<\/li>\n<li>Un proces de calcul \u00een modul standard<\/li>\n<li>P\u00e2n\u0103 la \u0219ase procese \u00een modul extins<\/li>\n<li>Trei secven\u021be de irigare cu patru momente de pornire pentru fiecare secven\u021b\u0103<\/li>\n<li>Un proces suplimentar fix<\/li>\n<li>Dou\u0103 secven\u021be virtuale suplimentare pentru control f\u0103r\u0103 fir<\/li>\n<li>Trei selec\u021bii de secven\u021be: calendar de 7 zile, interval de la 1 zi la 30 de zile cu un maxim de \u0219apte zile de excludere, zile pare, impare cu un maxim de \u0219apte zile de excludere<\/li>\n<li>Durata de func\u021bionare a sta\u021biei de la 1 minut la 12 ore<\/li>\n<li>Ciclul \u0219i irigarea pe sta\u021bie<\/li>\n<li>Func\u021bionarea simultan\u0103 a unui num\u0103r maxim de trei zone<\/li>\n<li>Ajustarea sezonier\u0103 lunar\u0103 pe proces<\/li>\n<li>Restric\u021bii de ap\u0103 programabile (f\u0103r\u0103 irigare)<\/li>\n<li>&gt;Divizarea automat\u0103 a ciclului \u00een cazul unei ajust\u0103ri sezoniere de 100 %, secven\u021b\u0103 de func\u021bionare reglabil\u0103 p\u00e2n\u0103 la 90 de zile<\/li>\n<li>\u00cent\u00e2rziere sta\u021bie de la 1 secund\u0103 la 60 de minute<\/li>\n<li>Pornire \u00eent\u00e2rziat\u0103 a pompei de la 1 secund\u0103 la 60 de secunde<\/li>\n<li>Activarea sau dezactivarea vanei principale pentru fiecare zon\u0103<\/li>\n<li>Oprirea apei controlat\u0103 \u00een timp de la 1 zi la 14 zile<\/li>\n<li>Selectarea rapid\u0103 a timpilor de func\u021bionare manual\u0103 (30, 60 sau 90 de secunde), compatibil cu senzorii de ploaie normal \u00eenchi\u0219i<\/li>\n<li>Func\u021bia de revizuire arat\u0103 irigarea planificat\u0103<\/li>\n<li>Nume de zone \u0219i secven\u021be personalizabile<\/li>\n<li>Detectarea automat\u0103 a scurtcircuitului pentru protec\u021bia circuitului<\/li>\n<li>Diagnosticare extins\u0103 \u0219i avertismente, inclusiv consumul curent de energie<\/li>\n<li>Dou\u0103 bobine de curent pe sta\u021bie<\/li>\n<li>Memoria permanent\u0103 nu necesit\u0103 o baterie \u0219i stocheaz\u0103 programarea pentru o perioad\u0103 maxim\u0103 de cinci ani<\/li>\n<li>LED-ul de stare indic\u0103 rapid avertismentele<\/li>\n<li>Mecanism temporizator cu baterie de 9 vol\u021bi pentru programare u\u0219oar\u0103<\/li>\n<li>Smart Connect\u00ae actualizeaz\u0103 unitatea de control pentru telecomand\u0103 wireless inteligent\u0103 sau portabil\u0103<\/li>\n<li>Operatorii programeaz\u0103 software-ul Evolution pe computer \u0219i transfer\u0103 programarea prin intermediul unei unit\u0103\u021bi USB<\/li>\n<li>Carcasa exterioar\u0103 blocabil\u0103 este fabricat\u0103 din plastic durabil, rezistent la UV<\/li>\n<li>Modelele de interior au un transformator intern cu fi\u0219\u0103 de alimentare<\/li>\n<\/ul>\n<p style=\"text-align: left;\"><strong>Lista modelelor din seria Evolution<\/strong><\/p>\n<ul>\n<li style=\"text-align: left;\">EVO-4ID-EU: unitate de control interior cu 4 sta\u021bii, 220 vol\u021bi, Europa<\/li>\n<li style=\"text-align: left;\">EVO-4OD-EU: unitate de control exterior cu 4 sta\u021bii, 220 vol\u021bi, Europa<\/li>\n<\/ul>\n<h2 style=\"text-align: left;\"><strong>Accesorii op\u021bionale<\/strong><\/h2>\n<ul>\n<li style=\"text-align: left;\"><a href=\"https:\/\/www.prochaska.eu\/produkt\/erweiterungsmodule-zu-toro-steuergeraete-evolution-4-oder-12-stationen\/\">EMOD-4: modul de extensie cu 4 sta\u021bii<\/a><\/li>\n<li style=\"text-align: left;\"><a href=\"https:\/\/www.prochaska.eu\/produkt\/erweiterungsmodule-zu-toro-steuergeraete-evolution-4-oder-12-stationen\/\">EMOD-12: modul de extensie cu 12 sta\u021bii<\/a><\/li>\n<li style=\"text-align: left;\"><a href=\"https:\/\/www.prochaska.eu\/produkt\/toro-smart-connector-evo-sc-eu\/\">EVO-SC-EU: Smart Connect\u00ae<\/a><\/li>\n<li style=\"text-align: left;\"><a href=\"https:\/\/www.prochaska.eu\/produkt\/toro-bodensensor-precision-pss-kit-eu\/\">PSS-KIT-EU: Sonda de precizie a senzorului de sol TM<\/a><\/li>\n<li style=\"text-align: left;\"><a href=\"https:\/\/www.prochaska.eu\/produkt\/toro-serie-evolution-i-smart-connect-wetterstation-evo-ws-eu\/\">EVO-WS-EU: Senzor ET\/meteo<\/a><\/li>\n<li style=\"text-align: left;\"><a href=\"https:\/\/www.prochaska.eu\/produkt\/toro-serie-evolution-i-smart-connect-handfernbedienung-evo-hh-eu\/\">EVO-HH-EU: Telecomand\u0103 de \u00eentre\u021binere<\/a><\/li>\n<\/ul>\n","protected":false},"excerpt":{"rendered":"<p>Cu o interfa\u021b\u0103 utilizator intuitiv\u0103 \u0219i caracteristici exclusive, aceast\u0103 unitate de control este ideal\u0103 pentru aplica\u021bii reziden\u021biale \u0219i comerciale u\u0219oare.<\/p>\n","protected":false},"featured_media":2445,"template":"","meta":[],"pwb-brand":[3073],"product_brand":[],"product_cat":[2486,2490],"product_tag":[],"class_list":{"0":"post-25569","1":"product","2":"type-product","3":"status-publish","4":"has-post-thumbnail","6":"pwb-brand-toro-ro","7":"product_cat-irigare-ro","8":"product_cat-unitati-de-control","10":"first","11":"instock","12":"taxable","13":"shipping-taxable","14":"product-type-variable"},"yoast_head":"<!-- This site is optimized with the Yoast SEO plugin v27.4 - https:\/\/yoast.com\/product\/yoast-seo-wordpress\/ -->\n<title>Unitate de control Toro - Evolution - Prochaska<\/title>\n<meta name=\"robots\" content=\"index, follow, max-snippet:-1, max-image-preview:large, max-video-preview:-1\" \/>\n<link rel=\"canonical\" href=\"https:\/\/prochaska.eu\/ro\/produs\/unitate-de-control-toro-evolution\/\" \/>\n<meta property=\"og:locale\" content=\"ro_RO\" \/>\n<meta property=\"og:type\" content=\"article\" \/>\n<meta property=\"og:title\" content=\"Unitate de control Toro - Evolution - Prochaska\" \/>\n<meta property=\"og:description\" content=\"Cu o interfa\u021b\u0103 utilizator intuitiv\u0103 \u0219i caracteristici exclusive, aceast\u0103 unitate de control este ideal\u0103 pentru aplica\u021bii reziden\u021biale \u0219i comerciale u\u0219oare.\" \/>\n<meta property=\"og:url\" content=\"https:\/\/prochaska.eu\/ro\/produs\/unitate-de-control-toro-evolution\/\" \/>\n<meta property=\"og:site_name\" content=\"Prochaska\" \/>\n<meta property=\"article:publisher\" content=\"https:\/\/www.facebook.com\/prochaska.eu\/\" \/>\n<meta name=\"twitter:card\" content=\"summary_large_image\" \/>\n<meta name=\"twitter:label1\" content=\"Timp estimat pentru citire\" \/>\n\t<meta name=\"twitter:data1\" content=\"4 minute\" \/>\n<script type=\"application\/ld+json\" class=\"yoast-schema-graph\">{\"@context\":\"https:\\\/\\\/schema.org\",\"@graph\":[{\"@type\":\"WebPage\",\"@id\":\"https:\\\/\\\/prochaska.eu\\\/ro\\\/produs\\\/unitate-de-control-toro-evolution\\\/\",\"url\":\"https:\\\/\\\/prochaska.eu\\\/ro\\\/produs\\\/unitate-de-control-toro-evolution\\\/\",\"name\":\"Unitate de control Toro - Evolution - Prochaska\",\"isPartOf\":{\"@id\":\"https:\\\/\\\/prochaska.eu\\\/ro\\\/#website\"},\"primaryImageOfPage\":{\"@id\":\"https:\\\/\\\/prochaska.eu\\\/ro\\\/produs\\\/unitate-de-control-toro-evolution\\\/#primaryimage\"},\"image\":{\"@id\":\"https:\\\/\\\/prochaska.eu\\\/ro\\\/produs\\\/unitate-de-control-toro-evolution\\\/#primaryimage\"},\"thumbnailUrl\":\"\",\"datePublished\":\"2017-08-04T14:42:36+00:00\",\"breadcrumb\":{\"@id\":\"https:\\\/\\\/prochaska.eu\\\/ro\\\/produs\\\/unitate-de-control-toro-evolution\\\/#breadcrumb\"},\"inLanguage\":\"ro-RO\",\"potentialAction\":[{\"@type\":\"ReadAction\",\"target\":[\"https:\\\/\\\/prochaska.eu\\\/ro\\\/produs\\\/unitate-de-control-toro-evolution\\\/\"]}]},{\"@type\":\"ImageObject\",\"inLanguage\":\"ro-RO\",\"@id\":\"https:\\\/\\\/prochaska.eu\\\/ro\\\/produs\\\/unitate-de-control-toro-evolution\\\/#primaryimage\",\"url\":\"\",\"contentUrl\":\"\"},{\"@type\":\"BreadcrumbList\",\"@id\":\"https:\\\/\\\/prochaska.eu\\\/ro\\\/produs\\\/unitate-de-control-toro-evolution\\\/#breadcrumb\",\"itemListElement\":[{\"@type\":\"ListItem\",\"position\":1,\"name\":\"Home\",\"item\":\"https:\\\/\\\/prochaska.eu\\\/ro\\\/\"},{\"@type\":\"ListItem\",\"position\":2,\"name\":\"Shop\",\"item\":\"https:\\\/\\\/prochaska.eu\\\/ro\\\/shop\\\/\"},{\"@type\":\"ListItem\",\"position\":3,\"name\":\"Unitate de control Toro &#8211; Evolution\"}]},{\"@type\":\"WebSite\",\"@id\":\"https:\\\/\\\/prochaska.eu\\\/ro\\\/#website\",\"url\":\"https:\\\/\\\/prochaska.eu\\\/ro\\\/\",\"name\":\"Prochaska\",\"description\":\"Spezialist f\u00fcr Pflege von Gr\u00fcnfl\u00e4chen\",\"publisher\":{\"@id\":\"https:\\\/\\\/prochaska.eu\\\/ro\\\/#organization\"},\"potentialAction\":[{\"@type\":\"SearchAction\",\"target\":{\"@type\":\"EntryPoint\",\"urlTemplate\":\"https:\\\/\\\/prochaska.eu\\\/ro\\\/?s={search_term_string}\"},\"query-input\":{\"@type\":\"PropertyValueSpecification\",\"valueRequired\":true,\"valueName\":\"search_term_string\"}}],\"inLanguage\":\"ro-RO\"},{\"@type\":\"Organization\",\"@id\":\"https:\\\/\\\/prochaska.eu\\\/ro\\\/#organization\",\"name\":\"Prochaska\",\"url\":\"https:\\\/\\\/prochaska.eu\\\/ro\\\/\",\"logo\":{\"@type\":\"ImageObject\",\"inLanguage\":\"ro-RO\",\"@id\":\"https:\\\/\\\/prochaska.eu\\\/ro\\\/#\\\/schema\\\/logo\\\/image\\\/\",\"url\":\"https:\\\/\\\/prochaska.eu\\\/wp-content\\\/uploads\\\/2024\\\/04\\\/Prochaska_Logo_Black-1.png\",\"contentUrl\":\"https:\\\/\\\/prochaska.eu\\\/wp-content\\\/uploads\\\/2024\\\/04\\\/Prochaska_Logo_Black-1.png\",\"width\":796,\"height\":236,\"caption\":\"Prochaska\"},\"image\":{\"@id\":\"https:\\\/\\\/prochaska.eu\\\/ro\\\/#\\\/schema\\\/logo\\\/image\\\/\"},\"sameAs\":[\"https:\\\/\\\/www.facebook.com\\\/prochaska.eu\\\/\",\"https:\\\/\\\/www.instagram.com\\\/prochaska.eu\\\/\",\"https:\\\/\\\/www.linkedin.com\\\/company\\\/prochaska-handels-gmbh\"]}]}<\/script>\n<!-- \/ Yoast SEO plugin. -->","yoast_head_json":{"title":"Unitate de control Toro - Evolution - Prochaska","robots":{"index":"index","follow":"follow","max-snippet":"max-snippet:-1","max-image-preview":"max-image-preview:large","max-video-preview":"max-video-preview:-1"},"canonical":"https:\/\/prochaska.eu\/ro\/produs\/unitate-de-control-toro-evolution\/","og_locale":"ro_RO","og_type":"article","og_title":"Unitate de control Toro - Evolution - Prochaska","og_description":"Cu o interfa\u021b\u0103 utilizator intuitiv\u0103 \u0219i caracteristici exclusive, aceast\u0103 unitate de control este ideal\u0103 pentru aplica\u021bii reziden\u021biale \u0219i comerciale u\u0219oare.","og_url":"https:\/\/prochaska.eu\/ro\/produs\/unitate-de-control-toro-evolution\/","og_site_name":"Prochaska","article_publisher":"https:\/\/www.facebook.com\/prochaska.eu\/","twitter_card":"summary_large_image","twitter_misc":{"Timp estimat pentru citire":"4 minute"},"schema":{"@context":"https:\/\/schema.org","@graph":[{"@type":"WebPage","@id":"https:\/\/prochaska.eu\/ro\/produs\/unitate-de-control-toro-evolution\/","url":"https:\/\/prochaska.eu\/ro\/produs\/unitate-de-control-toro-evolution\/","name":"Unitate de control Toro - Evolution - Prochaska","isPartOf":{"@id":"https:\/\/prochaska.eu\/ro\/#website"},"primaryImageOfPage":{"@id":"https:\/\/prochaska.eu\/ro\/produs\/unitate-de-control-toro-evolution\/#primaryimage"},"image":{"@id":"https:\/\/prochaska.eu\/ro\/produs\/unitate-de-control-toro-evolution\/#primaryimage"},"thumbnailUrl":"","datePublished":"2017-08-04T14:42:36+00:00","breadcrumb":{"@id":"https:\/\/prochaska.eu\/ro\/produs\/unitate-de-control-toro-evolution\/#breadcrumb"},"inLanguage":"ro-RO","potentialAction":[{"@type":"ReadAction","target":["https:\/\/prochaska.eu\/ro\/produs\/unitate-de-control-toro-evolution\/"]}]},{"@type":"ImageObject","inLanguage":"ro-RO","@id":"https:\/\/prochaska.eu\/ro\/produs\/unitate-de-control-toro-evolution\/#primaryimage","url":"","contentUrl":""},{"@type":"BreadcrumbList","@id":"https:\/\/prochaska.eu\/ro\/produs\/unitate-de-control-toro-evolution\/#breadcrumb","itemListElement":[{"@type":"ListItem","position":1,"name":"Home","item":"https:\/\/prochaska.eu\/ro\/"},{"@type":"ListItem","position":2,"name":"Shop","item":"https:\/\/prochaska.eu\/ro\/shop\/"},{"@type":"ListItem","position":3,"name":"Unitate de control Toro &#8211; Evolution"}]},{"@type":"WebSite","@id":"https:\/\/prochaska.eu\/ro\/#website","url":"https:\/\/prochaska.eu\/ro\/","name":"Prochaska","description":"Spezialist f\u00fcr Pflege von Gr\u00fcnfl\u00e4chen","publisher":{"@id":"https:\/\/prochaska.eu\/ro\/#organization"},"potentialAction":[{"@type":"SearchAction","target":{"@type":"EntryPoint","urlTemplate":"https:\/\/prochaska.eu\/ro\/?s={search_term_string}"},"query-input":{"@type":"PropertyValueSpecification","valueRequired":true,"valueName":"search_term_string"}}],"inLanguage":"ro-RO"},{"@type":"Organization","@id":"https:\/\/prochaska.eu\/ro\/#organization","name":"Prochaska","url":"https:\/\/prochaska.eu\/ro\/","logo":{"@type":"ImageObject","inLanguage":"ro-RO","@id":"https:\/\/prochaska.eu\/ro\/#\/schema\/logo\/image\/","url":"https:\/\/prochaska.eu\/wp-content\/uploads\/2024\/04\/Prochaska_Logo_Black-1.png","contentUrl":"https:\/\/prochaska.eu\/wp-content\/uploads\/2024\/04\/Prochaska_Logo_Black-1.png","width":796,"height":236,"caption":"Prochaska"},"image":{"@id":"https:\/\/prochaska.eu\/ro\/#\/schema\/logo\/image\/"},"sameAs":["https:\/\/www.facebook.com\/prochaska.eu\/","https:\/\/www.instagram.com\/prochaska.eu\/","https:\/\/www.linkedin.com\/company\/prochaska-handels-gmbh"]}]}},"brands":[{"id":3073,"name":"Toro","slug":"toro-ro"}],"_links":{"self":[{"href":"https:\/\/prochaska.eu\/ro\/wp-json\/wp\/v2\/product\/25569","targetHints":{"allow":["GET"]}}],"collection":[{"href":"https:\/\/prochaska.eu\/ro\/wp-json\/wp\/v2\/product"}],"about":[{"href":"https:\/\/prochaska.eu\/ro\/wp-json\/wp\/v2\/types\/product"}],"version-history":[{"count":0,"href":"https:\/\/prochaska.eu\/ro\/wp-json\/wp\/v2\/product\/25569\/revisions"}],"wp:featuredmedia":[{"embeddable":true,"href":"https:\/\/prochaska.eu\/ro\/wp-json\/"}],"wp:attachment":[{"href":"https:\/\/prochaska.eu\/ro\/wp-json\/wp\/v2\/media?parent=25569"}],"wp:term":[{"taxonomy":"pwb-brand","embeddable":true,"href":"https:\/\/prochaska.eu\/ro\/wp-json\/wp\/v2\/pwb-brand?post=25569"},{"taxonomy":"product_brand","embeddable":true,"href":"https:\/\/prochaska.eu\/ro\/wp-json\/wp\/v2\/product_brand?post=25569"},{"taxonomy":"product_cat","embeddable":true,"href":"https:\/\/prochaska.eu\/ro\/wp-json\/wp\/v2\/product_cat?post=25569"},{"taxonomy":"product_tag","embeddable":true,"href":"https:\/\/prochaska.eu\/ro\/wp-json\/wp\/v2\/product_tag?post=25569"}],"curies":[{"name":"wp","href":"https:\/\/api.w.org\/{rel}","templated":true}]}}