{"id":25574,"date":"2017-08-04T14:42:29","date_gmt":"2017-08-04T14:42:29","guid":{"rendered":"https:\/\/prochaska.eu\/product\/toro-cositoare-de-gazon-timemaster-20976-21810-21815\/"},"modified":"2017-08-04T14:42:29","modified_gmt":"2017-08-04T14:42:29","slug":"toro-cositoare-de-gazon-timemaster-20976-21810-21815","status":"publish","type":"product","link":"https:\/\/prochaska.eu\/ro\/produs\/toro-cositoare-de-gazon-timemaster-20976-21810-21815\/","title":{"rendered":"Toro &#8211; Cositoare de gazon &#8211; TimeMaster &#8211; 20976 &#8211; 21810 &#8211; 21815"},"content":{"rendered":"<p style=\"text-align: left;\">Toro Recycler Timemaster 20976\/21810\/21815 are o l\u0103\u021bime de t\u0103iere de 76 cm \u0219i, prin urmare, este potrivit pentru gr\u0103dini mari de peste 1.000 m\u00b2. L\u0103\u021bimea mare de t\u0103iere reduce semnificativ timpul de cosire. Carcasa u\u0219oar\u0103 asigur\u0103 manevrabilitatea motocositoarei. Acest lucru face mai u\u0219oar\u0103 cosirea copacilor \u0219i a tufi\u0219urilor. Sistemul de tundere Dual Force cu dou\u0103 lame \u0219i lamele Toro Atomic asigur\u0103 rezultate de t\u0103iere perfecte. Resturile pot fi reciclate \u0219i colectate. Ghidonul cu pliere rapid\u0103 permite depozitarea cu economie de spa\u021biu.<\/p>\n<h2 style=\"text-align: left;\">Beneficiile produsului<\/h2>\n<ul style=\"text-align: left;\">\n<li style=\"text-align: left;\">Sistem de tundere Dual Force cu dou\u0103 lame \u0219i lama Atomic pentru un model de t\u0103iere perfect<\/li>\n<li>Mulcire cu sistem cu lam\u0103 dubl\u0103 pentru compostarea mai rapid\u0103 a resturilor t\u0103iate \u0219i furnizarea de nutrien\u021bi pentru sol<\/li>\n<li>Sistem automat de ac\u021bionare cu control al trac\u021biunii pentru o vitez\u0103 de cosire constant\u0103 \u0219i personalizat\u0103<\/li>\n<li>Bar\u0103 cu pliere rapid\u0103 pentru depozitare cu economie de spa\u021biu<\/li>\n<li>Reglarea \u00een\u0103l\u021bimii de t\u0103iere cu doar dou\u0103 m\u00e2nere<\/li>\n<li>Racord de ap\u0103 pentru cur\u0103\u021barea rapid\u0103 \u0219i u\u0219oar\u0103 a platformei de t\u0103iere inferioare<\/li>\n<\/ul>\n<h2 style=\"text-align: left;\">Accesorii op\u021bionale<\/h2>\n<ul>\n<li style=\"text-align: left;\"><a href=\"https:\/\/www.prochaska.eu\/produkt\/toro-ersatzmesser-atomic-76cm-20976\/\">Lam\u0103 de rezerv\u0103 Atomic 76 cm<\/a><\/li>\n<\/ul>\n<p><iframe title=\"Toro TimeMaster\u00ae\" width=\"800\" height=\"450\" src=\"https:\/\/www.youtube.com\/embed\/DlpOcKA9T1w?feature=oembed\" frameborder=\"0\" allow=\"accelerometer; autoplay; clipboard-write; encrypted-media; gyroscope; picture-in-picture; web-share\" referrerpolicy=\"strict-origin-when-cross-origin\" allowfullscreen><\/iframe><\/p>\n","protected":false},"excerpt":{"rendered":"<p>Toro Recycler Timemaster este potrivit pentru gr\u0103dini foarte mari \u0219i impresioneaz\u0103 prin sistemul s\u0103u de cosit Dual Force \u0219i sistemul de ac\u021bionare automat\u0103.<\/p>\n","protected":false},"featured_media":27290,"template":"","meta":[],"pwb-brand":[3073],"product_brand":[],"product_cat":[1105,1149,1071,3140],"product_tag":[],"class_list":{"0":"post-25574","1":"product","2":"type-product","3":"status-publish","4":"has-post-thumbnail","6":"pwb-brand-toro-ro","7":"product_cat-casa-si-gradina","8":"product_cat-cositoare-de-gazon","9":"product_cat-discount","10":"product_cat-reduceri-pentru-marca-toro","12":"first","13":"instock","14":"sale","15":"taxable","16":"shipping-taxable","17":"purchasable","18":"product-type-simple"},"yoast_head":"<!-- This site is optimized with the Yoast SEO plugin v27.4 - https:\/\/yoast.com\/product\/yoast-seo-wordpress\/ -->\n<title>Toro - Cositoare de gazon - TimeMaster - 20976 - 21810 - 21815 - Prochaska<\/title>\n<meta name=\"robots\" content=\"index, follow, max-snippet:-1, max-image-preview:large, max-video-preview:-1\" \/>\n<link rel=\"canonical\" href=\"https:\/\/prochaska.eu\/ro\/produs\/toro-cositoare-de-gazon-timemaster-20976-21810-21815\/\" \/>\n<meta property=\"og:locale\" content=\"ro_RO\" \/>\n<meta property=\"og:type\" content=\"article\" \/>\n<meta property=\"og:title\" content=\"Toro - Cositoare de gazon - TimeMaster - 20976 - 21810 - 21815 - Prochaska\" \/>\n<meta property=\"og:description\" content=\"Toro Recycler Timemaster este potrivit pentru gr\u0103dini foarte mari \u0219i impresioneaz\u0103 prin sistemul s\u0103u de cosit Dual Force \u0219i sistemul de ac\u021bionare automat\u0103.\" \/>\n<meta property=\"og:url\" content=\"https:\/\/prochaska.eu\/ro\/produs\/toro-cositoare-de-gazon-timemaster-20976-21810-21815\/\" \/>\n<meta property=\"og:site_name\" content=\"Prochaska\" \/>\n<meta property=\"article:publisher\" content=\"https:\/\/www.facebook.com\/prochaska.eu\/\" \/>\n<meta property=\"og:image\" content=\"https:\/\/prochaska.eu\/wp-content\/uploads\/2017\/08\/TimeMaster-21810.png\" \/>\n\t<meta property=\"og:image:width\" content=\"1000\" \/>\n\t<meta property=\"og:image:height\" content=\"1000\" \/>\n\t<meta property=\"og:image:type\" content=\"image\/png\" \/>\n<meta name=\"twitter:card\" content=\"summary_large_image\" \/>\n<meta name=\"twitter:label1\" content=\"Timp estimat pentru citire\" \/>\n\t<meta name=\"twitter:data1\" content=\"1 minut\" \/>\n<script type=\"application\/ld+json\" class=\"yoast-schema-graph\">{\"@context\":\"https:\\\/\\\/schema.org\",\"@graph\":[{\"@type\":\"WebPage\",\"@id\":\"https:\\\/\\\/prochaska.eu\\\/ro\\\/produs\\\/toro-cositoare-de-gazon-timemaster-20976-21810-21815\\\/\",\"url\":\"https:\\\/\\\/prochaska.eu\\\/ro\\\/produs\\\/toro-cositoare-de-gazon-timemaster-20976-21810-21815\\\/\",\"name\":\"Toro - Cositoare de gazon - TimeMaster - 20976 - 21810 - 21815 - Prochaska\",\"isPartOf\":{\"@id\":\"https:\\\/\\\/prochaska.eu\\\/ro\\\/#website\"},\"primaryImageOfPage\":{\"@id\":\"https:\\\/\\\/prochaska.eu\\\/ro\\\/produs\\\/toro-cositoare-de-gazon-timemaster-20976-21810-21815\\\/#primaryimage\"},\"image\":{\"@id\":\"https:\\\/\\\/prochaska.eu\\\/ro\\\/produs\\\/toro-cositoare-de-gazon-timemaster-20976-21810-21815\\\/#primaryimage\"},\"thumbnailUrl\":\"https:\\\/\\\/prochaska.eu\\\/wp-content\\\/uploads\\\/2017\\\/08\\\/TimeMaster-21810.png\",\"datePublished\":\"2017-08-04T14:42:29+00:00\",\"breadcrumb\":{\"@id\":\"https:\\\/\\\/prochaska.eu\\\/ro\\\/produs\\\/toro-cositoare-de-gazon-timemaster-20976-21810-21815\\\/#breadcrumb\"},\"inLanguage\":\"ro-RO\",\"potentialAction\":[{\"@type\":\"ReadAction\",\"target\":[\"https:\\\/\\\/prochaska.eu\\\/ro\\\/produs\\\/toro-cositoare-de-gazon-timemaster-20976-21810-21815\\\/\"]}]},{\"@type\":\"ImageObject\",\"inLanguage\":\"ro-RO\",\"@id\":\"https:\\\/\\\/prochaska.eu\\\/ro\\\/produs\\\/toro-cositoare-de-gazon-timemaster-20976-21810-21815\\\/#primaryimage\",\"url\":\"https:\\\/\\\/prochaska.eu\\\/wp-content\\\/uploads\\\/2017\\\/08\\\/TimeMaster-21810.png\",\"contentUrl\":\"https:\\\/\\\/prochaska.eu\\\/wp-content\\\/uploads\\\/2017\\\/08\\\/TimeMaster-21810.png\",\"width\":1000,\"height\":1000},{\"@type\":\"BreadcrumbList\",\"@id\":\"https:\\\/\\\/prochaska.eu\\\/ro\\\/produs\\\/toro-cositoare-de-gazon-timemaster-20976-21810-21815\\\/#breadcrumb\",\"itemListElement\":[{\"@type\":\"ListItem\",\"position\":1,\"name\":\"Home\",\"item\":\"https:\\\/\\\/prochaska.eu\\\/ro\\\/\"},{\"@type\":\"ListItem\",\"position\":2,\"name\":\"Shop\",\"item\":\"https:\\\/\\\/prochaska.eu\\\/ro\\\/shop\\\/\"},{\"@type\":\"ListItem\",\"position\":3,\"name\":\"Toro &#8211; Cositoare de gazon &#8211; TimeMaster &#8211; 20976 &#8211; 21810 &#8211; 21815\"}]},{\"@type\":\"WebSite\",\"@id\":\"https:\\\/\\\/prochaska.eu\\\/ro\\\/#website\",\"url\":\"https:\\\/\\\/prochaska.eu\\\/ro\\\/\",\"name\":\"Prochaska\",\"description\":\"Spezialist f\u00fcr Pflege von Gr\u00fcnfl\u00e4chen\",\"publisher\":{\"@id\":\"https:\\\/\\\/prochaska.eu\\\/ro\\\/#organization\"},\"potentialAction\":[{\"@type\":\"SearchAction\",\"target\":{\"@type\":\"EntryPoint\",\"urlTemplate\":\"https:\\\/\\\/prochaska.eu\\\/ro\\\/?s={search_term_string}\"},\"query-input\":{\"@type\":\"PropertyValueSpecification\",\"valueRequired\":true,\"valueName\":\"search_term_string\"}}],\"inLanguage\":\"ro-RO\"},{\"@type\":\"Organization\",\"@id\":\"https:\\\/\\\/prochaska.eu\\\/ro\\\/#organization\",\"name\":\"Prochaska\",\"url\":\"https:\\\/\\\/prochaska.eu\\\/ro\\\/\",\"logo\":{\"@type\":\"ImageObject\",\"inLanguage\":\"ro-RO\",\"@id\":\"https:\\\/\\\/prochaska.eu\\\/ro\\\/#\\\/schema\\\/logo\\\/image\\\/\",\"url\":\"https:\\\/\\\/prochaska.eu\\\/wp-content\\\/uploads\\\/2024\\\/04\\\/Prochaska_Logo_Black-1.png\",\"contentUrl\":\"https:\\\/\\\/prochaska.eu\\\/wp-content\\\/uploads\\\/2024\\\/04\\\/Prochaska_Logo_Black-1.png\",\"width\":796,\"height\":236,\"caption\":\"Prochaska\"},\"image\":{\"@id\":\"https:\\\/\\\/prochaska.eu\\\/ro\\\/#\\\/schema\\\/logo\\\/image\\\/\"},\"sameAs\":[\"https:\\\/\\\/www.facebook.com\\\/prochaska.eu\\\/\",\"https:\\\/\\\/www.instagram.com\\\/prochaska.eu\\\/\",\"https:\\\/\\\/www.linkedin.com\\\/company\\\/prochaska-handels-gmbh\"]}]}<\/script>\n<!-- \/ Yoast SEO plugin. -->","yoast_head_json":{"title":"Toro - Cositoare de gazon - TimeMaster - 20976 - 21810 - 21815 - Prochaska","robots":{"index":"index","follow":"follow","max-snippet":"max-snippet:-1","max-image-preview":"max-image-preview:large","max-video-preview":"max-video-preview:-1"},"canonical":"https:\/\/prochaska.eu\/ro\/produs\/toro-cositoare-de-gazon-timemaster-20976-21810-21815\/","og_locale":"ro_RO","og_type":"article","og_title":"Toro - Cositoare de gazon - TimeMaster - 20976 - 21810 - 21815 - Prochaska","og_description":"Toro Recycler Timemaster este potrivit pentru gr\u0103dini foarte mari \u0219i impresioneaz\u0103 prin sistemul s\u0103u de cosit Dual Force \u0219i sistemul de ac\u021bionare automat\u0103.","og_url":"https:\/\/prochaska.eu\/ro\/produs\/toro-cositoare-de-gazon-timemaster-20976-21810-21815\/","og_site_name":"Prochaska","article_publisher":"https:\/\/www.facebook.com\/prochaska.eu\/","og_image":[{"width":1000,"height":1000,"url":"https:\/\/prochaska.eu\/wp-content\/uploads\/2017\/08\/TimeMaster-21810.png","type":"image\/png"}],"twitter_card":"summary_large_image","twitter_misc":{"Timp estimat pentru citire":"1 minut"},"schema":{"@context":"https:\/\/schema.org","@graph":[{"@type":"WebPage","@id":"https:\/\/prochaska.eu\/ro\/produs\/toro-cositoare-de-gazon-timemaster-20976-21810-21815\/","url":"https:\/\/prochaska.eu\/ro\/produs\/toro-cositoare-de-gazon-timemaster-20976-21810-21815\/","name":"Toro - Cositoare de gazon - TimeMaster - 20976 - 21810 - 21815 - Prochaska","isPartOf":{"@id":"https:\/\/prochaska.eu\/ro\/#website"},"primaryImageOfPage":{"@id":"https:\/\/prochaska.eu\/ro\/produs\/toro-cositoare-de-gazon-timemaster-20976-21810-21815\/#primaryimage"},"image":{"@id":"https:\/\/prochaska.eu\/ro\/produs\/toro-cositoare-de-gazon-timemaster-20976-21810-21815\/#primaryimage"},"thumbnailUrl":"https:\/\/prochaska.eu\/wp-content\/uploads\/2017\/08\/TimeMaster-21810.png","datePublished":"2017-08-04T14:42:29+00:00","breadcrumb":{"@id":"https:\/\/prochaska.eu\/ro\/produs\/toro-cositoare-de-gazon-timemaster-20976-21810-21815\/#breadcrumb"},"inLanguage":"ro-RO","potentialAction":[{"@type":"ReadAction","target":["https:\/\/prochaska.eu\/ro\/produs\/toro-cositoare-de-gazon-timemaster-20976-21810-21815\/"]}]},{"@type":"ImageObject","inLanguage":"ro-RO","@id":"https:\/\/prochaska.eu\/ro\/produs\/toro-cositoare-de-gazon-timemaster-20976-21810-21815\/#primaryimage","url":"https:\/\/prochaska.eu\/wp-content\/uploads\/2017\/08\/TimeMaster-21810.png","contentUrl":"https:\/\/prochaska.eu\/wp-content\/uploads\/2017\/08\/TimeMaster-21810.png","width":1000,"height":1000},{"@type":"BreadcrumbList","@id":"https:\/\/prochaska.eu\/ro\/produs\/toro-cositoare-de-gazon-timemaster-20976-21810-21815\/#breadcrumb","itemListElement":[{"@type":"ListItem","position":1,"name":"Home","item":"https:\/\/prochaska.eu\/ro\/"},{"@type":"ListItem","position":2,"name":"Shop","item":"https:\/\/prochaska.eu\/ro\/shop\/"},{"@type":"ListItem","position":3,"name":"Toro &#8211; Cositoare de gazon &#8211; TimeMaster &#8211; 20976 &#8211; 21810 &#8211; 21815"}]},{"@type":"WebSite","@id":"https:\/\/prochaska.eu\/ro\/#website","url":"https:\/\/prochaska.eu\/ro\/","name":"Prochaska","description":"Spezialist f\u00fcr Pflege von Gr\u00fcnfl\u00e4chen","publisher":{"@id":"https:\/\/prochaska.eu\/ro\/#organization"},"potentialAction":[{"@type":"SearchAction","target":{"@type":"EntryPoint","urlTemplate":"https:\/\/prochaska.eu\/ro\/?s={search_term_string}"},"query-input":{"@type":"PropertyValueSpecification","valueRequired":true,"valueName":"search_term_string"}}],"inLanguage":"ro-RO"},{"@type":"Organization","@id":"https:\/\/prochaska.eu\/ro\/#organization","name":"Prochaska","url":"https:\/\/prochaska.eu\/ro\/","logo":{"@type":"ImageObject","inLanguage":"ro-RO","@id":"https:\/\/prochaska.eu\/ro\/#\/schema\/logo\/image\/","url":"https:\/\/prochaska.eu\/wp-content\/uploads\/2024\/04\/Prochaska_Logo_Black-1.png","contentUrl":"https:\/\/prochaska.eu\/wp-content\/uploads\/2024\/04\/Prochaska_Logo_Black-1.png","width":796,"height":236,"caption":"Prochaska"},"image":{"@id":"https:\/\/prochaska.eu\/ro\/#\/schema\/logo\/image\/"},"sameAs":["https:\/\/www.facebook.com\/prochaska.eu\/","https:\/\/www.instagram.com\/prochaska.eu\/","https:\/\/www.linkedin.com\/company\/prochaska-handels-gmbh"]}]}},"brands":[{"id":3073,"name":"Toro","slug":"toro-ro"}],"_links":{"self":[{"href":"https:\/\/prochaska.eu\/ro\/wp-json\/wp\/v2\/product\/25574","targetHints":{"allow":["GET"]}}],"collection":[{"href":"https:\/\/prochaska.eu\/ro\/wp-json\/wp\/v2\/product"}],"about":[{"href":"https:\/\/prochaska.eu\/ro\/wp-json\/wp\/v2\/types\/product"}],"version-history":[{"count":0,"href":"https:\/\/prochaska.eu\/ro\/wp-json\/wp\/v2\/product\/25574\/revisions"}],"wp:featuredmedia":[{"embeddable":true,"href":"https:\/\/prochaska.eu\/ro\/wp-json\/wp\/v2\/media\/27290"}],"wp:attachment":[{"href":"https:\/\/prochaska.eu\/ro\/wp-json\/wp\/v2\/media?parent=25574"}],"wp:term":[{"taxonomy":"pwb-brand","embeddable":true,"href":"https:\/\/prochaska.eu\/ro\/wp-json\/wp\/v2\/pwb-brand?post=25574"},{"taxonomy":"product_brand","embeddable":true,"href":"https:\/\/prochaska.eu\/ro\/wp-json\/wp\/v2\/product_brand?post=25574"},{"taxonomy":"product_cat","embeddable":true,"href":"https:\/\/prochaska.eu\/ro\/wp-json\/wp\/v2\/product_cat?post=25574"},{"taxonomy":"product_tag","embeddable":true,"href":"https:\/\/prochaska.eu\/ro\/wp-json\/wp\/v2\/product_tag?post=25574"}],"curies":[{"name":"wp","href":"https:\/\/api.w.org\/{rel}","templated":true}]}}