{"id":25592,"date":"2017-08-04T14:42:29","date_gmt":"2017-08-04T14:42:29","guid":{"rendered":"https:\/\/prochaska.eu\/product\/toro-cositoare-de-gazon-hoverpro-550-02617-2\/"},"modified":"2017-08-04T14:42:29","modified_gmt":"2017-08-04T14:42:29","slug":"toro-cositoare-de-gazon-hoverpro-550-02617-2","status":"publish","type":"product","link":"https:\/\/prochaska.eu\/ro\/produs\/toro-cositoare-de-gazon-hoverpro-550-02617-2\/","title":{"rendered":"Toro &#8211; Cositoare de gazon &#8211; HoverPro 550 &#8211; 02617"},"content":{"rendered":"<p>Motocoasa cu pern\u0103 de aer HoverPro de la Toro are putere suplimentar\u0103 \u0219i o l\u0103\u021bime de t\u0103iere mai mare pentru a acoperi suprafe\u021be mai mari mai rapid. Ma\u0219ina de tuns iarba este, de asemenea, solu\u021bia ideal\u0103 pentru zonele greu accesibile, are o carcas\u0103 din aluminiu rezistent la rugin\u0103 \u0219i o platform\u0103 de tuns iarba u\u0219oar\u0103 din ABS turnat prin injec\u021bie. Unitatea ob\u021bine rezultate bune \u00een condi\u021bii extreme \u0219i \u00een zone de cosit dificile, cu un control \u0219i o stabilitate mai bune. Exist\u0103, de asemenea, un raport putere\/greutate excelent, deoarece ma\u0219ina de tuns iarba este fabricat\u0103 pentru a fi u\u0219oar\u0103. Deoarece ma\u0219ina de tuns iarba nu are ro\u021bi, ci plute\u0219te pe o pern\u0103 de aer, riscul ca ma\u0219ina de tuns iarba s\u0103 treac\u0103 peste margine este redus. Prin urmare, HoverPro este ideal \u0219i pentru pante abrupte \u0219i pentru \u00eengrijirea gazonului \u00een jurul straturilor de flori.<\/p>\n<h2 style=\"text-align: left;\">Avantajele produsului<\/h2>\n<ul>\n<li style=\"text-align: left;\">Ideal pentru lucrul pe suprafe\u021be mari sau dificile<\/li>\n<li style=\"text-align: left;\">De asemenea, potrivit pentru pante abrupte \u0219i \u00eengrijirea gazonului \u00een jurul straturilor de flori<\/li>\n<li style=\"text-align: left;\">Dispune de o carcas\u0103 din aluminiu \u0219i o platform\u0103 de tuns iarba turnat\u0103 prin injec\u021bie ABS<\/li>\n<li style=\"text-align: left;\">Control \u0219i stabilitate mai bune \u00een compara\u021bie cu cositoarele conven\u021bionale<\/li>\n<\/ul>\n<h2>Accesorii op\u021bionale<\/h2>\n<ul>\n<li><a href=\"https:\/\/www.prochaska.eu\/produkt\/toro-griffverlaengerung-hoverpro500-02623\/\">Extensie m\u00e2ner (02623)<\/a><\/li>\n<li><a href=\"https:\/\/www.prochaska.eu\/produkt\/toro-transportraeder-fuer-hover-pro-500-02622\/\">Set ro\u021bi de transport (02622)<\/a><\/li>\n<\/ul>\n<p><iframe title=\"Toro\u00ae HoverPro\u00ae Series Mowers\" width=\"800\" height=\"450\" src=\"https:\/\/www.youtube.com\/embed\/plHVt6gqQg8?start=10&#038;feature=oembed\" frameborder=\"0\" allow=\"accelerometer; autoplay; clipboard-write; encrypted-media; gyroscope; picture-in-picture; web-share\" referrerpolicy=\"strict-origin-when-cross-origin\" allowfullscreen><\/iframe><\/p>\n","protected":false},"excerpt":{"rendered":"<p>HoverPro este solu\u021bia ideal\u0103 pentru zonele greu accesibile pentru motocositoarele conven\u021bionale cu ro\u021bi.<\/p>\n","protected":false},"featured_media":0,"template":"","meta":[],"pwb-brand":[3073],"product_brand":[],"product_cat":[1535],"product_tag":[],"class_list":{"0":"post-25592","1":"product","2":"type-product","3":"status-publish","5":"pwb-brand-toro-ro","6":"product_cat-pregatirea-solului-ro","8":"first","9":"outofstock","10":"taxable","11":"shipping-taxable","12":"purchasable","13":"product-type-variable"},"yoast_head":"<!-- This site is optimized with the Yoast SEO plugin v27.5 - https:\/\/yoast.com\/product\/yoast-seo-wordpress\/ -->\n<title>Toro - Cositoare de gazon - HoverPro 550 - 02617 - Prochaska<\/title>\n<meta name=\"robots\" content=\"index, follow, max-snippet:-1, max-image-preview:large, max-video-preview:-1\" \/>\n<link rel=\"canonical\" href=\"https:\/\/prochaska.eu\/ro\/produs\/toro-cositoare-de-gazon-hoverpro-550-02617-2\/\" \/>\n<meta property=\"og:locale\" content=\"ro_RO\" \/>\n<meta property=\"og:type\" content=\"article\" \/>\n<meta property=\"og:title\" content=\"Toro - Cositoare de gazon - HoverPro 550 - 02617 - Prochaska\" \/>\n<meta property=\"og:description\" content=\"HoverPro este solu\u021bia ideal\u0103 pentru zonele greu accesibile pentru motocositoarele conven\u021bionale cu ro\u021bi.\" \/>\n<meta property=\"og:url\" content=\"https:\/\/prochaska.eu\/ro\/produs\/toro-cositoare-de-gazon-hoverpro-550-02617-2\/\" \/>\n<meta property=\"og:site_name\" content=\"Prochaska\" \/>\n<meta property=\"article:publisher\" content=\"https:\/\/www.facebook.com\/prochaska.eu\/\" \/>\n<meta name=\"twitter:card\" content=\"summary_large_image\" \/>\n<meta name=\"twitter:label1\" content=\"Timp estimat pentru citire\" \/>\n\t<meta name=\"twitter:data1\" content=\"1 minut\" \/>\n<script type=\"application\/ld+json\" class=\"yoast-schema-graph\">{\"@context\":\"https:\\\/\\\/schema.org\",\"@graph\":[{\"@type\":\"WebPage\",\"@id\":\"https:\\\/\\\/prochaska.eu\\\/ro\\\/produs\\\/toro-cositoare-de-gazon-hoverpro-550-02617-2\\\/\",\"url\":\"https:\\\/\\\/prochaska.eu\\\/ro\\\/produs\\\/toro-cositoare-de-gazon-hoverpro-550-02617-2\\\/\",\"name\":\"Toro - Cositoare de gazon - HoverPro 550 - 02617 - Prochaska\",\"isPartOf\":{\"@id\":\"https:\\\/\\\/prochaska.eu\\\/ro\\\/#website\"},\"datePublished\":\"2017-08-04T14:42:29+00:00\",\"breadcrumb\":{\"@id\":\"https:\\\/\\\/prochaska.eu\\\/ro\\\/produs\\\/toro-cositoare-de-gazon-hoverpro-550-02617-2\\\/#breadcrumb\"},\"inLanguage\":\"ro-RO\",\"potentialAction\":[{\"@type\":\"ReadAction\",\"target\":[\"https:\\\/\\\/prochaska.eu\\\/ro\\\/produs\\\/toro-cositoare-de-gazon-hoverpro-550-02617-2\\\/\"]}]},{\"@type\":\"BreadcrumbList\",\"@id\":\"https:\\\/\\\/prochaska.eu\\\/ro\\\/produs\\\/toro-cositoare-de-gazon-hoverpro-550-02617-2\\\/#breadcrumb\",\"itemListElement\":[{\"@type\":\"ListItem\",\"position\":1,\"name\":\"Home\",\"item\":\"https:\\\/\\\/prochaska.eu\\\/ro\\\/\"},{\"@type\":\"ListItem\",\"position\":2,\"name\":\"Shop\",\"item\":\"https:\\\/\\\/prochaska.eu\\\/ro\\\/shop\\\/\"},{\"@type\":\"ListItem\",\"position\":3,\"name\":\"Toro &#8211; Cositoare de gazon &#8211; HoverPro 550 &#8211; 02617\"}]},{\"@type\":\"WebSite\",\"@id\":\"https:\\\/\\\/prochaska.eu\\\/ro\\\/#website\",\"url\":\"https:\\\/\\\/prochaska.eu\\\/ro\\\/\",\"name\":\"Prochaska\",\"description\":\"Spezialist f\u00fcr Pflege von Gr\u00fcnfl\u00e4chen\",\"publisher\":{\"@id\":\"https:\\\/\\\/prochaska.eu\\\/ro\\\/#organization\"},\"potentialAction\":[{\"@type\":\"SearchAction\",\"target\":{\"@type\":\"EntryPoint\",\"urlTemplate\":\"https:\\\/\\\/prochaska.eu\\\/ro\\\/?s={search_term_string}\"},\"query-input\":{\"@type\":\"PropertyValueSpecification\",\"valueRequired\":true,\"valueName\":\"search_term_string\"}}],\"inLanguage\":\"ro-RO\"},{\"@type\":\"Organization\",\"@id\":\"https:\\\/\\\/prochaska.eu\\\/ro\\\/#organization\",\"name\":\"Prochaska\",\"url\":\"https:\\\/\\\/prochaska.eu\\\/ro\\\/\",\"logo\":{\"@type\":\"ImageObject\",\"inLanguage\":\"ro-RO\",\"@id\":\"https:\\\/\\\/prochaska.eu\\\/ro\\\/#\\\/schema\\\/logo\\\/image\\\/\",\"url\":\"https:\\\/\\\/prochaska.eu\\\/wp-content\\\/uploads\\\/2024\\\/04\\\/Prochaska_Logo_Black-1.png\",\"contentUrl\":\"https:\\\/\\\/prochaska.eu\\\/wp-content\\\/uploads\\\/2024\\\/04\\\/Prochaska_Logo_Black-1.png\",\"width\":796,\"height\":236,\"caption\":\"Prochaska\"},\"image\":{\"@id\":\"https:\\\/\\\/prochaska.eu\\\/ro\\\/#\\\/schema\\\/logo\\\/image\\\/\"},\"sameAs\":[\"https:\\\/\\\/www.facebook.com\\\/prochaska.eu\\\/\",\"https:\\\/\\\/www.instagram.com\\\/prochaska.eu\\\/\",\"https:\\\/\\\/www.linkedin.com\\\/company\\\/prochaska-handels-gmbh\"]}]}<\/script>\n<!-- \/ Yoast SEO plugin. -->","yoast_head_json":{"title":"Toro - Cositoare de gazon - HoverPro 550 - 02617 - Prochaska","robots":{"index":"index","follow":"follow","max-snippet":"max-snippet:-1","max-image-preview":"max-image-preview:large","max-video-preview":"max-video-preview:-1"},"canonical":"https:\/\/prochaska.eu\/ro\/produs\/toro-cositoare-de-gazon-hoverpro-550-02617-2\/","og_locale":"ro_RO","og_type":"article","og_title":"Toro - Cositoare de gazon - HoverPro 550 - 02617 - Prochaska","og_description":"HoverPro este solu\u021bia ideal\u0103 pentru zonele greu accesibile pentru motocositoarele conven\u021bionale cu ro\u021bi.","og_url":"https:\/\/prochaska.eu\/ro\/produs\/toro-cositoare-de-gazon-hoverpro-550-02617-2\/","og_site_name":"Prochaska","article_publisher":"https:\/\/www.facebook.com\/prochaska.eu\/","twitter_card":"summary_large_image","twitter_misc":{"Timp estimat pentru citire":"1 minut"},"schema":{"@context":"https:\/\/schema.org","@graph":[{"@type":"WebPage","@id":"https:\/\/prochaska.eu\/ro\/produs\/toro-cositoare-de-gazon-hoverpro-550-02617-2\/","url":"https:\/\/prochaska.eu\/ro\/produs\/toro-cositoare-de-gazon-hoverpro-550-02617-2\/","name":"Toro - Cositoare de gazon - HoverPro 550 - 02617 - Prochaska","isPartOf":{"@id":"https:\/\/prochaska.eu\/ro\/#website"},"datePublished":"2017-08-04T14:42:29+00:00","breadcrumb":{"@id":"https:\/\/prochaska.eu\/ro\/produs\/toro-cositoare-de-gazon-hoverpro-550-02617-2\/#breadcrumb"},"inLanguage":"ro-RO","potentialAction":[{"@type":"ReadAction","target":["https:\/\/prochaska.eu\/ro\/produs\/toro-cositoare-de-gazon-hoverpro-550-02617-2\/"]}]},{"@type":"BreadcrumbList","@id":"https:\/\/prochaska.eu\/ro\/produs\/toro-cositoare-de-gazon-hoverpro-550-02617-2\/#breadcrumb","itemListElement":[{"@type":"ListItem","position":1,"name":"Home","item":"https:\/\/prochaska.eu\/ro\/"},{"@type":"ListItem","position":2,"name":"Shop","item":"https:\/\/prochaska.eu\/ro\/shop\/"},{"@type":"ListItem","position":3,"name":"Toro &#8211; Cositoare de gazon &#8211; HoverPro 550 &#8211; 02617"}]},{"@type":"WebSite","@id":"https:\/\/prochaska.eu\/ro\/#website","url":"https:\/\/prochaska.eu\/ro\/","name":"Prochaska","description":"Spezialist f\u00fcr Pflege von Gr\u00fcnfl\u00e4chen","publisher":{"@id":"https:\/\/prochaska.eu\/ro\/#organization"},"potentialAction":[{"@type":"SearchAction","target":{"@type":"EntryPoint","urlTemplate":"https:\/\/prochaska.eu\/ro\/?s={search_term_string}"},"query-input":{"@type":"PropertyValueSpecification","valueRequired":true,"valueName":"search_term_string"}}],"inLanguage":"ro-RO"},{"@type":"Organization","@id":"https:\/\/prochaska.eu\/ro\/#organization","name":"Prochaska","url":"https:\/\/prochaska.eu\/ro\/","logo":{"@type":"ImageObject","inLanguage":"ro-RO","@id":"https:\/\/prochaska.eu\/ro\/#\/schema\/logo\/image\/","url":"https:\/\/prochaska.eu\/wp-content\/uploads\/2024\/04\/Prochaska_Logo_Black-1.png","contentUrl":"https:\/\/prochaska.eu\/wp-content\/uploads\/2024\/04\/Prochaska_Logo_Black-1.png","width":796,"height":236,"caption":"Prochaska"},"image":{"@id":"https:\/\/prochaska.eu\/ro\/#\/schema\/logo\/image\/"},"sameAs":["https:\/\/www.facebook.com\/prochaska.eu\/","https:\/\/www.instagram.com\/prochaska.eu\/","https:\/\/www.linkedin.com\/company\/prochaska-handels-gmbh"]}]}},"brands":[{"id":3073,"name":"Toro","slug":"toro-ro"}],"_links":{"self":[{"href":"https:\/\/prochaska.eu\/ro\/wp-json\/wp\/v2\/product\/25592","targetHints":{"allow":["GET"]}}],"collection":[{"href":"https:\/\/prochaska.eu\/ro\/wp-json\/wp\/v2\/product"}],"about":[{"href":"https:\/\/prochaska.eu\/ro\/wp-json\/wp\/v2\/types\/product"}],"version-history":[{"count":0,"href":"https:\/\/prochaska.eu\/ro\/wp-json\/wp\/v2\/product\/25592\/revisions"}],"wp:attachment":[{"href":"https:\/\/prochaska.eu\/ro\/wp-json\/wp\/v2\/media?parent=25592"}],"wp:term":[{"taxonomy":"pwb-brand","embeddable":true,"href":"https:\/\/prochaska.eu\/ro\/wp-json\/wp\/v2\/pwb-brand?post=25592"},{"taxonomy":"product_brand","embeddable":true,"href":"https:\/\/prochaska.eu\/ro\/wp-json\/wp\/v2\/product_brand?post=25592"},{"taxonomy":"product_cat","embeddable":true,"href":"https:\/\/prochaska.eu\/ro\/wp-json\/wp\/v2\/product_cat?post=25592"},{"taxonomy":"product_tag","embeddable":true,"href":"https:\/\/prochaska.eu\/ro\/wp-json\/wp\/v2\/product_tag?post=25592"}],"curies":[{"name":"wp","href":"https:\/\/api.w.org\/{rel}","templated":true}]}}