{"id":25593,"date":"2017-08-04T14:42:37","date_gmt":"2017-08-04T14:42:37","guid":{"rendered":"https:\/\/prochaska.eu\/product\/seria-toro-t5\/"},"modified":"2017-08-04T14:42:37","modified_gmt":"2017-08-04T14:42:37","slug":"seria-toro-t5","status":"publish","type":"product","link":"https:\/\/prochaska.eu\/ro\/produs\/seria-toro-t5\/","title":{"rendered":"Seria TORO T5"},"content":{"rendered":"<p style=\"text-align: left;\"><a href=\"https:\/\/www.prochaska.eu\/wp-content\/uploads\/2021\/01\/200-5904_T5Rapidset-Trifold-Brochure_de.pdf\">Aspersoarele cu angrenaj din seria<\/a> Toro\u00ae <a href=\"https:\/\/www.prochaska.eu\/wp-content\/uploads\/2021\/01\/200-5904_T5Rapidset-Trifold-Brochure_de.pdf\">T5 RAPIDSET<\/a> \u00eendeplinesc toate cerin\u021bele de baz\u0103 de irigare \u0219i surprind cu c\u00e2teva extra.<\/p>\n<h2 style=\"text-align: left;\">Caracteristici \u0219i beneficii<\/h2>\n<ul style=\"text-align: left;\">\n<li>Aspersor pop-up de 127 mm (5&#8243;): \u00cenlocuie\u0219te cu u\u0219urin\u021b\u0103 multe dispozitive concurente de 100 mm (4&#8243;) de aceea\u0219i dimensiune, dar are o \u00een\u0103l\u021bime suplimentar\u0103 de 2,5 cm (1&#8243;).<\/li>\n<li>Capac de cauciuc standard: Partea superioar\u0103 a aspersorului este acoperit\u0103 cu un capac de cauciuc robust pentru a minimiza r\u0103nile provocate de impact.<\/li>\n<li>Set de duze: T5 are o structur\u0103 complet\u0103 de duze cu 8 duze standard (25\u00b0) \u0219i patru duze cu unghi redus (10\u00b0).<\/li>\n<li>Supap\u0103 antiretur op\u021bional\u0103: Men\u021bine coloana de ap\u0103 p\u00e2n\u0103 la 2,1 m (7&#8242;).<\/li>\n<li>Reglarea accesibil\u0103 a sectorului: T5 poate fi setat la un unghi minim de 40\u00b0 \u0219i la un cerc complet de 360\u00b0. Sectorul se regleaz\u0103 cu ajutorul unei \u0219urubelni\u021be de pe partea superioar\u0103 a aspersorului.<\/li>\n<li>Reglarea sectorului RapidSet: Reglarea simpl\u0103 a sectorului f\u0103r\u0103 unelte evit\u0103 str\u00e2ngerea excesiv\u0103 \u0219i posibila deteriorare a sprinklerului cutiei de viteze.<\/li>\n<\/ul>\n<p>Informa\u021bii suplimentare pot fi g\u0103site \u00een bro\u0219ura Toro &#8211; <a href=\"https:\/\/www.prochaska.eu\/wp-content\/uploads\/2021\/01\/200-5904_T5Rapidset-Trifold-Brochure_de.pdf\">T5 RAPIDSET<\/a><\/p>\n<h2 style=\"text-align: left;\">Specifica\u021bii tehnice<\/h2>\n<ul style=\"text-align: left;\">\n<li style=\"text-align: left;\">Raza de aruncare: 7,6 &#8211; 15,2 m (25&#8242;-50&#8242;)<\/li>\n<li style=\"text-align: left;\">Debit: 2,8 p\u00e2n\u0103 la 36,5 l\/min (0,76 p\u00e2n\u0103 la 9,63 GPM)<\/li>\n<li style=\"text-align: left;\">Intervalul presiunii de lucru: 25-70 PSI (1,7-4,8 bar)<\/li>\n<li style=\"text-align: left;\">Unghi de evacuare: 25\u00b0 standard, 10\u00b0 unghi redus<\/li>\n<li style=\"text-align: left;\">\u00cen\u0103l\u021bimea de urcare p\u00e2n\u0103 la duz\u0103: 127 mm (5&#8243;)<\/li>\n<li style=\"text-align: left;\">Intrare: 20 mm (\u00be&#8221;)<\/li>\n<li style=\"text-align: left;\">Echipament standard cu duza nr. 3.0<\/li>\n<\/ul>\n<h2 style=\"text-align: left;\">Lista modelelor<\/h2>\n<ul>\n<li style=\"text-align: left;\">T5P-RS: Aspersor pop-up de 127 mm f\u0103r\u0103 supap\u0103 de \u00eenchidere<\/li>\n<li style=\"text-align: left;\">T5PCK-RS: aspersor pop-up de 127 mm cu clapet\u0103 antiretur<\/li>\n<li style=\"text-align: left;\">T5PCKSS-RS: Aspersor pop-up de 127 mm cu supap\u0103 antiretur, o\u021bel inoxidabil<\/li>\n<li style=\"text-align: left;\">T5S-RS: De sine st\u0103t\u0103tor<\/li>\n<li style=\"text-align: left;\">T5HP-RS: 305 mm highpop (\u00een\u0103l\u021b\u0103tor \u00eenalt)<\/li>\n<\/ul>\n<h2>Accesorii op\u021bionale<\/h2>\n<p>V\u0103 rug\u0103m s\u0103 \u00eentreba\u021bi <a href=\"https:\/\/www.prochaska.eu\/Team-Beregnung\/\">echipa<\/a> noastr\u0103 de <a href=\"https:\/\/www.prochaska.eu\/Team-Beregnung\/\">iriga\u021bii<\/a> despre acest lucru.<\/p>\n<ul>\n<li>1 set de duze (8 duze standard 25\u00b0 \u0219i 4 duze cu unghi redus 10\u00b0)<\/li>\n<li>1 bucat\u0103 supap\u0103 antiretur<\/li>\n<li>1 instrument de reglare<\/li>\n<\/ul>\n","protected":false},"excerpt":{"rendered":"<p>Aspersoarele cu angrenaj din seria Toro\u00ae T5 RAPIDSET\u00ae \u00eendeplinesc toate cerin\u021bele de baz\u0103 de irigare \u0219i surprind cu c\u00e2teva extra.<\/p>\n","protected":false},"featured_media":27091,"template":"","meta":[],"pwb-brand":[3073],"product_brand":[],"product_cat":[2522,2486],"product_tag":[],"class_list":{"0":"post-25593","1":"product","2":"type-product","3":"status-publish","4":"has-post-thumbnail","6":"pwb-brand-toro-ro","7":"product_cat-aspersor-cu-cutie-de-viteze","8":"product_cat-irigare-ro","10":"first","11":"instock","12":"taxable","13":"shipping-taxable","14":"product-type-variable","15":"has-default-attributes"},"yoast_head":"<!-- This site is optimized with the Yoast SEO plugin v27.4 - https:\/\/yoast.com\/product\/yoast-seo-wordpress\/ -->\n<title>Seria TORO T5 - Prochaska<\/title>\n<meta name=\"robots\" content=\"index, follow, max-snippet:-1, max-image-preview:large, max-video-preview:-1\" \/>\n<link rel=\"canonical\" href=\"https:\/\/prochaska.eu\/ro\/produs\/seria-toro-t5\/\" \/>\n<meta property=\"og:locale\" content=\"ro_RO\" \/>\n<meta property=\"og:type\" content=\"article\" \/>\n<meta property=\"og:title\" content=\"Seria TORO T5 - Prochaska\" \/>\n<meta property=\"og:description\" content=\"Aspersoarele cu angrenaj din seria Toro\u00ae T5 RAPIDSET\u00ae \u00eendeplinesc toate cerin\u021bele de baz\u0103 de irigare \u0219i surprind cu c\u00e2teva extra.\" \/>\n<meta property=\"og:url\" content=\"https:\/\/prochaska.eu\/ro\/produs\/seria-toro-t5\/\" \/>\n<meta property=\"og:site_name\" content=\"Prochaska\" \/>\n<meta property=\"article:publisher\" content=\"https:\/\/www.facebook.com\/prochaska.eu\/\" \/>\n<meta name=\"twitter:card\" content=\"summary_large_image\" \/>\n<meta name=\"twitter:label1\" content=\"Timp estimat pentru citire\" \/>\n\t<meta name=\"twitter:data1\" content=\"2 minute\" \/>\n<script type=\"application\/ld+json\" class=\"yoast-schema-graph\">{\"@context\":\"https:\\\/\\\/schema.org\",\"@graph\":[{\"@type\":\"WebPage\",\"@id\":\"https:\\\/\\\/prochaska.eu\\\/ro\\\/produs\\\/seria-toro-t5\\\/\",\"url\":\"https:\\\/\\\/prochaska.eu\\\/ro\\\/produs\\\/seria-toro-t5\\\/\",\"name\":\"Seria TORO T5 - Prochaska\",\"isPartOf\":{\"@id\":\"https:\\\/\\\/prochaska.eu\\\/ro\\\/#website\"},\"primaryImageOfPage\":{\"@id\":\"https:\\\/\\\/prochaska.eu\\\/ro\\\/produs\\\/seria-toro-t5\\\/#primaryimage\"},\"image\":{\"@id\":\"https:\\\/\\\/prochaska.eu\\\/ro\\\/produs\\\/seria-toro-t5\\\/#primaryimage\"},\"thumbnailUrl\":\"https:\\\/\\\/prochaska.eu\\\/wp-content\\\/uploads\\\/2017\\\/08\\\/T5-Beregner3-300x300-1.jpg\",\"datePublished\":\"2017-08-04T14:42:37+00:00\",\"breadcrumb\":{\"@id\":\"https:\\\/\\\/prochaska.eu\\\/ro\\\/produs\\\/seria-toro-t5\\\/#breadcrumb\"},\"inLanguage\":\"ro-RO\",\"potentialAction\":[{\"@type\":\"ReadAction\",\"target\":[\"https:\\\/\\\/prochaska.eu\\\/ro\\\/produs\\\/seria-toro-t5\\\/\"]}]},{\"@type\":\"ImageObject\",\"inLanguage\":\"ro-RO\",\"@id\":\"https:\\\/\\\/prochaska.eu\\\/ro\\\/produs\\\/seria-toro-t5\\\/#primaryimage\",\"url\":\"https:\\\/\\\/prochaska.eu\\\/wp-content\\\/uploads\\\/2017\\\/08\\\/T5-Beregner3-300x300-1.jpg\",\"contentUrl\":\"https:\\\/\\\/prochaska.eu\\\/wp-content\\\/uploads\\\/2017\\\/08\\\/T5-Beregner3-300x300-1.jpg\",\"width\":300,\"height\":300},{\"@type\":\"BreadcrumbList\",\"@id\":\"https:\\\/\\\/prochaska.eu\\\/ro\\\/produs\\\/seria-toro-t5\\\/#breadcrumb\",\"itemListElement\":[{\"@type\":\"ListItem\",\"position\":1,\"name\":\"Home\",\"item\":\"https:\\\/\\\/prochaska.eu\\\/ro\\\/\"},{\"@type\":\"ListItem\",\"position\":2,\"name\":\"Shop\",\"item\":\"https:\\\/\\\/prochaska.eu\\\/ro\\\/shop\\\/\"},{\"@type\":\"ListItem\",\"position\":3,\"name\":\"Seria TORO T5\"}]},{\"@type\":\"WebSite\",\"@id\":\"https:\\\/\\\/prochaska.eu\\\/ro\\\/#website\",\"url\":\"https:\\\/\\\/prochaska.eu\\\/ro\\\/\",\"name\":\"Prochaska\",\"description\":\"Spezialist f\u00fcr Pflege von Gr\u00fcnfl\u00e4chen\",\"publisher\":{\"@id\":\"https:\\\/\\\/prochaska.eu\\\/ro\\\/#organization\"},\"potentialAction\":[{\"@type\":\"SearchAction\",\"target\":{\"@type\":\"EntryPoint\",\"urlTemplate\":\"https:\\\/\\\/prochaska.eu\\\/ro\\\/?s={search_term_string}\"},\"query-input\":{\"@type\":\"PropertyValueSpecification\",\"valueRequired\":true,\"valueName\":\"search_term_string\"}}],\"inLanguage\":\"ro-RO\"},{\"@type\":\"Organization\",\"@id\":\"https:\\\/\\\/prochaska.eu\\\/ro\\\/#organization\",\"name\":\"Prochaska\",\"url\":\"https:\\\/\\\/prochaska.eu\\\/ro\\\/\",\"logo\":{\"@type\":\"ImageObject\",\"inLanguage\":\"ro-RO\",\"@id\":\"https:\\\/\\\/prochaska.eu\\\/ro\\\/#\\\/schema\\\/logo\\\/image\\\/\",\"url\":\"https:\\\/\\\/prochaska.eu\\\/wp-content\\\/uploads\\\/2024\\\/04\\\/Prochaska_Logo_Black-1.png\",\"contentUrl\":\"https:\\\/\\\/prochaska.eu\\\/wp-content\\\/uploads\\\/2024\\\/04\\\/Prochaska_Logo_Black-1.png\",\"width\":796,\"height\":236,\"caption\":\"Prochaska\"},\"image\":{\"@id\":\"https:\\\/\\\/prochaska.eu\\\/ro\\\/#\\\/schema\\\/logo\\\/image\\\/\"},\"sameAs\":[\"https:\\\/\\\/www.facebook.com\\\/prochaska.eu\\\/\",\"https:\\\/\\\/www.instagram.com\\\/prochaska.eu\\\/\",\"https:\\\/\\\/www.linkedin.com\\\/company\\\/prochaska-handels-gmbh\"]}]}<\/script>\n<!-- \/ Yoast SEO plugin. -->","yoast_head_json":{"title":"Seria TORO T5 - Prochaska","robots":{"index":"index","follow":"follow","max-snippet":"max-snippet:-1","max-image-preview":"max-image-preview:large","max-video-preview":"max-video-preview:-1"},"canonical":"https:\/\/prochaska.eu\/ro\/produs\/seria-toro-t5\/","og_locale":"ro_RO","og_type":"article","og_title":"Seria TORO T5 - Prochaska","og_description":"Aspersoarele cu angrenaj din seria Toro\u00ae T5 RAPIDSET\u00ae \u00eendeplinesc toate cerin\u021bele de baz\u0103 de irigare \u0219i surprind cu c\u00e2teva extra.","og_url":"https:\/\/prochaska.eu\/ro\/produs\/seria-toro-t5\/","og_site_name":"Prochaska","article_publisher":"https:\/\/www.facebook.com\/prochaska.eu\/","twitter_card":"summary_large_image","twitter_misc":{"Timp estimat pentru citire":"2 minute"},"schema":{"@context":"https:\/\/schema.org","@graph":[{"@type":"WebPage","@id":"https:\/\/prochaska.eu\/ro\/produs\/seria-toro-t5\/","url":"https:\/\/prochaska.eu\/ro\/produs\/seria-toro-t5\/","name":"Seria TORO T5 - Prochaska","isPartOf":{"@id":"https:\/\/prochaska.eu\/ro\/#website"},"primaryImageOfPage":{"@id":"https:\/\/prochaska.eu\/ro\/produs\/seria-toro-t5\/#primaryimage"},"image":{"@id":"https:\/\/prochaska.eu\/ro\/produs\/seria-toro-t5\/#primaryimage"},"thumbnailUrl":"https:\/\/prochaska.eu\/wp-content\/uploads\/2017\/08\/T5-Beregner3-300x300-1.jpg","datePublished":"2017-08-04T14:42:37+00:00","breadcrumb":{"@id":"https:\/\/prochaska.eu\/ro\/produs\/seria-toro-t5\/#breadcrumb"},"inLanguage":"ro-RO","potentialAction":[{"@type":"ReadAction","target":["https:\/\/prochaska.eu\/ro\/produs\/seria-toro-t5\/"]}]},{"@type":"ImageObject","inLanguage":"ro-RO","@id":"https:\/\/prochaska.eu\/ro\/produs\/seria-toro-t5\/#primaryimage","url":"https:\/\/prochaska.eu\/wp-content\/uploads\/2017\/08\/T5-Beregner3-300x300-1.jpg","contentUrl":"https:\/\/prochaska.eu\/wp-content\/uploads\/2017\/08\/T5-Beregner3-300x300-1.jpg","width":300,"height":300},{"@type":"BreadcrumbList","@id":"https:\/\/prochaska.eu\/ro\/produs\/seria-toro-t5\/#breadcrumb","itemListElement":[{"@type":"ListItem","position":1,"name":"Home","item":"https:\/\/prochaska.eu\/ro\/"},{"@type":"ListItem","position":2,"name":"Shop","item":"https:\/\/prochaska.eu\/ro\/shop\/"},{"@type":"ListItem","position":3,"name":"Seria TORO T5"}]},{"@type":"WebSite","@id":"https:\/\/prochaska.eu\/ro\/#website","url":"https:\/\/prochaska.eu\/ro\/","name":"Prochaska","description":"Spezialist f\u00fcr Pflege von Gr\u00fcnfl\u00e4chen","publisher":{"@id":"https:\/\/prochaska.eu\/ro\/#organization"},"potentialAction":[{"@type":"SearchAction","target":{"@type":"EntryPoint","urlTemplate":"https:\/\/prochaska.eu\/ro\/?s={search_term_string}"},"query-input":{"@type":"PropertyValueSpecification","valueRequired":true,"valueName":"search_term_string"}}],"inLanguage":"ro-RO"},{"@type":"Organization","@id":"https:\/\/prochaska.eu\/ro\/#organization","name":"Prochaska","url":"https:\/\/prochaska.eu\/ro\/","logo":{"@type":"ImageObject","inLanguage":"ro-RO","@id":"https:\/\/prochaska.eu\/ro\/#\/schema\/logo\/image\/","url":"https:\/\/prochaska.eu\/wp-content\/uploads\/2024\/04\/Prochaska_Logo_Black-1.png","contentUrl":"https:\/\/prochaska.eu\/wp-content\/uploads\/2024\/04\/Prochaska_Logo_Black-1.png","width":796,"height":236,"caption":"Prochaska"},"image":{"@id":"https:\/\/prochaska.eu\/ro\/#\/schema\/logo\/image\/"},"sameAs":["https:\/\/www.facebook.com\/prochaska.eu\/","https:\/\/www.instagram.com\/prochaska.eu\/","https:\/\/www.linkedin.com\/company\/prochaska-handels-gmbh"]}]}},"brands":[{"id":3073,"name":"Toro","slug":"toro-ro"}],"_links":{"self":[{"href":"https:\/\/prochaska.eu\/ro\/wp-json\/wp\/v2\/product\/25593","targetHints":{"allow":["GET"]}}],"collection":[{"href":"https:\/\/prochaska.eu\/ro\/wp-json\/wp\/v2\/product"}],"about":[{"href":"https:\/\/prochaska.eu\/ro\/wp-json\/wp\/v2\/types\/product"}],"version-history":[{"count":0,"href":"https:\/\/prochaska.eu\/ro\/wp-json\/wp\/v2\/product\/25593\/revisions"}],"wp:featuredmedia":[{"embeddable":true,"href":"https:\/\/prochaska.eu\/ro\/wp-json\/wp\/v2\/media\/27091"}],"wp:attachment":[{"href":"https:\/\/prochaska.eu\/ro\/wp-json\/wp\/v2\/media?parent=25593"}],"wp:term":[{"taxonomy":"pwb-brand","embeddable":true,"href":"https:\/\/prochaska.eu\/ro\/wp-json\/wp\/v2\/pwb-brand?post=25593"},{"taxonomy":"product_brand","embeddable":true,"href":"https:\/\/prochaska.eu\/ro\/wp-json\/wp\/v2\/product_brand?post=25593"},{"taxonomy":"product_cat","embeddable":true,"href":"https:\/\/prochaska.eu\/ro\/wp-json\/wp\/v2\/product_cat?post=25593"},{"taxonomy":"product_tag","embeddable":true,"href":"https:\/\/prochaska.eu\/ro\/wp-json\/wp\/v2\/product_tag?post=25593"}],"curies":[{"name":"wp","href":"https:\/\/api.w.org\/{rel}","templated":true}]}}