{"id":25600,"date":"2017-08-04T14:42:36","date_gmt":"2017-08-04T14:42:36","guid":{"rendered":"https:\/\/prochaska.eu\/product\/toro-unitate-de-control-evolution\/"},"modified":"2017-08-04T14:42:36","modified_gmt":"2017-08-04T14:42:36","slug":"toro-unitate-de-control-evolution","status":"publish","type":"product","link":"https:\/\/prochaska.eu\/ro\/produs\/toro-unitate-de-control-evolution\/","title":{"rendered":"Toro &#8211; Unitate de control &#8211; Evolution"},"content":{"rendered":"<p style=\"text-align: left;\">Regulatorul Toro Evolution este un regulator unic pentru sistemele de irigare reziden\u021biale \u0219i comerciale mici. Controlerul poate fi extins modular (de la 4 la 16 sta\u021bii) \u0219i dispune de un sistem de meniuri intuitiv cu capacit\u0103\u021bi de programare u\u0219oar\u0103. Unitatea de control poate fi conectat\u0103 la un receptor plug-in Smart Connect cu accesorii precum senzor de prim\u0103var\u0103 bazat pe ET, senzor de sol etc.<\/p>\n<h2 style=\"text-align: left;\">Avantajele produsului<\/h2>\n<p style=\"text-align: left;\">Interfa\u021b\u0103 de utilizator revolu\u021bionar\u0103: Interfa\u021ba cu utilizatorul a unit\u0103\u021bii de control Evolution a fost dezvoltat\u0103 pentru o utilizare u\u0219oar\u0103 de c\u0103tre client. Tastele de comand\u0103 rapid\u0103 ofer\u0103 acces rapid la func\u021biile standard, iar meniul avansat utilizeaz\u0103 experien\u021ba \u0219i cuno\u0219tin\u021bele unui specialist \u00een iriga\u021bii. Toate informa\u021biile sunt prezentate pe un afi\u0219aj grafic care este navigat \u00eentr-un mod similar cu multe dispozitive electronice moderne.<\/p>\n<p style=\"text-align: left;\">Actualizare u\u0219oar\u0103 la Smart Control integrat: Un SmartConnect op\u021bional este integrat \u00een elementul de control. Acest lucru permite comunicarea direct\u0103 f\u0103r\u0103 fir cu numeroase dispozitive suplimentare, inclusiv un senzor de arc, o telecomand\u0103 portabil\u0103 \u0219i un num\u0103r maxim de trei senzori de podea.<\/p>\n<p style=\"text-align: left;\">Programabil pe computer cu unitate USB: Cu software-ul u\u0219or de utilizat, programarea se face pe computer. Programarea este transferat\u0103 c\u0103tre alte unit\u0103\u021bi de control \u00een c\u00e2teva secunde utiliz\u00e2nd o unitate USB standard. Unitatea USB permite, de asemenea, \u00eenregistrarea ECU; un jurnal de func\u021bionare este stocat \u00een scopuri de diagnosticare.<\/p>\n<h2 style=\"text-align: left;\">Date tehnice<\/h2>\n<p style=\"text-align: left;\">286 mm l\u0103\u021bime x 197 mm \u00een\u0103l\u021bime x 114 mm ad\u00e2ncime<\/p>\n<p style=\"text-align: left;\">Greutate: 2 kg date electrice<\/p>\n<p style=\"text-align: left;\">Consum de energie:<\/p>\n<ul style=\"text-align: left;\">\n<li>220 V curent alternativ<\/li>\n<li>max. 30 watt + Aprobare CE<\/li>\n<\/ul>\n<p style=\"text-align: left;\">Puterea de ie\u0219ire a sta\u021biei:<\/p>\n<ul style=\"text-align: left;\">\n<li>24 V curent alternativ<\/li>\n<li>0,75 A pe sta\u021bie (maxim)<\/li>\n<li>0,75 A Pomp\u0103 \/ Supap\u0103 principal\u0103<\/li>\n<li>1,0 A Sarcina total\u0103<\/li>\n<\/ul>\n<p style=\"text-align: left;\">Protec\u021bie la supratensiune:<\/p>\n<ul style=\"text-align: left;\">\n<li style=\"text-align: left;\">6.0 KV mod neutru<\/li>\n<li style=\"text-align: left;\">1,0 KV mod normal<\/li>\n<\/ul>\n<h2 style=\"text-align: left;\">Date de exploatare<\/h2>\n<ul style=\"text-align: left;\">\n<li>4 p\u00e2n\u0103 la 16 sta\u021bii, modular<\/li>\n<li>Patru sta\u021bii integrate permanent \u00een unitatea de baz\u0103<\/li>\n<li>4 \u0219i 12 sta\u021bii interschimbabile f\u0103r\u0103 \u00eentreruperea func\u021bion\u0103rii<\/li>\n<li>Un proces de calcul \u00een modul standard<\/li>\n<li>P\u00e2n\u0103 la \u0219ase secven\u021be \u00een modul extins<\/li>\n<li>Trei secven\u021be de stropire cu patru momente de pornire pentru fiecare secven\u021b\u0103<\/li>\n<li>O scurgere suplimentar\u0103 fix\u0103<\/li>\n<li>Dou\u0103 secven\u021be virtuale suplimentare pentru control f\u0103r\u0103 fir<\/li>\n<li>Trei selec\u021bii de secven\u021be: calendar de 7 zile, interval de la 1 zi la 30 de zile cu un maxim de \u0219apte zile de excludere, zile pare, impare cu un maxim de \u0219apte zile de excludere<\/li>\n<li>Durata de func\u021bionare a sta\u021biei de la 1 minut la 12 ore<\/li>\n<li>Ciclu \u0219i stropire pe sta\u021bie<\/li>\n<li>Func\u021bionarea simultan\u0103 a maximum trei zone<\/li>\n<li>Ajustare sezonier\u0103 lunar\u0103 pe expirare<\/li>\n<li>Restric\u021bii de ap\u0103 programabile (f\u0103r\u0103 stropire)<\/li>\n<li>&gt;Diviziunea automat\u0103 a ciclului, dac\u0103 ajustarea sezonier\u0103 este de 100 %, secven\u021b\u0103 de aplicare reglabil\u0103 p\u00e2n\u0103 la 90 de zile<\/li>\n<li>\u00cent\u00e2rziere sta\u021bie de la 1 secund\u0103 p\u00e2n\u0103 la 60 de minute<\/li>\n<li>Pornire \u00eent\u00e2rziat\u0103 a pompei de la 1 secund\u0103 la 60 de secunde<\/li>\n<li>Activarea sau dezactivarea supapei principale pentru fiecare zon\u0103<\/li>\n<li>Oprirea apei controlat\u0103 \u00een timp de la 1 zi la 14 zile<\/li>\n<li>Selectarea rapid\u0103 a timpilor de func\u021bionare manual\u0103 (30, 60 sau 90 de secunde), compatibil cu senzorii de ploaie normal \u00eenchi\u0219i<\/li>\n<li>Func\u021bia de verificare arat\u0103 irigarea planificat\u0103<\/li>\n<li>Nume de zone \u0219i secven\u021be personalizabile<\/li>\n<li>Detectarea automat\u0103 a scurtcircuitului pentru protec\u021bia circuitului<\/li>\n<li>Diagnosticare avansat\u0103 \u0219i avertismente, inclusiv consumul curent de energie<\/li>\n<li>Dou\u0103 bobine de curent pe sta\u021bie<\/li>\n<li>Memoria permanent\u0103 nu necesit\u0103 baterii \u0219i stocheaz\u0103 programarea pentru o perioad\u0103 maxim\u0103 de cinci ani<\/li>\n<li>LED-ul de stare indic\u0103 rapid avertismentele<\/li>\n<li>Mecanism temporizator cu baterie de 9 vol\u021bi pentru programare u\u0219oar\u0103<\/li>\n<li>Smart Connect\u00ae actualizeaz\u0103 unitatea de control pentru telecomand\u0103 wireless inteligent\u0103 sau portabil\u0103<\/li>\n<li>Operatorii programeaz\u0103 software-ul Evolution pe un computer \u0219i transfer\u0103 programarea prin intermediul unei unit\u0103\u021bi USB<\/li>\n<li>Carcasa exterioar\u0103 blocabil\u0103 este fabricat\u0103 din plastic durabil, rezistent la UV<\/li>\n<li>Modelele interne au un transformator intern cu fi\u0219\u0103 de alimentare<\/li>\n<\/ul>\n<h2 style=\"text-align: left;\">Seria Toro Evolution<\/h2>\n<ul style=\"text-align: left;\">\n<li>EVO-4ID-EU: unitate de control interior cu 4 sta\u021bii, 220 Volt, Europa<\/li>\n<li>EVO-4OD-EU: unitate de control exterior cu 4 sta\u021bii, 220 Volt, Europa<\/li>\n<\/ul>\n<h2 style=\"text-align: left;\">Accesorii op\u021bionale<\/h2>\n<ul>\n<li style=\"text-align: left;\">EMOD-4: modul de expansiune cu 4 sta\u021bii<\/li>\n<li style=\"text-align: left;\">EMOD-12: modul de expansiune cu 12 sta\u021bii<\/li>\n<li style=\"text-align: left;\">EVO-SC-EU: Conectare inteligent\u0103<\/li>\n<li style=\"text-align: left;\">PSS-KIT-EU: Sonda senzorului de sol Precision TM<\/li>\n<li style=\"text-align: left;\">EVO-WS-EU: Senzor ET\/Spring<\/li>\n<li style=\"text-align: left;\">EVO-HH-EU: Telecomand\u0103 de \u00eentre\u021binere<\/li>\n<\/ul>\n","protected":false},"excerpt":{"rendered":"<p>Cu o interfa\u021b\u0103 utilizator intuitiv\u0103 \u0219i caracteristici exclusive, acest controler este ideal pentru aplica\u021bii reziden\u021biale \u0219i comerciale u\u0219oare.<\/p>\n","protected":false},"featured_media":0,"template":"","meta":[],"pwb-brand":[3073],"product_brand":[],"product_cat":[1535],"product_tag":[],"class_list":{"0":"post-25600","1":"product","2":"type-product","3":"status-publish","5":"pwb-brand-toro-ro","6":"product_cat-pregatirea-solului-ro","8":"first","9":"outofstock","10":"taxable","11":"shipping-taxable","12":"purchasable","13":"product-type-variable"},"yoast_head":"<!-- This site is optimized with the Yoast SEO plugin v27.5 - https:\/\/yoast.com\/product\/yoast-seo-wordpress\/ -->\n<title>Toro - Unitate de control - Evolution - Prochaska<\/title>\n<meta name=\"robots\" content=\"index, follow, max-snippet:-1, max-image-preview:large, max-video-preview:-1\" \/>\n<link rel=\"canonical\" href=\"https:\/\/prochaska.eu\/ro\/produs\/toro-unitate-de-control-evolution\/\" \/>\n<meta property=\"og:locale\" content=\"ro_RO\" \/>\n<meta property=\"og:type\" content=\"article\" \/>\n<meta property=\"og:title\" content=\"Toro - Unitate de control - Evolution - Prochaska\" \/>\n<meta property=\"og:description\" content=\"Cu o interfa\u021b\u0103 utilizator intuitiv\u0103 \u0219i caracteristici exclusive, acest controler este ideal pentru aplica\u021bii reziden\u021biale \u0219i comerciale u\u0219oare.\" \/>\n<meta property=\"og:url\" content=\"https:\/\/prochaska.eu\/ro\/produs\/toro-unitate-de-control-evolution\/\" \/>\n<meta property=\"og:site_name\" content=\"Prochaska\" \/>\n<meta property=\"article:publisher\" content=\"https:\/\/www.facebook.com\/prochaska.eu\/\" \/>\n<meta name=\"twitter:card\" content=\"summary_large_image\" \/>\n<meta name=\"twitter:label1\" content=\"Timp estimat pentru citire\" \/>\n\t<meta name=\"twitter:data1\" content=\"4 minute\" \/>\n<script type=\"application\/ld+json\" class=\"yoast-schema-graph\">{\"@context\":\"https:\\\/\\\/schema.org\",\"@graph\":[{\"@type\":\"WebPage\",\"@id\":\"https:\\\/\\\/prochaska.eu\\\/ro\\\/produs\\\/toro-unitate-de-control-evolution\\\/\",\"url\":\"https:\\\/\\\/prochaska.eu\\\/ro\\\/produs\\\/toro-unitate-de-control-evolution\\\/\",\"name\":\"Toro - Unitate de control - Evolution - Prochaska\",\"isPartOf\":{\"@id\":\"https:\\\/\\\/prochaska.eu\\\/ro\\\/#website\"},\"datePublished\":\"2017-08-04T14:42:36+00:00\",\"breadcrumb\":{\"@id\":\"https:\\\/\\\/prochaska.eu\\\/ro\\\/produs\\\/toro-unitate-de-control-evolution\\\/#breadcrumb\"},\"inLanguage\":\"ro-RO\",\"potentialAction\":[{\"@type\":\"ReadAction\",\"target\":[\"https:\\\/\\\/prochaska.eu\\\/ro\\\/produs\\\/toro-unitate-de-control-evolution\\\/\"]}]},{\"@type\":\"BreadcrumbList\",\"@id\":\"https:\\\/\\\/prochaska.eu\\\/ro\\\/produs\\\/toro-unitate-de-control-evolution\\\/#breadcrumb\",\"itemListElement\":[{\"@type\":\"ListItem\",\"position\":1,\"name\":\"Home\",\"item\":\"https:\\\/\\\/prochaska.eu\\\/ro\\\/\"},{\"@type\":\"ListItem\",\"position\":2,\"name\":\"Shop\",\"item\":\"https:\\\/\\\/prochaska.eu\\\/ro\\\/shop\\\/\"},{\"@type\":\"ListItem\",\"position\":3,\"name\":\"Toro &#8211; Unitate de control &#8211; Evolution\"}]},{\"@type\":\"WebSite\",\"@id\":\"https:\\\/\\\/prochaska.eu\\\/ro\\\/#website\",\"url\":\"https:\\\/\\\/prochaska.eu\\\/ro\\\/\",\"name\":\"Prochaska\",\"description\":\"Spezialist f\u00fcr Pflege von Gr\u00fcnfl\u00e4chen\",\"publisher\":{\"@id\":\"https:\\\/\\\/prochaska.eu\\\/ro\\\/#organization\"},\"potentialAction\":[{\"@type\":\"SearchAction\",\"target\":{\"@type\":\"EntryPoint\",\"urlTemplate\":\"https:\\\/\\\/prochaska.eu\\\/ro\\\/?s={search_term_string}\"},\"query-input\":{\"@type\":\"PropertyValueSpecification\",\"valueRequired\":true,\"valueName\":\"search_term_string\"}}],\"inLanguage\":\"ro-RO\"},{\"@type\":\"Organization\",\"@id\":\"https:\\\/\\\/prochaska.eu\\\/ro\\\/#organization\",\"name\":\"Prochaska\",\"url\":\"https:\\\/\\\/prochaska.eu\\\/ro\\\/\",\"logo\":{\"@type\":\"ImageObject\",\"inLanguage\":\"ro-RO\",\"@id\":\"https:\\\/\\\/prochaska.eu\\\/ro\\\/#\\\/schema\\\/logo\\\/image\\\/\",\"url\":\"https:\\\/\\\/prochaska.eu\\\/wp-content\\\/uploads\\\/2024\\\/04\\\/Prochaska_Logo_Black-1.png\",\"contentUrl\":\"https:\\\/\\\/prochaska.eu\\\/wp-content\\\/uploads\\\/2024\\\/04\\\/Prochaska_Logo_Black-1.png\",\"width\":796,\"height\":236,\"caption\":\"Prochaska\"},\"image\":{\"@id\":\"https:\\\/\\\/prochaska.eu\\\/ro\\\/#\\\/schema\\\/logo\\\/image\\\/\"},\"sameAs\":[\"https:\\\/\\\/www.facebook.com\\\/prochaska.eu\\\/\",\"https:\\\/\\\/www.instagram.com\\\/prochaska.eu\\\/\",\"https:\\\/\\\/www.linkedin.com\\\/company\\\/prochaska-handels-gmbh\"]}]}<\/script>\n<!-- \/ Yoast SEO plugin. -->","yoast_head_json":{"title":"Toro - Unitate de control - Evolution - Prochaska","robots":{"index":"index","follow":"follow","max-snippet":"max-snippet:-1","max-image-preview":"max-image-preview:large","max-video-preview":"max-video-preview:-1"},"canonical":"https:\/\/prochaska.eu\/ro\/produs\/toro-unitate-de-control-evolution\/","og_locale":"ro_RO","og_type":"article","og_title":"Toro - Unitate de control - Evolution - Prochaska","og_description":"Cu o interfa\u021b\u0103 utilizator intuitiv\u0103 \u0219i caracteristici exclusive, acest controler este ideal pentru aplica\u021bii reziden\u021biale \u0219i comerciale u\u0219oare.","og_url":"https:\/\/prochaska.eu\/ro\/produs\/toro-unitate-de-control-evolution\/","og_site_name":"Prochaska","article_publisher":"https:\/\/www.facebook.com\/prochaska.eu\/","twitter_card":"summary_large_image","twitter_misc":{"Timp estimat pentru citire":"4 minute"},"schema":{"@context":"https:\/\/schema.org","@graph":[{"@type":"WebPage","@id":"https:\/\/prochaska.eu\/ro\/produs\/toro-unitate-de-control-evolution\/","url":"https:\/\/prochaska.eu\/ro\/produs\/toro-unitate-de-control-evolution\/","name":"Toro - Unitate de control - Evolution - Prochaska","isPartOf":{"@id":"https:\/\/prochaska.eu\/ro\/#website"},"datePublished":"2017-08-04T14:42:36+00:00","breadcrumb":{"@id":"https:\/\/prochaska.eu\/ro\/produs\/toro-unitate-de-control-evolution\/#breadcrumb"},"inLanguage":"ro-RO","potentialAction":[{"@type":"ReadAction","target":["https:\/\/prochaska.eu\/ro\/produs\/toro-unitate-de-control-evolution\/"]}]},{"@type":"BreadcrumbList","@id":"https:\/\/prochaska.eu\/ro\/produs\/toro-unitate-de-control-evolution\/#breadcrumb","itemListElement":[{"@type":"ListItem","position":1,"name":"Home","item":"https:\/\/prochaska.eu\/ro\/"},{"@type":"ListItem","position":2,"name":"Shop","item":"https:\/\/prochaska.eu\/ro\/shop\/"},{"@type":"ListItem","position":3,"name":"Toro &#8211; Unitate de control &#8211; Evolution"}]},{"@type":"WebSite","@id":"https:\/\/prochaska.eu\/ro\/#website","url":"https:\/\/prochaska.eu\/ro\/","name":"Prochaska","description":"Spezialist f\u00fcr Pflege von Gr\u00fcnfl\u00e4chen","publisher":{"@id":"https:\/\/prochaska.eu\/ro\/#organization"},"potentialAction":[{"@type":"SearchAction","target":{"@type":"EntryPoint","urlTemplate":"https:\/\/prochaska.eu\/ro\/?s={search_term_string}"},"query-input":{"@type":"PropertyValueSpecification","valueRequired":true,"valueName":"search_term_string"}}],"inLanguage":"ro-RO"},{"@type":"Organization","@id":"https:\/\/prochaska.eu\/ro\/#organization","name":"Prochaska","url":"https:\/\/prochaska.eu\/ro\/","logo":{"@type":"ImageObject","inLanguage":"ro-RO","@id":"https:\/\/prochaska.eu\/ro\/#\/schema\/logo\/image\/","url":"https:\/\/prochaska.eu\/wp-content\/uploads\/2024\/04\/Prochaska_Logo_Black-1.png","contentUrl":"https:\/\/prochaska.eu\/wp-content\/uploads\/2024\/04\/Prochaska_Logo_Black-1.png","width":796,"height":236,"caption":"Prochaska"},"image":{"@id":"https:\/\/prochaska.eu\/ro\/#\/schema\/logo\/image\/"},"sameAs":["https:\/\/www.facebook.com\/prochaska.eu\/","https:\/\/www.instagram.com\/prochaska.eu\/","https:\/\/www.linkedin.com\/company\/prochaska-handels-gmbh"]}]}},"brands":[{"id":3073,"name":"Toro","slug":"toro-ro"}],"_links":{"self":[{"href":"https:\/\/prochaska.eu\/ro\/wp-json\/wp\/v2\/product\/25600","targetHints":{"allow":["GET"]}}],"collection":[{"href":"https:\/\/prochaska.eu\/ro\/wp-json\/wp\/v2\/product"}],"about":[{"href":"https:\/\/prochaska.eu\/ro\/wp-json\/wp\/v2\/types\/product"}],"version-history":[{"count":0,"href":"https:\/\/prochaska.eu\/ro\/wp-json\/wp\/v2\/product\/25600\/revisions"}],"wp:attachment":[{"href":"https:\/\/prochaska.eu\/ro\/wp-json\/wp\/v2\/media?parent=25600"}],"wp:term":[{"taxonomy":"pwb-brand","embeddable":true,"href":"https:\/\/prochaska.eu\/ro\/wp-json\/wp\/v2\/pwb-brand?post=25600"},{"taxonomy":"product_brand","embeddable":true,"href":"https:\/\/prochaska.eu\/ro\/wp-json\/wp\/v2\/product_brand?post=25600"},{"taxonomy":"product_cat","embeddable":true,"href":"https:\/\/prochaska.eu\/ro\/wp-json\/wp\/v2\/product_cat?post=25600"},{"taxonomy":"product_tag","embeddable":true,"href":"https:\/\/prochaska.eu\/ro\/wp-json\/wp\/v2\/product_tag?post=25600"}],"curies":[{"name":"wp","href":"https:\/\/api.w.org\/{rel}","templated":true}]}}