{"id":25604,"date":"2017-08-04T14:42:48","date_gmt":"2017-08-04T14:42:48","guid":{"rendered":"https:\/\/prochaska.eu\/product\/toro-groundsmaster-3280-d\/"},"modified":"2017-08-04T14:42:48","modified_gmt":"2017-08-04T14:42:48","slug":"toro-groundsmaster-3280-d","status":"publish","type":"product","link":"https:\/\/prochaska.eu\/ro\/produs\/toro-groundsmaster-3280-d\/","title":{"rendered":"Toro Groundsmaster 3280-D"},"content":{"rendered":"<p style=\"text-align: left;\">C\u00e2nd se termin\u0103 sezonul de cosit, munca cu Groundsmaster continu\u0103. Cu o simpl\u0103 schimbare de accesorii, pute\u021bi face orice, de la toaletare la cur\u0103\u021barea z\u0103pezii \u0219i suflarea frunzelor. Construite pentru performan\u021be robuste, aceste ma\u0219ini de lucru v\u0103 ajut\u0103 s\u0103 ob\u021bine\u021bi mai multe rezultate cu un singur utilaj \u0219i s\u0103 v\u0103 optimiza\u021bi investi\u021bia.<\/p>\n<h3 style=\"text-align: left;\"><strong>Performan\u021b\u0103 compact\u0103 \u00een orice anotimp!<\/strong><\/h3>\n<p style=\"text-align: left;\">Cu cositoarea rotativ\u0103 compact\u0103 Groundsmaster 3280-D, beneficia\u021bi de manevrabilitate, putere \u0219i performan\u021b\u0103. Ambreiajul bidirec\u021bional cu ro\u021bi libere recunoa\u0219te trac\u021biunea necesar\u0103 \u0219i cupleaz\u0103 trac\u021biunea integral\u0103 chiar \u0219i la mersul \u00eenapoi.<\/p>\n<p style=\"text-align: left;\">Alege\u021bi din selec\u021bia noastr\u0103 cuprinz\u0103toare de accesorii pentru utilizare \u00een fiecare sezon.<\/p>\n<h2 style=\"text-align: left;\"><strong>Date tehnice<\/strong><\/h2>\n<p style=\"text-align: left;\">Modele: 30344, 30345<\/p>\n<ul>\n<li style=\"text-align: left;\">L\u0103\u021bime de t\u0103iere: 152 cm\/157 cm<\/li>\n<li style=\"text-align: left;\">Trac\u021biune: dou\u0103 sau patru ro\u021bi motrice<\/li>\n<li style=\"text-align: left;\">Motor: Kubota 18,5 kW (24,8 CP)<\/li>\n<li style=\"text-align: left;\">Rezervor de combustibil: motorin\u0103, 45 litri<\/li>\n<li style=\"text-align: left;\">Viteza de cosire: p\u00e2n\u0103 la 20 km\/h<\/li>\n<li style=\"text-align: left;\">Capacitate de cosire: 2,2 &#8211; 2,6 &#8211; 3,6 hectare\/or\u0103<\/li>\n<\/ul>\n","protected":false},"excerpt":{"rendered":"<p>Cu cositoarea rotativ\u0103 compact\u0103 Groundsmaster 3280-D, beneficia\u021bi de manevrabilitate, putere \u0219i performan\u021b\u0103. Cu accesoriile potrivite, este potrivit pentru fiecare sezon!<\/p>\n","protected":false},"featured_media":21132,"template":"","meta":[],"pwb-brand":[3073],"product_brand":[],"product_cat":[1522,1521],"product_tag":[],"class_list":{"0":"post-25604","1":"product","2":"type-product","3":"status-publish","4":"has-post-thumbnail","6":"pwb-brand-toro-ro","7":"product_cat-cositoare","8":"product_cat-municipal-terenuri-de-sport-si-agricultura","10":"first","11":"instock","12":"taxable","13":"shipping-taxable","14":"product-type-simple"},"yoast_head":"<!-- This site is optimized with the Yoast SEO plugin v27.4 - https:\/\/yoast.com\/product\/yoast-seo-wordpress\/ -->\n<title>Toro Groundsmaster 3280-D - Prochaska<\/title>\n<meta name=\"robots\" content=\"index, follow, max-snippet:-1, max-image-preview:large, max-video-preview:-1\" \/>\n<link rel=\"canonical\" href=\"https:\/\/prochaska.eu\/ro\/produs\/toro-groundsmaster-3280-d\/\" \/>\n<meta property=\"og:locale\" content=\"ro_RO\" \/>\n<meta property=\"og:type\" content=\"article\" \/>\n<meta property=\"og:title\" content=\"Toro Groundsmaster 3280-D - Prochaska\" \/>\n<meta property=\"og:description\" content=\"Cu cositoarea rotativ\u0103 compact\u0103 Groundsmaster 3280-D, beneficia\u021bi de manevrabilitate, putere \u0219i performan\u021b\u0103. Cu accesoriile potrivite, este potrivit pentru fiecare sezon!\" \/>\n<meta property=\"og:url\" content=\"https:\/\/prochaska.eu\/ro\/produs\/toro-groundsmaster-3280-d\/\" \/>\n<meta property=\"og:site_name\" content=\"Prochaska\" \/>\n<meta property=\"article:publisher\" content=\"https:\/\/www.facebook.com\/prochaska.eu\/\" \/>\n<meta property=\"og:image\" content=\"https:\/\/prochaska.eu\/wp-content\/uploads\/2024\/06\/30344-30345_1.jpg\" \/>\n\t<meta property=\"og:image:width\" content=\"1440\" \/>\n\t<meta property=\"og:image:height\" content=\"1440\" \/>\n\t<meta property=\"og:image:type\" content=\"image\/jpeg\" \/>\n<meta name=\"twitter:card\" content=\"summary_large_image\" \/>\n<meta name=\"twitter:label1\" content=\"Timp estimat pentru citire\" \/>\n\t<meta name=\"twitter:data1\" content=\"1 minut\" \/>\n<script type=\"application\/ld+json\" class=\"yoast-schema-graph\">{\"@context\":\"https:\\\/\\\/schema.org\",\"@graph\":[{\"@type\":\"WebPage\",\"@id\":\"https:\\\/\\\/prochaska.eu\\\/ro\\\/produs\\\/toro-groundsmaster-3280-d\\\/\",\"url\":\"https:\\\/\\\/prochaska.eu\\\/ro\\\/produs\\\/toro-groundsmaster-3280-d\\\/\",\"name\":\"Toro Groundsmaster 3280-D - Prochaska\",\"isPartOf\":{\"@id\":\"https:\\\/\\\/prochaska.eu\\\/ro\\\/#website\"},\"primaryImageOfPage\":{\"@id\":\"https:\\\/\\\/prochaska.eu\\\/ro\\\/produs\\\/toro-groundsmaster-3280-d\\\/#primaryimage\"},\"image\":{\"@id\":\"https:\\\/\\\/prochaska.eu\\\/ro\\\/produs\\\/toro-groundsmaster-3280-d\\\/#primaryimage\"},\"thumbnailUrl\":\"https:\\\/\\\/prochaska.eu\\\/wp-content\\\/uploads\\\/2024\\\/06\\\/30344-30345_1.jpg\",\"datePublished\":\"2017-08-04T14:42:48+00:00\",\"breadcrumb\":{\"@id\":\"https:\\\/\\\/prochaska.eu\\\/ro\\\/produs\\\/toro-groundsmaster-3280-d\\\/#breadcrumb\"},\"inLanguage\":\"ro-RO\",\"potentialAction\":[{\"@type\":\"ReadAction\",\"target\":[\"https:\\\/\\\/prochaska.eu\\\/ro\\\/produs\\\/toro-groundsmaster-3280-d\\\/\"]}]},{\"@type\":\"ImageObject\",\"inLanguage\":\"ro-RO\",\"@id\":\"https:\\\/\\\/prochaska.eu\\\/ro\\\/produs\\\/toro-groundsmaster-3280-d\\\/#primaryimage\",\"url\":\"https:\\\/\\\/prochaska.eu\\\/wp-content\\\/uploads\\\/2024\\\/06\\\/30344-30345_1.jpg\",\"contentUrl\":\"https:\\\/\\\/prochaska.eu\\\/wp-content\\\/uploads\\\/2024\\\/06\\\/30344-30345_1.jpg\",\"width\":1440,\"height\":1440,\"caption\":\"toro groundsmaster\"},{\"@type\":\"BreadcrumbList\",\"@id\":\"https:\\\/\\\/prochaska.eu\\\/ro\\\/produs\\\/toro-groundsmaster-3280-d\\\/#breadcrumb\",\"itemListElement\":[{\"@type\":\"ListItem\",\"position\":1,\"name\":\"Home\",\"item\":\"https:\\\/\\\/prochaska.eu\\\/ro\\\/\"},{\"@type\":\"ListItem\",\"position\":2,\"name\":\"Shop\",\"item\":\"https:\\\/\\\/prochaska.eu\\\/ro\\\/shop\\\/\"},{\"@type\":\"ListItem\",\"position\":3,\"name\":\"Toro Groundsmaster 3280-D\"}]},{\"@type\":\"WebSite\",\"@id\":\"https:\\\/\\\/prochaska.eu\\\/ro\\\/#website\",\"url\":\"https:\\\/\\\/prochaska.eu\\\/ro\\\/\",\"name\":\"Prochaska\",\"description\":\"Spezialist f\u00fcr Pflege von Gr\u00fcnfl\u00e4chen\",\"publisher\":{\"@id\":\"https:\\\/\\\/prochaska.eu\\\/ro\\\/#organization\"},\"potentialAction\":[{\"@type\":\"SearchAction\",\"target\":{\"@type\":\"EntryPoint\",\"urlTemplate\":\"https:\\\/\\\/prochaska.eu\\\/ro\\\/?s={search_term_string}\"},\"query-input\":{\"@type\":\"PropertyValueSpecification\",\"valueRequired\":true,\"valueName\":\"search_term_string\"}}],\"inLanguage\":\"ro-RO\"},{\"@type\":\"Organization\",\"@id\":\"https:\\\/\\\/prochaska.eu\\\/ro\\\/#organization\",\"name\":\"Prochaska\",\"url\":\"https:\\\/\\\/prochaska.eu\\\/ro\\\/\",\"logo\":{\"@type\":\"ImageObject\",\"inLanguage\":\"ro-RO\",\"@id\":\"https:\\\/\\\/prochaska.eu\\\/ro\\\/#\\\/schema\\\/logo\\\/image\\\/\",\"url\":\"https:\\\/\\\/prochaska.eu\\\/wp-content\\\/uploads\\\/2024\\\/04\\\/Prochaska_Logo_Black-1.png\",\"contentUrl\":\"https:\\\/\\\/prochaska.eu\\\/wp-content\\\/uploads\\\/2024\\\/04\\\/Prochaska_Logo_Black-1.png\",\"width\":796,\"height\":236,\"caption\":\"Prochaska\"},\"image\":{\"@id\":\"https:\\\/\\\/prochaska.eu\\\/ro\\\/#\\\/schema\\\/logo\\\/image\\\/\"},\"sameAs\":[\"https:\\\/\\\/www.facebook.com\\\/prochaska.eu\\\/\",\"https:\\\/\\\/www.instagram.com\\\/prochaska.eu\\\/\",\"https:\\\/\\\/www.linkedin.com\\\/company\\\/prochaska-handels-gmbh\"]}]}<\/script>\n<!-- \/ Yoast SEO plugin. -->","yoast_head_json":{"title":"Toro Groundsmaster 3280-D - Prochaska","robots":{"index":"index","follow":"follow","max-snippet":"max-snippet:-1","max-image-preview":"max-image-preview:large","max-video-preview":"max-video-preview:-1"},"canonical":"https:\/\/prochaska.eu\/ro\/produs\/toro-groundsmaster-3280-d\/","og_locale":"ro_RO","og_type":"article","og_title":"Toro Groundsmaster 3280-D - Prochaska","og_description":"Cu cositoarea rotativ\u0103 compact\u0103 Groundsmaster 3280-D, beneficia\u021bi de manevrabilitate, putere \u0219i performan\u021b\u0103. Cu accesoriile potrivite, este potrivit pentru fiecare sezon!","og_url":"https:\/\/prochaska.eu\/ro\/produs\/toro-groundsmaster-3280-d\/","og_site_name":"Prochaska","article_publisher":"https:\/\/www.facebook.com\/prochaska.eu\/","og_image":[{"width":1440,"height":1440,"url":"https:\/\/prochaska.eu\/wp-content\/uploads\/2024\/06\/30344-30345_1.jpg","type":"image\/jpeg"}],"twitter_card":"summary_large_image","twitter_misc":{"Timp estimat pentru citire":"1 minut"},"schema":{"@context":"https:\/\/schema.org","@graph":[{"@type":"WebPage","@id":"https:\/\/prochaska.eu\/ro\/produs\/toro-groundsmaster-3280-d\/","url":"https:\/\/prochaska.eu\/ro\/produs\/toro-groundsmaster-3280-d\/","name":"Toro Groundsmaster 3280-D - Prochaska","isPartOf":{"@id":"https:\/\/prochaska.eu\/ro\/#website"},"primaryImageOfPage":{"@id":"https:\/\/prochaska.eu\/ro\/produs\/toro-groundsmaster-3280-d\/#primaryimage"},"image":{"@id":"https:\/\/prochaska.eu\/ro\/produs\/toro-groundsmaster-3280-d\/#primaryimage"},"thumbnailUrl":"https:\/\/prochaska.eu\/wp-content\/uploads\/2024\/06\/30344-30345_1.jpg","datePublished":"2017-08-04T14:42:48+00:00","breadcrumb":{"@id":"https:\/\/prochaska.eu\/ro\/produs\/toro-groundsmaster-3280-d\/#breadcrumb"},"inLanguage":"ro-RO","potentialAction":[{"@type":"ReadAction","target":["https:\/\/prochaska.eu\/ro\/produs\/toro-groundsmaster-3280-d\/"]}]},{"@type":"ImageObject","inLanguage":"ro-RO","@id":"https:\/\/prochaska.eu\/ro\/produs\/toro-groundsmaster-3280-d\/#primaryimage","url":"https:\/\/prochaska.eu\/wp-content\/uploads\/2024\/06\/30344-30345_1.jpg","contentUrl":"https:\/\/prochaska.eu\/wp-content\/uploads\/2024\/06\/30344-30345_1.jpg","width":1440,"height":1440,"caption":"toro groundsmaster"},{"@type":"BreadcrumbList","@id":"https:\/\/prochaska.eu\/ro\/produs\/toro-groundsmaster-3280-d\/#breadcrumb","itemListElement":[{"@type":"ListItem","position":1,"name":"Home","item":"https:\/\/prochaska.eu\/ro\/"},{"@type":"ListItem","position":2,"name":"Shop","item":"https:\/\/prochaska.eu\/ro\/shop\/"},{"@type":"ListItem","position":3,"name":"Toro Groundsmaster 3280-D"}]},{"@type":"WebSite","@id":"https:\/\/prochaska.eu\/ro\/#website","url":"https:\/\/prochaska.eu\/ro\/","name":"Prochaska","description":"Spezialist f\u00fcr Pflege von Gr\u00fcnfl\u00e4chen","publisher":{"@id":"https:\/\/prochaska.eu\/ro\/#organization"},"potentialAction":[{"@type":"SearchAction","target":{"@type":"EntryPoint","urlTemplate":"https:\/\/prochaska.eu\/ro\/?s={search_term_string}"},"query-input":{"@type":"PropertyValueSpecification","valueRequired":true,"valueName":"search_term_string"}}],"inLanguage":"ro-RO"},{"@type":"Organization","@id":"https:\/\/prochaska.eu\/ro\/#organization","name":"Prochaska","url":"https:\/\/prochaska.eu\/ro\/","logo":{"@type":"ImageObject","inLanguage":"ro-RO","@id":"https:\/\/prochaska.eu\/ro\/#\/schema\/logo\/image\/","url":"https:\/\/prochaska.eu\/wp-content\/uploads\/2024\/04\/Prochaska_Logo_Black-1.png","contentUrl":"https:\/\/prochaska.eu\/wp-content\/uploads\/2024\/04\/Prochaska_Logo_Black-1.png","width":796,"height":236,"caption":"Prochaska"},"image":{"@id":"https:\/\/prochaska.eu\/ro\/#\/schema\/logo\/image\/"},"sameAs":["https:\/\/www.facebook.com\/prochaska.eu\/","https:\/\/www.instagram.com\/prochaska.eu\/","https:\/\/www.linkedin.com\/company\/prochaska-handels-gmbh"]}]}},"brands":[{"id":3073,"name":"Toro","slug":"toro-ro"}],"_links":{"self":[{"href":"https:\/\/prochaska.eu\/ro\/wp-json\/wp\/v2\/product\/25604","targetHints":{"allow":["GET"]}}],"collection":[{"href":"https:\/\/prochaska.eu\/ro\/wp-json\/wp\/v2\/product"}],"about":[{"href":"https:\/\/prochaska.eu\/ro\/wp-json\/wp\/v2\/types\/product"}],"version-history":[{"count":0,"href":"https:\/\/prochaska.eu\/ro\/wp-json\/wp\/v2\/product\/25604\/revisions"}],"wp:featuredmedia":[{"embeddable":true,"href":"https:\/\/prochaska.eu\/ro\/wp-json\/wp\/v2\/media\/21132"}],"wp:attachment":[{"href":"https:\/\/prochaska.eu\/ro\/wp-json\/wp\/v2\/media?parent=25604"}],"wp:term":[{"taxonomy":"pwb-brand","embeddable":true,"href":"https:\/\/prochaska.eu\/ro\/wp-json\/wp\/v2\/pwb-brand?post=25604"},{"taxonomy":"product_brand","embeddable":true,"href":"https:\/\/prochaska.eu\/ro\/wp-json\/wp\/v2\/product_brand?post=25604"},{"taxonomy":"product_cat","embeddable":true,"href":"https:\/\/prochaska.eu\/ro\/wp-json\/wp\/v2\/product_cat?post=25604"},{"taxonomy":"product_tag","embeddable":true,"href":"https:\/\/prochaska.eu\/ro\/wp-json\/wp\/v2\/product_tag?post=25604"}],"curies":[{"name":"wp","href":"https:\/\/api.w.org\/{rel}","templated":true}]}}